
{"id":125525,"date":"2025-05-13T16:30:28","date_gmt":"2025-05-13T16:30:28","guid":{"rendered":"https:\/\/mypalmleaf.com\/questions-et-reponses-sur-les-lectures-de-la-feuille-de-palmier\/"},"modified":"2026-02-22T02:41:58","modified_gmt":"2026-02-22T02:41:58","slug":"questions-et-reponses-sur-les-lectures-de-la-feuille-de-palmier","status":"publish","type":"page","link":"https:\/\/mypalmleaf.com\/fr\/questions-et-reponses-sur-les-lectures-de-la-feuille-de-palmier\/","title":{"rendered":"Questions et r\u00e9ponses sur les lectures de la feuille de palmier"},"content":{"rendered":"\n<div class=\"container py-5 mt-4\">\n    <h1 class=\"fw-bold my-3\">Soir\u00e9e questions-r\u00e9ponses : Vos questions sur les feuilles de palmier<\/h1>\n    <p class=\"text-muted fs-5 mb-5\">Vous \u00eates curieux de d\u00e9couvrir le monde mystique des feuilles de palmier ? Vous voulez en savoir plus sur la signification des lectures de feuilles de palmier ? Alors je vous invite chaleureusement \u00e0 participer \u00e0 notre soir\u00e9e de questions-r\u00e9ponses !  <\/p>\n\n    <div class=\"row align-items-center mb-5 py-4\" style=\"border-bottom: 2px solid #a0a0a0; border-top: 2px solid #a0a0a0;\">\n      <div class=\"col-md-3 text-center\">\n        <img decoding=\"async\" src=\"\/wp-content\/uploads\/2024\/08\/team-thumb-1.jpg\" alt=\"Stephan\" class=\"img-fluid rounded shadow\"\/>\n      <\/div>\n      <div class=\"col-md-9\">\n        <h5 class=\"fw-bold\">A propos de l&rsquo;orateur : Stephan, fondateur de Mypalmleaf<\/h5>\n        <p>La soir\u00e9e de questions-r\u00e9ponses sera anim\u00e9e par Stephan, le fondateur de Mypalmleaf. Stephan est un expert exp\u00e9riment\u00e9 en lecture de feuilles de palmier et en astrologie Nadi. Apr\u00e8s avoir pass\u00e9 plusieurs ann\u00e9es en Inde et visit\u00e9 plus de 30 lecteurs de feuilles de palmier, il a d\u00e9velopp\u00e9 une profonde compr\u00e9hension de cette ancienne tradition.  <\/p>\n        <p>Stephan est passionn\u00e9 par l&rsquo;id\u00e9e de rendre accessible \u00e0 tous la connaissance des lectures de la feuille de palmier et leur signification spirituelle. Au cours de la soir\u00e9e de questions-r\u00e9ponses, il se fera un plaisir de r\u00e9pondre \u00e0 toutes les questions sur ce sujet fascinant et de partager ses pr\u00e9cieuses exp\u00e9riences. <\/p>\n      <\/div>\n    <\/div>\n\n<div class=\"mb-4\">\n      <h3 class=\"fw-bold\">Posez vos questions avant ou apr\u00e8s la lecture\n\n\n<\/h3>\n    <\/div>\n\n    <div class=\"mb-4\">\n      <p>Cette soir\u00e9e est l&rsquo;occasion pour vous de poser toutes les questions que vous avez sur les lectures de feuilles de palmier, que ce soit avant ou apr\u00e8s votre propre lecture. Tout le monde est le bienvenu pour d\u00e9couvrir comment cette sagesse ancienne peut vous aider \u00e0 mieux comprendre votre vie. <\/p>\n    <\/div>\n\n    <div class=\"mb-4\">\n      <h5 class=\"fw-bold\">O\u00f9 ?<\/h5>\n      <p>La soir\u00e9e de questions-r\u00e9ponses se d\u00e9roulera en ligne via Zoom.<\/p>\n    <\/div>\n\n    <div class=\"mb-4\">\n      <h5 class=\"fw-bold\">Quand ?<\/h5>\n      <p id=\"qa-event-date\">La prochaine s\u00e9ance de questions-r\u00e9ponses aura lieu le 4 mars de 19h00 \u00e0 19h30 (heure d&rsquo;Europe centrale).<\/p>\n    <\/div>\n\n    <div class=\"mb-4\">\n      <h5 class=\"fw-bold\">Comment cela fonctionne-t-il ?<\/h5>\n      <p><strong>Ouvert \u00e0 tous :<\/strong> vous pouvez aller et venir selon vos besoins. Rejoignez-nous quand cela vous convient ! <br\/>       <strong>Posez des questions :<\/strong> Pendant l&rsquo;\u00e9v\u00e9nement, vous aurez la possibilit\u00e9 de taper vos questions dans le chat ou de lever la main pour me parler en direct. <br\/>     <strong>Cam\u00e9ra :<\/strong> Il est pr\u00e9f\u00e9rable d&rsquo;allumer votre appareil photo pour cr\u00e9er une atmosph\u00e8re plus personnelle. Surtout si vous posez une question, veuillez allumer votre appareil photo.  <\/p>\n    <\/div>\n\n    <div class=\"mb-4\">\n      <h5 class=\"fw-bold\">Pourquoi devriez-vous participer ?<\/h5>\n      <ul>\n        <li><strong>En savoir plus :<\/strong> D\u00e9couvrez la signification des lectures de la feuille de palmier, l&rsquo;astrologie Nadi, et comment elles peuvent vous guider vers une orientation positive de votre vie.<\/li>\n        <li><strong>Posez vos questions :<\/strong> C&rsquo;est l&rsquo;occasion de me poser directement toutes les questions que vous avez sur les feuilles de palmier et sur l&rsquo;ensemble du processus !<\/li>\n        <li><strong>Communaut\u00e9 :<\/strong> Rencontrez d&rsquo;autres personnes int\u00e9ress\u00e9es par les lectures de feuilles de palmier et partagez vos r\u00e9flexions et vos exp\u00e9riences dans un environnement respectueux et ouvert.<\/li>\n      <\/ul>\n    <\/div>\n\n    <div class=\"mb-5\">\n      <h5 class=\"fw-bold\">Comment pouvez-vous participer ?<\/h5>\n      <p>Inscrivez-vous et recevez le lien Zoom pour l&rsquo;\u00e9v\u00e9nement.  <br\/>  Connectez-vous \u00e0 l&rsquo;heure pr\u00e9vue et soyez pr\u00eat \u00e0 poser des questions ou \u00e0 \u00e9couter.  <br\/>  N&rsquo;h\u00e9sitez pas \u00e0 vous joindre \u00e0 nous et \u00e0 nous quitter si vous le souhaitez.<\/p>\n      <p>Je me r\u00e9jouis de vous rencontrer lors de la soir\u00e9e de questions-r\u00e9ponses et de r\u00e9pondre \u00e0 toutes vos questions !<\/p>\n    <\/div>\n\n    <div class=\"text-center\">\n      <a href=\"https:\/\/calendly.com\/onlinemeditationroom\/palm-leaf-reading-q-a\" class=\"btn btn-primary btn-lg\">Je souhaite participer \u00e0 la soir\u00e9e Palm Leaf Q+A<\/a>\n    <\/div>\n  <\/div>\n\n<script>\ndocument.addEventListener(\"DOMContentLoaded\", function () {\n\n    const params = new URLSearchParams(window.location.search);\n    const eventDate = params.get(\"date\");\n\n    if (!eventDate) return;\n\n    const dateElement = document.getElementById(\"qa-event-date\");\n\n    dateElement.innerText =\n        `The next Q&A is on ${eventDate} 7:00\u20137:30 PM (Central European Time)`;\n\n});\n<\/script>\n","protected":false},"excerpt":{"rendered":"<p>Soir\u00e9e questions-r\u00e9ponses : Vos questions sur les feuilles de palmier Vous \u00eates curieux de d\u00e9couvrir le monde mystique des feuilles de palmier ? Vous voulez en savoir plus sur la signification des lectures de feuilles de palmier ? Alors je vous invite chaleureusement \u00e0 participer \u00e0 notre soir\u00e9e de questions-r\u00e9ponses ! A propos de l&rsquo;orateur [&hellip;]<\/p>\n","protected":false},"author":406,"featured_media":0,"parent":0,"menu_order":0,"comment_status":"closed","ping_status":"closed","template":"","meta":{"_acf_changed":false,"footnotes":""},"class_list":["post-125525","page","type-page","status-publish","hentry"],"acf":[],"yoast_head":"<!-- This site is optimized with the Yoast SEO plugin v26.4 - https:\/\/yoast.com\/wordpress\/plugins\/seo\/ -->\n<title>Questions et r\u00e9ponses sur les lectures de la feuille de palmier - My Palm Leaf<\/title>\n<meta name=\"robots\" content=\"index, follow, max-snippet:-1, max-image-preview:large, max-video-preview:-1\" \/>\n<link rel=\"canonical\" href=\"https:\/\/mypalmleaf.com\/fr\/questions-et-reponses-sur-les-lectures-de-la-feuille-de-palmier\/\" \/>\n<meta property=\"og:locale\" content=\"fr_FR\" \/>\n<meta property=\"og:type\" content=\"article\" \/>\n<meta property=\"og:title\" content=\"Questions et r\u00e9ponses sur les lectures de la feuille de palmier - My Palm Leaf\" \/>\n<meta property=\"og:description\" content=\"Soir\u00e9e questions-r\u00e9ponses : Vos questions sur les feuilles de palmier Vous \u00eates curieux de d\u00e9couvrir le monde mystique des feuilles de palmier ? Vous voulez en savoir plus sur la signification des lectures de feuilles de palmier ? Alors je vous invite chaleureusement \u00e0 participer \u00e0 notre soir\u00e9e de questions-r\u00e9ponses ! A propos de l&rsquo;orateur [&hellip;]\" \/>\n<meta property=\"og:url\" content=\"https:\/\/mypalmleaf.com\/fr\/questions-et-reponses-sur-les-lectures-de-la-feuille-de-palmier\/\" \/>\n<meta property=\"og:site_name\" content=\"My Palm Leaf\" \/>\n<meta property=\"article:modified_time\" content=\"2026-02-22T02:41:58+00:00\" \/>\n<meta property=\"og:image\" content=\"https:\/\/mypalmleaf.com\/wp-content\/uploads\/2025\/08\/mpl-circle-logo.jpg\" \/>\n\t<meta property=\"og:image:width\" content=\"1200\" \/>\n\t<meta property=\"og:image:height\" content=\"1196\" \/>\n\t<meta property=\"og:image:type\" content=\"image\/jpeg\" \/>\n<meta name=\"twitter:card\" content=\"summary_large_image\" \/>\n<meta name=\"twitter:label1\" content=\"Dur\u00e9e de lecture estim\u00e9e\" \/>\n\t<meta name=\"twitter:data1\" content=\"3 minutes\" \/>\n<script type=\"application\/ld+json\" class=\"yoast-schema-graph\">{\"@context\":\"https:\/\/schema.org\",\"@graph\":[{\"@type\":\"WebPage\",\"@id\":\"https:\/\/mypalmleaf.com\/fr\/questions-et-reponses-sur-les-lectures-de-la-feuille-de-palmier\/\",\"url\":\"https:\/\/mypalmleaf.com\/fr\/questions-et-reponses-sur-les-lectures-de-la-feuille-de-palmier\/\",\"name\":\"Questions et r\u00e9ponses sur les lectures de la feuille de palmier - My Palm Leaf\",\"isPartOf\":{\"@id\":\"https:\/\/mypalmleaf.com\/#website\"},\"datePublished\":\"2025-05-13T16:30:28+00:00\",\"dateModified\":\"2026-02-22T02:41:58+00:00\",\"breadcrumb\":{\"@id\":\"https:\/\/mypalmleaf.com\/fr\/questions-et-reponses-sur-les-lectures-de-la-feuille-de-palmier\/#breadcrumb\"},\"inLanguage\":\"fr-FR\",\"potentialAction\":[{\"@type\":\"ReadAction\",\"target\":[\"https:\/\/mypalmleaf.com\/fr\/questions-et-reponses-sur-les-lectures-de-la-feuille-de-palmier\/\"]}]},{\"@type\":\"BreadcrumbList\",\"@id\":\"https:\/\/mypalmleaf.com\/fr\/questions-et-reponses-sur-les-lectures-de-la-feuille-de-palmier\/#breadcrumb\",\"itemListElement\":[{\"@type\":\"ListItem\",\"position\":1,\"name\":\"Home\",\"item\":\"https:\/\/mypalmleaf.com\/fr\/\"},{\"@type\":\"ListItem\",\"position\":2,\"name\":\"Questions et r\u00e9ponses sur les lectures de la feuille de palmier\"}]},{\"@type\":\"WebSite\",\"@id\":\"https:\/\/mypalmleaf.com\/#website\",\"url\":\"https:\/\/mypalmleaf.com\/\",\"name\":\"My Palm Leaf\",\"description\":\"\",\"potentialAction\":[{\"@type\":\"SearchAction\",\"target\":{\"@type\":\"EntryPoint\",\"urlTemplate\":\"https:\/\/mypalmleaf.com\/?s={search_term_string}\"},\"query-input\":{\"@type\":\"PropertyValueSpecification\",\"valueRequired\":true,\"valueName\":\"search_term_string\"}}],\"inLanguage\":\"fr-FR\"}]}<\/script>\n<!-- \/ Yoast SEO plugin. -->","yoast_head_json":{"title":"Questions et r\u00e9ponses sur les lectures de la feuille de palmier - My Palm Leaf","robots":{"index":"index","follow":"follow","max-snippet":"max-snippet:-1","max-image-preview":"max-image-preview:large","max-video-preview":"max-video-preview:-1"},"canonical":"https:\/\/mypalmleaf.com\/fr\/questions-et-reponses-sur-les-lectures-de-la-feuille-de-palmier\/","og_locale":"fr_FR","og_type":"article","og_title":"Questions et r\u00e9ponses sur les lectures de la feuille de palmier - My Palm Leaf","og_description":"Soir\u00e9e questions-r\u00e9ponses : Vos questions sur les feuilles de palmier Vous \u00eates curieux de d\u00e9couvrir le monde mystique des feuilles de palmier ? Vous voulez en savoir plus sur la signification des lectures de feuilles de palmier ? Alors je vous invite chaleureusement \u00e0 participer \u00e0 notre soir\u00e9e de questions-r\u00e9ponses ! A propos de l&rsquo;orateur [&hellip;]","og_url":"https:\/\/mypalmleaf.com\/fr\/questions-et-reponses-sur-les-lectures-de-la-feuille-de-palmier\/","og_site_name":"My Palm Leaf","article_modified_time":"2026-02-22T02:41:58+00:00","og_image":[{"width":1200,"height":1196,"url":"https:\/\/mypalmleaf.com\/wp-content\/uploads\/2025\/08\/mpl-circle-logo.jpg","type":"image\/jpeg"}],"twitter_card":"summary_large_image","twitter_misc":{"Dur\u00e9e de lecture estim\u00e9e":"3 minutes"},"schema":{"@context":"https:\/\/schema.org","@graph":[{"@type":"WebPage","@id":"https:\/\/mypalmleaf.com\/fr\/questions-et-reponses-sur-les-lectures-de-la-feuille-de-palmier\/","url":"https:\/\/mypalmleaf.com\/fr\/questions-et-reponses-sur-les-lectures-de-la-feuille-de-palmier\/","name":"Questions et r\u00e9ponses sur les lectures de la feuille de palmier - My Palm Leaf","isPartOf":{"@id":"https:\/\/mypalmleaf.com\/#website"},"datePublished":"2025-05-13T16:30:28+00:00","dateModified":"2026-02-22T02:41:58+00:00","breadcrumb":{"@id":"https:\/\/mypalmleaf.com\/fr\/questions-et-reponses-sur-les-lectures-de-la-feuille-de-palmier\/#breadcrumb"},"inLanguage":"fr-FR","potentialAction":[{"@type":"ReadAction","target":["https:\/\/mypalmleaf.com\/fr\/questions-et-reponses-sur-les-lectures-de-la-feuille-de-palmier\/"]}]},{"@type":"BreadcrumbList","@id":"https:\/\/mypalmleaf.com\/fr\/questions-et-reponses-sur-les-lectures-de-la-feuille-de-palmier\/#breadcrumb","itemListElement":[{"@type":"ListItem","position":1,"name":"Home","item":"https:\/\/mypalmleaf.com\/fr\/"},{"@type":"ListItem","position":2,"name":"Questions et r\u00e9ponses sur les lectures de la feuille de palmier"}]},{"@type":"WebSite","@id":"https:\/\/mypalmleaf.com\/#website","url":"https:\/\/mypalmleaf.com\/","name":"My Palm Leaf","description":"","potentialAction":[{"@type":"SearchAction","target":{"@type":"EntryPoint","urlTemplate":"https:\/\/mypalmleaf.com\/?s={search_term_string}"},"query-input":{"@type":"PropertyValueSpecification","valueRequired":true,"valueName":"search_term_string"}}],"inLanguage":"fr-FR"}]}},"_links":{"self":[{"href":"https:\/\/mypalmleaf.com\/fr\/wp-json\/wp\/v2\/pages\/125525","targetHints":{"allow":["GET"]}}],"collection":[{"href":"https:\/\/mypalmleaf.com\/fr\/wp-json\/wp\/v2\/pages"}],"about":[{"href":"https:\/\/mypalmleaf.com\/fr\/wp-json\/wp\/v2\/types\/page"}],"author":[{"embeddable":true,"href":"https:\/\/mypalmleaf.com\/fr\/wp-json\/wp\/v2\/users\/406"}],"replies":[{"embeddable":true,"href":"https:\/\/mypalmleaf.com\/fr\/wp-json\/wp\/v2\/comments?post=125525"}],"version-history":[{"count":1,"href":"https:\/\/mypalmleaf.com\/fr\/wp-json\/wp\/v2\/pages\/125525\/revisions"}],"predecessor-version":[{"id":125527,"href":"https:\/\/mypalmleaf.com\/fr\/wp-json\/wp\/v2\/pages\/125525\/revisions\/125527"}],"wp:attachment":[{"href":"https:\/\/mypalmleaf.com\/fr\/wp-json\/wp\/v2\/media?parent=125525"}],"curies":[{"name":"wp","href":"https:\/\/api.w.org\/{rel}","templated":true}]}}