
{"id":20099,"date":"2024-08-28T03:20:58","date_gmt":"2024-08-28T03:20:58","guid":{"rendered":"https:\/\/mypalmleaf.com\/?page_id=20099"},"modified":"2025-03-31T08:27:30","modified_gmt":"2025-03-31T08:27:30","slug":"programme-d-affiliation","status":"publish","type":"page","link":"https:\/\/mypalmleaf.com\/fr\/programme-d-affiliation\/","title":{"rendered":"Programme d&rsquo;affiliation"},"content":{"rendered":"\n<section class=\"spotlight-main small top-gap\">\n    <!-- <div class=\"slider-wrap\" data-flickity='{ \"cellAlign\": \"left\", \"contain\": true, \"wrapAround\": true, \"setGallerySize\": false }'> -->\n    <div class=\"slider-wrap\" data-flickity='{ \"cellAlign\": \"left\", \"contain\": true, \"wrapAround\": true, \"setGallerySize\": false  }'>\n            <div class=\"slides\">\n        <div class=\"content-wrap\">\n          <div class=\"image\">\n            <picture>\n              <source media=\"(max-width: 999px)\" srcset=\"https:\/\/mypalmleaf.com\/wp-content\/uploads\/2024\/09\/affliate-program-spotlight-mob.jpg\" \/>\n              <source media=\"(min-width: 1000px)\" srcset=\"https:\/\/mypalmleaf.com\/wp-content\/uploads\/2024\/09\/affliate-program-spotlight.jpg\" \/>\n              <img decoding=\"async\" src=\"https:\/\/mypalmleaf.com\/wp-content\/uploads\/2024\/09\/affliate-program-spotlight.jpg\" class=\"img-fluid\" alt=\"\" \/>\n            <\/picture>\n          <\/div>\n          <div class=\"content\">\n            <div data-aos=\"fade-up\" data-aos-duration=\"1000\">\n              <h2 class=\"\">Le programme d&rsquo;affiliation Mypalmleaf<\/h2>\n                                 \n            <\/div>\n          <\/div>\n        <\/div>\n      <\/div>\n          <\/div>\n<\/section>\n\n<section class=\"partnerships-block my-6 position-relative\" data-aos=\"fade-up\" data-aos-duration=\"1000\">\n  <div class=\"container-xl\">\n    <div class=\"row mb-4 justify-content-center\">\n      <div class=\"col-lg-12 text-center\" data-aos=\"fade-up\" data-aos-duration=\"1000\">\n        <div class=\"row align-items-center justify-content-between\">\n                      <div class=\"col-lg-7 mt-4 mt-md-0 \">\n            <div class=\"partners-program-details\">\n              <h4>Partagez le mot en tant qu&rsquo;affili\u00e9<\/h4>\n              <p>Notre mission est de rendre les biblioth\u00e8ques indiennes de feuilles de palmier accessibles aux personnes du monde entier et de les connecter \u00e0 la sagesse des Rishis. <\/p>\n<p>Et nous vous invitons \u00e0 faire partie de cette mission en rejoignant le programme d&rsquo;affiliation Mypalmleaf.<\/p>\n                                <a href=\"\/fr\/affiliates-new\/\" class=\"btn btn-primary\">S&rsquo;inscrire\/se connecter au portail des affili\u00e9s<\/a>\n                          <\/div>\n          <\/div>\n                        <div class=\"col-lg-5\"><img decoding=\"async\" src=\"https:\/\/mypalmleaf.com\/wp-content\/uploads\/2024\/08\/mpl-partnership-logo-1.png\" alt=\"\" class=\"img-fluid\"><\/div>\n                  <\/div>\n      <\/div>\n    <\/div>\n  <\/div>\n      <div class=\"parallax-item-3 parallax-item\" data-speed=\".08\"><img decoding=\"async\" src=\"https:\/\/mypalmleaf.com\/wp-content\/uploads\/2024\/08\/parallax-item-3-4.png\" class=\"img-fluid\" alt=\"\"><\/div>\n  <\/section>\n\n<section class=\"photo-gallery my-5\">\n  <div class=\"container-xl\" data-aos=\"fade-up\" data-aos-duration=\"1000\">\n            <div class=\"row\">\n      <div class=\"col-lg-10 mx-auto\">\n        <div class=\"exibition\">\n          <ul>\n                                      <li data-aos=\"fade-up\" data-aos-duration=\"800\"><img decoding=\"async\" src=\"https:\/\/mypalmleaf.com\/wp-content\/uploads\/2024\/09\/affiliate-img-1-1.webp\" alt=\"\"><\/li>\n                                        <li data-aos=\"fade-up\" data-aos-duration=\"1000\"><img decoding=\"async\" src=\"https:\/\/mypalmleaf.com\/wp-content\/uploads\/2024\/09\/affiliate-img-2.jpg\" alt=\"\"><\/li>\n                                        <li data-aos=\"fade-up\" data-aos-duration=\"1200\"><img decoding=\"async\" src=\"https:\/\/mypalmleaf.com\/wp-content\/uploads\/2024\/09\/affiliate-img-3.jpg\" alt=\"\"><\/li>\n                                        <li data-aos=\"fade-up\" data-aos-duration=\"1400\"><img decoding=\"async\" src=\"https:\/\/mypalmleaf.com\/wp-content\/uploads\/2024\/09\/affiliate-img-4.jpg\" alt=\"\"><\/li>\n                                    <\/ul>\n        <\/div>\n      <\/div>\n    <\/div>\n          <\/div>\n<\/section>\n\n<section class=\"affiliate\">\n  <div class=\"container-xl\">\n    <div class=\"row\">\n      <div class=\"col-lg-12\">\n        <h3 class=\"mb-4\">Comment \u00e7a marche ?<\/h3>\n        <div class=\"affiliate-cont\">\n          <ul>\n                          <li>\n                <div class=\"title\">1. <a href=\"\/fr\/affiliates-new\/\" class=\"btn btn-primary\">Inscrivez-vous here<\/a>  ici \u00e0 notre programme d&rsquo;affiliation<\/div>\n                <div class=\"desc\"><\/div>\n              <\/li>\n                          <li>\n                <div class=\"title\">2. Obtenez votre lien personnel dans le tableau de bord d&rsquo;affiliation<\/div>\n                <div class=\"desc\"><p>Vous trouverez votre lien d&rsquo;affiliation dans votre tableau de bord d&rsquo;affiliation.<\/p>\n<\/div>\n              <\/li>\n                          <li>\n                <div class=\"title\">3. Comment changer la langue de votre lien ?<\/div>\n                <div class=\"desc\">\n<p>Par d\u00e9faut, votre lien pointe toujours vers notre page d&rsquo;accueil en anglais, par exemple <strong>  https:\/\/mypalmleaf.com\/?mpl=51 <\/strong><\/p>\n<p>Si vous souhaitez qu&rsquo;il bascule vers la page d&rsquo;accueil allemande (ou dans toute autre langue), <strong> vous pouvez simplement ajouter \/de\/ after.com pour qu&rsquo;il soit <\/strong>https:\/\/mypalmleaf.com\/de\/?mpl=51<\/p>\n<\/div>\n              <\/li>\n                          <li>\n                <div class=\"title\">4. Partagez le lien avec les autres <\/div>\n                <div class=\"desc\"><p>Vous pouvez ensuite partager le lien avec d&rsquo;autres. Lorsqu&rsquo;ils visitent le site une fois via votre lien d&rsquo;affiliation, un cookie sera plac\u00e9 dans leur navigateur. S&rsquo;ils reviennent sur le site quelques semaines plus tard, sans passer par votre lien, et effectuent ensuite une r\u00e9servation, cela sera toujours consid\u00e9r\u00e9 comme une r\u00e9f\u00e9rence pour vous.<\/p>\n<\/div>\n              <\/li>\n                          <li>\n                <div class=\"title\">5. Soyez r\u00e9compens\u00e9<\/div>\n                <div class=\"desc\"><p>Pour chaque r\u00e9servation r\u00e9f\u00e9r\u00e9e, nous vous r\u00e9compenserons de 30 \u20ac.<br \/>\n<br \/>\nIl sera vers\u00e9 mensuellement sur un compte bancaire ou Paypal de votre choix. <\/p>\n<\/div>\n              <\/li>\n                          <li>\n                <div class=\"title\">6. V\u00e9rifiez vos r\u00e9f\u00e9rences<\/div>\n                <div class=\"desc\"><p>Vous pouvez toujours voir le nombre de vos r\u00e9f\u00e9rences et de visites de sites Web dans votre tableau de bord d&rsquo;affiliation.<\/p>\n<\/div>\n              <\/li>\n                          <li>\n                <div class=\"title\"><\/div>\n                <div class=\"desc\"><p><a href=\"https:\/\/mypalmleaf.com\/prix\/find-your-palm-leaf-and-read-the-general-chapter\/\" class=\"btn btn-primary\">Trouver ma feuille<\/a><\/p>\n<\/div>\n              <\/li>\n                      <\/ul>\n          <div class=\"btm-contact\"><div class=\"btm-contact\">Si vous avez des questions sur le programme d&rsquo;affiliation, veuillez nous \u00e9crire \u00e0 <a href=\"mailto:support@mypalmleaf.com\">support@mypalmleaf.com<\/a><\/div>\n<\/div>\n        <\/div>\n      <\/div>\n    <\/div>\n  <\/div>\n<\/section>","protected":false},"excerpt":{"rendered":"","protected":false},"author":1,"featured_media":0,"parent":0,"menu_order":0,"comment_status":"closed","ping_status":"closed","template":"","meta":{"_acf_changed":false,"footnotes":""},"class_list":["post-20099","page","type-page","status-publish","hentry"],"acf":[],"yoast_head":"<!-- This site is optimized with the Yoast SEO plugin v26.4 - https:\/\/yoast.com\/wordpress\/plugins\/seo\/ -->\n<title>Rejoignez notre programme d&#039;affiliation | Gagnez des r\u00e9compenses<\/title>\n<meta name=\"description\" content=\"Devenez affili\u00e9 et gagnez 30 \u20ac par parrainage r\u00e9ussi. Partagez votre lien personnalis\u00e9 et offrez la sagesse des feuilles de palmier \u00e0 votre entourage.\" \/>\n<meta name=\"robots\" content=\"index, follow, max-snippet:-1, max-image-preview:large, max-video-preview:-1\" \/>\n<link rel=\"canonical\" href=\"https:\/\/mypalmleaf.com\/affiliates-program\/\" \/>\n<meta property=\"og:locale\" content=\"fr_FR\" \/>\n<meta property=\"og:type\" content=\"article\" \/>\n<meta property=\"og:title\" content=\"Rejoignez notre programme d&#039;affiliation | Gagnez des r\u00e9compenses\" \/>\n<meta property=\"og:description\" content=\"Devenez affili\u00e9 et gagnez 30 \u20ac par parrainage r\u00e9ussi. Partagez votre lien personnalis\u00e9 et offrez la sagesse des feuilles de palmier \u00e0 votre entourage.\" \/>\n<meta property=\"og:url\" content=\"https:\/\/mypalmleaf.com\/affiliates-program\/\" \/>\n<meta property=\"og:site_name\" content=\"My Palm Leaf\" \/>\n<meta property=\"article:modified_time\" content=\"2025-03-31T08:27:30+00:00\" \/>\n<meta property=\"og:image\" content=\"https:\/\/mypalmleaf.com\/wp-content\/uploads\/2025\/08\/mpl-circle-logo.jpg\" \/>\n\t<meta property=\"og:image:width\" content=\"1200\" \/>\n\t<meta property=\"og:image:height\" content=\"1196\" \/>\n\t<meta property=\"og:image:type\" content=\"image\/jpeg\" \/>\n<meta name=\"twitter:card\" content=\"summary_large_image\" \/>\n<script type=\"application\/ld+json\" class=\"yoast-schema-graph\">{\"@context\":\"https:\/\/schema.org\",\"@graph\":[{\"@type\":\"WebPage\",\"@id\":\"https:\/\/mypalmleaf.com\/affiliates-program\/\",\"url\":\"https:\/\/mypalmleaf.com\/affiliates-program\/\",\"name\":\"Rejoignez notre programme d'affiliation | Gagnez des r\u00e9compenses\",\"isPartOf\":{\"@id\":\"https:\/\/mypalmleaf.com\/#website\"},\"datePublished\":\"2024-08-28T03:20:58+00:00\",\"dateModified\":\"2025-03-31T08:27:30+00:00\",\"description\":\"Devenez affili\u00e9 et gagnez 30 \u20ac par parrainage r\u00e9ussi. Partagez votre lien personnalis\u00e9 et offrez la sagesse des feuilles de palmier \u00e0 votre entourage.\",\"breadcrumb\":{\"@id\":\"https:\/\/mypalmleaf.com\/affiliates-program\/#breadcrumb\"},\"inLanguage\":\"fr-FR\",\"potentialAction\":[{\"@type\":\"ReadAction\",\"target\":[\"https:\/\/mypalmleaf.com\/affiliates-program\/\"]}]},{\"@type\":\"BreadcrumbList\",\"@id\":\"https:\/\/mypalmleaf.com\/affiliates-program\/#breadcrumb\",\"itemListElement\":[{\"@type\":\"ListItem\",\"position\":1,\"name\":\"Home\",\"item\":\"https:\/\/mypalmleaf.com\/fr\/\"},{\"@type\":\"ListItem\",\"position\":2,\"name\":\"Programme d&#8217;affiliation\"}]},{\"@type\":\"WebSite\",\"@id\":\"https:\/\/mypalmleaf.com\/#website\",\"url\":\"https:\/\/mypalmleaf.com\/\",\"name\":\"My Palm Leaf\",\"description\":\"\",\"potentialAction\":[{\"@type\":\"SearchAction\",\"target\":{\"@type\":\"EntryPoint\",\"urlTemplate\":\"https:\/\/mypalmleaf.com\/?s={search_term_string}\"},\"query-input\":{\"@type\":\"PropertyValueSpecification\",\"valueRequired\":true,\"valueName\":\"search_term_string\"}}],\"inLanguage\":\"fr-FR\"}]}<\/script>\n<!-- \/ Yoast SEO plugin. -->","yoast_head_json":{"title":"Rejoignez notre programme d'affiliation | Gagnez des r\u00e9compenses","description":"Devenez affili\u00e9 et gagnez 30 \u20ac par parrainage r\u00e9ussi. Partagez votre lien personnalis\u00e9 et offrez la sagesse des feuilles de palmier \u00e0 votre entourage.","robots":{"index":"index","follow":"follow","max-snippet":"max-snippet:-1","max-image-preview":"max-image-preview:large","max-video-preview":"max-video-preview:-1"},"canonical":"https:\/\/mypalmleaf.com\/affiliates-program\/","og_locale":"fr_FR","og_type":"article","og_title":"Rejoignez notre programme d'affiliation | Gagnez des r\u00e9compenses","og_description":"Devenez affili\u00e9 et gagnez 30 \u20ac par parrainage r\u00e9ussi. Partagez votre lien personnalis\u00e9 et offrez la sagesse des feuilles de palmier \u00e0 votre entourage.","og_url":"https:\/\/mypalmleaf.com\/affiliates-program\/","og_site_name":"My Palm Leaf","article_modified_time":"2025-03-31T08:27:30+00:00","og_image":[{"width":1200,"height":1196,"url":"https:\/\/mypalmleaf.com\/wp-content\/uploads\/2025\/08\/mpl-circle-logo.jpg","type":"image\/jpeg"}],"twitter_card":"summary_large_image","schema":{"@context":"https:\/\/schema.org","@graph":[{"@type":"WebPage","@id":"https:\/\/mypalmleaf.com\/affiliates-program\/","url":"https:\/\/mypalmleaf.com\/affiliates-program\/","name":"Rejoignez notre programme d'affiliation | Gagnez des r\u00e9compenses","isPartOf":{"@id":"https:\/\/mypalmleaf.com\/#website"},"datePublished":"2024-08-28T03:20:58+00:00","dateModified":"2025-03-31T08:27:30+00:00","description":"Devenez affili\u00e9 et gagnez 30 \u20ac par parrainage r\u00e9ussi. Partagez votre lien personnalis\u00e9 et offrez la sagesse des feuilles de palmier \u00e0 votre entourage.","breadcrumb":{"@id":"https:\/\/mypalmleaf.com\/affiliates-program\/#breadcrumb"},"inLanguage":"fr-FR","potentialAction":[{"@type":"ReadAction","target":["https:\/\/mypalmleaf.com\/affiliates-program\/"]}]},{"@type":"BreadcrumbList","@id":"https:\/\/mypalmleaf.com\/affiliates-program\/#breadcrumb","itemListElement":[{"@type":"ListItem","position":1,"name":"Home","item":"https:\/\/mypalmleaf.com\/fr\/"},{"@type":"ListItem","position":2,"name":"Programme d&#8217;affiliation"}]},{"@type":"WebSite","@id":"https:\/\/mypalmleaf.com\/#website","url":"https:\/\/mypalmleaf.com\/","name":"My Palm Leaf","description":"","potentialAction":[{"@type":"SearchAction","target":{"@type":"EntryPoint","urlTemplate":"https:\/\/mypalmleaf.com\/?s={search_term_string}"},"query-input":{"@type":"PropertyValueSpecification","valueRequired":true,"valueName":"search_term_string"}}],"inLanguage":"fr-FR"}]}},"_links":{"self":[{"href":"https:\/\/mypalmleaf.com\/fr\/wp-json\/wp\/v2\/pages\/20099","targetHints":{"allow":["GET"]}}],"collection":[{"href":"https:\/\/mypalmleaf.com\/fr\/wp-json\/wp\/v2\/pages"}],"about":[{"href":"https:\/\/mypalmleaf.com\/fr\/wp-json\/wp\/v2\/types\/page"}],"author":[{"embeddable":true,"href":"https:\/\/mypalmleaf.com\/fr\/wp-json\/wp\/v2\/users\/1"}],"replies":[{"embeddable":true,"href":"https:\/\/mypalmleaf.com\/fr\/wp-json\/wp\/v2\/comments?post=20099"}],"version-history":[{"count":0,"href":"https:\/\/mypalmleaf.com\/fr\/wp-json\/wp\/v2\/pages\/20099\/revisions"}],"wp:attachment":[{"href":"https:\/\/mypalmleaf.com\/fr\/wp-json\/wp\/v2\/media?parent=20099"}],"curies":[{"name":"wp","href":"https:\/\/api.w.org\/{rel}","templated":true}]}}