
{"id":20103,"date":"2024-08-14T06:28:52","date_gmt":"2024-08-14T06:28:52","guid":{"rendered":"https:\/\/mypalmleaf.com\/?page_id=20103"},"modified":"2025-04-30T10:06:39","modified_gmt":"2025-04-30T10:06:39","slug":"blogs","status":"publish","type":"page","link":"https:\/\/mypalmleaf.com\/fr\/blogs\/","title":{"rendered":"Blogs"},"content":{"rendered":"<section class=\"spotlight-single top-gap\">\n  <div class=\"content-wrap\">\n    <div class=\"image\">\n      <picture>\n        <source media=\"(max-width: 999px)\" srcset=\"https:\/\/mypalmleaf.com\/wp-content\/uploads\/2024\/08\/blogs-spotlight-mob.jpg\" \/>\n        <source media=\"(min-width: 1000px)\" srcset=\"https:\/\/mypalmleaf.com\/wp-content\/uploads\/2024\/08\/blogs-spotlight.jpg\" \/>\n        <img decoding=\"async\" src=\"https:\/\/mypalmleaf.com\/wp-content\/uploads\/2024\/08\/blogs-spotlight.jpg\" class=\"img-fluid\" alt=\"\" \/>\n      <\/picture>\n    <\/div>\n    <div class=\"content\">\n      <div data-aos=\"fade-up\" data-aos-duration=\"1000\">\n        <h1>Blogs &#038; Articles<\/h1>\n              <\/div>\n    <\/div>\n  <\/div>\n<\/section>\n\n  <section class=\"blog-card-wrap my-4\" data-aos=\"fade-up\" data-aos-duration=\"1000\">\n    <div class=\"container-xl\">\n      <div class=\"row gx-md-5\">\n                  <div class=\"col-lg-6 my-4\">\n            <div class=\"wrap\">\n              <div class=\"image\">\n                <div class=\"rounded-asset\"><img decoding=\"async\" src=\"https:\/\/mypalmleaf.com\/wp-content\/uploads\/2025\/08\/fi65.png\" class=\"img-fluid\" alt=\"\"><\/div>\n              <\/div>\n              <div class=\"date\">septembre 25, 2025<\/div>\n              <div class=\"title\">Hanuman et Shani : Rem\u00e8des anciens \u00e0 base de feuilles de palmier pour surmonter les d\u00e9fis de Saturne et prot\u00e9ger votre vie<\/div>\n              <div class=\"desc\"><p>Dans l&rsquo;astrologie hindoue, peu d&rsquo;influences plan\u00e9taires sont aussi craintes et respect\u00e9es que Shani (Saturne). La crainte de Sade Sati (le transit de Saturne pendant sept ans et demi) ou Shani Dasha (la p\u00e9riode de Saturne) a conduit d&rsquo;innombrables d\u00e9vots \u00e0 rechercher une protection par le biais de rem\u00e8des spirituels. Remarquablement, le Seigneur Hanuman est l&rsquo;un [&hellip;]<\/p>\n<\/div>\n              <a href=\"https:\/\/mypalmleaf.com\/fr\/hanuman-et-shani-remedes-anciens-a-base-de-feuilles-de-palmier-pour-surmonter-les-defis-de-saturne-et-proteger-votre-vie\/\" class=\"stretched-link\"><\/a>\n            <\/div>\n          <\/div>\n                  <div class=\"col-lg-6 my-4\">\n            <div class=\"wrap\">\n              <div class=\"image\">\n                <div class=\"rounded-asset\"><img decoding=\"async\" src=\"https:\/\/mypalmleaf.com\/wp-content\/uploads\/2025\/08\/fi64.png\" class=\"img-fluid\" alt=\"\"><\/div>\n              <\/div>\n              <div class=\"date\">septembre 18, 2025<\/div>\n              <div class=\"title\">Mantras de Hanuman, rem\u00e8des \u00e0 base de feuilles de palmier et force divine : Pourquoi nous chantons le Seigneur Hanuman<\/div>\n              <div class=\"desc\"><p>Dans le vaste panth\u00e9on des divinit\u00e9s hindoues, le Seigneur Hanuman est un symbole de d\u00e9votion in\u00e9branlable, de force extraordinaire et de courage illimit\u00e9. Depuis des si\u00e8cles, les d\u00e9vots se tournent vers les mantras d&rsquo;Hanuman pour se prot\u00e9ger, surmonter les obstacles et cultiver leur force int\u00e9rieure. La pratique puissante des mantras d&rsquo;Hanuman n&rsquo;est pas seulement traditionnelle, [&hellip;]<\/p>\n<\/div>\n              <a href=\"https:\/\/mypalmleaf.com\/fr\/mantras-de-hanuman-remedes-a-base-de-feuilles-de-palmier-et-force-divine-pourquoi-nous-chantons-le-seigneur-hanuman\/\" class=\"stretched-link\"><\/a>\n            <\/div>\n          <\/div>\n                  <div class=\"col-lg-6 my-4\">\n            <div class=\"wrap\">\n              <div class=\"image\">\n                <div class=\"rounded-asset\"><img decoding=\"async\" src=\"https:\/\/mypalmleaf.com\/wp-content\/uploads\/2025\/08\/fi63.png\" class=\"img-fluid\" alt=\"\"><\/div>\n              <\/div>\n              <div class=\"date\">septembre 11, 2025<\/div>\n              <div class=\"title\">Exploiter les b\u00e9n\u00e9dictions de Ganesha : Mantras et rem\u00e8des \u00e0 base de feuilles de palmier pour \u00e9liminer les obstacles<\/div>\n              <div class=\"desc\"><p>Des obstacles vous freinent-ils dans la vie ? Depuis des si\u00e8cles, les fid\u00e8les se tournent vers le Seigneur Ganesha et les anciens rem\u00e8des \u00e0 base de feuilles de palmier pour d\u00e9gager la voie et d\u00e9bloquer le succ\u00e8s. La combinaison des puissants mantras de Ganesha et de la sagesse personnalis\u00e9e de la feuille de palmier cr\u00e9e [&hellip;]<\/p>\n<\/div>\n              <a href=\"https:\/\/mypalmleaf.com\/fr\/exploiter-les-benedictions-de-ganesha-mantras-et-remedes-a-base-de-feuilles-de-palmier-pour-eliminer-les-obstacles\/\" class=\"stretched-link\"><\/a>\n            <\/div>\n          <\/div>\n                  <div class=\"col-lg-6 my-4\">\n            <div class=\"wrap\">\n              <div class=\"image\">\n                <div class=\"rounded-asset\"><img decoding=\"async\" src=\"https:\/\/mypalmleaf.com\/wp-content\/uploads\/2025\/08\/fi61.png\" class=\"img-fluid\" alt=\"\"><\/div>\n              <\/div>\n              <div class=\"date\">ao\u00fbt 28, 2025<\/div>\n              <div class=\"title\">Le mantra sacr\u00e9 \u00ab\u00a0Om Namah Shivaya\u00a0\u00bb : la sagesse curative des manuscrits en feuilles de palmier<\/div>\n              <div class=\"desc\"><p>La douce lumi\u00e8re du matin filtrait \u00e0 travers les fen\u00eatres du temple tandis que Priya fermait les yeux, ses doigts bougeant en rythme sur les perles de son mala. \u00ab\u00a0Om Namah Shivaya\u00a0\u00bb, murmure-t-elle. Il y a six mois, une lecture de la feuille de palmier lui avait prescrit cette pratique quotidienne pour son anxi\u00e9t\u00e9 chronique. [&hellip;]<\/p>\n<\/div>\n              <a href=\"https:\/\/mypalmleaf.com\/fr\/le-mantra-sacre-om-namah-shivaya-la-sagesse-curative-des-manuscrits-en-feuilles-de-palmier\/\" class=\"stretched-link\"><\/a>\n            <\/div>\n          <\/div>\n                  <div class=\"col-lg-6 my-4\">\n            <div class=\"wrap\">\n              <div class=\"image\">\n                <div class=\"rounded-asset\"><img decoding=\"async\" src=\"https:\/\/mypalmleaf.com\/wp-content\/uploads\/2025\/08\/fi58.png\" class=\"img-fluid\" alt=\"\"><\/div>\n              <\/div>\n              <div class=\"date\">ao\u00fbt 21, 2025<\/div>\n              <div class=\"title\">Le pouvoir du Mantra Yantra Puja : Aligner les d\u00e9s\u00e9quilibres karmiques et transformer votre vie<\/div>\n              <div class=\"desc\"><p>Comprendre Mantra Yantra Puja et son r\u00f4le dans l&rsquo;alignement des d\u00e9s\u00e9quilibres karmiques Mantra Yantra Puja est une pratique v\u00e9dique transformatrice qui combine des mantras puissants et des yantras sacr\u00e9s pour aligner les d\u00e9s\u00e9quilibres karmiques, purifier les \u00e9nergies et apporter la paix et la prosp\u00e9rit\u00e9 dans votre vie. Ces rituels, lorsqu&rsquo;ils sont effectu\u00e9s par des pr\u00eatres [&hellip;]<\/p>\n<\/div>\n              <a href=\"https:\/\/mypalmleaf.com\/fr\/le-pouvoir-du-mantra-yantra-puja-aligner-les-desequilibres-karmiques-et-transformer-votre-vie\/\" class=\"stretched-link\"><\/a>\n            <\/div>\n          <\/div>\n                  <div class=\"col-lg-6 my-4\">\n            <div class=\"wrap\">\n              <div class=\"image\">\n                <div class=\"rounded-asset\"><img decoding=\"async\" src=\"https:\/\/mypalmleaf.com\/wp-content\/uploads\/2025\/03\/fi46.jpg\" class=\"img-fluid\" alt=\"\"><\/div>\n              <\/div>\n              <div class=\"date\">avril 2, 2025<\/div>\n              <div class=\"title\">Au-del\u00e0 du tapis : Le r\u00f4le du yoga dans la compr\u00e9hension du but de ta vie<\/div>\n              <div class=\"desc\"><p>Au-del\u00e0 du tapis : Le r\u00f4le du yoga dans la compr\u00e9hension du but de ta vieD\u00e9couvre l&rsquo;histoire du yoga, son influence grandissante en Occident et son lien avec les lectures de feuilles de palmier. Explore comment la sagesse ancienne rencontre les praticiens modernes. Le voyage du yoga de l&rsquo;Inde ancienne au monde occidental Le yoga [&hellip;]<\/p>\n<\/div>\n              <a href=\"https:\/\/mypalmleaf.com\/fr\/au-dela-du-tapis-le-role-du-yoga-dans-la-comprehension-du-but-de-ta-vie\/\" class=\"stretched-link\"><\/a>\n            <\/div>\n          <\/div>\n                  <div class=\"col-lg-6 my-4\">\n            <div class=\"wrap\">\n              <div class=\"image\">\n                <div class=\"rounded-asset\"><img decoding=\"async\" src=\"https:\/\/mypalmleaf.com\/wp-content\/uploads\/2025\/03\/fi.jpg\" class=\"img-fluid\" alt=\"\"><\/div>\n              <\/div>\n              <div class=\"date\">mars 4, 2025<\/div>\n              <div class=\"title\">Int\u00e9grer tes connaissances sur les feuilles de palmier dans la vie quotidienne<\/div>\n              <div class=\"desc\"><p>Int\u00e9grer tes connaissances sur les feuilles de palmier dans la vie quotidienne Dans un monde en constante \u00e9volution, nous sommes nombreux \u00e0 rechercher une sagesse intemporelle pour guider nos chemins, cultiver l&rsquo;\u00e9quilibre et approfondir notre compr\u00e9hension du but de la vie. Les lectures de feuilles de palmier &#8211; des textes anciens cens\u00e9s contenir des informations [&hellip;]<\/p>\n<\/div>\n              <a href=\"https:\/\/mypalmleaf.com\/fr\/integrer-tes-connaissances-sur-les-feuilles-de-palmier-dans-la-vie-quotidienne\/\" class=\"stretched-link\"><\/a>\n            <\/div>\n          <\/div>\n                  <div class=\"col-lg-6 my-4\">\n            <div class=\"wrap\">\n              <div class=\"image\">\n                <div class=\"rounded-asset\"><img decoding=\"async\" src=\"https:\/\/mypalmleaf.com\/wp-content\/uploads\/2025\/02\/fi.jpg\" class=\"img-fluid\" alt=\"\"><\/div>\n              <\/div>\n              <div class=\"date\">f\u00e9vrier 28, 2025<\/div>\n              <div class=\"title\">Les lectures de feuilles de palmier et la sant\u00e9 mentale : Faire le lien entre la sagesse ancienne et le bien-\u00eatre moderne<\/div>\n              <div class=\"desc\"><p>Les lectures de feuilles de palmier et la sant\u00e9 mentale : Faire le lien entre la sagesse ancienne et le bien-\u00eatre moderne Dans un monde o\u00f9 les probl\u00e8mes de sant\u00e9 mentale n&rsquo;ont jamais \u00e9t\u00e9 aussi nombreux, beaucoup se tournent vers des approches holistiques et spirituelles pour une gu\u00e9rison plus profonde. L&rsquo;une de ces pratiques anciennes [&hellip;]<\/p>\n<\/div>\n              <a href=\"https:\/\/mypalmleaf.com\/fr\/les-lectures-de-feuilles-de-palmier-et-la-sante-mentale-faire-le-lien-entre-la-sagesse-ancienne-et-le-bien-etre-moderne\/\" class=\"stretched-link\"><\/a>\n            <\/div>\n          <\/div>\n                  <div class=\"col-lg-6 my-4\">\n            <div class=\"wrap\">\n              <div class=\"image\">\n                <div class=\"rounded-asset\"><img decoding=\"async\" src=\"https:\/\/mypalmleaf.com\/wp-content\/uploads\/2025\/02\/bt.jpg\" class=\"img-fluid\" alt=\"\"><\/div>\n              <\/div>\n              <div class=\"date\">f\u00e9vrier 24, 2025<\/div>\n              <div class=\"title\">Comment d\u00e9couvrir votre v\u00e9ritable voie gr\u00e2ce au pouvoir de la lecture des feuilles de palmier<\/div>\n              <div class=\"desc\"><p>Comment d\u00e9couvrir votre v\u00e9ritable voie gr\u00e2ce au pouvoir de la lecture des feuilles de palmier Les lectures de feuilles de palmier offrent une sagesse ancienne pour le d\u00e9veloppement personnel et la transformation. D\u00e9couvrez comment elles peuvent vous aider \u00e0 trouver votre voie et \u00e0 guider votre parcours de vie. D\u00e9couvrir les conseils des Anciens pour [&hellip;]<\/p>\n<\/div>\n              <a href=\"https:\/\/mypalmleaf.com\/fr\/comment-decouvrir-votre-veritable-voie-grace-au-pouvoir-de-la-lecture-des-feuilles-de-palmier\/\" class=\"stretched-link\"><\/a>\n            <\/div>\n          <\/div>\n                  <div class=\"col-lg-6 my-4\">\n            <div class=\"wrap\">\n              <div class=\"image\">\n                <div class=\"rounded-asset\"><img decoding=\"async\" src=\"https:\/\/mypalmleaf.com\/wp-content\/uploads\/2025\/02\/Adobe-Express-file-7.jpg\" class=\"img-fluid\" alt=\"\"><\/div>\n              <\/div>\n              <div class=\"date\">f\u00e9vrier 17, 2025<\/div>\n              <div class=\"title\">Lecture de la feuille de palmier : D\u00e9bloquez votre destin et \u00e9liminez les blocages karmiques<\/div>\n              <div class=\"desc\"><p>Lecture de la feuille de palmier : D\u00e9bloquez votre destin et \u00e9liminez les blocages karmiques Depuis des si\u00e8cles, la lecture des feuilles de palmier est une m\u00e9thode sacr\u00e9e pour d\u00e9couvrir les aspects cach\u00e9s de la destin\u00e9e d&rsquo;une personne. Enracin\u00e9es dans la sagesse des anciens Rishis de l&rsquo;Inde, ces lectures servent de feuille de route spirituelle, [&hellip;]<\/p>\n<\/div>\n              <a href=\"https:\/\/mypalmleaf.com\/fr\/lecture-de-la-feuille-de-palmier-debloquez-votre-destin-et-eliminez-les-blocages-karmiques\/\" class=\"stretched-link\"><\/a>\n            <\/div>\n          <\/div>\n              <\/div>\n      <div class=\"row my-6\"><div class=\"col\"><nav aria-label=\"Page navigation\"><ul class=\"pagination justify-content-center\"><li class=\"page-item active\"><span aria-current=\"page\" class=\"page-link current\">1<\/span><\/li><li class=\"page-item\"><a class=\"page-link\" href=\"https:\/\/mypalmleaf.com\/fr\/wp-json\/wp\/v2\/pages\/20103\/page\/2\/\">2<\/a><\/li><li class=\"page-item\"><a class=\"page-link\" href=\"https:\/\/mypalmleaf.com\/fr\/wp-json\/wp\/v2\/pages\/20103\/page\/3\/\">3<\/a><\/li><li class=\"page-item\"><a class=\"page-link\" href=\"https:\/\/mypalmleaf.com\/fr\/wp-json\/wp\/v2\/pages\/20103\/page\/4\/\">4<\/a><\/li><li class=\"page-item\"><a class=\"next page-link\" href=\"https:\/\/mypalmleaf.com\/fr\/wp-json\/wp\/v2\/pages\/20103\/page\/2\/\">Suivant\u00a0\u00bb<\/a><\/li><\/ul><\/nav><\/div><\/div>    <\/div>\n  <\/section>\n\n\n\n<section class=\"find-your-palm-leaf-block\" data-aos=\"fade-up\" data-aos-duration=\"1000\">\n  <div class=\"container-fluid px-0\">\n    <div class=\"row g-0\">\n      <div class=\"col\">\n        <div class=\"find-your-leaf-bg\">\n          <picture>\n            <source media=\"(max-width: 999px)\" srcset=\"https:\/\/mypalmleaf.com\/wp-content\/uploads\/2024\/08\/Find-your-Palm-Leaf-mob.jpg\" \/>\n            <source media=\"(min-width: 1000px)\" srcset=\"https:\/\/mypalmleaf.com\/wp-content\/uploads\/2024\/08\/Find-your-Palm-Leaf.jpg\" \/>\n            <img decoding=\"async\" src=\"https:\/\/mypalmleaf.com\/wp-content\/uploads\/2024\/08\/Find-your-Palm-Leaf.jpg\" class=\"img-fluid\" alt=\"\" \/>\n          <\/picture>\n        <\/div>\n      <\/div>\n    <\/div>\n    <div class=\"content\">\n      <div class=\"container-xl\" data-aos=\"fade-up\" data-aos-duration=\"1000\">\n        <div class=\"row py-4\">\n          <div class=\"col-lg-8 mx-auto\">\n            <h2 class=\"mb-2\">Trouver votre feuille de palmier !<\/h2>\n            <ol>\n<li>Tout ce dont vous avez besoin pour commencer \u00e0 chercher votre feuille de palmier est votre empreinte digitale.<\/li>\n<li>Si vous avez besoin d\u2019une traduction dans une autre langue, nous pouvons le faire pour vous.<\/li>\n<li>Si nous ne parvenons pas \u00e0 retrouver votre feuille de palmier dans un d\u00e9lai de 3 dates appropri\u00e9es, nous vous rembourserons le montant total.<\/li>\n<\/ol>\n          <\/div>\n        <\/div>\n        <div class=\"row mt-4\">\n          <div class=\"col text-center\">\n            <a href=\"\/fr\/prices\/find-your-palm-leaf-and-read-the-general-chapter\/\" class=\"btn btn-primary\">Trouver ma feuille<\/a>\n          <\/div>\n        <\/div>\n      <\/div>\n    <\/div>\n  <\/div>\n<\/section>","protected":false},"excerpt":{"rendered":"","protected":false},"author":1,"featured_media":0,"parent":0,"menu_order":0,"comment_status":"closed","ping_status":"closed","template":"","meta":{"_acf_changed":false,"footnotes":""},"class_list":["post-20103","page","type-page","status-publish","hentry"],"acf":[],"yoast_head":"<!-- This site is optimized with the Yoast SEO plugin v26.4 - https:\/\/yoast.com\/wordpress\/plugins\/seo\/ -->\n<title>Blogs - My Palm Leaf<\/title>\n<meta name=\"description\" content=\"Plongez dans nos r\u00e9cits inspirants sur les lectures de feuilles de palmier, la croissance spirituelle et la transformation personnelle.\" \/>\n<meta name=\"robots\" content=\"index, follow, max-snippet:-1, max-image-preview:large, max-video-preview:-1\" \/>\n<link rel=\"canonical\" href=\"https:\/\/mypalmleaf.com\/fr\/blogs\/\" \/>\n<meta property=\"og:locale\" content=\"fr_FR\" \/>\n<meta property=\"og:type\" content=\"article\" \/>\n<meta property=\"og:title\" content=\"Blogs - My Palm Leaf\" \/>\n<meta property=\"og:description\" content=\"Plongez dans nos r\u00e9cits inspirants sur les lectures de feuilles de palmier, la croissance spirituelle et la transformation personnelle.\" \/>\n<meta property=\"og:url\" content=\"https:\/\/mypalmleaf.com\/fr\/blogs\/\" \/>\n<meta property=\"og:site_name\" content=\"My Palm Leaf\" \/>\n<meta property=\"article:modified_time\" content=\"2025-04-30T10:06:39+00:00\" \/>\n<meta property=\"og:image\" content=\"https:\/\/mypalmleaf.com\/wp-content\/uploads\/2025\/08\/mpl-circle-logo.jpg\" \/>\n\t<meta property=\"og:image:width\" content=\"1200\" \/>\n\t<meta property=\"og:image:height\" content=\"1196\" \/>\n\t<meta property=\"og:image:type\" content=\"image\/jpeg\" \/>\n<meta name=\"twitter:card\" content=\"summary_large_image\" \/>\n<script type=\"application\/ld+json\" class=\"yoast-schema-graph\">{\"@context\":\"https:\/\/schema.org\",\"@graph\":[{\"@type\":\"WebPage\",\"@id\":\"https:\/\/mypalmleaf.com\/fr\/blogs\/\",\"url\":\"https:\/\/mypalmleaf.com\/fr\/blogs\/\",\"name\":\"Blogs - My Palm Leaf\",\"isPartOf\":{\"@id\":\"https:\/\/mypalmleaf.com\/#website\"},\"datePublished\":\"2024-08-14T06:28:52+00:00\",\"dateModified\":\"2025-04-30T10:06:39+00:00\",\"description\":\"Plongez dans nos r\u00e9cits inspirants sur les lectures de feuilles de palmier, la croissance spirituelle et la transformation personnelle.\",\"breadcrumb\":{\"@id\":\"https:\/\/mypalmleaf.com\/fr\/blogs\/#breadcrumb\"},\"inLanguage\":\"fr-FR\",\"potentialAction\":[{\"@type\":\"ReadAction\",\"target\":[\"https:\/\/mypalmleaf.com\/fr\/blogs\/\"]}]},{\"@type\":\"BreadcrumbList\",\"@id\":\"https:\/\/mypalmleaf.com\/fr\/blogs\/#breadcrumb\",\"itemListElement\":[{\"@type\":\"ListItem\",\"position\":1,\"name\":\"Home\",\"item\":\"https:\/\/mypalmleaf.com\/fr\/\"},{\"@type\":\"ListItem\",\"position\":2,\"name\":\"Blogs\"}]},{\"@type\":\"WebSite\",\"@id\":\"https:\/\/mypalmleaf.com\/#website\",\"url\":\"https:\/\/mypalmleaf.com\/\",\"name\":\"My Palm Leaf\",\"description\":\"\",\"potentialAction\":[{\"@type\":\"SearchAction\",\"target\":{\"@type\":\"EntryPoint\",\"urlTemplate\":\"https:\/\/mypalmleaf.com\/?s={search_term_string}\"},\"query-input\":{\"@type\":\"PropertyValueSpecification\",\"valueRequired\":true,\"valueName\":\"search_term_string\"}}],\"inLanguage\":\"fr-FR\"}]}<\/script>\n<!-- \/ Yoast SEO plugin. -->","yoast_head_json":{"title":"Blogs - My Palm Leaf","description":"Plongez dans nos r\u00e9cits inspirants sur les lectures de feuilles de palmier, la croissance spirituelle et la transformation personnelle.","robots":{"index":"index","follow":"follow","max-snippet":"max-snippet:-1","max-image-preview":"max-image-preview:large","max-video-preview":"max-video-preview:-1"},"canonical":"https:\/\/mypalmleaf.com\/fr\/blogs\/","og_locale":"fr_FR","og_type":"article","og_title":"Blogs - My Palm Leaf","og_description":"Plongez dans nos r\u00e9cits inspirants sur les lectures de feuilles de palmier, la croissance spirituelle et la transformation personnelle.","og_url":"https:\/\/mypalmleaf.com\/fr\/blogs\/","og_site_name":"My Palm Leaf","article_modified_time":"2025-04-30T10:06:39+00:00","og_image":[{"width":1200,"height":1196,"url":"https:\/\/mypalmleaf.com\/wp-content\/uploads\/2025\/08\/mpl-circle-logo.jpg","type":"image\/jpeg"}],"twitter_card":"summary_large_image","schema":{"@context":"https:\/\/schema.org","@graph":[{"@type":"WebPage","@id":"https:\/\/mypalmleaf.com\/fr\/blogs\/","url":"https:\/\/mypalmleaf.com\/fr\/blogs\/","name":"Blogs - My Palm Leaf","isPartOf":{"@id":"https:\/\/mypalmleaf.com\/#website"},"datePublished":"2024-08-14T06:28:52+00:00","dateModified":"2025-04-30T10:06:39+00:00","description":"Plongez dans nos r\u00e9cits inspirants sur les lectures de feuilles de palmier, la croissance spirituelle et la transformation personnelle.","breadcrumb":{"@id":"https:\/\/mypalmleaf.com\/fr\/blogs\/#breadcrumb"},"inLanguage":"fr-FR","potentialAction":[{"@type":"ReadAction","target":["https:\/\/mypalmleaf.com\/fr\/blogs\/"]}]},{"@type":"BreadcrumbList","@id":"https:\/\/mypalmleaf.com\/fr\/blogs\/#breadcrumb","itemListElement":[{"@type":"ListItem","position":1,"name":"Home","item":"https:\/\/mypalmleaf.com\/fr\/"},{"@type":"ListItem","position":2,"name":"Blogs"}]},{"@type":"WebSite","@id":"https:\/\/mypalmleaf.com\/#website","url":"https:\/\/mypalmleaf.com\/","name":"My Palm Leaf","description":"","potentialAction":[{"@type":"SearchAction","target":{"@type":"EntryPoint","urlTemplate":"https:\/\/mypalmleaf.com\/?s={search_term_string}"},"query-input":{"@type":"PropertyValueSpecification","valueRequired":true,"valueName":"search_term_string"}}],"inLanguage":"fr-FR"}]}},"_links":{"self":[{"href":"https:\/\/mypalmleaf.com\/fr\/wp-json\/wp\/v2\/pages\/20103","targetHints":{"allow":["GET"]}}],"collection":[{"href":"https:\/\/mypalmleaf.com\/fr\/wp-json\/wp\/v2\/pages"}],"about":[{"href":"https:\/\/mypalmleaf.com\/fr\/wp-json\/wp\/v2\/types\/page"}],"author":[{"embeddable":true,"href":"https:\/\/mypalmleaf.com\/fr\/wp-json\/wp\/v2\/users\/1"}],"replies":[{"embeddable":true,"href":"https:\/\/mypalmleaf.com\/fr\/wp-json\/wp\/v2\/comments?post=20103"}],"version-history":[{"count":0,"href":"https:\/\/mypalmleaf.com\/fr\/wp-json\/wp\/v2\/pages\/20103\/revisions"}],"wp:attachment":[{"href":"https:\/\/mypalmleaf.com\/fr\/wp-json\/wp\/v2\/media?parent=20103"}],"curies":[{"name":"wp","href":"https:\/\/api.w.org\/{rel}","templated":true}]}}