{"id":20113,"date":"2024-08-14T07:24:30","date_gmt":"2024-08-14T07:24:30","guid":{"rendered":"https:\/\/mypalmleaf.com\/?page_id=20113"},"modified":"2025-04-30T10:07:58","modified_gmt":"2025-04-30T10:07:58","slug":"faqs","status":"publish","type":"page","link":"https:\/\/mypalmleaf.com\/fr\/faqs\/","title":{"rendered":"FAQ"},"content":{"rendered":"<section class=\"faq-top-section my-6 mb-4 mt-xs-4\">\n  <div class=\"container\">\n    <div class=\"row mb-4 justify-content-center\">\n      <div class=\"col-lg-10 text-center\" data-aos=\"fade-up\" data-aos-duration=\"1000\">\n        <h1 class=\"py-4\">Questions fr\u00e9quemment pos\u00e9es<\/h1>\n      <\/div>\n    <\/div>\n    <div class=\"row\">\n      <div class=\"col-lg-10 mx-auto\">\n        <div class=\"row justify-content-between align-items-center\">\n          <div class=\"col-lg-7\" data-aos=\"fade-up\" data-aos-duration=\"1000\">\n            <div class=\"rounded-asset\">\n              <img decoding=\"async\" src=\"https:\/\/mypalmleaf.com\/wp-content\/uploads\/2024\/08\/stefan.jpg\" class=\"img-fluid\" alt=\"\">\n              <div class=\"play-icon\"><\/div>\n              <a href=\"https:\/\/www.youtube.com\/watch?v=IPzOvDRb6pU\" class=\"stretched-link\" data-lity><\/a>\n            <\/div>\n          <\/div>\n          <div class=\"col-lg-5\" data-aos=\"fade-up\" data-aos-duration=\"1000\">\n            <h3>R\u00e9ponses aux 10 questions les plus fr\u00e9quentes sur les proph\u00e9ties de la feuille de palmier indienne.<\/h3>\n          <\/div>\n        <\/div>\n      <\/div>\n\n    <\/div>\n  <\/div>\n<\/section>\n\n<div class=\"acc-wrap-bind\">\n  <section class=\"acc-nav-block my-5 py-3\" data-aos=\"fade-up\" data-aos-duration=\"1000\">\n    <div class=\"container\">\n      <div class=\"row justify-content-center\">\n        <div class=\"col-lg-8 faqs-heading\">\n          <ul>\n                                      <li>\n                <a href=\"#general-questions\" class=\"active\">\n                  Questions g\u00e9n\u00e9rales<\/a>\n              <\/li>\n                                        <li>\n                <a href=\"#about-the-reading\" class=\"\">\n                  About the Readings<\/a>\n              <\/li>\n                                        <li>\n                <a href=\"#about-the-remedies\" class=\"\">\n                  A propos des rem\u00e8des:<\/a>\n              <\/li>\n                                    <\/ul>\n        <\/div>\n      <\/div>\n    <\/div>\n  <\/section>\n\n        <section class=\"accordion-container position-relative\" data-aos=\"fade-up\" data-aos-duration=\"1000\" id=\"general-questions\">\n      <div class=\"container-xl\">\n        <div class=\"row\">\n          <h3>Questions g\u00e9n\u00e9rales<\/h3>\n          <div class=\"accr-wrap\">\n                          <div class=\"head\">Existe-t-il une feuille de palmier pour tout le monde ?<\/div>\n              <div class=\"content\">\n                <p>Non, tout le monde n&rsquo;a pas une feuille de palmier \u00e9crite pour lui. Cependant, les personnes qui ressentent le besoin de chercher leur feuille en ont souvent une qui les attend.<\/p>\n              <\/div>\n                          <div class=\"head\">Qui a \u00e9crit les feuilles de palmier ?<\/div>\n              <div class=\"content\">\n                <p>Selon la l\u00e9gende, les feuilles de palmiers ont \u00e9t\u00e9 \u00e9crites il y a plusieurs milliers d\u2019ann\u00e9es par les \u00ab Rishis \u00bb, un groupe de sages bien plus d\u00e9velopp\u00e9s que les \u00eatres humains d\u2019aujourd\u2019hui. Leur conscience \u00e9tait beaucoup plus vaste et pouvait traiter beaucoup plus d\u2019informations. Ils avaient \u00e9galement une esp\u00e9rance de vie de plusieurs centaines \u00e0 plusieurs milliers d\u2019ann\u00e9es.<\/p>\n              <\/div>\n                          <div class=\"head\">O\u00f9 sont les feuilles de palmier<\/div>\n              <div class=\"content\">\n                <p>Les feuilles de palmier sont conserv\u00e9es dans les biblioth\u00e8ques de feuilles de palmier, situ\u00e9es principalement dans le sud de l&rsquo;Inde. Il existe \u00e9galement quelques petites biblioth\u00e8ques dans le nord de l&rsquo;Inde, au Sri Lanka et \u00e0 Bali.<\/p>\n              <\/div>\n                          <div class=\"head\">Combien y a-t-il de feuilles de palmier et de biblioth\u00e8ques de feuilles de palmier ?<\/div>\n              <div class=\"content\">\n                <p>Personne ne sait combien il existe de feuilles de palmier ou de biblioth\u00e8ques. Il n&rsquo;existe pas de syst\u00e8me centralis\u00e9.<\/p>\n              <\/div>\n                          <div class=\"head\">Qui sont les lecteurs de feuilles de palmier ?<\/div>\n              <div class=\"content\">\n                <p>Les lecteurs de feuilles de palmier avec lesquels nous travaillons sont form\u00e9s depuis de nombreuses g\u00e9n\u00e9rations. L&rsquo;art ancien de la lecture des feuilles de palmier se transmet de p\u00e8re en fils depuis de nombreuses g\u00e9n\u00e9rations. Ils sont situ\u00e9s au Tamil Nadu, dans le sud de l&rsquo;Inde.<\/p>\n              <\/div>\n                          <div class=\"head\">Comment les Rishis pourraient-ils conna\u00eetre et \u00e9crire sur la technologie moderne, les noms, etc. ?<\/div>\n              <div class=\"content\">\n                <p>Les feuilles de palmier ont \u00e9t\u00e9 \u00e9crites en tamoul ancien, une langue tr\u00e8s po\u00e9tique qui d\u00e9crit des situations et des objets.<\/p>\n<p>Il est du r\u00f4le important du traducteur de transformer ces longues phrases po\u00e9tiques en anglais moderne. Par exemple, la feuille de palmier pourrait dire: \u00ab Le chercheur invente de la musique et s&rsquo;en souvient dans des objets ronds \u00bb et le traducteur pourrait dire \u00ab Vous \u00eates musicien et avez enregistr\u00e9 des CD \u00bb<\/p>\n<p>Le tamoul est une langue bas\u00e9e sur les sons. Par cons\u00e9quent, d\u00e9chiffrer les noms occidentaux du XXIe si\u00e8cle est souvent un processus \u00e9labor\u00e9. Le lecteur lit les sons des symboles et, avec l&rsquo;aide du traducteur et du chercheur, il identifie le nom.<\/p>\n              <\/div>\n                          <div class=\"head\">Pourquoi existe-t-il diff\u00e9rents formats de lectures de feuilles de palmier ?<\/div>\n              <div class=\"content\">\n                <p>L&rsquo;histoire de Nadi est un m\u00e9lange de l\u00e9gende et de myst\u00e8re, qui fonctionne de mani\u00e8re miraculeuse. On dit que les Feuilles de palmier ont \u00e9t\u00e9 \u00e9crites par les Sapta Rishis, un groupe de 7 sages (sapta Rishis). Par cons\u00e9quent, il est possible qu&rsquo;un individu puisse avoir jusqu&rsquo;\u00e0 7 versions diff\u00e9rentes de sa biographie, une \u00e9crite par chacun des Rishis. L&rsquo;auteur principal des Feuilles de palmier est le Rishi \u00ab Agastya \u00bb, bien qu&rsquo;il existe \u00e9galement diff\u00e9rents formats de Nadi, du m\u00eame auteur. La biblioth\u00e8que propose principalement des lectures du Rishi \u00ab Agastya \u00bb, mais des feuilles d&rsquo;autres Rishis sont \u00e9galement disponibles sur demande.<\/p>\n              <\/div>\n                          <div class=\"head\">Serait-il pr\u00e9f\u00e9rable de venir en personne dans une biblioth\u00e8que en Inde ?<\/div>\n              <div class=\"content\">\n                <p>Les informations re\u00e7ues lors d\u2019une lecture de feuilles de palmier par Zoom sont transmises de la m\u00eame mani\u00e8re que vous les recevriez en personne, dans une authentique biblioth\u00e8que de feuilles de palmier en Inde. Cependant, bien s\u00fbr, tout le voyage en Inde, qui est un lieu si mystique, pour r\u00e9v\u00e9ler votre destin est \u00e9galement un beau p\u00e8lerinage. Si vous avez la possibilit\u00e9 de vous rendre en Inde pour visiter une biblioth\u00e8que, c\u2019est bien s\u00fbr l\u2019id\u00e9al, mais avoir la lecture en ligne, et au moment o\u00f9 vous en avez besoin, est plus b\u00e9n\u00e9fique que d\u2019attendre de nombreuses ann\u00e9es pour vous rendre en Inde. Lorsque vous suivez votre intuition, vous saurez quand c\u2019est le bon moment pour vous.<\/p>\n              <\/div>\n                          <div class=\"head\">Quel est le co\u00fbt et qu&rsquo;est-ce qui est inclus ?<\/div>\n              <div class=\"content\">\n                <p>Le co\u00fbt de la recherche et de l&rsquo;identification de votre feuille, de la lecture du chapitre g\u00e9n\u00e9ral et du chapitre 14 est de 289 euros. Cela comprend la recherche physique des lots susceptibles de contenir votre feuille dans les biblioth\u00e8ques en Inde et le processus de mise en correspondance avec le lecteur, le traducteur et le plus souvent aussi un mod\u00e9rateur. La recherche dans les biblioth\u00e8ques peut prendre plusieurs heures. La mise en correspondance peut prendre jusqu&rsquo;\u00e0 2 heures (dans la plupart des cas, environ 1 heure) et la lecture du chapitre g\u00e9n\u00e9ral et du chapitre 14 prend environ 2 heures.<\/p>\n<p>La traduction dans d&rsquo;autres langues est disponible et co\u00fbte 38 euros.<\/p>\n<p>Si vous souhaitez ensuite r\u00e9server des chapitres suppl\u00e9mentaires, le co\u00fbt par chapitre est de 49 \u00e0 79 euros. La lecture des chapitres prend environ 15 \u00e0 60 minutes.<\/p>\n<p>Si vous r\u00e9sidez dans un pays de l\u2019UE, la TVA sera ajout\u00e9e au prix. Vous pouvez voir le prix pour votre pays sur la page de r\u00e9servation.<\/p>\n              <\/div>\n                      <\/div>\n        <\/div>\n      <\/div>\n          <\/section>\n          <section class=\"accordion-container position-relative\" data-aos=\"fade-up\" data-aos-duration=\"1000\" id=\"about-the-reading\">\n      <div class=\"container-xl\">\n        <div class=\"row\">\n          <h3>About the Readings<\/h3>\n          <div class=\"accr-wrap\">\n                          <div class=\"head\">Combien de temps dure la lecture ?<\/div>\n              <div class=\"content\">\n                <p>En moyenne, le processus de recherche de correspondance et la lecture prennent environ 2,5 \u00e0 3 heures.\n<\/p>\n<p>Nous ne pouvons cependant pas dire \u00e0 l&rsquo;avance combien de temps cela prendra, car cela d\u00e9pend du moment o\u00f9 (ou si) votre feuille est trouv\u00e9e. Une fois votre feuille de palmier personnelle identifi\u00e9e, la lecture du chapitre g\u00e9n\u00e9ral et des chapitres 13 + 14 prendra environ 1 \u00e0 2 heures.<\/p>\n              <\/div>\n                          <div class=\"head\">Est-il possible que ma feuille ne soit pas trouv\u00e9e ?<\/div>\n              <div class=\"content\">\n                <p>Oui. Il peut arriver que votre feuille ne soit pas trouv\u00e9e. C&rsquo;est fr\u00e9quent et cela peut avoir diff\u00e9rentes raisons. Il est possible qu&rsquo;il n&rsquo;y ait pas de feuille pour vous ou il est \u00e9galement possible que ce ne soit pas encore le bon moment pour vous. Nous veillons \u00e0 rechercher minutieusement votre feuille, et si elle ne peut pas \u00eatre trouv\u00e9e, nous vous recommandons d&rsquo;attendre au moins 30 jours, puis de relancer la recherche.<\/p>\n              <\/div>\n                          <div class=\"head\">Comment dois-je me pr\u00e9parer \u00e0 une consultation ?<\/div>\n              <div class=\"content\">\n                <p>Assurez-vous d&rsquo;\u00eatre dans un endroit calme, tranquille et avec une bonne connexion Internet. Si possible, nous vous recommandons d&rsquo;\u00eatre repos\u00e9 et d&rsquo;aborder la lecture avec beaucoup de respect et d&rsquo;ouverture. Un sage compatissant a \u00e9crit votre pr\u00e9diction de vie il y a des milliers d&rsquo;ann\u00e9es, qui a \u00e9t\u00e9 pr\u00e9serv\u00e9e pendant de nombreuses g\u00e9n\u00e9rations pour vous \u00eatre lue aujourd&rsquo;hui. C&rsquo;est vraiment un \u00e9v\u00e9nement sp\u00e9cial et plus vous en \u00eates conscient, plus les effets peuvent \u00eatre profonds.<\/p>\n              <\/div>\n                          <div class=\"head\">Est-ce qu&rsquo;on me le dira quand je mourrai ?<\/div>\n              <div class=\"content\">\n                <p>Lorsque votre feuille de palmier est trouv\u00e9e, vous aurez d\u2019abord la lecture du chapitre g\u00e9n\u00e9ral qui ne contient ni la date ni la raison de votre d\u00e9c\u00e8s. Cependant, si vous souhaitez conna\u00eetre la date de votre d\u00e9c\u00e8s, vous pouvez r\u00e9server la lecture de votre chapitre 8 apr\u00e8s que votre feuille ait \u00e9t\u00e9 identifi\u00e9e. Le chapitre 8 contient la date et la raison de votre d\u00e9c\u00e8s et si vous souhaitez les conna\u00eetre, elles peuvent vous \u00eatre r\u00e9v\u00e9l\u00e9es.<\/p>\n              <\/div>\n                      <\/div>\n        <\/div>\n      <\/div>\n          <\/section>\n          <section class=\"accordion-container position-relative\" data-aos=\"fade-up\" data-aos-duration=\"1000\" id=\"about-the-remedies\">\n      <div class=\"container-xl\">\n        <div class=\"row\">\n          <h3>A propos des rem\u00e8des:<\/h3>\n          <div class=\"accr-wrap\">\n                          <div class=\"head\">Que sont les rem\u00e8des ?<\/div>\n              <div class=\"content\">\n                <p>Le but principal des feuilles de palmier est d&rsquo;offrir des conseils au chercheur, en lui donnant une perspective plus large sur sa vie et en lui offrant des outils pour am\u00e9liorer son chemin de vie, sous forme de rem\u00e8des. Les Rishis pouvaient voir quel type de karma un individu porterait, ce qui cr\u00e9erait probablement des obstacles dans sa vie. Ils ont \u00e9galement vu quel type d&rsquo;outils serait utile pour transformer ce karma ou prot\u00e9ger le chercheur de ses effets les plus n\u00e9fastes. La plupart des chapitres 13 et 14 parlent du vieux karma et proposent des solutions sous forme de rem\u00e8des. Ces rem\u00e8des peuvent \u00eatre des actions simples comme donner de l&rsquo;argent \u00e0 une certaine cause, nourrir un animal, donner des v\u00eatements \u00e0 une personne pauvre ou des p\u00e8lerinages vers des lieux sacr\u00e9s ou des pratiques ou rituels sp\u00e9cifiques.<\/p>\n              <\/div>\n                          <div class=\"head\">Qu&rsquo;est-ce que le Karma ?<\/div>\n              <div class=\"content\">\n                <p>Le mot \u00ab Karma \u00bb se traduit par \u00ab action \u00bb. Chaque action du corps, de la parole et de l\u2019esprit que nous avons jamais accomplie a un impact \u00e9nerg\u00e9tique dans l\u2019univers ainsi que dans notre propre champ \u00e9nerg\u00e9tique. Notre champ \u00e9nerg\u00e9tique consiste essentiellement en une combinaison tr\u00e8s complexe de toutes nos actions ant\u00e9rieures au cours d\u2019innombrables vies. Selon la fr\u00e9quence multidimensionnelle de notre champ \u00e9nerg\u00e9tique, nous attirons certaines exp\u00e9riences dans notre vie.<\/p>\n              <\/div>\n                          <div class=\"head\">Comment est-ce que les rem\u00e8des fonctionnent ?<\/div>\n              <div class=\"content\">\n                <p>Tout dans l\u2019univers est constitu\u00e9 d\u2019\u00e9nergie. Nous sommes un champ \u00e9nerg\u00e9tique complexe et en fonction de ses fr\u00e9quences, nous attirons certaines exp\u00e9riences. Les Rishis pouvaient voir et pr\u00e9dire lesquelles de nos actions pass\u00e9es cr\u00e9aient certaines fr\u00e9quences et quel r\u00e9sultat elles auraient probablement. Ils voyaient et pr\u00e9disaient \u00e9galement quel type d\u2019action ou de pratique spirituelle invoquerait l\u2019\u00e9nergie tr\u00e8s sp\u00e9cifique qui transformerait ou \u00e9quilibrerait cette fr\u00e9quence nocive. Par cons\u00e9quent, les rem\u00e8des sont des m\u00e9decines \u00e9nerg\u00e9tiques tr\u00e8s sp\u00e9cifiques pour transformer et \u00e9quilibrer notre Karma.<\/p>\n              <\/div>\n                          <div class=\"head\">Qu&rsquo;est-ce qu&rsquo;un mantra ?<\/div>\n              <div class=\"content\">\n                <p>Un mantra est une vibration sonore, en sanskrit, qui invoque et v\u00e9hicule une fr\u00e9quence et une \u00e9nergie sp\u00e9cifiques. En r\u00e9citant un mantra \u00e0 voix haute ou int\u00e9rieurement, nous pouvons invoquer diff\u00e9rentes fr\u00e9quences vibratoires sp\u00e9cifiques.<\/p>\n              <\/div>\n                          <div class=\"head\">Qu&rsquo;est-ce qu&rsquo;un yantra ?<\/div>\n              <div class=\"content\">\n                <p>De la m\u00eame mani\u00e8re qu&rsquo;un Mantra est une \u00e9nergie sous forme de son, un Yantra est une \u00e9nergie sous forme de structure g\u00e9om\u00e9trique. C&rsquo;est une fr\u00e9quence \u00e9nerg\u00e9tique rendue visible, qui peut \u00eatre en 2D ou en 3D.<\/p>\n              <\/div>\n                          <div class=\"head\">Qu&rsquo;est qu&rsquo;une  pooja ?<\/div>\n              <div class=\"content\">\n                <p>Une pooja est une c\u00e9r\u00e9monie qui est souvent organis\u00e9e pour une divinit\u00e9 hindoue sp\u00e9cifique. Les divinit\u00e9s sont en fait des personnifications d&rsquo;\u00e9nergies sp\u00e9cifiques. Lorsqu&rsquo;une pooja est organis\u00e9e pour un Dieu ou une D\u00e9esse sp\u00e9cifique, cette fr\u00e9quence sp\u00e9cifique est invoqu\u00e9e dans la vie de la personne pour laquelle la pooja est organis\u00e9e.<\/p>\n              <\/div>\n                          <div class=\"head\">Qu&rsquo;est-ce qu&rsquo;un Homa ?<\/div>\n              <div class=\"content\">\n                <p>Un Homa est une pooja plus complexe et plus puissante sous la forme d&rsquo;une c\u00e9r\u00e9monie du feu, pour honorer et invoquer diff\u00e9rentes divinit\u00e9s et inviter leurs b\u00e9n\u00e9dictions dans la vie de la personne pour laquelle le Homa est organis\u00e9.<\/p>\n              <\/div>\n                          <div class=\"head\">Qu&rsquo;est-ce que japa ?<\/div>\n              <div class=\"content\">\n                <p>La pratique du Japa est une Sadhana (pratique spirituelle) qui consiste \u00e0 r\u00e9citer continuellement un mantra sp\u00e9cifique, comme par exemple \u00ab Om Namah Shivaya \u00bb. Faire une pratique quotidienne de Japa aide \u00e0 purifier et \u00e0 concentrer l&rsquo;esprit. On peut \u00e9galement le faire pour quelqu&rsquo;un d&rsquo;autre afin de le b\u00e9nir avec une \u00e9nergie sp\u00e9cifique.<\/p>\n              <\/div>\n                      <\/div>\n        <\/div>\n      <\/div>\n                        <div class=\"parallax-item-4 parallax-item\" data-speed=\".08\"><img decoding=\"async\" src=\"https:\/\/mypalmleaf.com\/wp-content\/uploads\/2024\/09\/parallax-item-4.png\" class=\"img-fluid\" alt=\"\"><\/div>\n                  <\/section>\n      <\/div>\n\n\n<section class=\"find-your-palm-leaf-block\" data-aos=\"fade-up\" data-aos-duration=\"1000\">\n  <div class=\"container-fluid px-0\">\n    <div class=\"row g-0\">\n      <div class=\"col\">\n        <div class=\"find-your-leaf-bg\">\n          <picture>\n            <source media=\"(max-width: 999px)\" srcset=\"https:\/\/mypalmleaf.com\/wp-content\/uploads\/2024\/08\/Find-your-Palm-Leaf-mob.webp\" \/>\n            <source media=\"(min-width: 1000px)\" srcset=\"https:\/\/mypalmleaf.com\/wp-content\/uploads\/2024\/08\/Find-your-Palm-Leaf.webp\" \/>\n            <img decoding=\"async\" src=\"https:\/\/mypalmleaf.com\/wp-content\/uploads\/2024\/08\/Find-your-Palm-Leaf.webp\" class=\"img-fluid\" alt=\"\" \/>\n          <\/picture>\n        <\/div>\n      <\/div>\n    <\/div>\n    <div class=\"content\">\n      <div class=\"container-xl\" data-aos=\"fade-up\" data-aos-duration=\"1000\">\n        <div class=\"row py-4\">\n          <div class=\"col-lg-8 mx-auto\">\n            <h2 class=\"mb-2\">Trouver votre feuille de palmier!<\/h2>\n            <ol>\n<li>Tout ce dont vous avez besoin pour commencer \u00e0 chercher votre feuille de palmier est votre empreinte digitale.<\/li>\n<li>Si vous avez besoin d&rsquo;une traduction dans une autre langue, nous pouvons le faire pour vous.<\/li>\n<li>Si nous ne parvenons pas \u00e0 retrouver votre feuille de palmier dans les 3 dates appropri\u00e9es, nous vous rembourserons le montant total.<\/li>\n<\/ol>\n          <\/div>\n        <\/div>\n        <div class=\"row mt-4\">\n          <div class=\"col text-center\">\n            <a href=\"\/fr\/prix\/recherche-de-la-feuille-lecture-du-chapitre-general\/\" class=\"btn btn-primary\">Trouver ma feuille de palmier<\/a>\n          <\/div>\n        <\/div>\n      <\/div>\n    <\/div>\n  <\/div>\n<\/section>","protected":false},"excerpt":{"rendered":"","protected":false},"author":1,"featured_media":0,"parent":0,"menu_order":0,"comment_status":"closed","ping_status":"closed","template":"","meta":{"_acf_changed":false,"footnotes":""},"class_list":["post-20113","page","type-page","status-publish","hentry"],"acf":[],"yoast_head":"<!-- This site is optimized with the Yoast SEO plugin v26.4 - https:\/\/yoast.com\/wordpress\/plugins\/seo\/ -->\n<title>FAQ - My Palm Leaf<\/title>\n<meta name=\"description\" content=\"Trouvez des r\u00e9ponses sur les lectures de feuilles de palmier, les rituels et pratiques pour mieux comprendre et \u00e9voluer spirituellement.\" \/>\n<meta name=\"robots\" content=\"index, follow, max-snippet:-1, max-image-preview:large, max-video-preview:-1\" \/>\n<link rel=\"canonical\" href=\"https:\/\/mypalmleaf.com\/frequently-asked-questions\/\" \/>\n<meta property=\"og:locale\" content=\"fr_FR\" \/>\n<meta property=\"og:type\" content=\"article\" \/>\n<meta property=\"og:title\" content=\"FAQ - My Palm Leaf\" \/>\n<meta property=\"og:description\" content=\"Trouvez des r\u00e9ponses sur les lectures de feuilles de palmier, les rituels et pratiques pour mieux comprendre et \u00e9voluer spirituellement.\" \/>\n<meta property=\"og:url\" content=\"https:\/\/mypalmleaf.com\/frequently-asked-questions\/\" \/>\n<meta property=\"og:site_name\" content=\"My Palm Leaf\" \/>\n<meta property=\"article:modified_time\" content=\"2025-04-30T10:07:58+00:00\" \/>\n<meta property=\"og:image\" content=\"https:\/\/mypalmleaf.com\/wp-content\/uploads\/2025\/08\/mpl-circle-logo.jpg\" \/>\n\t<meta property=\"og:image:width\" content=\"1200\" \/>\n\t<meta property=\"og:image:height\" content=\"1196\" \/>\n\t<meta property=\"og:image:type\" content=\"image\/jpeg\" \/>\n<meta name=\"twitter:card\" content=\"summary_large_image\" \/>\n<script type=\"application\/ld+json\" class=\"yoast-schema-graph\">{\"@context\":\"https:\/\/schema.org\",\"@graph\":[{\"@type\":\"WebPage\",\"@id\":\"https:\/\/mypalmleaf.com\/frequently-asked-questions\/\",\"url\":\"https:\/\/mypalmleaf.com\/frequently-asked-questions\/\",\"name\":\"FAQ - My Palm Leaf\",\"isPartOf\":{\"@id\":\"https:\/\/mypalmleaf.com\/#website\"},\"datePublished\":\"2024-08-14T07:24:30+00:00\",\"dateModified\":\"2025-04-30T10:07:58+00:00\",\"description\":\"Trouvez des r\u00e9ponses sur les lectures de feuilles de palmier, les rituels et pratiques pour mieux comprendre et \u00e9voluer spirituellement.\",\"breadcrumb\":{\"@id\":\"https:\/\/mypalmleaf.com\/frequently-asked-questions\/#breadcrumb\"},\"inLanguage\":\"fr-FR\",\"potentialAction\":[{\"@type\":\"ReadAction\",\"target\":[\"https:\/\/mypalmleaf.com\/frequently-asked-questions\/\"]}]},{\"@type\":\"BreadcrumbList\",\"@id\":\"https:\/\/mypalmleaf.com\/frequently-asked-questions\/#breadcrumb\",\"itemListElement\":[{\"@type\":\"ListItem\",\"position\":1,\"name\":\"Home\",\"item\":\"https:\/\/mypalmleaf.com\/fr\/\"},{\"@type\":\"ListItem\",\"position\":2,\"name\":\"FAQ\"}]},{\"@type\":\"WebSite\",\"@id\":\"https:\/\/mypalmleaf.com\/#website\",\"url\":\"https:\/\/mypalmleaf.com\/\",\"name\":\"My Palm Leaf\",\"description\":\"\",\"potentialAction\":[{\"@type\":\"SearchAction\",\"target\":{\"@type\":\"EntryPoint\",\"urlTemplate\":\"https:\/\/mypalmleaf.com\/?s={search_term_string}\"},\"query-input\":{\"@type\":\"PropertyValueSpecification\",\"valueRequired\":true,\"valueName\":\"search_term_string\"}}],\"inLanguage\":\"fr-FR\"}]}<\/script>\n<!-- \/ Yoast SEO plugin. -->","yoast_head_json":{"title":"FAQ - My Palm Leaf","description":"Trouvez des r\u00e9ponses sur les lectures de feuilles de palmier, les rituels et pratiques pour mieux comprendre et \u00e9voluer spirituellement.","robots":{"index":"index","follow":"follow","max-snippet":"max-snippet:-1","max-image-preview":"max-image-preview:large","max-video-preview":"max-video-preview:-1"},"canonical":"https:\/\/mypalmleaf.com\/frequently-asked-questions\/","og_locale":"fr_FR","og_type":"article","og_title":"FAQ - My Palm Leaf","og_description":"Trouvez des r\u00e9ponses sur les lectures de feuilles de palmier, les rituels et pratiques pour mieux comprendre et \u00e9voluer spirituellement.","og_url":"https:\/\/mypalmleaf.com\/frequently-asked-questions\/","og_site_name":"My Palm Leaf","article_modified_time":"2025-04-30T10:07:58+00:00","og_image":[{"width":1200,"height":1196,"url":"https:\/\/mypalmleaf.com\/wp-content\/uploads\/2025\/08\/mpl-circle-logo.jpg","type":"image\/jpeg"}],"twitter_card":"summary_large_image","schema":{"@context":"https:\/\/schema.org","@graph":[{"@type":"WebPage","@id":"https:\/\/mypalmleaf.com\/frequently-asked-questions\/","url":"https:\/\/mypalmleaf.com\/frequently-asked-questions\/","name":"FAQ - My Palm Leaf","isPartOf":{"@id":"https:\/\/mypalmleaf.com\/#website"},"datePublished":"2024-08-14T07:24:30+00:00","dateModified":"2025-04-30T10:07:58+00:00","description":"Trouvez des r\u00e9ponses sur les lectures de feuilles de palmier, les rituels et pratiques pour mieux comprendre et \u00e9voluer spirituellement.","breadcrumb":{"@id":"https:\/\/mypalmleaf.com\/frequently-asked-questions\/#breadcrumb"},"inLanguage":"fr-FR","potentialAction":[{"@type":"ReadAction","target":["https:\/\/mypalmleaf.com\/frequently-asked-questions\/"]}]},{"@type":"BreadcrumbList","@id":"https:\/\/mypalmleaf.com\/frequently-asked-questions\/#breadcrumb","itemListElement":[{"@type":"ListItem","position":1,"name":"Home","item":"https:\/\/mypalmleaf.com\/fr\/"},{"@type":"ListItem","position":2,"name":"FAQ"}]},{"@type":"WebSite","@id":"https:\/\/mypalmleaf.com\/#website","url":"https:\/\/mypalmleaf.com\/","name":"My Palm Leaf","description":"","potentialAction":[{"@type":"SearchAction","target":{"@type":"EntryPoint","urlTemplate":"https:\/\/mypalmleaf.com\/?s={search_term_string}"},"query-input":{"@type":"PropertyValueSpecification","valueRequired":true,"valueName":"search_term_string"}}],"inLanguage":"fr-FR"}]}},"_links":{"self":[{"href":"https:\/\/mypalmleaf.com\/fr\/wp-json\/wp\/v2\/pages\/20113","targetHints":{"allow":["GET"]}}],"collection":[{"href":"https:\/\/mypalmleaf.com\/fr\/wp-json\/wp\/v2\/pages"}],"about":[{"href":"https:\/\/mypalmleaf.com\/fr\/wp-json\/wp\/v2\/types\/page"}],"author":[{"embeddable":true,"href":"https:\/\/mypalmleaf.com\/fr\/wp-json\/wp\/v2\/users\/1"}],"replies":[{"embeddable":true,"href":"https:\/\/mypalmleaf.com\/fr\/wp-json\/wp\/v2\/comments?post=20113"}],"version-history":[{"count":0,"href":"https:\/\/mypalmleaf.com\/fr\/wp-json\/wp\/v2\/pages\/20113\/revisions"}],"wp:attachment":[{"href":"https:\/\/mypalmleaf.com\/fr\/wp-json\/wp\/v2\/media?parent=20113"}],"curies":[{"name":"wp","href":"https:\/\/api.w.org\/{rel}","templated":true}]}}