
{"id":20147,"date":"2024-08-28T04:10:49","date_gmt":"2024-08-28T04:10:49","guid":{"rendered":"https:\/\/mypalmleaf.com\/?page_id=20147"},"modified":"2025-04-16T09:52:47","modified_gmt":"2025-04-16T09:52:47","slug":"moderateur-et-traducteur","status":"publish","type":"page","link":"https:\/\/mypalmleaf.com\/fr\/moderateur-et-traducteur\/","title":{"rendered":"Rejoignez-nous"},"content":{"rendered":"\n<section class=\"spotlight-main small top-gap\">\n    <!-- <div class=\"slider-wrap\" data-flickity='{ \"cellAlign\": \"left\", \"contain\": true, \"wrapAround\": true, \"setGallerySize\": false }'> -->\n    <div class=\"slider-wrap\" data-flickity='{ \"cellAlign\": \"left\", \"contain\": true, \"wrapAround\": true, \"setGallerySize\": false  }'>\n            <div class=\"slides\">\n        <div class=\"content-wrap\">\n          <div class=\"image\">\n            <picture>\n              <source media=\"(max-width: 999px)\" srcset=\"https:\/\/mypalmleaf.com\/wp-content\/uploads\/2024\/09\/join-us-spotlight-new-mob.jpg\" \/>\n              <source media=\"(min-width: 1000px)\" srcset=\"https:\/\/mypalmleaf.com\/wp-content\/uploads\/2024\/09\/join-us-spotlight-new.jpg\" \/>\n              <img decoding=\"async\" src=\"https:\/\/mypalmleaf.com\/wp-content\/uploads\/2024\/09\/join-us-spotlight-new.jpg\" class=\"img-fluid\" alt=\"\" \/>\n            <\/picture>\n          <\/div>\n          <div class=\"content\">\n            <div data-aos=\"fade-up\" data-aos-duration=\"1000\">\n              <h2 class=\"\">Rejoignez-nous<\/h2>\n                                 \n            <\/div>\n          <\/div>\n        <\/div>\n      <\/div>\n          <\/div>\n<\/section>\n\n\n<section class=\"my-6 flipping-gallery\">\n  <div class=\"container-xl\" data-aos=\"fade-up\" data-aos-duration=\"1000\">\n    <div class=\"row\">\n      <div class=\"col\">\n        <div class=\"gallery-wrap\">\n                      <div class=\"block\">\n              <div class=\"rounded-asset\">\n                                                  <img decoding=\"async\" src=\"https:\/\/mypalmleaf.com\/wp-content\/uploads\/2024\/08\/gallery-img-1-2.jpg\" alt=\"\" class=\"\">\n                                                    <img decoding=\"async\" src=\"https:\/\/mypalmleaf.com\/wp-content\/uploads\/2024\/08\/gallery-img-1.jpg\" alt=\"\" class=\"overlay\">\n                                                <\/div>\n            <\/div>\n                      <div class=\"block\">\n              <div class=\"rounded-asset\">\n                                                  <img decoding=\"async\" src=\"https:\/\/mypalmleaf.com\/wp-content\/uploads\/2024\/08\/gallery-img-2-2.jpg\" alt=\"\" class=\"\">\n                                                    <img decoding=\"async\" src=\"https:\/\/mypalmleaf.com\/wp-content\/uploads\/2024\/08\/gallery-img-2.jpg\" alt=\"\" class=\"overlay\">\n                                                <\/div>\n            <\/div>\n                      <div class=\"block\">\n              <div class=\"rounded-asset\">\n                                                  <img decoding=\"async\" src=\"https:\/\/mypalmleaf.com\/wp-content\/uploads\/2024\/08\/gallery-img-3-2.jpg\" alt=\"\" class=\"\">\n                                                    <img decoding=\"async\" src=\"https:\/\/mypalmleaf.com\/wp-content\/uploads\/2024\/08\/gallery-img-3.jpg\" alt=\"\" class=\"overlay\">\n                                                <\/div>\n            <\/div>\n                      <div class=\"block\">\n              <div class=\"rounded-asset\">\n                                                  <img decoding=\"async\" src=\"https:\/\/mypalmleaf.com\/wp-content\/uploads\/2024\/08\/gallery-img-4-2.jpg\" alt=\"\" class=\"\">\n                                                    <img decoding=\"async\" src=\"https:\/\/mypalmleaf.com\/wp-content\/uploads\/2024\/08\/gallery-img-4.jpg\" alt=\"\" class=\"overlay\">\n                                                <\/div>\n            <\/div>\n                      <div class=\"block\">\n              <div class=\"rounded-asset\">\n                                                  <img decoding=\"async\" src=\"https:\/\/mypalmleaf.com\/wp-content\/uploads\/2024\/08\/gallery-img-5-2.jpg\" alt=\"\" class=\"\">\n                                                    <img decoding=\"async\" src=\"https:\/\/mypalmleaf.com\/wp-content\/uploads\/2024\/08\/gallery-img-5.jpg\" alt=\"\" class=\"overlay\">\n                                                <\/div>\n            <\/div>\n                      <div class=\"block\">\n              <div class=\"rounded-asset\">\n                                                  <img decoding=\"async\" src=\"https:\/\/mypalmleaf.com\/wp-content\/uploads\/2024\/08\/gallery-img-6.jpg\" alt=\"\" class=\"\">\n                                                    <img decoding=\"async\" src=\"https:\/\/mypalmleaf.com\/wp-content\/uploads\/2024\/08\/gallery-img-6-2.jpg\" alt=\"\" class=\"overlay\">\n                                                <\/div>\n            <\/div>\n                  <\/div>\n      <\/div>\n    <\/div>\n  <\/div>\n<\/section>\n\n<section class=\"join-us-block my-6 position-relative\">\n  <div class=\"container-xl\">\n    <div class=\"row mb-4 justify-content-center\">\n      <div class=\"col-lg-10 text-center\" data-aos=\"fade-up\" data-aos-duration=\"1000\">\n        <p>En tant que mod\u00e9rateur ou traducteur, vous assistez les clients dans les lectures de feuilles de palmier, r\u00e9pondez \u00e0 leurs questions, les soutenez, les mettez \u00e0 l&rsquo;aise et construisez un pont entre eux et la biblioth\u00e8que de feuilles de palmier.<\/p>\n      <\/div>\n    <\/div>\n    <div class=\"row my-5 justify-content-between\" data-aos=\"fade-up\" data-aos-duration=\"1000\">\n              <div class=\"col-lg-5\">\n          <div class=\"dual-col\">\n            <div class=\"title\">\n              <img decoding=\"async\" src=\"https:\/\/mypalmleaf.com\/wp-content\/uploads\/2024\/08\/title-bg.png\" alt=\"\" class=\"img-fluid\">\n              <div class=\"text\">Mod\u00e9rateur<\/div>\n            <\/div>\n            <div class=\"desc\">\n              <p>En tant que mod\u00e9rateur, vous soutenez les lectures de feuilles de palmier en anglais. Vous expliquez le processus avant le d\u00e9but de la lecture et \u00eates l\u00e0 en arri\u00e8re-plan pour r\u00e9pondre aux questions si n\u00e9cessaire. La lecture elle-m\u00eame est traduite du tamoul vers l&rsquo;anglais par le traducteur de la biblioth\u00e8que de feuilles de palmier.<\/p>\n            <\/div>\n          <\/div>\n        <\/div>\n              <div class=\"col-lg-5\">\n          <div class=\"dual-col\">\n            <div class=\"title\">\n              <img decoding=\"async\" src=\"https:\/\/mypalmleaf.com\/wp-content\/uploads\/2024\/08\/title-bg.png\" alt=\"\" class=\"img-fluid\">\n              <div class=\"text\">Traducteur<\/div>\n            <\/div>\n            <div class=\"desc\">\n              <p>As a translator, you do everything a moderator does, but you are also translating everything that is translated from Tamil into English by the library translator into your specific language, for example, Polish or French, or Arabic.<\/p>\n            <\/div>\n          <\/div>\n        <\/div>\n          <\/div>\n  <\/div>\n  <\/section>\n\n<section class=\"tabs-wrapper my-6 mt-0\">\n  <div class=\"container-xl\">\n    <div class=\"row\">\n      <div class=\"tabs-container\" data-aos=\"fade-up\" data-aos-duration=\"1000\">\n        <ul class=\"tabs\">\n                                <li class=\"tab-button active\" data-target=\"tab1\">Requirements<\/li>\n                                  <li class=\"tab-button active\" data-target=\"tab2\">Why Join Us<\/li>\n                                  <li class=\"tab-button active\" data-target=\"tab3\">Horaires de travail<\/li>\n                                  <li class=\"tab-button active\" data-target=\"tab4\">R\u00e9mun\u00e9ration et salaire<\/li>\n                              <\/ul>\n        <div class=\"tab-content\">\n                                <div id=\"tab1\" class=\"tab-pane active\">\n              <h4>Les exigences absolues pour faciliter la lecture des feuilles de palmier sont :<\/h4>\n<ul>\n<li>Vous parlez couramment l&rsquo;anglais et \u00eates traducteur dans la langue dans laquelle vous traduisez\n<\/li>\n<li>Vous \u00eates en accord avec notre mission spirituelle<\/li>\n<li>Vous disposez d\u2019un ordinateur qui fonctionne bien, \u00eates capable d\u2019utiliser le zoom et disposez d\u2019une connexion Internet stable.<\/li>\n<li>Vous \u00eates fiable et ponctuel.\n<\/li>\n<li>Vous avez une motivation sinc\u00e8re pour contribuer \u00e0 l\u2019\u00e9volution, \u00e0 la gu\u00e9rison et \u00e0 l\u2019\u00e9veil de l\u2019humanit\u00e9<\/li>\n<li>Vous \u00eates motiv\u00e9 et inspir\u00e9\n<\/li>\n<li>Vous pouvez et \u00eates pr\u00eat \u00e0 assumer vos responsabilit\u00e9s et \u00e0 \u00eatre proactif<\/li>\n<li>Vous avez lu vous-m\u00eame une feuille de palmier et comprenez le processus.<\/li>\n<li>Vous aimez communiquer et vous connecter avec des personnes empathiques, aimantes et authentiques.\n<\/li>\n<li>Vous \u00eates ouvert et dispos\u00e9 \u00e0 acqu\u00e9rir de nouvelles comp\u00e9tences.\n<\/li>\n<li>Vous avez parcouru notre site Web et notre cha\u00eene YouTube et vous comprenez clairement ce que fait Mypalmleaf.\n<\/li>\n<li>Vous \u00eates clair, aimant et direct dans votre communication.<\/li>\n<\/ul>\n            <\/div>\n                                  <div id=\"tab2\" class=\"tab-pane active\">\n              <h4>Les vraies raisons de travailler avec Mypalmleaf<\/h4>\n<p>Mypalmleaf est une organisation ax\u00e9e sur un objectif qui combine des pratiques et des compr\u00e9hensions spirituelles profondes avec des structures de travail terre-\u00e0-terre qui vous soutiennent dans votre croissance professionnelle. Nous co-cr\u00e9ons un environnement de travail inspirant qui contribue \u00e0 l\u2019\u00e9volution de l\u2019humanit\u00e9 et qui entend vous voir et vous aider comme l\u2019\u00eatre humain unique que vous \u00eates. En \u00e9quipe, nous travaillons ensemble dans un esprit d&rsquo;\u00e9quipe positif et solidaire qui vise \u00e0 faire ressortir et \u00e0 soutenir vos comp\u00e9tences et vos talents tout en vous fournissant un revenu abondant pour subvenir \u00e0 vos besoins.<\/p>\n            <\/div>\n                                  <div id=\"tab3\" class=\"tab-pane active\">\n              <p>Nous avons g\u00e9n\u00e9ralement une lecture programm\u00e9e entre 7h00 et 20h00, heure de l&rsquo;Inde, vous pouvez planifier des plages horaires, en fonction de votre disponibilit\u00e9, en coordination avec les besoins des clients et de l&rsquo;organisation. Habituellement, nous faisons de notre mieux pour que cela fonctionne pour tout le monde.<\/p>\n            <\/div>\n                                  <div id=\"tab4\" class=\"tab-pane active\">\n              <p>Nous vous enverrons une explication d\u00e9taill\u00e9e du paiement apr\u00e8s r\u00e9ception de votre candidature.<\/p>\n            <\/div>\n                              <\/div>\n      <\/div>\n    <\/div>\n  <\/div>\n<\/section>\n\n<section class=\"how-to-apply my-6 mt-0\">\n  <div class=\"container-xl\">\n    <div class=\"row\">\n      <div class=\"col-lg-10 mx-auto\" >\n        <div class=\"dual-col \">\n          <div class=\"title\">\n            <img decoding=\"async\" src=\"https:\/\/mypalmleaf.com\/wp-content\/uploads\/2024\/08\/title-bg.png\" alt=\"\" class=\"img-fluid\">\n            <div class=\"text\">Comment postuler<\/div>\n          <\/div>\n          <div class=\"desc\">\n            <p>Envoyez-nous un court clip vid\u00e9o selfie de 1 \u00e0 5 minutes nous parlant de vous et des raisons pour lesquelles vous souhaitez travailler avec nous.<\/p>\n<p>Il n\u2019est pas n\u00e9cessaire que ce soit professionnel. Ne le remettez pas \u00e0 plus tard et ne soyez pas timide, faites-le maintenant. C\u2019est l\u2019attitude que nous aimerions accueillir dans notre \u00e9quipe.<\/p>\n<p>Nous interviewerons tous les candidats s\u00e9rieux qui nous envoient une vid\u00e9o lors d&rsquo;un entretien rapide de 10 minutes.<\/p>\n<p>Envoyez-nous un message nous demandant \u00ab envoyer plus d&rsquo;informations \u00bb.<\/p>\n<div class=\"btm-contact\">Faites la vid\u00e9o maintenant et envoyez-la \u00e0<a href=\"mailto:info@mypalmleaf.com\">info@mypalmleaf.com<\/a><\/div>\n          <\/div>\n        <\/div>\n      <\/div>\n    <\/div>\n  <\/div>\n<\/section>","protected":false},"excerpt":{"rendered":"","protected":false},"author":1,"featured_media":0,"parent":0,"menu_order":0,"comment_status":"closed","ping_status":"closed","template":"","meta":{"_acf_changed":false,"footnotes":""},"class_list":["post-20147","page","type-page","status-publish","hentry"],"acf":[],"yoast_head":"<!-- This site is optimized with the Yoast SEO plugin v26.4 - https:\/\/yoast.com\/wordpress\/plugins\/seo\/ -->\n<title>Rejoignez-nous - My Palm Leaf<\/title>\n<meta name=\"description\" content=\"Rejoignez notre \u00e9quipe comme mod\u00e9rateur ou traducteur pour accompagner les lectures de feuilles de palmier. Contribuez \u00e0 l&#039;\u00e9veil spirituel des clients.\" \/>\n<meta name=\"robots\" content=\"index, follow, max-snippet:-1, max-image-preview:large, max-video-preview:-1\" \/>\n<link rel=\"canonical\" href=\"https:\/\/mypalmleaf.com\/moderator_and_translator\/\" \/>\n<meta property=\"og:locale\" content=\"fr_FR\" \/>\n<meta property=\"og:type\" content=\"article\" \/>\n<meta property=\"og:title\" content=\"Rejoignez-nous - My Palm Leaf\" \/>\n<meta property=\"og:description\" content=\"Rejoignez notre \u00e9quipe comme mod\u00e9rateur ou traducteur pour accompagner les lectures de feuilles de palmier. Contribuez \u00e0 l&#039;\u00e9veil spirituel des clients.\" \/>\n<meta property=\"og:url\" content=\"https:\/\/mypalmleaf.com\/moderator_and_translator\/\" \/>\n<meta property=\"og:site_name\" content=\"My Palm Leaf\" \/>\n<meta property=\"article:modified_time\" content=\"2025-04-16T09:52:47+00:00\" \/>\n<meta property=\"og:image\" content=\"https:\/\/mypalmleaf.com\/wp-content\/uploads\/2025\/08\/mpl-circle-logo.jpg\" \/>\n\t<meta property=\"og:image:width\" content=\"1200\" \/>\n\t<meta property=\"og:image:height\" content=\"1196\" \/>\n\t<meta property=\"og:image:type\" content=\"image\/jpeg\" \/>\n<meta name=\"twitter:card\" content=\"summary_large_image\" \/>\n<script type=\"application\/ld+json\" class=\"yoast-schema-graph\">{\"@context\":\"https:\/\/schema.org\",\"@graph\":[{\"@type\":\"WebPage\",\"@id\":\"https:\/\/mypalmleaf.com\/moderator_and_translator\/\",\"url\":\"https:\/\/mypalmleaf.com\/moderator_and_translator\/\",\"name\":\"Rejoignez-nous - My Palm Leaf\",\"isPartOf\":{\"@id\":\"https:\/\/mypalmleaf.com\/#website\"},\"datePublished\":\"2024-08-28T04:10:49+00:00\",\"dateModified\":\"2025-04-16T09:52:47+00:00\",\"description\":\"Rejoignez notre \u00e9quipe comme mod\u00e9rateur ou traducteur pour accompagner les lectures de feuilles de palmier. Contribuez \u00e0 l'\u00e9veil spirituel des clients.\",\"breadcrumb\":{\"@id\":\"https:\/\/mypalmleaf.com\/moderator_and_translator\/#breadcrumb\"},\"inLanguage\":\"fr-FR\",\"potentialAction\":[{\"@type\":\"ReadAction\",\"target\":[\"https:\/\/mypalmleaf.com\/moderator_and_translator\/\"]}]},{\"@type\":\"BreadcrumbList\",\"@id\":\"https:\/\/mypalmleaf.com\/moderator_and_translator\/#breadcrumb\",\"itemListElement\":[{\"@type\":\"ListItem\",\"position\":1,\"name\":\"Home\",\"item\":\"https:\/\/mypalmleaf.com\/fr\/\"},{\"@type\":\"ListItem\",\"position\":2,\"name\":\"Rejoignez-nous\"}]},{\"@type\":\"WebSite\",\"@id\":\"https:\/\/mypalmleaf.com\/#website\",\"url\":\"https:\/\/mypalmleaf.com\/\",\"name\":\"My Palm Leaf\",\"description\":\"\",\"potentialAction\":[{\"@type\":\"SearchAction\",\"target\":{\"@type\":\"EntryPoint\",\"urlTemplate\":\"https:\/\/mypalmleaf.com\/?s={search_term_string}\"},\"query-input\":{\"@type\":\"PropertyValueSpecification\",\"valueRequired\":true,\"valueName\":\"search_term_string\"}}],\"inLanguage\":\"fr-FR\"}]}<\/script>\n<!-- \/ Yoast SEO plugin. -->","yoast_head_json":{"title":"Rejoignez-nous - My Palm Leaf","description":"Rejoignez notre \u00e9quipe comme mod\u00e9rateur ou traducteur pour accompagner les lectures de feuilles de palmier. Contribuez \u00e0 l'\u00e9veil spirituel des clients.","robots":{"index":"index","follow":"follow","max-snippet":"max-snippet:-1","max-image-preview":"max-image-preview:large","max-video-preview":"max-video-preview:-1"},"canonical":"https:\/\/mypalmleaf.com\/moderator_and_translator\/","og_locale":"fr_FR","og_type":"article","og_title":"Rejoignez-nous - My Palm Leaf","og_description":"Rejoignez notre \u00e9quipe comme mod\u00e9rateur ou traducteur pour accompagner les lectures de feuilles de palmier. Contribuez \u00e0 l'\u00e9veil spirituel des clients.","og_url":"https:\/\/mypalmleaf.com\/moderator_and_translator\/","og_site_name":"My Palm Leaf","article_modified_time":"2025-04-16T09:52:47+00:00","og_image":[{"width":1200,"height":1196,"url":"https:\/\/mypalmleaf.com\/wp-content\/uploads\/2025\/08\/mpl-circle-logo.jpg","type":"image\/jpeg"}],"twitter_card":"summary_large_image","schema":{"@context":"https:\/\/schema.org","@graph":[{"@type":"WebPage","@id":"https:\/\/mypalmleaf.com\/moderator_and_translator\/","url":"https:\/\/mypalmleaf.com\/moderator_and_translator\/","name":"Rejoignez-nous - My Palm Leaf","isPartOf":{"@id":"https:\/\/mypalmleaf.com\/#website"},"datePublished":"2024-08-28T04:10:49+00:00","dateModified":"2025-04-16T09:52:47+00:00","description":"Rejoignez notre \u00e9quipe comme mod\u00e9rateur ou traducteur pour accompagner les lectures de feuilles de palmier. Contribuez \u00e0 l'\u00e9veil spirituel des clients.","breadcrumb":{"@id":"https:\/\/mypalmleaf.com\/moderator_and_translator\/#breadcrumb"},"inLanguage":"fr-FR","potentialAction":[{"@type":"ReadAction","target":["https:\/\/mypalmleaf.com\/moderator_and_translator\/"]}]},{"@type":"BreadcrumbList","@id":"https:\/\/mypalmleaf.com\/moderator_and_translator\/#breadcrumb","itemListElement":[{"@type":"ListItem","position":1,"name":"Home","item":"https:\/\/mypalmleaf.com\/fr\/"},{"@type":"ListItem","position":2,"name":"Rejoignez-nous"}]},{"@type":"WebSite","@id":"https:\/\/mypalmleaf.com\/#website","url":"https:\/\/mypalmleaf.com\/","name":"My Palm Leaf","description":"","potentialAction":[{"@type":"SearchAction","target":{"@type":"EntryPoint","urlTemplate":"https:\/\/mypalmleaf.com\/?s={search_term_string}"},"query-input":{"@type":"PropertyValueSpecification","valueRequired":true,"valueName":"search_term_string"}}],"inLanguage":"fr-FR"}]}},"_links":{"self":[{"href":"https:\/\/mypalmleaf.com\/fr\/wp-json\/wp\/v2\/pages\/20147","targetHints":{"allow":["GET"]}}],"collection":[{"href":"https:\/\/mypalmleaf.com\/fr\/wp-json\/wp\/v2\/pages"}],"about":[{"href":"https:\/\/mypalmleaf.com\/fr\/wp-json\/wp\/v2\/types\/page"}],"author":[{"embeddable":true,"href":"https:\/\/mypalmleaf.com\/fr\/wp-json\/wp\/v2\/users\/1"}],"replies":[{"embeddable":true,"href":"https:\/\/mypalmleaf.com\/fr\/wp-json\/wp\/v2\/comments?post=20147"}],"version-history":[{"count":0,"href":"https:\/\/mypalmleaf.com\/fr\/wp-json\/wp\/v2\/pages\/20147\/revisions"}],"wp:attachment":[{"href":"https:\/\/mypalmleaf.com\/fr\/wp-json\/wp\/v2\/media?parent=20147"}],"curies":[{"name":"wp","href":"https:\/\/api.w.org\/{rel}","templated":true}]}}