
{"id":20157,"date":"2024-08-15T02:38:41","date_gmt":"2024-08-15T02:38:41","guid":{"rendered":"https:\/\/mypalmleaf.com\/?page_id=20157"},"modified":"2025-08-28T10:09:17","modified_gmt":"2025-08-28T10:09:17","slug":"feuilles-de-palmier","status":"publish","type":"page","link":"https:\/\/mypalmleaf.com\/fr\/feuilles-de-palmier\/","title":{"rendered":"Feuilles de palmier"},"content":{"rendered":"\n<section class=\"spotlight-main small top-gap\">\n    <!-- <div class=\"slider-wrap\" data-flickity='{ \"cellAlign\": \"left\", \"contain\": true, \"wrapAround\": true, \"setGallerySize\": false }'> -->\n    <div class=\"slider-wrap\" data-flickity='{ \"cellAlign\": \"left\", \"contain\": true, \"wrapAround\": true, \"setGallerySize\": false  }'>\n            <div class=\"slides\">\n        <div class=\"content-wrap\">\n          <div class=\"image\">\n            <picture>\n              <source media=\"(max-width: 999px)\" srcset=\"https:\/\/mypalmleaf.com\/wp-content\/uploads\/2024\/08\/indian-palm-leaf-spotlight-mob.webp\" \/>\n              <source media=\"(min-width: 1000px)\" srcset=\"https:\/\/mypalmleaf.com\/wp-content\/uploads\/2024\/08\/indian-palm-leaf-spotlight.webp\" \/>\n              <img decoding=\"async\" src=\"https:\/\/mypalmleaf.com\/wp-content\/uploads\/2024\/08\/indian-palm-leaf-spotlight.webp\" class=\"img-fluid\" alt=\"\" \/>\n            <\/picture>\n          <\/div>\n          <div class=\"content\">\n            <div data-aos=\"fade-up\" data-aos-duration=\"1000\">\n              <h2 class=\"\">Les feuilles de palmier en Inde<\/h2>\n                                 \n            <\/div>\n          <\/div>\n        <\/div>\n      <\/div>\n          <\/div>\n<\/section>\n\n<section class=\"faq-top-section my-6 mb-4 mt-xs-4 position-relative\">\n    <div class=\"container\">\n      <div class=\"row\">\n        <div class=\"col-lg-10 mx-auto\">\n            <div class=\"row justify-content-between align-items-center\">\n                <div class=\"col-lg-7\">\n                    <div class=\"rounded-asset\">\n                        <img decoding=\"async\" src=\"https:\/\/mypalmleaf.com\/wp-content\/uploads\/2024\/09\/What-Are-Palm-Leaves.jpg\" class=\"img-fluid\" alt=\"\"><div class=\"play-icon\"><\/div>\n                        <a href=\"https:\/\/www.youtube.com\/watch?v=9GdNX4SAHCA\" class=\"stretched-link\" data-lity><\/a>\n                      <\/div>\n                <\/div>\n                <div class=\"col-lg-5\">\n                    <h2>Trouvez votre feuille de palmier personnelle : une passerelle vers votre pass\u00e9, votre pr\u00e9sent et votre avenir<\/h2>\n                <\/div>\n            <\/div>\n        <\/div>\n        \n        <div class=\"col-lg-12 text-center my-5\" data-aos=\"fade-up\" data-aos-duration=\"1000\">\n            <p class=\"mb-3\">Les feuilles de palmier en Inde, \u00e9galement appel\u00e9es feuilles de palmier Nadi, sont d&rsquo;anciens manuscrits cens\u00e9s contenir les histoires de vie et les destin\u00e9es de certaines personnes. Ces textes sacr\u00e9s, \u00e9crits dans une ancienne \u00e9criture tamoule, ont \u00e9t\u00e9 \u00e9crits il y a des milliers d&rsquo;ann\u00e9es par des sages \u00e9clair\u00e9s, les Rishis. Les Rishis ont utilis\u00e9 leur profonde perspicacit\u00e9 spirituelle pour enregistrer des <strong> informations d\u00e9taill\u00e9es sur la vie des gens, y compris des aspects tels que la carri\u00e8re, les relations, la sant\u00e9 et la croissance spirituelle.<\/strong><\/p>\n<p>&nbsp;<\/p>\n<p class=\"mb-3\">Chaque feuille de palmier est unique et correspond \u00e0 une personne pr\u00e9cise. La feuille de palmier est cens\u00e9e \u00eatre trouv\u00e9e au bon moment, lorsque la personne est pr\u00eate \u00e0 recevoir les conseils et la sagesse qu\u2019elle contient. Ces feuilles sont conserv\u00e9es dans les biblioth\u00e8ques de Nadi situ\u00e9es principalement dans le sud de l&rsquo;Inde. Une lecture Nadi consiste \u00e0 comparer l&#8217;empreinte du pouce ou les d\u00e9tails de base d&rsquo;une personne avec la feuille correspondante, r\u00e9v\u00e9lant ainsi des id\u00e9es personnelles et des conseils pour le p\u00e9riple de la vie.<\/p>\n<p class=\"mb-3\"><strong>MyPalmLeaf.com aide \u00e0 connecter les personnes consultants \u00e0 ces manuscrits anciens et offre un m\u00e9lange unique de tradition et d&rsquo;accessibilit\u00e9 moderne pour explorer la sagesse et les conseils des Rishis.<br \/>\n<\/strong><\/p>\n<h4 class=\"my-3\"><strong>Diff\u00e9rents types de manuscrits en feuille de palmier<\/strong><\/h4>\n<p>Outre les feuilles de palmier qui contiennent les histoires de vie de personnes individuelles, il existe \u00e9galement de nombreux manuscrits anciens \u00e9crits sur des feuilles de palmier, comme des textes sur l&rsquo;Ayurveda, la spiritualit\u00e9, l&rsquo;astrologie, etc. \u00c0 l\u2019origine, la plupart des anciens manuscrits indiens \u00e9taient \u00e9crites sur des feuilles de palmier, qui sont jusqu&rsquo;\u00e0 aujourd\u2019hui utilis\u00e9es comme du papier.<\/p>\n        <\/div>\n      <\/div>\n    <\/div>\n                  <div class=\"parallax-item-3 parallax-item\" data-speed=\".08\"><img decoding=\"async\" src=\"https:\/\/mypalmleaf.com\/wp-content\/uploads\/2024\/08\/parallax-item-3-3.png\" class=\"img-fluid\" alt=\"\"><\/div>\n          <\/section>\n\n<section class=\"how-palm-leaves-written-block my-6 mt-0\">\n  <div class=\"container\">\n    <div class=\"row text-center\" data-aos=\"fade-up\" data-aos-duration=\"1000\">\n      <div class=\"col-lg-12\">\n        <h3>Comment les feuilles de palmier sont-elles \u00e9crites et conserv\u00e9es ?<\/h3>\n        <h5 class=\"mt-4\"><strong>\u00c9crire les feuilles de palmier<\/strong><\/h5>\n      <\/div>\n    <\/div>\n\n    <div class=\"row justify-content-center my-4\">\n      <div class=\"col-lg-12 writing-the-palm-leaf-block\">\n        <ul class=\"foldable-leaf\">\n                                <li data-aos=\"flip-up\" data-aos-duration=\"1000\" data-aos-offset=\"10\"   class=\"aos-init aos-animate\">\n              <div class=\"image\"><img decoding=\"async\" src=\"https:\/\/mypalmleaf.com\/wp-content\/uploads\/2024\/09\/writing-the-palm-leaves.png\" class=\"img-fluid\" alt=\"\"><\/div>\n              <div class=\"content\">\n                <div class=\"desc\">\n                  <div class=\"title\">Mat\u00e9riel<\/div>\n                  <p>Les manuscrits sont cr\u00e9\u00e9s \u00e0 partir des feuilles du palmier Talipot, un arbre connu pour ses feuilles grandes et durables. Ces feuilles sont choisies pour leur long\u00e9vit\u00e9 et leur r\u00e9silience.<\/p>\n                <\/div>\n              <\/div>\n            <\/li>\n                                  <li data-aos=\"flip-up\" data-aos-duration=\"1000\" data-aos-offset=\"10\" data-aos-delay=\"100\"  class=\"aos-init aos-animate\">\n              <div class=\"image\"><img decoding=\"async\" src=\"https:\/\/mypalmleaf.com\/wp-content\/uploads\/2024\/09\/writing-the-palm-leaves.png\" class=\"img-fluid\" alt=\"\"><\/div>\n              <div class=\"content\">\n                <div class=\"desc\">\n                  <div class=\"title\">Pr\u00e9paration<\/div>\n                  <p>Les feuilles sont d&rsquo;abord collect\u00e9es puis s\u00e9ch\u00e9es pour \u00e9liminer l&rsquo;humidit\u00e9, ce qui les rend suffisamment solides pour \u00e9crire. Apr\u00e8s s\u00e9chage, elles sont coup\u00e9es en bandes de taille uniforme.<\/p>\n                <\/div>\n              <\/div>\n            <\/li>\n                                  <li data-aos=\"flip-up\" data-aos-duration=\"1000\" data-aos-offset=\"10\" data-aos-delay=\"200\"  class=\"aos-init aos-animate\">\n              <div class=\"image\"><img decoding=\"async\" src=\"https:\/\/mypalmleaf.com\/wp-content\/uploads\/2024\/09\/writing-the-palm-leaves.png\" class=\"img-fluid\" alt=\"\"><\/div>\n              <div class=\"content\">\n                <div class=\"desc\">\n                  <div class=\"title\">Ecriture<\/div>\n                  <p>Le texte est inscrit \u00e0 l&rsquo;aide d&rsquo;un stylet pointu, qui grave l&rsquo;\u00e9criture sur les feuilles. L&rsquo;\u00e9criture est r\u00e9alis\u00e9e dans une \u00e9criture ancienne appel\u00e9e Tamil Vattezhuthu, ou vieux tamoul, connue pour sa beaut\u00e9 et sa complexit\u00e9.<\/p>\n                <\/div>\n              <\/div>\n            <\/li>\n                                  <li data-aos=\"flip-up\" data-aos-duration=\"1000\" data-aos-offset=\"10\" data-aos-delay=\"300\"  class=\"aos-init aos-animate\">\n              <div class=\"image\"><img decoding=\"async\" src=\"https:\/\/mypalmleaf.com\/wp-content\/uploads\/2024\/09\/writing-the-palm-leaves.png\" class=\"img-fluid\" alt=\"\"><\/div>\n              <div class=\"content\">\n                <div class=\"desc\">\n                  <div class=\"title\">Encrage<\/div>\n                  <p>Pour rendre les inscriptions plus visibles, de l&rsquo;encre fabriqu\u00e9e \u00e0 partir de substances naturelles comme le charbon de bois ou le curcuma est appliqu\u00e9e sur les gravures. L&rsquo;encre se d\u00e9pose dans les rainures, mettant en valeur le texte sur la surface de la feuille.<\/p>\n                <\/div>\n              <\/div>\n            <\/li>\n                              <\/ul>\n      <\/div>\n    <\/div>\n  <\/div>\n<\/section>\n\n\n<section class=\"preservation-of-palm-leaf\">\n  <div class=\"container\">\n    <div class=\"row\">\n      <div class=\"col-lg-12\" data-aos=\"fade-up\" data-aos-duration=\"1000\">\n        <h4 class=\"my-4 text-center\"><strong>Conservation des feuilles de palmier<\/strong><\/h4>\n      <\/div>\n    <\/div>\n    <div class=\"row text-center justify-content-between my-4\">\n              <div class=\"col-lg-5 my-4\" data-aos=\"fade-up\" data-aos-duration=\"1000\">\n          <div class=\"icon\"><img decoding=\"async\" src=\"https:\/\/mypalmleaf.com\/wp-content\/uploads\/2024\/09\/preserve-palm-leaf-icon-1.png\" alt=\"\"><\/div>\n          <div class=\"title\">Contr\u00f4le climatique<\/div>\n          <div class=\"desc\">\n            <p>Les feuilles de palmier sont stock\u00e9es dans des conditions sp\u00e9ciales pour les prot\u00e9ger de l&rsquo;humidit\u00e9, des insectes et d&rsquo;autres \u00e9l\u00e9ments nuisibles. Les biblioth\u00e8ques de Nadi, principalement situ\u00e9es dans le sud de l&rsquo;Inde, maintiennent des environnements contr\u00f4l\u00e9s comprenant des niveaux d&rsquo;humidit\u00e9 et de temp\u00e9rature appropri\u00e9s.<\/p>\n          <\/div>\n        <\/div>\n              <div class=\"col-lg-5 my-4\" data-aos=\"fade-up\" data-aos-duration=\"1000\">\n          <div class=\"icon\"><img decoding=\"async\" src=\"https:\/\/mypalmleaf.com\/wp-content\/uploads\/2024\/09\/preserve-palm-leaf-icon-2.png\" alt=\"\"><\/div>\n          <div class=\"title\">Traitement aux huiles<\/div>\n          <div class=\"desc\">\n            <p>Les feuilles sont souvent trait\u00e9es avec des huiles naturelles, comme l&rsquo;huile de camphre ou de neem, pour \u00e9viter leur d\u00e9t\u00e9rioration et les infestations d&rsquo;insectes. Cette m\u00e9thode traditionnelle permet de pr\u00e9server les feuilles pendant des si\u00e8cles.<\/p>\n          <\/div>\n        <\/div>\n              <div class=\"col-lg-5 my-4\" data-aos=\"fade-up\" data-aos-duration=\"1000\">\n          <div class=\"icon\"><img decoding=\"async\" src=\"https:\/\/mypalmleaf.com\/wp-content\/uploads\/2024\/09\/preserve-palm-leaf-icon-3.png\" alt=\"\"><\/div>\n          <div class=\"title\">Entretien p\u00e9riodique<\/div>\n          <div class=\"desc\">\n            <p>Les feuilles de palmier sont stock\u00e9es dans des conditions sp\u00e9ciales pour les prot\u00e9ger de l&rsquo;humidit\u00e9, des insectes et d&rsquo;autres \u00e9l\u00e9ments nuisibles. Les biblioth\u00e8ques Nadi, principalement situ\u00e9es dans le sud de l&rsquo;Inde, maintiennent des environnements contr\u00f4l\u00e9s qui incluent des niveaux d&rsquo;humidit\u00e9 et une temp\u00e9rature appropri\u00e9s.<\/p>\n          <\/div>\n        <\/div>\n              <div class=\"col-lg-5 my-4\" data-aos=\"fade-up\" data-aos-duration=\"1000\">\n          <div class=\"icon\"><img decoding=\"async\" src=\"https:\/\/mypalmleaf.com\/wp-content\/uploads\/2024\/09\/preserve-palm-leaf-icon-4.png\" alt=\"\"><\/div>\n          <div class=\"title\">Stockage<\/div>\n          <div class=\"desc\">\n            <p>Les feuilles sont stock\u00e9es en paquets, chacun reli\u00e9 ensemble et \u00e9tiquet\u00e9 selon la cat\u00e9gorie ou le type de lecture qu&rsquo;il contient. Ces paquets sont conserv\u00e9s dans des bo\u00eetes en bois ou en m\u00e9tal pour les prot\u00e9ger des dommages physiques et des facteurs environnementaux.<\/p>\n          <\/div>\n        <\/div>\n          <\/div>\n  <\/div>\n<\/section>\n\n<section class=\"who-are-rishis my-5 position-relative\">\n  <div class=\"container\">\n    <div class=\"row\">\n      <div class=\"col-lg-12 text-center\">\n        <h3 class=\"my-5 mt-0\">Qui sont les Rishis ?<\/h3>\n        <div class=\"banner rounded-asset my-4\"><img decoding=\"async\" src=\"https:\/\/mypalmleaf.com\/wp-content\/uploads\/2024\/09\/who-are-the-rishis-1.jpg\" alt=\"\" class=\"img-fluid\"><\/div>\n        <p>Les Rishis sont les sages et les voyants l\u00e9gendaires de l&rsquo;Inde ancienne, r\u00e9put\u00e9s pour leur incroyable sagesse spirituelle et leurs perspicacit\u00e9s extraordinaires.<\/p>\n<p>Imaginez pouvoir acc\u00e9der \u00e0 un royaume de connaissances divines et de v\u00e9rit\u00e9s universelles : c&rsquo;est le monde des Rishis. Ces \u00eatres \u00e9clair\u00e9s sont souvent consid\u00e9r\u00e9s comme les pionniers spirituels de l&rsquo;humanit\u00e9, explorant les profondeurs de la conscience et du cosmos.<\/p>\n<h4 class=\"mt-4\"><strong>Les visionaires de sagesse ancienne<\/strong><\/h4>\n<p>Le mot \u00abRishi\u00bb vient du terme sanskrit \u00ab\u1e5b\u1e63\u00bb, qui signifie \u00abvoir\u00bb ou \u00abpercevoir\u00bb. Il ne s&rsquo;agit pas de n&rsquo;importe quelle forme de vision ; les Rishis sont des visionnaires qui peuvent percevoir l&rsquo;invisible et comprendre les myst\u00e8res profonds de la vie et de l&rsquo;univers. Ils sont comme les astronautes spirituels des temps anciens, voyageant dans les royaumes du divin et rapportant des tr\u00e9sors de connaissance.<\/p>\n<h4 class=\"mt-4\"><strong>Les Rishis dans le Ici et maintenant<\/strong><\/h4>\n<p>Bien que les Rishis aient v\u00e9cu sur cette plan\u00e8te sous une forme humaine il y a des milliers d&rsquo;ann\u00e9es, ils continuent de soutenir l&rsquo;Humanit\u00e9 et la terre depuis les dimensions subtiles. Leur pr\u00e9sence est intemporelle et plus nous sommes conscients et ouverts \u00e0 leur pr\u00e9sence, plus leur b\u00e9n\u00e9diction peut affluer dans nos vies. C&rsquo;est aussi le but des feuilles de palmier. Elles sont plus que de simples pr\u00e9dictions, mais un outil spirituel qui nous aide \u00e0 fa\u00e7onner notre vie, gr\u00e2ce au soutien \u00e9nerg\u00e9tique des Rishis.<\/p>\n<h4 class=\"mt-4\"><strong>Le lien entre les Rishis et les feuilles de palmier<\/strong><\/h4>\n<p>Les Rishis, anciens sages et voyants de l&rsquo;Inde, sont les auteurs divins des manuscrits sur feuilles de palmier, connus sous le nom de textes Nadi. Ces \u00eatres \u00e9clair\u00e9s, par une m\u00e9ditation profonde et une vision spirituelle, ont enregistr\u00e9 les destin\u00e9es des individus sur des feuilles de palmier il y a des milliers d&rsquo;ann\u00e9es. En utilisant l&rsquo;ancienne \u00e9criture tamoule, ils ont document\u00e9 les d\u00e9tails de la vie de certaines personnes, offrant des conseils spirituels et des aper\u00e7us sur leur pass\u00e9, leur pr\u00e9sent et leur avenir.<\/p>\n<p>Ces feuilles de palmier sont conserv\u00e9es dans les biblioth\u00e8ques Nadi et sont lues par des astrologues Nadi qui font correspondre l&#8217;empreinte digitale ou les d\u00e9tails d&rsquo;un individu \u00e0 la feuille correspondante. Cette tradition sacr\u00e9e, honor\u00e9e par MyPalmLeaf.com, continue d&rsquo;offrir une sagesse et une clart\u00e9 intemporelles, aidant les chercheurs \u00e0 comprendre le parcours de leur vie \u00e0 travers les yeux des Rishis.<\/p>\n      <\/div>\n    <\/div>\n  <\/div>\n\n<\/section>\n\n\n<p><\/p>\n","protected":false},"excerpt":{"rendered":"","protected":false},"author":1,"featured_media":0,"parent":0,"menu_order":0,"comment_status":"closed","ping_status":"closed","template":"","meta":{"_acf_changed":false,"footnotes":""},"class_list":["post-20157","page","type-page","status-publish","hentry"],"acf":[],"yoast_head":"<!-- This site is optimized with the Yoast SEO plugin v26.4 - https:\/\/yoast.com\/wordpress\/plugins\/seo\/ -->\n<title>Feuilles de palmier - My Palm Leaf<\/title>\n<meta name=\"description\" content=\"Explorez les manuscrits anciens en feuilles de palmier pour d\u00e9couvrir votre destin\u00e9e. Connaissance sacr\u00e9e \u00e0 port\u00e9e de main. Essayez d\u00e8s maintenant!\" \/>\n<meta name=\"robots\" content=\"index, follow, max-snippet:-1, max-image-preview:large, max-video-preview:-1\" \/>\n<link rel=\"canonical\" href=\"https:\/\/mypalmleaf.com\/fr\/feuilles-de-palmier\/\" \/>\n<meta property=\"og:locale\" content=\"fr_FR\" \/>\n<meta property=\"og:type\" content=\"article\" \/>\n<meta property=\"og:title\" content=\"Feuilles de palmier - My Palm Leaf\" \/>\n<meta property=\"og:description\" content=\"Explorez les manuscrits anciens en feuilles de palmier pour d\u00e9couvrir votre destin\u00e9e. Connaissance sacr\u00e9e \u00e0 port\u00e9e de main. Essayez d\u00e8s maintenant!\" \/>\n<meta property=\"og:url\" content=\"https:\/\/mypalmleaf.com\/fr\/feuilles-de-palmier\/\" \/>\n<meta property=\"og:site_name\" content=\"My Palm Leaf\" \/>\n<meta property=\"article:modified_time\" content=\"2025-08-28T10:09:17+00:00\" \/>\n<meta property=\"og:image\" content=\"https:\/\/mypalmleaf.com\/wp-content\/uploads\/2025\/08\/mpl-circle-logo.jpg\" \/>\n\t<meta property=\"og:image:width\" content=\"1200\" \/>\n\t<meta property=\"og:image:height\" content=\"1196\" \/>\n\t<meta property=\"og:image:type\" content=\"image\/jpeg\" \/>\n<meta name=\"twitter:card\" content=\"summary_large_image\" \/>\n<script type=\"application\/ld+json\" class=\"yoast-schema-graph\">{\"@context\":\"https:\/\/schema.org\",\"@graph\":[{\"@type\":\"WebPage\",\"@id\":\"https:\/\/mypalmleaf.com\/fr\/feuilles-de-palmier\/\",\"url\":\"https:\/\/mypalmleaf.com\/fr\/feuilles-de-palmier\/\",\"name\":\"Feuilles de palmier - My Palm Leaf\",\"isPartOf\":{\"@id\":\"https:\/\/mypalmleaf.com\/#website\"},\"datePublished\":\"2024-08-15T02:38:41+00:00\",\"dateModified\":\"2025-08-28T10:09:17+00:00\",\"description\":\"Explorez les manuscrits anciens en feuilles de palmier pour d\u00e9couvrir votre destin\u00e9e. Connaissance sacr\u00e9e \u00e0 port\u00e9e de main. Essayez d\u00e8s maintenant!\",\"breadcrumb\":{\"@id\":\"https:\/\/mypalmleaf.com\/fr\/feuilles-de-palmier\/#breadcrumb\"},\"inLanguage\":\"fr-FR\",\"potentialAction\":[{\"@type\":\"ReadAction\",\"target\":[\"https:\/\/mypalmleaf.com\/fr\/feuilles-de-palmier\/\"]}]},{\"@type\":\"BreadcrumbList\",\"@id\":\"https:\/\/mypalmleaf.com\/fr\/feuilles-de-palmier\/#breadcrumb\",\"itemListElement\":[{\"@type\":\"ListItem\",\"position\":1,\"name\":\"Home\",\"item\":\"https:\/\/mypalmleaf.com\/fr\/\"},{\"@type\":\"ListItem\",\"position\":2,\"name\":\"Feuilles de palmier\"}]},{\"@type\":\"WebSite\",\"@id\":\"https:\/\/mypalmleaf.com\/#website\",\"url\":\"https:\/\/mypalmleaf.com\/\",\"name\":\"My Palm Leaf\",\"description\":\"\",\"potentialAction\":[{\"@type\":\"SearchAction\",\"target\":{\"@type\":\"EntryPoint\",\"urlTemplate\":\"https:\/\/mypalmleaf.com\/?s={search_term_string}\"},\"query-input\":{\"@type\":\"PropertyValueSpecification\",\"valueRequired\":true,\"valueName\":\"search_term_string\"}}],\"inLanguage\":\"fr-FR\"}]}<\/script>\n<!-- \/ Yoast SEO plugin. -->","yoast_head_json":{"title":"Feuilles de palmier - My Palm Leaf","description":"Explorez les manuscrits anciens en feuilles de palmier pour d\u00e9couvrir votre destin\u00e9e. Connaissance sacr\u00e9e \u00e0 port\u00e9e de main. Essayez d\u00e8s maintenant!","robots":{"index":"index","follow":"follow","max-snippet":"max-snippet:-1","max-image-preview":"max-image-preview:large","max-video-preview":"max-video-preview:-1"},"canonical":"https:\/\/mypalmleaf.com\/fr\/feuilles-de-palmier\/","og_locale":"fr_FR","og_type":"article","og_title":"Feuilles de palmier - My Palm Leaf","og_description":"Explorez les manuscrits anciens en feuilles de palmier pour d\u00e9couvrir votre destin\u00e9e. Connaissance sacr\u00e9e \u00e0 port\u00e9e de main. Essayez d\u00e8s maintenant!","og_url":"https:\/\/mypalmleaf.com\/fr\/feuilles-de-palmier\/","og_site_name":"My Palm Leaf","article_modified_time":"2025-08-28T10:09:17+00:00","og_image":[{"width":1200,"height":1196,"url":"https:\/\/mypalmleaf.com\/wp-content\/uploads\/2025\/08\/mpl-circle-logo.jpg","type":"image\/jpeg"}],"twitter_card":"summary_large_image","schema":{"@context":"https:\/\/schema.org","@graph":[{"@type":"WebPage","@id":"https:\/\/mypalmleaf.com\/fr\/feuilles-de-palmier\/","url":"https:\/\/mypalmleaf.com\/fr\/feuilles-de-palmier\/","name":"Feuilles de palmier - My Palm Leaf","isPartOf":{"@id":"https:\/\/mypalmleaf.com\/#website"},"datePublished":"2024-08-15T02:38:41+00:00","dateModified":"2025-08-28T10:09:17+00:00","description":"Explorez les manuscrits anciens en feuilles de palmier pour d\u00e9couvrir votre destin\u00e9e. Connaissance sacr\u00e9e \u00e0 port\u00e9e de main. Essayez d\u00e8s maintenant!","breadcrumb":{"@id":"https:\/\/mypalmleaf.com\/fr\/feuilles-de-palmier\/#breadcrumb"},"inLanguage":"fr-FR","potentialAction":[{"@type":"ReadAction","target":["https:\/\/mypalmleaf.com\/fr\/feuilles-de-palmier\/"]}]},{"@type":"BreadcrumbList","@id":"https:\/\/mypalmleaf.com\/fr\/feuilles-de-palmier\/#breadcrumb","itemListElement":[{"@type":"ListItem","position":1,"name":"Home","item":"https:\/\/mypalmleaf.com\/fr\/"},{"@type":"ListItem","position":2,"name":"Feuilles de palmier"}]},{"@type":"WebSite","@id":"https:\/\/mypalmleaf.com\/#website","url":"https:\/\/mypalmleaf.com\/","name":"My Palm Leaf","description":"","potentialAction":[{"@type":"SearchAction","target":{"@type":"EntryPoint","urlTemplate":"https:\/\/mypalmleaf.com\/?s={search_term_string}"},"query-input":{"@type":"PropertyValueSpecification","valueRequired":true,"valueName":"search_term_string"}}],"inLanguage":"fr-FR"}]}},"_links":{"self":[{"href":"https:\/\/mypalmleaf.com\/fr\/wp-json\/wp\/v2\/pages\/20157","targetHints":{"allow":["GET"]}}],"collection":[{"href":"https:\/\/mypalmleaf.com\/fr\/wp-json\/wp\/v2\/pages"}],"about":[{"href":"https:\/\/mypalmleaf.com\/fr\/wp-json\/wp\/v2\/types\/page"}],"author":[{"embeddable":true,"href":"https:\/\/mypalmleaf.com\/fr\/wp-json\/wp\/v2\/users\/1"}],"replies":[{"embeddable":true,"href":"https:\/\/mypalmleaf.com\/fr\/wp-json\/wp\/v2\/comments?post=20157"}],"version-history":[{"count":0,"href":"https:\/\/mypalmleaf.com\/fr\/wp-json\/wp\/v2\/pages\/20157\/revisions"}],"wp:attachment":[{"href":"https:\/\/mypalmleaf.com\/fr\/wp-json\/wp\/v2\/media?parent=20157"}],"curies":[{"name":"wp","href":"https:\/\/api.w.org\/{rel}","templated":true}]}}