
{"id":20165,"date":"2024-09-05T05:53:33","date_gmt":"2024-09-05T05:53:33","guid":{"rendered":"https:\/\/mypalmleaf.com\/?page_id=20165"},"modified":"2025-02-19T07:43:22","modified_gmt":"2025-02-19T07:43:22","slug":"politique-de-confidentialite","status":"publish","type":"page","link":"https:\/\/mypalmleaf.com\/fr\/politique-de-confidentialite\/","title":{"rendered":"Politique de confidentialit\u00e9"},"content":{"rendered":"\n<h2 class=\"wp-block-heading\"><strong>1. Introduction<\/strong><\/h2>\n\n<p>Conscious Innovation Lab O\u00dc (\u00ab\u00a0nous\u00a0\u00bb, \u00ab\u00a0notre\u00a0\u00bb ou \u00ab\u00a0nos\u00a0\u00bb) s&rsquo;engage \u00e0 prot\u00e9ger vos donn\u00e9es \u00e0 caract\u00e8re personnel et \u00e0 respecter votre vie priv\u00e9e. La pr\u00e9sente politique de confidentialit\u00e9 d\u00e9crit la mani\u00e8re dont nous collectons, utilisons et prot\u00e9geons vos donn\u00e9es personnelles conform\u00e9ment au <strong>r\u00e8glement g\u00e9n\u00e9ral sur la protection des donn\u00e9es (RGPD)<\/strong>. <\/p>\n\n<p><strong>Coordonn\u00e9es :<br\/><\/strong>Conscious Innovation Lab O\u00dc<br\/>Sakala 7-2<br\/>10141 Tallinn, Estonie<br\/>Email : <a href=\"mailto:info@mypalmleaf.com\">info@mypalmleaf.com<\/a><\/p>\n\n<p><br\/>D\u00e9l\u00e9gu\u00e9 \u00e0 la protection des donn\u00e9es (DPD) : <strong>Stephan Oesterreicher<br\/><\/strong>Email : info@mypalmleaf.com<\/p>\n\n<h2>2. Donn\u00e9es collect\u00e9es<\/h2>\n\n<p>Nous recueillons les donn\u00e9es personnelles suivantes pour fournir nos services :<\/p>\n\n<ul class=\"wp-block-list\">\n<li>Nom.<\/li>\n\n\n\n<li>Adresse de facturation.<\/li>\n\n\n\n<li>Adresse \u00e9lectronique.<\/li>\n\n\n\n<li>Num\u00e9ro de t\u00e9l\u00e9phone.<\/li>\n\n\n\n<li>Modalit\u00e9s de paiement.<\/li>\n\n\n\n<li>Empreinte du pouce (pour localiser votre feuille de palmier).<\/li>\n\n\n\n<li>Sexe et pays de naissance (pour localiser votre feuille de palmier).<\/li>\n<\/ul>\n\n<h2 class=\"wp-block-heading\"><strong>3. Finalit\u00e9 du traitement des donn\u00e9es<\/strong><\/h2>\n\n<p>Nous traitons vos donn\u00e9es personnelles aux fins suivantes :<\/p>\n\n<ul class=\"wp-block-list\">\n<li><strong>Ex\u00e9cution des commandes :<\/strong> Traiter et livrer les commandes pass\u00e9es via notre site web.<\/li>\n\n\n\n<li><strong>Trouver votre feuille de palmier :<\/strong> Les empreintes digitales, le sexe et le pays de naissance sont collect\u00e9s uniquement pour localiser votre feuille de palmier sp\u00e9cifique.<\/li>\n\n\n\n<li><strong>Bulletins d&rsquo;information :<\/strong> Pour envoyer des bulletins d&rsquo;information et des mises \u00e0 jour (uniquement avec votre consentement).<\/li>\n\n\n\n<li><strong>Analyse et am\u00e9lioration du site web :<\/strong> Pour am\u00e9liorer le site web et l&rsquo;exp\u00e9rience de l&rsquo;utilisateur \u00e0 l&rsquo;aide d&rsquo;outils tels que Google Analytics et Facebook Pixel.<\/li>\n\n\n\n<li><strong>Conformit\u00e9 juridique :<\/strong> Respecter les r\u00e9glementations fiscales et financi\u00e8res applicables.<\/li>\n<\/ul>\n\n<h2 class=\"wp-block-heading\"><strong>4. Base juridique du traitement<\/strong><\/h2>\n\n<p>Nous traitons vos donn\u00e9es sur la base des fondements juridiques suivants :<\/p>\n\n<ul class=\"wp-block-list\">\n<li><strong>Consentement :<\/strong> Pour les lettres d&rsquo;information et les communications marketing.<\/li>\n\n\n\n<li><strong>N\u00e9cessit\u00e9 contractuelle :<\/strong> Ex\u00e9cuter des commandes et fournir des services.<\/li>\n\n\n\n<li><strong>Int\u00e9r\u00eats l\u00e9gitimes :<\/strong> Analyser les performances du site web et assurer sa fonctionnalit\u00e9.<\/li>\n\n\n\n<li><strong>Obligations l\u00e9gales :<\/strong> Pour se conformer \u00e0 la d\u00e9claration fiscale et \u00e0 d&rsquo;autres exigences l\u00e9gales.<\/li>\n<\/ul>\n\n<h2 class=\"wp-block-heading\"><strong>5. Services de tiers<\/strong><\/h2>\n\n<p>Nous faisons appel \u00e0 des prestataires de services tiers pour traiter vos donn\u00e9es de mani\u00e8re s\u00fbre et efficace, notamment :<\/p>\n\n<ul class=\"wp-block-list\">\n<li><strong>Fournisseurs d&rsquo;h\u00e9bergement :<\/strong> AWS, Google Cloud, monday.com.<\/li>\n\n\n\n<li><strong>Outils de marketing par courriel :<\/strong> Mailchimp.<\/li>\n\n\n\n<li><strong>Processeurs de paiement :<\/strong> PayPal, Stripe.<\/li>\n\n\n\n<li><strong>Analyse et suivi :<\/strong> Google Analytics, Facebook Pixel<\/li>\n<\/ul>\n\n<p>Chacun de ces fournisseurs se conforme au GDPR et assure la protection des donn\u00e9es gr\u00e2ce \u00e0 des garanties appropri\u00e9es.<\/p>\n\n<h2 class=\"wp-block-heading\"><strong>6. Transferts internationaux de donn\u00e9es<\/strong><\/h2>\n\n<p>Pour localiser votre feuille de palmier, nous transf\u00e9rons des donn\u00e9es personnelles (empreinte du pouce, sexe, pays de naissance) sans nom vers l&rsquo;<strong>Inde<\/strong>. Ces transferts sont effectu\u00e9s dans le cadre de <strong>clauses contractuelles types (CCN)<\/strong> afin de garantir un niveau ad\u00e9quat de protection des donn\u00e9es. <\/p>\n\n<h2 class=\"wp-block-heading\"><strong>7. Cookies et technologies de suivi<\/strong><\/h2>\n\n<p>Nous utilisons des cookies et des technologies de suivi similaires pour am\u00e9liorer votre exp\u00e9rience d&rsquo;utilisateur. Il s&rsquo;agit notamment de <\/p>\n\n<ul class=\"wp-block-list\">\n<li><strong>Google Analytics :<\/strong> Pour analyser le trafic sur le site web et le comportement des utilisateurs.<\/li>\n\n\n\n<li><strong>Pixel Facebook :<\/strong> Pour le marketing personnalis\u00e9 et le suivi des conversions.<\/li>\n<\/ul>\n\n<p>Vous pouvez g\u00e9rer vos pr\u00e9f\u00e9rences en mati\u00e8re de cookies par le biais de notre banni\u00e8re de consentement aux cookies ou ajuster les param\u00e8tres de votre navigateur.<\/p>\n\n<h2 class=\"wp-block-heading\"><strong>8. Conservation des donn\u00e9es<\/strong><\/h2>\n\n<p>Nous conservons les donn\u00e9es personnelles pour les dur\u00e9es suivantes :<\/p>\n\n<ul class=\"wp-block-list\">\n<li>Donn\u00e9es g\u00e9n\u00e9rales sur les clients (par exemple, nom, adresse \u00e9lectronique, adresse de facturation) : <strong>6 ans<\/strong>.<\/li>\n\n\n\n<li>Empreintes de pouce (utilis\u00e9es pour localiser les feuilles de palmier) : <strong>4 semaines apr\u00e8s la lecture g\u00e9n\u00e9rale.<\/strong><\/li>\n<\/ul>\n\n<p>Les donn\u00e9es sont supprim\u00e9es ou rendues anonymes lorsqu&rsquo;elles ne sont plus n\u00e9cessaires aux fins indiqu\u00e9es.<\/p>\n\n<h2 class=\"wp-block-heading\"><strong>9. Vos droits<\/strong><\/h2>\n\n<p>En vertu du GDPR, vous disposez des droits suivants concernant vos donn\u00e9es personnelles :<\/p>\n\n<ol class=\"wp-block-list\">\n<li><strong>Droit d&rsquo;acc\u00e8s :<\/strong> Demander l&rsquo;acc\u00e8s aux donn\u00e9es personnelles que nous d\u00e9tenons \u00e0 votre sujet.<\/li>\n\n\n\n<li><strong>Droit de rectification :<\/strong> Corriger les inexactitudes dans vos donn\u00e9es.<\/li>\n\n\n\n<li><strong>Droit \u00e0 l&rsquo;effacement :<\/strong> Demander la suppression de vos donn\u00e9es (\u00ab\u00a0droit \u00e0 l&rsquo;oubli\u00a0\u00bb).<\/li>\n\n\n\n<li><strong>Droit de restreindre le traitement :<\/strong> Limiter le traitement de vos donn\u00e9es dans certaines circonstances.<\/li>\n\n\n\n<li><strong>Droit \u00e0 la portabilit\u00e9 des donn\u00e9es :<\/strong> Recevoir vos donn\u00e9es dans un format structur\u00e9 et lisible par machine.<\/li>\n\n\n\n<li><strong>Droit d&rsquo;opposition :<\/strong> Vous pouvez vous opposer au traitement de vos donn\u00e9es \u00e0 des fins d&rsquo;int\u00e9r\u00eats l\u00e9gitimes ou de marketing.<\/li>\n\n\n\n<li><strong>Droit de retirer son consentement :<\/strong> Retirez \u00e0 tout moment votre consentement au traitement des donn\u00e9es.<\/li>\n\n\n\n<li><strong>Droit de d\u00e9poser une plainte :<\/strong> D\u00e9posez une plainte aupr\u00e8s de votre autorit\u00e9 locale de protection des donn\u00e9es si vous estimez que vos droits ont \u00e9t\u00e9 viol\u00e9s.<\/li>\n<\/ol>\n\n<p>Pour exercer l&rsquo;un de ces droits, veuillez nous contacter \u00e0 l&rsquo;adresse suivante : info@mypalmleaf.com.<br\/><\/p>\n\n<h2 class=\"wp-block-heading\"><strong>10. Prise de d\u00e9cision automatis\u00e9e et profilage<\/strong><\/h2>\n\n<p>Nous n&rsquo;utilisons pas d&rsquo;outils de prise de d\u00e9cision automatis\u00e9e ou de profilage.<br\/><\/p>\n\n<h2 class=\"wp-block-heading\"><strong>11. S\u00e9curit\u00e9 des donn\u00e9es<\/strong><\/h2>\n\n<p>Bien que nous ne mettions pas actuellement en \u0153uvre des mesures de s\u00e9curit\u00e9 technique sp\u00e9cifiques (par exemple, le cryptage), nous nous effor\u00e7ons de traiter les donn\u00e9es personnelles en toute s\u00e9curit\u00e9 et de ne les partager qu&rsquo;avec des tiers de confiance. Nous nous effor\u00e7ons de mettre en \u0153uvre des mesures de s\u00e9curit\u00e9 plus robustes dans un avenir proche. <\/p>\n\n<h2 class=\"wp-block-heading\"><strong>12. Mises \u00e0 jour de la pr\u00e9sente politique de confidentialit\u00e9<\/strong><\/h2>\n\n<p>Nous pouvons mettre \u00e0 jour cette politique de confidentialit\u00e9 de temps \u00e0 autre pour refl\u00e9ter les changements dans les exigences l\u00e9gales ou op\u00e9rationnelles. Toute mise \u00e0 jour sera publi\u00e9e sur cette page et, le cas \u00e9ch\u00e9ant, nous vous en informerons directement. <\/p>\n\n<p><strong>Derni\u00e8re mise \u00e0 jour :<\/strong> 22 novembre 2024<br\/><\/p>\n\n<p><span id=\"docs-internal-guid-8f69ac49-7fff-720c-c3f9-e299012d149c\"><div><span style=\"font-size: 12pt; font-family: Arial, sans-serif; color: rgb(13, 13, 13); background-color: transparent; font-variant-numeric: normal; font-variant-east-asian: normal; font-variant-alternates: normal; font-variant-position: normal; vertical-align: baseline;\"><\/span><\/div><\/span><\/p>\n","protected":false},"excerpt":{"rendered":"<p>1. Introduction Conscious Innovation Lab O\u00dc (\u00ab\u00a0nous\u00a0\u00bb, \u00ab\u00a0notre\u00a0\u00bb ou \u00ab\u00a0nos\u00a0\u00bb) s&rsquo;engage \u00e0 prot\u00e9ger vos donn\u00e9es \u00e0 caract\u00e8re personnel et \u00e0 respecter votre vie priv\u00e9e. La pr\u00e9sente politique de confidentialit\u00e9 d\u00e9crit la mani\u00e8re dont nous collectons, utilisons et prot\u00e9geons vos donn\u00e9es personnelles conform\u00e9ment au r\u00e8glement g\u00e9n\u00e9ral sur la protection des donn\u00e9es (RGPD). Coordonn\u00e9es :Conscious Innovation Lab [&hellip;]<\/p>\n","protected":false},"author":1,"featured_media":0,"parent":0,"menu_order":0,"comment_status":"closed","ping_status":"closed","template":"static-template-page.php","meta":{"_acf_changed":false,"footnotes":""},"class_list":["post-20165","page","type-page","status-publish","hentry"],"acf":[],"yoast_head":"<!-- This site is optimized with the Yoast SEO plugin v26.4 - https:\/\/yoast.com\/wordpress\/plugins\/seo\/ -->\n<title>Politique de confidentialit\u00e9 | Protection des donn\u00e9es et vie priv\u00e9e<\/title>\n<meta name=\"description\" content=\"Lisez la politique de confidentialit\u00e9 de My Palm Leaf pour comprendre comment nous prot\u00e9geons vos donn\u00e9es.\" \/>\n<meta name=\"robots\" content=\"index, follow, max-snippet:-1, max-image-preview:large, max-video-preview:-1\" \/>\n<link rel=\"canonical\" href=\"https:\/\/mypalmleaf.com\/privacy-policy\/\" \/>\n<meta property=\"og:locale\" content=\"fr_FR\" \/>\n<meta property=\"og:type\" content=\"article\" \/>\n<meta property=\"og:title\" content=\"Politique de confidentialit\u00e9 | Protection des donn\u00e9es et vie priv\u00e9e\" \/>\n<meta property=\"og:description\" content=\"Lisez la politique de confidentialit\u00e9 de My Palm Leaf pour comprendre comment nous prot\u00e9geons vos donn\u00e9es.\" \/>\n<meta property=\"og:url\" content=\"https:\/\/mypalmleaf.com\/privacy-policy\/\" \/>\n<meta property=\"og:site_name\" content=\"My Palm Leaf\" \/>\n<meta property=\"article:modified_time\" content=\"2025-02-19T07:43:22+00:00\" \/>\n<meta property=\"og:image\" content=\"https:\/\/mypalmleaf.com\/wp-content\/uploads\/2025\/08\/mpl-circle-logo.jpg\" \/>\n\t<meta property=\"og:image:width\" content=\"1200\" \/>\n\t<meta property=\"og:image:height\" content=\"1196\" \/>\n\t<meta property=\"og:image:type\" content=\"image\/jpeg\" \/>\n<meta name=\"twitter:card\" content=\"summary_large_image\" \/>\n<meta name=\"twitter:label1\" content=\"Dur\u00e9e de lecture estim\u00e9e\" \/>\n\t<meta name=\"twitter:data1\" content=\"4 minutes\" \/>\n<script type=\"application\/ld+json\" class=\"yoast-schema-graph\">{\"@context\":\"https:\/\/schema.org\",\"@graph\":[{\"@type\":\"WebPage\",\"@id\":\"https:\/\/mypalmleaf.com\/privacy-policy\/\",\"url\":\"https:\/\/mypalmleaf.com\/privacy-policy\/\",\"name\":\"Politique de confidentialit\u00e9 | Protection des donn\u00e9es et vie priv\u00e9e\",\"isPartOf\":{\"@id\":\"https:\/\/mypalmleaf.com\/#website\"},\"datePublished\":\"2024-09-05T05:53:33+00:00\",\"dateModified\":\"2025-02-19T07:43:22+00:00\",\"description\":\"Lisez la politique de confidentialit\u00e9 de My Palm Leaf pour comprendre comment nous prot\u00e9geons vos donn\u00e9es.\",\"breadcrumb\":{\"@id\":\"https:\/\/mypalmleaf.com\/privacy-policy\/#breadcrumb\"},\"inLanguage\":\"fr-FR\",\"potentialAction\":[{\"@type\":\"ReadAction\",\"target\":[\"https:\/\/mypalmleaf.com\/privacy-policy\/\"]}]},{\"@type\":\"BreadcrumbList\",\"@id\":\"https:\/\/mypalmleaf.com\/privacy-policy\/#breadcrumb\",\"itemListElement\":[{\"@type\":\"ListItem\",\"position\":1,\"name\":\"Home\",\"item\":\"https:\/\/mypalmleaf.com\/fr\/\"},{\"@type\":\"ListItem\",\"position\":2,\"name\":\"Politique de confidentialit\u00e9\"}]},{\"@type\":\"WebSite\",\"@id\":\"https:\/\/mypalmleaf.com\/#website\",\"url\":\"https:\/\/mypalmleaf.com\/\",\"name\":\"My Palm Leaf\",\"description\":\"\",\"potentialAction\":[{\"@type\":\"SearchAction\",\"target\":{\"@type\":\"EntryPoint\",\"urlTemplate\":\"https:\/\/mypalmleaf.com\/?s={search_term_string}\"},\"query-input\":{\"@type\":\"PropertyValueSpecification\",\"valueRequired\":true,\"valueName\":\"search_term_string\"}}],\"inLanguage\":\"fr-FR\"}]}<\/script>\n<!-- \/ Yoast SEO plugin. -->","yoast_head_json":{"title":"Politique de confidentialit\u00e9 | Protection des donn\u00e9es et vie priv\u00e9e","description":"Lisez la politique de confidentialit\u00e9 de My Palm Leaf pour comprendre comment nous prot\u00e9geons vos donn\u00e9es.","robots":{"index":"index","follow":"follow","max-snippet":"max-snippet:-1","max-image-preview":"max-image-preview:large","max-video-preview":"max-video-preview:-1"},"canonical":"https:\/\/mypalmleaf.com\/privacy-policy\/","og_locale":"fr_FR","og_type":"article","og_title":"Politique de confidentialit\u00e9 | Protection des donn\u00e9es et vie priv\u00e9e","og_description":"Lisez la politique de confidentialit\u00e9 de My Palm Leaf pour comprendre comment nous prot\u00e9geons vos donn\u00e9es.","og_url":"https:\/\/mypalmleaf.com\/privacy-policy\/","og_site_name":"My Palm Leaf","article_modified_time":"2025-02-19T07:43:22+00:00","og_image":[{"width":1200,"height":1196,"url":"https:\/\/mypalmleaf.com\/wp-content\/uploads\/2025\/08\/mpl-circle-logo.jpg","type":"image\/jpeg"}],"twitter_card":"summary_large_image","twitter_misc":{"Dur\u00e9e de lecture estim\u00e9e":"4 minutes"},"schema":{"@context":"https:\/\/schema.org","@graph":[{"@type":"WebPage","@id":"https:\/\/mypalmleaf.com\/privacy-policy\/","url":"https:\/\/mypalmleaf.com\/privacy-policy\/","name":"Politique de confidentialit\u00e9 | Protection des donn\u00e9es et vie priv\u00e9e","isPartOf":{"@id":"https:\/\/mypalmleaf.com\/#website"},"datePublished":"2024-09-05T05:53:33+00:00","dateModified":"2025-02-19T07:43:22+00:00","description":"Lisez la politique de confidentialit\u00e9 de My Palm Leaf pour comprendre comment nous prot\u00e9geons vos donn\u00e9es.","breadcrumb":{"@id":"https:\/\/mypalmleaf.com\/privacy-policy\/#breadcrumb"},"inLanguage":"fr-FR","potentialAction":[{"@type":"ReadAction","target":["https:\/\/mypalmleaf.com\/privacy-policy\/"]}]},{"@type":"BreadcrumbList","@id":"https:\/\/mypalmleaf.com\/privacy-policy\/#breadcrumb","itemListElement":[{"@type":"ListItem","position":1,"name":"Home","item":"https:\/\/mypalmleaf.com\/fr\/"},{"@type":"ListItem","position":2,"name":"Politique de confidentialit\u00e9"}]},{"@type":"WebSite","@id":"https:\/\/mypalmleaf.com\/#website","url":"https:\/\/mypalmleaf.com\/","name":"My Palm Leaf","description":"","potentialAction":[{"@type":"SearchAction","target":{"@type":"EntryPoint","urlTemplate":"https:\/\/mypalmleaf.com\/?s={search_term_string}"},"query-input":{"@type":"PropertyValueSpecification","valueRequired":true,"valueName":"search_term_string"}}],"inLanguage":"fr-FR"}]}},"_links":{"self":[{"href":"https:\/\/mypalmleaf.com\/fr\/wp-json\/wp\/v2\/pages\/20165","targetHints":{"allow":["GET"]}}],"collection":[{"href":"https:\/\/mypalmleaf.com\/fr\/wp-json\/wp\/v2\/pages"}],"about":[{"href":"https:\/\/mypalmleaf.com\/fr\/wp-json\/wp\/v2\/types\/page"}],"author":[{"embeddable":true,"href":"https:\/\/mypalmleaf.com\/fr\/wp-json\/wp\/v2\/users\/1"}],"replies":[{"embeddable":true,"href":"https:\/\/mypalmleaf.com\/fr\/wp-json\/wp\/v2\/comments?post=20165"}],"version-history":[{"count":0,"href":"https:\/\/mypalmleaf.com\/fr\/wp-json\/wp\/v2\/pages\/20165\/revisions"}],"wp:attachment":[{"href":"https:\/\/mypalmleaf.com\/fr\/wp-json\/wp\/v2\/media?parent=20165"}],"curies":[{"name":"wp","href":"https:\/\/api.w.org\/{rel}","templated":true}]}}