
{"id":20196,"date":"2024-08-14T18:58:17","date_gmt":"2024-08-14T18:58:17","guid":{"rendered":"https:\/\/mypalmleaf.com\/?page_id=20196"},"modified":"2024-09-24T06:38:38","modified_gmt":"2024-09-24T06:38:38","slug":"text-temoignages","status":"publish","type":"page","link":"https:\/\/mypalmleaf.com\/fr\/text-temoignages\/","title":{"rendered":"Text"},"content":{"rendered":"\n<section class=\"testimonial-block my-6 pt-5 pt-md-0 mb-4 mt-xs-4\">\n  <div class=\"container-xl\">\n    <div class=\"row\">\n      <div class=\"col text-center\">\n        <h1 class=\"py-4\">T\u00e9moignage<\/h1>\n      <\/div>\n    <\/div>\n    <div class=\"row\">\n      <div class=\"col text-center\">\n        <div class=\"tetimonial-tabs\">\n          <ul>\n            <li>\n              <ul>\n                                                  <li><a href=\"https:\/\/mypalmleaf.com\/fr\/temoignages\/\" class=\"\">Vid\u00e9o<\/a><\/li>\n                                                    <li><a href=\"javascript:;\" class=\"active\">Text<\/a><\/li>\n                                                <\/ul>\n            <\/li>\n          <\/ul>\n        <\/div>\n      <\/div>\n    <\/div>\n    <div class=\"row\">\n              <div class=\"col-lg-6 slider-wrap inner my-5\">\n          <div class=\"slides\">\n            <div class=\"wrap\">\n              <div class=\"user-img\"><img decoding=\"async\" src=\"https:\/\/mypalmleaf.com\/wp-content\/uploads\/2024\/09\/testimonials_crystal.jpg\" class=\"img-fluid rounded-circle\" alt=\"\"><\/div>\n              <div class=\"text\">\n                <p>\u201cMa lecture sur une feuille de palmier a \u00e9t\u00e9 \u00e9clairante et inspirante. D\u00e8s le d\u00e9but, j&rsquo;ai ressenti de nombreuses \u00e9motions li\u00e9es \u00e0 ma lecture : nervosit\u00e9 face au processus de travail, enthousiasme \u00e0 l&rsquo;id\u00e9e de d\u00e9couvrir ma feuille et \u00e9merveillement quant au contenu.\u201d<\/p>\n              <\/div>\n              <div class=\"name\">Crystal<\/div>\n            <\/div>\n          <\/div>\n        <\/div>\n              <div class=\"col-lg-6 slider-wrap inner my-5\">\n          <div class=\"slides\">\n            <div class=\"wrap\">\n              <div class=\"user-img\"><img decoding=\"async\" src=\"https:\/\/mypalmleaf.com\/wp-content\/uploads\/2024\/09\/testimonials_ricky.jpg\" class=\"img-fluid rounded-circle\" alt=\"\"><\/div>\n              <div class=\"text\">\n                <p>\u201cLa lecture de la feuille de palmier a \u00e9t\u00e9 un cadeau pr\u00e9cieux et nourrissant pour mon \u00e2me. Les id\u00e9es et les conseils des rishis ainsi que les rem\u00e8des ont \u00e9t\u00e9 une belle confirmation que je suis sur le bon chemin, un flot de foi et de confiance qui m&rsquo;a \u00e9t\u00e9 d&rsquo;un grand soutien.<\/p>\n<p>Quelques semaines apr\u00e8s la lecture de la feuille de palmier, je ressens la b\u00e9n\u00e9diction de la lecture, le lien avec cette tradition ancienne, et je peux voir certaines transformations se d\u00e9rouler.\u201d<\/p>\n              <\/div>\n              <div class=\"name\">Ricky<\/div>\n            <\/div>\n          <\/div>\n        <\/div>\n              <div class=\"col-lg-6 slider-wrap inner my-5\">\n          <div class=\"slides\">\n            <div class=\"wrap\">\n              <div class=\"user-img\"><img decoding=\"async\" src=\"https:\/\/mypalmleaf.com\/wp-content\/uploads\/2024\/09\/testimonials_aimee.jpg\" class=\"img-fluid rounded-circle\" alt=\"\"><\/div>\n              <div class=\"text\">\n                <p>\u201cTrouver ma feuille de palmier m&rsquo;a aid\u00e9e \u00e0 avoir plus confiance dans la vie et dans la fa\u00e7on dont les choses se passent. J&rsquo;ai toujours \u00e9t\u00e9 quelqu&rsquo;un qui se demandait si j&rsquo;\u00e9tais sur la bonne voie, ce qui m&rsquo;a emp\u00each\u00e9 d&rsquo;avancer \u00e0 bien des \u00e9gards. Les conseils que j&rsquo;ai re\u00e7us du Les rishis m&rsquo;ont donn\u00e9 un sentiment de \u201cpermission\u201d de vivre le chemin de vie auquel je me suis toujours senti appel\u00e9, et d&rsquo;avoir plus confiance dans mon processus et dans la fa\u00e7on dont les choses se d\u00e9roulent. Recevoir les b\u00e9n\u00e9dictions des rishis a \u00e9t\u00e9 un grand cadeau.\u201d<\/p>\n              <\/div>\n              <div class=\"name\">Aimee<\/div>\n            <\/div>\n          <\/div>\n        <\/div>\n              <div class=\"col-lg-6 slider-wrap inner my-5\">\n          <div class=\"slides\">\n            <div class=\"wrap\">\n              <div class=\"user-img\"><img decoding=\"async\" src=\"https:\/\/mypalmleaf.com\/wp-content\/uploads\/2024\/09\/testimonials_jair.jpg\" class=\"img-fluid rounded-circle\" alt=\"\"><\/div>\n              <div class=\"text\">\n                <p>\u201cMon exp\u00e9rience avec la lecture des feuilles de palmier a \u00e9t\u00e9 tr\u00e8s puissante. Quand j&rsquo;en ai entendu parler pour la premi\u00e8re fois, j&rsquo;\u00e9tais sceptique, mais ensuite, alors que j&rsquo;\u00e9tais assis dans ma conversation Zoom avec le brahmane et le traducteur tamoul, je pouvais clairement sentir l&rsquo;exactitude des informations que j&rsquo;avais. Je recevais et m&rsquo;ouvrais aux b\u00e9n\u00e9dictions des rishis et au caract\u00e8re sacr\u00e9 qui les sous-tend. Merci beaucoup pour cette exp\u00e9rience r\u00e9v\u00e9latrice.\u201d<\/p>\n              <\/div>\n              <div class=\"name\">Jair<\/div>\n            <\/div>\n          <\/div>\n        <\/div>\n              <div class=\"col-lg-6 slider-wrap inner my-5\">\n          <div class=\"slides\">\n            <div class=\"wrap\">\n              <div class=\"user-img\"><img decoding=\"async\" src=\"https:\/\/mypalmleaf.com\/wp-content\/uploads\/2024\/08\/thomas.jpg\" class=\"img-fluid rounded-circle\" alt=\"\"><\/div>\n              <div class=\"text\">\n                <p>\u201cJe suis plus qu&rsquo;heureux que la feuille de palmier m&rsquo;ait trouv\u00e9. Je suis toujours amen\u00e9 \u00e0 approfondir mon chemin et cette feuille de palmier est un outil incroyable pour cela.<\/p>\n<p>J\u2019ai h\u00e2te d\u2019appliquer les rem\u00e8des dans quelques jours pour la pleine lune qui approche.<\/p>\n<p>Merci St\u00e9phane d&rsquo;avoir coordonn\u00e9 et facilit\u00e9 l&rsquo;acc\u00e8s \u00e0 la feuille de palmier pour tous, c&rsquo;est un grand cadeau pour l&rsquo;humanit\u00e9.\u201d<\/p>\n              <\/div>\n              <div class=\"name\">Thomas<\/div>\n            <\/div>\n          <\/div>\n        <\/div>\n              <div class=\"col-lg-6 slider-wrap inner my-5\">\n          <div class=\"slides\">\n            <div class=\"wrap\">\n              <div class=\"user-img\"><img decoding=\"async\" src=\"https:\/\/mypalmleaf.com\/wp-content\/uploads\/2024\/08\/casey.jpg\" class=\"img-fluid rounded-circle\" alt=\"\"><\/div>\n              <div class=\"text\">\n                <p>\u201cTrouver ma feuille de palmier a \u00e9t\u00e9 plus marquant et sacr\u00e9 que ce \u00e0 quoi je m&rsquo;attendais. Toutes les personnes impliqu\u00e9es \u00e9taient vraiment authentiques et je me suis senti b\u00e9ni d&rsquo;avoir leur soutien. La lecture m&rsquo;a aid\u00e9e \u00e0 faire davantage confiance et \u00e0 m&rsquo;abandonner \u00e0 l&rsquo;amour. Cela m&rsquo;a confirm\u00e9 quel karma et quels d\u00e9fis J&rsquo;ai besoin de me d\u00e9passer dans ma vie, ce qui me permet d\u00e9j\u00e0 plus de fluidit\u00e9 et d&rsquo;ouverture dans la vie.<\/p>\n<p>Merci beaucoup.\u201d<\/p>\n              <\/div>\n              <div class=\"name\">Casey<\/div>\n            <\/div>\n          <\/div>\n        <\/div>\n          <\/div>\n        <\/div>\n  <\/div>\n      <div class=\"parallax-item-5 parallax-item\" data-speed=\"parallax-item-7\"><img decoding=\"async\" src=\"https:\/\/mypalmleaf.com\/wp-content\/uploads\/2024\/08\/parallax-item-5-2.png\" class=\"img-fluid\" alt=\"\"><\/div>\n  <\/section>","protected":false},"excerpt":{"rendered":"","protected":false},"author":1,"featured_media":0,"parent":0,"menu_order":0,"comment_status":"closed","ping_status":"closed","template":"","meta":{"_acf_changed":false,"footnotes":""},"class_list":["post-20196","page","type-page","status-publish","hentry"],"acf":[],"yoast_head":"<!-- This site is optimized with the Yoast SEO plugin v26.4 - https:\/\/yoast.com\/wordpress\/plugins\/seo\/ -->\n<title>Text - My Palm Leaf<\/title>\n<meta name=\"robots\" content=\"index, follow, max-snippet:-1, max-image-preview:large, max-video-preview:-1\" \/>\n<link rel=\"canonical\" href=\"https:\/\/mypalmleaf.com\/fr\/text-temoignages\/\" \/>\n<meta property=\"og:locale\" content=\"fr_FR\" \/>\n<meta property=\"og:type\" content=\"article\" \/>\n<meta property=\"og:title\" content=\"Text - My Palm Leaf\" \/>\n<meta property=\"og:url\" content=\"https:\/\/mypalmleaf.com\/fr\/text-temoignages\/\" \/>\n<meta property=\"og:site_name\" content=\"My Palm Leaf\" \/>\n<meta property=\"article:modified_time\" content=\"2024-09-24T06:38:38+00:00\" \/>\n<meta property=\"og:image\" content=\"https:\/\/mypalmleaf.com\/wp-content\/uploads\/2025\/08\/mpl-circle-logo.jpg\" \/>\n\t<meta property=\"og:image:width\" content=\"1200\" \/>\n\t<meta property=\"og:image:height\" content=\"1196\" \/>\n\t<meta property=\"og:image:type\" content=\"image\/jpeg\" \/>\n<meta name=\"twitter:card\" content=\"summary_large_image\" \/>\n<script type=\"application\/ld+json\" class=\"yoast-schema-graph\">{\"@context\":\"https:\/\/schema.org\",\"@graph\":[{\"@type\":\"WebPage\",\"@id\":\"https:\/\/mypalmleaf.com\/fr\/text-temoignages\/\",\"url\":\"https:\/\/mypalmleaf.com\/fr\/text-temoignages\/\",\"name\":\"Text - My Palm Leaf\",\"isPartOf\":{\"@id\":\"https:\/\/mypalmleaf.com\/#website\"},\"datePublished\":\"2024-08-14T18:58:17+00:00\",\"dateModified\":\"2024-09-24T06:38:38+00:00\",\"breadcrumb\":{\"@id\":\"https:\/\/mypalmleaf.com\/fr\/text-temoignages\/#breadcrumb\"},\"inLanguage\":\"fr-FR\",\"potentialAction\":[{\"@type\":\"ReadAction\",\"target\":[\"https:\/\/mypalmleaf.com\/fr\/text-temoignages\/\"]}]},{\"@type\":\"BreadcrumbList\",\"@id\":\"https:\/\/mypalmleaf.com\/fr\/text-temoignages\/#breadcrumb\",\"itemListElement\":[{\"@type\":\"ListItem\",\"position\":1,\"name\":\"Home\",\"item\":\"https:\/\/mypalmleaf.com\/fr\/\"},{\"@type\":\"ListItem\",\"position\":2,\"name\":\"Text\"}]},{\"@type\":\"WebSite\",\"@id\":\"https:\/\/mypalmleaf.com\/#website\",\"url\":\"https:\/\/mypalmleaf.com\/\",\"name\":\"My Palm Leaf\",\"description\":\"\",\"potentialAction\":[{\"@type\":\"SearchAction\",\"target\":{\"@type\":\"EntryPoint\",\"urlTemplate\":\"https:\/\/mypalmleaf.com\/?s={search_term_string}\"},\"query-input\":{\"@type\":\"PropertyValueSpecification\",\"valueRequired\":true,\"valueName\":\"search_term_string\"}}],\"inLanguage\":\"fr-FR\"}]}<\/script>\n<!-- \/ Yoast SEO plugin. -->","yoast_head_json":{"title":"Text - My Palm Leaf","robots":{"index":"index","follow":"follow","max-snippet":"max-snippet:-1","max-image-preview":"max-image-preview:large","max-video-preview":"max-video-preview:-1"},"canonical":"https:\/\/mypalmleaf.com\/fr\/text-temoignages\/","og_locale":"fr_FR","og_type":"article","og_title":"Text - My Palm Leaf","og_url":"https:\/\/mypalmleaf.com\/fr\/text-temoignages\/","og_site_name":"My Palm Leaf","article_modified_time":"2024-09-24T06:38:38+00:00","og_image":[{"width":1200,"height":1196,"url":"https:\/\/mypalmleaf.com\/wp-content\/uploads\/2025\/08\/mpl-circle-logo.jpg","type":"image\/jpeg"}],"twitter_card":"summary_large_image","schema":{"@context":"https:\/\/schema.org","@graph":[{"@type":"WebPage","@id":"https:\/\/mypalmleaf.com\/fr\/text-temoignages\/","url":"https:\/\/mypalmleaf.com\/fr\/text-temoignages\/","name":"Text - My Palm Leaf","isPartOf":{"@id":"https:\/\/mypalmleaf.com\/#website"},"datePublished":"2024-08-14T18:58:17+00:00","dateModified":"2024-09-24T06:38:38+00:00","breadcrumb":{"@id":"https:\/\/mypalmleaf.com\/fr\/text-temoignages\/#breadcrumb"},"inLanguage":"fr-FR","potentialAction":[{"@type":"ReadAction","target":["https:\/\/mypalmleaf.com\/fr\/text-temoignages\/"]}]},{"@type":"BreadcrumbList","@id":"https:\/\/mypalmleaf.com\/fr\/text-temoignages\/#breadcrumb","itemListElement":[{"@type":"ListItem","position":1,"name":"Home","item":"https:\/\/mypalmleaf.com\/fr\/"},{"@type":"ListItem","position":2,"name":"Text"}]},{"@type":"WebSite","@id":"https:\/\/mypalmleaf.com\/#website","url":"https:\/\/mypalmleaf.com\/","name":"My Palm Leaf","description":"","potentialAction":[{"@type":"SearchAction","target":{"@type":"EntryPoint","urlTemplate":"https:\/\/mypalmleaf.com\/?s={search_term_string}"},"query-input":{"@type":"PropertyValueSpecification","valueRequired":true,"valueName":"search_term_string"}}],"inLanguage":"fr-FR"}]}},"_links":{"self":[{"href":"https:\/\/mypalmleaf.com\/fr\/wp-json\/wp\/v2\/pages\/20196","targetHints":{"allow":["GET"]}}],"collection":[{"href":"https:\/\/mypalmleaf.com\/fr\/wp-json\/wp\/v2\/pages"}],"about":[{"href":"https:\/\/mypalmleaf.com\/fr\/wp-json\/wp\/v2\/types\/page"}],"author":[{"embeddable":true,"href":"https:\/\/mypalmleaf.com\/fr\/wp-json\/wp\/v2\/users\/1"}],"replies":[{"embeddable":true,"href":"https:\/\/mypalmleaf.com\/fr\/wp-json\/wp\/v2\/comments?post=20196"}],"version-history":[{"count":0,"href":"https:\/\/mypalmleaf.com\/fr\/wp-json\/wp\/v2\/pages\/20196\/revisions"}],"wp:attachment":[{"href":"https:\/\/mypalmleaf.com\/fr\/wp-json\/wp\/v2\/media?parent=20196"}],"curies":[{"name":"wp","href":"https:\/\/api.w.org\/{rel}","templated":true}]}}