
{"id":45190,"date":"2024-10-26T17:42:47","date_gmt":"2024-10-26T17:42:47","guid":{"rendered":"https:\/\/mypalmleaf.com\/gestionnaire-des-affilies-et-des-partenariats\/"},"modified":"2025-03-31T08:13:58","modified_gmt":"2025-03-31T08:13:58","slug":"gestionnaire-des-affilies-et-des-partenariats","status":"publish","type":"page","link":"https:\/\/mypalmleaf.com\/fr\/gestionnaire-des-affilies-et-des-partenariats\/","title":{"rendered":"Gestionnaire des affili\u00e9s et des partenariats"},"content":{"rendered":"\n<section class=\"spotlight-main small top-gap\">\n    <!-- <div class=\"slider-wrap\" data-flickity='{ \"cellAlign\": \"left\", \"contain\": true, \"wrapAround\": true, \"setGallerySize\": false }'> -->\n    <div class=\"slider-wrap\" data-flickity='{ \"cellAlign\": \"left\", \"contain\": true, \"wrapAround\": true, \"setGallerySize\": false  }'>\n            <div class=\"slides\">\n        <div class=\"content-wrap\">\n          <div class=\"image\">\n            <picture>\n              <source media=\"(max-width: 999px)\" srcset=\"https:\/\/mypalmleaf.com\/wp-content\/uploads\/2024\/09\/join-us-spotlight-new-mob.jpg\" \/>\n              <source media=\"(min-width: 1000px)\" srcset=\"https:\/\/mypalmleaf.com\/wp-content\/uploads\/2024\/09\/join-us-spotlight-new.jpg\" \/>\n              <img decoding=\"async\" src=\"https:\/\/mypalmleaf.com\/wp-content\/uploads\/2024\/09\/join-us-spotlight-new.jpg\" class=\"img-fluid\" alt=\"\" \/>\n            <\/picture>\n          <\/div>\n          <div class=\"content\">\n            <div data-aos=\"fade-up\" data-aos-duration=\"1000\">\n              <h2 class=\"\">Gestionnaire des affili\u00e9s et des partenariats<\/h2>\n                                 \n            <\/div>\n          <\/div>\n        <\/div>\n      <\/div>\n          <\/div>\n<\/section><section class=\"join-us-block my-6 position-relative\">\n  <div class=\"container-xl\">\n    <div class=\"row mb-4 justify-content-center\">\n      <div class=\"col-lg-10 text-center\" data-aos=\"fade-up\" data-aos-duration=\"1000\">\n        <p>MyPalmLeaf est \u00e0 la recherche d&rsquo;un Affiliate and Partnership Manager (APM) passionn\u00e9 et tr\u00e8s motiv\u00e9 pour renforcer les partenariats existants et forger de nouvelles connexions, en partageant la sagesse ancestrale des lectures de feuilles de palmier avec le monde entier.<\/p>\n      <\/div>\n    <\/div>\n    <div class=\"row my-5 justify-content-between\" data-aos=\"fade-up\" data-aos-duration=\"1000\">\n          <\/div>\n  <\/div>\n  <\/section><section class=\"tabs-wrapper my-6 mt-0\">\n  <div class=\"container-xl\">\n    <div class=\"row\">\n      <div class=\"tabs-container\" data-aos=\"fade-up\" data-aos-duration=\"1000\">\n        <ul class=\"tabs\">\n                                <li class=\"tab-button active\" data-target=\"tab1\">Ce que nous attendons de vous<\/li>\n                                  <li class=\"tab-button active\" data-target=\"tab2\">Les objectifs de l&rsquo;APM<\/li>\n                                  <li class=\"tab-button active\" data-target=\"tab3\">En quoi consiste votre r\u00f4le ?<\/li>\n                                  <li class=\"tab-button active\" data-target=\"tab4\">Ce que nous offrons<\/li>\n                              <\/ul>\n        <div class=\"tab-content\">\n                                <div id=\"tab1\" class=\"tab-pane active\">\n              <ul>\n<li><strong>Alignement sur notre mission :<\/strong> Vous \u00eates profond\u00e9ment li\u00e9 \u00e0 l&rsquo;objectif de MyPalmLeaf qui est de partager des lectures qui transforment la vie dans le monde entier.<\/li>\n<li><strong>Ma\u00eetrise de l&rsquo;anglais et de l&rsquo;allemand :<\/strong> vous communiquez clairement et efficacement dans les deux langues.<\/li>\n<li><strong>Esprit d&rsquo;\u00e9quipe :<\/strong> Vous aimez faire partie d&rsquo;une \u00e9quipe solidaire et motiv\u00e9e, et vous vous \u00e9panouissez dans un environnement o\u00f9 la collaboration et le soutien mutuel sont essentiels.<\/li>\n<li><strong>Int\u00e9grit\u00e9 :<\/strong> Vous donnez l&rsquo;exemple en restant toujours fid\u00e8le \u00e0 votre parole.<\/li>\n<li><strong>Vous \u00eates motiv\u00e9 :<\/strong> Vous \u00eates capable de travailler de mani\u00e8re ind\u00e9pendante, de prendre des initiatives pour d\u00e9velopper et diriger des projets, tout en \u00e9tant un solide joueur d&rsquo;\u00e9quipe avec des comp\u00e9tences de leadership \u00e9mergentes.\n<\/li>\n<li><strong>Un engagement in\u00e9branlable :<\/strong> Vous vous investissez \u00e0 150 %, faisant preuve de pers\u00e9v\u00e9rance et de d\u00e9vouement dans tout ce que vous entreprenez.<\/li>\n<li><strong>Vous apprenez tout au long de votre vie :<\/strong> Vous vous engagez \u00e0 poursuivre votre d\u00e9veloppement personnel et professionnel.<\/li>\n<\/ul>\n            <\/div>\n                                  <div id=\"tab2\" class=\"tab-pane active\">\n              <p>Votre objectif principal sera de cr\u00e9er des <strong>partenariats gagnant-gagnant<\/strong> avec des organisations et des individus qui s&rsquo;inscrivent dans la mission de MyPalmLeaf. Vos efforts viseront \u00e0 : <\/p>\n<ul>\n<li>Augmentez les r\u00e9servations pour la lecture de feuilles de palmier.<\/li>\n<li>Renforcer la notori\u00e9t\u00e9 de la marque MyPalmLeaf \u00e0 l&rsquo;\u00e9chelle mondiale.<\/li>\n<\/ul>\n            <\/div>\n                                  <div id=\"tab3\" class=\"tab-pane active\">\n              <p>En tant qu&rsquo;APM, vous devrez<\/p>\n<ul>\n<li>Tendez activement la main aux partenaires potentiels, qu&rsquo;il s&rsquo;agisse d&rsquo;individus ou d&rsquo;organisations, afin de cultiver des partenariats mutuellement b\u00e9n\u00e9fiques.<\/li>\n<li>D\u00e9velopper et g\u00e9rer le programme d&rsquo;affiliation de MyPalmLeaf.<\/li>\n<li>Collaborer avec des agences d&rsquo;influence pour d\u00e9velopper notre pr\u00e9sence en allemand, anglais, japonais, chinois et sur les march\u00e9s \u00e9mergents.<\/li>\n<\/ul>\n            <\/div>\n                                  <div id=\"tab4\" class=\"tab-pane active\">\n              <p>Nous vous enverrons une explication d\u00e9taill\u00e9e sur le paiement apr\u00e8s avoir re\u00e7u votre demande.<\/p>\n<ul>\n<li><strong>Une mission utile :<\/strong> Participez \u00e0 une mission spirituelle, significative et b\u00e9n\u00e9fique pour le monde.<\/li>\n<li>Un environnement d&rsquo;\u00e9quipe favorable : Rejoignez une \u00e9quipe passionn\u00e9e qui encourage votre d\u00e9veloppement personnel et professionnel.<\/li>\n<li>Flexibilit\u00e9 : B\u00e9n\u00e9ficiez d&rsquo;un poste flexible, ind\u00e9pendant du lieu de travail, avec des possibilit\u00e9s de co-cr\u00e9ation au sein d&rsquo;une organisation spirituelle en pleine croissance.<\/li>\n<li>Une r\u00e9mun\u00e9ration comp\u00e9titive : Vous recevrez une r\u00e9mun\u00e9ration comp\u00e9titive comprenant un salaire de base et des primes bas\u00e9es sur les performances.<\/li>\n<\/ul>\n            <\/div>\n                              <\/div>\n      <\/div>\n    <\/div>\n  <\/div>\n<\/section><section class=\"how-to-apply my-6 mt-0\">\n  <div class=\"container-xl\">\n    <div class=\"row\">\n      <div class=\"col-lg-10 mx-auto\" >\n        <div class=\"dual-col \">\n          <div class=\"title\">\n            <img decoding=\"async\" src=\"https:\/\/mypalmleaf.com\/wp-content\/uploads\/2024\/08\/title-bg.png\" alt=\"\" class=\"img-fluid\">\n            <div class=\"text\">Comment postuler<\/div>\n          <\/div>\n          <div class=\"desc\">\n            <p>Pour postuler, il vous suffit d&rsquo;enregistrer une vid\u00e9o de 1 \u00e0 4 minutes dans laquelle vous vous pr\u00e9sentez. Dans votre vid\u00e9o, dites-nous : <\/p>\n<ul>\n<li>1) Parlez-nous un peu de vous.<\/li>\n<li>2) Pourquoi vous voulez faire partie de MyPalmLeaf.<\/li>\n<li>3) Pourquoi vous pensez \u00eatre le candidat id\u00e9al pour ce poste.<\/li>\n<\/ul>\n<p>Envoyez votre vid\u00e9o \u00e0 <a href=\"mailto:info@mypalmleaf.com\">info@mypalmleaf.com<\/a>. C&rsquo;est la seule fa\u00e7on de postuler. Veuillez noter que nous ne r\u00e9pondrons pas aux demandes d&rsquo;informations compl\u00e9mentaires ni aux soumissions de CV, car nous recherchons des personnes proactives pr\u00eates \u00e0 passer \u00e0 l&rsquo;action. Montrez-nous votre \u00e9nergie et votre enthousiasme \u00e0 travers votre vid\u00e9o ! <\/p>\n<div class=\"btm-contact\">Nous sommes impatients de vous entendre !<\/div>\n          <\/div>\n        <\/div>\n      <\/div>\n    <\/div>\n  <\/div>\n<\/section>","protected":false},"excerpt":{"rendered":"","protected":false},"author":1,"featured_media":0,"parent":0,"menu_order":0,"comment_status":"closed","ping_status":"closed","template":"","meta":{"_acf_changed":false,"footnotes":""},"class_list":["post-45190","page","type-page","status-publish","hentry"],"acf":[],"yoast_head":"<!-- This site is optimized with the Yoast SEO plugin v26.4 - https:\/\/yoast.com\/wordpress\/plugins\/seo\/ -->\n<title>R\u00f4le de responsable des affiliations et des partenariats<\/title>\n<meta name=\"description\" content=\"Rejoignez l&#039;\u00e9quipe en tant que gestionnaire des affiliations et partenariats. D\u00e9veloppez des relations strat\u00e9giques et contribuez \u00e0 une mission spirituelle.\" \/>\n<meta name=\"robots\" content=\"index, follow, max-snippet:-1, max-image-preview:large, max-video-preview:-1\" \/>\n<link rel=\"canonical\" href=\"https:\/\/mypalmleaf.com\/affiliate_and_parterships_manager\/\" \/>\n<meta property=\"og:locale\" content=\"fr_FR\" \/>\n<meta property=\"og:type\" content=\"article\" \/>\n<meta property=\"og:title\" content=\"R\u00f4le de responsable des affiliations et des partenariats\" \/>\n<meta property=\"og:description\" content=\"Rejoignez l&#039;\u00e9quipe en tant que gestionnaire des affiliations et partenariats. D\u00e9veloppez des relations strat\u00e9giques et contribuez \u00e0 une mission spirituelle.\" \/>\n<meta property=\"og:url\" content=\"https:\/\/mypalmleaf.com\/affiliate_and_parterships_manager\/\" \/>\n<meta property=\"og:site_name\" content=\"My Palm Leaf\" \/>\n<meta property=\"article:modified_time\" content=\"2025-03-31T08:13:58+00:00\" \/>\n<meta property=\"og:image\" content=\"https:\/\/mypalmleaf.com\/wp-content\/uploads\/2025\/08\/mpl-circle-logo.jpg\" \/>\n\t<meta property=\"og:image:width\" content=\"1200\" \/>\n\t<meta property=\"og:image:height\" content=\"1196\" \/>\n\t<meta property=\"og:image:type\" content=\"image\/jpeg\" \/>\n<meta name=\"twitter:card\" content=\"summary_large_image\" \/>\n<script type=\"application\/ld+json\" class=\"yoast-schema-graph\">{\"@context\":\"https:\/\/schema.org\",\"@graph\":[{\"@type\":\"WebPage\",\"@id\":\"https:\/\/mypalmleaf.com\/affiliate_and_parterships_manager\/\",\"url\":\"https:\/\/mypalmleaf.com\/affiliate_and_parterships_manager\/\",\"name\":\"R\u00f4le de responsable des affiliations et des partenariats\",\"isPartOf\":{\"@id\":\"https:\/\/mypalmleaf.com\/#website\"},\"datePublished\":\"2024-10-26T17:42:47+00:00\",\"dateModified\":\"2025-03-31T08:13:58+00:00\",\"description\":\"Rejoignez l'\u00e9quipe en tant que gestionnaire des affiliations et partenariats. D\u00e9veloppez des relations strat\u00e9giques et contribuez \u00e0 une mission spirituelle.\",\"breadcrumb\":{\"@id\":\"https:\/\/mypalmleaf.com\/affiliate_and_parterships_manager\/#breadcrumb\"},\"inLanguage\":\"fr-FR\",\"potentialAction\":[{\"@type\":\"ReadAction\",\"target\":[\"https:\/\/mypalmleaf.com\/affiliate_and_parterships_manager\/\"]}]},{\"@type\":\"BreadcrumbList\",\"@id\":\"https:\/\/mypalmleaf.com\/affiliate_and_parterships_manager\/#breadcrumb\",\"itemListElement\":[{\"@type\":\"ListItem\",\"position\":1,\"name\":\"Home\",\"item\":\"https:\/\/mypalmleaf.com\/fr\/\"},{\"@type\":\"ListItem\",\"position\":2,\"name\":\"Gestionnaire des affili\u00e9s et des partenariats\"}]},{\"@type\":\"WebSite\",\"@id\":\"https:\/\/mypalmleaf.com\/#website\",\"url\":\"https:\/\/mypalmleaf.com\/\",\"name\":\"My Palm Leaf\",\"description\":\"\",\"potentialAction\":[{\"@type\":\"SearchAction\",\"target\":{\"@type\":\"EntryPoint\",\"urlTemplate\":\"https:\/\/mypalmleaf.com\/?s={search_term_string}\"},\"query-input\":{\"@type\":\"PropertyValueSpecification\",\"valueRequired\":true,\"valueName\":\"search_term_string\"}}],\"inLanguage\":\"fr-FR\"}]}<\/script>\n<!-- \/ Yoast SEO plugin. -->","yoast_head_json":{"title":"R\u00f4le de responsable des affiliations et des partenariats","description":"Rejoignez l'\u00e9quipe en tant que gestionnaire des affiliations et partenariats. D\u00e9veloppez des relations strat\u00e9giques et contribuez \u00e0 une mission spirituelle.","robots":{"index":"index","follow":"follow","max-snippet":"max-snippet:-1","max-image-preview":"max-image-preview:large","max-video-preview":"max-video-preview:-1"},"canonical":"https:\/\/mypalmleaf.com\/affiliate_and_parterships_manager\/","og_locale":"fr_FR","og_type":"article","og_title":"R\u00f4le de responsable des affiliations et des partenariats","og_description":"Rejoignez l'\u00e9quipe en tant que gestionnaire des affiliations et partenariats. D\u00e9veloppez des relations strat\u00e9giques et contribuez \u00e0 une mission spirituelle.","og_url":"https:\/\/mypalmleaf.com\/affiliate_and_parterships_manager\/","og_site_name":"My Palm Leaf","article_modified_time":"2025-03-31T08:13:58+00:00","og_image":[{"width":1200,"height":1196,"url":"https:\/\/mypalmleaf.com\/wp-content\/uploads\/2025\/08\/mpl-circle-logo.jpg","type":"image\/jpeg"}],"twitter_card":"summary_large_image","schema":{"@context":"https:\/\/schema.org","@graph":[{"@type":"WebPage","@id":"https:\/\/mypalmleaf.com\/affiliate_and_parterships_manager\/","url":"https:\/\/mypalmleaf.com\/affiliate_and_parterships_manager\/","name":"R\u00f4le de responsable des affiliations et des partenariats","isPartOf":{"@id":"https:\/\/mypalmleaf.com\/#website"},"datePublished":"2024-10-26T17:42:47+00:00","dateModified":"2025-03-31T08:13:58+00:00","description":"Rejoignez l'\u00e9quipe en tant que gestionnaire des affiliations et partenariats. D\u00e9veloppez des relations strat\u00e9giques et contribuez \u00e0 une mission spirituelle.","breadcrumb":{"@id":"https:\/\/mypalmleaf.com\/affiliate_and_parterships_manager\/#breadcrumb"},"inLanguage":"fr-FR","potentialAction":[{"@type":"ReadAction","target":["https:\/\/mypalmleaf.com\/affiliate_and_parterships_manager\/"]}]},{"@type":"BreadcrumbList","@id":"https:\/\/mypalmleaf.com\/affiliate_and_parterships_manager\/#breadcrumb","itemListElement":[{"@type":"ListItem","position":1,"name":"Home","item":"https:\/\/mypalmleaf.com\/fr\/"},{"@type":"ListItem","position":2,"name":"Gestionnaire des affili\u00e9s et des partenariats"}]},{"@type":"WebSite","@id":"https:\/\/mypalmleaf.com\/#website","url":"https:\/\/mypalmleaf.com\/","name":"My Palm Leaf","description":"","potentialAction":[{"@type":"SearchAction","target":{"@type":"EntryPoint","urlTemplate":"https:\/\/mypalmleaf.com\/?s={search_term_string}"},"query-input":{"@type":"PropertyValueSpecification","valueRequired":true,"valueName":"search_term_string"}}],"inLanguage":"fr-FR"}]}},"_links":{"self":[{"href":"https:\/\/mypalmleaf.com\/fr\/wp-json\/wp\/v2\/pages\/45190","targetHints":{"allow":["GET"]}}],"collection":[{"href":"https:\/\/mypalmleaf.com\/fr\/wp-json\/wp\/v2\/pages"}],"about":[{"href":"https:\/\/mypalmleaf.com\/fr\/wp-json\/wp\/v2\/types\/page"}],"author":[{"embeddable":true,"href":"https:\/\/mypalmleaf.com\/fr\/wp-json\/wp\/v2\/users\/1"}],"replies":[{"embeddable":true,"href":"https:\/\/mypalmleaf.com\/fr\/wp-json\/wp\/v2\/comments?post=45190"}],"version-history":[{"count":1,"href":"https:\/\/mypalmleaf.com\/fr\/wp-json\/wp\/v2\/pages\/45190\/revisions"}],"predecessor-version":[{"id":89706,"href":"https:\/\/mypalmleaf.com\/fr\/wp-json\/wp\/v2\/pages\/45190\/revisions\/89706"}],"wp:attachment":[{"href":"https:\/\/mypalmleaf.com\/fr\/wp-json\/wp\/v2\/media?parent=45190"}],"curies":[{"name":"wp","href":"https:\/\/api.w.org\/{rel}","templated":true}]}}