
{"id":45491,"date":"2024-11-10T05:53:12","date_gmt":"2024-11-10T05:53:12","guid":{"rendered":"https:\/\/mypalmleaf.com\/homa\/"},"modified":"2025-04-30T10:08:06","modified_gmt":"2025-04-30T10:08:06","slug":"homa","status":"publish","type":"page","link":"https:\/\/mypalmleaf.com\/fr\/homa\/","title":{"rendered":"Homa"},"content":{"rendered":"\n<section class=\"spotlight-main small top-gap\">\n    <!-- <div class=\"slider-wrap\" data-flickity='{ \"cellAlign\": \"left\", \"contain\": true, \"wrapAround\": true, \"setGallerySize\": false }'> -->\n    <div class=\"slider-wrap\" data-flickity='{ \"cellAlign\": \"left\", \"contain\": true, \"wrapAround\": true, \"setGallerySize\": false  }'>\n            <div class=\"slides\">\n        <div class=\"content-wrap\">\n          <div class=\"image\">\n            <picture>\n              <source media=\"(max-width: 999px)\" srcset=\"https:\/\/mypalmleaf.com\/wp-content\/uploads\/2024\/11\/homas-spotlight-mob.jpg\" \/>\n              <source media=\"(min-width: 1000px)\" srcset=\"https:\/\/mypalmleaf.com\/wp-content\/uploads\/2024\/11\/homas-spotlight.jpg\" \/>\n              <img decoding=\"async\" src=\"https:\/\/mypalmleaf.com\/wp-content\/uploads\/2024\/11\/homas-spotlight.jpg\" class=\"img-fluid\" alt=\"\" \/>\n            <\/picture>\n          <\/div>\n          <div class=\"content\">\n            <div data-aos=\"fade-up\" data-aos-duration=\"1000\">\n              <h2 class=\"\">Homas : C\u00e9r\u00e9monies du feu sacr\u00e9 pour la transformation karmique<\/h2>\n              <p>D\u00e9couvrez les anciens rituels v\u00e9diques r\u00e9alis\u00e9s pour apporter b\u00e9n\u00e9diction, purification et harmonie dans votre vie.  <\/p>\n                                  <a href=\"\/prices\/fire-ceremony-homa\/\" class=\"btn btn-primary\">R\u00e9servez votre Homas<\/a>\n                   \n            <\/div>\n          <\/div>\n        <\/div>\n      <\/div>\n          <\/div>\n<\/section>\n<section class=\"my-6 position-relative\">\n    <div class=\"container-xl\" data-aos=\"fade-up\" data-aos-duration=\"1000\">\n      <div class=\"row align-items-center\">\n        <div class=\"col-lg-5 mb-4 mb-lg-0\">\n          <div class=\"rounded-asset\">\n            <img decoding=\"async\" src=\"https:\/\/mypalmleaf.com\/wp-content\/uploads\/2024\/11\/yt-thumb-homa.jpg\" class=\"img-fluid\" alt=\"\"><div class=\"play-icon\"><\/div>\n            <a href=\"https:\/\/www.youtube.com\/watch?v=63svn4g1Z5U\" class=\"stretched-link\" data-lity><\/a>\n          <\/div>\n        <\/div>\n        <div class=\"col-lg-7\">\n          <h2 class=\"mb-4\">Quelles sont les c\u00e9r\u00e9monies du feu Homa ?<\/h2>\n          <p>Les homas, \u00e9galement connus sous le nom de c\u00e9r\u00e9monies du feu, sont de puissants rituels v\u00e9diques pratiqu\u00e9s pour invoquer les \u00e9nergies divines, \u00e9liminer les influences karmiques n\u00e9gatives et \u00e9quilibrer les diff\u00e9rents aspects de la vie. Gr\u00e2ce \u00e0 l&rsquo;\u00e9l\u00e9ment sacr\u00e9 qu&rsquo;est le feu, des offrandes sont faites aux divinit\u00e9s et l&rsquo;\u00e9nergie transformatrice du rituel apporte b\u00e9n\u00e9dictions, purification et gu\u00e9rison. <\/p>\n<p>Ces c\u00e9r\u00e9monies sont dirig\u00e9es par des pr\u00eatres v\u00e9diques exp\u00e9riment\u00e9s qui chantent des mantras sacr\u00e9s et font des offrandes au feu sacr\u00e9, amplifiant ainsi l&rsquo;intention et l&rsquo;effet du rituel.<\/p>\n        <\/div>\n      <\/div>\n    <\/div>\n    <\/section>\n<section class=\"my-6 position-relative\">\n  <div class=\"container-xl aos-init aos-animate\" data-aos=\"fade-up\" data-aos-duration=\"1000\">\n    <div class=\"row align-items-center\">\n      <div class=\"col-lg-7\">\n        <h2 class=\"mb-4\">En quoi le Hamas peut-il vous \u00eatre utile ?<\/h2>\n<p>Chaque c\u00e9r\u00e9monie Homa a un but unique, qu&rsquo;il s&rsquo;agisse de surmonter des obstacles, d&rsquo;am\u00e9liorer la sant\u00e9, d&rsquo;inviter \u00e0 la prosp\u00e9rit\u00e9 ou d&rsquo;effacer un karma n\u00e9gatif.<\/p>\n<p>Voici comment Tomas peut transformer votre vie :  <\/p>\n        <ul>\n<li>Gu\u00e9rison karmique : Lib\u00e9rez les dettes karmiques pass\u00e9es et attirez les influences karmiques positives.  <\/li>\n<li>Purification : Nettoyez votre aura et votre environnement des \u00e9nergies n\u00e9gatives.  <\/li>\n<li>B\u00e9n\u00e9dictions et prosp\u00e9rit\u00e9 : Invoquez des b\u00e9n\u00e9dictions pour la sant\u00e9, la richesse, les relations et le bien-\u00eatre en g\u00e9n\u00e9ral.  <\/li>\n<li>Protection et harmonie : Renforce la protection spirituelle et apporte de l&rsquo;harmonie \u00e0 votre vie.  <\/li>\n<\/ul>\n<div class=\"dual-btn-cont mt-4\">\n<ul>\n<li><a href=\"https:\/\/mypalmleaf.com\/fr\/prix\/ceremonie-du-feu-homa\/\" class=\"btn btn-primary\">R\u00e9servez d\u00e8s maintenant votre c\u00e9r\u00e9monie du feu<\/a><\/li>\n<\/ul>\n<\/div>\n      <\/div>\n      <div class=\"col-lg-5 mb-4 mb-lg-0\">\n        <div class=\"rounded-asset\">\n          <img decoding=\"async\" src=\"https:\/\/mypalmleaf.com\/wp-content\/uploads\/2024\/11\/homas-thumb.jpg\" class=\"img-fluid\" alt=\"\"\/>\n        <\/div>\n      <\/div>\n    <\/div>\n  <\/div>\n       \n  <\/section>\n\n<section class=\"my-6 position-relative\">\n  <div class=\"container-xl aos-init aos-animate\" data-aos=\"fade-up\" data-aos-duration=\"1000\">\n    <div class=\"row align-items-center\">\n      <div class=\"col-lg-5 mb-4 mb-lg-0\">\n        <div class=\"rounded-asset\">\n          <img decoding=\"async\" src=\"https:\/\/mypalmleaf.com\/wp-content\/uploads\/2024\/11\/homas-thumb2.jpg\" class=\"img-fluid\" alt=\"\"\/>\n        <\/div>\n      <\/div>\n      <div class=\"col-lg-7\">\n        <h2 class=\"mb-4\">Comment \u00e7a marche<\/h2>\n        <p><strong>\u00c9tape 1 : R\u00e9servez<\/strong> votre Homa<br\/> R\u00e9servez la c\u00e9r\u00e9monie du feu Homa sur notre site web<\/p> \n<p><strong>\u00c9tape 2 : R\u00e9servez votre rendez-vous<\/strong><br\/> Apr\u00e8s avoir effectu\u00e9 la r\u00e9servation, vous recevrez un lien vers un calendrier et vous pourrez r\u00e9server le jour et l&rsquo;heure auxquels vous souhaitez que le Homa soit effectu\u00e9  <\/p>\n<p><strong>\u00c9tape 3 : Participer et recevoir des b\u00e9n\u00e9dictions<\/strong><br\/> Vous pouvez choisir de participer \u00e0 la c\u00e9r\u00e9monie en direct via Zoom ou de recevoir l&rsquo;\u00e9nergie et les b\u00e9n\u00e9dictions o\u00f9 que vous soyez. L&rsquo;un de nos mod\u00e9rateurs vous accompagnera pendant le Homa et vous expliquera tout.   <\/p>\n<div class=\"dual-btn-cont mt-4\">\n<ul>\n<li><a href=\"https:\/\/mypalmleaf.com\/fr\/prix\/ceremonie-du-feu-homa\/\" class=\"btn btn-primary\">R\u00e9servez d\u00e8s maintenant votre c\u00e9r\u00e9monie du feu<\/a><\/li>\n<\/ul>\n<\/div>\n      <\/div>\n      \n    <\/div>\n  <\/div>\n       \n  <\/section>\n\n<figure class=\"wp-block-gallery has-nested-images columns-default is-cropped wp-block-gallery-1 is-layout-flex wp-block-gallery-is-layout-flex\">\n<figure class=\"wp-block-image size-full\"><img loading=\"lazy\" decoding=\"async\" width=\"1024\" height=\"576\" data-id=\"45429\" src=\"https:\/\/mypalmleaf.com\/wp-content\/uploads\/2024\/11\/3-1.jpg\" alt=\"\" class=\"wp-image-45429\" srcset=\"https:\/\/mypalmleaf.com\/wp-content\/uploads\/2024\/11\/3-1.jpg 1024w, https:\/\/mypalmleaf.com\/wp-content\/uploads\/2024\/11\/3-1-600x338.jpg 600w, https:\/\/mypalmleaf.com\/wp-content\/uploads\/2024\/11\/3-1-300x169.jpg 300w, https:\/\/mypalmleaf.com\/wp-content\/uploads\/2024\/11\/3-1-768x432.jpg 768w\" sizes=\"auto, (max-width: 1024px) 100vw, 1024px\" \/><\/figure>\n\n\n\n<figure class=\"wp-block-image size-large\"><img loading=\"lazy\" decoding=\"async\" width=\"1024\" height=\"576\" data-id=\"45407\" src=\"https:\/\/mypalmleaf.com\/wp-content\/uploads\/2024\/11\/2.jpg\" alt=\"\" class=\"wp-image-45407\" srcset=\"https:\/\/mypalmleaf.com\/wp-content\/uploads\/2024\/11\/2.jpg 1024w, https:\/\/mypalmleaf.com\/wp-content\/uploads\/2024\/11\/2-600x338.jpg 600w, https:\/\/mypalmleaf.com\/wp-content\/uploads\/2024\/11\/2-300x169.jpg 300w, https:\/\/mypalmleaf.com\/wp-content\/uploads\/2024\/11\/2-768x432.jpg 768w\" sizes=\"auto, (max-width: 1024px) 100vw, 1024px\" \/><\/figure>\n\n\n\n<figure class=\"wp-block-image size-large\"><img loading=\"lazy\" decoding=\"async\" width=\"1024\" height=\"576\" data-id=\"45386\" src=\"https:\/\/mypalmleaf.com\/wp-content\/uploads\/2024\/11\/1.jpg\" alt=\"\" class=\"wp-image-45386\" srcset=\"https:\/\/mypalmleaf.com\/wp-content\/uploads\/2024\/11\/1.jpg 1024w, https:\/\/mypalmleaf.com\/wp-content\/uploads\/2024\/11\/1-600x338.jpg 600w, https:\/\/mypalmleaf.com\/wp-content\/uploads\/2024\/11\/1-300x169.jpg 300w, https:\/\/mypalmleaf.com\/wp-content\/uploads\/2024\/11\/1-768x432.jpg 768w\" sizes=\"auto, (max-width: 1024px) 100vw, 1024px\" \/><\/figure>\n<\/figure>\n<section class=\"accordion-container position-relative \" data-aos=\"fade-up\" data-aos-duration=\"1000\" id=\"general-questions\">\n  <div class=\"container-xl\">\n    <div class=\"row\">\n      <h3>Questions fr\u00e9quemment pos\u00e9es<\/h3>\n      <div class=\"accr-wrap\">\n                  <div class=\"head\">Dois-je \u00eatre physiquement pr\u00e9sent pour que la c\u00e9r\u00e9monie du Homa soit efficace ?<\/div>\n          <div class=\"content\">\n            <p>Non, vous n&rsquo;avez pas besoin d&rsquo;\u00eatre physiquement pr\u00e9sent pour que le Homa soit efficace. L&rsquo;\u00e9nergie et les b\u00e9n\u00e9dictions de la c\u00e9r\u00e9monie sont transmises par les vibrations des mantras sacr\u00e9s et du feu. Vous pouvez participer \u00e0 la c\u00e9r\u00e9monie en direct via Zoom si vous le souhaitez, mais les bienfaits vous parviendront m\u00eame si vous ne pouvez pas y assister.  <\/p>\n          <\/div>\n                  <div class=\"head\">Comment dois-je me pr\u00e9parer \u00e0 une c\u00e9r\u00e9monie de Homa ?<\/div>\n          <div class=\"content\">\n            <p>Pour se pr\u00e9parer \u00e0 une Homa, il est pr\u00e9f\u00e9rable de d\u00e9finir clairement l&rsquo;intention que vous souhaitez recevoir du rituel. Vous pouvez \u00e9galement cr\u00e9er un espace paisible chez vous, sans distractions, o\u00f9 vous pourrez vous asseoir tranquillement pour recevoir l&rsquo;\u00e9nergie de la c\u00e9r\u00e9monie. Si vous participez en direct, assurez-vous de disposer d&rsquo;une connexion internet stable et d&rsquo;un environnement serein.  <\/p>\n          <\/div>\n                  <div class=\"head\">Peut-on accomplir une Homa au nom d&rsquo;une autre personne ?<\/div>\n          <div class=\"content\">\n            <p>Oui, les Homas peuvent \u00eatre r\u00e9alis\u00e9s au nom de quelqu&rsquo;un d&rsquo;autre, qu&rsquo;il s&rsquo;agisse d&rsquo;un \u00eatre cher, d&rsquo;un membre de la famille ou d&rsquo;un ami. Il vous suffit d&rsquo;indiquer leur nom et leur intention pour la c\u00e9r\u00e9monie, et l&rsquo;\u00e9nergie et les b\u00e9n\u00e9dictions seront dirig\u00e9es vers eux. <\/p>\n          <\/div>\n                  <div class=\"head\">Quels r\u00e9sultats puis-je attendre d&rsquo;un Homa ?<\/div>\n          <div class=\"content\">\n            <p>Les effets d&rsquo;un Homa peuvent varier en fonction de votre intention et du type de c\u00e9r\u00e9monie pratiqu\u00e9e. Les gens disent souvent ressentir un sentiment de paix, de soulagement \u00e9motionnel et de clart\u00e9, ainsi que des changements positifs tangibles dans leur vie, tels que l&rsquo;am\u00e9lioration de leurs relations, de leur sant\u00e9 ou de leur r\u00e9ussite. Les b\u00e9n\u00e9dictions et les b\u00e9n\u00e9fices karmiques se manifestent souvent au fil du temps.  <\/p>\n          <\/div>\n                  <div class=\"head\">Comment choisir le type de Homa \u00e0 r\u00e9server ?<\/div>\n          <div class=\"content\">\n            <p>Si un Homa vous a \u00e9t\u00e9 recommand\u00e9 lors de la lecture de votre feuille de palmier, alors ce type de Homa sera pratiqu\u00e9 pour vous. Sinon, vous pouvez \u00e9galement nous indiquer l&rsquo;objectif g\u00e9n\u00e9ral du Homa lors de la r\u00e9servation et les pr\u00eatres choisiront une c\u00e9r\u00e9monie sp\u00e9cifique pour cet objectif.   <\/p>\n          <\/div>\n                  <div class=\"head\">Les Homas conviennent-ils \u00e0 toutes les confessions et \u00e0 toutes les croyances spirituelles ?<\/div>\n          <div class=\"content\">\n            <p>Oui, les homas sont des rituels spirituels ancr\u00e9s dans les anciennes traditions v\u00e9diques, mais ils sont ouverts aux personnes de toutes confessions et croyances. Les c\u00e9r\u00e9monies se concentrent sur les \u00e9nergies universelles, telles que les \u00e9l\u00e9ments et les b\u00e9n\u00e9dictions divines, qui peuvent \u00eatre b\u00e9n\u00e9fiques quelle que soit votre appartenance spirituelle.   <\/p>\n          <\/div>\n                  <div class=\"head\">Quelle est la dur\u00e9e habituelle d&rsquo;une c\u00e9r\u00e9monie de Homa ?<\/div>\n          <div class=\"content\">\n            <p>La dur\u00e9e d&rsquo;une c\u00e9r\u00e9monie de Homa peut varier en fonction de sa complexit\u00e9 et du type de rituel pratiqu\u00e9. La plupart des c\u00e9r\u00e9monies durent entre 30 minutes et 1 heure.   <\/p>\n          <\/div>\n                  <div class=\"head\">Puis-je demander une date ou une heure sp\u00e9cifique pour le Homa ?<\/div>\n          <div class=\"content\">\n            <p>Oui, vous pouvez demander une date et une heure sp\u00e9cifiques pour votre Homa, en fonction de la disponibilit\u00e9 de nos pr\u00eatres v\u00e9diques et des moments propices \u00e0 la r\u00e9alisation de la c\u00e9r\u00e9monie. Nous ferons de notre mieux pour r\u00e9pondre \u00e0 vos pr\u00e9f\u00e9rences.   <\/p>\n          <\/div>\n                  <div class=\"head\">Comment les offrandes sont-elles faites pendant le Homa ?<\/div>\n          <div class=\"content\">\n            <p>Les offrandes, telles que le ghee, les herbes, les c\u00e9r\u00e9ales et d&rsquo;autres objets sacr\u00e9s, sont d\u00e9pos\u00e9es dans le feu par nos pr\u00eatres v\u00e9diques tout en chantant de puissants mantras. Chaque offrande symbolise la purification, la transformation et la lib\u00e9ration de b\u00e9n\u00e9dictions dans l&rsquo;univers.   <\/p>\n          <\/div>\n                  <div class=\"head\">Serai-je accompagn\u00e9 d&rsquo;un mod\u00e9rateur de Mypalmleaf ?<\/div>\n          <div class=\"content\">\n            <p>Oui, un de nos mod\u00e9rateurs sera pr\u00e9sent lors de la Homa. Il vous guidera et vous expliquera tout si n\u00e9cessaire.   <\/p>\n          <\/div>\n              <\/div>\n    <\/div>\n  <\/div>\n  \n<\/section>\n<\/div>\n<p><\/p>\n","protected":false},"excerpt":{"rendered":"<p>En quoi le Hamas peut-il vous \u00eatre utile ? Chaque c\u00e9r\u00e9monie Homa a un but unique, qu&rsquo;il s&rsquo;agisse de surmonter des obstacles, d&rsquo;am\u00e9liorer la sant\u00e9, d&rsquo;inviter \u00e0 la prosp\u00e9rit\u00e9 ou d&rsquo;effacer un karma n\u00e9gatif. Voici comment Tomas peut transformer votre vie : Gu\u00e9rison karmique : Lib\u00e9rez les dettes karmiques pass\u00e9es et attirez les influences karmiques [&hellip;]<\/p>\n","protected":false},"author":1,"featured_media":0,"parent":0,"menu_order":0,"comment_status":"closed","ping_status":"closed","template":"","meta":{"_acf_changed":false,"footnotes":""},"class_list":["post-45491","page","type-page","status-publish","hentry"],"acf":[],"yoast_head":"<!-- This site is optimized with the Yoast SEO plugin v26.4 - https:\/\/yoast.com\/wordpress\/plugins\/seo\/ -->\n<title>Homa - My Palm Leaf<\/title>\n<meta name=\"description\" content=\"D\u00e9couvrez le Homa, ancien rituel de feu sacr\u00e9 qui attire les \u00e9nergies divines, apportant paix, \u00e9quilibre, harmonie et \u00e9veil spirituel.\" \/>\n<meta name=\"robots\" content=\"index, follow, max-snippet:-1, max-image-preview:large, max-video-preview:-1\" \/>\n<link rel=\"canonical\" href=\"https:\/\/mypalmleaf.com\/homa\/\" \/>\n<meta property=\"og:locale\" content=\"fr_FR\" \/>\n<meta property=\"og:type\" content=\"article\" \/>\n<meta property=\"og:title\" content=\"Homa - My Palm Leaf\" \/>\n<meta property=\"og:description\" content=\"D\u00e9couvrez le Homa, ancien rituel de feu sacr\u00e9 qui attire les \u00e9nergies divines, apportant paix, \u00e9quilibre, harmonie et \u00e9veil spirituel.\" \/>\n<meta property=\"og:url\" content=\"https:\/\/mypalmleaf.com\/homa\/\" \/>\n<meta property=\"og:site_name\" content=\"My Palm Leaf\" \/>\n<meta property=\"article:modified_time\" content=\"2025-04-30T10:08:06+00:00\" \/>\n<meta property=\"og:image\" content=\"https:\/\/mypalmleaf.com\/wp-content\/uploads\/2024\/11\/homas-thumb.jpg\" \/>\n<meta name=\"twitter:card\" content=\"summary_large_image\" \/>\n<meta name=\"twitter:label1\" content=\"Dur\u00e9e de lecture estim\u00e9e\" \/>\n\t<meta name=\"twitter:data1\" content=\"2 minutes\" \/>\n<script type=\"application\/ld+json\" class=\"yoast-schema-graph\">{\"@context\":\"https:\/\/schema.org\",\"@graph\":[{\"@type\":\"WebPage\",\"@id\":\"https:\/\/mypalmleaf.com\/homa\/\",\"url\":\"https:\/\/mypalmleaf.com\/homa\/\",\"name\":\"Homa - My Palm Leaf\",\"isPartOf\":{\"@id\":\"https:\/\/mypalmleaf.com\/#website\"},\"primaryImageOfPage\":{\"@id\":\"https:\/\/mypalmleaf.com\/homa\/#primaryimage\"},\"image\":{\"@id\":\"https:\/\/mypalmleaf.com\/homa\/#primaryimage\"},\"thumbnailUrl\":\"https:\/\/mypalmleaf.com\/wp-content\/uploads\/2024\/11\/homas-thumb.jpg\",\"datePublished\":\"2024-11-10T05:53:12+00:00\",\"dateModified\":\"2025-04-30T10:08:06+00:00\",\"description\":\"D\u00e9couvrez le Homa, ancien rituel de feu sacr\u00e9 qui attire les \u00e9nergies divines, apportant paix, \u00e9quilibre, harmonie et \u00e9veil spirituel.\",\"breadcrumb\":{\"@id\":\"https:\/\/mypalmleaf.com\/homa\/#breadcrumb\"},\"inLanguage\":\"fr-FR\",\"potentialAction\":[{\"@type\":\"ReadAction\",\"target\":[\"https:\/\/mypalmleaf.com\/homa\/\"]}]},{\"@type\":\"ImageObject\",\"inLanguage\":\"fr-FR\",\"@id\":\"https:\/\/mypalmleaf.com\/homa\/#primaryimage\",\"url\":\"https:\/\/mypalmleaf.com\/wp-content\/uploads\/2024\/11\/homas-thumb.jpg\",\"contentUrl\":\"https:\/\/mypalmleaf.com\/wp-content\/uploads\/2024\/11\/homas-thumb.jpg\"},{\"@type\":\"BreadcrumbList\",\"@id\":\"https:\/\/mypalmleaf.com\/homa\/#breadcrumb\",\"itemListElement\":[{\"@type\":\"ListItem\",\"position\":1,\"name\":\"Home\",\"item\":\"https:\/\/mypalmleaf.com\/fr\/\"},{\"@type\":\"ListItem\",\"position\":2,\"name\":\"Homa\"}]},{\"@type\":\"WebSite\",\"@id\":\"https:\/\/mypalmleaf.com\/#website\",\"url\":\"https:\/\/mypalmleaf.com\/\",\"name\":\"My Palm Leaf\",\"description\":\"\",\"potentialAction\":[{\"@type\":\"SearchAction\",\"target\":{\"@type\":\"EntryPoint\",\"urlTemplate\":\"https:\/\/mypalmleaf.com\/?s={search_term_string}\"},\"query-input\":{\"@type\":\"PropertyValueSpecification\",\"valueRequired\":true,\"valueName\":\"search_term_string\"}}],\"inLanguage\":\"fr-FR\"}]}<\/script>\n<!-- \/ Yoast SEO plugin. -->","yoast_head_json":{"title":"Homa - My Palm Leaf","description":"D\u00e9couvrez le Homa, ancien rituel de feu sacr\u00e9 qui attire les \u00e9nergies divines, apportant paix, \u00e9quilibre, harmonie et \u00e9veil spirituel.","robots":{"index":"index","follow":"follow","max-snippet":"max-snippet:-1","max-image-preview":"max-image-preview:large","max-video-preview":"max-video-preview:-1"},"canonical":"https:\/\/mypalmleaf.com\/homa\/","og_locale":"fr_FR","og_type":"article","og_title":"Homa - My Palm Leaf","og_description":"D\u00e9couvrez le Homa, ancien rituel de feu sacr\u00e9 qui attire les \u00e9nergies divines, apportant paix, \u00e9quilibre, harmonie et \u00e9veil spirituel.","og_url":"https:\/\/mypalmleaf.com\/homa\/","og_site_name":"My Palm Leaf","article_modified_time":"2025-04-30T10:08:06+00:00","og_image":[{"url":"https:\/\/mypalmleaf.com\/wp-content\/uploads\/2024\/11\/homas-thumb.jpg","type":"","width":"","height":""}],"twitter_card":"summary_large_image","twitter_misc":{"Dur\u00e9e de lecture estim\u00e9e":"2 minutes"},"schema":{"@context":"https:\/\/schema.org","@graph":[{"@type":"WebPage","@id":"https:\/\/mypalmleaf.com\/homa\/","url":"https:\/\/mypalmleaf.com\/homa\/","name":"Homa - My Palm Leaf","isPartOf":{"@id":"https:\/\/mypalmleaf.com\/#website"},"primaryImageOfPage":{"@id":"https:\/\/mypalmleaf.com\/homa\/#primaryimage"},"image":{"@id":"https:\/\/mypalmleaf.com\/homa\/#primaryimage"},"thumbnailUrl":"https:\/\/mypalmleaf.com\/wp-content\/uploads\/2024\/11\/homas-thumb.jpg","datePublished":"2024-11-10T05:53:12+00:00","dateModified":"2025-04-30T10:08:06+00:00","description":"D\u00e9couvrez le Homa, ancien rituel de feu sacr\u00e9 qui attire les \u00e9nergies divines, apportant paix, \u00e9quilibre, harmonie et \u00e9veil spirituel.","breadcrumb":{"@id":"https:\/\/mypalmleaf.com\/homa\/#breadcrumb"},"inLanguage":"fr-FR","potentialAction":[{"@type":"ReadAction","target":["https:\/\/mypalmleaf.com\/homa\/"]}]},{"@type":"ImageObject","inLanguage":"fr-FR","@id":"https:\/\/mypalmleaf.com\/homa\/#primaryimage","url":"https:\/\/mypalmleaf.com\/wp-content\/uploads\/2024\/11\/homas-thumb.jpg","contentUrl":"https:\/\/mypalmleaf.com\/wp-content\/uploads\/2024\/11\/homas-thumb.jpg"},{"@type":"BreadcrumbList","@id":"https:\/\/mypalmleaf.com\/homa\/#breadcrumb","itemListElement":[{"@type":"ListItem","position":1,"name":"Home","item":"https:\/\/mypalmleaf.com\/fr\/"},{"@type":"ListItem","position":2,"name":"Homa"}]},{"@type":"WebSite","@id":"https:\/\/mypalmleaf.com\/#website","url":"https:\/\/mypalmleaf.com\/","name":"My Palm Leaf","description":"","potentialAction":[{"@type":"SearchAction","target":{"@type":"EntryPoint","urlTemplate":"https:\/\/mypalmleaf.com\/?s={search_term_string}"},"query-input":{"@type":"PropertyValueSpecification","valueRequired":true,"valueName":"search_term_string"}}],"inLanguage":"fr-FR"}]}},"_links":{"self":[{"href":"https:\/\/mypalmleaf.com\/fr\/wp-json\/wp\/v2\/pages\/45491","targetHints":{"allow":["GET"]}}],"collection":[{"href":"https:\/\/mypalmleaf.com\/fr\/wp-json\/wp\/v2\/pages"}],"about":[{"href":"https:\/\/mypalmleaf.com\/fr\/wp-json\/wp\/v2\/types\/page"}],"author":[{"embeddable":true,"href":"https:\/\/mypalmleaf.com\/fr\/wp-json\/wp\/v2\/users\/1"}],"replies":[{"embeddable":true,"href":"https:\/\/mypalmleaf.com\/fr\/wp-json\/wp\/v2\/comments?post=45491"}],"version-history":[{"count":0,"href":"https:\/\/mypalmleaf.com\/fr\/wp-json\/wp\/v2\/pages\/45491\/revisions"}],"wp:attachment":[{"href":"https:\/\/mypalmleaf.com\/fr\/wp-json\/wp\/v2\/media?parent=45491"}],"curies":[{"name":"wp","href":"https:\/\/api.w.org\/{rel}","templated":true}]}}