
{"id":23049,"date":"2024-09-04T10:59:56","date_gmt":"2024-09-04T10:59:56","guid":{"rendered":"https:\/\/mypalmleaf.com\/prices\/recherche-de-la-feuille-lecture-du-chapitre-general\/"},"modified":"2025-07-31T04:00:27","modified_gmt":"2025-07-31T04:00:27","slug":"recherche-de-la-feuille-lecture-du-chapitre-general","status":"publish","type":"product","link":"https:\/\/mypalmleaf.com\/fr\/prix\/recherche-de-la-feuille-lecture-du-chapitre-general\/","title":{"rendered":"Recherche de la feuille + Lecture du chapitre g\u00e9n\u00e9ral"},"content":{"rendered":"<p>&nbsp;<\/p>\n<div class=\"description\">\n<p><strong>Le service comprend<\/strong><\/p>\n<ul>\n<li>Localisation des paquets pouvant contenir votre feuille de palmier en Inde<\/li>\n<li>Faire le processus d&rsquo;identification en ligne pour trouver votre feuille de palmier<\/li>\n<li>Lecture du chapitre g\u00e9n\u00e9ral<\/li>\n<li>Lecture du chapitre 14 (rem\u00e8des \u00e9nerg\u00e9tiques)<\/li>\n<li>Enregistrement vid\u00e9o de votre lecture<\/li>\n<li>Photo de votre feuille de palmier.<\/li>\n<li>Garantie de remboursement si votre feuille est introuvable.<\/li>\n<\/ul>\n<\/div>\n","protected":false},"excerpt":{"rendered":"<p><strong>Le service comprend<\/strong><\/p>\n<ul>\n<li>Localisation des paquets pouvant contenir votre feuille de palmier en Inde<\/li>\n<li>Faire le processus d&rsquo;identification en ligne pour trouver votre feuille de palmier&#8230;<\/li>\n<\/ul>\n","protected":false},"featured_media":10071,"comment_status":"open","ping_status":"closed","template":"","meta":{"_acf_changed":false},"product_brand":[],"product_cat":[217],"product_tag":[],"class_list":{"0":"post-23049","1":"product","2":"type-product","3":"status-publish","4":"has-post-thumbnail","6":"product_cat-uncategorized-fr","8":"first","9":"instock","10":"virtual","11":"taxable","12":"purchasable","13":"product-type-simple"},"exclude_global_add_ons":false,"addons":[{"name":"Traductions","type":"checkbox","position":0,"required":false,"title_format":"label","description_enable":true,"description":"translation","placeholder_enable":false,"placeholder":"","display":"select","restrictions_type":"any_text","adjust_price":false,"price":"","price_type":"flat_fee","restrictions":false,"min":0,"max":0,"options":[{"label":"Anglaise","price":"","price_type":"flat_fee","image":0},{"label":"Allemande","price":"38","price_type":"flat_fee","image":0},{"label":"russe","price":"38","price_type":"flat_fee","image":0},{"label":"Japonaise","price":"38","price_type":"flat_fee","image":0},{"label":"Italienne","price":"38","price_type":"flat_fee","image":0},{"label":"Fran\u00e7ais","price":"38","price_type":"flat_fee","image":0},{"label":"Espagnole","price":"38","price_type":"flat_fee","image":0},{"label":"N\u00e9erlandaise","price":"38","price_type":"flat_fee","image":0},{"label":"Autres","price":"38","price_type":"flat_fee","image":0}],"id":1725237117},{"name":"Transcription","type":"checkbox","position":1,"required":false,"title_format":"label","description_enable":true,"description":"transcription","placeholder_enable":false,"placeholder":"","display":"select","restrictions_type":"any_text","adjust_price":false,"price":"","price_type":"flat_fee","restrictions":false,"min":0,"max":0,"options":[{"label":"Anglaise","price":"59","price_type":"flat_fee","image":0},{"label":"Allemande","price":"99","price_type":"flat_fee","image":0},{"label":"russe","price":"99","price_type":"flat_fee","image":0},{"label":"Japonaise","price":"99","price_type":"flat_fee","image":0},{"label":"Italienne","price":"99","price_type":"flat_fee","image":0},{"label":"Fran\u00e7ais","price":"99","price_type":"flat_fee","image":0},{"label":"Espagnole","price":"99","price_type":"flat_fee","image":0},{"label":"N\u00e9erlandaise","price":"99","price_type":"flat_fee","image":0},{"label":"Autres","price":"99","price_type":"flat_fee","image":0},{"label":"Pas n\u00e9cessaire, peut-\u00eatre plus tard","price":"","price_type":"flat_fee","image":0}],"id":1725237118}],"acf":[],"yoast_head":"<!-- This site is optimized with the Yoast SEO plugin v26.4 - https:\/\/yoast.com\/wordpress\/plugins\/seo\/ -->\n<title>Astrologie V\u00e9dique \u2013 D\u00e9couvrez l\u2019Ancienne Sagesse des Astres<\/title>\n<meta name=\"description\" content=\"Plongez dans l\u2019astrologie v\u00e9dique et explorez ses pr\u00e9dictions uniques. Comprenez votre destin gr\u00e2ce \u00e0 cette sagesse ancestrale venue de l\u2019Inde.\" \/>\n<meta name=\"robots\" content=\"index, follow, max-snippet:-1, max-image-preview:large, max-video-preview:-1\" \/>\n<link rel=\"canonical\" href=\"https:\/\/mypalmleaf.com\/fr\/prix\/recherche-de-la-feuille-lecture-du-chapitre-general\/\" \/>\n<meta property=\"og:locale\" content=\"fr_FR\" \/>\n<meta property=\"og:type\" content=\"article\" \/>\n<meta property=\"og:title\" content=\"Astrologie V\u00e9dique \u2013 D\u00e9couvrez l\u2019Ancienne Sagesse des Astres\" \/>\n<meta property=\"og:description\" content=\"Plongez dans l\u2019astrologie v\u00e9dique et explorez ses pr\u00e9dictions uniques. Comprenez votre destin gr\u00e2ce \u00e0 cette sagesse ancestrale venue de l\u2019Inde.\" \/>\n<meta property=\"og:url\" content=\"https:\/\/mypalmleaf.com\/fr\/prix\/recherche-de-la-feuille-lecture-du-chapitre-general\/\" \/>\n<meta property=\"og:site_name\" content=\"My Palm Leaf\" \/>\n<meta property=\"article:modified_time\" content=\"2025-07-31T04:00:27+00:00\" \/>\n<meta property=\"og:image\" content=\"https:\/\/mypalmleaf.com\/wp-content\/uploads\/2024\/09\/services-thumb-1-1.jpg\" \/>\n\t<meta property=\"og:image:width\" content=\"800\" \/>\n\t<meta property=\"og:image:height\" content=\"444\" \/>\n\t<meta property=\"og:image:type\" content=\"image\/jpeg\" \/>\n<meta name=\"twitter:card\" content=\"summary_large_image\" \/>\n<meta name=\"twitter:label1\" content=\"Dur\u00e9e de lecture estim\u00e9e\" \/>\n\t<meta name=\"twitter:data1\" content=\"1 minute\" \/>\n<script type=\"application\/ld+json\" class=\"yoast-schema-graph\">{\"@context\":\"https:\/\/schema.org\",\"@graph\":[{\"@type\":\"WebPage\",\"@id\":\"https:\/\/mypalmleaf.com\/fr\/prix\/recherche-de-la-feuille-lecture-du-chapitre-general\/\",\"url\":\"https:\/\/mypalmleaf.com\/fr\/prix\/recherche-de-la-feuille-lecture-du-chapitre-general\/\",\"name\":\"Astrologie V\u00e9dique \u2013 D\u00e9couvrez l\u2019Ancienne Sagesse des Astres\",\"isPartOf\":{\"@id\":\"https:\/\/mypalmleaf.com\/#website\"},\"primaryImageOfPage\":{\"@id\":\"https:\/\/mypalmleaf.com\/fr\/prix\/recherche-de-la-feuille-lecture-du-chapitre-general\/#primaryimage\"},\"image\":{\"@id\":\"https:\/\/mypalmleaf.com\/fr\/prix\/recherche-de-la-feuille-lecture-du-chapitre-general\/#primaryimage\"},\"thumbnailUrl\":\"https:\/\/mypalmleaf.com\/wp-content\/uploads\/2024\/09\/services-thumb-1-1.jpg\",\"datePublished\":\"2024-09-04T10:59:56+00:00\",\"dateModified\":\"2025-07-31T04:00:27+00:00\",\"description\":\"Plongez dans l\u2019astrologie v\u00e9dique et explorez ses pr\u00e9dictions uniques. Comprenez votre destin gr\u00e2ce \u00e0 cette sagesse ancestrale venue de l\u2019Inde.\",\"breadcrumb\":{\"@id\":\"https:\/\/mypalmleaf.com\/fr\/prix\/recherche-de-la-feuille-lecture-du-chapitre-general\/#breadcrumb\"},\"inLanguage\":\"fr-FR\",\"potentialAction\":[{\"@type\":\"ReadAction\",\"target\":[\"https:\/\/mypalmleaf.com\/fr\/prix\/recherche-de-la-feuille-lecture-du-chapitre-general\/\"]}]},{\"@type\":\"ImageObject\",\"inLanguage\":\"fr-FR\",\"@id\":\"https:\/\/mypalmleaf.com\/fr\/prix\/recherche-de-la-feuille-lecture-du-chapitre-general\/#primaryimage\",\"url\":\"https:\/\/mypalmleaf.com\/wp-content\/uploads\/2024\/09\/services-thumb-1-1.jpg\",\"contentUrl\":\"https:\/\/mypalmleaf.com\/wp-content\/uploads\/2024\/09\/services-thumb-1-1.jpg\",\"width\":800,\"height\":444,\"caption\":\"Nadi astrology-02\"},{\"@type\":\"BreadcrumbList\",\"@id\":\"https:\/\/mypalmleaf.com\/fr\/prix\/recherche-de-la-feuille-lecture-du-chapitre-general\/#breadcrumb\",\"itemListElement\":[{\"@type\":\"ListItem\",\"position\":1,\"name\":\"Home\",\"item\":\"https:\/\/mypalmleaf.com\/fr\/\"},{\"@type\":\"ListItem\",\"position\":2,\"name\":\"Shop\",\"item\":\"https:\/\/mypalmleaf.com\/et\/shop\/\"},{\"@type\":\"ListItem\",\"position\":3,\"name\":\"Recherche de la feuille + Lecture du chapitre g\u00e9n\u00e9ral\"}]},{\"@type\":\"WebSite\",\"@id\":\"https:\/\/mypalmleaf.com\/#website\",\"url\":\"https:\/\/mypalmleaf.com\/\",\"name\":\"My Palm Leaf\",\"description\":\"\",\"potentialAction\":[{\"@type\":\"SearchAction\",\"target\":{\"@type\":\"EntryPoint\",\"urlTemplate\":\"https:\/\/mypalmleaf.com\/?s={search_term_string}\"},\"query-input\":{\"@type\":\"PropertyValueSpecification\",\"valueRequired\":true,\"valueName\":\"search_term_string\"}}],\"inLanguage\":\"fr-FR\"}]}<\/script>\n<!-- \/ Yoast SEO plugin. -->","yoast_head_json":{"title":"Astrologie V\u00e9dique \u2013 D\u00e9couvrez l\u2019Ancienne Sagesse des Astres","description":"Plongez dans l\u2019astrologie v\u00e9dique et explorez ses pr\u00e9dictions uniques. Comprenez votre destin gr\u00e2ce \u00e0 cette sagesse ancestrale venue de l\u2019Inde.","robots":{"index":"index","follow":"follow","max-snippet":"max-snippet:-1","max-image-preview":"max-image-preview:large","max-video-preview":"max-video-preview:-1"},"canonical":"https:\/\/mypalmleaf.com\/fr\/prix\/recherche-de-la-feuille-lecture-du-chapitre-general\/","og_locale":"fr_FR","og_type":"article","og_title":"Astrologie V\u00e9dique \u2013 D\u00e9couvrez l\u2019Ancienne Sagesse des Astres","og_description":"Plongez dans l\u2019astrologie v\u00e9dique et explorez ses pr\u00e9dictions uniques. Comprenez votre destin gr\u00e2ce \u00e0 cette sagesse ancestrale venue de l\u2019Inde.","og_url":"https:\/\/mypalmleaf.com\/fr\/prix\/recherche-de-la-feuille-lecture-du-chapitre-general\/","og_site_name":"My Palm Leaf","article_modified_time":"2025-07-31T04:00:27+00:00","og_image":[{"width":800,"height":444,"url":"https:\/\/mypalmleaf.com\/wp-content\/uploads\/2024\/09\/services-thumb-1-1.jpg","type":"image\/jpeg"}],"twitter_card":"summary_large_image","twitter_misc":{"Dur\u00e9e de lecture estim\u00e9e":"1 minute"},"schema":{"@context":"https:\/\/schema.org","@graph":[{"@type":"WebPage","@id":"https:\/\/mypalmleaf.com\/fr\/prix\/recherche-de-la-feuille-lecture-du-chapitre-general\/","url":"https:\/\/mypalmleaf.com\/fr\/prix\/recherche-de-la-feuille-lecture-du-chapitre-general\/","name":"Astrologie V\u00e9dique \u2013 D\u00e9couvrez l\u2019Ancienne Sagesse des Astres","isPartOf":{"@id":"https:\/\/mypalmleaf.com\/#website"},"primaryImageOfPage":{"@id":"https:\/\/mypalmleaf.com\/fr\/prix\/recherche-de-la-feuille-lecture-du-chapitre-general\/#primaryimage"},"image":{"@id":"https:\/\/mypalmleaf.com\/fr\/prix\/recherche-de-la-feuille-lecture-du-chapitre-general\/#primaryimage"},"thumbnailUrl":"https:\/\/mypalmleaf.com\/wp-content\/uploads\/2024\/09\/services-thumb-1-1.jpg","datePublished":"2024-09-04T10:59:56+00:00","dateModified":"2025-07-31T04:00:27+00:00","description":"Plongez dans l\u2019astrologie v\u00e9dique et explorez ses pr\u00e9dictions uniques. Comprenez votre destin gr\u00e2ce \u00e0 cette sagesse ancestrale venue de l\u2019Inde.","breadcrumb":{"@id":"https:\/\/mypalmleaf.com\/fr\/prix\/recherche-de-la-feuille-lecture-du-chapitre-general\/#breadcrumb"},"inLanguage":"fr-FR","potentialAction":[{"@type":"ReadAction","target":["https:\/\/mypalmleaf.com\/fr\/prix\/recherche-de-la-feuille-lecture-du-chapitre-general\/"]}]},{"@type":"ImageObject","inLanguage":"fr-FR","@id":"https:\/\/mypalmleaf.com\/fr\/prix\/recherche-de-la-feuille-lecture-du-chapitre-general\/#primaryimage","url":"https:\/\/mypalmleaf.com\/wp-content\/uploads\/2024\/09\/services-thumb-1-1.jpg","contentUrl":"https:\/\/mypalmleaf.com\/wp-content\/uploads\/2024\/09\/services-thumb-1-1.jpg","width":800,"height":444,"caption":"Nadi astrology-02"},{"@type":"BreadcrumbList","@id":"https:\/\/mypalmleaf.com\/fr\/prix\/recherche-de-la-feuille-lecture-du-chapitre-general\/#breadcrumb","itemListElement":[{"@type":"ListItem","position":1,"name":"Home","item":"https:\/\/mypalmleaf.com\/fr\/"},{"@type":"ListItem","position":2,"name":"Shop","item":"https:\/\/mypalmleaf.com\/et\/shop\/"},{"@type":"ListItem","position":3,"name":"Recherche de la feuille + Lecture du chapitre g\u00e9n\u00e9ral"}]},{"@type":"WebSite","@id":"https:\/\/mypalmleaf.com\/#website","url":"https:\/\/mypalmleaf.com\/","name":"My Palm Leaf","description":"","potentialAction":[{"@type":"SearchAction","target":{"@type":"EntryPoint","urlTemplate":"https:\/\/mypalmleaf.com\/?s={search_term_string}"},"query-input":{"@type":"PropertyValueSpecification","valueRequired":true,"valueName":"search_term_string"}}],"inLanguage":"fr-FR"}]}},"_links":{"self":[{"href":"https:\/\/mypalmleaf.com\/fr\/wp-json\/wp\/v2\/product\/23049","targetHints":{"allow":["GET"]}}],"collection":[{"href":"https:\/\/mypalmleaf.com\/fr\/wp-json\/wp\/v2\/product"}],"about":[{"href":"https:\/\/mypalmleaf.com\/fr\/wp-json\/wp\/v2\/types\/product"}],"replies":[{"embeddable":true,"href":"https:\/\/mypalmleaf.com\/fr\/wp-json\/wp\/v2\/comments?post=23049"}],"wp:featuredmedia":[{"embeddable":true,"href":"https:\/\/mypalmleaf.com\/fr\/wp-json\/wp\/v2\/media\/10071"}],"wp:attachment":[{"href":"https:\/\/mypalmleaf.com\/fr\/wp-json\/wp\/v2\/media?parent=23049"}],"wp:term":[{"taxonomy":"product_brand","embeddable":true,"href":"https:\/\/mypalmleaf.com\/fr\/wp-json\/wp\/v2\/product_brand?post=23049"},{"taxonomy":"product_cat","embeddable":true,"href":"https:\/\/mypalmleaf.com\/fr\/wp-json\/wp\/v2\/product_cat?post=23049"},{"taxonomy":"product_tag","embeddable":true,"href":"https:\/\/mypalmleaf.com\/fr\/wp-json\/wp\/v2\/product_tag?post=23049"}],"curies":[{"name":"wp","href":"https:\/\/api.w.org\/{rel}","templated":true}]}}