
{"id":23054,"date":"2024-09-04T10:57:26","date_gmt":"2024-09-04T10:57:26","guid":{"rendered":"https:\/\/mypalmleaf.com\/prices\/lecture-de-chapitres-supplementaires\/"},"modified":"2025-10-09T16:10:27","modified_gmt":"2025-10-09T16:10:27","slug":"lecture-de-chapitres-supplementaires","status":"publish","type":"product","link":"https:\/\/mypalmleaf.com\/fr\/prix\/lecture-de-chapitres-supplementaires\/","title":{"rendered":"Lecture de chapitres suppl\u00e9mentaires sur Mypalmleaf"},"content":{"rendered":"<div class=\"description\">\n<p><strong>Le service comprend<\/strong><\/p>\n<ul>\n<li>Lecture des chapitres de votre choix par la biblioth\u00e8que de feuilles de palmier<\/li>\n<li>Mod\u00e9ration de la lecture par le mod\u00e9rateur MPL<\/li>\n<li>Enregistrement vid\u00e9o<\/li>\n<\/ul>\n<\/div>\n<div class=\"additional-addons-wrap\">\n<p>Les feuilles de palmier contiennent jusqu&rsquo;\u00e0 17 chapitres, chacun \u00e9tant consacr\u00e9 \u00e0 un th\u00e8me particulier de la vie d&rsquo;une personne.<\/p>\n<p>Le chapitre g\u00e9n\u00e9ral est inclus dans la lecture, de sorte que les chapitres suppl\u00e9mentaires <strong>ne peuvent \u00eatre lus qu&rsquo;apr\u00e8s la<\/strong> lecture du chapitre g\u00e9n\u00e9ral.<\/p>\n<p>Vous n&rsquo;avez pas encore suivi la lecture du chapitre g\u00e9n\u00e9ral ? <a class=\"fw-bold text-body\" href=\"https:\/\/mypalmleaf.com\/fr\/prix\/recherche-de-la-feuille-lecture-du-chapitre-general\/\">Obtenez-le ici<\/a>.<\/p>\n<p>Ci-dessous, vous pouvez s\u00e9lectionner un service de lecture de n&rsquo;importe quel chapitre suppl\u00e9mentaire.<\/p>\n<p>Les chapitres sp\u00e9ciaux sont plus longs et plus d\u00e9taill\u00e9s que les chapitres r\u00e9guliers.<\/p>\n<\/div>\n","protected":false},"excerpt":{"rendered":"<p><strong>Le service comprend<\/strong><\/p>\n<ul>\n<li>Lecture des chapitres de votre choix par la biblioth\u00e8que de feuilles de palmier<\/li>\n<li>Mod\u00e9ration de la lecture par le mod\u00e9rateur MPL&#8230;<\/li>\n<\/ul>\n","protected":false},"featured_media":9818,"comment_status":"open","ping_status":"closed","template":"","meta":{"_acf_changed":false},"product_brand":[],"product_cat":[217],"product_tag":[],"class_list":{"0":"post-23054","1":"product","2":"type-product","3":"status-publish","4":"has-post-thumbnail","6":"product_cat-uncategorized-fr","8":"first","9":"instock","10":"virtual","11":"taxable","12":"purchasable","13":"product-type-simple"},"exclude_global_add_ons":false,"addons":[{"name":"Chapitres","type":"checkbox","position":0,"required":false,"title_format":"label","description_enable":true,"description":"chapitres","placeholder_enable":false,"placeholder":null,"display":"select","restrictions_type":"any_text","adjust_price":false,"price":"","price_type":"flat_fee","restrictions":false,"min":0,"max":0,"options":[{"label":"1. Chapitre g\u00e9n\u00e9ral (Vous l'avez d\u00e9j\u00e0 entendu dans la lecture g\u00e9n\u00e9rale)","price":"","price_type":"flat_fee","image":0},{"label":"2. \u00c9ducation et richesse","price":"79","price_type":"flat_fee","image":0},{"label":"3. Les fr\u00e8res et s\u0153urs","price":"79","price_type":"flat_fee","image":0},{"label":"4. Votre m\u00e8re, les aspects mat\u00e9riels comme la maison, le terrain, les v\u00e9hicules et le confort mat\u00e9riel.","price":"79","price_type":"flat_fee","image":0},{"label":"5. Les enfants","price":"79","price_type":"flat_fee","image":0},{"label":"6. Ennemis et maladies","price":"79","price_type":"flat_fee","image":0},{"label":"7. Mariage\/Relations","price":"79","price_type":"flat_fee","image":0},{"label":"8. Dur\u00e9e de vie","price":"79","price_type":"flat_fee","image":0},{"label":"9. Votre p\u00e8re et votre chemin spirituel","price":"79","price_type":"flat_fee","image":0},{"label":"10. Carri\u00e8re\/emploi\/entreprise","price":"79","price_type":"flat_fee","image":0},{"label":"11. Chance, b\u00e9n\u00e9fices, second mariage potentiel","price":"79","price_type":"flat_fee","image":0},{"label":"12. Connexion avec l'\u00e9tranger et prochaine incarnation","price":"79","price_type":"flat_fee","image":0},{"label":"13. Naissance ant\u00e9rieure et ancien karma","price":"79","price_type":"flat_fee","image":0},{"label":"14. Rem\u00e8des \u00e9nerg\u00e9tiques pour am\u00e9liorer votre chemin de vie (Vous avez d\u00e9j\u00e0 entendu cela dans la lecture g\u00e9n\u00e9rale)","price":"","price_type":"flat_fee","image":0},{"label":"15. M\u00e9decine ayurv\u00e9dique","price":"130","price_type":"flat_fee","image":0},{"label":"16. D\u00e9veloppement spirituel","price":"130","price_type":"flat_fee","image":0},{"label":"17. Effets plan\u00e9taires actuels","price":"130","price_type":"flat_fee","image":0}],"id":1725236907},{"name":"Traduction par chapitre","type":"checkbox","position":1,"required":false,"title_format":"label","description_enable":true,"description":"traduction","placeholder_enable":false,"placeholder":null,"display":"select","restrictions_type":"any_text","adjust_price":false,"price":"","price_type":"flat_fee","restrictions":false,"min":0,"max":0,"options":[{"label":"Anglaise","price":"","price_type":"flat_fee","image":0},{"label":"Allemande","price":"12","price_type":"flat_fee","image":0},{"label":"russe","price":"12","price_type":"flat_fee","image":0},{"label":"Japonaise","price":"12","price_type":"flat_fee","image":0},{"label":"Italienne","price":"12","price_type":"flat_fee","image":0},{"label":"Fran\u00e7ais","price":"12","price_type":"flat_fee","image":0},{"label":"Espagnole","price":"12","price_type":"flat_fee","image":0},{"label":"N\u00e9erlandaise","price":"12","price_type":"flat_fee","image":0},{"label":"Autres","price":"12","price_type":"flat_fee","image":0}],"id":1725236908},{"name":"Transcription par chapitre","type":"checkbox","position":2,"required":false,"title_format":"label","description_enable":true,"description":"transcription","placeholder_enable":false,"placeholder":null,"display":"select","restrictions_type":"any_text","adjust_price":false,"price":"","price_type":"flat_fee","restrictions":false,"min":0,"max":0,"options":[{"label":"Anglaise","price":"18","price_type":"flat_fee","image":0},{"label":"Allemande","price":"27","price_type":"flat_fee","image":0},{"label":"russe","price":"27","price_type":"flat_fee","image":0},{"label":"Japonaise","price":"27","price_type":"flat_fee","image":0},{"label":"Italienne","price":"27","price_type":"flat_fee","image":0},{"label":"Fran\u00e7ais","price":"27","price_type":"flat_fee","image":0},{"label":"Espagnole","price":"27","price_type":"flat_fee","image":0},{"label":"N\u00e9erlandaise","price":"27","price_type":"flat_fee","image":0},{"label":"Autres","price":"27","price_type":"flat_fee","image":0}],"id":1725236909}],"acf":[],"yoast_head":"<!-- This site is optimized with the Yoast SEO plugin v26.4 - https:\/\/yoast.com\/wordpress\/plugins\/seo\/ -->\n<title>Livre de lecture de chapitres suppl\u00e9mentaires | My Palm Leaf - \u20ac79 et plus<\/title>\n<meta name=\"description\" content=\"Explorez des id\u00e9es plus profondes gr\u00e2ce \u00e0 des chapitres suppl\u00e9mentaires sur les feuilles de palmier. Obtenez des \u00e9claircissements sur l&#039;amour, la carri\u00e8re et le chemin de vie. R\u00e9servez votre lecture personnalis\u00e9e d\u00e8s aujourd&#039;hui sur My Palm Leaf !\" \/>\n<meta name=\"robots\" content=\"index, follow, max-snippet:-1, max-image-preview:large, max-video-preview:-1\" \/>\n<link rel=\"canonical\" href=\"https:\/\/mypalmleaf.com\/fr\/prix\/lecture-de-chapitres-supplementaires\/\" \/>\n<meta property=\"og:locale\" content=\"fr_FR\" \/>\n<meta property=\"og:type\" content=\"article\" \/>\n<meta property=\"og:title\" content=\"Livre de lecture de chapitres suppl\u00e9mentaires | My Palm Leaf - \u20ac79 et plus\" \/>\n<meta property=\"og:description\" content=\"Explorez des id\u00e9es plus profondes gr\u00e2ce \u00e0 des chapitres suppl\u00e9mentaires sur les feuilles de palmier. Obtenez des \u00e9claircissements sur l&#039;amour, la carri\u00e8re et le chemin de vie. R\u00e9servez votre lecture personnalis\u00e9e d\u00e8s aujourd&#039;hui sur My Palm Leaf !\" \/>\n<meta property=\"og:url\" content=\"https:\/\/mypalmleaf.com\/fr\/prix\/lecture-de-chapitres-supplementaires\/\" \/>\n<meta property=\"og:site_name\" content=\"My Palm Leaf\" \/>\n<meta property=\"article:modified_time\" content=\"2025-10-09T16:10:27+00:00\" \/>\n<meta property=\"og:image\" content=\"https:\/\/mypalmleaf.com\/wp-content\/uploads\/2024\/09\/services-thumb-2.jpg\" \/>\n\t<meta property=\"og:image:width\" content=\"800\" \/>\n\t<meta property=\"og:image:height\" content=\"444\" \/>\n\t<meta property=\"og:image:type\" content=\"image\/jpeg\" \/>\n<meta name=\"twitter:card\" content=\"summary_large_image\" \/>\n<meta name=\"twitter:label1\" content=\"Dur\u00e9e de lecture estim\u00e9e\" \/>\n\t<meta name=\"twitter:data1\" content=\"1 minute\" \/>\n<script type=\"application\/ld+json\" class=\"yoast-schema-graph\">{\"@context\":\"https:\/\/schema.org\",\"@graph\":[{\"@type\":\"WebPage\",\"@id\":\"https:\/\/mypalmleaf.com\/fr\/prix\/lecture-de-chapitres-supplementaires\/\",\"url\":\"https:\/\/mypalmleaf.com\/fr\/prix\/lecture-de-chapitres-supplementaires\/\",\"name\":\"Livre de lecture de chapitres suppl\u00e9mentaires | My Palm Leaf - \u20ac79 et plus\",\"isPartOf\":{\"@id\":\"https:\/\/mypalmleaf.com\/#website\"},\"primaryImageOfPage\":{\"@id\":\"https:\/\/mypalmleaf.com\/fr\/prix\/lecture-de-chapitres-supplementaires\/#primaryimage\"},\"image\":{\"@id\":\"https:\/\/mypalmleaf.com\/fr\/prix\/lecture-de-chapitres-supplementaires\/#primaryimage\"},\"thumbnailUrl\":\"https:\/\/mypalmleaf.com\/wp-content\/uploads\/2024\/09\/services-thumb-2.jpg\",\"datePublished\":\"2024-09-04T10:57:26+00:00\",\"dateModified\":\"2025-10-09T16:10:27+00:00\",\"description\":\"Explorez des id\u00e9es plus profondes gr\u00e2ce \u00e0 des chapitres suppl\u00e9mentaires sur les feuilles de palmier. Obtenez des \u00e9claircissements sur l'amour, la carri\u00e8re et le chemin de vie. R\u00e9servez votre lecture personnalis\u00e9e d\u00e8s aujourd'hui sur My Palm Leaf !\",\"breadcrumb\":{\"@id\":\"https:\/\/mypalmleaf.com\/fr\/prix\/lecture-de-chapitres-supplementaires\/#breadcrumb\"},\"inLanguage\":\"fr-FR\",\"potentialAction\":[{\"@type\":\"ReadAction\",\"target\":[\"https:\/\/mypalmleaf.com\/fr\/prix\/lecture-de-chapitres-supplementaires\/\"]}]},{\"@type\":\"ImageObject\",\"inLanguage\":\"fr-FR\",\"@id\":\"https:\/\/mypalmleaf.com\/fr\/prix\/lecture-de-chapitres-supplementaires\/#primaryimage\",\"url\":\"https:\/\/mypalmleaf.com\/wp-content\/uploads\/2024\/09\/services-thumb-2.jpg\",\"contentUrl\":\"https:\/\/mypalmleaf.com\/wp-content\/uploads\/2024\/09\/services-thumb-2.jpg\",\"width\":800,\"height\":444,\"caption\":\"Palm leaves-548\"},{\"@type\":\"BreadcrumbList\",\"@id\":\"https:\/\/mypalmleaf.com\/fr\/prix\/lecture-de-chapitres-supplementaires\/#breadcrumb\",\"itemListElement\":[{\"@type\":\"ListItem\",\"position\":1,\"name\":\"Home\",\"item\":\"https:\/\/mypalmleaf.com\/fr\/\"},{\"@type\":\"ListItem\",\"position\":2,\"name\":\"Shop\",\"item\":\"https:\/\/mypalmleaf.com\/et\/shop\/\"},{\"@type\":\"ListItem\",\"position\":3,\"name\":\"Lecture de chapitres suppl\u00e9mentaires sur Mypalmleaf\"}]},{\"@type\":\"WebSite\",\"@id\":\"https:\/\/mypalmleaf.com\/#website\",\"url\":\"https:\/\/mypalmleaf.com\/\",\"name\":\"My Palm Leaf\",\"description\":\"\",\"potentialAction\":[{\"@type\":\"SearchAction\",\"target\":{\"@type\":\"EntryPoint\",\"urlTemplate\":\"https:\/\/mypalmleaf.com\/?s={search_term_string}\"},\"query-input\":{\"@type\":\"PropertyValueSpecification\",\"valueRequired\":true,\"valueName\":\"search_term_string\"}}],\"inLanguage\":\"fr-FR\"}]}<\/script>\n<!-- \/ Yoast SEO plugin. -->","yoast_head_json":{"title":"Livre de lecture de chapitres suppl\u00e9mentaires | My Palm Leaf - \u20ac79 et plus","description":"Explorez des id\u00e9es plus profondes gr\u00e2ce \u00e0 des chapitres suppl\u00e9mentaires sur les feuilles de palmier. Obtenez des \u00e9claircissements sur l'amour, la carri\u00e8re et le chemin de vie. R\u00e9servez votre lecture personnalis\u00e9e d\u00e8s aujourd'hui sur My Palm Leaf !","robots":{"index":"index","follow":"follow","max-snippet":"max-snippet:-1","max-image-preview":"max-image-preview:large","max-video-preview":"max-video-preview:-1"},"canonical":"https:\/\/mypalmleaf.com\/fr\/prix\/lecture-de-chapitres-supplementaires\/","og_locale":"fr_FR","og_type":"article","og_title":"Livre de lecture de chapitres suppl\u00e9mentaires | My Palm Leaf - \u20ac79 et plus","og_description":"Explorez des id\u00e9es plus profondes gr\u00e2ce \u00e0 des chapitres suppl\u00e9mentaires sur les feuilles de palmier. Obtenez des \u00e9claircissements sur l'amour, la carri\u00e8re et le chemin de vie. R\u00e9servez votre lecture personnalis\u00e9e d\u00e8s aujourd'hui sur My Palm Leaf !","og_url":"https:\/\/mypalmleaf.com\/fr\/prix\/lecture-de-chapitres-supplementaires\/","og_site_name":"My Palm Leaf","article_modified_time":"2025-10-09T16:10:27+00:00","og_image":[{"width":800,"height":444,"url":"https:\/\/mypalmleaf.com\/wp-content\/uploads\/2024\/09\/services-thumb-2.jpg","type":"image\/jpeg"}],"twitter_card":"summary_large_image","twitter_misc":{"Dur\u00e9e de lecture estim\u00e9e":"1 minute"},"schema":{"@context":"https:\/\/schema.org","@graph":[{"@type":"WebPage","@id":"https:\/\/mypalmleaf.com\/fr\/prix\/lecture-de-chapitres-supplementaires\/","url":"https:\/\/mypalmleaf.com\/fr\/prix\/lecture-de-chapitres-supplementaires\/","name":"Livre de lecture de chapitres suppl\u00e9mentaires | My Palm Leaf - \u20ac79 et plus","isPartOf":{"@id":"https:\/\/mypalmleaf.com\/#website"},"primaryImageOfPage":{"@id":"https:\/\/mypalmleaf.com\/fr\/prix\/lecture-de-chapitres-supplementaires\/#primaryimage"},"image":{"@id":"https:\/\/mypalmleaf.com\/fr\/prix\/lecture-de-chapitres-supplementaires\/#primaryimage"},"thumbnailUrl":"https:\/\/mypalmleaf.com\/wp-content\/uploads\/2024\/09\/services-thumb-2.jpg","datePublished":"2024-09-04T10:57:26+00:00","dateModified":"2025-10-09T16:10:27+00:00","description":"Explorez des id\u00e9es plus profondes gr\u00e2ce \u00e0 des chapitres suppl\u00e9mentaires sur les feuilles de palmier. Obtenez des \u00e9claircissements sur l'amour, la carri\u00e8re et le chemin de vie. R\u00e9servez votre lecture personnalis\u00e9e d\u00e8s aujourd'hui sur My Palm Leaf !","breadcrumb":{"@id":"https:\/\/mypalmleaf.com\/fr\/prix\/lecture-de-chapitres-supplementaires\/#breadcrumb"},"inLanguage":"fr-FR","potentialAction":[{"@type":"ReadAction","target":["https:\/\/mypalmleaf.com\/fr\/prix\/lecture-de-chapitres-supplementaires\/"]}]},{"@type":"ImageObject","inLanguage":"fr-FR","@id":"https:\/\/mypalmleaf.com\/fr\/prix\/lecture-de-chapitres-supplementaires\/#primaryimage","url":"https:\/\/mypalmleaf.com\/wp-content\/uploads\/2024\/09\/services-thumb-2.jpg","contentUrl":"https:\/\/mypalmleaf.com\/wp-content\/uploads\/2024\/09\/services-thumb-2.jpg","width":800,"height":444,"caption":"Palm leaves-548"},{"@type":"BreadcrumbList","@id":"https:\/\/mypalmleaf.com\/fr\/prix\/lecture-de-chapitres-supplementaires\/#breadcrumb","itemListElement":[{"@type":"ListItem","position":1,"name":"Home","item":"https:\/\/mypalmleaf.com\/fr\/"},{"@type":"ListItem","position":2,"name":"Shop","item":"https:\/\/mypalmleaf.com\/et\/shop\/"},{"@type":"ListItem","position":3,"name":"Lecture de chapitres suppl\u00e9mentaires sur Mypalmleaf"}]},{"@type":"WebSite","@id":"https:\/\/mypalmleaf.com\/#website","url":"https:\/\/mypalmleaf.com\/","name":"My Palm Leaf","description":"","potentialAction":[{"@type":"SearchAction","target":{"@type":"EntryPoint","urlTemplate":"https:\/\/mypalmleaf.com\/?s={search_term_string}"},"query-input":{"@type":"PropertyValueSpecification","valueRequired":true,"valueName":"search_term_string"}}],"inLanguage":"fr-FR"}]}},"_links":{"self":[{"href":"https:\/\/mypalmleaf.com\/fr\/wp-json\/wp\/v2\/product\/23054","targetHints":{"allow":["GET"]}}],"collection":[{"href":"https:\/\/mypalmleaf.com\/fr\/wp-json\/wp\/v2\/product"}],"about":[{"href":"https:\/\/mypalmleaf.com\/fr\/wp-json\/wp\/v2\/types\/product"}],"replies":[{"embeddable":true,"href":"https:\/\/mypalmleaf.com\/fr\/wp-json\/wp\/v2\/comments?post=23054"}],"wp:featuredmedia":[{"embeddable":true,"href":"https:\/\/mypalmleaf.com\/fr\/wp-json\/wp\/v2\/media\/9818"}],"wp:attachment":[{"href":"https:\/\/mypalmleaf.com\/fr\/wp-json\/wp\/v2\/media?parent=23054"}],"wp:term":[{"taxonomy":"product_brand","embeddable":true,"href":"https:\/\/mypalmleaf.com\/fr\/wp-json\/wp\/v2\/product_brand?post=23054"},{"taxonomy":"product_cat","embeddable":true,"href":"https:\/\/mypalmleaf.com\/fr\/wp-json\/wp\/v2\/product_cat?post=23054"},{"taxonomy":"product_tag","embeddable":true,"href":"https:\/\/mypalmleaf.com\/fr\/wp-json\/wp\/v2\/product_tag?post=23054"}],"curies":[{"name":"wp","href":"https:\/\/api.w.org\/{rel}","templated":true}]}}