
{"id":23182,"date":"2024-09-04T10:57:16","date_gmt":"2024-09-04T10:57:16","guid":{"rendered":"https:\/\/mypalmleaf.com\/prices\/mantra-yantra-puja\/"},"modified":"2025-03-27T05:03:27","modified_gmt":"2025-03-27T05:03:27","slug":"mantra-yantra-puja","status":"publish","type":"product","link":"https:\/\/mypalmleaf.com\/fr\/prix\/mantra-yantra-puja\/","title":{"rendered":"C\u00e9r\u00e9monie de Puja Mantra Yantra"},"content":{"rendered":"<p>Sur la base de la recommandation qui vous sera donn\u00e9e par les Rishis, lors de la lecture de la Feuille de Palmier, une c\u00e9r\u00e9monie bien pr\u00e9cise sera c\u00e9l\u00e9br\u00e9e pour vous par un pr\u00eatre dans un temple indien.<\/p>\n<p>Il effectuera le rituel deux fois par jour, avec des pri\u00e8res et des mantras sp\u00e9cifiques pour invoquer ces \u00e9nergies et b\u00e9n\u00e9dictions dans votre vie.<\/p>\n<p>Pendant le rituel, un Yantra en cuivre (sch\u00e9ma g\u00e9om\u00e9trique sacr\u00e9) sera charg\u00e9 de l&rsquo;\u00e9nergie du rituel et vous sera envoy\u00e9 une fois celui-ci termin\u00e9.<\/p>\n","protected":false},"excerpt":{"rendered":"<p>Sur la base de la recommandation qui vous sera donn\u00e9e par les Rishis, lors de la lecture de la Feuille de Palmier, une c\u00e9r\u00e9monie bien pr\u00e9cise sera c\u00e9l\u00e9br\u00e9e pour vous&#8230;<\/p>\n","protected":false},"featured_media":3176,"comment_status":"open","ping_status":"closed","template":"","meta":{"_acf_changed":false},"product_brand":[],"product_cat":[217],"product_tag":[],"class_list":{"0":"post-23182","1":"product","2":"type-product","3":"status-publish","4":"has-post-thumbnail","6":"product_cat-uncategorized-fr","8":"first","9":"instock","10":"purchasable","11":"product-type-variable"},"exclude_global_add_ons":[],"addons":[],"acf":[],"yoast_head":"<!-- This site is optimized with the Yoast SEO plugin v26.4 - https:\/\/yoast.com\/wordpress\/plugins\/seo\/ -->\n<title>Services de Pooja en Ligne | Laxmi, Ganpati, Sri Yantra Pooja<\/title>\n<meta name=\"description\" content=\"R\u00e9servez une pooja en ligne pour Sri Yantra, Kuber Yantra, Laxmi Yantra ou Ganapati Yantra. Recevez des b\u00e9n\u00e9dictions et une prosp\u00e9rit\u00e9 spirituelle.\" \/>\n<meta name=\"robots\" content=\"index, follow, max-snippet:-1, max-image-preview:large, max-video-preview:-1\" \/>\n<link rel=\"canonical\" href=\"https:\/\/mypalmleaf.com\/fr\/prix\/mantra-yantra-puja\/\" \/>\n<meta property=\"og:locale\" content=\"fr_FR\" \/>\n<meta property=\"og:type\" content=\"article\" \/>\n<meta property=\"og:title\" content=\"Services de Pooja en Ligne | Laxmi, Ganpati, Sri Yantra Pooja\" \/>\n<meta property=\"og:description\" content=\"R\u00e9servez une pooja en ligne pour Sri Yantra, Kuber Yantra, Laxmi Yantra ou Ganapati Yantra. Recevez des b\u00e9n\u00e9dictions et une prosp\u00e9rit\u00e9 spirituelle.\" \/>\n<meta property=\"og:url\" content=\"https:\/\/mypalmleaf.com\/fr\/prix\/mantra-yantra-puja\/\" \/>\n<meta property=\"og:site_name\" content=\"My Palm Leaf\" \/>\n<meta property=\"article:modified_time\" content=\"2025-03-27T05:03:27+00:00\" \/>\n<meta property=\"og:image\" content=\"https:\/\/mypalmleaf.com\/wp-content\/uploads\/2024\/09\/mantra-product-page-1-1.jpg\" \/>\n\t<meta property=\"og:image:width\" content=\"800\" \/>\n\t<meta property=\"og:image:height\" content=\"444\" \/>\n\t<meta property=\"og:image:type\" content=\"image\/jpeg\" \/>\n<meta name=\"twitter:card\" content=\"summary_large_image\" \/>\n<meta name=\"twitter:label1\" content=\"Dur\u00e9e de lecture estim\u00e9e\" \/>\n\t<meta name=\"twitter:data1\" content=\"1 minute\" \/>\n<script type=\"application\/ld+json\" class=\"yoast-schema-graph\">{\"@context\":\"https:\/\/schema.org\",\"@graph\":[{\"@type\":\"WebPage\",\"@id\":\"https:\/\/mypalmleaf.com\/fr\/prix\/mantra-yantra-puja\/\",\"url\":\"https:\/\/mypalmleaf.com\/fr\/prix\/mantra-yantra-puja\/\",\"name\":\"Services de Pooja en Ligne | Laxmi, Ganpati, Sri Yantra Pooja\",\"isPartOf\":{\"@id\":\"https:\/\/mypalmleaf.com\/#website\"},\"primaryImageOfPage\":{\"@id\":\"https:\/\/mypalmleaf.com\/fr\/prix\/mantra-yantra-puja\/#primaryimage\"},\"image\":{\"@id\":\"https:\/\/mypalmleaf.com\/fr\/prix\/mantra-yantra-puja\/#primaryimage\"},\"thumbnailUrl\":\"https:\/\/mypalmleaf.com\/wp-content\/uploads\/2024\/09\/mantra-product-page-1-1.jpg\",\"datePublished\":\"2024-09-04T10:57:16+00:00\",\"dateModified\":\"2025-03-27T05:03:27+00:00\",\"description\":\"R\u00e9servez une pooja en ligne pour Sri Yantra, Kuber Yantra, Laxmi Yantra ou Ganapati Yantra. Recevez des b\u00e9n\u00e9dictions et une prosp\u00e9rit\u00e9 spirituelle.\",\"breadcrumb\":{\"@id\":\"https:\/\/mypalmleaf.com\/fr\/prix\/mantra-yantra-puja\/#breadcrumb\"},\"inLanguage\":\"fr-FR\",\"potentialAction\":[{\"@type\":\"ReadAction\",\"target\":[\"https:\/\/mypalmleaf.com\/fr\/prix\/mantra-yantra-puja\/\"]}]},{\"@type\":\"ImageObject\",\"inLanguage\":\"fr-FR\",\"@id\":\"https:\/\/mypalmleaf.com\/fr\/prix\/mantra-yantra-puja\/#primaryimage\",\"url\":\"https:\/\/mypalmleaf.com\/wp-content\/uploads\/2024\/09\/mantra-product-page-1-1.jpg\",\"contentUrl\":\"https:\/\/mypalmleaf.com\/wp-content\/uploads\/2024\/09\/mantra-product-page-1-1.jpg\",\"width\":800,\"height\":444,\"caption\":\"Homa procedure-2\"},{\"@type\":\"BreadcrumbList\",\"@id\":\"https:\/\/mypalmleaf.com\/fr\/prix\/mantra-yantra-puja\/#breadcrumb\",\"itemListElement\":[{\"@type\":\"ListItem\",\"position\":1,\"name\":\"Home\",\"item\":\"https:\/\/mypalmleaf.com\/fr\/\"},{\"@type\":\"ListItem\",\"position\":2,\"name\":\"Shop\",\"item\":\"https:\/\/mypalmleaf.com\/et\/shop\/\"},{\"@type\":\"ListItem\",\"position\":3,\"name\":\"C\u00e9r\u00e9monie de Puja Mantra Yantra\"}]},{\"@type\":\"WebSite\",\"@id\":\"https:\/\/mypalmleaf.com\/#website\",\"url\":\"https:\/\/mypalmleaf.com\/\",\"name\":\"My Palm Leaf\",\"description\":\"\",\"potentialAction\":[{\"@type\":\"SearchAction\",\"target\":{\"@type\":\"EntryPoint\",\"urlTemplate\":\"https:\/\/mypalmleaf.com\/?s={search_term_string}\"},\"query-input\":{\"@type\":\"PropertyValueSpecification\",\"valueRequired\":true,\"valueName\":\"search_term_string\"}}],\"inLanguage\":\"fr-FR\"}]}<\/script>\n<!-- \/ Yoast SEO plugin. -->","yoast_head_json":{"title":"Services de Pooja en Ligne | Laxmi, Ganpati, Sri Yantra Pooja","description":"R\u00e9servez une pooja en ligne pour Sri Yantra, Kuber Yantra, Laxmi Yantra ou Ganapati Yantra. Recevez des b\u00e9n\u00e9dictions et une prosp\u00e9rit\u00e9 spirituelle.","robots":{"index":"index","follow":"follow","max-snippet":"max-snippet:-1","max-image-preview":"max-image-preview:large","max-video-preview":"max-video-preview:-1"},"canonical":"https:\/\/mypalmleaf.com\/fr\/prix\/mantra-yantra-puja\/","og_locale":"fr_FR","og_type":"article","og_title":"Services de Pooja en Ligne | Laxmi, Ganpati, Sri Yantra Pooja","og_description":"R\u00e9servez une pooja en ligne pour Sri Yantra, Kuber Yantra, Laxmi Yantra ou Ganapati Yantra. Recevez des b\u00e9n\u00e9dictions et une prosp\u00e9rit\u00e9 spirituelle.","og_url":"https:\/\/mypalmleaf.com\/fr\/prix\/mantra-yantra-puja\/","og_site_name":"My Palm Leaf","article_modified_time":"2025-03-27T05:03:27+00:00","og_image":[{"width":800,"height":444,"url":"https:\/\/mypalmleaf.com\/wp-content\/uploads\/2024\/09\/mantra-product-page-1-1.jpg","type":"image\/jpeg"}],"twitter_card":"summary_large_image","twitter_misc":{"Dur\u00e9e de lecture estim\u00e9e":"1 minute"},"schema":{"@context":"https:\/\/schema.org","@graph":[{"@type":"WebPage","@id":"https:\/\/mypalmleaf.com\/fr\/prix\/mantra-yantra-puja\/","url":"https:\/\/mypalmleaf.com\/fr\/prix\/mantra-yantra-puja\/","name":"Services de Pooja en Ligne | Laxmi, Ganpati, Sri Yantra Pooja","isPartOf":{"@id":"https:\/\/mypalmleaf.com\/#website"},"primaryImageOfPage":{"@id":"https:\/\/mypalmleaf.com\/fr\/prix\/mantra-yantra-puja\/#primaryimage"},"image":{"@id":"https:\/\/mypalmleaf.com\/fr\/prix\/mantra-yantra-puja\/#primaryimage"},"thumbnailUrl":"https:\/\/mypalmleaf.com\/wp-content\/uploads\/2024\/09\/mantra-product-page-1-1.jpg","datePublished":"2024-09-04T10:57:16+00:00","dateModified":"2025-03-27T05:03:27+00:00","description":"R\u00e9servez une pooja en ligne pour Sri Yantra, Kuber Yantra, Laxmi Yantra ou Ganapati Yantra. Recevez des b\u00e9n\u00e9dictions et une prosp\u00e9rit\u00e9 spirituelle.","breadcrumb":{"@id":"https:\/\/mypalmleaf.com\/fr\/prix\/mantra-yantra-puja\/#breadcrumb"},"inLanguage":"fr-FR","potentialAction":[{"@type":"ReadAction","target":["https:\/\/mypalmleaf.com\/fr\/prix\/mantra-yantra-puja\/"]}]},{"@type":"ImageObject","inLanguage":"fr-FR","@id":"https:\/\/mypalmleaf.com\/fr\/prix\/mantra-yantra-puja\/#primaryimage","url":"https:\/\/mypalmleaf.com\/wp-content\/uploads\/2024\/09\/mantra-product-page-1-1.jpg","contentUrl":"https:\/\/mypalmleaf.com\/wp-content\/uploads\/2024\/09\/mantra-product-page-1-1.jpg","width":800,"height":444,"caption":"Homa procedure-2"},{"@type":"BreadcrumbList","@id":"https:\/\/mypalmleaf.com\/fr\/prix\/mantra-yantra-puja\/#breadcrumb","itemListElement":[{"@type":"ListItem","position":1,"name":"Home","item":"https:\/\/mypalmleaf.com\/fr\/"},{"@type":"ListItem","position":2,"name":"Shop","item":"https:\/\/mypalmleaf.com\/et\/shop\/"},{"@type":"ListItem","position":3,"name":"C\u00e9r\u00e9monie de Puja Mantra Yantra"}]},{"@type":"WebSite","@id":"https:\/\/mypalmleaf.com\/#website","url":"https:\/\/mypalmleaf.com\/","name":"My Palm Leaf","description":"","potentialAction":[{"@type":"SearchAction","target":{"@type":"EntryPoint","urlTemplate":"https:\/\/mypalmleaf.com\/?s={search_term_string}"},"query-input":{"@type":"PropertyValueSpecification","valueRequired":true,"valueName":"search_term_string"}}],"inLanguage":"fr-FR"}]}},"_links":{"self":[{"href":"https:\/\/mypalmleaf.com\/fr\/wp-json\/wp\/v2\/product\/23182","targetHints":{"allow":["GET"]}}],"collection":[{"href":"https:\/\/mypalmleaf.com\/fr\/wp-json\/wp\/v2\/product"}],"about":[{"href":"https:\/\/mypalmleaf.com\/fr\/wp-json\/wp\/v2\/types\/product"}],"replies":[{"embeddable":true,"href":"https:\/\/mypalmleaf.com\/fr\/wp-json\/wp\/v2\/comments?post=23182"}],"wp:featuredmedia":[{"embeddable":true,"href":"https:\/\/mypalmleaf.com\/fr\/wp-json\/wp\/v2\/media\/3176"}],"wp:attachment":[{"href":"https:\/\/mypalmleaf.com\/fr\/wp-json\/wp\/v2\/media?parent=23182"}],"wp:term":[{"taxonomy":"product_brand","embeddable":true,"href":"https:\/\/mypalmleaf.com\/fr\/wp-json\/wp\/v2\/product_brand?post=23182"},{"taxonomy":"product_cat","embeddable":true,"href":"https:\/\/mypalmleaf.com\/fr\/wp-json\/wp\/v2\/product_cat?post=23182"},{"taxonomy":"product_tag","embeddable":true,"href":"https:\/\/mypalmleaf.com\/fr\/wp-json\/wp\/v2\/product_tag?post=23182"}],"curies":[{"name":"wp","href":"https:\/\/api.w.org\/{rel}","templated":true}]}}