
{"id":23191,"date":"2024-09-04T10:59:13","date_gmt":"2024-09-04T10:59:13","guid":{"rendered":"https:\/\/mypalmleaf.com\/prices\/athma-shanthi-puja-rituel-special-pour-aider-lame-de-quelquun-qui-est-decede-a-reposer-en-paix\/"},"modified":"2025-08-04T13:13:59","modified_gmt":"2025-08-04T13:13:59","slug":"athma-shanthi-puja-rituel-special-pour-aider-lame-de-quelquun-qui-est-decede-a-reposer-en-paix","status":"publish","type":"product","link":"https:\/\/mypalmleaf.com\/fr\/prix\/athma-shanthi-puja-rituel-special-pour-aider-lame-de-quelquun-qui-est-decede-a-reposer-en-paix\/","title":{"rendered":"Atma Shanti Pooja &#8211; Une offrande sacr\u00e9e pour la paix des \u00e2mes d\u00e9funtes"},"content":{"rendered":"<p><strong>Atma Shanti Pooja<\/strong><br \/>\nUn rituel sacr\u00e9 pour honorer et soutenir l&rsquo;\u00e2me d&rsquo;un \u00eatre cher d\u00e9c\u00e9d\u00e9.<\/p>\n<p>L&rsquo;Atma Shanti Pooja est une c\u00e9r\u00e9monie v\u00e9dique tr\u00e8s significative qui a pour but d&rsquo;apporter la paix \u00e0 l&rsquo;\u00e2me d&rsquo;une personne d\u00e9c\u00e9d\u00e9e, en particulier si son d\u00e9c\u00e8s a \u00e9t\u00e9 soudain, inattendu ou non r\u00e9solu sur le plan \u00e9motionnel.<\/p>\n<p>Que le d\u00e9c\u00e8s ait eu lieu r\u00e9cemment ou il y a longtemps, ce pooja offre un soutien spirituel au voyage de l&rsquo;\u00e2me, l&rsquo;aidant \u00e0 progresser vers la gu\u00e9rison, la r\u00e9solution et la paix. Ce pooja peut \u00eatre ex\u00e9cut\u00e9 plusieurs fois au cours de la vie pour soutenir continuellement le voyage de l&rsquo;\u00e2me. <\/p>\n<p><strong>Inclusions :<\/strong><\/p>\n<ul>\n<li>Atma Shanti Pooja traditionnelle r\u00e9alis\u00e9e par des pr\u00eatres v\u00e9diques exp\u00e9riment\u00e9s<\/li>\n<li>Choix de la date qui vous semble la plus significative<\/li>\n<li>Possibilit\u00e9 de participer \u00e0 la pooja en direct via Zoom<\/li>\n<li>Enregistrement vid\u00e9o du rituel complet<\/li>\n<li>Soutien et communication de notre \u00e9quipe tout au long de l&rsquo;op\u00e9ration<\/li>\n<\/ul>\n<p>Il existe une p\u00e9riode sp\u00e9ciale chaque ann\u00e9e, appel\u00e9e Pitru Paksha, au cours de laquelle l&rsquo;ex\u00e9cution de l&rsquo;Atma Shanti Pooja est consid\u00e9r\u00e9e comme particuli\u00e8rement puissante et spirituellement marquante.<\/p>\n<p>Cette ann\u00e9e, la p\u00e9riode Pitru Paksha se situe entre le 7 et le 21 septembre 2025. Pour en savoir plus <a href=\"https:\/\/mypalmleaf.com\/fr\/pitru-paksha-2025\/\">, cliquez ici<\/a>. <\/p>\n","protected":false},"excerpt":{"rendered":"<p>L&rsquo;Atma Shanti Pooja est une c\u00e9r\u00e9monie v\u00e9dique tr\u00e8s significative qui a pour but d&rsquo;apporter la paix \u00e0 l&rsquo;\u00e2me d&rsquo;une personne d\u00e9c\u00e9d\u00e9e, en particulier si son d\u00e9c\u00e8s a \u00e9t\u00e9 soudain, inattendu ou non r\u00e9solu sur le plan \u00e9motionnel.<\/p>\n","protected":false},"featured_media":9941,"comment_status":"open","ping_status":"closed","template":"","meta":{"_acf_changed":false},"product_brand":[],"product_cat":[217],"product_tag":[],"class_list":{"0":"post-23191","1":"product","2":"type-product","3":"status-publish","4":"has-post-thumbnail","6":"product_cat-uncategorized-fr","8":"first","9":"instock","10":"virtual","11":"purchasable","12":"product-type-simple"},"exclude_global_add_ons":[],"addons":[],"acf":[],"yoast_head":"<!-- This site is optimized with the Yoast SEO plugin v26.4 - https:\/\/yoast.com\/wordpress\/plugins\/seo\/ -->\n<title>Athma Shanthi Pooja - Rituel sacr\u00e9 pour la paix de nos anc\u00eatres<\/title>\n<meta name=\"description\" content=\"Effectuez l&#039;Athma Shanthi Puja pour aider l&#039;\u00e2me d&#039;un \u00eatre cher \u00e0 reposer en paix. Ce rituel unique est destin\u00e9 aux personnes d\u00e9c\u00e9d\u00e9es de mani\u00e8re inattendue. Disponible en direct.\" \/>\n<meta name=\"robots\" content=\"index, follow, max-snippet:-1, max-image-preview:large, max-video-preview:-1\" \/>\n<link rel=\"canonical\" href=\"https:\/\/mypalmleaf.com\/fr\/prix\/athma-shanthi-puja-rituel-special-pour-aider-lame-de-quelquun-qui-est-decede-a-reposer-en-paix\/\" \/>\n<meta property=\"og:locale\" content=\"fr_FR\" \/>\n<meta property=\"og:type\" content=\"article\" \/>\n<meta property=\"og:title\" content=\"Athma Shanthi Pooja - Rituel sacr\u00e9 pour la paix de nos anc\u00eatres\" \/>\n<meta property=\"og:description\" content=\"Effectuez l&#039;Athma Shanthi Puja pour aider l&#039;\u00e2me d&#039;un \u00eatre cher \u00e0 reposer en paix. Ce rituel unique est destin\u00e9 aux personnes d\u00e9c\u00e9d\u00e9es de mani\u00e8re inattendue. Disponible en direct.\" \/>\n<meta property=\"og:url\" content=\"https:\/\/mypalmleaf.com\/fr\/prix\/athma-shanthi-puja-rituel-special-pour-aider-lame-de-quelquun-qui-est-decede-a-reposer-en-paix\/\" \/>\n<meta property=\"og:site_name\" content=\"My Palm Leaf\" \/>\n<meta property=\"article:modified_time\" content=\"2025-08-04T13:13:59+00:00\" \/>\n<meta property=\"og:image\" content=\"https:\/\/mypalmleaf.com\/wp-content\/uploads\/2024\/09\/mantra-product-page-3-1.jpg\" \/>\n\t<meta property=\"og:image:width\" content=\"800\" \/>\n\t<meta property=\"og:image:height\" content=\"444\" \/>\n\t<meta property=\"og:image:type\" content=\"image\/jpeg\" \/>\n<meta name=\"twitter:card\" content=\"summary_large_image\" \/>\n<meta name=\"twitter:label1\" content=\"Dur\u00e9e de lecture estim\u00e9e\" \/>\n\t<meta name=\"twitter:data1\" content=\"1 minute\" \/>\n<script type=\"application\/ld+json\" class=\"yoast-schema-graph\">{\"@context\":\"https:\/\/schema.org\",\"@graph\":[{\"@type\":\"WebPage\",\"@id\":\"https:\/\/mypalmleaf.com\/fr\/prix\/athma-shanthi-puja-rituel-special-pour-aider-lame-de-quelquun-qui-est-decede-a-reposer-en-paix\/\",\"url\":\"https:\/\/mypalmleaf.com\/fr\/prix\/athma-shanthi-puja-rituel-special-pour-aider-lame-de-quelquun-qui-est-decede-a-reposer-en-paix\/\",\"name\":\"Athma Shanthi Pooja - Rituel sacr\u00e9 pour la paix de nos anc\u00eatres\",\"isPartOf\":{\"@id\":\"https:\/\/mypalmleaf.com\/#website\"},\"primaryImageOfPage\":{\"@id\":\"https:\/\/mypalmleaf.com\/fr\/prix\/athma-shanthi-puja-rituel-special-pour-aider-lame-de-quelquun-qui-est-decede-a-reposer-en-paix\/#primaryimage\"},\"image\":{\"@id\":\"https:\/\/mypalmleaf.com\/fr\/prix\/athma-shanthi-puja-rituel-special-pour-aider-lame-de-quelquun-qui-est-decede-a-reposer-en-paix\/#primaryimage\"},\"thumbnailUrl\":\"https:\/\/mypalmleaf.com\/wp-content\/uploads\/2024\/09\/mantra-product-page-3-1.jpg\",\"datePublished\":\"2024-09-04T10:59:13+00:00\",\"dateModified\":\"2025-08-04T13:13:59+00:00\",\"description\":\"Effectuez l'Athma Shanthi Puja pour aider l'\u00e2me d'un \u00eatre cher \u00e0 reposer en paix. Ce rituel unique est destin\u00e9 aux personnes d\u00e9c\u00e9d\u00e9es de mani\u00e8re inattendue. Disponible en direct.\",\"breadcrumb\":{\"@id\":\"https:\/\/mypalmleaf.com\/fr\/prix\/athma-shanthi-puja-rituel-special-pour-aider-lame-de-quelquun-qui-est-decede-a-reposer-en-paix\/#breadcrumb\"},\"inLanguage\":\"fr-FR\",\"potentialAction\":[{\"@type\":\"ReadAction\",\"target\":[\"https:\/\/mypalmleaf.com\/fr\/prix\/athma-shanthi-puja-rituel-special-pour-aider-lame-de-quelquun-qui-est-decede-a-reposer-en-paix\/\"]}]},{\"@type\":\"ImageObject\",\"inLanguage\":\"fr-FR\",\"@id\":\"https:\/\/mypalmleaf.com\/fr\/prix\/athma-shanthi-puja-rituel-special-pour-aider-lame-de-quelquun-qui-est-decede-a-reposer-en-paix\/#primaryimage\",\"url\":\"https:\/\/mypalmleaf.com\/wp-content\/uploads\/2024\/09\/mantra-product-page-3-1.jpg\",\"contentUrl\":\"https:\/\/mypalmleaf.com\/wp-content\/uploads\/2024\/09\/mantra-product-page-3-1.jpg\",\"width\":800,\"height\":444,\"caption\":\"Homa procedure\"},{\"@type\":\"BreadcrumbList\",\"@id\":\"https:\/\/mypalmleaf.com\/fr\/prix\/athma-shanthi-puja-rituel-special-pour-aider-lame-de-quelquun-qui-est-decede-a-reposer-en-paix\/#breadcrumb\",\"itemListElement\":[{\"@type\":\"ListItem\",\"position\":1,\"name\":\"Home\",\"item\":\"https:\/\/mypalmleaf.com\/fr\/\"},{\"@type\":\"ListItem\",\"position\":2,\"name\":\"Shop\",\"item\":\"https:\/\/mypalmleaf.com\/et\/shop\/\"},{\"@type\":\"ListItem\",\"position\":3,\"name\":\"Atma Shanti Pooja &#8211; Une offrande sacr\u00e9e pour la paix des \u00e2mes d\u00e9funtes\"}]},{\"@type\":\"WebSite\",\"@id\":\"https:\/\/mypalmleaf.com\/#website\",\"url\":\"https:\/\/mypalmleaf.com\/\",\"name\":\"My Palm Leaf\",\"description\":\"\",\"potentialAction\":[{\"@type\":\"SearchAction\",\"target\":{\"@type\":\"EntryPoint\",\"urlTemplate\":\"https:\/\/mypalmleaf.com\/?s={search_term_string}\"},\"query-input\":{\"@type\":\"PropertyValueSpecification\",\"valueRequired\":true,\"valueName\":\"search_term_string\"}}],\"inLanguage\":\"fr-FR\"}]}<\/script>\n<!-- \/ Yoast SEO plugin. -->","yoast_head_json":{"title":"Athma Shanthi Pooja - Rituel sacr\u00e9 pour la paix de nos anc\u00eatres","description":"Effectuez l'Athma Shanthi Puja pour aider l'\u00e2me d'un \u00eatre cher \u00e0 reposer en paix. Ce rituel unique est destin\u00e9 aux personnes d\u00e9c\u00e9d\u00e9es de mani\u00e8re inattendue. Disponible en direct.","robots":{"index":"index","follow":"follow","max-snippet":"max-snippet:-1","max-image-preview":"max-image-preview:large","max-video-preview":"max-video-preview:-1"},"canonical":"https:\/\/mypalmleaf.com\/fr\/prix\/athma-shanthi-puja-rituel-special-pour-aider-lame-de-quelquun-qui-est-decede-a-reposer-en-paix\/","og_locale":"fr_FR","og_type":"article","og_title":"Athma Shanthi Pooja - Rituel sacr\u00e9 pour la paix de nos anc\u00eatres","og_description":"Effectuez l'Athma Shanthi Puja pour aider l'\u00e2me d'un \u00eatre cher \u00e0 reposer en paix. Ce rituel unique est destin\u00e9 aux personnes d\u00e9c\u00e9d\u00e9es de mani\u00e8re inattendue. Disponible en direct.","og_url":"https:\/\/mypalmleaf.com\/fr\/prix\/athma-shanthi-puja-rituel-special-pour-aider-lame-de-quelquun-qui-est-decede-a-reposer-en-paix\/","og_site_name":"My Palm Leaf","article_modified_time":"2025-08-04T13:13:59+00:00","og_image":[{"width":800,"height":444,"url":"https:\/\/mypalmleaf.com\/wp-content\/uploads\/2024\/09\/mantra-product-page-3-1.jpg","type":"image\/jpeg"}],"twitter_card":"summary_large_image","twitter_misc":{"Dur\u00e9e de lecture estim\u00e9e":"1 minute"},"schema":{"@context":"https:\/\/schema.org","@graph":[{"@type":"WebPage","@id":"https:\/\/mypalmleaf.com\/fr\/prix\/athma-shanthi-puja-rituel-special-pour-aider-lame-de-quelquun-qui-est-decede-a-reposer-en-paix\/","url":"https:\/\/mypalmleaf.com\/fr\/prix\/athma-shanthi-puja-rituel-special-pour-aider-lame-de-quelquun-qui-est-decede-a-reposer-en-paix\/","name":"Athma Shanthi Pooja - Rituel sacr\u00e9 pour la paix de nos anc\u00eatres","isPartOf":{"@id":"https:\/\/mypalmleaf.com\/#website"},"primaryImageOfPage":{"@id":"https:\/\/mypalmleaf.com\/fr\/prix\/athma-shanthi-puja-rituel-special-pour-aider-lame-de-quelquun-qui-est-decede-a-reposer-en-paix\/#primaryimage"},"image":{"@id":"https:\/\/mypalmleaf.com\/fr\/prix\/athma-shanthi-puja-rituel-special-pour-aider-lame-de-quelquun-qui-est-decede-a-reposer-en-paix\/#primaryimage"},"thumbnailUrl":"https:\/\/mypalmleaf.com\/wp-content\/uploads\/2024\/09\/mantra-product-page-3-1.jpg","datePublished":"2024-09-04T10:59:13+00:00","dateModified":"2025-08-04T13:13:59+00:00","description":"Effectuez l'Athma Shanthi Puja pour aider l'\u00e2me d'un \u00eatre cher \u00e0 reposer en paix. Ce rituel unique est destin\u00e9 aux personnes d\u00e9c\u00e9d\u00e9es de mani\u00e8re inattendue. Disponible en direct.","breadcrumb":{"@id":"https:\/\/mypalmleaf.com\/fr\/prix\/athma-shanthi-puja-rituel-special-pour-aider-lame-de-quelquun-qui-est-decede-a-reposer-en-paix\/#breadcrumb"},"inLanguage":"fr-FR","potentialAction":[{"@type":"ReadAction","target":["https:\/\/mypalmleaf.com\/fr\/prix\/athma-shanthi-puja-rituel-special-pour-aider-lame-de-quelquun-qui-est-decede-a-reposer-en-paix\/"]}]},{"@type":"ImageObject","inLanguage":"fr-FR","@id":"https:\/\/mypalmleaf.com\/fr\/prix\/athma-shanthi-puja-rituel-special-pour-aider-lame-de-quelquun-qui-est-decede-a-reposer-en-paix\/#primaryimage","url":"https:\/\/mypalmleaf.com\/wp-content\/uploads\/2024\/09\/mantra-product-page-3-1.jpg","contentUrl":"https:\/\/mypalmleaf.com\/wp-content\/uploads\/2024\/09\/mantra-product-page-3-1.jpg","width":800,"height":444,"caption":"Homa procedure"},{"@type":"BreadcrumbList","@id":"https:\/\/mypalmleaf.com\/fr\/prix\/athma-shanthi-puja-rituel-special-pour-aider-lame-de-quelquun-qui-est-decede-a-reposer-en-paix\/#breadcrumb","itemListElement":[{"@type":"ListItem","position":1,"name":"Home","item":"https:\/\/mypalmleaf.com\/fr\/"},{"@type":"ListItem","position":2,"name":"Shop","item":"https:\/\/mypalmleaf.com\/et\/shop\/"},{"@type":"ListItem","position":3,"name":"Atma Shanti Pooja &#8211; Une offrande sacr\u00e9e pour la paix des \u00e2mes d\u00e9funtes"}]},{"@type":"WebSite","@id":"https:\/\/mypalmleaf.com\/#website","url":"https:\/\/mypalmleaf.com\/","name":"My Palm Leaf","description":"","potentialAction":[{"@type":"SearchAction","target":{"@type":"EntryPoint","urlTemplate":"https:\/\/mypalmleaf.com\/?s={search_term_string}"},"query-input":{"@type":"PropertyValueSpecification","valueRequired":true,"valueName":"search_term_string"}}],"inLanguage":"fr-FR"}]}},"_links":{"self":[{"href":"https:\/\/mypalmleaf.com\/fr\/wp-json\/wp\/v2\/product\/23191","targetHints":{"allow":["GET"]}}],"collection":[{"href":"https:\/\/mypalmleaf.com\/fr\/wp-json\/wp\/v2\/product"}],"about":[{"href":"https:\/\/mypalmleaf.com\/fr\/wp-json\/wp\/v2\/types\/product"}],"replies":[{"embeddable":true,"href":"https:\/\/mypalmleaf.com\/fr\/wp-json\/wp\/v2\/comments?post=23191"}],"wp:featuredmedia":[{"embeddable":true,"href":"https:\/\/mypalmleaf.com\/fr\/wp-json\/wp\/v2\/media\/9941"}],"wp:attachment":[{"href":"https:\/\/mypalmleaf.com\/fr\/wp-json\/wp\/v2\/media?parent=23191"}],"wp:term":[{"taxonomy":"product_brand","embeddable":true,"href":"https:\/\/mypalmleaf.com\/fr\/wp-json\/wp\/v2\/product_brand?post=23191"},{"taxonomy":"product_cat","embeddable":true,"href":"https:\/\/mypalmleaf.com\/fr\/wp-json\/wp\/v2\/product_cat?post=23191"},{"taxonomy":"product_tag","embeddable":true,"href":"https:\/\/mypalmleaf.com\/fr\/wp-json\/wp\/v2\/product_tag?post=23191"}],"curies":[{"name":"wp","href":"https:\/\/api.w.org\/{rel}","templated":true}]}}