
{"id":23193,"date":"2024-09-04T10:46:48","date_gmt":"2024-09-04T10:46:48","guid":{"rendered":"https:\/\/mypalmleaf.com\/prices\/obtenez-votre-lecture-de-feuille-de-palmier-transcrite-et-resumee\/"},"modified":"2025-07-07T10:54:52","modified_gmt":"2025-07-07T10:54:52","slug":"obtenez-votre-lecture-de-feuille-de-palmier-transcrite-et-resumee","status":"publish","type":"product","link":"https:\/\/mypalmleaf.com\/fr\/prix\/obtenez-votre-lecture-de-feuille-de-palmier-transcrite-et-resumee\/","title":{"rendered":"Obtenez votre lecture de feuille de palmier transcrite et r\u00e9sum\u00e9e."},"content":{"rendered":"<p>Nous transcrivons, \u00e9ditons et r\u00e9sumons votre lecture de la feuille de palmier et la rassemblons en un texte facile \u00e0 lire et bien structur\u00e9.<\/p>\n<p>Cela permet d&rsquo;int\u00e9grer la lecture et d&rsquo;en rechercher le contenu sans avoir \u00e0 r\u00e9\u00e9couter l&rsquo;int\u00e9gralit\u00e9 de l&rsquo;enregistrement.<\/p>\n<p>Il contient \u00e9galement des explications suppl\u00e9mentaires.<\/p>\n<p>Il n&rsquo;est PAS possible de r\u00e9server ce service sans avoir fait lire votre feuille de palmier au pr\u00e9alable.<\/p>\n<p>Veuillez choisir ci-dessous si vous souhaitez que la lecture de votre chapitre g\u00e9n\u00e9ral soit transcrite ou la lecture de chapitres suppl\u00e9mentaires.<\/p>\n","protected":false},"excerpt":{"rendered":"<p>Nous transcrirons, \u00e9diterons et r\u00e9sumerons votre lecture de feuille de palmier et la rassemblerons pour vous sous forme d&rsquo;un texte facile&#8230;<\/p>\n","protected":false},"featured_media":9961,"comment_status":"open","ping_status":"closed","template":"","meta":{"_acf_changed":false},"product_brand":[],"product_cat":[217],"product_tag":[],"class_list":{"0":"post-23193","1":"product","2":"type-product","3":"status-publish","4":"has-post-thumbnail","6":"product_cat-uncategorized-fr","8":"first","9":"instock","10":"virtual","11":"taxable","12":"purchasable","13":"product-type-simple"},"exclude_global_add_ons":false,"addons":[{"name":"Chapitre g\u00e9n\u00e9ral","type":"checkbox","position":0,"required":false,"title_format":"label","description_enable":true,"description":"General Chapter","placeholder_enable":false,"placeholder":"","display":"select","restrictions_type":"any_text","adjust_price":false,"price":"","price_type":"flat_fee","restrictions":false,"min":0,"max":0,"options":[{"label":"Anglaise","price":"59","price_type":"flat_fee","image":0},{"label":"Allemande","price":"99","price_type":"flat_fee","image":0},{"label":"Japonaise","price":"99","price_type":"flat_fee","image":0},{"label":"Italienne","price":"99","price_type":"flat_fee","image":0},{"label":"russe","price":"99","price_type":"flat_fee","image":0},{"label":"Fran\u00e7ais","price":"99","price_type":"flat_fee","image":0},{"label":"Espagnole","price":"99","price_type":"flat_fee","image":0}],"id":1731263144},{"name":"Chapitres suppl\u00e9mentaires","type":"checkbox","position":1,"required":false,"title_format":"label","description_enable":true,"description":"Additional Chapters","placeholder_enable":false,"placeholder":"","display":"select","restrictions_type":"any_text","adjust_price":false,"price":"","price_type":"flat_fee","restrictions":false,"min":0,"max":0,"options":[{"label":"Anglaise","price":"18","price_type":"flat_fee","image":0},{"label":"Allemande","price":"27","price_type":"flat_fee","image":0},{"label":"Japonaise","price":"27","price_type":"flat_fee","image":0},{"label":"Italienne","price":"27","price_type":"flat_fee","image":0},{"label":"russe","price":"27","price_type":"flat_fee","image":0},{"label":"Fran\u00e7ais","price":"27","price_type":"flat_fee","image":0},{"label":"Espagnole","price":"27","price_type":"flat_fee","image":0}],"id":1731263145},{"name":"Nombre de chapitres","type":"checkbox","position":2,"required":false,"title_format":"label","description_enable":true,"description":"No of Chapters","placeholder_enable":false,"placeholder":"","display":"select","restrictions_type":"any_text","adjust_price":false,"price":"","price_type":"flat_fee","restrictions":false,"min":0,"max":0,"options":[{"label":"1","price":"18","price_type":"flat_fee","image":0},{"label":"2","price":"27","price_type":"flat_fee","image":0},{"label":"3","price":"27","price_type":"flat_fee","image":0},{"label":"4","price":"27","price_type":"flat_fee","image":0},{"label":"5","price":"27","price_type":"flat_fee","image":0},{"label":"6","price":"27","price_type":"flat_fee","image":0},{"label":"7","price":"27","price_type":"flat_fee","image":0},{"label":"8","price":"","price_type":"flat_fee","image":0},{"label":"9","price":"","price_type":"flat_fee","image":0},{"label":"10","price":"","price_type":"flat_fee","image":0},{"label":"11","price":"","price_type":"flat_fee","image":0},{"label":"12","price":"","price_type":"flat_fee","image":0},{"label":"13","price":"","price_type":"flat_fee","image":0},{"label":"14","price":"","price_type":"flat_fee","image":0},{"label":"15","price":"","price_type":"flat_fee","image":0}],"id":1731263146}],"acf":[],"yoast_head":"<!-- This site is optimized with the Yoast SEO plugin v26.4 - https:\/\/yoast.com\/wordpress\/plugins\/seo\/ -->\n<title>Obtenez votre lecture de feuille de palmier transcrite et r\u00e9sum\u00e9e<\/title>\n<meta name=\"description\" content=\"Transcrivez et r\u00e9sumez votre lecture de feuille de palmier pour une r\u00e9f\u00e9rence facile. Disponible en plusieurs langues. R\u00e9servez maintenant.\" \/>\n<meta name=\"robots\" content=\"index, follow, max-snippet:-1, max-image-preview:large, max-video-preview:-1\" \/>\n<link rel=\"canonical\" href=\"https:\/\/mypalmleaf.com\/fr\/prix\/obtenez-votre-lecture-de-feuille-de-palmier-transcrite-et-resumee\/\" \/>\n<meta property=\"og:locale\" content=\"fr_FR\" \/>\n<meta property=\"og:type\" content=\"article\" \/>\n<meta property=\"og:title\" content=\"Obtenez votre lecture de feuille de palmier transcrite et r\u00e9sum\u00e9e\" \/>\n<meta property=\"og:description\" content=\"Transcrivez et r\u00e9sumez votre lecture de feuille de palmier pour une r\u00e9f\u00e9rence facile. Disponible en plusieurs langues. R\u00e9servez maintenant.\" \/>\n<meta property=\"og:url\" content=\"https:\/\/mypalmleaf.com\/fr\/prix\/obtenez-votre-lecture-de-feuille-de-palmier-transcrite-et-resumee\/\" \/>\n<meta property=\"og:site_name\" content=\"My Palm Leaf\" \/>\n<meta property=\"article:modified_time\" content=\"2025-07-07T10:54:52+00:00\" \/>\n<meta property=\"og:image\" content=\"https:\/\/mypalmleaf.com\/wp-content\/uploads\/2024\/09\/mantra-product-page-4-1.jpg\" \/>\n\t<meta property=\"og:image:width\" content=\"800\" \/>\n\t<meta property=\"og:image:height\" content=\"444\" \/>\n\t<meta property=\"og:image:type\" content=\"image\/jpeg\" \/>\n<meta name=\"twitter:card\" content=\"summary_large_image\" \/>\n<meta name=\"twitter:label1\" content=\"Dur\u00e9e de lecture estim\u00e9e\" \/>\n\t<meta name=\"twitter:data1\" content=\"1 minute\" \/>\n<script type=\"application\/ld+json\" class=\"yoast-schema-graph\">{\"@context\":\"https:\/\/schema.org\",\"@graph\":[{\"@type\":\"WebPage\",\"@id\":\"https:\/\/mypalmleaf.com\/fr\/prix\/obtenez-votre-lecture-de-feuille-de-palmier-transcrite-et-resumee\/\",\"url\":\"https:\/\/mypalmleaf.com\/fr\/prix\/obtenez-votre-lecture-de-feuille-de-palmier-transcrite-et-resumee\/\",\"name\":\"Obtenez votre lecture de feuille de palmier transcrite et r\u00e9sum\u00e9e\",\"isPartOf\":{\"@id\":\"https:\/\/mypalmleaf.com\/#website\"},\"primaryImageOfPage\":{\"@id\":\"https:\/\/mypalmleaf.com\/fr\/prix\/obtenez-votre-lecture-de-feuille-de-palmier-transcrite-et-resumee\/#primaryimage\"},\"image\":{\"@id\":\"https:\/\/mypalmleaf.com\/fr\/prix\/obtenez-votre-lecture-de-feuille-de-palmier-transcrite-et-resumee\/#primaryimage\"},\"thumbnailUrl\":\"https:\/\/mypalmleaf.com\/wp-content\/uploads\/2024\/09\/mantra-product-page-4-1.jpg\",\"datePublished\":\"2024-09-04T10:46:48+00:00\",\"dateModified\":\"2025-07-07T10:54:52+00:00\",\"description\":\"Transcrivez et r\u00e9sumez votre lecture de feuille de palmier pour une r\u00e9f\u00e9rence facile. Disponible en plusieurs langues. R\u00e9servez maintenant.\",\"breadcrumb\":{\"@id\":\"https:\/\/mypalmleaf.com\/fr\/prix\/obtenez-votre-lecture-de-feuille-de-palmier-transcrite-et-resumee\/#breadcrumb\"},\"inLanguage\":\"fr-FR\",\"potentialAction\":[{\"@type\":\"ReadAction\",\"target\":[\"https:\/\/mypalmleaf.com\/fr\/prix\/obtenez-votre-lecture-de-feuille-de-palmier-transcrite-et-resumee\/\"]}]},{\"@type\":\"ImageObject\",\"inLanguage\":\"fr-FR\",\"@id\":\"https:\/\/mypalmleaf.com\/fr\/prix\/obtenez-votre-lecture-de-feuille-de-palmier-transcrite-et-resumee\/#primaryimage\",\"url\":\"https:\/\/mypalmleaf.com\/wp-content\/uploads\/2024\/09\/mantra-product-page-4-1.jpg\",\"contentUrl\":\"https:\/\/mypalmleaf.com\/wp-content\/uploads\/2024\/09\/mantra-product-page-4-1.jpg\",\"width\":800,\"height\":444,\"caption\":\"Envelope\"},{\"@type\":\"BreadcrumbList\",\"@id\":\"https:\/\/mypalmleaf.com\/fr\/prix\/obtenez-votre-lecture-de-feuille-de-palmier-transcrite-et-resumee\/#breadcrumb\",\"itemListElement\":[{\"@type\":\"ListItem\",\"position\":1,\"name\":\"Home\",\"item\":\"https:\/\/mypalmleaf.com\/fr\/\"},{\"@type\":\"ListItem\",\"position\":2,\"name\":\"Shop\",\"item\":\"https:\/\/mypalmleaf.com\/et\/shop\/\"},{\"@type\":\"ListItem\",\"position\":3,\"name\":\"Obtenez votre lecture de feuille de palmier transcrite et r\u00e9sum\u00e9e.\"}]},{\"@type\":\"WebSite\",\"@id\":\"https:\/\/mypalmleaf.com\/#website\",\"url\":\"https:\/\/mypalmleaf.com\/\",\"name\":\"My Palm Leaf\",\"description\":\"\",\"potentialAction\":[{\"@type\":\"SearchAction\",\"target\":{\"@type\":\"EntryPoint\",\"urlTemplate\":\"https:\/\/mypalmleaf.com\/?s={search_term_string}\"},\"query-input\":{\"@type\":\"PropertyValueSpecification\",\"valueRequired\":true,\"valueName\":\"search_term_string\"}}],\"inLanguage\":\"fr-FR\"}]}<\/script>\n<!-- \/ Yoast SEO plugin. -->","yoast_head_json":{"title":"Obtenez votre lecture de feuille de palmier transcrite et r\u00e9sum\u00e9e","description":"Transcrivez et r\u00e9sumez votre lecture de feuille de palmier pour une r\u00e9f\u00e9rence facile. Disponible en plusieurs langues. R\u00e9servez maintenant.","robots":{"index":"index","follow":"follow","max-snippet":"max-snippet:-1","max-image-preview":"max-image-preview:large","max-video-preview":"max-video-preview:-1"},"canonical":"https:\/\/mypalmleaf.com\/fr\/prix\/obtenez-votre-lecture-de-feuille-de-palmier-transcrite-et-resumee\/","og_locale":"fr_FR","og_type":"article","og_title":"Obtenez votre lecture de feuille de palmier transcrite et r\u00e9sum\u00e9e","og_description":"Transcrivez et r\u00e9sumez votre lecture de feuille de palmier pour une r\u00e9f\u00e9rence facile. Disponible en plusieurs langues. R\u00e9servez maintenant.","og_url":"https:\/\/mypalmleaf.com\/fr\/prix\/obtenez-votre-lecture-de-feuille-de-palmier-transcrite-et-resumee\/","og_site_name":"My Palm Leaf","article_modified_time":"2025-07-07T10:54:52+00:00","og_image":[{"width":800,"height":444,"url":"https:\/\/mypalmleaf.com\/wp-content\/uploads\/2024\/09\/mantra-product-page-4-1.jpg","type":"image\/jpeg"}],"twitter_card":"summary_large_image","twitter_misc":{"Dur\u00e9e de lecture estim\u00e9e":"1 minute"},"schema":{"@context":"https:\/\/schema.org","@graph":[{"@type":"WebPage","@id":"https:\/\/mypalmleaf.com\/fr\/prix\/obtenez-votre-lecture-de-feuille-de-palmier-transcrite-et-resumee\/","url":"https:\/\/mypalmleaf.com\/fr\/prix\/obtenez-votre-lecture-de-feuille-de-palmier-transcrite-et-resumee\/","name":"Obtenez votre lecture de feuille de palmier transcrite et r\u00e9sum\u00e9e","isPartOf":{"@id":"https:\/\/mypalmleaf.com\/#website"},"primaryImageOfPage":{"@id":"https:\/\/mypalmleaf.com\/fr\/prix\/obtenez-votre-lecture-de-feuille-de-palmier-transcrite-et-resumee\/#primaryimage"},"image":{"@id":"https:\/\/mypalmleaf.com\/fr\/prix\/obtenez-votre-lecture-de-feuille-de-palmier-transcrite-et-resumee\/#primaryimage"},"thumbnailUrl":"https:\/\/mypalmleaf.com\/wp-content\/uploads\/2024\/09\/mantra-product-page-4-1.jpg","datePublished":"2024-09-04T10:46:48+00:00","dateModified":"2025-07-07T10:54:52+00:00","description":"Transcrivez et r\u00e9sumez votre lecture de feuille de palmier pour une r\u00e9f\u00e9rence facile. Disponible en plusieurs langues. R\u00e9servez maintenant.","breadcrumb":{"@id":"https:\/\/mypalmleaf.com\/fr\/prix\/obtenez-votre-lecture-de-feuille-de-palmier-transcrite-et-resumee\/#breadcrumb"},"inLanguage":"fr-FR","potentialAction":[{"@type":"ReadAction","target":["https:\/\/mypalmleaf.com\/fr\/prix\/obtenez-votre-lecture-de-feuille-de-palmier-transcrite-et-resumee\/"]}]},{"@type":"ImageObject","inLanguage":"fr-FR","@id":"https:\/\/mypalmleaf.com\/fr\/prix\/obtenez-votre-lecture-de-feuille-de-palmier-transcrite-et-resumee\/#primaryimage","url":"https:\/\/mypalmleaf.com\/wp-content\/uploads\/2024\/09\/mantra-product-page-4-1.jpg","contentUrl":"https:\/\/mypalmleaf.com\/wp-content\/uploads\/2024\/09\/mantra-product-page-4-1.jpg","width":800,"height":444,"caption":"Envelope"},{"@type":"BreadcrumbList","@id":"https:\/\/mypalmleaf.com\/fr\/prix\/obtenez-votre-lecture-de-feuille-de-palmier-transcrite-et-resumee\/#breadcrumb","itemListElement":[{"@type":"ListItem","position":1,"name":"Home","item":"https:\/\/mypalmleaf.com\/fr\/"},{"@type":"ListItem","position":2,"name":"Shop","item":"https:\/\/mypalmleaf.com\/et\/shop\/"},{"@type":"ListItem","position":3,"name":"Obtenez votre lecture de feuille de palmier transcrite et r\u00e9sum\u00e9e."}]},{"@type":"WebSite","@id":"https:\/\/mypalmleaf.com\/#website","url":"https:\/\/mypalmleaf.com\/","name":"My Palm Leaf","description":"","potentialAction":[{"@type":"SearchAction","target":{"@type":"EntryPoint","urlTemplate":"https:\/\/mypalmleaf.com\/?s={search_term_string}"},"query-input":{"@type":"PropertyValueSpecification","valueRequired":true,"valueName":"search_term_string"}}],"inLanguage":"fr-FR"}]}},"_links":{"self":[{"href":"https:\/\/mypalmleaf.com\/fr\/wp-json\/wp\/v2\/product\/23193","targetHints":{"allow":["GET"]}}],"collection":[{"href":"https:\/\/mypalmleaf.com\/fr\/wp-json\/wp\/v2\/product"}],"about":[{"href":"https:\/\/mypalmleaf.com\/fr\/wp-json\/wp\/v2\/types\/product"}],"replies":[{"embeddable":true,"href":"https:\/\/mypalmleaf.com\/fr\/wp-json\/wp\/v2\/comments?post=23193"}],"wp:featuredmedia":[{"embeddable":true,"href":"https:\/\/mypalmleaf.com\/fr\/wp-json\/wp\/v2\/media\/9961"}],"wp:attachment":[{"href":"https:\/\/mypalmleaf.com\/fr\/wp-json\/wp\/v2\/media?parent=23193"}],"wp:term":[{"taxonomy":"product_brand","embeddable":true,"href":"https:\/\/mypalmleaf.com\/fr\/wp-json\/wp\/v2\/product_brand?post=23193"},{"taxonomy":"product_cat","embeddable":true,"href":"https:\/\/mypalmleaf.com\/fr\/wp-json\/wp\/v2\/product_cat?post=23193"},{"taxonomy":"product_tag","embeddable":true,"href":"https:\/\/mypalmleaf.com\/fr\/wp-json\/wp\/v2\/product_tag?post=23193"}],"curies":[{"name":"wp","href":"https:\/\/api.w.org\/{rel}","templated":true}]}}