
{"id":23201,"date":"2024-09-04T10:45:22","date_gmt":"2024-09-04T10:45:22","guid":{"rendered":"https:\/\/mypalmleaf.com\/prices\/appel-de-consultation-de-60-min-avec-lun-de-nos-moderateurs\/"},"modified":"2025-03-27T04:50:56","modified_gmt":"2025-03-27T04:50:56","slug":"appel-de-consultation-de-60-min-avec-lun-de-nos-moderateurs","status":"publish","type":"product","link":"https:\/\/mypalmleaf.com\/fr\/prix\/appel-de-consultation-de-60-min-avec-lun-de-nos-moderateurs\/","title":{"rendered":"Appel de consultation de 60 min avec l&rsquo;un de nos mod\u00e9rateurs"},"content":{"rendered":"<p>La lecture des Feuilles de Paume peut initier de profonds processus de transformation, qui vous conduiront finalement \u00e0 plus de bonheur, mais qui peuvent aussi \u00eatre un d\u00e9fi. Si vous souhaitez \u00eatre soutenu dans l&rsquo;int\u00e9gration de l&rsquo;information et de l&rsquo;exp\u00e9rience dans votre vie, nous proposons des appels d&rsquo;int\u00e9gration et de coaching via Zoom.<\/p>\n<p>Vous pouvez <a href=\"\/integration-and-guidance-calls\/\">voir ici<\/a> qui de nos guides centr\u00e9s sur le c\u0153ur est disponible pour des appels d&rsquo;int\u00e9gration. Apr\u00e8s avoir r\u00e9serv\u00e9 l&rsquo;appel, vous recevrez des liens vers tous leurs calendriers et vous pourrez choisir parmi leurs dates disponibles celle \u00e0 laquelle vous souhaitez avoir le rendez-vous.<\/p>\n","protected":false},"excerpt":{"rendered":"<p>La lecture des feuilles de palmier peut initier des processus de transformation profonds, qui vous m\u00e8neront finalement \u00e0 plus de bonheur, mais peut \u00e9galement \u00eatre difficile&#8230;<\/p>\n","protected":false},"featured_media":44417,"comment_status":"open","ping_status":"closed","template":"","meta":{"_acf_changed":false},"product_brand":[],"product_cat":[217],"product_tag":[],"class_list":{"0":"post-23201","1":"product","2":"type-product","3":"status-publish","4":"has-post-thumbnail","6":"product_cat-uncategorized-fr","8":"first","9":"instock","10":"taxable","11":"shipping-taxable","12":"purchasable","13":"product-type-variable"},"exclude_global_add_ons":[],"addons":[],"acf":[],"yoast_head":"<!-- This site is optimized with the Yoast SEO plugin v26.4 - https:\/\/yoast.com\/wordpress\/plugins\/seo\/ -->\n<title>Appel d&#039;int\u00e9gration de 60 minutes | Guidance personnalis\u00e9e chez<\/title>\n<meta name=\"description\" content=\"R\u00e9servez un appel d&#039;int\u00e9gration de 60 minutes pour des conseils personnalis\u00e9s. Connectez-vous avec un expert spirituel et enrichissez votre voyage.\" \/>\n<meta name=\"robots\" content=\"index, follow, max-snippet:-1, max-image-preview:large, max-video-preview:-1\" \/>\n<link rel=\"canonical\" href=\"https:\/\/mypalmleaf.com\/fr\/prix\/appel-de-consultation-de-60-min-avec-lun-de-nos-moderateurs\/\" \/>\n<meta property=\"og:locale\" content=\"fr_FR\" \/>\n<meta property=\"og:type\" content=\"article\" \/>\n<meta property=\"og:title\" content=\"Appel d&#039;int\u00e9gration de 60 minutes | Guidance personnalis\u00e9e chez\" \/>\n<meta property=\"og:description\" content=\"R\u00e9servez un appel d&#039;int\u00e9gration de 60 minutes pour des conseils personnalis\u00e9s. Connectez-vous avec un expert spirituel et enrichissez votre voyage.\" \/>\n<meta property=\"og:url\" content=\"https:\/\/mypalmleaf.com\/fr\/prix\/appel-de-consultation-de-60-min-avec-lun-de-nos-moderateurs\/\" \/>\n<meta property=\"og:site_name\" content=\"My Palm Leaf\" \/>\n<meta property=\"article:modified_time\" content=\"2025-03-27T04:50:56+00:00\" \/>\n<meta property=\"og:image\" content=\"https:\/\/mypalmleaf.com\/wp-content\/uploads\/2024\/09\/integrationcall-prd-thumb2.jpg\" \/>\n\t<meta property=\"og:image:width\" content=\"819\" \/>\n\t<meta property=\"og:image:height\" content=\"464\" \/>\n\t<meta property=\"og:image:type\" content=\"image\/jpeg\" \/>\n<meta name=\"twitter:card\" content=\"summary_large_image\" \/>\n<meta name=\"twitter:label1\" content=\"Dur\u00e9e de lecture estim\u00e9e\" \/>\n\t<meta name=\"twitter:data1\" content=\"1 minute\" \/>\n<script type=\"application\/ld+json\" class=\"yoast-schema-graph\">{\"@context\":\"https:\/\/schema.org\",\"@graph\":[{\"@type\":\"WebPage\",\"@id\":\"https:\/\/mypalmleaf.com\/fr\/prix\/appel-de-consultation-de-60-min-avec-lun-de-nos-moderateurs\/\",\"url\":\"https:\/\/mypalmleaf.com\/fr\/prix\/appel-de-consultation-de-60-min-avec-lun-de-nos-moderateurs\/\",\"name\":\"Appel d'int\u00e9gration de 60 minutes | Guidance personnalis\u00e9e chez\",\"isPartOf\":{\"@id\":\"https:\/\/mypalmleaf.com\/#website\"},\"primaryImageOfPage\":{\"@id\":\"https:\/\/mypalmleaf.com\/fr\/prix\/appel-de-consultation-de-60-min-avec-lun-de-nos-moderateurs\/#primaryimage\"},\"image\":{\"@id\":\"https:\/\/mypalmleaf.com\/fr\/prix\/appel-de-consultation-de-60-min-avec-lun-de-nos-moderateurs\/#primaryimage\"},\"thumbnailUrl\":\"https:\/\/mypalmleaf.com\/wp-content\/uploads\/2024\/09\/integrationcall-prd-thumb2.jpg\",\"datePublished\":\"2024-09-04T10:45:22+00:00\",\"dateModified\":\"2025-03-27T04:50:56+00:00\",\"description\":\"R\u00e9servez un appel d'int\u00e9gration de 60 minutes pour des conseils personnalis\u00e9s. Connectez-vous avec un expert spirituel et enrichissez votre voyage.\",\"breadcrumb\":{\"@id\":\"https:\/\/mypalmleaf.com\/fr\/prix\/appel-de-consultation-de-60-min-avec-lun-de-nos-moderateurs\/#breadcrumb\"},\"inLanguage\":\"fr-FR\",\"potentialAction\":[{\"@type\":\"ReadAction\",\"target\":[\"https:\/\/mypalmleaf.com\/fr\/prix\/appel-de-consultation-de-60-min-avec-lun-de-nos-moderateurs\/\"]}]},{\"@type\":\"ImageObject\",\"inLanguage\":\"fr-FR\",\"@id\":\"https:\/\/mypalmleaf.com\/fr\/prix\/appel-de-consultation-de-60-min-avec-lun-de-nos-moderateurs\/#primaryimage\",\"url\":\"https:\/\/mypalmleaf.com\/wp-content\/uploads\/2024\/09\/integrationcall-prd-thumb2.jpg\",\"contentUrl\":\"https:\/\/mypalmleaf.com\/wp-content\/uploads\/2024\/09\/integrationcall-prd-thumb2.jpg\",\"width\":819,\"height\":464,\"caption\":\"listening\"},{\"@type\":\"BreadcrumbList\",\"@id\":\"https:\/\/mypalmleaf.com\/fr\/prix\/appel-de-consultation-de-60-min-avec-lun-de-nos-moderateurs\/#breadcrumb\",\"itemListElement\":[{\"@type\":\"ListItem\",\"position\":1,\"name\":\"Home\",\"item\":\"https:\/\/mypalmleaf.com\/fr\/\"},{\"@type\":\"ListItem\",\"position\":2,\"name\":\"Shop\",\"item\":\"https:\/\/mypalmleaf.com\/et\/shop\/\"},{\"@type\":\"ListItem\",\"position\":3,\"name\":\"Appel de consultation de 60 min avec l&#8217;un de nos mod\u00e9rateurs\"}]},{\"@type\":\"WebSite\",\"@id\":\"https:\/\/mypalmleaf.com\/#website\",\"url\":\"https:\/\/mypalmleaf.com\/\",\"name\":\"My Palm Leaf\",\"description\":\"\",\"potentialAction\":[{\"@type\":\"SearchAction\",\"target\":{\"@type\":\"EntryPoint\",\"urlTemplate\":\"https:\/\/mypalmleaf.com\/?s={search_term_string}\"},\"query-input\":{\"@type\":\"PropertyValueSpecification\",\"valueRequired\":true,\"valueName\":\"search_term_string\"}}],\"inLanguage\":\"fr-FR\"}]}<\/script>\n<!-- \/ Yoast SEO plugin. -->","yoast_head_json":{"title":"Appel d'int\u00e9gration de 60 minutes | Guidance personnalis\u00e9e chez","description":"R\u00e9servez un appel d'int\u00e9gration de 60 minutes pour des conseils personnalis\u00e9s. Connectez-vous avec un expert spirituel et enrichissez votre voyage.","robots":{"index":"index","follow":"follow","max-snippet":"max-snippet:-1","max-image-preview":"max-image-preview:large","max-video-preview":"max-video-preview:-1"},"canonical":"https:\/\/mypalmleaf.com\/fr\/prix\/appel-de-consultation-de-60-min-avec-lun-de-nos-moderateurs\/","og_locale":"fr_FR","og_type":"article","og_title":"Appel d'int\u00e9gration de 60 minutes | Guidance personnalis\u00e9e chez","og_description":"R\u00e9servez un appel d'int\u00e9gration de 60 minutes pour des conseils personnalis\u00e9s. Connectez-vous avec un expert spirituel et enrichissez votre voyage.","og_url":"https:\/\/mypalmleaf.com\/fr\/prix\/appel-de-consultation-de-60-min-avec-lun-de-nos-moderateurs\/","og_site_name":"My Palm Leaf","article_modified_time":"2025-03-27T04:50:56+00:00","og_image":[{"width":819,"height":464,"url":"https:\/\/mypalmleaf.com\/wp-content\/uploads\/2024\/09\/integrationcall-prd-thumb2.jpg","type":"image\/jpeg"}],"twitter_card":"summary_large_image","twitter_misc":{"Dur\u00e9e de lecture estim\u00e9e":"1 minute"},"schema":{"@context":"https:\/\/schema.org","@graph":[{"@type":"WebPage","@id":"https:\/\/mypalmleaf.com\/fr\/prix\/appel-de-consultation-de-60-min-avec-lun-de-nos-moderateurs\/","url":"https:\/\/mypalmleaf.com\/fr\/prix\/appel-de-consultation-de-60-min-avec-lun-de-nos-moderateurs\/","name":"Appel d'int\u00e9gration de 60 minutes | Guidance personnalis\u00e9e chez","isPartOf":{"@id":"https:\/\/mypalmleaf.com\/#website"},"primaryImageOfPage":{"@id":"https:\/\/mypalmleaf.com\/fr\/prix\/appel-de-consultation-de-60-min-avec-lun-de-nos-moderateurs\/#primaryimage"},"image":{"@id":"https:\/\/mypalmleaf.com\/fr\/prix\/appel-de-consultation-de-60-min-avec-lun-de-nos-moderateurs\/#primaryimage"},"thumbnailUrl":"https:\/\/mypalmleaf.com\/wp-content\/uploads\/2024\/09\/integrationcall-prd-thumb2.jpg","datePublished":"2024-09-04T10:45:22+00:00","dateModified":"2025-03-27T04:50:56+00:00","description":"R\u00e9servez un appel d'int\u00e9gration de 60 minutes pour des conseils personnalis\u00e9s. Connectez-vous avec un expert spirituel et enrichissez votre voyage.","breadcrumb":{"@id":"https:\/\/mypalmleaf.com\/fr\/prix\/appel-de-consultation-de-60-min-avec-lun-de-nos-moderateurs\/#breadcrumb"},"inLanguage":"fr-FR","potentialAction":[{"@type":"ReadAction","target":["https:\/\/mypalmleaf.com\/fr\/prix\/appel-de-consultation-de-60-min-avec-lun-de-nos-moderateurs\/"]}]},{"@type":"ImageObject","inLanguage":"fr-FR","@id":"https:\/\/mypalmleaf.com\/fr\/prix\/appel-de-consultation-de-60-min-avec-lun-de-nos-moderateurs\/#primaryimage","url":"https:\/\/mypalmleaf.com\/wp-content\/uploads\/2024\/09\/integrationcall-prd-thumb2.jpg","contentUrl":"https:\/\/mypalmleaf.com\/wp-content\/uploads\/2024\/09\/integrationcall-prd-thumb2.jpg","width":819,"height":464,"caption":"listening"},{"@type":"BreadcrumbList","@id":"https:\/\/mypalmleaf.com\/fr\/prix\/appel-de-consultation-de-60-min-avec-lun-de-nos-moderateurs\/#breadcrumb","itemListElement":[{"@type":"ListItem","position":1,"name":"Home","item":"https:\/\/mypalmleaf.com\/fr\/"},{"@type":"ListItem","position":2,"name":"Shop","item":"https:\/\/mypalmleaf.com\/et\/shop\/"},{"@type":"ListItem","position":3,"name":"Appel de consultation de 60 min avec l&#8217;un de nos mod\u00e9rateurs"}]},{"@type":"WebSite","@id":"https:\/\/mypalmleaf.com\/#website","url":"https:\/\/mypalmleaf.com\/","name":"My Palm Leaf","description":"","potentialAction":[{"@type":"SearchAction","target":{"@type":"EntryPoint","urlTemplate":"https:\/\/mypalmleaf.com\/?s={search_term_string}"},"query-input":{"@type":"PropertyValueSpecification","valueRequired":true,"valueName":"search_term_string"}}],"inLanguage":"fr-FR"}]}},"_links":{"self":[{"href":"https:\/\/mypalmleaf.com\/fr\/wp-json\/wp\/v2\/product\/23201","targetHints":{"allow":["GET"]}}],"collection":[{"href":"https:\/\/mypalmleaf.com\/fr\/wp-json\/wp\/v2\/product"}],"about":[{"href":"https:\/\/mypalmleaf.com\/fr\/wp-json\/wp\/v2\/types\/product"}],"replies":[{"embeddable":true,"href":"https:\/\/mypalmleaf.com\/fr\/wp-json\/wp\/v2\/comments?post=23201"}],"wp:featuredmedia":[{"embeddable":true,"href":"https:\/\/mypalmleaf.com\/fr\/wp-json\/wp\/v2\/media\/44417"}],"wp:attachment":[{"href":"https:\/\/mypalmleaf.com\/fr\/wp-json\/wp\/v2\/media?parent=23201"}],"wp:term":[{"taxonomy":"product_brand","embeddable":true,"href":"https:\/\/mypalmleaf.com\/fr\/wp-json\/wp\/v2\/product_brand?post=23201"},{"taxonomy":"product_cat","embeddable":true,"href":"https:\/\/mypalmleaf.com\/fr\/wp-json\/wp\/v2\/product_cat?post=23201"},{"taxonomy":"product_tag","embeddable":true,"href":"https:\/\/mypalmleaf.com\/fr\/wp-json\/wp\/v2\/product_tag?post=23201"}],"curies":[{"name":"wp","href":"https:\/\/api.w.org\/{rel}","templated":true}]}}