
{"id":23208,"date":"2024-09-04T10:44:34","date_gmt":"2024-09-04T10:44:34","guid":{"rendered":"https:\/\/mypalmleaf.com\/prices\/malas-perles-de-priere-faites-a-la-main\/"},"modified":"2025-02-19T04:52:29","modified_gmt":"2025-02-19T04:52:29","slug":"malas-perles-de-priere-faites-a-la-main","status":"publish","type":"product","link":"https:\/\/mypalmleaf.com\/fr\/prix\/malas-perles-de-priere-faites-a-la-main\/","title":{"rendered":"Malas &#8211; chapelet de perles faits \u00e0 la main"},"content":{"rendered":"<p>Un Mala, ou perle de pri\u00e8re, est un outil puissant dans la pratique du mantra, con\u00e7u pour vous aider \u00e0 rester concentr\u00e9 et \u00e0 approfondir votre m\u00e9ditation. Chaque Mala est impr\u00e9gn\u00e9 de l&rsquo;\u00e9nergie de votre pratique, servant de compagnon spirituel sur votre chemin. Nous vous proposons deux variantes uniques, chacune fabriqu\u00e9e avec soin et intention :<\/p>\n<ul>\n<li><strong>Rudraksha Mala de l&rsquo;Himalaya<\/strong><br \/>\nCe mala traditionnel est fabriqu\u00e9 \u00e0 partir de graines sacr\u00e9es de Rudraksha, v\u00e9n\u00e9r\u00e9es pour leur signification spirituelle et leur association avec Shiva. Connues pour leur capacit\u00e9 \u00e0 favoriser la m\u00e9ditation profonde, ces perles proviennent de la r\u00e9gion de l&rsquo;Himalaya et sont cens\u00e9es favoriser la croissance spirituelle et la protection. Votre Rudraksha Mala sera exp\u00e9di\u00e9 \u00e0 votre porte, porteur de l&rsquo;\u00e9nergie sacr\u00e9e de son origine.<\/li>\n<li><strong>Mala fait \u00e0 la main par notre artisan, Spanda<\/strong><br \/>\nPour une exp\u00e9rience plus personnalis\u00e9e, choisissez un Mala de premi\u00e8re qualit\u00e9, fait \u00e0 la main par notre artiste du Mala, Spanda. Avant de commencer \u00e0 cr\u00e9er votre Mala, Spanda organisera un appel vid\u00e9o avec vous pour discuter de vos intentions, des \u00e9nergies que vous souhaitez inviter dans votre vie et de vos pr\u00e9f\u00e9rences en mati\u00e8re de pierres semi-pr\u00e9cieuses. Il fabriquera ensuite \u00e0 la main le Mala sp\u00e9cialement pour vous, en lui insufflant des b\u00e9n\u00e9dictions et de l&rsquo;\u00e9nergie spirituelle avant de vous l&rsquo;envoyer. Ce Mala personnalis\u00e9 est plus qu&rsquo;un outil de m\u00e9ditation, c&rsquo;est le reflet de votre cheminement spirituel personnel.<\/li>\n<\/ul>\n","protected":false},"excerpt":{"rendered":"<p>Le mala, ou perle de pri\u00e8re, est un outil puissant dans la pratique du mantra, con\u00e7u pour vous aider \u00e0 rester concentr\u00e9 et \u00e0 approfondir votre m\u00e9ditation.<\/p>\n","protected":false},"featured_media":4181,"comment_status":"open","ping_status":"closed","template":"","meta":{"_acf_changed":false},"product_brand":[],"product_cat":[217],"product_tag":[],"class_list":{"0":"post-23208","1":"product","2":"type-product","3":"status-publish","4":"has-post-thumbnail","6":"product_cat-uncategorized-fr","7":"product_shipping_class-physical-product-fr","9":"first","10":"instock","11":"taxable","12":"shipping-taxable","13":"purchasable","14":"product-type-variable"},"exclude_global_add_ons":[],"addons":[],"acf":[],"yoast_head":"<!-- This site is optimized with the Yoast SEO plugin v26.4 - https:\/\/yoast.com\/wordpress\/plugins\/seo\/ -->\n<title>Perles de Mala \u2013 Colliers Spirituels | My Palm Leaf<\/title>\n<meta name=\"description\" content=\"D\u00e9couvrez les perles de mala sacr\u00e9es de My Palm Leaf. Utilis\u00e9es pour la m\u00e9ditation et la spiritualit\u00e9, elles apportent paix et \u00e9nergie positive.\" \/>\n<meta name=\"robots\" content=\"index, follow, max-snippet:-1, max-image-preview:large, max-video-preview:-1\" \/>\n<link rel=\"canonical\" href=\"https:\/\/mypalmleaf.com\/fr\/prix\/malas-perles-de-priere-faites-a-la-main\/\" \/>\n<meta property=\"og:locale\" content=\"fr_FR\" \/>\n<meta property=\"og:type\" content=\"article\" \/>\n<meta property=\"og:title\" content=\"Perles de Mala \u2013 Colliers Spirituels | My Palm Leaf\" \/>\n<meta property=\"og:description\" content=\"D\u00e9couvrez les perles de mala sacr\u00e9es de My Palm Leaf. Utilis\u00e9es pour la m\u00e9ditation et la spiritualit\u00e9, elles apportent paix et \u00e9nergie positive.\" \/>\n<meta property=\"og:url\" content=\"https:\/\/mypalmleaf.com\/fr\/prix\/malas-perles-de-priere-faites-a-la-main\/\" \/>\n<meta property=\"og:site_name\" content=\"My Palm Leaf\" \/>\n<meta property=\"article:modified_time\" content=\"2025-02-19T04:52:29+00:00\" \/>\n<meta property=\"og:image\" content=\"https:\/\/mypalmleaf.com\/wp-content\/uploads\/2024\/09\/mala.jpg\" \/>\n\t<meta property=\"og:image:width\" content=\"1280\" \/>\n\t<meta property=\"og:image:height\" content=\"720\" \/>\n\t<meta property=\"og:image:type\" content=\"image\/jpeg\" \/>\n<meta name=\"twitter:card\" content=\"summary_large_image\" \/>\n<meta name=\"twitter:label1\" content=\"Dur\u00e9e de lecture estim\u00e9e\" \/>\n\t<meta name=\"twitter:data1\" content=\"2 minutes\" \/>\n<script type=\"application\/ld+json\" class=\"yoast-schema-graph\">{\"@context\":\"https:\/\/schema.org\",\"@graph\":[{\"@type\":\"WebPage\",\"@id\":\"https:\/\/mypalmleaf.com\/fr\/prix\/malas-perles-de-priere-faites-a-la-main\/\",\"url\":\"https:\/\/mypalmleaf.com\/fr\/prix\/malas-perles-de-priere-faites-a-la-main\/\",\"name\":\"Perles de Mala \u2013 Colliers Spirituels | My Palm Leaf\",\"isPartOf\":{\"@id\":\"https:\/\/mypalmleaf.com\/#website\"},\"primaryImageOfPage\":{\"@id\":\"https:\/\/mypalmleaf.com\/fr\/prix\/malas-perles-de-priere-faites-a-la-main\/#primaryimage\"},\"image\":{\"@id\":\"https:\/\/mypalmleaf.com\/fr\/prix\/malas-perles-de-priere-faites-a-la-main\/#primaryimage\"},\"thumbnailUrl\":\"https:\/\/mypalmleaf.com\/wp-content\/uploads\/2024\/09\/mala.jpg\",\"datePublished\":\"2024-09-04T10:44:34+00:00\",\"dateModified\":\"2025-02-19T04:52:29+00:00\",\"description\":\"D\u00e9couvrez les perles de mala sacr\u00e9es de My Palm Leaf. Utilis\u00e9es pour la m\u00e9ditation et la spiritualit\u00e9, elles apportent paix et \u00e9nergie positive.\",\"breadcrumb\":{\"@id\":\"https:\/\/mypalmleaf.com\/fr\/prix\/malas-perles-de-priere-faites-a-la-main\/#breadcrumb\"},\"inLanguage\":\"fr-FR\",\"potentialAction\":[{\"@type\":\"ReadAction\",\"target\":[\"https:\/\/mypalmleaf.com\/fr\/prix\/malas-perles-de-priere-faites-a-la-main\/\"]}]},{\"@type\":\"ImageObject\",\"inLanguage\":\"fr-FR\",\"@id\":\"https:\/\/mypalmleaf.com\/fr\/prix\/malas-perles-de-priere-faites-a-la-main\/#primaryimage\",\"url\":\"https:\/\/mypalmleaf.com\/wp-content\/uploads\/2024\/09\/mala.jpg\",\"contentUrl\":\"https:\/\/mypalmleaf.com\/wp-content\/uploads\/2024\/09\/mala.jpg\",\"width\":1280,\"height\":720,\"caption\":\"mala\"},{\"@type\":\"BreadcrumbList\",\"@id\":\"https:\/\/mypalmleaf.com\/fr\/prix\/malas-perles-de-priere-faites-a-la-main\/#breadcrumb\",\"itemListElement\":[{\"@type\":\"ListItem\",\"position\":1,\"name\":\"Home\",\"item\":\"https:\/\/mypalmleaf.com\/fr\/\"},{\"@type\":\"ListItem\",\"position\":2,\"name\":\"Shop\",\"item\":\"https:\/\/mypalmleaf.com\/et\/shop\/\"},{\"@type\":\"ListItem\",\"position\":3,\"name\":\"Malas &#8211; chapelet de perles faits \u00e0 la main\"}]},{\"@type\":\"WebSite\",\"@id\":\"https:\/\/mypalmleaf.com\/#website\",\"url\":\"https:\/\/mypalmleaf.com\/\",\"name\":\"My Palm Leaf\",\"description\":\"\",\"potentialAction\":[{\"@type\":\"SearchAction\",\"target\":{\"@type\":\"EntryPoint\",\"urlTemplate\":\"https:\/\/mypalmleaf.com\/?s={search_term_string}\"},\"query-input\":{\"@type\":\"PropertyValueSpecification\",\"valueRequired\":true,\"valueName\":\"search_term_string\"}}],\"inLanguage\":\"fr-FR\"}]}<\/script>\n<!-- \/ Yoast SEO plugin. -->","yoast_head_json":{"title":"Perles de Mala \u2013 Colliers Spirituels | My Palm Leaf","description":"D\u00e9couvrez les perles de mala sacr\u00e9es de My Palm Leaf. Utilis\u00e9es pour la m\u00e9ditation et la spiritualit\u00e9, elles apportent paix et \u00e9nergie positive.","robots":{"index":"index","follow":"follow","max-snippet":"max-snippet:-1","max-image-preview":"max-image-preview:large","max-video-preview":"max-video-preview:-1"},"canonical":"https:\/\/mypalmleaf.com\/fr\/prix\/malas-perles-de-priere-faites-a-la-main\/","og_locale":"fr_FR","og_type":"article","og_title":"Perles de Mala \u2013 Colliers Spirituels | My Palm Leaf","og_description":"D\u00e9couvrez les perles de mala sacr\u00e9es de My Palm Leaf. Utilis\u00e9es pour la m\u00e9ditation et la spiritualit\u00e9, elles apportent paix et \u00e9nergie positive.","og_url":"https:\/\/mypalmleaf.com\/fr\/prix\/malas-perles-de-priere-faites-a-la-main\/","og_site_name":"My Palm Leaf","article_modified_time":"2025-02-19T04:52:29+00:00","og_image":[{"width":1280,"height":720,"url":"https:\/\/mypalmleaf.com\/wp-content\/uploads\/2024\/09\/mala.jpg","type":"image\/jpeg"}],"twitter_card":"summary_large_image","twitter_misc":{"Dur\u00e9e de lecture estim\u00e9e":"2 minutes"},"schema":{"@context":"https:\/\/schema.org","@graph":[{"@type":"WebPage","@id":"https:\/\/mypalmleaf.com\/fr\/prix\/malas-perles-de-priere-faites-a-la-main\/","url":"https:\/\/mypalmleaf.com\/fr\/prix\/malas-perles-de-priere-faites-a-la-main\/","name":"Perles de Mala \u2013 Colliers Spirituels | My Palm Leaf","isPartOf":{"@id":"https:\/\/mypalmleaf.com\/#website"},"primaryImageOfPage":{"@id":"https:\/\/mypalmleaf.com\/fr\/prix\/malas-perles-de-priere-faites-a-la-main\/#primaryimage"},"image":{"@id":"https:\/\/mypalmleaf.com\/fr\/prix\/malas-perles-de-priere-faites-a-la-main\/#primaryimage"},"thumbnailUrl":"https:\/\/mypalmleaf.com\/wp-content\/uploads\/2024\/09\/mala.jpg","datePublished":"2024-09-04T10:44:34+00:00","dateModified":"2025-02-19T04:52:29+00:00","description":"D\u00e9couvrez les perles de mala sacr\u00e9es de My Palm Leaf. Utilis\u00e9es pour la m\u00e9ditation et la spiritualit\u00e9, elles apportent paix et \u00e9nergie positive.","breadcrumb":{"@id":"https:\/\/mypalmleaf.com\/fr\/prix\/malas-perles-de-priere-faites-a-la-main\/#breadcrumb"},"inLanguage":"fr-FR","potentialAction":[{"@type":"ReadAction","target":["https:\/\/mypalmleaf.com\/fr\/prix\/malas-perles-de-priere-faites-a-la-main\/"]}]},{"@type":"ImageObject","inLanguage":"fr-FR","@id":"https:\/\/mypalmleaf.com\/fr\/prix\/malas-perles-de-priere-faites-a-la-main\/#primaryimage","url":"https:\/\/mypalmleaf.com\/wp-content\/uploads\/2024\/09\/mala.jpg","contentUrl":"https:\/\/mypalmleaf.com\/wp-content\/uploads\/2024\/09\/mala.jpg","width":1280,"height":720,"caption":"mala"},{"@type":"BreadcrumbList","@id":"https:\/\/mypalmleaf.com\/fr\/prix\/malas-perles-de-priere-faites-a-la-main\/#breadcrumb","itemListElement":[{"@type":"ListItem","position":1,"name":"Home","item":"https:\/\/mypalmleaf.com\/fr\/"},{"@type":"ListItem","position":2,"name":"Shop","item":"https:\/\/mypalmleaf.com\/et\/shop\/"},{"@type":"ListItem","position":3,"name":"Malas &#8211; chapelet de perles faits \u00e0 la main"}]},{"@type":"WebSite","@id":"https:\/\/mypalmleaf.com\/#website","url":"https:\/\/mypalmleaf.com\/","name":"My Palm Leaf","description":"","potentialAction":[{"@type":"SearchAction","target":{"@type":"EntryPoint","urlTemplate":"https:\/\/mypalmleaf.com\/?s={search_term_string}"},"query-input":{"@type":"PropertyValueSpecification","valueRequired":true,"valueName":"search_term_string"}}],"inLanguage":"fr-FR"}]}},"_links":{"self":[{"href":"https:\/\/mypalmleaf.com\/fr\/wp-json\/wp\/v2\/product\/23208","targetHints":{"allow":["GET"]}}],"collection":[{"href":"https:\/\/mypalmleaf.com\/fr\/wp-json\/wp\/v2\/product"}],"about":[{"href":"https:\/\/mypalmleaf.com\/fr\/wp-json\/wp\/v2\/types\/product"}],"replies":[{"embeddable":true,"href":"https:\/\/mypalmleaf.com\/fr\/wp-json\/wp\/v2\/comments?post=23208"}],"wp:featuredmedia":[{"embeddable":true,"href":"https:\/\/mypalmleaf.com\/fr\/wp-json\/wp\/v2\/media\/4181"}],"wp:attachment":[{"href":"https:\/\/mypalmleaf.com\/fr\/wp-json\/wp\/v2\/media?parent=23208"}],"wp:term":[{"taxonomy":"product_brand","embeddable":true,"href":"https:\/\/mypalmleaf.com\/fr\/wp-json\/wp\/v2\/product_brand?post=23208"},{"taxonomy":"product_cat","embeddable":true,"href":"https:\/\/mypalmleaf.com\/fr\/wp-json\/wp\/v2\/product_cat?post=23208"},{"taxonomy":"product_tag","embeddable":true,"href":"https:\/\/mypalmleaf.com\/fr\/wp-json\/wp\/v2\/product_tag?post=23208"}],"curies":[{"name":"wp","href":"https:\/\/api.w.org\/{rel}","templated":true}]}}