
{"id":23212,"date":"2024-09-04T10:42:32","date_gmt":"2024-09-04T10:42:32","guid":{"rendered":"https:\/\/mypalmleaf.com\/prices\/lecture-avec-une-bibliotheque-de-feuille-de-palmier-a-bali\/"},"modified":"2025-08-06T15:08:54","modified_gmt":"2025-08-06T15:08:54","slug":"lecture-avec-une-bibliotheque-de-feuille-de-palmier-a-bali","status":"publish","type":"product","link":"https:\/\/mypalmleaf.com\/fr\/prix\/lecture-avec-une-bibliotheque-de-feuille-de-palmier-a-bali\/","title":{"rendered":"Lecture \u00e0 la biblioth\u00e8que de feuilles de palmier \u00e0 Bali"},"content":{"rendered":"<p><strong>Le d\u00e9lai d&rsquo;attente actuel est d&rsquo;environ 6 mois<\/strong><\/p>\n<ul>\n<li>Votre feuille de palmier est lue et enregistr\u00e9e pour vous dans la biblioth\u00e8que de feuilles de palmier \u00e0 Bali<\/li>\n<li>Enregistrement vid\u00e9o de votre lecture<\/li>\n<\/ul>\n","protected":false},"excerpt":{"rendered":"<ul>\n<li>Votre feuille de palmier est lue et enregistr\u00e9e pour vous dans la biblioth\u00e8que de feuilles de palmier \u00e0 Bali<\/li>\n<li>Enregistrement vid\u00e9o de votre lecture<\/li>\n<\/ul>\n","protected":false},"featured_media":10129,"comment_status":"open","ping_status":"closed","template":"","meta":{"_acf_changed":false},"product_brand":[],"product_cat":[217],"product_tag":[],"class_list":{"0":"post-23212","1":"product","2":"type-product","3":"status-publish","4":"has-post-thumbnail","6":"product_cat-uncategorized-fr","8":"first","9":"instock","10":"taxable","11":"shipping-taxable","12":"purchasable","13":"product-type-variable"},"exclude_global_add_ons":[],"addons":[],"acf":[],"yoast_head":"<!-- This site is optimized with the Yoast SEO plugin v26.4 - https:\/\/yoast.com\/wordpress\/plugins\/seo\/ -->\n<title>Biblioth\u00e8que Palm Leaf Bali | My Palm Leaf<\/title>\n<meta name=\"description\" content=\"D\u00e9couvrez la biblioth\u00e8que sacr\u00e9e des feuilles de palmier de Bali et d\u00e9verrouillez la sagesse ancienne. Explorez les perspectives spirituelles \u00e0 travers les lectures de feuilles de palmier - r\u00e9servez votre s\u00e9ance de transformation d\u00e8s maintenant !\" \/>\n<meta name=\"robots\" content=\"index, follow, max-snippet:-1, max-image-preview:large, max-video-preview:-1\" \/>\n<link rel=\"canonical\" href=\"https:\/\/mypalmleaf.com\/fr\/prix\/lecture-avec-une-bibliotheque-de-feuille-de-palmier-a-bali\/\" \/>\n<meta property=\"og:locale\" content=\"fr_FR\" \/>\n<meta property=\"og:type\" content=\"article\" \/>\n<meta property=\"og:title\" content=\"Biblioth\u00e8que Palm Leaf Bali | My Palm Leaf\" \/>\n<meta property=\"og:description\" content=\"D\u00e9couvrez la biblioth\u00e8que sacr\u00e9e des feuilles de palmier de Bali et d\u00e9verrouillez la sagesse ancienne. Explorez les perspectives spirituelles \u00e0 travers les lectures de feuilles de palmier - r\u00e9servez votre s\u00e9ance de transformation d\u00e8s maintenant !\" \/>\n<meta property=\"og:url\" content=\"https:\/\/mypalmleaf.com\/fr\/prix\/lecture-avec-une-bibliotheque-de-feuille-de-palmier-a-bali\/\" \/>\n<meta property=\"og:site_name\" content=\"My Palm Leaf\" \/>\n<meta property=\"article:modified_time\" content=\"2025-08-06T15:08:54+00:00\" \/>\n<meta property=\"og:image\" content=\"https:\/\/mypalmleaf.com\/wp-content\/uploads\/2024\/09\/mantra-product-page-7-1.jpg\" \/>\n\t<meta property=\"og:image:width\" content=\"800\" \/>\n\t<meta property=\"og:image:height\" content=\"444\" \/>\n\t<meta property=\"og:image:type\" content=\"image\/jpeg\" \/>\n<meta name=\"twitter:card\" content=\"summary_large_image\" \/>\n<meta name=\"twitter:label1\" content=\"Dur\u00e9e de lecture estim\u00e9e\" \/>\n\t<meta name=\"twitter:data1\" content=\"1 minute\" \/>\n<script type=\"application\/ld+json\" class=\"yoast-schema-graph\">{\"@context\":\"https:\/\/schema.org\",\"@graph\":[{\"@type\":\"WebPage\",\"@id\":\"https:\/\/mypalmleaf.com\/fr\/prix\/lecture-avec-une-bibliotheque-de-feuille-de-palmier-a-bali\/\",\"url\":\"https:\/\/mypalmleaf.com\/fr\/prix\/lecture-avec-une-bibliotheque-de-feuille-de-palmier-a-bali\/\",\"name\":\"Biblioth\u00e8que Palm Leaf Bali | My Palm Leaf\",\"isPartOf\":{\"@id\":\"https:\/\/mypalmleaf.com\/#website\"},\"primaryImageOfPage\":{\"@id\":\"https:\/\/mypalmleaf.com\/fr\/prix\/lecture-avec-une-bibliotheque-de-feuille-de-palmier-a-bali\/#primaryimage\"},\"image\":{\"@id\":\"https:\/\/mypalmleaf.com\/fr\/prix\/lecture-avec-une-bibliotheque-de-feuille-de-palmier-a-bali\/#primaryimage\"},\"thumbnailUrl\":\"https:\/\/mypalmleaf.com\/wp-content\/uploads\/2024\/09\/mantra-product-page-7-1.jpg\",\"datePublished\":\"2024-09-04T10:42:32+00:00\",\"dateModified\":\"2025-08-06T15:08:54+00:00\",\"description\":\"D\u00e9couvrez la biblioth\u00e8que sacr\u00e9e des feuilles de palmier de Bali et d\u00e9verrouillez la sagesse ancienne. Explorez les perspectives spirituelles \u00e0 travers les lectures de feuilles de palmier - r\u00e9servez votre s\u00e9ance de transformation d\u00e8s maintenant !\",\"breadcrumb\":{\"@id\":\"https:\/\/mypalmleaf.com\/fr\/prix\/lecture-avec-une-bibliotheque-de-feuille-de-palmier-a-bali\/#breadcrumb\"},\"inLanguage\":\"fr-FR\",\"potentialAction\":[{\"@type\":\"ReadAction\",\"target\":[\"https:\/\/mypalmleaf.com\/fr\/prix\/lecture-avec-une-bibliotheque-de-feuille-de-palmier-a-bali\/\"]}]},{\"@type\":\"ImageObject\",\"inLanguage\":\"fr-FR\",\"@id\":\"https:\/\/mypalmleaf.com\/fr\/prix\/lecture-avec-une-bibliotheque-de-feuille-de-palmier-a-bali\/#primaryimage\",\"url\":\"https:\/\/mypalmleaf.com\/wp-content\/uploads\/2024\/09\/mantra-product-page-7-1.jpg\",\"contentUrl\":\"https:\/\/mypalmleaf.com\/wp-content\/uploads\/2024\/09\/mantra-product-page-7-1.jpg\",\"width\":800,\"height\":444,\"caption\":\"Palm Leaf library in Bali-01\"},{\"@type\":\"BreadcrumbList\",\"@id\":\"https:\/\/mypalmleaf.com\/fr\/prix\/lecture-avec-une-bibliotheque-de-feuille-de-palmier-a-bali\/#breadcrumb\",\"itemListElement\":[{\"@type\":\"ListItem\",\"position\":1,\"name\":\"Home\",\"item\":\"https:\/\/mypalmleaf.com\/fr\/\"},{\"@type\":\"ListItem\",\"position\":2,\"name\":\"Shop\",\"item\":\"https:\/\/mypalmleaf.com\/et\/shop\/\"},{\"@type\":\"ListItem\",\"position\":3,\"name\":\"Lecture \u00e0 la biblioth\u00e8que de feuilles de palmier \u00e0 Bali\"}]},{\"@type\":\"WebSite\",\"@id\":\"https:\/\/mypalmleaf.com\/#website\",\"url\":\"https:\/\/mypalmleaf.com\/\",\"name\":\"My Palm Leaf\",\"description\":\"\",\"potentialAction\":[{\"@type\":\"SearchAction\",\"target\":{\"@type\":\"EntryPoint\",\"urlTemplate\":\"https:\/\/mypalmleaf.com\/?s={search_term_string}\"},\"query-input\":{\"@type\":\"PropertyValueSpecification\",\"valueRequired\":true,\"valueName\":\"search_term_string\"}}],\"inLanguage\":\"fr-FR\"}]}<\/script>\n<!-- \/ Yoast SEO plugin. -->","yoast_head_json":{"title":"Biblioth\u00e8que Palm Leaf Bali | My Palm Leaf","description":"D\u00e9couvrez la biblioth\u00e8que sacr\u00e9e des feuilles de palmier de Bali et d\u00e9verrouillez la sagesse ancienne. Explorez les perspectives spirituelles \u00e0 travers les lectures de feuilles de palmier - r\u00e9servez votre s\u00e9ance de transformation d\u00e8s maintenant !","robots":{"index":"index","follow":"follow","max-snippet":"max-snippet:-1","max-image-preview":"max-image-preview:large","max-video-preview":"max-video-preview:-1"},"canonical":"https:\/\/mypalmleaf.com\/fr\/prix\/lecture-avec-une-bibliotheque-de-feuille-de-palmier-a-bali\/","og_locale":"fr_FR","og_type":"article","og_title":"Biblioth\u00e8que Palm Leaf Bali | My Palm Leaf","og_description":"D\u00e9couvrez la biblioth\u00e8que sacr\u00e9e des feuilles de palmier de Bali et d\u00e9verrouillez la sagesse ancienne. Explorez les perspectives spirituelles \u00e0 travers les lectures de feuilles de palmier - r\u00e9servez votre s\u00e9ance de transformation d\u00e8s maintenant !","og_url":"https:\/\/mypalmleaf.com\/fr\/prix\/lecture-avec-une-bibliotheque-de-feuille-de-palmier-a-bali\/","og_site_name":"My Palm Leaf","article_modified_time":"2025-08-06T15:08:54+00:00","og_image":[{"width":800,"height":444,"url":"https:\/\/mypalmleaf.com\/wp-content\/uploads\/2024\/09\/mantra-product-page-7-1.jpg","type":"image\/jpeg"}],"twitter_card":"summary_large_image","twitter_misc":{"Dur\u00e9e de lecture estim\u00e9e":"1 minute"},"schema":{"@context":"https:\/\/schema.org","@graph":[{"@type":"WebPage","@id":"https:\/\/mypalmleaf.com\/fr\/prix\/lecture-avec-une-bibliotheque-de-feuille-de-palmier-a-bali\/","url":"https:\/\/mypalmleaf.com\/fr\/prix\/lecture-avec-une-bibliotheque-de-feuille-de-palmier-a-bali\/","name":"Biblioth\u00e8que Palm Leaf Bali | My Palm Leaf","isPartOf":{"@id":"https:\/\/mypalmleaf.com\/#website"},"primaryImageOfPage":{"@id":"https:\/\/mypalmleaf.com\/fr\/prix\/lecture-avec-une-bibliotheque-de-feuille-de-palmier-a-bali\/#primaryimage"},"image":{"@id":"https:\/\/mypalmleaf.com\/fr\/prix\/lecture-avec-une-bibliotheque-de-feuille-de-palmier-a-bali\/#primaryimage"},"thumbnailUrl":"https:\/\/mypalmleaf.com\/wp-content\/uploads\/2024\/09\/mantra-product-page-7-1.jpg","datePublished":"2024-09-04T10:42:32+00:00","dateModified":"2025-08-06T15:08:54+00:00","description":"D\u00e9couvrez la biblioth\u00e8que sacr\u00e9e des feuilles de palmier de Bali et d\u00e9verrouillez la sagesse ancienne. Explorez les perspectives spirituelles \u00e0 travers les lectures de feuilles de palmier - r\u00e9servez votre s\u00e9ance de transformation d\u00e8s maintenant !","breadcrumb":{"@id":"https:\/\/mypalmleaf.com\/fr\/prix\/lecture-avec-une-bibliotheque-de-feuille-de-palmier-a-bali\/#breadcrumb"},"inLanguage":"fr-FR","potentialAction":[{"@type":"ReadAction","target":["https:\/\/mypalmleaf.com\/fr\/prix\/lecture-avec-une-bibliotheque-de-feuille-de-palmier-a-bali\/"]}]},{"@type":"ImageObject","inLanguage":"fr-FR","@id":"https:\/\/mypalmleaf.com\/fr\/prix\/lecture-avec-une-bibliotheque-de-feuille-de-palmier-a-bali\/#primaryimage","url":"https:\/\/mypalmleaf.com\/wp-content\/uploads\/2024\/09\/mantra-product-page-7-1.jpg","contentUrl":"https:\/\/mypalmleaf.com\/wp-content\/uploads\/2024\/09\/mantra-product-page-7-1.jpg","width":800,"height":444,"caption":"Palm Leaf library in Bali-01"},{"@type":"BreadcrumbList","@id":"https:\/\/mypalmleaf.com\/fr\/prix\/lecture-avec-une-bibliotheque-de-feuille-de-palmier-a-bali\/#breadcrumb","itemListElement":[{"@type":"ListItem","position":1,"name":"Home","item":"https:\/\/mypalmleaf.com\/fr\/"},{"@type":"ListItem","position":2,"name":"Shop","item":"https:\/\/mypalmleaf.com\/et\/shop\/"},{"@type":"ListItem","position":3,"name":"Lecture \u00e0 la biblioth\u00e8que de feuilles de palmier \u00e0 Bali"}]},{"@type":"WebSite","@id":"https:\/\/mypalmleaf.com\/#website","url":"https:\/\/mypalmleaf.com\/","name":"My Palm Leaf","description":"","potentialAction":[{"@type":"SearchAction","target":{"@type":"EntryPoint","urlTemplate":"https:\/\/mypalmleaf.com\/?s={search_term_string}"},"query-input":{"@type":"PropertyValueSpecification","valueRequired":true,"valueName":"search_term_string"}}],"inLanguage":"fr-FR"}]}},"_links":{"self":[{"href":"https:\/\/mypalmleaf.com\/fr\/wp-json\/wp\/v2\/product\/23212","targetHints":{"allow":["GET"]}}],"collection":[{"href":"https:\/\/mypalmleaf.com\/fr\/wp-json\/wp\/v2\/product"}],"about":[{"href":"https:\/\/mypalmleaf.com\/fr\/wp-json\/wp\/v2\/types\/product"}],"replies":[{"embeddable":true,"href":"https:\/\/mypalmleaf.com\/fr\/wp-json\/wp\/v2\/comments?post=23212"}],"wp:featuredmedia":[{"embeddable":true,"href":"https:\/\/mypalmleaf.com\/fr\/wp-json\/wp\/v2\/media\/10129"}],"wp:attachment":[{"href":"https:\/\/mypalmleaf.com\/fr\/wp-json\/wp\/v2\/media?parent=23212"}],"wp:term":[{"taxonomy":"product_brand","embeddable":true,"href":"https:\/\/mypalmleaf.com\/fr\/wp-json\/wp\/v2\/product_brand?post=23212"},{"taxonomy":"product_cat","embeddable":true,"href":"https:\/\/mypalmleaf.com\/fr\/wp-json\/wp\/v2\/product_cat?post=23212"},{"taxonomy":"product_tag","embeddable":true,"href":"https:\/\/mypalmleaf.com\/fr\/wp-json\/wp\/v2\/product_tag?post=23212"}],"curies":[{"name":"wp","href":"https:\/\/api.w.org\/{rel}","templated":true}]}}