
{"id":23216,"date":"2024-03-04T10:45:16","date_gmt":"2024-03-04T10:45:16","guid":{"rendered":"https:\/\/mypalmleaf.com\/prices\/pelerinage-navagraha\/"},"modified":"2025-03-27T05:00:01","modified_gmt":"2025-03-27T05:00:01","slug":"pelerinage-navagraha","status":"publish","type":"product","link":"https:\/\/mypalmleaf.com\/fr\/prix\/pelerinage-navagraha\/","title":{"rendered":"P\u00e8lerinage Navagraha"},"content":{"rendered":"<p>Le p\u00e9lerinage de Navagraha en Inde est un voyage spirituel qui aide \u00e0 purifier le Karma en visitant les temples d\u00e9di\u00e9s aux 9 plan\u00e8tes. Cela se passe en petit groupe et est guid\u00e9 par un de nos guides exp\u00e9riment\u00e9s.<\/p>\n<p>Cela inclut:<\/p>\n<ul>\n<li>un appel pr\u00e9paratoire avant le p\u00e9lerinage<\/li>\n<li>guidance et support par nos guides exp\u00e9riment\u00e9s<\/li>\n<li>logement en chambre simple ou double (selon votre choix)<\/li>\n<li>ticket d&rsquo;entr\u00e9e sur tous les sites<\/li>\n<li>transport d&rsquo;un site \u00e0 l&rsquo;autre<\/li>\n<\/ul>\n","protected":false},"excerpt":{"rendered":"<p>Le p\u00e8lerinage Navagraha en Inde est un voyage spirituel qui vous aide \u00e0 vous lib\u00e9rer de votre karma en visitant les temples d\u00e9di\u00e9s aux 9 plan\u00e8tes. Il se d\u00e9roule en petit groupe et est guid\u00e9&#8230;<\/p>\n","protected":false},"featured_media":3411,"comment_status":"open","ping_status":"closed","template":"","meta":{"_acf_changed":false},"product_brand":[],"product_cat":[217],"product_tag":[],"class_list":{"0":"post-23216","1":"product","2":"type-product","3":"status-publish","4":"has-post-thumbnail","6":"product_cat-uncategorized-fr","8":"first","9":"instock","10":"purchasable","11":"product-type-variable"},"exclude_global_add_ons":[],"addons":[],"acf":[],"yoast_head":"<!-- This site is optimized with the Yoast SEO plugin v26.4 - https:\/\/yoast.com\/wordpress\/plugins\/seo\/ -->\n<title>Navgrah Shanti Pooja en Ligne | My Palm Leaf<\/title>\n<meta name=\"description\" content=\"R\u00e9alisez la Navgrah Shanti Pooja pour obtenir b\u00e9n\u00e9dictions et harmonie. Ces rituels sacr\u00e9s renforcent votre voyage spirituel et apportent la paix int\u00e9rieure.\" \/>\n<meta name=\"robots\" content=\"index, follow, max-snippet:-1, max-image-preview:large, max-video-preview:-1\" \/>\n<link rel=\"canonical\" href=\"https:\/\/mypalmleaf.com\/fr\/prix\/pelerinage-navagraha\/\" \/>\n<meta property=\"og:locale\" content=\"fr_FR\" \/>\n<meta property=\"og:type\" content=\"article\" \/>\n<meta property=\"og:title\" content=\"Navgrah Shanti Pooja en Ligne | My Palm Leaf\" \/>\n<meta property=\"og:description\" content=\"R\u00e9alisez la Navgrah Shanti Pooja pour obtenir b\u00e9n\u00e9dictions et harmonie. Ces rituels sacr\u00e9s renforcent votre voyage spirituel et apportent la paix int\u00e9rieure.\" \/>\n<meta property=\"og:url\" content=\"https:\/\/mypalmleaf.com\/fr\/prix\/pelerinage-navagraha\/\" \/>\n<meta property=\"og:site_name\" content=\"My Palm Leaf\" \/>\n<meta property=\"article:modified_time\" content=\"2025-03-27T05:00:01+00:00\" \/>\n<meta property=\"og:image\" content=\"https:\/\/mypalmleaf.com\/wp-content\/uploads\/2024\/09\/mantra-product-page-13.jpg\" \/>\n\t<meta property=\"og:image:width\" content=\"1280\" \/>\n\t<meta property=\"og:image:height\" content=\"720\" \/>\n\t<meta property=\"og:image:type\" content=\"image\/jpeg\" \/>\n<meta name=\"twitter:card\" content=\"summary_large_image\" \/>\n<meta name=\"twitter:label1\" content=\"Dur\u00e9e de lecture estim\u00e9e\" \/>\n\t<meta name=\"twitter:data1\" content=\"1 minute\" \/>\n<script type=\"application\/ld+json\" class=\"yoast-schema-graph\">{\"@context\":\"https:\/\/schema.org\",\"@graph\":[{\"@type\":\"WebPage\",\"@id\":\"https:\/\/mypalmleaf.com\/fr\/prix\/pelerinage-navagraha\/\",\"url\":\"https:\/\/mypalmleaf.com\/fr\/prix\/pelerinage-navagraha\/\",\"name\":\"Navgrah Shanti Pooja en Ligne | My Palm Leaf\",\"isPartOf\":{\"@id\":\"https:\/\/mypalmleaf.com\/#website\"},\"primaryImageOfPage\":{\"@id\":\"https:\/\/mypalmleaf.com\/fr\/prix\/pelerinage-navagraha\/#primaryimage\"},\"image\":{\"@id\":\"https:\/\/mypalmleaf.com\/fr\/prix\/pelerinage-navagraha\/#primaryimage\"},\"thumbnailUrl\":\"https:\/\/mypalmleaf.com\/wp-content\/uploads\/2024\/09\/mantra-product-page-13.jpg\",\"datePublished\":\"2024-03-04T10:45:16+00:00\",\"dateModified\":\"2025-03-27T05:00:01+00:00\",\"description\":\"R\u00e9alisez la Navgrah Shanti Pooja pour obtenir b\u00e9n\u00e9dictions et harmonie. Ces rituels sacr\u00e9s renforcent votre voyage spirituel et apportent la paix int\u00e9rieure.\",\"breadcrumb\":{\"@id\":\"https:\/\/mypalmleaf.com\/fr\/prix\/pelerinage-navagraha\/#breadcrumb\"},\"inLanguage\":\"fr-FR\",\"potentialAction\":[{\"@type\":\"ReadAction\",\"target\":[\"https:\/\/mypalmleaf.com\/fr\/prix\/pelerinage-navagraha\/\"]}]},{\"@type\":\"ImageObject\",\"inLanguage\":\"fr-FR\",\"@id\":\"https:\/\/mypalmleaf.com\/fr\/prix\/pelerinage-navagraha\/#primaryimage\",\"url\":\"https:\/\/mypalmleaf.com\/wp-content\/uploads\/2024\/09\/mantra-product-page-13.jpg\",\"contentUrl\":\"https:\/\/mypalmleaf.com\/wp-content\/uploads\/2024\/09\/mantra-product-page-13.jpg\",\"width\":1280,\"height\":720,\"caption\":\"Sri Ranganatha Swamy Temple\"},{\"@type\":\"BreadcrumbList\",\"@id\":\"https:\/\/mypalmleaf.com\/fr\/prix\/pelerinage-navagraha\/#breadcrumb\",\"itemListElement\":[{\"@type\":\"ListItem\",\"position\":1,\"name\":\"Home\",\"item\":\"https:\/\/mypalmleaf.com\/fr\/\"},{\"@type\":\"ListItem\",\"position\":2,\"name\":\"Shop\",\"item\":\"https:\/\/mypalmleaf.com\/et\/shop\/\"},{\"@type\":\"ListItem\",\"position\":3,\"name\":\"P\u00e8lerinage Navagraha\"}]},{\"@type\":\"WebSite\",\"@id\":\"https:\/\/mypalmleaf.com\/#website\",\"url\":\"https:\/\/mypalmleaf.com\/\",\"name\":\"My Palm Leaf\",\"description\":\"\",\"potentialAction\":[{\"@type\":\"SearchAction\",\"target\":{\"@type\":\"EntryPoint\",\"urlTemplate\":\"https:\/\/mypalmleaf.com\/?s={search_term_string}\"},\"query-input\":{\"@type\":\"PropertyValueSpecification\",\"valueRequired\":true,\"valueName\":\"search_term_string\"}}],\"inLanguage\":\"fr-FR\"}]}<\/script>\n<!-- \/ Yoast SEO plugin. -->","yoast_head_json":{"title":"Navgrah Shanti Pooja en Ligne | My Palm Leaf","description":"R\u00e9alisez la Navgrah Shanti Pooja pour obtenir b\u00e9n\u00e9dictions et harmonie. Ces rituels sacr\u00e9s renforcent votre voyage spirituel et apportent la paix int\u00e9rieure.","robots":{"index":"index","follow":"follow","max-snippet":"max-snippet:-1","max-image-preview":"max-image-preview:large","max-video-preview":"max-video-preview:-1"},"canonical":"https:\/\/mypalmleaf.com\/fr\/prix\/pelerinage-navagraha\/","og_locale":"fr_FR","og_type":"article","og_title":"Navgrah Shanti Pooja en Ligne | My Palm Leaf","og_description":"R\u00e9alisez la Navgrah Shanti Pooja pour obtenir b\u00e9n\u00e9dictions et harmonie. Ces rituels sacr\u00e9s renforcent votre voyage spirituel et apportent la paix int\u00e9rieure.","og_url":"https:\/\/mypalmleaf.com\/fr\/prix\/pelerinage-navagraha\/","og_site_name":"My Palm Leaf","article_modified_time":"2025-03-27T05:00:01+00:00","og_image":[{"width":1280,"height":720,"url":"https:\/\/mypalmleaf.com\/wp-content\/uploads\/2024\/09\/mantra-product-page-13.jpg","type":"image\/jpeg"}],"twitter_card":"summary_large_image","twitter_misc":{"Dur\u00e9e de lecture estim\u00e9e":"1 minute"},"schema":{"@context":"https:\/\/schema.org","@graph":[{"@type":"WebPage","@id":"https:\/\/mypalmleaf.com\/fr\/prix\/pelerinage-navagraha\/","url":"https:\/\/mypalmleaf.com\/fr\/prix\/pelerinage-navagraha\/","name":"Navgrah Shanti Pooja en Ligne | My Palm Leaf","isPartOf":{"@id":"https:\/\/mypalmleaf.com\/#website"},"primaryImageOfPage":{"@id":"https:\/\/mypalmleaf.com\/fr\/prix\/pelerinage-navagraha\/#primaryimage"},"image":{"@id":"https:\/\/mypalmleaf.com\/fr\/prix\/pelerinage-navagraha\/#primaryimage"},"thumbnailUrl":"https:\/\/mypalmleaf.com\/wp-content\/uploads\/2024\/09\/mantra-product-page-13.jpg","datePublished":"2024-03-04T10:45:16+00:00","dateModified":"2025-03-27T05:00:01+00:00","description":"R\u00e9alisez la Navgrah Shanti Pooja pour obtenir b\u00e9n\u00e9dictions et harmonie. Ces rituels sacr\u00e9s renforcent votre voyage spirituel et apportent la paix int\u00e9rieure.","breadcrumb":{"@id":"https:\/\/mypalmleaf.com\/fr\/prix\/pelerinage-navagraha\/#breadcrumb"},"inLanguage":"fr-FR","potentialAction":[{"@type":"ReadAction","target":["https:\/\/mypalmleaf.com\/fr\/prix\/pelerinage-navagraha\/"]}]},{"@type":"ImageObject","inLanguage":"fr-FR","@id":"https:\/\/mypalmleaf.com\/fr\/prix\/pelerinage-navagraha\/#primaryimage","url":"https:\/\/mypalmleaf.com\/wp-content\/uploads\/2024\/09\/mantra-product-page-13.jpg","contentUrl":"https:\/\/mypalmleaf.com\/wp-content\/uploads\/2024\/09\/mantra-product-page-13.jpg","width":1280,"height":720,"caption":"Sri Ranganatha Swamy Temple"},{"@type":"BreadcrumbList","@id":"https:\/\/mypalmleaf.com\/fr\/prix\/pelerinage-navagraha\/#breadcrumb","itemListElement":[{"@type":"ListItem","position":1,"name":"Home","item":"https:\/\/mypalmleaf.com\/fr\/"},{"@type":"ListItem","position":2,"name":"Shop","item":"https:\/\/mypalmleaf.com\/et\/shop\/"},{"@type":"ListItem","position":3,"name":"P\u00e8lerinage Navagraha"}]},{"@type":"WebSite","@id":"https:\/\/mypalmleaf.com\/#website","url":"https:\/\/mypalmleaf.com\/","name":"My Palm Leaf","description":"","potentialAction":[{"@type":"SearchAction","target":{"@type":"EntryPoint","urlTemplate":"https:\/\/mypalmleaf.com\/?s={search_term_string}"},"query-input":{"@type":"PropertyValueSpecification","valueRequired":true,"valueName":"search_term_string"}}],"inLanguage":"fr-FR"}]}},"_links":{"self":[{"href":"https:\/\/mypalmleaf.com\/fr\/wp-json\/wp\/v2\/product\/23216","targetHints":{"allow":["GET"]}}],"collection":[{"href":"https:\/\/mypalmleaf.com\/fr\/wp-json\/wp\/v2\/product"}],"about":[{"href":"https:\/\/mypalmleaf.com\/fr\/wp-json\/wp\/v2\/types\/product"}],"replies":[{"embeddable":true,"href":"https:\/\/mypalmleaf.com\/fr\/wp-json\/wp\/v2\/comments?post=23216"}],"wp:featuredmedia":[{"embeddable":true,"href":"https:\/\/mypalmleaf.com\/fr\/wp-json\/wp\/v2\/media\/3411"}],"wp:attachment":[{"href":"https:\/\/mypalmleaf.com\/fr\/wp-json\/wp\/v2\/media?parent=23216"}],"wp:term":[{"taxonomy":"product_brand","embeddable":true,"href":"https:\/\/mypalmleaf.com\/fr\/wp-json\/wp\/v2\/product_brand?post=23216"},{"taxonomy":"product_cat","embeddable":true,"href":"https:\/\/mypalmleaf.com\/fr\/wp-json\/wp\/v2\/product_cat?post=23216"},{"taxonomy":"product_tag","embeddable":true,"href":"https:\/\/mypalmleaf.com\/fr\/wp-json\/wp\/v2\/product_tag?post=23216"}],"curies":[{"name":"wp","href":"https:\/\/api.w.org\/{rel}","templated":true}]}}