
{"id":23219,"date":"2024-03-04T10:58:10","date_gmt":"2024-03-04T10:58:10","guid":{"rendered":"https:\/\/mypalmleaf.com\/prices\/pelerinage-virtuel\/"},"modified":"2025-03-27T04:36:33","modified_gmt":"2025-03-27T04:36:33","slug":"pelerinage-virtuel","status":"publish","type":"product","link":"https:\/\/mypalmleaf.com\/fr\/prix\/pelerinage-virtuel\/","title":{"rendered":"P\u00e9lerinage virtuel"},"content":{"rendered":"<p class=\"mb-4\">Le p\u00e8lerinage virtuel aux temples de Navagraha est con\u00e7u pour vous aider \u00e0 \u00e9liminer les blocages karmiques en vous connectant \u00e0 l\u2019\u00e9nergie des neuf plan\u00e8tes, en harmonisant leur influence sur votre vie.<\/p>\n<p class=\"mb-4\">C\u2019est un moyen puissant mais simple d\u2019am\u00e9liorer les conditions karmiques et de transformer les blocages existants. Ce p\u00e8lerinage peut \u00eatre effectu\u00e9 pour vous ou pour un \u00eatre cher.<\/p>\n<p>Le p\u00e8lerinage virtuel inclut:<\/p>\n<ul class=\"mb-4\">\n<li>C\u00e9r\u00e9monies c\u00e9l\u00e9br\u00e9es pour vous dans les temples de Navagraha<\/li>\n<li>Acc\u00e8s \u00e0 un groupe WhatsApp et Telegram avec mises \u00e0 jour quotidiennes pendant le p\u00e8lerinage<\/li>\n<li>Dons faits en votre nom aux temples et aux n\u00e9cessiteux<\/li>\n<\/ul>\n<p class=\"mb-4\">Souvenirs sacr\u00e9s (pour la seconde option du produit)<br \/>\nCe sont des objets b\u00e9nis provenant des temples ou \u00e0 proximit\u00e9 des temples, impr\u00e9gn\u00e9s de leur \u00e9nergie. Bien que nous ne puissions pas pr\u00e9ciser les objets exacts \u00e0 l&rsquo;avance, ils servent de pont pour vous connecter \u00e0 l&rsquo;\u00e9nergie du temple dans votre espace de vie.<br \/>\nPour avoir une id\u00e9e de ce \u00e0 quoi vous attendre, vous pouvez vous r\u00e9f\u00e9rer \u00e0 <a class=\"text-body\" href=\"https:\/\/www.youtube.com\/watch?v=09WQJn8M8SA\" data-lity=\"\">cette vid\u00e9o d&rsquo;un <\/a>p\u00e8lerinage pr\u00e9c\u00e9dent.<\/p>\n<p><strong>Note:<\/strong> La livraison gratuite dans le monde entier est incluse dans les souvenirs sacr\u00e9s.<\/p>\n","protected":false},"excerpt":{"rendered":"<p>Le p\u00e8lerinage virtuel aux temples de Navagraha est con\u00e7u pour vous aider \u00e0 \u00e9liminer les blocages karmiques en vous connectant \u00e0 l\u2019\u00e9nergie des neuf plan\u00e8tes, en harmonisant leur influence sur votre vie&#8230;<\/p>\n","protected":false},"featured_media":3498,"comment_status":"open","ping_status":"closed","template":"","meta":{"_acf_changed":false},"product_brand":[],"product_cat":[217],"product_tag":[],"class_list":{"0":"post-23219","1":"product","2":"type-product","3":"status-publish","4":"has-post-thumbnail","6":"product_cat-uncategorized-fr","8":"first","9":"instock","10":"purchasable","11":"product-type-variable"},"exclude_global_add_ons":[],"addons":[],"acf":[],"yoast_head":"<!-- This site is optimized with the Yoast SEO plugin v26.4 - https:\/\/yoast.com\/wordpress\/plugins\/seo\/ -->\n<title>P\u00e8lerinage Virtuel \/ P\u00e8lerinage en Ligne en Inde | My Palm Leaf<\/title>\n<meta name=\"description\" content=\"Embarquez pour un p\u00e8lerinage virtuel, explorez des temples sacr\u00e9s et vivez des b\u00e9n\u00e9dictions divines, des rituels et des pri\u00e8res \u00e0 travers des voyages immersifs.\" \/>\n<meta name=\"robots\" content=\"index, follow, max-snippet:-1, max-image-preview:large, max-video-preview:-1\" \/>\n<link rel=\"canonical\" href=\"https:\/\/mypalmleaf.com\/fr\/prix\/pelerinage-virtuel\/\" \/>\n<meta property=\"og:locale\" content=\"fr_FR\" \/>\n<meta property=\"og:type\" content=\"article\" \/>\n<meta property=\"og:title\" content=\"P\u00e8lerinage Virtuel \/ P\u00e8lerinage en Ligne en Inde | My Palm Leaf\" \/>\n<meta property=\"og:description\" content=\"Embarquez pour un p\u00e8lerinage virtuel, explorez des temples sacr\u00e9s et vivez des b\u00e9n\u00e9dictions divines, des rituels et des pri\u00e8res \u00e0 travers des voyages immersifs.\" \/>\n<meta property=\"og:url\" content=\"https:\/\/mypalmleaf.com\/fr\/prix\/pelerinage-virtuel\/\" \/>\n<meta property=\"og:site_name\" content=\"My Palm Leaf\" \/>\n<meta property=\"article:modified_time\" content=\"2025-03-27T04:36:33+00:00\" \/>\n<meta property=\"og:image\" content=\"https:\/\/mypalmleaf.com\/wp-content\/uploads\/2024\/09\/mantra-product-page-18.jpg\" \/>\n\t<meta property=\"og:image:width\" content=\"1280\" \/>\n\t<meta property=\"og:image:height\" content=\"720\" \/>\n\t<meta property=\"og:image:type\" content=\"image\/jpeg\" \/>\n<meta name=\"twitter:card\" content=\"summary_large_image\" \/>\n<meta name=\"twitter:label1\" content=\"Dur\u00e9e de lecture estim\u00e9e\" \/>\n\t<meta name=\"twitter:data1\" content=\"2 minutes\" \/>\n<script type=\"application\/ld+json\" class=\"yoast-schema-graph\">{\"@context\":\"https:\/\/schema.org\",\"@graph\":[{\"@type\":\"WebPage\",\"@id\":\"https:\/\/mypalmleaf.com\/fr\/prix\/pelerinage-virtuel\/\",\"url\":\"https:\/\/mypalmleaf.com\/fr\/prix\/pelerinage-virtuel\/\",\"name\":\"P\u00e8lerinage Virtuel \/ P\u00e8lerinage en Ligne en Inde | My Palm Leaf\",\"isPartOf\":{\"@id\":\"https:\/\/mypalmleaf.com\/#website\"},\"primaryImageOfPage\":{\"@id\":\"https:\/\/mypalmleaf.com\/fr\/prix\/pelerinage-virtuel\/#primaryimage\"},\"image\":{\"@id\":\"https:\/\/mypalmleaf.com\/fr\/prix\/pelerinage-virtuel\/#primaryimage\"},\"thumbnailUrl\":\"https:\/\/mypalmleaf.com\/wp-content\/uploads\/2024\/09\/mantra-product-page-18.jpg\",\"datePublished\":\"2024-03-04T10:58:10+00:00\",\"dateModified\":\"2025-03-27T04:36:33+00:00\",\"description\":\"Embarquez pour un p\u00e8lerinage virtuel, explorez des temples sacr\u00e9s et vivez des b\u00e9n\u00e9dictions divines, des rituels et des pri\u00e8res \u00e0 travers des voyages immersifs.\",\"breadcrumb\":{\"@id\":\"https:\/\/mypalmleaf.com\/fr\/prix\/pelerinage-virtuel\/#breadcrumb\"},\"inLanguage\":\"fr-FR\",\"potentialAction\":[{\"@type\":\"ReadAction\",\"target\":[\"https:\/\/mypalmleaf.com\/fr\/prix\/pelerinage-virtuel\/\"]}]},{\"@type\":\"ImageObject\",\"inLanguage\":\"fr-FR\",\"@id\":\"https:\/\/mypalmleaf.com\/fr\/prix\/pelerinage-virtuel\/#primaryimage\",\"url\":\"https:\/\/mypalmleaf.com\/wp-content\/uploads\/2024\/09\/mantra-product-page-18.jpg\",\"contentUrl\":\"https:\/\/mypalmleaf.com\/wp-content\/uploads\/2024\/09\/mantra-product-page-18.jpg\",\"width\":1280,\"height\":720,\"caption\":\"Statue of Gods\"},{\"@type\":\"BreadcrumbList\",\"@id\":\"https:\/\/mypalmleaf.com\/fr\/prix\/pelerinage-virtuel\/#breadcrumb\",\"itemListElement\":[{\"@type\":\"ListItem\",\"position\":1,\"name\":\"Home\",\"item\":\"https:\/\/mypalmleaf.com\/fr\/\"},{\"@type\":\"ListItem\",\"position\":2,\"name\":\"Shop\",\"item\":\"https:\/\/mypalmleaf.com\/et\/shop\/\"},{\"@type\":\"ListItem\",\"position\":3,\"name\":\"P\u00e9lerinage virtuel\"}]},{\"@type\":\"WebSite\",\"@id\":\"https:\/\/mypalmleaf.com\/#website\",\"url\":\"https:\/\/mypalmleaf.com\/\",\"name\":\"My Palm Leaf\",\"description\":\"\",\"potentialAction\":[{\"@type\":\"SearchAction\",\"target\":{\"@type\":\"EntryPoint\",\"urlTemplate\":\"https:\/\/mypalmleaf.com\/?s={search_term_string}\"},\"query-input\":{\"@type\":\"PropertyValueSpecification\",\"valueRequired\":true,\"valueName\":\"search_term_string\"}}],\"inLanguage\":\"fr-FR\"}]}<\/script>\n<!-- \/ Yoast SEO plugin. -->","yoast_head_json":{"title":"P\u00e8lerinage Virtuel \/ P\u00e8lerinage en Ligne en Inde | My Palm Leaf","description":"Embarquez pour un p\u00e8lerinage virtuel, explorez des temples sacr\u00e9s et vivez des b\u00e9n\u00e9dictions divines, des rituels et des pri\u00e8res \u00e0 travers des voyages immersifs.","robots":{"index":"index","follow":"follow","max-snippet":"max-snippet:-1","max-image-preview":"max-image-preview:large","max-video-preview":"max-video-preview:-1"},"canonical":"https:\/\/mypalmleaf.com\/fr\/prix\/pelerinage-virtuel\/","og_locale":"fr_FR","og_type":"article","og_title":"P\u00e8lerinage Virtuel \/ P\u00e8lerinage en Ligne en Inde | My Palm Leaf","og_description":"Embarquez pour un p\u00e8lerinage virtuel, explorez des temples sacr\u00e9s et vivez des b\u00e9n\u00e9dictions divines, des rituels et des pri\u00e8res \u00e0 travers des voyages immersifs.","og_url":"https:\/\/mypalmleaf.com\/fr\/prix\/pelerinage-virtuel\/","og_site_name":"My Palm Leaf","article_modified_time":"2025-03-27T04:36:33+00:00","og_image":[{"width":1280,"height":720,"url":"https:\/\/mypalmleaf.com\/wp-content\/uploads\/2024\/09\/mantra-product-page-18.jpg","type":"image\/jpeg"}],"twitter_card":"summary_large_image","twitter_misc":{"Dur\u00e9e de lecture estim\u00e9e":"2 minutes"},"schema":{"@context":"https:\/\/schema.org","@graph":[{"@type":"WebPage","@id":"https:\/\/mypalmleaf.com\/fr\/prix\/pelerinage-virtuel\/","url":"https:\/\/mypalmleaf.com\/fr\/prix\/pelerinage-virtuel\/","name":"P\u00e8lerinage Virtuel \/ P\u00e8lerinage en Ligne en Inde | My Palm Leaf","isPartOf":{"@id":"https:\/\/mypalmleaf.com\/#website"},"primaryImageOfPage":{"@id":"https:\/\/mypalmleaf.com\/fr\/prix\/pelerinage-virtuel\/#primaryimage"},"image":{"@id":"https:\/\/mypalmleaf.com\/fr\/prix\/pelerinage-virtuel\/#primaryimage"},"thumbnailUrl":"https:\/\/mypalmleaf.com\/wp-content\/uploads\/2024\/09\/mantra-product-page-18.jpg","datePublished":"2024-03-04T10:58:10+00:00","dateModified":"2025-03-27T04:36:33+00:00","description":"Embarquez pour un p\u00e8lerinage virtuel, explorez des temples sacr\u00e9s et vivez des b\u00e9n\u00e9dictions divines, des rituels et des pri\u00e8res \u00e0 travers des voyages immersifs.","breadcrumb":{"@id":"https:\/\/mypalmleaf.com\/fr\/prix\/pelerinage-virtuel\/#breadcrumb"},"inLanguage":"fr-FR","potentialAction":[{"@type":"ReadAction","target":["https:\/\/mypalmleaf.com\/fr\/prix\/pelerinage-virtuel\/"]}]},{"@type":"ImageObject","inLanguage":"fr-FR","@id":"https:\/\/mypalmleaf.com\/fr\/prix\/pelerinage-virtuel\/#primaryimage","url":"https:\/\/mypalmleaf.com\/wp-content\/uploads\/2024\/09\/mantra-product-page-18.jpg","contentUrl":"https:\/\/mypalmleaf.com\/wp-content\/uploads\/2024\/09\/mantra-product-page-18.jpg","width":1280,"height":720,"caption":"Statue of Gods"},{"@type":"BreadcrumbList","@id":"https:\/\/mypalmleaf.com\/fr\/prix\/pelerinage-virtuel\/#breadcrumb","itemListElement":[{"@type":"ListItem","position":1,"name":"Home","item":"https:\/\/mypalmleaf.com\/fr\/"},{"@type":"ListItem","position":2,"name":"Shop","item":"https:\/\/mypalmleaf.com\/et\/shop\/"},{"@type":"ListItem","position":3,"name":"P\u00e9lerinage virtuel"}]},{"@type":"WebSite","@id":"https:\/\/mypalmleaf.com\/#website","url":"https:\/\/mypalmleaf.com\/","name":"My Palm Leaf","description":"","potentialAction":[{"@type":"SearchAction","target":{"@type":"EntryPoint","urlTemplate":"https:\/\/mypalmleaf.com\/?s={search_term_string}"},"query-input":{"@type":"PropertyValueSpecification","valueRequired":true,"valueName":"search_term_string"}}],"inLanguage":"fr-FR"}]}},"_links":{"self":[{"href":"https:\/\/mypalmleaf.com\/fr\/wp-json\/wp\/v2\/product\/23219","targetHints":{"allow":["GET"]}}],"collection":[{"href":"https:\/\/mypalmleaf.com\/fr\/wp-json\/wp\/v2\/product"}],"about":[{"href":"https:\/\/mypalmleaf.com\/fr\/wp-json\/wp\/v2\/types\/product"}],"replies":[{"embeddable":true,"href":"https:\/\/mypalmleaf.com\/fr\/wp-json\/wp\/v2\/comments?post=23219"}],"wp:featuredmedia":[{"embeddable":true,"href":"https:\/\/mypalmleaf.com\/fr\/wp-json\/wp\/v2\/media\/3498"}],"wp:attachment":[{"href":"https:\/\/mypalmleaf.com\/fr\/wp-json\/wp\/v2\/media?parent=23219"}],"wp:term":[{"taxonomy":"product_brand","embeddable":true,"href":"https:\/\/mypalmleaf.com\/fr\/wp-json\/wp\/v2\/product_brand?post=23219"},{"taxonomy":"product_cat","embeddable":true,"href":"https:\/\/mypalmleaf.com\/fr\/wp-json\/wp\/v2\/product_cat?post=23219"},{"taxonomy":"product_tag","embeddable":true,"href":"https:\/\/mypalmleaf.com\/fr\/wp-json\/wp\/v2\/product_tag?post=23219"}],"curies":[{"name":"wp","href":"https:\/\/api.w.org\/{rel}","templated":true}]}}