
{"id":23264,"date":"2024-09-04T10:10:30","date_gmt":"2024-09-04T10:10:30","guid":{"rendered":"https:\/\/mypalmleaf.com\/prices\/offrez-une-lecture-de-feuilles-de-palmier-a-vos-proches\/"},"modified":"2025-07-07T10:51:06","modified_gmt":"2025-07-07T10:51:06","slug":"offrez-une-lecture-de-feuilles-de-palmier-a-vos-proches","status":"publish","type":"product","link":"https:\/\/mypalmleaf.com\/fr\/prix\/offrez-une-lecture-de-feuilles-de-palmier-a-vos-proches\/","title":{"rendered":"Offrez une lecture de feuilles de palmier \u00e0 vos proches"},"content":{"rendered":"<p>Recevez un bon pour offrir la lecture en feuille de palmier \u00e0 un proche.<\/p>\n<ul>\n<li>Localisation des paquets pouvant contenir votre feuille de palmier en Inde<\/li>\n<li>Faire le processus d&rsquo;identification en ligne pour trouver votre feuille de palmier<\/li>\n<li>Lecture du chapitre g\u00e9n\u00e9ral<\/li>\n<li>Lecture du chapitre 14 (rem\u00e8des \u00e9nerg\u00e9tiques)<\/li>\n<li>Enregistrement vid\u00e9o de votre lecture<\/li>\n<li>Photo de votre feuille de palmier.<\/li>\n<li>Garantie de remboursement si votre feuille est introuvable.<\/li>\n<\/ul>\n","protected":false},"excerpt":{"rendered":"<p><strong>Le service comprend<\/strong><\/p>\n<ul>\n<li>Localisation des paquets pouvant contenir votre feuille de palmier en Inde<\/li>\n<li>Faire le processus d&rsquo;identification en ligne pour trouver votre feuille de palmier&#8230;<\/li>\n<\/ul>\n","protected":false},"featured_media":14129,"comment_status":"open","ping_status":"closed","template":"","meta":{"_acf_changed":false},"product_brand":[],"product_cat":[217],"product_tag":[],"class_list":{"0":"post-23264","1":"product","2":"type-product","3":"status-publish","4":"has-post-thumbnail","6":"product_cat-uncategorized-fr","8":"first","9":"instock","10":"taxable","11":"shipping-taxable","12":"purchasable","13":"product-type-variable"},"exclude_global_add_ons":false,"addons":[{"name":"Nom du destinataire du cadeau","type":"custom_text","position":0,"required":true,"title_format":"label","description_enable":false,"description":"","placeholder_enable":false,"placeholder":"","display":"select","restrictions_type":"any_text","adjust_price":false,"price":"","price_type":"flat_fee","restrictions":false,"min":0,"max":0,"options":[],"id":1725954986}],"acf":[],"yoast_head":"<!-- This site is optimized with the Yoast SEO plugin v26.4 - https:\/\/yoast.com\/wordpress\/plugins\/seo\/ -->\n<title>Bon cadeau pour des lectures de feuilles de palmier | My Palm Leaf<\/title>\n<meta name=\"description\" content=\"Offrez une lecture de feuille de palmier avec un bon cadeau. Une exp\u00e9rience spirituelle unique, id\u00e9ale pour un anniversaire ou toute occasion sp\u00e9ciale.\" \/>\n<meta name=\"robots\" content=\"index, follow, max-snippet:-1, max-image-preview:large, max-video-preview:-1\" \/>\n<link rel=\"canonical\" href=\"https:\/\/mypalmleaf.com\/fr\/prix\/offrez-une-lecture-de-feuilles-de-palmier-a-vos-proches\/\" \/>\n<meta property=\"og:locale\" content=\"fr_FR\" \/>\n<meta property=\"og:type\" content=\"article\" \/>\n<meta property=\"og:title\" content=\"Bon cadeau pour des lectures de feuilles de palmier | My Palm Leaf\" \/>\n<meta property=\"og:description\" content=\"Offrez une lecture de feuille de palmier avec un bon cadeau. Une exp\u00e9rience spirituelle unique, id\u00e9ale pour un anniversaire ou toute occasion sp\u00e9ciale.\" \/>\n<meta property=\"og:url\" content=\"https:\/\/mypalmleaf.com\/fr\/prix\/offrez-une-lecture-de-feuilles-de-palmier-a-vos-proches\/\" \/>\n<meta property=\"og:site_name\" content=\"My Palm Leaf\" \/>\n<meta property=\"article:modified_time\" content=\"2025-07-07T10:51:06+00:00\" \/>\n<meta property=\"og:image\" content=\"https:\/\/mypalmleaf.com\/wp-content\/uploads\/2024\/09\/mantra-product-page-21.jpg\" \/>\n\t<meta property=\"og:image:width\" content=\"800\" \/>\n\t<meta property=\"og:image:height\" content=\"444\" \/>\n\t<meta property=\"og:image:type\" content=\"image\/jpeg\" \/>\n<meta name=\"twitter:card\" content=\"summary_large_image\" \/>\n<meta name=\"twitter:label1\" content=\"Dur\u00e9e de lecture estim\u00e9e\" \/>\n\t<meta name=\"twitter:data1\" content=\"1 minute\" \/>\n<script type=\"application\/ld+json\" class=\"yoast-schema-graph\">{\"@context\":\"https:\/\/schema.org\",\"@graph\":[{\"@type\":\"WebPage\",\"@id\":\"https:\/\/mypalmleaf.com\/fr\/prix\/offrez-une-lecture-de-feuilles-de-palmier-a-vos-proches\/\",\"url\":\"https:\/\/mypalmleaf.com\/fr\/prix\/offrez-une-lecture-de-feuilles-de-palmier-a-vos-proches\/\",\"name\":\"Bon cadeau pour des lectures de feuilles de palmier | My Palm Leaf\",\"isPartOf\":{\"@id\":\"https:\/\/mypalmleaf.com\/#website\"},\"primaryImageOfPage\":{\"@id\":\"https:\/\/mypalmleaf.com\/fr\/prix\/offrez-une-lecture-de-feuilles-de-palmier-a-vos-proches\/#primaryimage\"},\"image\":{\"@id\":\"https:\/\/mypalmleaf.com\/fr\/prix\/offrez-une-lecture-de-feuilles-de-palmier-a-vos-proches\/#primaryimage\"},\"thumbnailUrl\":\"https:\/\/mypalmleaf.com\/wp-content\/uploads\/2024\/09\/mantra-product-page-21.jpg\",\"datePublished\":\"2024-09-04T10:10:30+00:00\",\"dateModified\":\"2025-07-07T10:51:06+00:00\",\"description\":\"Offrez une lecture de feuille de palmier avec un bon cadeau. Une exp\u00e9rience spirituelle unique, id\u00e9ale pour un anniversaire ou toute occasion sp\u00e9ciale.\",\"breadcrumb\":{\"@id\":\"https:\/\/mypalmleaf.com\/fr\/prix\/offrez-une-lecture-de-feuilles-de-palmier-a-vos-proches\/#breadcrumb\"},\"inLanguage\":\"fr-FR\",\"potentialAction\":[{\"@type\":\"ReadAction\",\"target\":[\"https:\/\/mypalmleaf.com\/fr\/prix\/offrez-une-lecture-de-feuilles-de-palmier-a-vos-proches\/\"]}]},{\"@type\":\"ImageObject\",\"inLanguage\":\"fr-FR\",\"@id\":\"https:\/\/mypalmleaf.com\/fr\/prix\/offrez-une-lecture-de-feuilles-de-palmier-a-vos-proches\/#primaryimage\",\"url\":\"https:\/\/mypalmleaf.com\/wp-content\/uploads\/2024\/09\/mantra-product-page-21.jpg\",\"contentUrl\":\"https:\/\/mypalmleaf.com\/wp-content\/uploads\/2024\/09\/mantra-product-page-21.jpg\",\"width\":800,\"height\":444,\"caption\":\"A gift card for a palm leaf reading for Maria\"},{\"@type\":\"BreadcrumbList\",\"@id\":\"https:\/\/mypalmleaf.com\/fr\/prix\/offrez-une-lecture-de-feuilles-de-palmier-a-vos-proches\/#breadcrumb\",\"itemListElement\":[{\"@type\":\"ListItem\",\"position\":1,\"name\":\"Home\",\"item\":\"https:\/\/mypalmleaf.com\/fr\/\"},{\"@type\":\"ListItem\",\"position\":2,\"name\":\"Shop\",\"item\":\"https:\/\/mypalmleaf.com\/et\/shop\/\"},{\"@type\":\"ListItem\",\"position\":3,\"name\":\"Offrez une lecture de feuilles de palmier \u00e0 vos proches\"}]},{\"@type\":\"WebSite\",\"@id\":\"https:\/\/mypalmleaf.com\/#website\",\"url\":\"https:\/\/mypalmleaf.com\/\",\"name\":\"My Palm Leaf\",\"description\":\"\",\"potentialAction\":[{\"@type\":\"SearchAction\",\"target\":{\"@type\":\"EntryPoint\",\"urlTemplate\":\"https:\/\/mypalmleaf.com\/?s={search_term_string}\"},\"query-input\":{\"@type\":\"PropertyValueSpecification\",\"valueRequired\":true,\"valueName\":\"search_term_string\"}}],\"inLanguage\":\"fr-FR\"}]}<\/script>\n<!-- \/ Yoast SEO plugin. -->","yoast_head_json":{"title":"Bon cadeau pour des lectures de feuilles de palmier | My Palm Leaf","description":"Offrez une lecture de feuille de palmier avec un bon cadeau. Une exp\u00e9rience spirituelle unique, id\u00e9ale pour un anniversaire ou toute occasion sp\u00e9ciale.","robots":{"index":"index","follow":"follow","max-snippet":"max-snippet:-1","max-image-preview":"max-image-preview:large","max-video-preview":"max-video-preview:-1"},"canonical":"https:\/\/mypalmleaf.com\/fr\/prix\/offrez-une-lecture-de-feuilles-de-palmier-a-vos-proches\/","og_locale":"fr_FR","og_type":"article","og_title":"Bon cadeau pour des lectures de feuilles de palmier | My Palm Leaf","og_description":"Offrez une lecture de feuille de palmier avec un bon cadeau. Une exp\u00e9rience spirituelle unique, id\u00e9ale pour un anniversaire ou toute occasion sp\u00e9ciale.","og_url":"https:\/\/mypalmleaf.com\/fr\/prix\/offrez-une-lecture-de-feuilles-de-palmier-a-vos-proches\/","og_site_name":"My Palm Leaf","article_modified_time":"2025-07-07T10:51:06+00:00","og_image":[{"width":800,"height":444,"url":"https:\/\/mypalmleaf.com\/wp-content\/uploads\/2024\/09\/mantra-product-page-21.jpg","type":"image\/jpeg"}],"twitter_card":"summary_large_image","twitter_misc":{"Dur\u00e9e de lecture estim\u00e9e":"1 minute"},"schema":{"@context":"https:\/\/schema.org","@graph":[{"@type":"WebPage","@id":"https:\/\/mypalmleaf.com\/fr\/prix\/offrez-une-lecture-de-feuilles-de-palmier-a-vos-proches\/","url":"https:\/\/mypalmleaf.com\/fr\/prix\/offrez-une-lecture-de-feuilles-de-palmier-a-vos-proches\/","name":"Bon cadeau pour des lectures de feuilles de palmier | My Palm Leaf","isPartOf":{"@id":"https:\/\/mypalmleaf.com\/#website"},"primaryImageOfPage":{"@id":"https:\/\/mypalmleaf.com\/fr\/prix\/offrez-une-lecture-de-feuilles-de-palmier-a-vos-proches\/#primaryimage"},"image":{"@id":"https:\/\/mypalmleaf.com\/fr\/prix\/offrez-une-lecture-de-feuilles-de-palmier-a-vos-proches\/#primaryimage"},"thumbnailUrl":"https:\/\/mypalmleaf.com\/wp-content\/uploads\/2024\/09\/mantra-product-page-21.jpg","datePublished":"2024-09-04T10:10:30+00:00","dateModified":"2025-07-07T10:51:06+00:00","description":"Offrez une lecture de feuille de palmier avec un bon cadeau. Une exp\u00e9rience spirituelle unique, id\u00e9ale pour un anniversaire ou toute occasion sp\u00e9ciale.","breadcrumb":{"@id":"https:\/\/mypalmleaf.com\/fr\/prix\/offrez-une-lecture-de-feuilles-de-palmier-a-vos-proches\/#breadcrumb"},"inLanguage":"fr-FR","potentialAction":[{"@type":"ReadAction","target":["https:\/\/mypalmleaf.com\/fr\/prix\/offrez-une-lecture-de-feuilles-de-palmier-a-vos-proches\/"]}]},{"@type":"ImageObject","inLanguage":"fr-FR","@id":"https:\/\/mypalmleaf.com\/fr\/prix\/offrez-une-lecture-de-feuilles-de-palmier-a-vos-proches\/#primaryimage","url":"https:\/\/mypalmleaf.com\/wp-content\/uploads\/2024\/09\/mantra-product-page-21.jpg","contentUrl":"https:\/\/mypalmleaf.com\/wp-content\/uploads\/2024\/09\/mantra-product-page-21.jpg","width":800,"height":444,"caption":"A gift card for a palm leaf reading for Maria"},{"@type":"BreadcrumbList","@id":"https:\/\/mypalmleaf.com\/fr\/prix\/offrez-une-lecture-de-feuilles-de-palmier-a-vos-proches\/#breadcrumb","itemListElement":[{"@type":"ListItem","position":1,"name":"Home","item":"https:\/\/mypalmleaf.com\/fr\/"},{"@type":"ListItem","position":2,"name":"Shop","item":"https:\/\/mypalmleaf.com\/et\/shop\/"},{"@type":"ListItem","position":3,"name":"Offrez une lecture de feuilles de palmier \u00e0 vos proches"}]},{"@type":"WebSite","@id":"https:\/\/mypalmleaf.com\/#website","url":"https:\/\/mypalmleaf.com\/","name":"My Palm Leaf","description":"","potentialAction":[{"@type":"SearchAction","target":{"@type":"EntryPoint","urlTemplate":"https:\/\/mypalmleaf.com\/?s={search_term_string}"},"query-input":{"@type":"PropertyValueSpecification","valueRequired":true,"valueName":"search_term_string"}}],"inLanguage":"fr-FR"}]}},"_links":{"self":[{"href":"https:\/\/mypalmleaf.com\/fr\/wp-json\/wp\/v2\/product\/23264","targetHints":{"allow":["GET"]}}],"collection":[{"href":"https:\/\/mypalmleaf.com\/fr\/wp-json\/wp\/v2\/product"}],"about":[{"href":"https:\/\/mypalmleaf.com\/fr\/wp-json\/wp\/v2\/types\/product"}],"replies":[{"embeddable":true,"href":"https:\/\/mypalmleaf.com\/fr\/wp-json\/wp\/v2\/comments?post=23264"}],"wp:featuredmedia":[{"embeddable":true,"href":"https:\/\/mypalmleaf.com\/fr\/wp-json\/wp\/v2\/media\/14129"}],"wp:attachment":[{"href":"https:\/\/mypalmleaf.com\/fr\/wp-json\/wp\/v2\/media?parent=23264"}],"wp:term":[{"taxonomy":"product_brand","embeddable":true,"href":"https:\/\/mypalmleaf.com\/fr\/wp-json\/wp\/v2\/product_brand?post=23264"},{"taxonomy":"product_cat","embeddable":true,"href":"https:\/\/mypalmleaf.com\/fr\/wp-json\/wp\/v2\/product_cat?post=23264"},{"taxonomy":"product_tag","embeddable":true,"href":"https:\/\/mypalmleaf.com\/fr\/wp-json\/wp\/v2\/product_tag?post=23264"}],"curies":[{"name":"wp","href":"https:\/\/api.w.org\/{rel}","templated":true}]}}