
{"id":24950,"date":"2024-09-04T10:56:25","date_gmt":"2024-09-04T10:56:25","guid":{"rendered":"https:\/\/mypalmleaf.com\/prices\/ceremonie-du-feu-homa\/"},"modified":"2025-08-04T13:11:46","modified_gmt":"2025-08-04T13:11:46","slug":"ceremonie-du-feu-homa","status":"publish","type":"product","link":"https:\/\/mypalmleaf.com\/fr\/prix\/ceremonie-du-feu-homa\/","title":{"rendered":"C\u00e9r\u00e9monie du feu &#8211; Homa"},"content":{"rendered":"<div class=\"description\">\n<p>Le \u00ab\u00a0Homa\u00a0\u00bb, une c\u00e9r\u00e9monie du feu, est un outil \u00e9nerg\u00e9tique puissant qui permet d&rsquo;inviter des \u00e9nergies b\u00e9n\u00e9fiques dans votre vie. Il peut \u00eatre pratiqu\u00e9 dans de nombreux buts diff\u00e9rents, pour vous-m\u00eame ou pour vos proches.<\/p>\n<p>Apr\u00e8s avoir r\u00e9serv\u00e9 la c\u00e9r\u00e9monie du feu, vous recevrez un lien vers le calendrier qui vous permettra de choisir la date \u00e0 laquelle vous souhaitez que la c\u00e9r\u00e9monie soit c\u00e9l\u00e9br\u00e9e.<br \/>\nLa c\u00e9r\u00e9monie sera c\u00e9l\u00e9br\u00e9e par des pr\u00eatres qualifi\u00e9s dans un temple en Inde.<\/p>\n<p>Les effets se produisent, que vous participiez en personne ou non.<\/p>\n<p>Si vous souhaitez assister \u00e0 un livestream avec mod\u00e9rateur, veuillez choisir l&rsquo;option ci-dessous.<\/p>\n<\/div>\n","protected":false},"excerpt":{"rendered":"<p>Le \u00ab\u00a0Homa\u00a0\u00bb, une c\u00e9r\u00e9monie du feu, est un outil \u00e9nerg\u00e9tique puissant qui permet d&rsquo;inviter des \u00e9nergies b\u00e9n\u00e9fiques dans votre vie. Il peut \u00eatre pratiqu\u00e9 dans de nombreux buts diff\u00e9rents, pour vous-m\u00eame ou pour vos proches. Apr\u00e8s avoir r\u00e9serv\u00e9 la c\u00e9r\u00e9monie du feu, vous recevrez un lien vers le calendrier qui vous permettra de choisir la date \u00e0 laquelle vous souhaitez que la c\u00e9r\u00e9monie soit c\u00e9l\u00e9br\u00e9e&#8230;<\/p>\n","protected":false},"featured_media":9902,"comment_status":"open","ping_status":"closed","template":"","meta":{"_acf_changed":false},"product_brand":[],"product_cat":[217],"product_tag":[],"class_list":{"0":"post-24950","1":"product","2":"type-product","3":"status-publish","4":"has-post-thumbnail","6":"product_cat-uncategorized-fr","8":"first","9":"instock","10":"virtual","11":"purchasable","12":"product-type-simple"},"exclude_global_add_ons":[],"addons":[],"acf":[],"yoast_head":"<!-- This site is optimized with the Yoast SEO plugin v26.4 - https:\/\/yoast.com\/wordpress\/plugins\/seo\/ -->\n<title>Agni Homa \/ Rituel du feu en ligne | Shanti Pooja \u00e0 domicile | Vedic Homa<\/title>\n<meta name=\"description\" content=\"Faites l&#039;exp\u00e9rience de l&#039;Agni Homam, un rituel du feu sacr\u00e9 v\u00e9dique, depuis le confort de votre maison. Nettoyez les \u00e9nergies n\u00e9gatives, invitez les b\u00e9n\u00e9dictions et r\u00e9servez votre c\u00e9r\u00e9monie d\u00e8s aujourd&#039;hui !\" \/>\n<meta name=\"robots\" content=\"index, follow, max-snippet:-1, max-image-preview:large, max-video-preview:-1\" \/>\n<link rel=\"canonical\" href=\"https:\/\/mypalmleaf.com\/fr\/prix\/ceremonie-du-feu-homa\/\" \/>\n<meta property=\"og:locale\" content=\"fr_FR\" \/>\n<meta property=\"og:type\" content=\"article\" \/>\n<meta property=\"og:title\" content=\"Agni Homa \/ Rituel du feu en ligne | Shanti Pooja \u00e0 domicile | Vedic Homa\" \/>\n<meta property=\"og:description\" content=\"Faites l&#039;exp\u00e9rience de l&#039;Agni Homam, un rituel du feu sacr\u00e9 v\u00e9dique, depuis le confort de votre maison. Nettoyez les \u00e9nergies n\u00e9gatives, invitez les b\u00e9n\u00e9dictions et r\u00e9servez votre c\u00e9r\u00e9monie d\u00e8s aujourd&#039;hui !\" \/>\n<meta property=\"og:url\" content=\"https:\/\/mypalmleaf.com\/fr\/prix\/ceremonie-du-feu-homa\/\" \/>\n<meta property=\"og:site_name\" content=\"My Palm Leaf\" \/>\n<meta property=\"article:modified_time\" content=\"2025-08-04T13:11:46+00:00\" \/>\n<meta property=\"og:image\" content=\"https:\/\/mypalmleaf.com\/wp-content\/uploads\/2024\/09\/mantra-product-page-2-1.jpg\" \/>\n\t<meta property=\"og:image:width\" content=\"800\" \/>\n\t<meta property=\"og:image:height\" content=\"444\" \/>\n\t<meta property=\"og:image:type\" content=\"image\/jpeg\" \/>\n<meta name=\"twitter:card\" content=\"summary_large_image\" \/>\n<meta name=\"twitter:label1\" content=\"Dur\u00e9e de lecture estim\u00e9e\" \/>\n\t<meta name=\"twitter:data1\" content=\"1 minute\" \/>\n<script type=\"application\/ld+json\" class=\"yoast-schema-graph\">{\"@context\":\"https:\/\/schema.org\",\"@graph\":[{\"@type\":\"WebPage\",\"@id\":\"https:\/\/mypalmleaf.com\/fr\/prix\/ceremonie-du-feu-homa\/\",\"url\":\"https:\/\/mypalmleaf.com\/fr\/prix\/ceremonie-du-feu-homa\/\",\"name\":\"Agni Homa \/ Rituel du feu en ligne | Shanti Pooja \u00e0 domicile | Vedic Homa\",\"isPartOf\":{\"@id\":\"https:\/\/mypalmleaf.com\/#website\"},\"primaryImageOfPage\":{\"@id\":\"https:\/\/mypalmleaf.com\/fr\/prix\/ceremonie-du-feu-homa\/#primaryimage\"},\"image\":{\"@id\":\"https:\/\/mypalmleaf.com\/fr\/prix\/ceremonie-du-feu-homa\/#primaryimage\"},\"thumbnailUrl\":\"https:\/\/mypalmleaf.com\/wp-content\/uploads\/2024\/09\/mantra-product-page-2-1.jpg\",\"datePublished\":\"2024-09-04T10:56:25+00:00\",\"dateModified\":\"2025-08-04T13:11:46+00:00\",\"description\":\"Faites l'exp\u00e9rience de l'Agni Homam, un rituel du feu sacr\u00e9 v\u00e9dique, depuis le confort de votre maison. Nettoyez les \u00e9nergies n\u00e9gatives, invitez les b\u00e9n\u00e9dictions et r\u00e9servez votre c\u00e9r\u00e9monie d\u00e8s aujourd'hui !\",\"breadcrumb\":{\"@id\":\"https:\/\/mypalmleaf.com\/fr\/prix\/ceremonie-du-feu-homa\/#breadcrumb\"},\"inLanguage\":\"fr-FR\",\"potentialAction\":[{\"@type\":\"ReadAction\",\"target\":[\"https:\/\/mypalmleaf.com\/fr\/prix\/ceremonie-du-feu-homa\/\"]}]},{\"@type\":\"ImageObject\",\"inLanguage\":\"fr-FR\",\"@id\":\"https:\/\/mypalmleaf.com\/fr\/prix\/ceremonie-du-feu-homa\/#primaryimage\",\"url\":\"https:\/\/mypalmleaf.com\/wp-content\/uploads\/2024\/09\/mantra-product-page-2-1.jpg\",\"contentUrl\":\"https:\/\/mypalmleaf.com\/wp-content\/uploads\/2024\/09\/mantra-product-page-2-1.jpg\",\"width\":800,\"height\":444,\"caption\":\"Homa procedure-1\"},{\"@type\":\"BreadcrumbList\",\"@id\":\"https:\/\/mypalmleaf.com\/fr\/prix\/ceremonie-du-feu-homa\/#breadcrumb\",\"itemListElement\":[{\"@type\":\"ListItem\",\"position\":1,\"name\":\"Home\",\"item\":\"https:\/\/mypalmleaf.com\/fr\/\"},{\"@type\":\"ListItem\",\"position\":2,\"name\":\"Shop\",\"item\":\"https:\/\/mypalmleaf.com\/et\/shop\/\"},{\"@type\":\"ListItem\",\"position\":3,\"name\":\"C\u00e9r\u00e9monie du feu &#8211; Homa\"}]},{\"@type\":\"WebSite\",\"@id\":\"https:\/\/mypalmleaf.com\/#website\",\"url\":\"https:\/\/mypalmleaf.com\/\",\"name\":\"My Palm Leaf\",\"description\":\"\",\"potentialAction\":[{\"@type\":\"SearchAction\",\"target\":{\"@type\":\"EntryPoint\",\"urlTemplate\":\"https:\/\/mypalmleaf.com\/?s={search_term_string}\"},\"query-input\":{\"@type\":\"PropertyValueSpecification\",\"valueRequired\":true,\"valueName\":\"search_term_string\"}}],\"inLanguage\":\"fr-FR\"}]}<\/script>\n<!-- \/ Yoast SEO plugin. -->","yoast_head_json":{"title":"Agni Homa \/ Rituel du feu en ligne | Shanti Pooja \u00e0 domicile | Vedic Homa","description":"Faites l'exp\u00e9rience de l'Agni Homam, un rituel du feu sacr\u00e9 v\u00e9dique, depuis le confort de votre maison. Nettoyez les \u00e9nergies n\u00e9gatives, invitez les b\u00e9n\u00e9dictions et r\u00e9servez votre c\u00e9r\u00e9monie d\u00e8s aujourd'hui !","robots":{"index":"index","follow":"follow","max-snippet":"max-snippet:-1","max-image-preview":"max-image-preview:large","max-video-preview":"max-video-preview:-1"},"canonical":"https:\/\/mypalmleaf.com\/fr\/prix\/ceremonie-du-feu-homa\/","og_locale":"fr_FR","og_type":"article","og_title":"Agni Homa \/ Rituel du feu en ligne | Shanti Pooja \u00e0 domicile | Vedic Homa","og_description":"Faites l'exp\u00e9rience de l'Agni Homam, un rituel du feu sacr\u00e9 v\u00e9dique, depuis le confort de votre maison. Nettoyez les \u00e9nergies n\u00e9gatives, invitez les b\u00e9n\u00e9dictions et r\u00e9servez votre c\u00e9r\u00e9monie d\u00e8s aujourd'hui !","og_url":"https:\/\/mypalmleaf.com\/fr\/prix\/ceremonie-du-feu-homa\/","og_site_name":"My Palm Leaf","article_modified_time":"2025-08-04T13:11:46+00:00","og_image":[{"width":800,"height":444,"url":"https:\/\/mypalmleaf.com\/wp-content\/uploads\/2024\/09\/mantra-product-page-2-1.jpg","type":"image\/jpeg"}],"twitter_card":"summary_large_image","twitter_misc":{"Dur\u00e9e de lecture estim\u00e9e":"1 minute"},"schema":{"@context":"https:\/\/schema.org","@graph":[{"@type":"WebPage","@id":"https:\/\/mypalmleaf.com\/fr\/prix\/ceremonie-du-feu-homa\/","url":"https:\/\/mypalmleaf.com\/fr\/prix\/ceremonie-du-feu-homa\/","name":"Agni Homa \/ Rituel du feu en ligne | Shanti Pooja \u00e0 domicile | Vedic Homa","isPartOf":{"@id":"https:\/\/mypalmleaf.com\/#website"},"primaryImageOfPage":{"@id":"https:\/\/mypalmleaf.com\/fr\/prix\/ceremonie-du-feu-homa\/#primaryimage"},"image":{"@id":"https:\/\/mypalmleaf.com\/fr\/prix\/ceremonie-du-feu-homa\/#primaryimage"},"thumbnailUrl":"https:\/\/mypalmleaf.com\/wp-content\/uploads\/2024\/09\/mantra-product-page-2-1.jpg","datePublished":"2024-09-04T10:56:25+00:00","dateModified":"2025-08-04T13:11:46+00:00","description":"Faites l'exp\u00e9rience de l'Agni Homam, un rituel du feu sacr\u00e9 v\u00e9dique, depuis le confort de votre maison. Nettoyez les \u00e9nergies n\u00e9gatives, invitez les b\u00e9n\u00e9dictions et r\u00e9servez votre c\u00e9r\u00e9monie d\u00e8s aujourd'hui !","breadcrumb":{"@id":"https:\/\/mypalmleaf.com\/fr\/prix\/ceremonie-du-feu-homa\/#breadcrumb"},"inLanguage":"fr-FR","potentialAction":[{"@type":"ReadAction","target":["https:\/\/mypalmleaf.com\/fr\/prix\/ceremonie-du-feu-homa\/"]}]},{"@type":"ImageObject","inLanguage":"fr-FR","@id":"https:\/\/mypalmleaf.com\/fr\/prix\/ceremonie-du-feu-homa\/#primaryimage","url":"https:\/\/mypalmleaf.com\/wp-content\/uploads\/2024\/09\/mantra-product-page-2-1.jpg","contentUrl":"https:\/\/mypalmleaf.com\/wp-content\/uploads\/2024\/09\/mantra-product-page-2-1.jpg","width":800,"height":444,"caption":"Homa procedure-1"},{"@type":"BreadcrumbList","@id":"https:\/\/mypalmleaf.com\/fr\/prix\/ceremonie-du-feu-homa\/#breadcrumb","itemListElement":[{"@type":"ListItem","position":1,"name":"Home","item":"https:\/\/mypalmleaf.com\/fr\/"},{"@type":"ListItem","position":2,"name":"Shop","item":"https:\/\/mypalmleaf.com\/et\/shop\/"},{"@type":"ListItem","position":3,"name":"C\u00e9r\u00e9monie du feu &#8211; Homa"}]},{"@type":"WebSite","@id":"https:\/\/mypalmleaf.com\/#website","url":"https:\/\/mypalmleaf.com\/","name":"My Palm Leaf","description":"","potentialAction":[{"@type":"SearchAction","target":{"@type":"EntryPoint","urlTemplate":"https:\/\/mypalmleaf.com\/?s={search_term_string}"},"query-input":{"@type":"PropertyValueSpecification","valueRequired":true,"valueName":"search_term_string"}}],"inLanguage":"fr-FR"}]}},"_links":{"self":[{"href":"https:\/\/mypalmleaf.com\/fr\/wp-json\/wp\/v2\/product\/24950","targetHints":{"allow":["GET"]}}],"collection":[{"href":"https:\/\/mypalmleaf.com\/fr\/wp-json\/wp\/v2\/product"}],"about":[{"href":"https:\/\/mypalmleaf.com\/fr\/wp-json\/wp\/v2\/types\/product"}],"replies":[{"embeddable":true,"href":"https:\/\/mypalmleaf.com\/fr\/wp-json\/wp\/v2\/comments?post=24950"}],"wp:featuredmedia":[{"embeddable":true,"href":"https:\/\/mypalmleaf.com\/fr\/wp-json\/wp\/v2\/media\/9902"}],"wp:attachment":[{"href":"https:\/\/mypalmleaf.com\/fr\/wp-json\/wp\/v2\/media?parent=24950"}],"wp:term":[{"taxonomy":"product_brand","embeddable":true,"href":"https:\/\/mypalmleaf.com\/fr\/wp-json\/wp\/v2\/product_brand?post=24950"},{"taxonomy":"product_cat","embeddable":true,"href":"https:\/\/mypalmleaf.com\/fr\/wp-json\/wp\/v2\/product_cat?post=24950"},{"taxonomy":"product_tag","embeddable":true,"href":"https:\/\/mypalmleaf.com\/fr\/wp-json\/wp\/v2\/product_tag?post=24950"}],"curies":[{"name":"wp","href":"https:\/\/api.w.org\/{rel}","templated":true}]}}