
{"id":125518,"date":"2025-05-13T16:30:28","date_gmt":"2025-05-13T16:30:28","guid":{"rendered":"https:\/\/mypalmleaf.com\/qa-a-palmalevel-olvasasrol\/"},"modified":"2026-02-22T02:41:58","modified_gmt":"2026-02-22T02:41:58","slug":"qa-a-palmalevel-olvasasrol","status":"publish","type":"page","link":"https:\/\/mypalmleaf.com\/hu\/qa-a-palmalevel-olvasasrol\/","title":{"rendered":"Q+A a p\u00e1lmalev\u00e9l olvas\u00e1sr\u00f3l"},"content":{"rendered":"\n<div class=\"container py-5 mt-4\">\n    <h1 class=\"fw-bold my-3\">K\u00e9rd\u00e9sek \u00e9s v\u00e1laszok estje: P\u00e1lmalevelek: K\u00e9rd\u00e9seid a p\u00e1lmalevelekr\u0151l<\/h1>\n    <p class=\"text-muted fs-5 mb-5\">K\u00edv\u00e1ncsi vagy a P\u00e1lmalevelek misztikus vil\u00e1g\u00e1ra? Szeretne t\u00f6bbet megtudni a P\u00e1lmalev\u00e9l olvas\u00e1s jelent\u0151s\u00e9g\u00e9r\u0151l? Akkor szeretettel megh\u00edvlak a k\u00e9rdezz-felelek est\u00fcnkre!  <\/p>\n\n    <div class=\"row align-items-center mb-5 py-4\" style=\"border-bottom: 2px solid #a0a0a0; border-top: 2px solid #a0a0a0;\">\n      <div class=\"col-md-3 text-center\">\n        <img decoding=\"async\" src=\"\/wp-content\/uploads\/2024\/08\/team-thumb-1.jpg\" alt=\"Stephan\" class=\"img-fluid rounded shadow\"\/>\n      <\/div>\n      <div class=\"col-md-9\">\n        <h5 class=\"fw-bold\">Az el\u0151ad\u00f3r\u00f3l: Stephan, a Mypalmleaf alap\u00edt\u00f3ja<\/h5>\n        <p>A k\u00e9rdezz-felelek estet Stephan, a Mypalmleaf alap\u00edt\u00f3ja vezeti. Stephan a P\u00e1lmalev\u00e9l olvas\u00e1s \u00e9s a Nadi asztrol\u00f3gia tapasztalt szak\u00e9rt\u0151je. Miut\u00e1n t\u00f6bb \u00e9vet t\u00f6lt\u00f6tt Indi\u00e1ban, \u00e9s t\u00f6bb mint 30 Palm Leaf felolvas\u00f3t l\u00e1togatott meg, m\u00e9ly meg\u00e9rt\u00e9st szerzett err\u0151l az \u0151si hagyom\u00e1nyr\u00f3l.  <\/p>\n        <p>Stephan szenved\u00e9lyesen t\u00f6rekszik arra, hogy mindenki sz\u00e1m\u00e1ra el\u00e9rhet\u0151v\u00e9 tegye a p\u00e1lmalev\u00e9l-olvas\u00e1s ismeret\u00e9t \u00e9s spiritu\u00e1lis jelent\u0151s\u00e9g\u00e9t. A k\u00e9rdezz-felelek est sor\u00e1n sz\u00edvesen v\u00e1laszol minden k\u00e9rd\u00e9sre ezzel a leny\u0171g\u00f6z\u0151 t\u00e9m\u00e1val kapcsolatban, \u00e9s megosztja \u00e9rt\u00e9kes tapasztalatait. <\/p>\n      <\/div>\n    <\/div>\n\n<div class=\"mb-4\">\n      <h3 class=\"fw-bold\">Tegye fel k\u00e9rd\u00e9s\u00e9t az Olvas\u00e1s el\u0151tt vagy ut\u00e1n\n\n\n<\/h3>\n    <\/div>\n\n    <div class=\"mb-4\">\n      <p>Ez az este lehet\u0151s\u00e9get ad arra, hogy feltehesd a P\u00e1lmalev\u00e9l-olvas\u00e1ssal kapcsolatos k\u00e9rd\u00e9seidet &#8211; ak\u00e1r a saj\u00e1t olvas\u00e1sod el\u0151tt, ak\u00e1r ut\u00e1na. Mindenkit szeretettel v\u00e1runk, hogy csatlakozzon \u00e9s felfedezze, hogyan seg\u00edthet ez az \u0151si b\u00f6lcsess\u00e9g jobban meg\u00e9rteni az \u00e9let\u00e9t. <\/p>\n    <\/div>\n\n    <div class=\"mb-4\">\n      <h5 class=\"fw-bold\">Hol?<\/h5>\n      <p>A k\u00e9rd\u00e9sek \u00e9s v\u00e1laszok estj\u00e9re online ker\u00fcl sor a Zoom seg\u00edts\u00e9g\u00e9vel.<\/p>\n    <\/div>\n\n    <div class=\"mb-4\">\n      <h5 class=\"fw-bold\">Mikor?<\/h5>\n      <p id=\"qa-event-date\">A k\u00f6vetkez\u0151 k\u00e9rd\u00e9s-felelet m\u00e1rcius 4-\u00e9n 19:00-19:30 k\u00f6z\u00f6tt (k\u00f6z\u00e9p-eur\u00f3pai id\u0151 szerint).<\/p>\n    <\/div>\n\n    <div class=\"mb-4\">\n      <h5 class=\"fw-bold\">Hogyan m\u0171k\u00f6dik?<\/h5>\n      <p><strong>Mindenki sz\u00e1m\u00e1ra nyitott:<\/strong> sz\u00fcks\u00e9g szerint j\u00f6hetsz \u00e9s mehetsz. Egyszer\u0171en akkor csatlakozz, amikor neked megfelel! <br\/>       <strong>K\u00e9rd\u00e9sek feltev\u00e9se:<\/strong> Az esem\u00e9ny alatt lehet\u0151s\u00e9ged lesz arra, hogy be\u00edrd a k\u00e9rd\u00e9seidet a chatbe, vagy felemeld a kezed, hogy \u00e9l\u0151ben besz\u00e9lj velem. <br\/>     <strong>Kamera:<\/strong> A szem\u00e9lyesebb l\u00e9gk\u00f6r megteremt\u00e9se \u00e9rdek\u00e9ben el\u0151ny\u00f6s, ha bekapcsolod a kamer\u00e1t. K\u00fcl\u00f6n\u00f6sen, ha k\u00e9rd\u00e9st teszel fel, k\u00e9rj\u00fck, kapcsold be a kamer\u00e1t.  <\/p>\n    <\/div>\n\n    <div class=\"mb-4\">\n      <h5 class=\"fw-bold\">Mi\u00e9rt \u00e9rdemes r\u00e9szt vennie?<\/h5>\n      <ul>\n        <li><strong>Tudjon meg t\u00f6bbet:<\/strong> Nadi asztrol\u00f3gia, \u00e9s hogyan vezethetnek pozit\u00edv ir\u00e1nyba az \u00e9letedben.<\/li>\n        <li><strong>Tegye fel k\u00e9rd\u00e9seit:<\/strong> Itt az alkalom, hogy feltehesd nekem a P\u00e1lmalevelekkel \u00e9s az eg\u00e9sz folyamattal kapcsolatos k\u00e9rd\u00e9seidet &#8211; k\u00f6zvetlen\u00fcl!<\/li>\n        <li><strong>K\u00f6z\u00f6ss\u00e9g:<\/strong> Tal\u00e1lkozzon m\u00e1sokkal, akiket \u00e9rdekel a P\u00e1lmalev\u00e9l olvas\u00e1s, \u00e9s ossza meg gondolatait \u00e9s tapasztalatait egy tiszteletteljes \u00e9s ny\u00edlt k\u00f6rnyezetben.<\/li>\n      <\/ul>\n    <\/div>\n\n    <div class=\"mb-5\">\n      <h5 class=\"fw-bold\">Hogyan vehet r\u00e9szt?<\/h5>\n      <p>Regisztr\u00e1ljon \u00e9s kapja meg az esem\u00e9ny Zoom linkj\u00e9t.  <br\/>  Jelentkezzen be a megadott id\u0151pontban, \u00e9s \u00e1lljon k\u00e9szen arra, hogy k\u00e9rd\u00e9seket tegyen fel vagy csak hallgasson.  <br\/>  Nyugodtan csatlakozhatsz \u00e9s t\u00e1vozhatsz, ahogyan csak akarsz.<\/p>\n      <p>Alig v\u00e1rom, hogy tal\u00e1lkozzunk a k\u00e9rdezz-felelek est\u00e9n, \u00e9s v\u00e1laszoljak minden k\u00e9rd\u00e9s\u00e9re!<\/p>\n    <\/div>\n\n    <div class=\"text-center\">\n      <a href=\"https:\/\/calendly.com\/onlinemeditationroom\/palm-leaf-reading-q-a\" class=\"btn btn-primary btn-lg\">Csatlakozni szeretn\u00e9k a P\u00e1lmalev\u00e9l Q+A esthez<\/a>\n    <\/div>\n  <\/div>\n\n<script>\ndocument.addEventListener(\"DOMContentLoaded\", function () {\n\n    const params = new URLSearchParams(window.location.search);\n    const eventDate = params.get(\"date\");\n\n    if (!eventDate) return;\n\n    const dateElement = document.getElementById(\"qa-event-date\");\n\n    dateElement.innerText =\n        `The next Q&A is on ${eventDate} 7:00\u20137:30 PM (Central European Time)`;\n\n});\n<\/script>\n","protected":false},"excerpt":{"rendered":"<p>K\u00e9rd\u00e9sek \u00e9s v\u00e1laszok estje: P\u00e1lmalevelek: K\u00e9rd\u00e9seid a p\u00e1lmalevelekr\u0151l K\u00edv\u00e1ncsi vagy a P\u00e1lmalevelek misztikus vil\u00e1g\u00e1ra? Szeretne t\u00f6bbet megtudni a P\u00e1lmalev\u00e9l olvas\u00e1s jelent\u0151s\u00e9g\u00e9r\u0151l? Akkor szeretettel megh\u00edvlak a k\u00e9rdezz-felelek est\u00fcnkre! Az el\u0151ad\u00f3r\u00f3l: Stephan, a Mypalmleaf alap\u00edt\u00f3ja A k\u00e9rdezz-felelek estet Stephan, a Mypalmleaf alap\u00edt\u00f3ja vezeti. Stephan a P\u00e1lmalev\u00e9l olvas\u00e1s \u00e9s a Nadi asztrol\u00f3gia tapasztalt szak\u00e9rt\u0151je. Miut\u00e1n t\u00f6bb \u00e9vet t\u00f6lt\u00f6tt [&hellip;]<\/p>\n","protected":false},"author":406,"featured_media":0,"parent":0,"menu_order":0,"comment_status":"closed","ping_status":"closed","template":"","meta":{"_acf_changed":false,"footnotes":""},"class_list":["post-125518","page","type-page","status-publish","hentry"],"acf":[],"yoast_head":"<!-- This site is optimized with the Yoast SEO plugin v26.4 - https:\/\/yoast.com\/wordpress\/plugins\/seo\/ -->\n<title>Q+A a p\u00e1lmalev\u00e9l olvas\u00e1sr\u00f3l - My Palm Leaf<\/title>\n<meta name=\"robots\" content=\"index, follow, max-snippet:-1, max-image-preview:large, max-video-preview:-1\" \/>\n<link rel=\"canonical\" href=\"https:\/\/mypalmleaf.com\/hu\/qa-a-palmalevel-olvasasrol\/\" \/>\n<meta property=\"og:locale\" content=\"hu_HU\" \/>\n<meta property=\"og:type\" content=\"article\" \/>\n<meta property=\"og:title\" content=\"Q+A a p\u00e1lmalev\u00e9l olvas\u00e1sr\u00f3l - My Palm Leaf\" \/>\n<meta property=\"og:description\" content=\"K\u00e9rd\u00e9sek \u00e9s v\u00e1laszok estje: P\u00e1lmalevelek: K\u00e9rd\u00e9seid a p\u00e1lmalevelekr\u0151l K\u00edv\u00e1ncsi vagy a P\u00e1lmalevelek misztikus vil\u00e1g\u00e1ra? Szeretne t\u00f6bbet megtudni a P\u00e1lmalev\u00e9l olvas\u00e1s jelent\u0151s\u00e9g\u00e9r\u0151l? Akkor szeretettel megh\u00edvlak a k\u00e9rdezz-felelek est\u00fcnkre! Az el\u0151ad\u00f3r\u00f3l: Stephan, a Mypalmleaf alap\u00edt\u00f3ja A k\u00e9rdezz-felelek estet Stephan, a Mypalmleaf alap\u00edt\u00f3ja vezeti. Stephan a P\u00e1lmalev\u00e9l olvas\u00e1s \u00e9s a Nadi asztrol\u00f3gia tapasztalt szak\u00e9rt\u0151je. Miut\u00e1n t\u00f6bb \u00e9vet t\u00f6lt\u00f6tt [&hellip;]\" \/>\n<meta property=\"og:url\" content=\"https:\/\/mypalmleaf.com\/hu\/qa-a-palmalevel-olvasasrol\/\" \/>\n<meta property=\"og:site_name\" content=\"My Palm Leaf\" \/>\n<meta property=\"article:modified_time\" content=\"2026-02-22T02:41:58+00:00\" \/>\n<meta property=\"og:image\" content=\"https:\/\/mypalmleaf.com\/wp-content\/uploads\/2025\/08\/mpl-circle-logo.jpg\" \/>\n\t<meta property=\"og:image:width\" content=\"1200\" \/>\n\t<meta property=\"og:image:height\" content=\"1196\" \/>\n\t<meta property=\"og:image:type\" content=\"image\/jpeg\" \/>\n<meta name=\"twitter:card\" content=\"summary_large_image\" \/>\n<meta name=\"twitter:label1\" content=\"Becs\u00fclt olvas\u00e1si id\u0151\" \/>\n\t<meta name=\"twitter:data1\" content=\"3 perc\" \/>\n<script type=\"application\/ld+json\" class=\"yoast-schema-graph\">{\"@context\":\"https:\/\/schema.org\",\"@graph\":[{\"@type\":\"WebPage\",\"@id\":\"https:\/\/mypalmleaf.com\/hu\/qa-a-palmalevel-olvasasrol\/\",\"url\":\"https:\/\/mypalmleaf.com\/hu\/qa-a-palmalevel-olvasasrol\/\",\"name\":\"Q+A a p\u00e1lmalev\u00e9l olvas\u00e1sr\u00f3l - My Palm Leaf\",\"isPartOf\":{\"@id\":\"https:\/\/mypalmleaf.com\/#website\"},\"datePublished\":\"2025-05-13T16:30:28+00:00\",\"dateModified\":\"2026-02-22T02:41:58+00:00\",\"breadcrumb\":{\"@id\":\"https:\/\/mypalmleaf.com\/hu\/qa-a-palmalevel-olvasasrol\/#breadcrumb\"},\"inLanguage\":\"hu\",\"potentialAction\":[{\"@type\":\"ReadAction\",\"target\":[\"https:\/\/mypalmleaf.com\/hu\/qa-a-palmalevel-olvasasrol\/\"]}]},{\"@type\":\"BreadcrumbList\",\"@id\":\"https:\/\/mypalmleaf.com\/hu\/qa-a-palmalevel-olvasasrol\/#breadcrumb\",\"itemListElement\":[{\"@type\":\"ListItem\",\"position\":1,\"name\":\"Home\",\"item\":\"https:\/\/mypalmleaf.com\/hu\/\"},{\"@type\":\"ListItem\",\"position\":2,\"name\":\"Q+A a p\u00e1lmalev\u00e9l olvas\u00e1sr\u00f3l\"}]},{\"@type\":\"WebSite\",\"@id\":\"https:\/\/mypalmleaf.com\/#website\",\"url\":\"https:\/\/mypalmleaf.com\/\",\"name\":\"My Palm Leaf\",\"description\":\"\",\"potentialAction\":[{\"@type\":\"SearchAction\",\"target\":{\"@type\":\"EntryPoint\",\"urlTemplate\":\"https:\/\/mypalmleaf.com\/?s={search_term_string}\"},\"query-input\":{\"@type\":\"PropertyValueSpecification\",\"valueRequired\":true,\"valueName\":\"search_term_string\"}}],\"inLanguage\":\"hu\"}]}<\/script>\n<!-- \/ Yoast SEO plugin. -->","yoast_head_json":{"title":"Q+A a p\u00e1lmalev\u00e9l olvas\u00e1sr\u00f3l - My Palm Leaf","robots":{"index":"index","follow":"follow","max-snippet":"max-snippet:-1","max-image-preview":"max-image-preview:large","max-video-preview":"max-video-preview:-1"},"canonical":"https:\/\/mypalmleaf.com\/hu\/qa-a-palmalevel-olvasasrol\/","og_locale":"hu_HU","og_type":"article","og_title":"Q+A a p\u00e1lmalev\u00e9l olvas\u00e1sr\u00f3l - My Palm Leaf","og_description":"K\u00e9rd\u00e9sek \u00e9s v\u00e1laszok estje: P\u00e1lmalevelek: K\u00e9rd\u00e9seid a p\u00e1lmalevelekr\u0151l K\u00edv\u00e1ncsi vagy a P\u00e1lmalevelek misztikus vil\u00e1g\u00e1ra? Szeretne t\u00f6bbet megtudni a P\u00e1lmalev\u00e9l olvas\u00e1s jelent\u0151s\u00e9g\u00e9r\u0151l? Akkor szeretettel megh\u00edvlak a k\u00e9rdezz-felelek est\u00fcnkre! Az el\u0151ad\u00f3r\u00f3l: Stephan, a Mypalmleaf alap\u00edt\u00f3ja A k\u00e9rdezz-felelek estet Stephan, a Mypalmleaf alap\u00edt\u00f3ja vezeti. Stephan a P\u00e1lmalev\u00e9l olvas\u00e1s \u00e9s a Nadi asztrol\u00f3gia tapasztalt szak\u00e9rt\u0151je. Miut\u00e1n t\u00f6bb \u00e9vet t\u00f6lt\u00f6tt [&hellip;]","og_url":"https:\/\/mypalmleaf.com\/hu\/qa-a-palmalevel-olvasasrol\/","og_site_name":"My Palm Leaf","article_modified_time":"2026-02-22T02:41:58+00:00","og_image":[{"width":1200,"height":1196,"url":"https:\/\/mypalmleaf.com\/wp-content\/uploads\/2025\/08\/mpl-circle-logo.jpg","type":"image\/jpeg"}],"twitter_card":"summary_large_image","twitter_misc":{"Becs\u00fclt olvas\u00e1si id\u0151":"3 perc"},"schema":{"@context":"https:\/\/schema.org","@graph":[{"@type":"WebPage","@id":"https:\/\/mypalmleaf.com\/hu\/qa-a-palmalevel-olvasasrol\/","url":"https:\/\/mypalmleaf.com\/hu\/qa-a-palmalevel-olvasasrol\/","name":"Q+A a p\u00e1lmalev\u00e9l olvas\u00e1sr\u00f3l - My Palm Leaf","isPartOf":{"@id":"https:\/\/mypalmleaf.com\/#website"},"datePublished":"2025-05-13T16:30:28+00:00","dateModified":"2026-02-22T02:41:58+00:00","breadcrumb":{"@id":"https:\/\/mypalmleaf.com\/hu\/qa-a-palmalevel-olvasasrol\/#breadcrumb"},"inLanguage":"hu","potentialAction":[{"@type":"ReadAction","target":["https:\/\/mypalmleaf.com\/hu\/qa-a-palmalevel-olvasasrol\/"]}]},{"@type":"BreadcrumbList","@id":"https:\/\/mypalmleaf.com\/hu\/qa-a-palmalevel-olvasasrol\/#breadcrumb","itemListElement":[{"@type":"ListItem","position":1,"name":"Home","item":"https:\/\/mypalmleaf.com\/hu\/"},{"@type":"ListItem","position":2,"name":"Q+A a p\u00e1lmalev\u00e9l olvas\u00e1sr\u00f3l"}]},{"@type":"WebSite","@id":"https:\/\/mypalmleaf.com\/#website","url":"https:\/\/mypalmleaf.com\/","name":"My Palm Leaf","description":"","potentialAction":[{"@type":"SearchAction","target":{"@type":"EntryPoint","urlTemplate":"https:\/\/mypalmleaf.com\/?s={search_term_string}"},"query-input":{"@type":"PropertyValueSpecification","valueRequired":true,"valueName":"search_term_string"}}],"inLanguage":"hu"}]}},"_links":{"self":[{"href":"https:\/\/mypalmleaf.com\/hu\/wp-json\/wp\/v2\/pages\/125518","targetHints":{"allow":["GET"]}}],"collection":[{"href":"https:\/\/mypalmleaf.com\/hu\/wp-json\/wp\/v2\/pages"}],"about":[{"href":"https:\/\/mypalmleaf.com\/hu\/wp-json\/wp\/v2\/types\/page"}],"author":[{"embeddable":true,"href":"https:\/\/mypalmleaf.com\/hu\/wp-json\/wp\/v2\/users\/406"}],"replies":[{"embeddable":true,"href":"https:\/\/mypalmleaf.com\/hu\/wp-json\/wp\/v2\/comments?post=125518"}],"version-history":[{"count":1,"href":"https:\/\/mypalmleaf.com\/hu\/wp-json\/wp\/v2\/pages\/125518\/revisions"}],"predecessor-version":[{"id":125520,"href":"https:\/\/mypalmleaf.com\/hu\/wp-json\/wp\/v2\/pages\/125518\/revisions\/125520"}],"wp:attachment":[{"href":"https:\/\/mypalmleaf.com\/hu\/wp-json\/wp\/v2\/media?parent=125518"}],"curies":[{"name":"wp","href":"https:\/\/api.w.org\/{rel}","templated":true}]}}