
{"id":33278,"date":"2024-08-14T06:28:52","date_gmt":"2024-08-14T06:28:52","guid":{"rendered":"https:\/\/mypalmleaf.com\/blogok\/"},"modified":"2025-05-01T05:21:57","modified_gmt":"2025-05-01T05:21:57","slug":"blogok","status":"publish","type":"page","link":"https:\/\/mypalmleaf.com\/hu\/blogok\/","title":{"rendered":"Blogok"},"content":{"rendered":"<section class=\"spotlight-single top-gap\">\n  <div class=\"content-wrap\">\n    <div class=\"image\">\n      <picture>\n        <source media=\"(max-width: 999px)\" srcset=\"https:\/\/mypalmleaf.com\/wp-content\/uploads\/2024\/08\/blogs-spotlight-mob.jpg\" \/>\n        <source media=\"(min-width: 1000px)\" srcset=\"https:\/\/mypalmleaf.com\/wp-content\/uploads\/2024\/08\/blogs-spotlight.jpg\" \/>\n        <img decoding=\"async\" src=\"https:\/\/mypalmleaf.com\/wp-content\/uploads\/2024\/08\/blogs-spotlight.jpg\" class=\"img-fluid\" alt=\"\" \/>\n      <\/picture>\n    <\/div>\n    <div class=\"content\">\n      <div data-aos=\"fade-up\" data-aos-duration=\"1000\">\n        <h1>Blog \u00e9s cikkek<\/h1>\n              <\/div>\n    <\/div>\n  <\/div>\n<\/section>\n\n  <section class=\"blog-card-wrap my-4\" data-aos=\"fade-up\" data-aos-duration=\"1000\">\n    <div class=\"container-xl\">\n      <div class=\"row gx-md-5\">\n                  <div class=\"col-lg-6 my-4\">\n            <div class=\"wrap\">\n              <div class=\"image\">\n                <div class=\"rounded-asset\"><img decoding=\"async\" src=\"https:\/\/mypalmleaf.com\/wp-content\/uploads\/2024\/08\/blog-thumb-1.jpg\" class=\"img-fluid\" alt=\"\"><\/div>\n              <\/div>\n              <div class=\"date\">december 28, 2024<\/div>\n              <div class=\"title\">Vedic &#038; Western Astrology:<\/div>\n              <div class=\"desc\"><p>Astrology, a celestial science, has been a significant aspect of various cultures, guiding individuals in understanding their destinies and the mysteries of the universe. Two prominent branches of astrology, Vedic and Western, have intrigued scholars and enthusiasts alike, each offering a unique lens through which to view the cosmos and human existence. ORIgins and philosophical [&hellip;]<\/p>\n<\/div>\n              <a href=\"https:\/\/mypalmleaf.com\/hu\/vedic-western-astrology\/\" class=\"stretched-link\"><\/a>\n            <\/div>\n          <\/div>\n                  <div class=\"col-lg-6 my-4\">\n            <div class=\"wrap\">\n              <div class=\"image\">\n                <div class=\"rounded-asset\"><img decoding=\"async\" src=\"https:\/\/mypalmleaf.com\/wp-content\/uploads\/2024\/08\/blog-15-1.jpg\" class=\"img-fluid\" alt=\"\"><\/div>\n              <\/div>\n              <div class=\"date\">december 23, 2024<\/div>\n              <div class=\"title\">Felk\u00e9sz\u00fcl\u00e9s a Palm Leaf Readingre<\/div>\n              <div class=\"desc\"><p>A P\u00e1lmalev\u00e9l keres\u00e9se m\u00e9ly \u00e9s gy\u00f6ny\u00f6r\u0171 folyamat. A folyamat teljes m\u00e9rt\u00e9kben kibontakozik \u00e1talak\u00edt\u00f3 hat\u00e1s\u00e1val, ha figyelembe veszed a megfelel\u0151 felk\u00e9sz\u00fcl\u00e9st a teny\u00e9rlev\u00e9l olvas\u00e1sra. Ez\u00e9rt ez a cikk az olvas\u00e1sra val\u00f3 felk\u00e9sz\u00fcl\u00e9sr\u0151l fog sz\u00f3lni, mind bels\u0151leg, mind gyakorlatilag. A folyamat a tudatoss\u00e1ggal kezd\u0151dik Ez mindenekel\u0151tt azzal kezd\u0151dik, hogy tudatos\u00edtjuk e folyamat \u00f6sszetett sz\u00e9ps\u00e9g\u00e9t. Mennyire meghat\u00f3, hogy [&hellip;]<\/p>\n<\/div>\n              <a href=\"https:\/\/mypalmleaf.com\/hu\/preparing-for-your-palm-leaf-reading\/\" class=\"stretched-link\"><\/a>\n            <\/div>\n          <\/div>\n                  <div class=\"col-lg-6 my-4\">\n            <div class=\"wrap\">\n              <div class=\"image\">\n                <div class=\"rounded-asset\"><img decoding=\"async\" src=\"https:\/\/mypalmleaf.com\/wp-content\/uploads\/2024\/08\/blog_a_comparative_study_main-listing.jpg\" class=\"img-fluid\" alt=\"\"><\/div>\n              <\/div>\n              <div class=\"date\">okt\u00f3ber 3, 2023<\/div>\n              <div class=\"title\">Az isteni kapcsolat: Hanuman, Szaturnusz \u00e9s a teny\u00e9rlev\u00e9l olvas\u00e1sa<\/div>\n              <div class=\"desc\"><p>Az isteni kapcsolat: Hanuman, Szaturnusz \u00e9s a teny\u00e9rlev\u00e9l olvas\u00e1sa Ha nemr\u00e9giben k\u00fcl\u00f6nleges \u00e9lm\u00e9nyben volt r\u00e9sze egy teny\u00e9rlev\u00e9l-olvas\u00e1s sor\u00e1n speci\u00e1lis szolg\u00e1ltat\u00e1sainkon kereszt\u00fcl, tal\u00e1n tal\u00e1lkozott az \u00dar Hanum\u00e1nnal \u00e9s a Szaturnusz bolyg\u00f3val kapcsolatos aj\u00e1nl\u00e1sokkal. Ez nem egy v\u00e9letlenszer\u0171 javaslat. Ez a v\u00e9dikus asztrol\u00f3gia \u00e9s a spiritualit\u00e1s m\u00e9lyen gy\u00f6kerez\u0151 aspektusa. Ebben a cikkben elm\u00e9lyed\u00fcnk Hanuman isteni energi\u00e1ja \u00e9s [&hellip;]<\/p>\n<\/div>\n              <a href=\"https:\/\/mypalmleaf.com\/hu\/the-divine-connection-hanuman-saturn-your-palm-leaf-reading-journey\/\" class=\"stretched-link\"><\/a>\n            <\/div>\n          <\/div>\n                  <div class=\"col-lg-6 my-4\">\n            <div class=\"wrap\">\n              <div class=\"image\">\n                <div class=\"rounded-asset\"><img decoding=\"async\" src=\"https:\/\/mypalmleaf.com\/wp-content\/uploads\/2022\/11\/blog-3.jpg\" class=\"img-fluid\" alt=\"\"><\/div>\n              <\/div>\n              <div class=\"date\">november 15, 2022<\/div>\n              <div class=\"title\">The Sacred Realm of Shambhala<\/div>\n              <div class=\"desc\"><p>Shambala is an oasis of compassion, love, freedom and light in a desert of ignorance and materialism. &#8211; Sahajananda There are many legends surrounding the sacred realm of Shambhala. Some saw it as a physical location. A paradise\/eutopia hidden high in the Himalaya. To others, it is a mysterious land inside the (apparently) hollow earth, [&hellip;]<\/p>\n<\/div>\n              <a href=\"https:\/\/mypalmleaf.com\/hu\/the-sacred-realm-of-shambhala\/\" class=\"stretched-link\"><\/a>\n            <\/div>\n          <\/div>\n                  <div class=\"col-lg-6 my-4\">\n            <div class=\"wrap\">\n              <div class=\"image\">\n                <div class=\"rounded-asset\"><img decoding=\"async\" src=\"https:\/\/mypalmleaf.com\/wp-content\/uploads\/2022\/08\/Adobe-Express-file-2-1.png\" class=\"img-fluid\" alt=\"\"><\/div>\n              <\/div>\n              <div class=\"date\">augusztus 25, 2022<\/div>\n              <div class=\"title\">The Saptarishi \u2013 The 7 Great Vedic Sages<\/div>\n              <div class=\"desc\"><p>The Vedas are the earliest known works of spiritual literature on the planet. These and other great scriptures, for instance, Mahabharata and Ramayana, contain the stories of the Saptarishi, or seven great sages. These sages are the sons of the mighty Brahma. He sent them to earth, thus supporting the spiritual evolution of humanity and [&hellip;]<\/p>\n<\/div>\n              <a href=\"https:\/\/mypalmleaf.com\/hu\/the-saptarishi-the-7-great-vedic-sages\/\" class=\"stretched-link\"><\/a>\n            <\/div>\n          <\/div>\n                  <div class=\"col-lg-6 my-4\">\n            <div class=\"wrap\">\n              <div class=\"image\">\n                <div class=\"rounded-asset\"><img decoding=\"async\" src=\"https:\/\/mypalmleaf.com\/wp-content\/uploads\/2024\/08\/blog-23-2.jpg\" class=\"img-fluid\" alt=\"\"><\/div>\n              <\/div>\n              <div class=\"date\">j\u00fanius 26, 2022<\/div>\n              <div class=\"title\">Ki az a Sri Agastya Maharishi?<\/div>\n              <div class=\"desc\"><p>Ki az a Sri Agastya Maharishi? Sri Agastya (n\u00e9ha Agathiyar vagy Agasti) a Saptarishi k\u00f6z\u00f6tt az elv. A Saptarishi 7 nagyon fontos spiritu\u00e1lis mester Indi\u00e1ban a v\u00e9dikus korszakb\u00f3l. \u0150k \u00edrt\u00e1k a p\u00e1lmaleveles k\u00e9ziratokat, hozz\u00e1j\u00e1rultak az orvostudom\u00e1ny, az asztrol\u00f3gia, a nyelvtan, s\u0151t a harcm\u0171v\u00e9szetek ter\u00e9n is, \u00e9s sz\u00e1mos fontos sz\u00f6veget \u00edrtak. Tekintettel arra, hogy Sri Agastya [&hellip;]<\/p>\n<\/div>\n              <a href=\"https:\/\/mypalmleaf.com\/hu\/ki-az-a-sri-agastya-maharishi\/\" class=\"stretched-link\"><\/a>\n            <\/div>\n          <\/div>\n                  <div class=\"col-lg-6 my-4\">\n            <div class=\"wrap\">\n              <div class=\"image\">\n                <div class=\"rounded-asset\"><img decoding=\"async\" src=\"https:\/\/mypalmleaf.com\/wp-content\/uploads\/2022\/06\/Adobe-Express-file-17.jpg\" class=\"img-fluid\" alt=\"\"><\/div>\n              <\/div>\n              <div class=\"date\">j\u00fanius 15, 2022<\/div>\n              <div class=\"title\">The Grace of the Palm Leaf Prophecies<\/div>\n              <div class=\"desc\"><p>\u201cWhat if you could consciously connect with [the subtle level of this reality] and feel it unconditionally holding you, supporting, guiding and loving you in every aspect of your life?\u201d Subtle Dimension of Grace?What if there was a subtle dimension of this reality that literally emanated love and support for this world and everyone in [&hellip;]<\/p>\n<\/div>\n              <a href=\"https:\/\/mypalmleaf.com\/hu\/the-grace-of-the-palm-leaf-prophecies\/\" class=\"stretched-link\"><\/a>\n            <\/div>\n          <\/div>\n                  <div class=\"col-lg-6 my-4\">\n            <div class=\"wrap\">\n              <div class=\"image\">\n                <div class=\"rounded-asset\"><img decoding=\"async\" src=\"https:\/\/mypalmleaf.com\/wp-content\/uploads\/2021\/09\/Adobe-Express-file-6-1.png\" class=\"img-fluid\" alt=\"\"><\/div>\n              <\/div>\n              <div class=\"date\">szeptember 2, 2021<\/div>\n              <div class=\"title\">Maharishis and Nadi Astrology<\/div>\n              <div class=\"desc\"><p>The palm leaf manuscripts and the Nadi astrology predictions they contain were written by Siddhas, Maharishis and scholars. They wrote these texts were written in several different languages. We know that scholars are specialists in a particular field of study or academics, but who are these Siddhas or rishis? SIDDHAS, MAHARISHIS, AND NADI ASTROLOGY Siddhas [&hellip;]<\/p>\n<\/div>\n              <a href=\"https:\/\/mypalmleaf.com\/hu\/maharishis-and-nadi-astrology\/\" class=\"stretched-link\"><\/a>\n            <\/div>\n          <\/div>\n              <\/div>\n          <\/div>\n  <\/section>\n\n\n\n<section class=\"find-your-palm-leaf-block\" data-aos=\"fade-up\" data-aos-duration=\"1000\">\n  <div class=\"container-fluid px-0\">\n    <div class=\"row g-0\">\n      <div class=\"col\">\n        <div class=\"find-your-leaf-bg\">\n          <picture>\n            <source media=\"(max-width: 999px)\" srcset=\"https:\/\/mypalmleaf.com\/wp-content\/uploads\/2024\/08\/Find-your-Palm-Leaf-mob.jpg\" \/>\n            <source media=\"(min-width: 1000px)\" srcset=\"https:\/\/mypalmleaf.com\/wp-content\/uploads\/2024\/08\/Find-your-Palm-Leaf.jpg\" \/>\n            <img decoding=\"async\" src=\"https:\/\/mypalmleaf.com\/wp-content\/uploads\/2024\/08\/Find-your-Palm-Leaf.jpg\" class=\"img-fluid\" alt=\"\" \/>\n          <\/picture>\n        <\/div>\n      <\/div>\n    <\/div>\n    <div class=\"content\">\n      <div class=\"container-xl\" data-aos=\"fade-up\" data-aos-duration=\"1000\">\n        <div class=\"row py-4\">\n          <div class=\"col-lg-8 mx-auto\">\n            <h2 class=\"mb-2\">Tal\u00e1ld meg a p\u00e1lmalevelet!<\/h2>\n            <ul>\n<li>A teny\u00e9rlev\u00e9l keres\u00e9s\u00e9hez mind\u00f6ssze a h\u00fcvelykujjlenyomatodra van sz\u00fcks\u00e9ged.<\/li>\n<li>Ha m\u00e1s nyelvre val\u00f3 ford\u00edt\u00e1sra van sz\u00fcks\u00e9ge, mi megcsin\u00e1ljuk \u00d6nnek.<\/li>\n<li>Ha nem tal\u00e1ljuk meg a p\u00e1lmalevelet 3 megfelel\u0151 id\u0151ponton bel\u00fcl, visszat\u00e9r\u00edtj\u00fck a teljes \u00f6sszeget.<\/li>\n<\/ul>\n          <\/div>\n        <\/div>\n        <div class=\"row mt-4\">\n          <div class=\"col text-center\">\n            <a href=\"\/hu\/prices\/find-your-palm-leaf-and-read-the-general-chapter\/\" class=\"btn btn-primary\">Tal\u00e1ld meg a Levelemet<\/a>\n          <\/div>\n        <\/div>\n      <\/div>\n    <\/div>\n  <\/div>\n<\/section>","protected":false},"excerpt":{"rendered":"","protected":false},"author":1,"featured_media":0,"parent":0,"menu_order":0,"comment_status":"closed","ping_status":"closed","template":"","meta":{"_acf_changed":false,"footnotes":""},"class_list":["post-33278","page","type-page","status-publish","hentry"],"acf":[],"yoast_head":"<!-- This site is optimized with the Yoast SEO plugin v26.4 - https:\/\/yoast.com\/wordpress\/plugins\/seo\/ -->\n<title>Blogok - My Palm Leaf<\/title>\n<meta name=\"description\" content=\"Mer\u00fclj el blogjainkban, fedezd fel a spiritu\u00e1lis utaz\u00e1sokat, \u0151si b\u00f6lcsess\u00e9get \u00e9s szem\u00e9lyes felismer\u00e9seket, amelyek elm\u00e9ly\u00edtik a p\u00e1lmalev\u00e9l olvas\u00e1st.\" \/>\n<meta name=\"robots\" content=\"index, follow, max-snippet:-1, max-image-preview:large, max-video-preview:-1\" \/>\n<link rel=\"canonical\" href=\"https:\/\/mypalmleaf.com\/hu\/blogok\/\" \/>\n<meta property=\"og:locale\" content=\"hu_HU\" \/>\n<meta property=\"og:type\" content=\"article\" \/>\n<meta property=\"og:title\" content=\"Blogok - My Palm Leaf\" \/>\n<meta property=\"og:description\" content=\"Mer\u00fclj el blogjainkban, fedezd fel a spiritu\u00e1lis utaz\u00e1sokat, \u0151si b\u00f6lcsess\u00e9get \u00e9s szem\u00e9lyes felismer\u00e9seket, amelyek elm\u00e9ly\u00edtik a p\u00e1lmalev\u00e9l olvas\u00e1st.\" \/>\n<meta property=\"og:url\" content=\"https:\/\/mypalmleaf.com\/hu\/blogok\/\" \/>\n<meta property=\"og:site_name\" content=\"My Palm Leaf\" \/>\n<meta property=\"article:modified_time\" content=\"2025-05-01T05:21:57+00:00\" \/>\n<meta property=\"og:image\" content=\"https:\/\/mypalmleaf.com\/wp-content\/uploads\/2025\/08\/mpl-circle-logo.jpg\" \/>\n\t<meta property=\"og:image:width\" content=\"1200\" \/>\n\t<meta property=\"og:image:height\" content=\"1196\" \/>\n\t<meta property=\"og:image:type\" content=\"image\/jpeg\" \/>\n<meta name=\"twitter:card\" content=\"summary_large_image\" \/>\n<script type=\"application\/ld+json\" class=\"yoast-schema-graph\">{\"@context\":\"https:\/\/schema.org\",\"@graph\":[{\"@type\":\"WebPage\",\"@id\":\"https:\/\/mypalmleaf.com\/hu\/blogok\/\",\"url\":\"https:\/\/mypalmleaf.com\/hu\/blogok\/\",\"name\":\"Blogok - My Palm Leaf\",\"isPartOf\":{\"@id\":\"https:\/\/mypalmleaf.com\/#website\"},\"datePublished\":\"2024-08-14T06:28:52+00:00\",\"dateModified\":\"2025-05-01T05:21:57+00:00\",\"description\":\"Mer\u00fclj el blogjainkban, fedezd fel a spiritu\u00e1lis utaz\u00e1sokat, \u0151si b\u00f6lcsess\u00e9get \u00e9s szem\u00e9lyes felismer\u00e9seket, amelyek elm\u00e9ly\u00edtik a p\u00e1lmalev\u00e9l olvas\u00e1st.\",\"breadcrumb\":{\"@id\":\"https:\/\/mypalmleaf.com\/hu\/blogok\/#breadcrumb\"},\"inLanguage\":\"hu\",\"potentialAction\":[{\"@type\":\"ReadAction\",\"target\":[\"https:\/\/mypalmleaf.com\/hu\/blogok\/\"]}]},{\"@type\":\"BreadcrumbList\",\"@id\":\"https:\/\/mypalmleaf.com\/hu\/blogok\/#breadcrumb\",\"itemListElement\":[{\"@type\":\"ListItem\",\"position\":1,\"name\":\"Home\",\"item\":\"https:\/\/mypalmleaf.com\/hu\/\"},{\"@type\":\"ListItem\",\"position\":2,\"name\":\"Blogok\"}]},{\"@type\":\"WebSite\",\"@id\":\"https:\/\/mypalmleaf.com\/#website\",\"url\":\"https:\/\/mypalmleaf.com\/\",\"name\":\"My Palm Leaf\",\"description\":\"\",\"potentialAction\":[{\"@type\":\"SearchAction\",\"target\":{\"@type\":\"EntryPoint\",\"urlTemplate\":\"https:\/\/mypalmleaf.com\/?s={search_term_string}\"},\"query-input\":{\"@type\":\"PropertyValueSpecification\",\"valueRequired\":true,\"valueName\":\"search_term_string\"}}],\"inLanguage\":\"hu\"}]}<\/script>\n<!-- \/ Yoast SEO plugin. -->","yoast_head_json":{"title":"Blogok - My Palm Leaf","description":"Mer\u00fclj el blogjainkban, fedezd fel a spiritu\u00e1lis utaz\u00e1sokat, \u0151si b\u00f6lcsess\u00e9get \u00e9s szem\u00e9lyes felismer\u00e9seket, amelyek elm\u00e9ly\u00edtik a p\u00e1lmalev\u00e9l olvas\u00e1st.","robots":{"index":"index","follow":"follow","max-snippet":"max-snippet:-1","max-image-preview":"max-image-preview:large","max-video-preview":"max-video-preview:-1"},"canonical":"https:\/\/mypalmleaf.com\/hu\/blogok\/","og_locale":"hu_HU","og_type":"article","og_title":"Blogok - My Palm Leaf","og_description":"Mer\u00fclj el blogjainkban, fedezd fel a spiritu\u00e1lis utaz\u00e1sokat, \u0151si b\u00f6lcsess\u00e9get \u00e9s szem\u00e9lyes felismer\u00e9seket, amelyek elm\u00e9ly\u00edtik a p\u00e1lmalev\u00e9l olvas\u00e1st.","og_url":"https:\/\/mypalmleaf.com\/hu\/blogok\/","og_site_name":"My Palm Leaf","article_modified_time":"2025-05-01T05:21:57+00:00","og_image":[{"width":1200,"height":1196,"url":"https:\/\/mypalmleaf.com\/wp-content\/uploads\/2025\/08\/mpl-circle-logo.jpg","type":"image\/jpeg"}],"twitter_card":"summary_large_image","schema":{"@context":"https:\/\/schema.org","@graph":[{"@type":"WebPage","@id":"https:\/\/mypalmleaf.com\/hu\/blogok\/","url":"https:\/\/mypalmleaf.com\/hu\/blogok\/","name":"Blogok - My Palm Leaf","isPartOf":{"@id":"https:\/\/mypalmleaf.com\/#website"},"datePublished":"2024-08-14T06:28:52+00:00","dateModified":"2025-05-01T05:21:57+00:00","description":"Mer\u00fclj el blogjainkban, fedezd fel a spiritu\u00e1lis utaz\u00e1sokat, \u0151si b\u00f6lcsess\u00e9get \u00e9s szem\u00e9lyes felismer\u00e9seket, amelyek elm\u00e9ly\u00edtik a p\u00e1lmalev\u00e9l olvas\u00e1st.","breadcrumb":{"@id":"https:\/\/mypalmleaf.com\/hu\/blogok\/#breadcrumb"},"inLanguage":"hu","potentialAction":[{"@type":"ReadAction","target":["https:\/\/mypalmleaf.com\/hu\/blogok\/"]}]},{"@type":"BreadcrumbList","@id":"https:\/\/mypalmleaf.com\/hu\/blogok\/#breadcrumb","itemListElement":[{"@type":"ListItem","position":1,"name":"Home","item":"https:\/\/mypalmleaf.com\/hu\/"},{"@type":"ListItem","position":2,"name":"Blogok"}]},{"@type":"WebSite","@id":"https:\/\/mypalmleaf.com\/#website","url":"https:\/\/mypalmleaf.com\/","name":"My Palm Leaf","description":"","potentialAction":[{"@type":"SearchAction","target":{"@type":"EntryPoint","urlTemplate":"https:\/\/mypalmleaf.com\/?s={search_term_string}"},"query-input":{"@type":"PropertyValueSpecification","valueRequired":true,"valueName":"search_term_string"}}],"inLanguage":"hu"}]}},"_links":{"self":[{"href":"https:\/\/mypalmleaf.com\/hu\/wp-json\/wp\/v2\/pages\/33278","targetHints":{"allow":["GET"]}}],"collection":[{"href":"https:\/\/mypalmleaf.com\/hu\/wp-json\/wp\/v2\/pages"}],"about":[{"href":"https:\/\/mypalmleaf.com\/hu\/wp-json\/wp\/v2\/types\/page"}],"author":[{"embeddable":true,"href":"https:\/\/mypalmleaf.com\/hu\/wp-json\/wp\/v2\/users\/1"}],"replies":[{"embeddable":true,"href":"https:\/\/mypalmleaf.com\/hu\/wp-json\/wp\/v2\/comments?post=33278"}],"version-history":[{"count":0,"href":"https:\/\/mypalmleaf.com\/hu\/wp-json\/wp\/v2\/pages\/33278\/revisions"}],"wp:attachment":[{"href":"https:\/\/mypalmleaf.com\/hu\/wp-json\/wp\/v2\/media?parent=33278"}],"curies":[{"name":"wp","href":"https:\/\/api.w.org\/{rel}","templated":true}]}}