
{"id":33306,"date":"2024-08-14T18:58:17","date_gmt":"2024-08-14T18:58:17","guid":{"rendered":"https:\/\/mypalmleaf.com\/szoveg\/"},"modified":"2024-10-17T19:30:07","modified_gmt":"2024-10-17T19:30:07","slug":"szoveg","status":"publish","type":"page","link":"https:\/\/mypalmleaf.com\/hu\/szoveg\/","title":{"rendered":"Sz\u00f6veg"},"content":{"rendered":"\n<section class=\"testimonial-block my-6 pt-5 pt-md-0 mb-4 mt-xs-4\">\n  <div class=\"container-xl\">\n    <div class=\"row\">\n      <div class=\"col text-center\">\n        <h1 class=\"py-4\">Aj\u00e1nl\u00e1sok<\/h1>\n      <\/div>\n    <\/div>\n    <div class=\"row\">\n      <div class=\"col text-center\">\n        <div class=\"tetimonial-tabs\">\n          <ul>\n            <li>\n              <ul>\n                                                  <li><a href=\"https:\/\/mypalmleaf.com\/hu\/video\/\" class=\"\">Vide\u00f3<\/a><\/li>\n                                                    <li><a href=\"javascript:;\" class=\"active\">Sz\u00f6veg<\/a><\/li>\n                                                <\/ul>\n            <\/li>\n          <\/ul>\n        <\/div>\n      <\/div>\n    <\/div>\n    <div class=\"row\">\n              <div class=\"col-lg-6 slider-wrap inner my-5\">\n          <div class=\"slides\">\n            <div class=\"wrap\">\n              <div class=\"user-img\"><img decoding=\"async\" src=\"https:\/\/mypalmleaf.com\/wp-content\/uploads\/2024\/09\/testimonials_crystal.jpg\" class=\"img-fluid rounded-circle\" alt=\"\"><\/div>\n              <div class=\"text\">\n                <p>\u201eA p\u00e1lmalev\u00e9l-olvas\u00e1som megvil\u00e1gos\u00edt\u00f3 \u00e9s inspir\u00e1l\u00f3 volt. Kezdett\u0151l fogva sok \u00e9rzelmet \u00e9ltem \u00e1t az olvas\u00e1sommal kapcsolatban \u2013 idegess\u00e9get a megb\u00edz\u00e1si folyamat miatt, izgalmat a levelem felfedez\u00e9se miatt, \u00e9s csod\u00e1lkoz\u00e1st a tartalommal kapcsolatban.\u201d<\/p>\n              <\/div>\n              <div class=\"name\">Crystal<\/div>\n            <\/div>\n          <\/div>\n        <\/div>\n              <div class=\"col-lg-6 slider-wrap inner my-5\">\n          <div class=\"slides\">\n            <div class=\"wrap\">\n              <div class=\"user-img\"><img decoding=\"async\" src=\"https:\/\/mypalmleaf.com\/wp-content\/uploads\/2024\/09\/testimonials_ricky.jpg\" class=\"img-fluid rounded-circle\" alt=\"\"><\/div>\n              <div class=\"text\">\n                <p>\u201eA teny\u00e9rolvas\u00e1s \u00e9rt\u00e9kes \u00e9s t\u00e1pl\u00e1l\u00f3 aj\u00e1nd\u00e9k volt a lelkemnek. Rishik megl\u00e1t\u00e1sai \u00e9s \u00fatmutat\u00e1sai, valamint a gy\u00f3gym\u00f3dok gy\u00f6ny\u00f6r\u0171 meger\u0151s\u00edt\u00e9st jelentettek arra vonatkoz\u00f3an, hogy j\u00f3 \u00faton j\u00e1rok. A hit \u00e9s bizalom z\u00e1pora, amely nagy t\u00e1maszk\u00e9nt szolg\u00e1lt sz\u00e1momra.<\/p>\n<p>N\u00e9h\u00e1ny h\u00e9ttel a teny\u00e9rolvas\u00e1s ut\u00e1n \u00e9rzem az olvas\u00e1s \u00e1ld\u00e1s\u00e1t, az \u0151si hagyom\u00e1nyhoz val\u00f3 kapcsol\u00f3d\u00e1st, \u00e9s l\u00e1tom, hogy \u00e1talakul\u00e1sok zajlanak.\u201d<\/p>\n              <\/div>\n              <div class=\"name\">Ricky<\/div>\n            <\/div>\n          <\/div>\n        <\/div>\n              <div class=\"col-lg-6 slider-wrap inner my-5\">\n          <div class=\"slides\">\n            <div class=\"wrap\">\n              <div class=\"user-img\"><img decoding=\"async\" src=\"https:\/\/mypalmleaf.com\/wp-content\/uploads\/2024\/09\/testimonials_aimee.jpg\" class=\"img-fluid rounded-circle\" alt=\"\"><\/div>\n              <div class=\"text\">\n                <p>A p\u00e1lmalevelem megtal\u00e1l\u00e1sa megr\u00e1z\u00f3bb \u00e9s szentebb volt, mint v\u00e1rtam volna. Mindenki, aki r\u00e9szt vett, \u0151szinte volt, \u00e9s \u00e1ldottnak \u00e9reztem a t\u00e1mogat\u00e1sukat. Az olvas\u00e1s seg\u00edtett abban, hogy jobban b\u00edzzam \u00e9s \u00e1tadjam magam a szerelemnek. Meger\u0151s\u00edtett bennem, hogy milyen karm\u00e1t \u00e9s milyen kih\u00edv\u00e1sokat kell lek\u00fczdenem az \u00e9letemben, ami m\u00e1r t\u00f6bb g\u00f6rd\u00fcl\u00e9kenys\u00e9get \u00e9s nyitotts\u00e1got tesz lehet\u0151v\u00e9 az \u00e9letben.<\/p>\n              <\/div>\n              <div class=\"name\">Aimee<\/div>\n            <\/div>\n          <\/div>\n        <\/div>\n              <div class=\"col-lg-6 slider-wrap inner my-5\">\n          <div class=\"slides\">\n            <div class=\"wrap\">\n              <div class=\"user-img\"><img decoding=\"async\" src=\"https:\/\/mypalmleaf.com\/wp-content\/uploads\/2024\/09\/testimonials_jair.jpg\" class=\"img-fluid rounded-circle\" alt=\"\"><\/div>\n              <div class=\"text\">\n                <p>A p\u00e1lmalev\u00e9l-olvas\u00e1ssal kapcsolatos tapasztalataim nagyon er\u0151sek voltak. Amikor el\u0151sz\u00f6r hallottam r\u00f3la, szkeptikus voltam, de k\u00e9s\u0151bb, mik\u00f6zben a Zoomon csevegtem a brahminnal \u00e9s a tamil ford\u00edt\u00f3val, tiszt\u00e1n \u00e9reztem a kapott inform\u00e1ci\u00f3k pontoss\u00e1g\u00e1t, \u00e9s megny\u00edltam a rishi \u00e9s a szents\u00e9g \u00e1ld\u00e1sai el\u0151tt. e m\u00f6g\u00f6tt. Nagyon sz\u00e9pen k\u00f6sz\u00f6n\u00f6m ezt a szemfelnyit\u00f3 \u00e9lm\u00e9nyt.<\/p>\n              <\/div>\n              <div class=\"name\">Jair<\/div>\n            <\/div>\n          <\/div>\n        <\/div>\n              <div class=\"col-lg-6 slider-wrap inner my-5\">\n          <div class=\"slides\">\n            <div class=\"wrap\">\n              <div class=\"user-img\"><img decoding=\"async\" src=\"https:\/\/mypalmleaf.com\/wp-content\/uploads\/2024\/08\/thomas.jpg\" class=\"img-fluid rounded-circle\" alt=\"\"><\/div>\n              <div class=\"text\">\n                <p>Nagyon \u00f6r\u00fcl\u00f6k, hogy a p\u00e1lmalev\u00e9l r\u00e1m tal\u00e1lt. Mindig vonz, hogy m\u00e9lyebbre menjek magamba az utam sor\u00e1n, \u00e9s ez a p\u00e1lmalev\u00e9l hihetetlen eszk\u00f6z erre. Alig v\u00e1rom, hogy n\u00e9h\u00e1ny napon bel\u00fcl alkalmazhassam a gy\u00f3gym\u00f3dokat a k\u00f6zelg\u0151 teliholdra.<\/p>\n<p>K\u00f6sz\u00f6nj\u00fck Stephannak, hogy koordin\u00e1lta \u00e9s mindenki sz\u00e1m\u00e1ra megk\u00f6nny\u00edtette a p\u00e1lmalev\u00e9lhez val\u00f3 hozz\u00e1f\u00e9r\u00e9st, ez egy nagyszer\u0171 aj\u00e1nd\u00e9k az emberis\u00e9g sz\u00e1m\u00e1ra.<\/p>\n              <\/div>\n              <div class=\"name\">Thomas<\/div>\n            <\/div>\n          <\/div>\n        <\/div>\n              <div class=\"col-lg-6 slider-wrap inner my-5\">\n          <div class=\"slides\">\n            <div class=\"wrap\">\n              <div class=\"user-img\"><img decoding=\"async\" src=\"https:\/\/mypalmleaf.com\/wp-content\/uploads\/2024\/08\/casey.jpg\" class=\"img-fluid rounded-circle\" alt=\"\"><\/div>\n              <div class=\"text\">\n                <p>A p\u00e1lmalevelem megtal\u00e1l\u00e1sa seg\u00edtett abban, hogy jobban b\u00edzzam az \u00e9letben \u00e9s abban, ahogy a dolgok t\u00f6rt\u00e9nnek. Mindig is azon t\u0171n\u0151dtem, hogy j\u00f3 \u00faton j\u00e1rok-e, ami sok tekintetben visszatartott att\u00f3l, hogy el\u0151rel\u00e9pjek. A rishit\u0151l kapott \u00fatmutat\u00e1s olyan \u201eenged\u00e9lyt\u201d adott nekem, hogy azt az \u00e9letutat \u00e9ljem, amelyre mindig is elhivatotts\u00e1got \u00e9reztem, \u00e9s jobban b\u00edzhatok a folyamatomban \u00e9s a dolgok alakul\u00e1s\u00e1ban. Nagy aj\u00e1nd\u00e9k volt megkapni a rishi \u00e1ld\u00e1s\u00e1t.<\/p>\n              <\/div>\n              <div class=\"name\">Casey<\/div>\n            <\/div>\n          <\/div>\n        <\/div>\n          <\/div>\n        <\/div>\n  <\/div>\n      <div class=\"parallax-item-5 parallax-item\" data-speed=\"parallax-item-7\"><img decoding=\"async\" src=\"https:\/\/mypalmleaf.com\/wp-content\/uploads\/2024\/08\/parallax-item-5-2.png\" class=\"img-fluid\" alt=\"\"><\/div>\n  <\/section>","protected":false},"excerpt":{"rendered":"","protected":false},"author":1,"featured_media":0,"parent":0,"menu_order":0,"comment_status":"closed","ping_status":"closed","template":"","meta":{"_acf_changed":false,"footnotes":""},"class_list":["post-33306","page","type-page","status-publish","hentry"],"acf":[],"yoast_head":"<!-- This site is optimized with the Yoast SEO plugin v26.4 - https:\/\/yoast.com\/wordpress\/plugins\/seo\/ -->\n<title>Sz\u00f6veg - My Palm Leaf<\/title>\n<meta name=\"robots\" content=\"index, follow, max-snippet:-1, max-image-preview:large, max-video-preview:-1\" \/>\n<link rel=\"canonical\" href=\"https:\/\/mypalmleaf.com\/hu\/szoveg\/\" \/>\n<meta property=\"og:locale\" content=\"hu_HU\" \/>\n<meta property=\"og:type\" content=\"article\" \/>\n<meta property=\"og:title\" content=\"Sz\u00f6veg - My Palm Leaf\" \/>\n<meta property=\"og:url\" content=\"https:\/\/mypalmleaf.com\/hu\/szoveg\/\" \/>\n<meta property=\"og:site_name\" content=\"My Palm Leaf\" \/>\n<meta property=\"article:modified_time\" content=\"2024-10-17T19:30:07+00:00\" \/>\n<meta property=\"og:image\" content=\"https:\/\/mypalmleaf.com\/wp-content\/uploads\/2025\/08\/mpl-circle-logo.jpg\" \/>\n\t<meta property=\"og:image:width\" content=\"1200\" \/>\n\t<meta property=\"og:image:height\" content=\"1196\" \/>\n\t<meta property=\"og:image:type\" content=\"image\/jpeg\" \/>\n<meta name=\"twitter:card\" content=\"summary_large_image\" \/>\n<script type=\"application\/ld+json\" class=\"yoast-schema-graph\">{\"@context\":\"https:\/\/schema.org\",\"@graph\":[{\"@type\":\"WebPage\",\"@id\":\"https:\/\/mypalmleaf.com\/hu\/szoveg\/\",\"url\":\"https:\/\/mypalmleaf.com\/hu\/szoveg\/\",\"name\":\"Sz\u00f6veg - My Palm Leaf\",\"isPartOf\":{\"@id\":\"https:\/\/mypalmleaf.com\/#website\"},\"datePublished\":\"2024-08-14T18:58:17+00:00\",\"dateModified\":\"2024-10-17T19:30:07+00:00\",\"breadcrumb\":{\"@id\":\"https:\/\/mypalmleaf.com\/hu\/szoveg\/#breadcrumb\"},\"inLanguage\":\"hu\",\"potentialAction\":[{\"@type\":\"ReadAction\",\"target\":[\"https:\/\/mypalmleaf.com\/hu\/szoveg\/\"]}]},{\"@type\":\"BreadcrumbList\",\"@id\":\"https:\/\/mypalmleaf.com\/hu\/szoveg\/#breadcrumb\",\"itemListElement\":[{\"@type\":\"ListItem\",\"position\":1,\"name\":\"Home\",\"item\":\"https:\/\/mypalmleaf.com\/hu\/\"},{\"@type\":\"ListItem\",\"position\":2,\"name\":\"Sz\u00f6veg\"}]},{\"@type\":\"WebSite\",\"@id\":\"https:\/\/mypalmleaf.com\/#website\",\"url\":\"https:\/\/mypalmleaf.com\/\",\"name\":\"My Palm Leaf\",\"description\":\"\",\"potentialAction\":[{\"@type\":\"SearchAction\",\"target\":{\"@type\":\"EntryPoint\",\"urlTemplate\":\"https:\/\/mypalmleaf.com\/?s={search_term_string}\"},\"query-input\":{\"@type\":\"PropertyValueSpecification\",\"valueRequired\":true,\"valueName\":\"search_term_string\"}}],\"inLanguage\":\"hu\"}]}<\/script>\n<!-- \/ Yoast SEO plugin. -->","yoast_head_json":{"title":"Sz\u00f6veg - My Palm Leaf","robots":{"index":"index","follow":"follow","max-snippet":"max-snippet:-1","max-image-preview":"max-image-preview:large","max-video-preview":"max-video-preview:-1"},"canonical":"https:\/\/mypalmleaf.com\/hu\/szoveg\/","og_locale":"hu_HU","og_type":"article","og_title":"Sz\u00f6veg - My Palm Leaf","og_url":"https:\/\/mypalmleaf.com\/hu\/szoveg\/","og_site_name":"My Palm Leaf","article_modified_time":"2024-10-17T19:30:07+00:00","og_image":[{"width":1200,"height":1196,"url":"https:\/\/mypalmleaf.com\/wp-content\/uploads\/2025\/08\/mpl-circle-logo.jpg","type":"image\/jpeg"}],"twitter_card":"summary_large_image","schema":{"@context":"https:\/\/schema.org","@graph":[{"@type":"WebPage","@id":"https:\/\/mypalmleaf.com\/hu\/szoveg\/","url":"https:\/\/mypalmleaf.com\/hu\/szoveg\/","name":"Sz\u00f6veg - My Palm Leaf","isPartOf":{"@id":"https:\/\/mypalmleaf.com\/#website"},"datePublished":"2024-08-14T18:58:17+00:00","dateModified":"2024-10-17T19:30:07+00:00","breadcrumb":{"@id":"https:\/\/mypalmleaf.com\/hu\/szoveg\/#breadcrumb"},"inLanguage":"hu","potentialAction":[{"@type":"ReadAction","target":["https:\/\/mypalmleaf.com\/hu\/szoveg\/"]}]},{"@type":"BreadcrumbList","@id":"https:\/\/mypalmleaf.com\/hu\/szoveg\/#breadcrumb","itemListElement":[{"@type":"ListItem","position":1,"name":"Home","item":"https:\/\/mypalmleaf.com\/hu\/"},{"@type":"ListItem","position":2,"name":"Sz\u00f6veg"}]},{"@type":"WebSite","@id":"https:\/\/mypalmleaf.com\/#website","url":"https:\/\/mypalmleaf.com\/","name":"My Palm Leaf","description":"","potentialAction":[{"@type":"SearchAction","target":{"@type":"EntryPoint","urlTemplate":"https:\/\/mypalmleaf.com\/?s={search_term_string}"},"query-input":{"@type":"PropertyValueSpecification","valueRequired":true,"valueName":"search_term_string"}}],"inLanguage":"hu"}]}},"_links":{"self":[{"href":"https:\/\/mypalmleaf.com\/hu\/wp-json\/wp\/v2\/pages\/33306","targetHints":{"allow":["GET"]}}],"collection":[{"href":"https:\/\/mypalmleaf.com\/hu\/wp-json\/wp\/v2\/pages"}],"about":[{"href":"https:\/\/mypalmleaf.com\/hu\/wp-json\/wp\/v2\/types\/page"}],"author":[{"embeddable":true,"href":"https:\/\/mypalmleaf.com\/hu\/wp-json\/wp\/v2\/users\/1"}],"replies":[{"embeddable":true,"href":"https:\/\/mypalmleaf.com\/hu\/wp-json\/wp\/v2\/comments?post=33306"}],"version-history":[{"count":0,"href":"https:\/\/mypalmleaf.com\/hu\/wp-json\/wp\/v2\/pages\/33306\/revisions"}],"wp:attachment":[{"href":"https:\/\/mypalmleaf.com\/hu\/wp-json\/wp\/v2\/media?parent=33306"}],"curies":[{"name":"wp","href":"https:\/\/api.w.org\/{rel}","templated":true}]}}