{"id":36446,"date":"2024-08-15T02:38:41","date_gmt":"2024-08-15T02:38:41","guid":{"rendered":"https:\/\/mypalmleaf.com\/palmalevelek\/"},"modified":"2025-05-01T05:05:01","modified_gmt":"2025-05-01T05:05:01","slug":"palmalevelek","status":"publish","type":"page","link":"https:\/\/mypalmleaf.com\/hu\/palmalevelek\/","title":{"rendered":"P\u00e1lmalevelek"},"content":{"rendered":"\n<section class=\"spotlight-main small top-gap\">\n    <!-- <div class=\"slider-wrap\" data-flickity='{ \"cellAlign\": \"left\", \"contain\": true, \"wrapAround\": true, \"setGallerySize\": false }'> -->\n    <div class=\"slider-wrap\" data-flickity='{ \"cellAlign\": \"left\", \"contain\": true, \"wrapAround\": true, \"setGallerySize\": false  }'>\n            <div class=\"slides\">\n        <div class=\"content-wrap\">\n          <div class=\"image\">\n            <picture>\n              <source media=\"(max-width: 999px)\" srcset=\"https:\/\/mypalmleaf.com\/wp-content\/uploads\/2024\/08\/indian-palm-leaf-spotlight-mob.webp\" \/>\n              <source media=\"(min-width: 1000px)\" srcset=\"https:\/\/mypalmleaf.com\/wp-content\/uploads\/2024\/08\/indian-palm-leaf-spotlight.webp\" \/>\n              <img decoding=\"async\" src=\"https:\/\/mypalmleaf.com\/wp-content\/uploads\/2024\/08\/indian-palm-leaf-spotlight.webp\" class=\"img-fluid\" alt=\"\" \/>\n            <\/picture>\n          <\/div>\n          <div class=\"content\">\n            <div data-aos=\"fade-up\" data-aos-duration=\"1000\">\n              <h2 class=\"\">Az indiai p\u00e1lmalevelek<\/h2>\n                                 \n            <\/div>\n          <\/div>\n        <\/div>\n      <\/div>\n          <\/div>\n<\/section><section class=\"faq-top-section my-6 mb-4 mt-xs-4 position-relative\">\n    <div class=\"container\">\n      <div class=\"row\">\n        <div class=\"col-lg-10 mx-auto\">\n            <div class=\"row justify-content-between align-items-center\">\n                <div class=\"col-lg-7\">\n                    <div class=\"rounded-asset\">\n                        <img decoding=\"async\" src=\"https:\/\/mypalmleaf.com\/wp-content\/uploads\/2024\/09\/What-Are-Palm-Leaves.jpg\" class=\"img-fluid\" alt=\"\"><div class=\"play-icon\"><\/div>\n                        <a href=\"https:\/\/www.youtube.com\/watch?v=9GdNX4SAHCA\" class=\"stretched-link\" data-lity><\/a>\n                      <\/div>\n                <\/div>\n                <div class=\"col-lg-5\">\n                    <h3>Tal\u00e1ld meg a szem\u00e9lyes p\u00e1lmalevelet: A m\u00faltad, a jelened \u00e9s a j\u00f6v\u0151d kapuja<\/h3>\n                <\/div>\n            <\/div>\n        <\/div>\n        \n        <div class=\"col-lg-12 text-center my-5\" data-aos=\"fade-up\" data-aos-duration=\"1000\">\n            <p class=\"mb-3\">Az indiai p\u00e1lmalevelek, m\u00e1s n\u00e9ven nadi p\u00e1lmalevelek, \u0151si k\u00e9ziratok, amelyekr\u0151l \u00fagy tartj\u00e1k, hogy az egy\u00e9nek \u00e9lett\u00f6rt\u00e9net\u00e9t \u00e9s sors\u00e1t tartalmazz\u00e1k. Ezeket a r\u00e9gi tamil \u00edr\u00e1ssal \u00edrt szent sz\u00f6vegeket a megvil\u00e1gosodott b\u00f6lcsek, az \u00fagynevezett Rishik \u00edrt\u00e1k t\u00f6bb ezer \u00e9vvel ezel\u0151tt. <strong>  A rishik m\u00e9ly spiritu\u00e1lis bel\u00e1t\u00e1sukat arra haszn\u00e1lt\u00e1k, hogy r\u00e9szletes inform\u00e1ci\u00f3kat r\u00f6gz\u00edtsenek az egy\u00e9nek \u00e9let\u00e9r\u0151l, bele\u00e9rtve olyan szempontokat, mint a karrier, a kapcsolatok, az eg\u00e9szs\u00e9g \u00e9s a spiritu\u00e1lis fejl\u0151d\u00e9s.<\/strong><\/p>\n<p>&nbsp;<\/p>\n<p class=\"mb-3\">Minden egyes p\u00e1lmalev\u00e9l egyedi, \u00e9s egy adott szem\u00e9lynek felel meg, \u00e9s arra szolg\u00e1l, hogy a megfelel\u0151 id\u0151ben tal\u00e1lj\u00e1k meg, amikor az egy\u00e9n k\u00e9szen \u00e1ll a benne rejl\u0151 \u00fatmutat\u00e1s \u00e9s b\u00f6lcsess\u00e9g befogad\u00e1s\u00e1ra. Ezeket a leveleket n\u00e1di k\u00f6nyvt\u00e1rakban \u0151rzik, amelyek els\u0151sorban D\u00e9l-Indi\u00e1ban tal\u00e1lhat\u00f3k. A Nadi-olvas\u00e1s sor\u00e1n a szem\u00e9ly h\u00fcvelykujjlenyomat\u00e1t vagy alapvet\u0151 adatait \u00f6sszevetik a megfelel\u0151 lev\u00e9llel, \u00e9s szem\u00e9lyre szabott megl\u00e1t\u00e1sokat \u00e9s tan\u00e1csokat t\u00e1rnak fel az \u00e9let\u00fatj\u00e1hoz.  <\/p>\n<p class=\"mb-3\"><strong>A Mypalmleafn\u00e9l seg\u00edt\u00fcnk \u00f6sszekapcsolni az egy\u00e9neket ezekkel az \u0151si k\u00e9ziratokkal, a hagyom\u00e1ny \u00e9s a modern hozz\u00e1f\u00e9rhet\u0151s\u00e9g egyed\u00fcl\u00e1ll\u00f3 kever\u00e9k\u00e9t k\u00edn\u00e1lva a Rishik b\u00f6lcsess\u00e9g\u00e9nek \u00e9s \u00fatmutat\u00e1s\u00e1nak felfedez\u00e9s\u00e9hez.<br \/>\n<\/strong><\/p>\n<h4 class=\"my-3\"><strong>K\u00fcl\u00f6nf\u00e9le p\u00e1lmalev\u00e9l \u00edr\u00e1sok<\/strong><\/h4>\n<p>A p\u00e1lmaleveleken k\u00edv\u00fcl, amelyek az egyes emberek \u00e9lett\u00f6rt\u00e9net\u00e9t tartalmazz\u00e1k, sz\u00e1mos \u0151si \u00edr\u00e1st is p\u00e1lmalevelekre \u00edrtak, p\u00e9ld\u00e1ul az ayurv\u00e9d\u00e1r\u00f3l, a spiritualit\u00e1sr\u00f3l, az asztrol\u00f3gi\u00e1r\u00f3l \u00e9s \u00edgy tov\u00e1bb. Eredetileg a legt\u00f6bb \u0151si indiai \u00edr\u00e1st p\u00e1lmalev\u00e9lre \u00edrt\u00e1k, amelyet ma pap\u00edrk\u00e9nt haszn\u00e1lnak. <\/p>\n        <\/div>\n      <\/div>\n    <\/div>\n                  <div class=\"parallax-item-3 parallax-item\" data-speed=\".08\"><img decoding=\"async\" src=\"https:\/\/mypalmleaf.com\/wp-content\/uploads\/2024\/08\/parallax-item-3-3.png\" class=\"img-fluid\" alt=\"\"><\/div>\n          <\/section><section class=\"how-palm-leaves-written-block my-6 mt-0\">\n  <div class=\"container\">\n    <div class=\"row text-center\" data-aos=\"fade-up\" data-aos-duration=\"1000\">\n      <div class=\"col-lg-12\">\n        <h3>Hogyan \u00edrj\u00e1k \u00e9s \u0151rzik meg a p\u00e1lmaleveleket?<\/h3>\n        <h5 class=\"mt-4\"><strong>  A p\u00e1lmalevelek \u00edr\u00e1sa<\/strong><\/h5>\n      <\/div>\n    <\/div>\n\n    <div class=\"row justify-content-center my-4\">\n      <div class=\"col-lg-12 writing-the-palm-leaf-block\">\n        <ul class=\"foldable-leaf\">\n                                <li data-aos=\"flip-up\" data-aos-duration=\"1000\" data-aos-offset=\"10\"   class=\"aos-init aos-animate\">\n              <div class=\"image\"><img decoding=\"async\" src=\"https:\/\/mypalmleaf.com\/wp-content\/uploads\/2024\/09\/writing-the-palm-leaves.png\" class=\"img-fluid\" alt=\"\"><\/div>\n              <div class=\"content\">\n                <div class=\"desc\">\n                  <div class=\"title\">Anyag<\/div>\n                  <p>A k\u00e9ziratok a Talipot p\u00e1lma level\u00e9b\u0151l k\u00e9sz\u00fclnek, amely fa nagy \u00e9s tart\u00f3s leveleir\u0151l ismert. Ezeket a leveleket hossz\u00fa \u00e9lettartamuk \u00e9s ellen\u00e1ll\u00f3 k\u00e9pess\u00e9g\u00fck miatt v\u00e1lasztott\u00e1k. <\/p>\n                <\/div>\n              <\/div>\n            <\/li>\n                                  <li data-aos=\"flip-up\" data-aos-duration=\"1000\" data-aos-offset=\"10\" data-aos-delay=\"100\"  class=\"aos-init aos-animate\">\n              <div class=\"image\"><img decoding=\"async\" src=\"https:\/\/mypalmleaf.com\/wp-content\/uploads\/2024\/09\/writing-the-palm-leaves.png\" class=\"img-fluid\" alt=\"\"><\/div>\n              <div class=\"content\">\n                <div class=\"desc\">\n                  <div class=\"title\">El\u0151k\u00e9sz\u00edt\u00e9s<\/div>\n                  <p>A leveleket el\u0151sz\u00f6r \u00f6sszegy\u0171jtik, majd megsz\u00e1r\u00edtj\u00e1k, hogy elt\u00e1vol\u00edts\u00e1k bel\u0151l\u00fck a nedvess\u00e9get, \u00edgy el\u00e9g szil\u00e1rdak lesznek az \u00edr\u00e1shoz. Sz\u00e1r\u00edt\u00e1s ut\u00e1n egyenletes m\u00e9ret\u0171 cs\u00edkokra v\u00e1gj\u00e1k \u0151ket. <\/p>\n                <\/div>\n              <\/div>\n            <\/li>\n                                  <li data-aos=\"flip-up\" data-aos-duration=\"1000\" data-aos-offset=\"10\" data-aos-delay=\"200\"  class=\"aos-init aos-animate\">\n              <div class=\"image\"><img decoding=\"async\" src=\"https:\/\/mypalmleaf.com\/wp-content\/uploads\/2024\/09\/writing-the-palm-leaves.png\" class=\"img-fluid\" alt=\"\"><\/div>\n              <div class=\"content\">\n                <div class=\"desc\">\n                  <div class=\"title\">Felirat<\/div>\n                  <p>A sz\u00f6veget egy \u00e9les tollal \u00edrj\u00e1k be, amely a levelekbe v\u00e9si az \u00edr\u00e1st. Az \u00edr\u00e1s a Tamil Vattezhuthu, azaz a r\u00e9gi tamil nyelv \u0151si \u00edr\u00e1sm\u00f3dj\u00e1val t\u00f6rt\u00e9nik, amely sz\u00e9ps\u00e9g\u00e9r\u0151l \u00e9s \u00f6sszetetts\u00e9g\u00e9r\u0151l ismert. <\/p>\n                <\/div>\n              <\/div>\n            <\/li>\n                                  <li data-aos=\"flip-up\" data-aos-duration=\"1000\" data-aos-offset=\"10\" data-aos-delay=\"300\"  class=\"aos-init aos-animate\">\n              <div class=\"image\"><img decoding=\"async\" src=\"https:\/\/mypalmleaf.com\/wp-content\/uploads\/2024\/09\/writing-the-palm-leaves.png\" class=\"img-fluid\" alt=\"\"><\/div>\n              <div class=\"content\">\n                <div class=\"desc\">\n                  <div class=\"title\">Tint\u00e1z\u00e1s<\/div>\n                  <p>A feliratok l\u00e1that\u00f3bb\u00e1 t\u00e9tele \u00e9rdek\u00e9ben term\u00e9szetes anyagokb\u00f3l, p\u00e9ld\u00e1ul fasz\u00e9nb\u0151l vagy kurkum\u00e1b\u00f3l k\u00e9sz\u00fclt tint\u00e1t visznek fel a v\u00e9setekre. A tinta a bar\u00e1zd\u00e1kba ker\u00fclve kiemeli a sz\u00f6veget a lev\u00e9l fel\u00fclet\u00e9n. <\/p>\n                <\/div>\n              <\/div>\n            <\/li>\n                              <\/ul>\n      <\/div>\n    <\/div>\n  <\/div>\n<\/section>\n<section class=\"preservation-of-palm-leaf\">\n  <div class=\"container\">\n    <div class=\"row\">\n      <div class=\"col-lg-12\" data-aos=\"fade-up\" data-aos-duration=\"1000\">\n        <h4 class=\"my-4 text-center\"><strong>A p\u00e1lmalevelek tart\u00f3s\u00edt\u00e1sa<\/strong><\/h4>\n      <\/div>\n    <\/div>\n    <div class=\"row text-center justify-content-between my-4\">\n              <div class=\"col-lg-5 my-4\" data-aos=\"fade-up\" data-aos-duration=\"1000\">\n          <div class=\"icon\"><img decoding=\"async\" src=\"https:\/\/mypalmleaf.com\/wp-content\/uploads\/2024\/09\/preserve-palm-leaf-icon-1.png\" alt=\"\"><\/div>\n          <div class=\"title\">Kl\u00edmavez\u00e9rl\u00e9s<\/div>\n          <div class=\"desc\">\n            <p>A p\u00e1lmaleveleket k\u00fcl\u00f6nleges k\u00f6r\u00fclm\u00e9nyek k\u00f6z\u00f6tt t\u00e1rolj\u00e1k, hogy megv\u00e9dj\u00e9k \u0151ket a nedvess\u00e9gt\u0151l, a rovarokt\u00f3l \u00e9s m\u00e1s k\u00e1ros\u00edt\u00f3 elemekt\u0151l. Az els\u0151sorban D\u00e9l-Indi\u00e1ban tal\u00e1lhat\u00f3 nadi k\u00f6nyvt\u00e1rak ellen\u0151rz\u00f6tt k\u00f6rnyezetet tartanak fenn, amely megfelel\u0151 p\u00e1ratartalmat \u00e9s h\u0151m\u00e9rs\u00e9kletet tartalmaz. <\/p>\n          <\/div>\n        <\/div>\n              <div class=\"col-lg-5 my-4\" data-aos=\"fade-up\" data-aos-duration=\"1000\">\n          <div class=\"icon\"><img decoding=\"async\" src=\"https:\/\/mypalmleaf.com\/wp-content\/uploads\/2024\/09\/preserve-palm-leaf-icon-2.png\" alt=\"\"><\/div>\n          <div class=\"title\">Kezel\u00e9s olajokkal<\/div>\n          <div class=\"desc\">\n            <p>A leveleket gyakran kezelik term\u00e9szetes olajokkal, p\u00e9ld\u00e1ul k\u00e1mfor- vagy neemolajjal, hogy megakad\u00e1lyozz\u00e1k a roml\u00e1st \u00e9s a rovarfert\u0151z\u00e9st. Ez a hagyom\u00e1nyos m\u00f3dszer seg\u00edt meg\u0151rizni a leveleket \u00e9vsz\u00e1zadokig. <\/p>\n          <\/div>\n        <\/div>\n              <div class=\"col-lg-5 my-4\" data-aos=\"fade-up\" data-aos-duration=\"1000\">\n          <div class=\"icon\"><img decoding=\"async\" src=\"https:\/\/mypalmleaf.com\/wp-content\/uploads\/2024\/09\/preserve-palm-leaf-icon-3.png\" alt=\"\"><\/div>\n          <div class=\"title\">Id\u0151szakos karbantart\u00e1s<\/div>\n          <div class=\"desc\">\n            <p>A p\u00e1lmaleveleket k\u00fcl\u00f6nleges k\u00f6r\u00fclm\u00e9nyek k\u00f6z\u00f6tt t\u00e1rolj\u00e1k, hogy megv\u00e9dj\u00e9k \u0151ket a nedvess\u00e9gt\u0151l, a rovarokt\u00f3l \u00e9s m\u00e1s k\u00e1ros\u00edt\u00f3 elemekt\u0151l. Az els\u0151sorban D\u00e9l-Indi\u00e1ban tal\u00e1lhat\u00f3 nadi k\u00f6nyvt\u00e1rak ellen\u0151rz\u00f6tt k\u00f6rnyezetet tartanak fenn, amely megfelel\u0151 p\u00e1ratartalmat \u00e9s h\u0151m\u00e9rs\u00e9kletet tartalmaz. <\/p>\n          <\/div>\n        <\/div>\n              <div class=\"col-lg-5 my-4\" data-aos=\"fade-up\" data-aos-duration=\"1000\">\n          <div class=\"icon\"><img decoding=\"async\" src=\"https:\/\/mypalmleaf.com\/wp-content\/uploads\/2024\/09\/preserve-palm-leaf-icon-4.png\" alt=\"\"><\/div>\n          <div class=\"title\">T\u00e1rol\u00e1s<\/div>\n          <div class=\"desc\">\n            <p>A leveleket k\u00f6tegekben t\u00e1rolj\u00e1k, amelyek mindegyike \u00f6ssze van k\u00f6tve, \u00e9s a benn\u00fck l\u00e9v\u0151 olvasm\u00e1ny kateg\u00f3ri\u00e1ja vagy t\u00edpusa szerint vannak felc\u00edmk\u00e9zve. Ezeket a k\u00f6tegeket fa- vagy f\u00e9mdobozokban t\u00e1rolj\u00e1k, hogy megv\u00e9dj\u00e9k \u0151ket a fizikai s\u00e9r\u00fcl\u00e9sekt\u0151l \u00e9s a k\u00f6rnyezeti t\u00e9nyez\u0151kt\u0151l. <\/p>\n          <\/div>\n        <\/div>\n          <\/div>\n  <\/div>\n<\/section><section class=\"who-are-rishis my-5 position-relative\">\n  <div class=\"container\">\n    <div class=\"row\">\n      <div class=\"col-lg-12 text-center\">\n        <h3 class=\"my-5 mt-0\">WhoaAzok a Rishik?<\/h3>\n        <div class=\"banner rounded-asset my-4\"><img decoding=\"async\" src=\"https:\/\/mypalmleaf.com\/wp-content\/uploads\/2024\/09\/who-are-the-rishis-1.jpg\" alt=\"\" class=\"img-fluid\"><\/div>\n        <p>A Rishik az \u0151si India legend\u00e1s b\u00f6lcsei \u00e9s l\u00e1tnokai, akik hihetetlen spiritu\u00e1lis b\u00f6lcsess\u00e9g\u00fckr\u0151l \u00e9s rendk\u00edv\u00fcli megl\u00e1t\u00e1saikr\u00f3l h\u00edresek. K\u00e9pzelj\u00fck el, hogy k\u00e9pesek vagyunk az isteni tud\u00e1s \u00e9s az egyetemes igazs\u00e1gok birodalm\u00e1ba bejutni &#8211; ez a Rishik vil\u00e1ga. Ezeket a megvil\u00e1gosodott l\u00e9nyeket gyakran az emberis\u00e9g spiritu\u00e1lis \u00fatt\u00f6r\u0151inek tartj\u00e1k, akik a tudatoss\u00e1g \u00e9s a kozmosz m\u00e9lys\u00e9geit kutatj\u00e1k.<\/p>\n<h4 class=\"mt-4\"><strong>Az \u0151si b\u00f6lcsess\u00e9g l\u00e1tnokai<\/strong><\/h4>\n<p>A &#8222;Rishi&#8221; sz\u00f3 a szanszkrit &#8222;\u1e5b\u1e63&#8221; kifejez\u00e9sb\u0151l sz\u00e1rmazik, ami azt jelenti, hogy &#8222;l\u00e1tni&#8221; vagy &#8222;\u00e9rz\u00e9kelni&#8221;. Ezek nem ak\u00e1rmilyen l\u00e1t\u00e1sok; a Rishik l\u00e1tnokok, akik k\u00e9pesek \u00e9rz\u00e9kelni a l\u00e1thatatlant, \u00e9s meg\u00e9rtik az \u00e9let \u00e9s az univerzum m\u00e9lys\u00e9ges rejtelmeit. Olyanok, mint az \u0151si id\u0151k spiritu\u00e1lis \u0171rhaj\u00f3sai, akik az isteni birodalmakba utaznak, \u00e9s a tud\u00e1s kincseit hozz\u00e1k haza.  <\/p>\n<h4 class=\"mt-4\"><strong>A Rishik az Itt \u00e9s Mostban<\/strong><\/h4>\n<p>B\u00e1r a Rishik \u00e9vezredekkel ezel\u0151tt emberi form\u00e1ban \u00e9ltek ezen a bolyg\u00f3n, m\u00e9g mindig t\u00e1mogatj\u00e1k az emberis\u00e9get \u00e9s a F\u00f6ldet a finom dimenzi\u00f3kb\u00f3l. Jelenl\u00e9t\u00fck id\u0151tlen, \u00e9s min\u00e9l ink\u00e1bb tudat\u00e1ban vagyunk a jelenl\u00e9t\u00fcknek \u00e9s nyitottak vagyunk r\u00e1, ann\u00e1l t\u00f6bb \u00e1ld\u00e1suk \u00e1ramolhat az \u00e9let\u00fcnkbe. Ez a p\u00e1lmalevelek c\u00e9lja is. T\u00f6bbek, mint j\u00f3slatok, hanem spiritu\u00e1lis eszk\u00f6z\u00f6k, amelyek seg\u00edtenek nek\u00fcnk \u00e9let\u00fcnk alak\u00edt\u00e1s\u00e1ban, a Rishik energetikai t\u00e1mogat\u00e1s\u00e1val.   <\/p>\n<h4 class=\"mt-4\"><strong>A Rishik \u00e9s a p\u00e1lmalevelek k\u00f6z\u00f6tti kapcsolat<\/strong><\/h4>\n<p>A Rishik, India \u0151si b\u00f6lcsei \u00e9s l\u00e1tnokai, a Nadi sz\u00f6vegek n\u00e9ven ismert p\u00e1lmalev\u00e9l k\u00e9ziratok isteni szerz\u0151i. Ezek a megvil\u00e1gosodott l\u00e9nyek m\u00e9ly medit\u00e1ci\u00f3 \u00e9s spiritu\u00e1lis bel\u00e1t\u00e1s r\u00e9v\u00e9n \u00e9vezredekkel ezel\u0151tt p\u00e1lmaleveleken r\u00f6gz\u00edtett\u00e9k az egy\u00e9nek sors\u00e1t. Az \u0151si tamil \u00edr\u00e1s seg\u00edts\u00e9g\u00e9vel dokument\u00e1lt\u00e1k az emberek \u00e9let\u00e9nek r\u00e9szleteit, spiritu\u00e1lis \u00fatmutat\u00e1st \u00e9s betekint\u00e9st ny\u00fajtva m\u00faltjukba, jelen\u00fckbe \u00e9s j\u00f6v\u0151j\u00fckbe. Ezeket a p\u00e1lmaleveleket a Nadi k\u00f6nyvt\u00e1rakban \u0151rzik, \u00e9s a Nadi asztrol\u00f3gusok olvass\u00e1k fel, akik az egy\u00e9n ujjlenyomat\u00e1t vagy adatait a megfelel\u0151 lev\u00e9lhez rendelik. Ez a Mypalmleaf \u00e1ltal tisztelt szent hagyom\u00e1ny tov\u00e1bbra is id\u0151tlen b\u00f6lcsess\u00e9ggel \u00e9s tiszt\u00e1nl\u00e1t\u00e1ssal szolg\u00e1l, seg\u00edtve a keres\u0151ket abban, hogy a Rishik szem\u00e9n kereszt\u00fcl meg\u00e9rts\u00e9k \u00e9let\u00fck \u00fatj\u00e1t.  <\/p>\n      <\/div>\n    <\/div>\n  <\/div>\n\n<\/section>","protected":false},"excerpt":{"rendered":"","protected":false},"author":1,"featured_media":0,"parent":0,"menu_order":0,"comment_status":"closed","ping_status":"closed","template":"","meta":{"_acf_changed":false,"footnotes":""},"class_list":["post-36446","page","type-page","status-publish","hentry"],"acf":[],"yoast_head":"<!-- This site is optimized with the Yoast SEO plugin v26.4 - https:\/\/yoast.com\/wordpress\/plugins\/seo\/ -->\n<title>P\u00e1lmalevelek - My Palm Leaf<\/title>\n<meta name=\"description\" content=\"Fedezd fel a p\u00e1lmalev\u00e9l olvas\u00e1s szent hagyom\u00e1ny\u00e1t, amely \u0151si b\u00f6lcsess\u00e9ggel vil\u00e1g\u00edtja meg egyedi spiritu\u00e1lis utadat! Kapcsolatfelv\u00e9tel!\" \/>\n<meta name=\"robots\" content=\"index, follow, max-snippet:-1, max-image-preview:large, max-video-preview:-1\" \/>\n<link rel=\"canonical\" href=\"https:\/\/mypalmleaf.com\/hu\/palmalevelek\/\" \/>\n<meta property=\"og:locale\" content=\"hu_HU\" \/>\n<meta property=\"og:type\" content=\"article\" \/>\n<meta property=\"og:title\" content=\"P\u00e1lmalevelek - My Palm Leaf\" \/>\n<meta property=\"og:description\" content=\"Fedezd fel a p\u00e1lmalev\u00e9l olvas\u00e1s szent hagyom\u00e1ny\u00e1t, amely \u0151si b\u00f6lcsess\u00e9ggel vil\u00e1g\u00edtja meg egyedi spiritu\u00e1lis utadat! Kapcsolatfelv\u00e9tel!\" \/>\n<meta property=\"og:url\" content=\"https:\/\/mypalmleaf.com\/hu\/palmalevelek\/\" \/>\n<meta property=\"og:site_name\" content=\"My Palm Leaf\" \/>\n<meta property=\"article:modified_time\" content=\"2025-05-01T05:05:01+00:00\" \/>\n<meta property=\"og:image\" content=\"https:\/\/mypalmleaf.com\/wp-content\/uploads\/2025\/08\/mpl-circle-logo.jpg\" \/>\n\t<meta property=\"og:image:width\" content=\"1200\" \/>\n\t<meta property=\"og:image:height\" content=\"1196\" \/>\n\t<meta property=\"og:image:type\" content=\"image\/jpeg\" \/>\n<meta name=\"twitter:card\" content=\"summary_large_image\" \/>\n<script type=\"application\/ld+json\" class=\"yoast-schema-graph\">{\"@context\":\"https:\/\/schema.org\",\"@graph\":[{\"@type\":\"WebPage\",\"@id\":\"https:\/\/mypalmleaf.com\/hu\/palmalevelek\/\",\"url\":\"https:\/\/mypalmleaf.com\/hu\/palmalevelek\/\",\"name\":\"P\u00e1lmalevelek - My Palm Leaf\",\"isPartOf\":{\"@id\":\"https:\/\/mypalmleaf.com\/#website\"},\"datePublished\":\"2024-08-15T02:38:41+00:00\",\"dateModified\":\"2025-05-01T05:05:01+00:00\",\"description\":\"Fedezd fel a p\u00e1lmalev\u00e9l olvas\u00e1s szent hagyom\u00e1ny\u00e1t, amely \u0151si b\u00f6lcsess\u00e9ggel vil\u00e1g\u00edtja meg egyedi spiritu\u00e1lis utadat! Kapcsolatfelv\u00e9tel!\",\"breadcrumb\":{\"@id\":\"https:\/\/mypalmleaf.com\/hu\/palmalevelek\/#breadcrumb\"},\"inLanguage\":\"hu\",\"potentialAction\":[{\"@type\":\"ReadAction\",\"target\":[\"https:\/\/mypalmleaf.com\/hu\/palmalevelek\/\"]}]},{\"@type\":\"BreadcrumbList\",\"@id\":\"https:\/\/mypalmleaf.com\/hu\/palmalevelek\/#breadcrumb\",\"itemListElement\":[{\"@type\":\"ListItem\",\"position\":1,\"name\":\"Home\",\"item\":\"https:\/\/mypalmleaf.com\/hu\/\"},{\"@type\":\"ListItem\",\"position\":2,\"name\":\"P\u00e1lmalevelek\"}]},{\"@type\":\"WebSite\",\"@id\":\"https:\/\/mypalmleaf.com\/#website\",\"url\":\"https:\/\/mypalmleaf.com\/\",\"name\":\"My Palm Leaf\",\"description\":\"\",\"potentialAction\":[{\"@type\":\"SearchAction\",\"target\":{\"@type\":\"EntryPoint\",\"urlTemplate\":\"https:\/\/mypalmleaf.com\/?s={search_term_string}\"},\"query-input\":{\"@type\":\"PropertyValueSpecification\",\"valueRequired\":true,\"valueName\":\"search_term_string\"}}],\"inLanguage\":\"hu\"}]}<\/script>\n<!-- \/ Yoast SEO plugin. -->","yoast_head_json":{"title":"P\u00e1lmalevelek - My Palm Leaf","description":"Fedezd fel a p\u00e1lmalev\u00e9l olvas\u00e1s szent hagyom\u00e1ny\u00e1t, amely \u0151si b\u00f6lcsess\u00e9ggel vil\u00e1g\u00edtja meg egyedi spiritu\u00e1lis utadat! Kapcsolatfelv\u00e9tel!","robots":{"index":"index","follow":"follow","max-snippet":"max-snippet:-1","max-image-preview":"max-image-preview:large","max-video-preview":"max-video-preview:-1"},"canonical":"https:\/\/mypalmleaf.com\/hu\/palmalevelek\/","og_locale":"hu_HU","og_type":"article","og_title":"P\u00e1lmalevelek - My Palm Leaf","og_description":"Fedezd fel a p\u00e1lmalev\u00e9l olvas\u00e1s szent hagyom\u00e1ny\u00e1t, amely \u0151si b\u00f6lcsess\u00e9ggel vil\u00e1g\u00edtja meg egyedi spiritu\u00e1lis utadat! Kapcsolatfelv\u00e9tel!","og_url":"https:\/\/mypalmleaf.com\/hu\/palmalevelek\/","og_site_name":"My Palm Leaf","article_modified_time":"2025-05-01T05:05:01+00:00","og_image":[{"width":1200,"height":1196,"url":"https:\/\/mypalmleaf.com\/wp-content\/uploads\/2025\/08\/mpl-circle-logo.jpg","type":"image\/jpeg"}],"twitter_card":"summary_large_image","schema":{"@context":"https:\/\/schema.org","@graph":[{"@type":"WebPage","@id":"https:\/\/mypalmleaf.com\/hu\/palmalevelek\/","url":"https:\/\/mypalmleaf.com\/hu\/palmalevelek\/","name":"P\u00e1lmalevelek - My Palm Leaf","isPartOf":{"@id":"https:\/\/mypalmleaf.com\/#website"},"datePublished":"2024-08-15T02:38:41+00:00","dateModified":"2025-05-01T05:05:01+00:00","description":"Fedezd fel a p\u00e1lmalev\u00e9l olvas\u00e1s szent hagyom\u00e1ny\u00e1t, amely \u0151si b\u00f6lcsess\u00e9ggel vil\u00e1g\u00edtja meg egyedi spiritu\u00e1lis utadat! Kapcsolatfelv\u00e9tel!","breadcrumb":{"@id":"https:\/\/mypalmleaf.com\/hu\/palmalevelek\/#breadcrumb"},"inLanguage":"hu","potentialAction":[{"@type":"ReadAction","target":["https:\/\/mypalmleaf.com\/hu\/palmalevelek\/"]}]},{"@type":"BreadcrumbList","@id":"https:\/\/mypalmleaf.com\/hu\/palmalevelek\/#breadcrumb","itemListElement":[{"@type":"ListItem","position":1,"name":"Home","item":"https:\/\/mypalmleaf.com\/hu\/"},{"@type":"ListItem","position":2,"name":"P\u00e1lmalevelek"}]},{"@type":"WebSite","@id":"https:\/\/mypalmleaf.com\/#website","url":"https:\/\/mypalmleaf.com\/","name":"My Palm Leaf","description":"","potentialAction":[{"@type":"SearchAction","target":{"@type":"EntryPoint","urlTemplate":"https:\/\/mypalmleaf.com\/?s={search_term_string}"},"query-input":{"@type":"PropertyValueSpecification","valueRequired":true,"valueName":"search_term_string"}}],"inLanguage":"hu"}]}},"_links":{"self":[{"href":"https:\/\/mypalmleaf.com\/hu\/wp-json\/wp\/v2\/pages\/36446","targetHints":{"allow":["GET"]}}],"collection":[{"href":"https:\/\/mypalmleaf.com\/hu\/wp-json\/wp\/v2\/pages"}],"about":[{"href":"https:\/\/mypalmleaf.com\/hu\/wp-json\/wp\/v2\/types\/page"}],"author":[{"embeddable":true,"href":"https:\/\/mypalmleaf.com\/hu\/wp-json\/wp\/v2\/users\/1"}],"replies":[{"embeddable":true,"href":"https:\/\/mypalmleaf.com\/hu\/wp-json\/wp\/v2\/comments?post=36446"}],"version-history":[{"count":0,"href":"https:\/\/mypalmleaf.com\/hu\/wp-json\/wp\/v2\/pages\/36446\/revisions"}],"wp:attachment":[{"href":"https:\/\/mypalmleaf.com\/hu\/wp-json\/wp\/v2\/media?parent=36446"}],"curies":[{"name":"wp","href":"https:\/\/api.w.org\/{rel}","templated":true}]}}