
{"id":36491,"date":"2024-09-05T05:40:59","date_gmt":"2024-09-05T05:40:59","guid":{"rendered":"https:\/\/mypalmleaf.com\/impresszum\/"},"modified":"2025-05-01T05:29:52","modified_gmt":"2025-05-01T05:29:52","slug":"impresszum","status":"publish","type":"page","link":"https:\/\/mypalmleaf.com\/hu\/impresszum\/","title":{"rendered":"Impresszum"},"content":{"rendered":"\n<p class=\"has-text-align-center\"><strong>A weboldal\u00e9rt hivatalosan felel\u0151s:<\/strong><strong><br\/><\/strong>Conscious Innovation Lab O\u00dc<br\/>Sakala tn 7-2<br\/>10141 Tallinn<br\/>\u00c9sztorsz\u00e1g<\/p>\n\n<p class=\"has-text-align-center\"><strong>K\u00e9pviseli:<\/strong><strong><br\/><\/strong>Stephan Oesterreicher<\/p>\n\n<p class=\"has-text-align-center\"><strong>Kapcsolat:<\/strong><strong><br\/><\/strong>E-mail: info@mypalmleaf.com<br\/>Telefon: : <br\/> WhatsApp: +49 1575 3142393 WhatsApp: +49 1575 3142393<\/p>\n\n<p class=\"has-text-align-center\"><strong>Kereskedelmi nyilv\u00e1ntart\u00e1s:<\/strong><strong><br\/><\/strong>Regisztr\u00e1lt az \u00e9szt c\u00e9gjegyz\u00e9kben (\u00c4riregister)<br\/>Regisztr\u00e1ci\u00f3s sz\u00e1m: 14825448<\/p>\n\n<p class=\"has-text-align-center\"><strong>H\u00c9A-azonos\u00edt\u00f3sz\u00e1m:<\/strong><\/p>\n\n<p class=\"has-text-align-center\">EE102459135  <strong><br\/><br\/><\/strong><\/p>\n","protected":false},"excerpt":{"rendered":"<p>A weboldal\u00e9rt hivatalosan felel\u0151s:Conscious Innovation Lab O\u00dcSakala tn 7-210141 Tallinn\u00c9sztorsz\u00e1g K\u00e9pviseli:Stephan Oesterreicher Kapcsolat:E-mail: info@mypalmleaf.comTelefon: : WhatsApp: +49 1575 3142393 WhatsApp: +49 1575 3142393 Kereskedelmi nyilv\u00e1ntart\u00e1s:Regisztr\u00e1lt az \u00e9szt c\u00e9gjegyz\u00e9kben (\u00c4riregister)Regisztr\u00e1ci\u00f3s sz\u00e1m: 14825448 H\u00c9A-azonos\u00edt\u00f3sz\u00e1m: EE102459135<\/p>\n","protected":false},"author":1,"featured_media":0,"parent":0,"menu_order":0,"comment_status":"closed","ping_status":"closed","template":"static-template-page.php","meta":{"_acf_changed":false,"footnotes":""},"class_list":["post-36491","page","type-page","status-publish","hentry"],"acf":[],"yoast_head":"<!-- This site is optimized with the Yoast SEO plugin v26.4 - https:\/\/yoast.com\/wordpress\/plugins\/seo\/ -->\n<title>Impresszum - My Palm Leaf<\/title>\n<meta name=\"description\" content=\"Olvasd el jogi nyilatkozatunkat, hogy t\u00f6bbet megtudhass a My Palm Leaf m\u00f6g\u00f6tt \u00e1ll\u00f3 szem\u00e9lyekr\u0151l \u00e9s gyakorlatokr\u00f3l, biztos\u00edtva az \u00e1tl\u00e1that\u00f3s\u00e1got.\" \/>\n<meta name=\"robots\" content=\"index, follow, max-snippet:-1, max-image-preview:large, max-video-preview:-1\" \/>\n<link rel=\"canonical\" href=\"https:\/\/mypalmleaf.com\/impression\/\" \/>\n<meta property=\"og:locale\" content=\"hu_HU\" \/>\n<meta property=\"og:type\" content=\"article\" \/>\n<meta property=\"og:title\" content=\"Impresszum - My Palm Leaf\" \/>\n<meta property=\"og:description\" content=\"Olvasd el jogi nyilatkozatunkat, hogy t\u00f6bbet megtudhass a My Palm Leaf m\u00f6g\u00f6tt \u00e1ll\u00f3 szem\u00e9lyekr\u0151l \u00e9s gyakorlatokr\u00f3l, biztos\u00edtva az \u00e1tl\u00e1that\u00f3s\u00e1got.\" \/>\n<meta property=\"og:url\" content=\"https:\/\/mypalmleaf.com\/impression\/\" \/>\n<meta property=\"og:site_name\" content=\"My Palm Leaf\" \/>\n<meta property=\"article:modified_time\" content=\"2025-05-01T05:29:52+00:00\" \/>\n<meta property=\"og:image\" content=\"https:\/\/mypalmleaf.com\/wp-content\/uploads\/2025\/08\/mpl-circle-logo.jpg\" \/>\n\t<meta property=\"og:image:width\" content=\"1200\" \/>\n\t<meta property=\"og:image:height\" content=\"1196\" \/>\n\t<meta property=\"og:image:type\" content=\"image\/jpeg\" \/>\n<meta name=\"twitter:card\" content=\"summary_large_image\" \/>\n<meta name=\"twitter:label1\" content=\"Becs\u00fclt olvas\u00e1si id\u0151\" \/>\n\t<meta name=\"twitter:data1\" content=\"1 perc\" \/>\n<script type=\"application\/ld+json\" class=\"yoast-schema-graph\">{\"@context\":\"https:\/\/schema.org\",\"@graph\":[{\"@type\":\"WebPage\",\"@id\":\"https:\/\/mypalmleaf.com\/impression\/\",\"url\":\"https:\/\/mypalmleaf.com\/impression\/\",\"name\":\"Impresszum - My Palm Leaf\",\"isPartOf\":{\"@id\":\"https:\/\/mypalmleaf.com\/#website\"},\"datePublished\":\"2024-09-05T05:40:59+00:00\",\"dateModified\":\"2025-05-01T05:29:52+00:00\",\"description\":\"Olvasd el jogi nyilatkozatunkat, hogy t\u00f6bbet megtudhass a My Palm Leaf m\u00f6g\u00f6tt \u00e1ll\u00f3 szem\u00e9lyekr\u0151l \u00e9s gyakorlatokr\u00f3l, biztos\u00edtva az \u00e1tl\u00e1that\u00f3s\u00e1got.\",\"breadcrumb\":{\"@id\":\"https:\/\/mypalmleaf.com\/impression\/#breadcrumb\"},\"inLanguage\":\"hu\",\"potentialAction\":[{\"@type\":\"ReadAction\",\"target\":[\"https:\/\/mypalmleaf.com\/impression\/\"]}]},{\"@type\":\"BreadcrumbList\",\"@id\":\"https:\/\/mypalmleaf.com\/impression\/#breadcrumb\",\"itemListElement\":[{\"@type\":\"ListItem\",\"position\":1,\"name\":\"Home\",\"item\":\"https:\/\/mypalmleaf.com\/hu\/\"},{\"@type\":\"ListItem\",\"position\":2,\"name\":\"Impresszum\"}]},{\"@type\":\"WebSite\",\"@id\":\"https:\/\/mypalmleaf.com\/#website\",\"url\":\"https:\/\/mypalmleaf.com\/\",\"name\":\"My Palm Leaf\",\"description\":\"\",\"potentialAction\":[{\"@type\":\"SearchAction\",\"target\":{\"@type\":\"EntryPoint\",\"urlTemplate\":\"https:\/\/mypalmleaf.com\/?s={search_term_string}\"},\"query-input\":{\"@type\":\"PropertyValueSpecification\",\"valueRequired\":true,\"valueName\":\"search_term_string\"}}],\"inLanguage\":\"hu\"}]}<\/script>\n<!-- \/ Yoast SEO plugin. -->","yoast_head_json":{"title":"Impresszum - My Palm Leaf","description":"Olvasd el jogi nyilatkozatunkat, hogy t\u00f6bbet megtudhass a My Palm Leaf m\u00f6g\u00f6tt \u00e1ll\u00f3 szem\u00e9lyekr\u0151l \u00e9s gyakorlatokr\u00f3l, biztos\u00edtva az \u00e1tl\u00e1that\u00f3s\u00e1got.","robots":{"index":"index","follow":"follow","max-snippet":"max-snippet:-1","max-image-preview":"max-image-preview:large","max-video-preview":"max-video-preview:-1"},"canonical":"https:\/\/mypalmleaf.com\/impression\/","og_locale":"hu_HU","og_type":"article","og_title":"Impresszum - My Palm Leaf","og_description":"Olvasd el jogi nyilatkozatunkat, hogy t\u00f6bbet megtudhass a My Palm Leaf m\u00f6g\u00f6tt \u00e1ll\u00f3 szem\u00e9lyekr\u0151l \u00e9s gyakorlatokr\u00f3l, biztos\u00edtva az \u00e1tl\u00e1that\u00f3s\u00e1got.","og_url":"https:\/\/mypalmleaf.com\/impression\/","og_site_name":"My Palm Leaf","article_modified_time":"2025-05-01T05:29:52+00:00","og_image":[{"width":1200,"height":1196,"url":"https:\/\/mypalmleaf.com\/wp-content\/uploads\/2025\/08\/mpl-circle-logo.jpg","type":"image\/jpeg"}],"twitter_card":"summary_large_image","twitter_misc":{"Becs\u00fclt olvas\u00e1si id\u0151":"1 perc"},"schema":{"@context":"https:\/\/schema.org","@graph":[{"@type":"WebPage","@id":"https:\/\/mypalmleaf.com\/impression\/","url":"https:\/\/mypalmleaf.com\/impression\/","name":"Impresszum - My Palm Leaf","isPartOf":{"@id":"https:\/\/mypalmleaf.com\/#website"},"datePublished":"2024-09-05T05:40:59+00:00","dateModified":"2025-05-01T05:29:52+00:00","description":"Olvasd el jogi nyilatkozatunkat, hogy t\u00f6bbet megtudhass a My Palm Leaf m\u00f6g\u00f6tt \u00e1ll\u00f3 szem\u00e9lyekr\u0151l \u00e9s gyakorlatokr\u00f3l, biztos\u00edtva az \u00e1tl\u00e1that\u00f3s\u00e1got.","breadcrumb":{"@id":"https:\/\/mypalmleaf.com\/impression\/#breadcrumb"},"inLanguage":"hu","potentialAction":[{"@type":"ReadAction","target":["https:\/\/mypalmleaf.com\/impression\/"]}]},{"@type":"BreadcrumbList","@id":"https:\/\/mypalmleaf.com\/impression\/#breadcrumb","itemListElement":[{"@type":"ListItem","position":1,"name":"Home","item":"https:\/\/mypalmleaf.com\/hu\/"},{"@type":"ListItem","position":2,"name":"Impresszum"}]},{"@type":"WebSite","@id":"https:\/\/mypalmleaf.com\/#website","url":"https:\/\/mypalmleaf.com\/","name":"My Palm Leaf","description":"","potentialAction":[{"@type":"SearchAction","target":{"@type":"EntryPoint","urlTemplate":"https:\/\/mypalmleaf.com\/?s={search_term_string}"},"query-input":{"@type":"PropertyValueSpecification","valueRequired":true,"valueName":"search_term_string"}}],"inLanguage":"hu"}]}},"_links":{"self":[{"href":"https:\/\/mypalmleaf.com\/hu\/wp-json\/wp\/v2\/pages\/36491","targetHints":{"allow":["GET"]}}],"collection":[{"href":"https:\/\/mypalmleaf.com\/hu\/wp-json\/wp\/v2\/pages"}],"about":[{"href":"https:\/\/mypalmleaf.com\/hu\/wp-json\/wp\/v2\/types\/page"}],"author":[{"embeddable":true,"href":"https:\/\/mypalmleaf.com\/hu\/wp-json\/wp\/v2\/users\/1"}],"replies":[{"embeddable":true,"href":"https:\/\/mypalmleaf.com\/hu\/wp-json\/wp\/v2\/comments?post=36491"}],"version-history":[{"count":0,"href":"https:\/\/mypalmleaf.com\/hu\/wp-json\/wp\/v2\/pages\/36491\/revisions"}],"wp:attachment":[{"href":"https:\/\/mypalmleaf.com\/hu\/wp-json\/wp\/v2\/media?parent=36491"}],"curies":[{"name":"wp","href":"https:\/\/api.w.org\/{rel}","templated":true}]}}