
{"id":36519,"date":"2024-09-05T05:42:23","date_gmt":"2024-09-05T05:42:23","guid":{"rendered":"https:\/\/mypalmleaf.com\/feltetelek-es-feltetelek\/"},"modified":"2025-04-24T10:26:51","modified_gmt":"2025-04-24T10:26:51","slug":"feltetelek-es-feltetelek","status":"publish","type":"page","link":"https:\/\/mypalmleaf.com\/hu\/feltetelek-es-feltetelek\/","title":{"rendered":"Felt\u00e9telek \u00e9s felt\u00e9telek"},"content":{"rendered":"\n<h2 class=\"wp-block-heading has-text-align-left\">Utols\u00f3 friss\u00edt\u00e9s: november 22, 2024<\/h2>\n\n<p><strong>MEG\u00c1LLAPOD\u00c1S A FELT\u00c9TELEKR\u0150L<\/strong><\/p>\n\n<p><strong>Meg\u00e1llapod\u00e1s a Felt\u00e9telekhez<\/strong> Ezek a Felt\u00e9telek (&#8222;Felt\u00e9telek&#8221;) egy jogilag k\u00f6telez\u0151 \u00e9rv\u00e9ny\u0171 meg\u00e1llapod\u00e1st k\u00e9peznek az \u00d6n &#8211; ak\u00e1r szem\u00e9lyesen, ak\u00e1r egy szervezet (&#8222;\u00d6n&#8221;) nev\u00e9ben &#8211; \u00e9s a MyPalmLeaf n\u00e9ven m\u0171k\u00f6d\u0151 Conscious Innovation Lab O\u00dc (&#8222;MyPalmLeaf&#8221;, &#8222;mi&#8221;, &#8222;minket&#8221; vagy &#8222;mi\u00e9nk&#8221;) k\u00f6z\u00f6tt, amely a www.mypalmleaf.com weboldalhoz \u00e9s b\u00e1rmely m\u00e1s kapcsol\u00f3d\u00f3 m\u00e9diaform\u00e1hoz, csatorn\u00e1hoz, mobil weboldalakhoz vagy alkalmaz\u00e1sokhoz (egy\u00fcttesen a &#8222;Webhely&#8221;) val\u00f3 hozz\u00e1f\u00e9r\u00e9sre \u00e9s azok haszn\u00e1lat\u00e1ra vonatkozik. A Honlaphoz val\u00f3 hozz\u00e1f\u00e9r\u00e9ssel vagy annak haszn\u00e1lat\u00e1val \u00d6n kijelenti, hogy elolvasta, meg\u00e9rtette \u00e9s elfogadta a jelen Felt\u00e9teleket. Ha nem \u00e9rt egyet a jelen Felt\u00e9telekkel, k\u00e9rj\u00fck, azonnal hagyja abba a Webhely haszn\u00e1lat\u00e1t.  <\/p>\n\n<p>A MyPalmLeaf \u00c9sztorsz\u00e1gban van bejegyezve, sz\u00e9khelye: Sakala tn 7-2, Tallinn, Harju 10141.<span id=\"docs-internal-guid-39601ff5-7fff-94b4-2e21-c11b3f240ebd\"><div><span style=\"font-size: 12pt; font-family: Arial, sans-serif; color: rgb(13, 13, 13); background-color: transparent; font-variant-numeric: normal; font-variant-east-asian: normal; font-variant-alternates: normal; font-variant-position: normal; vertical-align: baseline;\"><\/span><\/div><\/span><strong>Kieg\u00e9sz\u00edt\u0151 felt\u00e9telek<\/strong> Kieg\u00e9sz\u00edt\u0151 felt\u00e9telek vagy dokumentumok jelenhetnek meg a Webhelyen, \u00e9s hivatkoz\u00e1ssal be\u00e9p\u00fclnek a jelen Felt\u00e9telekbe. Fenntartjuk a jogot, hogy a jelen Felt\u00e9teleket b\u00e1rmikor friss\u00edts\u00fck vagy m\u00f3dos\u00edtsuk. A v\u00e1ltoz\u00e1sokat a dokumentum tetej\u00e9n tal\u00e1lhat\u00f3 &#8222;Utols\u00f3 friss\u00edt\u00e9s&#8221; d\u00e1tummal jelezz\u00fck. A Webhely friss\u00edt\u00e9seket k\u00f6vet\u0151 tov\u00e1bbi haszn\u00e1lata a m\u00f3dos\u00edtott Felt\u00e9telek elfogad\u00e1s\u00e1nak min\u0151s\u00fcl. Javasoljuk, hogy rendszeresen tekintse \u00e1t a jelen Felt\u00e9teleket.<br\/>A Webhelyen tal\u00e1lhat\u00f3 inform\u00e1ci\u00f3kat nem sz\u00e1njuk olyan szem\u00e9ly vagy szervezet r\u00e9sz\u00e9re t\u00f6rt\u00e9n\u0151 terjeszt\u00e9sre vagy felhaszn\u00e1l\u00e1sra, amely olyan joghat\u00f3s\u00e1g vagy orsz\u00e1g ter\u00fclet\u00e9n tal\u00e1lhat\u00f3, ahol az ilyen terjeszt\u00e9s vagy felhaszn\u00e1l\u00e1s t\u00f6rv\u00e9nybe vagy szab\u00e1lyoz\u00e1sba \u00fctk\u00f6zik, vagy amely az ilyen joghat\u00f3s\u00e1gban vagy orsz\u00e1gban regisztr\u00e1ci\u00f3s k\u00f6telezetts\u00e9g al\u00e1 vetne minket. Ennek megfelel\u0151en azok a szem\u00e9lyek, akik \u00fagy d\u00f6ntenek, hogy m\u00e1s helyekr\u0151l f\u00e9rnek hozz\u00e1 a Webhelyhez, ezt saj\u00e1t kezdem\u00e9nyez\u00e9s\u00fckre teszik, \u00e9s kiz\u00e1r\u00f3lag \u0151k felel\u0151sek a helyi t\u00f6rv\u00e9nyek betart\u00e1s\u00e1\u00e9rt, ha \u00e9s amennyiben a helyi t\u00f6rv\u00e9nyek alkalmazand\u00f3k.     <\/p>\n\n<p><strong>Jogi megfelel\u00e9s<\/strong> A Webhely olyan felhaszn\u00e1l\u00f3k sz\u00e1m\u00e1ra k\u00e9sz\u00fclt, akik legal\u00e1bb 18 \u00e9vesek. Az \u00c9sztorsz\u00e1gon k\u00edv\u00fclr\u0151l a Honlaphoz hozz\u00e1f\u00e9r\u0151 felhaszn\u00e1l\u00f3knak biztos\u00edtaniuk kell a vonatkoz\u00f3 helyi t\u00f6rv\u00e9nyek betart\u00e1s\u00e1t. A MyPalmLeaf nem v\u00e1llal felel\u0151ss\u00e9get a Webhely olyan joghat\u00f3s\u00e1gokban t\u00f6rt\u00e9n\u0151 haszn\u00e1lat\u00e1\u00e9rt, ahol a Webhely tartalma vagy funkci\u00f3i s\u00e9rthetik a helyi jogszab\u00e1lyokat. Megjegyz\u00e9s: A jelen Felt\u00e9telek egyetlen rendelkez\u00e9se sem \u00edrja fel\u00fcl az Eur\u00f3pai Uni\u00f3n bel\u00fcli lak\u00f3helye szerinti orsz\u00e1g fogyaszt\u00f3v\u00e9delmi t\u00f6rv\u00e9nyeit.   <\/p>\n\n<p><strong>Szellemi tulajdonjogok<\/strong> A Webhely \u00e9s annak teljes tartalma, bele\u00e9rtve, de nem kiz\u00e1r\u00f3lagosan a sz\u00f6veget, grafik\u00e1kat, log\u00f3kat, k\u00e9peket, vide\u00f3kat \u00e9s szoftvereket (egy\u00fcttesen a &#8222;Tartalom&#8221;), a MyPalmLeaf tulajdon\u00e1t k\u00e9pezik, vagy a MyPalmLeaf sz\u00e1m\u00e1ra licenceltek, \u00e9s a nemzetk\u00f6zi szerz\u0151i jogi \u00e9s v\u00e9djegyjogok v\u00e9dik \u0151ket. \u00d6n korl\u00e1tozott, nem kiz\u00e1r\u00f3lagos, nem \u00e1truh\u00e1zhat\u00f3 \u00e9s visszavonhat\u00f3 enged\u00e9lyt kap a Webhely szem\u00e9lyes, nem kereskedelmi c\u00e9l\u00fa haszn\u00e1lat\u00e1ra. A tartalom enged\u00e9ly n\u00e9lk\u00fcli reproduk\u00e1l\u00e1sa, terjeszt\u00e9se, m\u00f3dos\u00edt\u00e1sa vagy hasznos\u00edt\u00e1sa szigor\u00faan tilos.  <br\/><\/p>\n\n<p>A harmadik f\u00e9lt\u0151l sz\u00e1rmaz\u00f3 tartalomra a vonatkoz\u00f3 licencfelt\u00e9telek vonatkoznak, amelyek\u00e9rt tov\u00e1bbra is a harmadik f\u00e9l felel.<\/p>\n\n<p><strong>Felhaszn\u00e1l\u00f3i nyilatkozatok<\/strong> A Webhely haszn\u00e1lat\u00e1val \u00d6n kijelenti, hogy:<\/p>\n\n<ul class=\"wp-block-list\">\n<li>Az \u00d6n \u00e1ltal megadott regisztr\u00e1ci\u00f3s adatok pontosak \u00e9s naprak\u00e9szek.<\/li>\n\n\n\n<li>Fenntartja fi\u00f3kja hiteles\u00edt\u0151 adatainak biztons\u00e1g\u00e1t.<\/li>\n\n\n\n<li>\u00d6n nem haszn\u00e1lja a Webhelyet jogellenes c\u00e9lokra vagy az alkalmazand\u00f3 t\u00f6rv\u00e9nyek megs\u00e9rt\u00e9s\u00e9re.<\/li>\n\n\n\n<li>\u00d6n rendelkezik a jelen Felt\u00e9telek elfogad\u00e1s\u00e1hoz sz\u00fcks\u00e9ges jogk\u00e9pess\u00e9ggel.<\/li>\n<\/ul>\n\n<p>Ezen nyilatkozatok be nem tart\u00e1sa az \u00d6n fi\u00f3kj\u00e1nak megsz\u00fcntet\u00e9s\u00e9t eredm\u00e9nyezheti.<\/p>\n\n<p><strong>Adatv\u00e9delem<\/strong> Tiszteletben tartjuk az \u00d6n mag\u00e1n\u00e9let\u00e9t, \u00e9s szem\u00e9lyes adatait a jelen Felt\u00e9telek r\u00e9sz\u00e9t k\u00e9pez\u0151 Adatv\u00e9delmi szab\u00e1lyzatunknak megfelel\u0151en kezelj\u00fck. A Webhely haszn\u00e1lat\u00e1val \u00d6n hozz\u00e1j\u00e1rul az adatainak az Adatv\u00e9delmi szab\u00e1lyzatban le\u00edrtak szerinti gy\u0171jt\u00e9s\u00e9hez, felhaszn\u00e1l\u00e1s\u00e1hoz \u00e9s feldolgoz\u00e1s\u00e1hoz. Ha \u00d6n az Eur\u00f3pai Uni\u00f3ban tart\u00f3zkodik, az \u00d6n adatait az \u00e1ltal\u00e1nos adatv\u00e9delmi rendeletnek (GDPR) megfelel\u0151en kezelj\u00fck.  <\/p>\n\n<p>Az \u00e1ltalunk betartott legfontosabb GDPR-elvek k\u00f6z\u00e9 tartoznak:<\/p>\n\n<ul class=\"wp-block-list\">\n<li>\u00c1tl\u00e1that\u00f3s\u00e1g: Vil\u00e1gos \u00e9s \u00e9rthet\u0151 magyar\u00e1zat arra vonatkoz\u00f3an, hogy az \u00d6n adatait hogyan gy\u0171jtik, dolgozz\u00e1k fel \u00e9s t\u00e1rolj\u00e1k.<\/li>\n\n\n\n<li>Hozz\u00e1f\u00e9r\u00e9si jog: K\u00e9rheti az \u00d6nr\u0151l t\u00e1rolt adatokhoz val\u00f3 hozz\u00e1f\u00e9r\u00e9st.<\/li>\n\n\n\n<li>Helyesb\u00edt\u00e9shez \u00e9s t\u00f6rl\u00e9shez val\u00f3 jog: \u00d6n k\u00e9rheti szem\u00e9lyes adatainak helyesb\u00edt\u00e9s\u00e9t vagy t\u00f6rl\u00e9s\u00e9t.<\/li>\n\n\n\n<li>Adathordozhat\u00f3s\u00e1g: Az adatok hordozhat\u00f3s\u00e1ga: \u00d6n k\u00e9rheti adatainak m\u00e1solat\u00e1t hordozhat\u00f3 form\u00e1tumban.<\/li>\n\n\n\n<li>A hozz\u00e1j\u00e1rul\u00e1s visszavon\u00e1s\u00e1nak joga: \u00d6n b\u00e1rmikor visszavonhatja az adatfeldolgoz\u00e1shoz adott hozz\u00e1j\u00e1rul\u00e1s\u00e1t.<\/li>\n\n\n\n<li>Megtart\u00e1s: Az adatokat csak addig \u0151rizz\u00fck meg, ameddig az adatgy\u0171jt\u00e9s c\u00e9ljainak el\u00e9r\u00e9s\u00e9hez sz\u00fcks\u00e9ges, kiv\u00e9ve, ha jogszab\u00e1ly m\u00e1sk\u00e9nt nem rendelkezik.<\/li>\n<\/ul>\n\n<p>Adatv\u00e9delemmel kapcsolatos k\u00e9rd\u00e9seivel forduljon hozz\u00e1nk a info@mypalmleaf.com e-mail c\u00edmen. Az \u00d6n adatait feldolgoz\u00f3 harmadik f\u00e9l szolg\u00e1ltat\u00f3k megfelelnek a vonatkoz\u00f3 el\u0151\u00edr\u00e1soknak, k\u00fcl\u00f6n\u00f6sen, ha az EU-n k\u00edv\u00fcl helyezkednek el. <br\/><\/p>\n\n<p><strong>Term\u00e9kek \u00e9s szolg\u00e1ltat\u00e1sok<\/strong> T\u00f6reksz\u00fcnk arra, hogy pontos le\u00edr\u00e1st adjunk term\u00e9keinkr\u0151l \u00e9s szolg\u00e1ltat\u00e1sainkr\u00f3l. Nem garant\u00e1ljuk azonban, hogy a le\u00edr\u00e1sok, \u00e1rak vagy egy\u00e9b tartalmak hib\u00e1tlanok. A term\u00e9kek \u00e9s szolg\u00e1ltat\u00e1sok a rendelkez\u00e9sre \u00e1ll\u00e1s f\u00fcggv\u00e9ny\u00e9ben, az \u00e1rak pedig el\u0151zetes \u00e9rtes\u00edt\u00e9s n\u00e9lk\u00fcl v\u00e1ltozhatnak. Minden fizet\u00e9st biztons\u00e1gosan kezel\u00fcnk, az elfogadott fizet\u00e9si m\u00f3dokkal kapcsolatos r\u00e9szletek a Webhelyen tal\u00e1lhat\u00f3k.   <br\/><\/p>\n\n<p><strong>Visszat\u00e9r\u00edt\u00e9s \u00e9s visszat\u00e9r\u00edt\u00e9s<\/strong> Minden \u00e9rt\u00e9kes\u00edt\u00e9s v\u00e9gleges. Visszat\u00e9r\u00edt\u00e9sre csak az alkalmazand\u00f3 fogyaszt\u00f3v\u00e9delmi t\u00f6rv\u00e9nyek \u00e1ltal el\u0151\u00edrt esetekben ker\u00fcl sor. <br\/><\/p>\n\n<p><strong>Kiv\u00e9tel:<\/strong> Ha a p\u00e1lmalevelet nem tal\u00e1lj\u00e1k meg 3 tal\u00e1lkoz\u00f3n bel\u00fcl, teljes visszat\u00e9r\u00edt\u00e9sre jogosult.<br\/><\/p>\n\n<p>A MyPalmLeaf \u00e1ltal ny\u00fajtott szolg\u00e1ltat\u00e1sok rendk\u00edv\u00fcl szem\u00e9lyre szabottak \u00e9s minden egyes szem\u00e9lyre szabottak, egyedi ujjlenyomatuk alapj\u00e1n. A h\u00fcvelykujjlenyomat megad\u00e1s\u00e1val \u00d6n tudom\u00e1sul veszi \u00e9s elfogadja, hogy a ny\u00fajtott szolg\u00e1ltat\u00e1s kifejezetten az \u00d6nre szabott. <br\/><\/p>\n\n<p>Az uni\u00f3s fogyaszt\u00f3v\u00e9delmi jogszab\u00e1lyokkal \u00f6sszhangban a szem\u00e9lyre szabott szolg\u00e1ltat\u00e1sok mentes\u00fclnek az \u00e1ltal\u00e1nos el\u00e1ll\u00e1si jog al\u00f3l. Ez\u00e9rt a h\u00fcvelykujjlenyomat elk\u00fcld\u00e9s\u00e9t \u00e9s a szem\u00e9lyre szab\u00e1si folyamat megkezd\u00e9s\u00e9t k\u00f6vet\u0151en visszat\u00e9r\u00edt\u00e9sre vagy lemond\u00e1sra m\u00e1r nincs lehet\u0151s\u00e9g. <br\/><\/p>\n\n<p><strong>Tiltott tev\u00e9kenys\u00e9gek<\/strong> \u00d6n v\u00e1llalja, hogy:<\/p>\n\n<p>A Webhelyet jogosulatlan kereskedelmi c\u00e9lokra haszn\u00e1lni.<\/p>\n\n<p>Rosszindulat\u00fa szoftverek, p\u00e9ld\u00e1ul v\u00edrusok vagy rosszindulat\u00fa programok terjeszt\u00e9se.<\/p>\n\n<p>A Webhely biztons\u00e1gi funkci\u00f3inak megzavar\u00e1sa.<\/p>\n\n<p>enged\u00e9ly n\u00e9lk\u00fcl felhaszn\u00e1l\u00f3i adatokat gy\u0171jteni vagy lek\u00e9rdezni a Honlapr\u00f3l.<\/p>\n\n<ul class=\"wp-block-list\">\n<li>A Webhelyet jogosulatlan kereskedelmi c\u00e9lokra haszn\u00e1lni.<\/li>\n\n\n\n<li>Rosszindulat\u00fa szoftverek, p\u00e9ld\u00e1ul v\u00edrusok vagy rosszindulat\u00fa programok terjeszt\u00e9se.<\/li>\n\n\n\n<li>A Webhely biztons\u00e1gi funkci\u00f3inak megzavar\u00e1sa.<\/li>\n\n\n\n<li>enged\u00e9ly n\u00e9lk\u00fcl felhaszn\u00e1l\u00f3i adatokat gy\u0171jteni vagy lek\u00e9rdezni a Honlapr\u00f3l.<\/li>\n\n\n\n<li>Olyan tev\u00e9kenys\u00e9get folytatni, amely k\u00e1ros\u00edtja a Webhely m\u0171k\u00f6d\u00e9s\u00e9t vagy h\u00edrnev\u00e9t.<\/li>\n<\/ul>\n\n<p>A jogs\u00e9rt\u00e9sek azonnali fi\u00f3kfelf\u00fcggeszt\u00e9st vagy jogi l\u00e9p\u00e9seket eredm\u00e9nyezhetnek. Fenntartjuk a jogot, hogy a tiltott tev\u00e9kenys\u00e9gek felder\u00edt\u00e9se \u00e9s megakad\u00e1lyoz\u00e1sa \u00e9rdek\u00e9ben figyelemmel k\u00eds\u00e9rj\u00fck a Honlapon v\u00e9gzett tev\u00e9kenys\u00e9geket. <\/p>\n\n<p><strong>Felhaszn\u00e1l\u00f3 \u00e1ltal gener\u00e1lt hozz\u00e1j\u00e1rul\u00e1sok<\/strong> Ha a Webhely lehet\u0151v\u00e9 teszi a felhaszn\u00e1l\u00f3 \u00e1ltal gener\u00e1lt tartalmak (&#8222;Hozz\u00e1j\u00e1rul\u00e1sok&#8221;) haszn\u00e1lat\u00e1t, \u00d6n elfogadja, hogy:<\/p>\n\n<ul class=\"wp-block-list\">\n<li>Az \u00d6n Hozz\u00e1j\u00e1rul\u00e1sai nem s\u00e9rtik harmadik felek jogait, bele\u00e9rtve a szellemi tulajdonjogokat.<\/li>\n\n\n\n<li>Az \u00d6n Hozz\u00e1j\u00e1rul\u00e1sai nem becs\u00fclets\u00e9rt\u0151ek, obszc\u00e9nek vagy m\u00e1s m\u00f3don t\u00f6rv\u00e9nytelenek.<\/li>\n\n\n\n<li>\u00d6n nem kiz\u00e1r\u00f3lagos, jogd\u00edjmentes, vil\u00e1gm\u00e9ret\u0171 licencet biztos\u00edt a MyPalmLeaf sz\u00e1m\u00e1ra a Hozz\u00e1j\u00e1rul\u00e1sok felhaszn\u00e1l\u00e1s\u00e1ra, sokszoros\u00edt\u00e1s\u00e1ra \u00e9s terjeszt\u00e9s\u00e9re.<\/li>\n<\/ul>\n\n<p>Fenntartjuk a jogot, hogy moder\u00e1ljuk vagy elt\u00e1vol\u00edtsuk a jelen Felt\u00e9teleket s\u00e9rt\u0151 Hozz\u00e1j\u00e1rul\u00e1sokat.<\/p>\n\n<p><strong>Vitarendez\u00e9s<\/strong><\/p>\n\n<ul class=\"wp-block-list\">\n<li><strong>Nem hivatalos \u00e1ll\u00e1sfoglal\u00e1s:<\/strong> B\u00e1tor\u00edtjuk a vit\u00e1k nem hivatalos rendez\u00e9s\u00e9t. K\u00e9rj\u00fck, vegye fel vel\u00fcnk a kapcsolatot a info@mypalmleaf.com c\u00edmen, hogy megbesz\u00e9lhess\u00fck az esetleges probl\u00e9m\u00e1kat. <\/li>\n\n\n\n<li><strong>V\u00e1lasztottb\u00edr\u00f3s\u00e1gi elj\u00e1r\u00e1s:<\/strong> A vit\u00e1s k\u00e9rd\u00e9seket az Eur\u00f3pai V\u00e1lasztottb\u00edr\u00f3s\u00e1g szab\u00e1lyai szerint lefolytatott k\u00f6telez\u0151 \u00e9rv\u00e9ny\u0171 v\u00e1lasztottb\u00edr\u00f3s\u00e1gi elj\u00e1r\u00e1s keret\u00e9ben kell rendezni. A v\u00e1lasztottb\u00edr\u00f3s\u00e1g sz\u00e9khelye Berlin, N\u00e9metorsz\u00e1g, \u00e9s az elj\u00e1r\u00e1st angol nyelven folytatj\u00e1k le. Mindk\u00e9t f\u00e9l maga viseli a saj\u00e1t k\u00f6lts\u00e9geit, kiv\u00e9ve, ha a v\u00e1lasztottb\u00edr\u00f3 m\u00e1sk\u00e9nt nem rendelkezik.  <\/li>\n<\/ul>\n\n<p><strong>Kiv\u00e9telek:<\/strong><\/p>\n\n<ul class=\"wp-block-list\">\n<li>Szellemi tulajdonjogi ig\u00e9nyek.<\/li>\n\n\n\n<li>\u00c1ll\u00edt\u00f3lagos b\u0171ncselekm\u00e9nyekkel vagy az adatv\u00e9delem megs\u00e9rt\u00e9s\u00e9vel kapcsolatos ig\u00e9nyek.<\/li>\n\n\n\n<li>Olyan k\u00f6vetel\u00e9sek, amelyek eset\u00e9ben a k\u00f6telez\u0151 helyi jogszab\u00e1lyok helyi b\u00edr\u00f3s\u00e1gok el\u0151tti rendez\u00e9st \u00edrnak el\u0151.<\/li>\n<\/ul>\n\n<p><strong>A felel\u0151ss\u00e9g korl\u00e1toz\u00e1sa<\/strong> A t\u00f6rv\u00e9ny \u00e1ltal megengedett m\u00e9rt\u00e9kben a MyPalmLeaf \u00e9s kapcsolt v\u00e1llalkoz\u00e1sai nem felelnek a Webhely haszn\u00e1lat\u00e1b\u00f3l ered\u0151 k\u00f6zvetett, v\u00e9letlen vagy k\u00f6vetkezm\u00e9nyes k\u00e1rok\u00e9rt. Teljes felel\u0151ss\u00e9g\u00fcnk az \u00d6n \u00e1ltal a term\u00e9kek\u00e9rt vagy szolg\u00e1ltat\u00e1sok\u00e9rt kifizetett \u00f6sszegre korl\u00e1toz\u00f3dik. <\/p>\n\n<p>Ez a korl\u00e1toz\u00e1s nem vonatkozik a csal\u00e1s\u00e9rt, szem\u00e9lyi s\u00e9r\u00fcl\u00e9s\u00e9rt vagy s\u00falyos gondatlans\u00e1g\u00e9rt val\u00f3 felel\u0151ss\u00e9gre, amennyiben az ilyen kiz\u00e1r\u00e1sokat t\u00f6rv\u00e9ny tiltja.<\/p>\n\n<p><strong>M\u00f3dos\u00edt\u00e1sok \u00e9s megszak\u00edt\u00e1sok<\/strong> Fenntartjuk a jogot, hogy a Webhelyet vagy annak szolg\u00e1ltat\u00e1sait b\u00e1rmikor, el\u0151zetes \u00e9rtes\u00edt\u00e9s n\u00e9lk\u00fcl m\u00f3dos\u00edtsuk, felf\u00fcggessz\u00fck vagy megsz\u00fcntess\u00fck. Nem v\u00e1llalunk felel\u0151ss\u00e9get semmilyen megszak\u00edt\u00e1s\u00e9rt vagy hib\u00e1\u00e9rt, bele\u00e9rtve az \u00e1ltalunk nem befoly\u00e1solhat\u00f3 k\u00fcls\u0151 t\u00e9nyez\u0151k \u00e1ltal okozottakat is. A felhaszn\u00e1l\u00f3k felel\u0151sek saj\u00e1t adataikr\u00f3l adott esetben biztons\u00e1gi m\u00e1solatot k\u00e9sz\u00edteni.  <br\/><\/p>\n\n<p><strong>A leolvas\u00e1sok \u00e9s a gy\u00f3gym\u00f3dok speci\u00e1lis felt\u00e9telei<\/strong><\/p>\n\n<ul class=\"wp-block-list\">\n<li>A MyPalmLeaf kiz\u00e1r\u00f3lag k\u00f6zvet\u00edt\u0151k\u00e9nt m\u0171k\u00f6dik, \u00e9s \u00f6sszekapcsolja az \u00fcgyfeleket tapasztalt teny\u00e9rlev\u00e9l-olvas\u00f3kkal Indi\u00e1ban. Nem v\u00e1llalunk felel\u0151ss\u00e9get a leolvas\u00e1sok tartalm\u00e1\u00e9rt, \u00e9rtelmez\u00e9s\u00e9\u00e9rt vagy eredm\u00e9ny\u00e9\u00e9rt. <\/li>\n\n\n\n<li>Az olvasm\u00e1nyokban szerepl\u0151 el\u0151rejelz\u00e9sek nem jelentenek garanci\u00e1t, \u00e9s ink\u00e1bb \u00fatmutat\u00e1snak, mint bizonyoss\u00e1gnak tekintend\u0151k.<\/li>\n\n\n\n<li>Az \u00fcgyfelek teljes felel\u0151ss\u00e9get viselnek saj\u00e1t \u00e9let\u00fck\u00e9rt, d\u00f6nt\u00e9seik\u00e9rt \u00e9s cselekedeteik\u00e9rt, f\u00fcggetlen\u00fcl a j\u00f3sl\u00e1s sor\u00e1n kapott inform\u00e1ci\u00f3kt\u00f3l.<\/li>\n\n\n\n<li>Szolg\u00e1ltat\u00e1saink ig\u00e9nybev\u00e9tel\u00e9vel az \u00fcgyfelek meger\u0151s\u00edtik, hogy teljes m\u00e9rt\u00e9kben elfogadj\u00e1k a felel\u0151ss\u00e9get az \u00e9let\u00fck\u00e9rt, \u00e9s lemondanak minden jogukr\u00f3l, hogy a MyPalmLeaf-et felel\u0151ss\u00e9gre vonj\u00e1k d\u00f6nt\u00e9seik\u00e9rt, a j\u00f3slatok tartalm\u00e1\u00e9rt, vagy a j\u00f3slatok r\u00e1juk gyakorolt hat\u00e1sai\u00e9rt.<\/li>\n\n\n\n<li>A felolvas\u00e1sok sor\u00e1n javasolt jogorvoslatok j\u00f3hiszem\u0171en felaj\u00e1nlott aj\u00e1nl\u00e1sok. B\u00e1r a hagyom\u00e1nyban gy\u00f6kereznek, ezek a gy\u00f3gym\u00f3dok nem jelentenek fizikai, \u00e9rzelmi vagy spiritu\u00e1lis gy\u00f3gyul\u00e1st \u00edg\u00e9r\u0151 \u00edg\u00e9retet. <\/li>\n<\/ul>\n\n<p><strong>Ir\u00e1nyad\u00f3 jog<\/strong> Ezekre a felt\u00e9telekre \u00c9sztorsz\u00e1g t\u00f6rv\u00e9nyei az ir\u00e1nyad\u00f3k. Ha \u00d6n az Eur\u00f3pai Uni\u00f3 lakosa, akkor az \u00d6n lak\u00f3helye szerinti orsz\u00e1g fogyaszt\u00f3v\u00e9delmi t\u00f6rv\u00e9nyei is alkalmazand\u00f3k. A jelen Felt\u00e9telek nem korl\u00e1tozz\u00e1k az EU fogyaszt\u00f3v\u00e9delmi jogszab\u00e1lyai \u00e1ltal biztos\u00edtott k\u00f6telez\u0151 jogokat.  <br\/><\/p>\n\n<p><strong>Kapcsolat<\/strong> Ha b\u00e1rmilyen k\u00e9rd\u00e9se vagy panasza van, el\u00e9rhet minket a k\u00f6vetkez\u0151 c\u00edmen:<br\/><\/p>\n\n<p>Conscious Innovation Lab O\u00dc<br\/>Sakala tn 7-2, Tallinn, Harju 10141, Estonia<br\/>Email: info@mypalmleaf.com<br\/>Phone: +49 1575 3142393<\/p>\n\n<p><\/p>\n","protected":false},"excerpt":{"rendered":"<p>Utols\u00f3 friss\u00edt\u00e9s: november 22, 2024 MEG\u00c1LLAPOD\u00c1S A FELT\u00c9TELEKR\u0150L Meg\u00e1llapod\u00e1s a Felt\u00e9telekhez Ezek a Felt\u00e9telek (&#8222;Felt\u00e9telek&#8221;) egy jogilag k\u00f6telez\u0151 \u00e9rv\u00e9ny\u0171 meg\u00e1llapod\u00e1st k\u00e9peznek az \u00d6n &#8211; ak\u00e1r szem\u00e9lyesen, ak\u00e1r egy szervezet (&#8222;\u00d6n&#8221;) nev\u00e9ben &#8211; \u00e9s a MyPalmLeaf n\u00e9ven m\u0171k\u00f6d\u0151 Conscious Innovation Lab O\u00dc (&#8222;MyPalmLeaf&#8221;, &#8222;mi&#8221;, &#8222;minket&#8221; vagy &#8222;mi\u00e9nk&#8221;) k\u00f6z\u00f6tt, amely a www.mypalmleaf.com weboldalhoz \u00e9s b\u00e1rmely m\u00e1s kapcsol\u00f3d\u00f3 [&hellip;]<\/p>\n","protected":false},"author":1,"featured_media":0,"parent":0,"menu_order":0,"comment_status":"closed","ping_status":"closed","template":"static-template-page.php","meta":{"_acf_changed":false,"footnotes":""},"class_list":["post-36519","page","type-page","status-publish","hentry"],"acf":[],"yoast_head":"<!-- This site is optimized with the Yoast SEO plugin v26.4 - https:\/\/yoast.com\/wordpress\/plugins\/seo\/ -->\n<title>Felt\u00e9telek \u00e9s felt\u00e9telek - My Palm Leaf<\/title>\n<meta name=\"description\" content=\"Ismerje meg a felhaszn\u00e1l\u00e1si felt\u00e9teleket \u00e9s az ir\u00e1nyelveket, amelyek biztos\u00edtj\u00e1k az \u0151si teny\u00e9rlev\u00e9l-olvas\u00e1s hiteless\u00e9g\u00e9t \u00e9s tiszteletben tart\u00e1s\u00e1t.\" \/>\n<meta name=\"robots\" content=\"index, follow, max-snippet:-1, max-image-preview:large, max-video-preview:-1\" \/>\n<link rel=\"canonical\" href=\"https:\/\/mypalmleaf.com\/terms-and-conditions\/\" \/>\n<meta property=\"og:locale\" content=\"hu_HU\" \/>\n<meta property=\"og:type\" content=\"article\" \/>\n<meta property=\"og:title\" content=\"Felt\u00e9telek \u00e9s felt\u00e9telek - My Palm Leaf\" \/>\n<meta property=\"og:description\" content=\"Ismerje meg a felhaszn\u00e1l\u00e1si felt\u00e9teleket \u00e9s az ir\u00e1nyelveket, amelyek biztos\u00edtj\u00e1k az \u0151si teny\u00e9rlev\u00e9l-olvas\u00e1s hiteless\u00e9g\u00e9t \u00e9s tiszteletben tart\u00e1s\u00e1t.\" \/>\n<meta property=\"og:url\" content=\"https:\/\/mypalmleaf.com\/terms-and-conditions\/\" \/>\n<meta property=\"og:site_name\" content=\"My Palm Leaf\" \/>\n<meta property=\"article:modified_time\" content=\"2025-04-24T10:26:51+00:00\" \/>\n<meta property=\"og:image\" content=\"https:\/\/mypalmleaf.com\/wp-content\/uploads\/2025\/08\/mpl-circle-logo.jpg\" \/>\n\t<meta property=\"og:image:width\" content=\"1200\" \/>\n\t<meta property=\"og:image:height\" content=\"1196\" \/>\n\t<meta property=\"og:image:type\" content=\"image\/jpeg\" \/>\n<meta name=\"twitter:card\" content=\"summary_large_image\" \/>\n<meta name=\"twitter:label1\" content=\"Becs\u00fclt olvas\u00e1si id\u0151\" \/>\n\t<meta name=\"twitter:data1\" content=\"6 perc\" \/>\n<script type=\"application\/ld+json\" class=\"yoast-schema-graph\">{\"@context\":\"https:\/\/schema.org\",\"@graph\":[{\"@type\":\"WebPage\",\"@id\":\"https:\/\/mypalmleaf.com\/terms-and-conditions\/\",\"url\":\"https:\/\/mypalmleaf.com\/terms-and-conditions\/\",\"name\":\"Felt\u00e9telek \u00e9s felt\u00e9telek - My Palm Leaf\",\"isPartOf\":{\"@id\":\"https:\/\/mypalmleaf.com\/#website\"},\"datePublished\":\"2024-09-05T05:42:23+00:00\",\"dateModified\":\"2025-04-24T10:26:51+00:00\",\"description\":\"Ismerje meg a felhaszn\u00e1l\u00e1si felt\u00e9teleket \u00e9s az ir\u00e1nyelveket, amelyek biztos\u00edtj\u00e1k az \u0151si teny\u00e9rlev\u00e9l-olvas\u00e1s hiteless\u00e9g\u00e9t \u00e9s tiszteletben tart\u00e1s\u00e1t.\",\"breadcrumb\":{\"@id\":\"https:\/\/mypalmleaf.com\/terms-and-conditions\/#breadcrumb\"},\"inLanguage\":\"hu\",\"potentialAction\":[{\"@type\":\"ReadAction\",\"target\":[\"https:\/\/mypalmleaf.com\/terms-and-conditions\/\"]}]},{\"@type\":\"BreadcrumbList\",\"@id\":\"https:\/\/mypalmleaf.com\/terms-and-conditions\/#breadcrumb\",\"itemListElement\":[{\"@type\":\"ListItem\",\"position\":1,\"name\":\"Home\",\"item\":\"https:\/\/mypalmleaf.com\/hu\/\"},{\"@type\":\"ListItem\",\"position\":2,\"name\":\"Felt\u00e9telek \u00e9s felt\u00e9telek\"}]},{\"@type\":\"WebSite\",\"@id\":\"https:\/\/mypalmleaf.com\/#website\",\"url\":\"https:\/\/mypalmleaf.com\/\",\"name\":\"My Palm Leaf\",\"description\":\"\",\"potentialAction\":[{\"@type\":\"SearchAction\",\"target\":{\"@type\":\"EntryPoint\",\"urlTemplate\":\"https:\/\/mypalmleaf.com\/?s={search_term_string}\"},\"query-input\":{\"@type\":\"PropertyValueSpecification\",\"valueRequired\":true,\"valueName\":\"search_term_string\"}}],\"inLanguage\":\"hu\"}]}<\/script>\n<!-- \/ Yoast SEO plugin. -->","yoast_head_json":{"title":"Felt\u00e9telek \u00e9s felt\u00e9telek - My Palm Leaf","description":"Ismerje meg a felhaszn\u00e1l\u00e1si felt\u00e9teleket \u00e9s az ir\u00e1nyelveket, amelyek biztos\u00edtj\u00e1k az \u0151si teny\u00e9rlev\u00e9l-olvas\u00e1s hiteless\u00e9g\u00e9t \u00e9s tiszteletben tart\u00e1s\u00e1t.","robots":{"index":"index","follow":"follow","max-snippet":"max-snippet:-1","max-image-preview":"max-image-preview:large","max-video-preview":"max-video-preview:-1"},"canonical":"https:\/\/mypalmleaf.com\/terms-and-conditions\/","og_locale":"hu_HU","og_type":"article","og_title":"Felt\u00e9telek \u00e9s felt\u00e9telek - My Palm Leaf","og_description":"Ismerje meg a felhaszn\u00e1l\u00e1si felt\u00e9teleket \u00e9s az ir\u00e1nyelveket, amelyek biztos\u00edtj\u00e1k az \u0151si teny\u00e9rlev\u00e9l-olvas\u00e1s hiteless\u00e9g\u00e9t \u00e9s tiszteletben tart\u00e1s\u00e1t.","og_url":"https:\/\/mypalmleaf.com\/terms-and-conditions\/","og_site_name":"My Palm Leaf","article_modified_time":"2025-04-24T10:26:51+00:00","og_image":[{"width":1200,"height":1196,"url":"https:\/\/mypalmleaf.com\/wp-content\/uploads\/2025\/08\/mpl-circle-logo.jpg","type":"image\/jpeg"}],"twitter_card":"summary_large_image","twitter_misc":{"Becs\u00fclt olvas\u00e1si id\u0151":"6 perc"},"schema":{"@context":"https:\/\/schema.org","@graph":[{"@type":"WebPage","@id":"https:\/\/mypalmleaf.com\/terms-and-conditions\/","url":"https:\/\/mypalmleaf.com\/terms-and-conditions\/","name":"Felt\u00e9telek \u00e9s felt\u00e9telek - My Palm Leaf","isPartOf":{"@id":"https:\/\/mypalmleaf.com\/#website"},"datePublished":"2024-09-05T05:42:23+00:00","dateModified":"2025-04-24T10:26:51+00:00","description":"Ismerje meg a felhaszn\u00e1l\u00e1si felt\u00e9teleket \u00e9s az ir\u00e1nyelveket, amelyek biztos\u00edtj\u00e1k az \u0151si teny\u00e9rlev\u00e9l-olvas\u00e1s hiteless\u00e9g\u00e9t \u00e9s tiszteletben tart\u00e1s\u00e1t.","breadcrumb":{"@id":"https:\/\/mypalmleaf.com\/terms-and-conditions\/#breadcrumb"},"inLanguage":"hu","potentialAction":[{"@type":"ReadAction","target":["https:\/\/mypalmleaf.com\/terms-and-conditions\/"]}]},{"@type":"BreadcrumbList","@id":"https:\/\/mypalmleaf.com\/terms-and-conditions\/#breadcrumb","itemListElement":[{"@type":"ListItem","position":1,"name":"Home","item":"https:\/\/mypalmleaf.com\/hu\/"},{"@type":"ListItem","position":2,"name":"Felt\u00e9telek \u00e9s felt\u00e9telek"}]},{"@type":"WebSite","@id":"https:\/\/mypalmleaf.com\/#website","url":"https:\/\/mypalmleaf.com\/","name":"My Palm Leaf","description":"","potentialAction":[{"@type":"SearchAction","target":{"@type":"EntryPoint","urlTemplate":"https:\/\/mypalmleaf.com\/?s={search_term_string}"},"query-input":{"@type":"PropertyValueSpecification","valueRequired":true,"valueName":"search_term_string"}}],"inLanguage":"hu"}]}},"_links":{"self":[{"href":"https:\/\/mypalmleaf.com\/hu\/wp-json\/wp\/v2\/pages\/36519","targetHints":{"allow":["GET"]}}],"collection":[{"href":"https:\/\/mypalmleaf.com\/hu\/wp-json\/wp\/v2\/pages"}],"about":[{"href":"https:\/\/mypalmleaf.com\/hu\/wp-json\/wp\/v2\/types\/page"}],"author":[{"embeddable":true,"href":"https:\/\/mypalmleaf.com\/hu\/wp-json\/wp\/v2\/users\/1"}],"replies":[{"embeddable":true,"href":"https:\/\/mypalmleaf.com\/hu\/wp-json\/wp\/v2\/comments?post=36519"}],"version-history":[{"count":0,"href":"https:\/\/mypalmleaf.com\/hu\/wp-json\/wp\/v2\/pages\/36519\/revisions"}],"wp:attachment":[{"href":"https:\/\/mypalmleaf.com\/hu\/wp-json\/wp\/v2\/media?parent=36519"}],"curies":[{"name":"wp","href":"https:\/\/api.w.org\/{rel}","templated":true}]}}