
{"id":36541,"date":"2024-09-05T05:53:33","date_gmt":"2024-09-05T05:53:33","guid":{"rendered":"https:\/\/mypalmleaf.com\/adatvedelmi-iranyelvek\/"},"modified":"2025-05-01T05:20:41","modified_gmt":"2025-05-01T05:20:41","slug":"adatvedelmi-iranyelvek","status":"publish","type":"page","link":"https:\/\/mypalmleaf.com\/hu\/adatvedelmi-iranyelvek\/","title":{"rendered":"Adatv\u00e9delmi ir\u00e1nyelvek"},"content":{"rendered":"\n<h2 class=\"wp-block-heading\"><strong>1. Bevezet\u00e9s<\/strong><\/h2>\n\n<p>A Conscious Innovation Lab O\u00dc (&#8222;mi&#8221;, &#8222;mi&#8221; vagy &#8222;minket&#8221;) elk\u00f6telezett az \u00d6n szem\u00e9lyes adatainak v\u00e9delme \u00e9s az \u00d6n mag\u00e1n\u00e9let\u00e9nek tiszteletben tart\u00e1sa mellett. Ez az Adatv\u00e9delmi szab\u00e1lyzat ismerteti, hogyan gy\u0171jtj\u00fck, haszn\u00e1ljuk \u00e9s v\u00e9dj\u00fck az \u00d6n szem\u00e9lyes adatait az <strong>\u00c1ltal\u00e1nos Adatv\u00e9delmi Rendeletnek (GDPR<\/strong>) megfelel\u0151en. <\/p>\n\n<p><strong>El\u00e9rhet\u0151s\u00e9gek:<br\/><\/strong>Conscious Innovation Lab O\u00dc<br\/>Sakala 7-2<br\/>10141 Tallinn, \u00c9sztorsz\u00e1g<br\/>Email: <a href=\"mailto:info@mypalmleaf.com\">info@mypalmleaf.com<\/a><\/p>\n\n<p><br\/>Adatv\u00e9delmi tisztvisel\u0151 (DPO): <strong>Stephan Oesterreicher<br\/><\/strong>Email: info@mypalmleaf.com<\/p>\n\n<h2>2. Az \u00e1ltalunk gy\u0171jt\u00f6tt adatok<\/h2>\n\n<p>Szolg\u00e1ltat\u00e1saink ny\u00fajt\u00e1s\u00e1hoz a k\u00f6vetkez\u0151 szem\u00e9lyes adatokat gy\u0171jtj\u00fck:<\/p>\n\n<ul class=\"wp-block-list\">\n<li>N\u00e9v.<\/li>\n\n\n\n<li>Sz\u00e1ml\u00e1z\u00e1si c\u00edm.<\/li>\n\n\n\n<li>E-mail c\u00edm.<\/li>\n\n\n\n<li>Telefonsz\u00e1m.<\/li>\n\n\n\n<li>Fizet\u00e9si r\u00e9szletek.<\/li>\n\n\n\n<li>Ujjlenyomat (a teny\u00e9rlev\u00e9l hely\u00e9nek meghat\u00e1roz\u00e1s\u00e1hoz).<\/li>\n\n\n\n<li>Nem \u00e9s sz\u00fclet\u00e9si orsz\u00e1g (a p\u00e1lmalev\u00e9l hely\u00e9nek meghat\u00e1roz\u00e1s\u00e1hoz).<\/li>\n<\/ul>\n\n<h2 class=\"wp-block-heading\"><strong>3. Az adatkezel\u00e9s c\u00e9lja<\/strong><\/h2>\n\n<p>Az \u00d6n szem\u00e9lyes adatait a k\u00f6vetkez\u0151 c\u00e9lokb\u00f3l kezelj\u00fck:<\/p>\n\n<ul class=\"wp-block-list\">\n<li><strong>Megrendel\u00e9s teljes\u00edt\u00e9se:<\/strong> A weboldalunkon kereszt\u00fcl leadott megrendel\u00e9sek feldolgoz\u00e1sa \u00e9s k\u00e9zbes\u00edt\u00e9se.<\/li>\n\n\n\n<li><strong>A p\u00e1lmalev\u00e9l megtal\u00e1l\u00e1sa:<\/strong> A h\u00fcvelykujjlenyomatokat, a nemet \u00e9s a sz\u00fclet\u00e9si orsz\u00e1got kiz\u00e1r\u00f3lag az\u00e9rt gy\u0171jtj\u00fck, hogy megtal\u00e1ljuk az \u00d6n teny\u00e9rlevel\u00e9t.<\/li>\n\n\n\n<li><strong>H\u00edrlevelek:<\/strong> H\u00edrlevelek \u00e9s friss\u00edt\u00e9sek k\u00fcld\u00e9se (csak az \u00d6n hozz\u00e1j\u00e1rul\u00e1s\u00e1val).<\/li>\n\n\n\n<li><strong>Analitika \u00e9s weboldal-fejleszt\u00e9s:<\/strong> A weboldal \u00e9s a felhaszn\u00e1l\u00f3i \u00e9lm\u00e9ny jav\u00edt\u00e1sa olyan eszk\u00f6z\u00f6kkel, mint a Google Analytics \u00e9s a Facebook Pixel.<\/li>\n\n\n\n<li><strong>Jogi megfelel\u00e9s:<\/strong> Az alkalmazand\u00f3 ad\u00f3- \u00e9s p\u00e9nz\u00fcgyi szab\u00e1lyoz\u00e1sok betart\u00e1sa.<\/li>\n<\/ul>\n\n<h2 class=\"wp-block-heading\"><strong>4. A feldolgoz\u00e1s jogalapja<\/strong><\/h2>\n\n<p>Az \u00d6n adatait a k\u00f6vetkez\u0151 jogalapok alapj\u00e1n dolgozzuk fel:<\/p>\n\n<ul class=\"wp-block-list\">\n<li><strong>Hozz\u00e1j\u00e1rul\u00e1s:<\/strong> H\u00edrlevelekhez \u00e9s b\u00e1rmilyen marketingkommunik\u00e1ci\u00f3hoz.<\/li>\n\n\n\n<li><strong>Szerz\u0151d\u00e9ses sz\u00fcks\u00e9gess\u00e9g:<\/strong> A megrendel\u00e9sek teljes\u00edt\u00e9s\u00e9hez \u00e9s a szolg\u00e1ltat\u00e1sok ny\u00fajt\u00e1s\u00e1hoz.<\/li>\n\n\n\n<li><strong>Jogos \u00e9rdekek:<\/strong> A weboldal teljes\u00edtm\u00e9ny\u00e9nek elemz\u00e9se \u00e9s m\u0171k\u00f6d\u00e9s\u00e9nek biztos\u00edt\u00e1sa.<\/li>\n\n\n\n<li><strong>Jogi k\u00f6telezetts\u00e9gek:<\/strong> Az ad\u00f3bevall\u00e1si \u00e9s egy\u00e9b jogi k\u00f6vetelm\u00e9nyeknek val\u00f3 megfelel\u00e9s \u00e9rdek\u00e9ben.<\/li>\n<\/ul>\n\n<h2 class=\"wp-block-heading\"><strong>5. Harmadik f\u00e9l \u00e1ltal ny\u00fajtott szolg\u00e1ltat\u00e1sok<\/strong><\/h2>\n\n<p>Az \u00d6n adatainak biztons\u00e1gos \u00e9s hat\u00e9kony feldolgoz\u00e1sa \u00e9rdek\u00e9ben harmadik f\u00e9l szolg\u00e1ltat\u00f3kat vesz\u00fcnk ig\u00e9nybe, t\u00f6bbek k\u00f6z\u00f6tt:<\/p>\n\n<ul class=\"wp-block-list\">\n<li><strong>T\u00e1rhelyszolg\u00e1ltat\u00f3k:<\/strong> AWS, Google Cloud, monday.com.<\/li>\n\n\n\n<li><strong>Email marketing eszk\u00f6z\u00f6k:<\/strong> Mailchimp.<\/li>\n\n\n\n<li><strong>Fizet\u00e9si feldolgoz\u00f3k:<\/strong> PayPal, Stripe.<\/li>\n\n\n\n<li><strong>Analitika \u00e9s nyomon k\u00f6vet\u00e9s:<\/strong> Google Analytics, Facebook Pixel<\/li>\n<\/ul>\n\n<p>E szolg\u00e1ltat\u00f3k mindegyike megfelel a GDPR-nak, \u00e9s megfelel\u0151 biztos\u00edt\u00e9kok r\u00e9v\u00e9n biztos\u00edtja az adatv\u00e9delmet.<\/p>\n\n<h2 class=\"wp-block-heading\"><strong>6. Nemzetk\u00f6zi adattov\u00e1bb\u00edt\u00e1sok<\/strong><\/h2>\n\n<p>Az \u00d6n teny\u00e9rlevel\u00e9nek felkutat\u00e1s\u00e1hoz a szem\u00e9lyes adatokat (ujjlenyomat, nem, sz\u00fclet\u00e9si orsz\u00e1g) n\u00e9v n\u00e9lk\u00fcl tov\u00e1bb\u00edtjuk <strong>Indi\u00e1ba<\/strong>. Ezek az adattov\u00e1bb\u00edt\u00e1sok a megfelel\u0151 szint\u0171 adatv\u00e9delem biztos\u00edt\u00e1sa \u00e9rdek\u00e9ben <strong>szabv\u00e1nyos szerz\u0151d\u00e9si felt\u00e9telek (SCC<\/strong> ) alapj\u00e1n t\u00f6rt\u00e9nnek. <\/p>\n\n<h2 class=\"wp-block-heading\"><strong>7. S\u00fctik \u00e9s nyomk\u00f6vet\u0151 technol\u00f3gi\u00e1k<\/strong><\/h2>\n\n<p>A felhaszn\u00e1l\u00f3i \u00e9lm\u00e9ny fokoz\u00e1sa \u00e9rdek\u00e9ben s\u00fctiket \u00e9s hasonl\u00f3 nyomk\u00f6vet\u0151 technol\u00f3gi\u00e1kat haszn\u00e1lunk. Ezek k\u00f6z\u00e9 tartoznak: <\/p>\n\n<ul class=\"wp-block-list\">\n<li><strong>Google Analytics:<\/strong> A weboldal forgalm\u00e1nak \u00e9s a felhaszn\u00e1l\u00f3i viselked\u00e9snek az elemz\u00e9s\u00e9re.<\/li>\n\n\n\n<li><strong>Facebook Pixel:<\/strong> A szem\u00e9lyre szabott marketinghez \u00e9s a konverzi\u00f3k nyomon k\u00f6vet\u00e9s\u00e9hez.<\/li>\n<\/ul>\n\n<p>A s\u00fctikre vonatkoz\u00f3 be\u00e1ll\u00edt\u00e1sokat a s\u00fctikre vonatkoz\u00f3 hozz\u00e1j\u00e1rul\u00e1si banner\u00fcnk\u00f6n kereszt\u00fcl kezelheti, vagy m\u00f3dos\u00edthatja a b\u00f6ng\u00e9sz\u0151je be\u00e1ll\u00edt\u00e1sait.<\/p>\n\n<h2 class=\"wp-block-heading\"><strong>8. Adatmeg\u0151rz\u00e9s<\/strong><\/h2>\n\n<p>A szem\u00e9lyes adatokat a k\u00f6vetkez\u0151 ideig \u0151rizz\u00fck meg:<\/p>\n\n<ul class=\"wp-block-list\">\n<li>\u00c1ltal\u00e1nos \u00fcgyf\u00e9ladatok (pl. n\u00e9v, e-mail c\u00edm, sz\u00e1ml\u00e1z\u00e1si c\u00edm): <strong>6 \u00e9v<\/strong>.<\/li>\n\n\n\n<li>Ujjlenyomatok (a p\u00e1lmalevelek hely\u00e9nek meghat\u00e1roz\u00e1s\u00e1ra szolg\u00e1lnak): <strong>4 h\u00e9ttel az \u00e1ltal\u00e1nos olvas\u00e1s ut\u00e1n.<\/strong><\/li>\n<\/ul>\n\n<p>Az adatokat t\u00f6r\u00f6lj\u00fck vagy anonimiz\u00e1ljuk, amint a megadott c\u00e9lokb\u00f3l m\u00e1r nincs r\u00e1juk sz\u00fcks\u00e9g.<\/p>\n\n<h2 class=\"wp-block-heading\"><strong>9. Az \u00d6n jogai<\/strong><\/h2>\n\n<p>A GDPR \u00e9rtelm\u00e9ben \u00d6nt a k\u00f6vetkez\u0151 jogok illetik meg szem\u00e9lyes adataival kapcsolatban:<\/p>\n\n<ol class=\"wp-block-list\">\n<li><strong>Hozz\u00e1f\u00e9r\u00e9si jog:<\/strong> K\u00e9rjen hozz\u00e1f\u00e9r\u00e9st az \u00d6nr\u0151l t\u00e1rolt szem\u00e9lyes adatokhoz.<\/li>\n\n\n\n<li><strong>Helyesb\u00edt\u00e9shez val\u00f3 jog:<\/strong> Az \u00d6n adataiban tal\u00e1lhat\u00f3 pontatlans\u00e1gok kijav\u00edt\u00e1sa.<\/li>\n\n\n\n<li><strong>T\u00f6rl\u00e9shez val\u00f3 jog:<\/strong> K\u00e9rheti adatai t\u00f6rl\u00e9s\u00e9t (&#8222;az elfeledtet\u00e9shez val\u00f3 jog&#8221;).<\/li>\n\n\n\n<li><strong>A feldolgoz\u00e1s korl\u00e1toz\u00e1s\u00e1hoz val\u00f3 jog:<\/strong> Bizonyos k\u00f6r\u00fclm\u00e9nyek k\u00f6z\u00f6tt korl\u00e1tozni az \u00d6n adatainak feldolgoz\u00e1s\u00e1t.<\/li>\n\n\n\n<li><strong>Az adathordozhat\u00f3s\u00e1ghoz val\u00f3 jog:<\/strong> Az \u00d6n adatainak struktur\u00e1lt, g\u00e9ppel olvashat\u00f3 form\u00e1tumban t\u00f6rt\u00e9n\u0151 \u00e1tv\u00e9tele.<\/li>\n\n\n\n<li><strong>Tiltakoz\u00e1shoz val\u00f3 jog:<\/strong> Tiltakoz\u00e1s az \u00d6n adatainak jogos \u00e9rdekek vagy marketing c\u00e9l\u00fa feldolgoz\u00e1sa ellen.<\/li>\n\n\n\n<li><strong>A hozz\u00e1j\u00e1rul\u00e1s visszavon\u00e1s\u00e1nak joga:<\/strong> Az adatfeldolgoz\u00e1shoz adott hozz\u00e1j\u00e1rul\u00e1s b\u00e1rmikor visszavonhat\u00f3.<\/li>\n\n\n\n<li><strong>Panasz beny\u00fajt\u00e1s\u00e1nak joga:<\/strong> Panaszt ny\u00fajthat be a helyi adatv\u00e9delmi hat\u00f3s\u00e1ghoz, ha \u00fagy v\u00e9li, hogy jogait megs\u00e9rtett\u00e9k.<\/li>\n<\/ol>\n\n<p>Ezen jogok b\u00e1rmelyik\u00e9nek gyakorl\u00e1s\u00e1hoz k\u00e9rj\u00fck, l\u00e9pjen kapcsolatba vel\u00fcnk a info@mypalmleaf.com c\u00edmen.<br\/><\/p>\n\n<h2 class=\"wp-block-heading\"><strong>10. Automatiz\u00e1lt d\u00f6nt\u00e9shozatal \u00e9s profilalkot\u00e1s<\/strong><\/h2>\n\n<p>Nem haszn\u00e1lunk automatiz\u00e1lt d\u00f6nt\u00e9shozatali vagy profilalkot\u00f3 eszk\u00f6z\u00f6ket.<br\/><\/p>\n\n<h2 class=\"wp-block-heading\"><strong>11. Adatbiztons\u00e1g<\/strong><\/h2>\n\n<p>B\u00e1r jelenleg nem alkalmazunk k\u00fcl\u00f6nleges technikai biztons\u00e1gi int\u00e9zked\u00e9seket (pl. titkos\u00edt\u00e1s), mindent megtesz\u00fcnk annak \u00e9rdek\u00e9ben, hogy a szem\u00e9lyes adatokat biztons\u00e1gosan kezelj\u00fck, \u00e9s csak megb\u00edzhat\u00f3 harmadik felekkel osszuk meg. A k\u00f6zelj\u00f6v\u0151ben er\u0151teljesebb biztons\u00e1gi int\u00e9zked\u00e9sek bevezet\u00e9s\u00e9n dolgozunk. <\/p>\n\n<h2 class=\"wp-block-heading\"><strong>12. A jelen Adatv\u00e9delmi szab\u00e1lyzat friss\u00edt\u00e9sei<\/strong><\/h2>\n\n<p>Id\u0151r\u0151l id\u0151re friss\u00edthetj\u00fck ezt az Adatv\u00e9delmi szab\u00e1lyzatot a jogi vagy m\u0171k\u00f6d\u00e9si k\u00f6vetelm\u00e9nyek v\u00e1ltoz\u00e1sainak t\u00fckr\u00f6z\u00e9se \u00e9rdek\u00e9ben. Minden friss\u00edt\u00e9st k\u00f6zz\u00e9tesz\u00fcnk ezen az oldalon, \u00e9s adott esetben k\u00f6zvetlen\u00fcl \u00e9rtes\u00edtj\u00fck \u00d6nt. <\/p>\n\n<p><strong>Utols\u00f3 friss\u00edt\u00e9s:<\/strong> Nov 22, 2024<br\/><\/p>\n\n<p><span id=\"docs-internal-guid-8f69ac49-7fff-720c-c3f9-e299012d149c\"><div><span style=\"font-size: 12pt; font-family: Arial, sans-serif; color: rgb(13, 13, 13); background-color: transparent; font-variant-numeric: normal; font-variant-east-asian: normal; font-variant-alternates: normal; font-variant-position: normal; vertical-align: baseline;\"><\/span><\/div><\/span><\/p>\n","protected":false},"excerpt":{"rendered":"<p>1. Bevezet\u00e9s A Conscious Innovation Lab O\u00dc (&#8222;mi&#8221;, &#8222;mi&#8221; vagy &#8222;minket&#8221;) elk\u00f6telezett az \u00d6n szem\u00e9lyes adatainak v\u00e9delme \u00e9s az \u00d6n mag\u00e1n\u00e9let\u00e9nek tiszteletben tart\u00e1sa mellett. Ez az Adatv\u00e9delmi szab\u00e1lyzat ismerteti, hogyan gy\u0171jtj\u00fck, haszn\u00e1ljuk \u00e9s v\u00e9dj\u00fck az \u00d6n szem\u00e9lyes adatait az \u00c1ltal\u00e1nos Adatv\u00e9delmi Rendeletnek (GDPR) megfelel\u0151en. El\u00e9rhet\u0151s\u00e9gek:Conscious Innovation Lab O\u00dcSakala 7-210141 Tallinn, \u00c9sztorsz\u00e1gEmail: info@mypalmleaf.com Adatv\u00e9delmi tisztvisel\u0151 (DPO): [&hellip;]<\/p>\n","protected":false},"author":1,"featured_media":0,"parent":0,"menu_order":0,"comment_status":"closed","ping_status":"closed","template":"static-template-page.php","meta":{"_acf_changed":false,"footnotes":""},"class_list":["post-36541","page","type-page","status-publish","hentry"],"acf":[],"yoast_head":"<!-- This site is optimized with the Yoast SEO plugin v26.4 - https:\/\/yoast.com\/wordpress\/plugins\/seo\/ -->\n<title>Adatv\u00e9delmi ir\u00e1nyelvek - My Palm Leaf<\/title>\n<meta name=\"description\" content=\"Tudd meg, hogyan kezelj\u00fck adataidat gondosan \u00e9s \u00e1tl\u00e1that\u00f3an, biztos\u00edtva a biztons\u00e1gos \u00e9lm\u00e9nyt, mik\u00f6zben felfedezed a p\u00e1lmalev\u00e9l b\u00f6lcsess\u00e9g\u00e9t.\" \/>\n<meta name=\"robots\" content=\"index, follow, max-snippet:-1, max-image-preview:large, max-video-preview:-1\" \/>\n<link rel=\"canonical\" href=\"https:\/\/mypalmleaf.com\/privacy-policy\/\" \/>\n<meta property=\"og:locale\" content=\"hu_HU\" \/>\n<meta property=\"og:type\" content=\"article\" \/>\n<meta property=\"og:title\" content=\"Adatv\u00e9delmi ir\u00e1nyelvek - My Palm Leaf\" \/>\n<meta property=\"og:description\" content=\"Tudd meg, hogyan kezelj\u00fck adataidat gondosan \u00e9s \u00e1tl\u00e1that\u00f3an, biztos\u00edtva a biztons\u00e1gos \u00e9lm\u00e9nyt, mik\u00f6zben felfedezed a p\u00e1lmalev\u00e9l b\u00f6lcsess\u00e9g\u00e9t.\" \/>\n<meta property=\"og:url\" content=\"https:\/\/mypalmleaf.com\/privacy-policy\/\" \/>\n<meta property=\"og:site_name\" content=\"My Palm Leaf\" \/>\n<meta property=\"article:modified_time\" content=\"2025-05-01T05:20:41+00:00\" \/>\n<meta property=\"og:image\" content=\"https:\/\/mypalmleaf.com\/wp-content\/uploads\/2025\/08\/mpl-circle-logo.jpg\" \/>\n\t<meta property=\"og:image:width\" content=\"1200\" \/>\n\t<meta property=\"og:image:height\" content=\"1196\" \/>\n\t<meta property=\"og:image:type\" content=\"image\/jpeg\" \/>\n<meta name=\"twitter:card\" content=\"summary_large_image\" \/>\n<meta name=\"twitter:label1\" content=\"Becs\u00fclt olvas\u00e1si id\u0151\" \/>\n\t<meta name=\"twitter:data1\" content=\"3 perc\" \/>\n<script type=\"application\/ld+json\" class=\"yoast-schema-graph\">{\"@context\":\"https:\/\/schema.org\",\"@graph\":[{\"@type\":\"WebPage\",\"@id\":\"https:\/\/mypalmleaf.com\/privacy-policy\/\",\"url\":\"https:\/\/mypalmleaf.com\/privacy-policy\/\",\"name\":\"Adatv\u00e9delmi ir\u00e1nyelvek - My Palm Leaf\",\"isPartOf\":{\"@id\":\"https:\/\/mypalmleaf.com\/#website\"},\"datePublished\":\"2024-09-05T05:53:33+00:00\",\"dateModified\":\"2025-05-01T05:20:41+00:00\",\"description\":\"Tudd meg, hogyan kezelj\u00fck adataidat gondosan \u00e9s \u00e1tl\u00e1that\u00f3an, biztos\u00edtva a biztons\u00e1gos \u00e9lm\u00e9nyt, mik\u00f6zben felfedezed a p\u00e1lmalev\u00e9l b\u00f6lcsess\u00e9g\u00e9t.\",\"breadcrumb\":{\"@id\":\"https:\/\/mypalmleaf.com\/privacy-policy\/#breadcrumb\"},\"inLanguage\":\"hu\",\"potentialAction\":[{\"@type\":\"ReadAction\",\"target\":[\"https:\/\/mypalmleaf.com\/privacy-policy\/\"]}]},{\"@type\":\"BreadcrumbList\",\"@id\":\"https:\/\/mypalmleaf.com\/privacy-policy\/#breadcrumb\",\"itemListElement\":[{\"@type\":\"ListItem\",\"position\":1,\"name\":\"Home\",\"item\":\"https:\/\/mypalmleaf.com\/hu\/\"},{\"@type\":\"ListItem\",\"position\":2,\"name\":\"Adatv\u00e9delmi ir\u00e1nyelvek\"}]},{\"@type\":\"WebSite\",\"@id\":\"https:\/\/mypalmleaf.com\/#website\",\"url\":\"https:\/\/mypalmleaf.com\/\",\"name\":\"My Palm Leaf\",\"description\":\"\",\"potentialAction\":[{\"@type\":\"SearchAction\",\"target\":{\"@type\":\"EntryPoint\",\"urlTemplate\":\"https:\/\/mypalmleaf.com\/?s={search_term_string}\"},\"query-input\":{\"@type\":\"PropertyValueSpecification\",\"valueRequired\":true,\"valueName\":\"search_term_string\"}}],\"inLanguage\":\"hu\"}]}<\/script>\n<!-- \/ Yoast SEO plugin. -->","yoast_head_json":{"title":"Adatv\u00e9delmi ir\u00e1nyelvek - My Palm Leaf","description":"Tudd meg, hogyan kezelj\u00fck adataidat gondosan \u00e9s \u00e1tl\u00e1that\u00f3an, biztos\u00edtva a biztons\u00e1gos \u00e9lm\u00e9nyt, mik\u00f6zben felfedezed a p\u00e1lmalev\u00e9l b\u00f6lcsess\u00e9g\u00e9t.","robots":{"index":"index","follow":"follow","max-snippet":"max-snippet:-1","max-image-preview":"max-image-preview:large","max-video-preview":"max-video-preview:-1"},"canonical":"https:\/\/mypalmleaf.com\/privacy-policy\/","og_locale":"hu_HU","og_type":"article","og_title":"Adatv\u00e9delmi ir\u00e1nyelvek - My Palm Leaf","og_description":"Tudd meg, hogyan kezelj\u00fck adataidat gondosan \u00e9s \u00e1tl\u00e1that\u00f3an, biztos\u00edtva a biztons\u00e1gos \u00e9lm\u00e9nyt, mik\u00f6zben felfedezed a p\u00e1lmalev\u00e9l b\u00f6lcsess\u00e9g\u00e9t.","og_url":"https:\/\/mypalmleaf.com\/privacy-policy\/","og_site_name":"My Palm Leaf","article_modified_time":"2025-05-01T05:20:41+00:00","og_image":[{"width":1200,"height":1196,"url":"https:\/\/mypalmleaf.com\/wp-content\/uploads\/2025\/08\/mpl-circle-logo.jpg","type":"image\/jpeg"}],"twitter_card":"summary_large_image","twitter_misc":{"Becs\u00fclt olvas\u00e1si id\u0151":"3 perc"},"schema":{"@context":"https:\/\/schema.org","@graph":[{"@type":"WebPage","@id":"https:\/\/mypalmleaf.com\/privacy-policy\/","url":"https:\/\/mypalmleaf.com\/privacy-policy\/","name":"Adatv\u00e9delmi ir\u00e1nyelvek - My Palm Leaf","isPartOf":{"@id":"https:\/\/mypalmleaf.com\/#website"},"datePublished":"2024-09-05T05:53:33+00:00","dateModified":"2025-05-01T05:20:41+00:00","description":"Tudd meg, hogyan kezelj\u00fck adataidat gondosan \u00e9s \u00e1tl\u00e1that\u00f3an, biztos\u00edtva a biztons\u00e1gos \u00e9lm\u00e9nyt, mik\u00f6zben felfedezed a p\u00e1lmalev\u00e9l b\u00f6lcsess\u00e9g\u00e9t.","breadcrumb":{"@id":"https:\/\/mypalmleaf.com\/privacy-policy\/#breadcrumb"},"inLanguage":"hu","potentialAction":[{"@type":"ReadAction","target":["https:\/\/mypalmleaf.com\/privacy-policy\/"]}]},{"@type":"BreadcrumbList","@id":"https:\/\/mypalmleaf.com\/privacy-policy\/#breadcrumb","itemListElement":[{"@type":"ListItem","position":1,"name":"Home","item":"https:\/\/mypalmleaf.com\/hu\/"},{"@type":"ListItem","position":2,"name":"Adatv\u00e9delmi ir\u00e1nyelvek"}]},{"@type":"WebSite","@id":"https:\/\/mypalmleaf.com\/#website","url":"https:\/\/mypalmleaf.com\/","name":"My Palm Leaf","description":"","potentialAction":[{"@type":"SearchAction","target":{"@type":"EntryPoint","urlTemplate":"https:\/\/mypalmleaf.com\/?s={search_term_string}"},"query-input":{"@type":"PropertyValueSpecification","valueRequired":true,"valueName":"search_term_string"}}],"inLanguage":"hu"}]}},"_links":{"self":[{"href":"https:\/\/mypalmleaf.com\/hu\/wp-json\/wp\/v2\/pages\/36541","targetHints":{"allow":["GET"]}}],"collection":[{"href":"https:\/\/mypalmleaf.com\/hu\/wp-json\/wp\/v2\/pages"}],"about":[{"href":"https:\/\/mypalmleaf.com\/hu\/wp-json\/wp\/v2\/types\/page"}],"author":[{"embeddable":true,"href":"https:\/\/mypalmleaf.com\/hu\/wp-json\/wp\/v2\/users\/1"}],"replies":[{"embeddable":true,"href":"https:\/\/mypalmleaf.com\/hu\/wp-json\/wp\/v2\/comments?post=36541"}],"version-history":[{"count":0,"href":"https:\/\/mypalmleaf.com\/hu\/wp-json\/wp\/v2\/pages\/36541\/revisions"}],"wp:attachment":[{"href":"https:\/\/mypalmleaf.com\/hu\/wp-json\/wp\/v2\/media?parent=36541"}],"curies":[{"name":"wp","href":"https:\/\/api.w.org\/{rel}","templated":true}]}}