
{"id":37134,"date":"2024-08-28T03:20:58","date_gmt":"2024-08-28T03:20:58","guid":{"rendered":"https:\/\/mypalmleaf.com\/affiliates-program\/"},"modified":"2025-07-07T10:31:02","modified_gmt":"2025-07-07T10:31:02","slug":"affiliates-program","status":"publish","type":"page","link":"https:\/\/mypalmleaf.com\/hu\/affiliates-program\/","title":{"rendered":"Affiliates Program"},"content":{"rendered":"\n<section class=\"spotlight-main small top-gap\">\n    <!-- <div class=\"slider-wrap\" data-flickity='{ \"cellAlign\": \"left\", \"contain\": true, \"wrapAround\": true, \"setGallerySize\": false }'> -->\n    <div class=\"slider-wrap\" data-flickity='{ \"cellAlign\": \"left\", \"contain\": true, \"wrapAround\": true, \"setGallerySize\": false  }'>\n            <div class=\"slides\">\n        <div class=\"content-wrap\">\n          <div class=\"image\">\n            <picture>\n              <source media=\"(max-width: 999px)\" srcset=\"https:\/\/mypalmleaf.com\/wp-content\/uploads\/2024\/09\/affliate-program-spotlight-mob.jpg\" \/>\n              <source media=\"(min-width: 1000px)\" srcset=\"https:\/\/mypalmleaf.com\/wp-content\/uploads\/2024\/09\/affliate-program-spotlight.jpg\" \/>\n              <img decoding=\"async\" src=\"https:\/\/mypalmleaf.com\/wp-content\/uploads\/2024\/09\/affliate-program-spotlight.jpg\" class=\"img-fluid\" alt=\"\" \/>\n            <\/picture>\n          <\/div>\n          <div class=\"content\">\n            <div data-aos=\"fade-up\" data-aos-duration=\"1000\">\n              <h2 class=\"\">A Mypalmleaf Partnerprogram<\/h2>\n                                 \n            <\/div>\n          <\/div>\n        <\/div>\n      <\/div>\n          <\/div>\n<\/section>\n\n<section class=\"partnerships-block my-6 position-relative\" data-aos=\"fade-up\" data-aos-duration=\"1000\">\n  <div class=\"container-xl\">\n    <div class=\"row mb-4 justify-content-center\">\n      <div class=\"col-lg-12 text-center\" data-aos=\"fade-up\" data-aos-duration=\"1000\">\n        <div class=\"row align-items-center justify-content-between\">\n                      <div class=\"col-lg-7 mt-4 mt-md-0 \">\n            <div class=\"partners-program-details\">\n              <h4>Ossza meg a h\u00edrt affiliate-k\u00e9nt<\/h4>\n              <p>K\u00fcldet\u00e9s\u00fcnk, hogy az indiai p\u00e1lmalev\u00e9l-k\u00f6nyvt\u00e1rakat a vil\u00e1g minden t\u00e1j\u00e1r\u00f3l el\u00e9rhet\u0151v\u00e9 tegy\u00fck az emberek sz\u00e1m\u00e1ra, \u00e9s \u00f6sszekapcsoljuk \u0151ket a Rishik b\u00f6lcsess\u00e9g\u00e9vel. \u00c9s megh\u00edvjuk \u00d6nt, hogy legyen r\u00e9szese ennek a k\u00fcldet\u00e9snek az\u00e1ltal, hogy csatlakozik a Mypalmleaf Affiliate Programhoz.   <\/p>\n                                <a href=\"\/hu\/affiliates-new\/\" class=\"btn btn-primary\">Regisztr\u00e1ci\u00f3\/bejelentkez\u00e9s az Affiliate Port\u00e1lra<\/a>\n                          <\/div>\n          <\/div>\n                        <div class=\"col-lg-5\"><img decoding=\"async\" src=\"https:\/\/mypalmleaf.com\/wp-content\/uploads\/2024\/08\/mpl-partnership-logo-1.png\" alt=\"\" class=\"img-fluid\"><\/div>\n                  <\/div>\n      <\/div>\n    <\/div>\n  <\/div>\n      <div class=\"parallax-item-3 parallax-item\" data-speed=\".08\"><img decoding=\"async\" src=\"https:\/\/mypalmleaf.com\/wp-content\/uploads\/2024\/08\/parallax-item-3-4.png\" class=\"img-fluid\" alt=\"\"><\/div>\n  <\/section>\n\n<section class=\"photo-gallery my-5\">\n  <div class=\"container-xl\" data-aos=\"fade-up\" data-aos-duration=\"1000\">\n            <div class=\"row\">\n      <div class=\"col-lg-10 mx-auto\">\n        <div class=\"exibition\">\n          <ul>\n                                      <li data-aos=\"fade-up\" data-aos-duration=\"800\"><img decoding=\"async\" src=\"https:\/\/mypalmleaf.com\/wp-content\/uploads\/2024\/09\/affiliate-img-1-1.jpg\" alt=\"\"><\/li>\n                                        <li data-aos=\"fade-up\" data-aos-duration=\"1000\"><img decoding=\"async\" src=\"https:\/\/mypalmleaf.com\/wp-content\/uploads\/2024\/09\/affiliate-img-2.jpg\" alt=\"\"><\/li>\n                                        <li data-aos=\"fade-up\" data-aos-duration=\"1200\"><img decoding=\"async\" src=\"https:\/\/mypalmleaf.com\/wp-content\/uploads\/2024\/09\/affiliate-img-3.jpg\" alt=\"\"><\/li>\n                                        <li data-aos=\"fade-up\" data-aos-duration=\"1400\"><img decoding=\"async\" src=\"https:\/\/mypalmleaf.com\/wp-content\/uploads\/2024\/09\/affiliate-img-4.jpg\" alt=\"\"><\/li>\n                                    <\/ul>\n        <\/div>\n      <\/div>\n    <\/div>\n          <\/div>\n<\/section>\n\n<section class=\"affiliate\">\n  <div class=\"container-xl\">\n    <div class=\"row\">\n      <div class=\"col-lg-12\">\n        <h3 class=\"mb-4\">Hogyan m\u0171k\u00f6dik?<\/h3>\n        <div class=\"affiliate-cont\">\n          <ul>\n                          <li>\n                <div class=\"title\">1. <a href=\"https:\/\/mypalmleaf.com\/hu\/affiliate-portal\/\" class=\"btn btn-primary\">Regisztr\u00e1ljon itt<\/a> a partnerprogramunkba.<\/div>\n                <div class=\"desc\"><\/div>\n              <\/li>\n                          <li>\n                <div class=\"title\">2. Szerezd meg a szem\u00e9lyes linkedet az affiliate m\u0171szerfalon<\/div>\n                <div class=\"desc\"><p>A partneri linket a partneri m\u0171szerfalon tal\u00e1lja meg.  <\/p>\n<\/div>\n              <\/li>\n                          <li>\n                <div class=\"title\">3. Hogyan v\u00e1lthatjuk \u00e1t a link nyelv\u00e9t?<\/div>\n                <div class=\"desc\">\n<p>Alap\u00e9rtelmez\u00e9s szerint a link mindig az angol nyelv\u0171 honlapunkra mutat, p\u00e9ld\u00e1ul <strong> https:\/\/mypalmleaf.com\/?mpl=51 <\/strong> <\/p>\n<p>Ha azt szeretn\u00e9, hogy a n\u00e9met honlapra (vagy b\u00e1rmely m\u00e1s nyelvre) v\u00e1ltson,<strong> akkor csak adja hozz\u00e1 a \/de\/ after.com c\u00edmet, hogy <\/strong>a https:\/\/mypalmleaf.com\/de\/?mpl=51<strong> legyen <\/strong>.  <\/p>\n<\/div>\n              <\/li>\n                          <li>\n                <div class=\"title\">4. Ossza meg a linket m\u00e1sokkal  <\/div>\n                <div class=\"desc\"><p>Ezut\u00e1n megoszthatja a linket m\u00e1sokkal. Amikor az \u00d6n partneri linkj\u00e9n kereszt\u00fcl egyszer megl\u00e1togatj\u00e1k az oldalt, egy cookie ker\u00fcl a b\u00f6ng\u00e9sz\u0151j\u00fckbe. Ha n\u00e9h\u00e1ny h\u00e9ttel k\u00e9s\u0151bb visszat\u00e9rnek az oldalra, an\u00e9lk\u00fcl, hogy az \u00d6n linkj\u00e9n kereszt\u00fcl \u00e9rkezn\u00e9nek, \u00e9s foglalnak, akkor ez akkor is az \u00d6n sz\u00e1m\u00e1ra referralnak sz\u00e1m\u00edt.    <\/p>\n<\/div>\n              <\/li>\n                          <li>\n                <div class=\"title\">5. Kapjon jutalmat<\/div>\n                <div class=\"desc\"><p>Minden egyes aj\u00e1nlott foglal\u00e1s\u00e9rt 30 \u20ac jutalmat kap.  <br \/>  Az \u00f6sszeget havonta fizetj\u00fck ki az \u00d6n \u00e1ltal v\u00e1lasztott bank- vagy Paypal-sz\u00e1ml\u00e1ra.  <\/p>\n<\/div>\n              <\/li>\n                          <li>\n                <div class=\"title\">6. Ellen\u0151rizze a beutal\u00f3it<\/div>\n                <div class=\"desc\"><p>Az affiliate m\u0171szerfalon mindig l\u00e1thatja a hivatkoz\u00e1sok \u00e9s a weboldall\u00e1togat\u00e1sok sz\u00e1m\u00e1t.  <\/p>\n<\/div>\n              <\/li>\n                          <li>\n                <div class=\"title\"><\/div>\n                <div class=\"desc\"><p><a href=\"https:\/\/mypalmleaf.com\/prices\/find-your-palm-leaf-and-read-the-general-chapter\/\" class=\"btn btn-primary\">Find My Leaf<\/a><\/p>\n<\/div>\n              <\/li>\n                      <\/ul>\n          <div class=\"btm-contact\"><div class=\"btm-contact\">Ha b\u00e1rmilyen k\u00e9rd\u00e9se van a partnerprogrammal kapcsolatban, k\u00e9rj\u00fck, \u00edrjon nek\u00fcnk a <a href=\"mailto:support@mypalmleaf.com\">support@mypalmleaf.com<\/a> c\u00edmre.<\/div>\n<\/div>\n        <\/div>\n      <\/div>\n    <\/div>\n  <\/div>\n<\/section>","protected":false},"excerpt":{"rendered":"","protected":false},"author":1,"featured_media":0,"parent":0,"menu_order":0,"comment_status":"closed","ping_status":"closed","template":"","meta":{"_acf_changed":false,"footnotes":""},"class_list":["post-37134","page","type-page","status-publish","hentry"],"acf":[],"yoast_head":"<!-- This site is optimized with the Yoast SEO plugin v26.4 - https:\/\/yoast.com\/wordpress\/plugins\/seo\/ -->\n<title>Affiliates Program - My Palm Leaf<\/title>\n<meta name=\"robots\" content=\"index, follow, max-snippet:-1, max-image-preview:large, max-video-preview:-1\" \/>\n<link rel=\"canonical\" href=\"https:\/\/mypalmleaf.com\/hu\/affiliates-program\/\" \/>\n<meta property=\"og:locale\" content=\"hu_HU\" \/>\n<meta property=\"og:type\" content=\"article\" \/>\n<meta property=\"og:title\" content=\"Affiliates Program - My Palm Leaf\" \/>\n<meta property=\"og:url\" content=\"https:\/\/mypalmleaf.com\/hu\/affiliates-program\/\" \/>\n<meta property=\"og:site_name\" content=\"My Palm Leaf\" \/>\n<meta property=\"article:modified_time\" content=\"2025-07-07T10:31:02+00:00\" \/>\n<meta property=\"og:image\" content=\"https:\/\/mypalmleaf.com\/wp-content\/uploads\/2025\/08\/mpl-circle-logo.jpg\" \/>\n\t<meta property=\"og:image:width\" content=\"1200\" \/>\n\t<meta property=\"og:image:height\" content=\"1196\" \/>\n\t<meta property=\"og:image:type\" content=\"image\/jpeg\" \/>\n<meta name=\"twitter:card\" content=\"summary_large_image\" \/>\n<script type=\"application\/ld+json\" class=\"yoast-schema-graph\">{\"@context\":\"https:\/\/schema.org\",\"@graph\":[{\"@type\":\"WebPage\",\"@id\":\"https:\/\/mypalmleaf.com\/hu\/affiliates-program\/\",\"url\":\"https:\/\/mypalmleaf.com\/hu\/affiliates-program\/\",\"name\":\"Affiliates Program - My Palm Leaf\",\"isPartOf\":{\"@id\":\"https:\/\/mypalmleaf.com\/#website\"},\"datePublished\":\"2024-08-28T03:20:58+00:00\",\"dateModified\":\"2025-07-07T10:31:02+00:00\",\"breadcrumb\":{\"@id\":\"https:\/\/mypalmleaf.com\/hu\/affiliates-program\/#breadcrumb\"},\"inLanguage\":\"hu\",\"potentialAction\":[{\"@type\":\"ReadAction\",\"target\":[\"https:\/\/mypalmleaf.com\/hu\/affiliates-program\/\"]}]},{\"@type\":\"BreadcrumbList\",\"@id\":\"https:\/\/mypalmleaf.com\/hu\/affiliates-program\/#breadcrumb\",\"itemListElement\":[{\"@type\":\"ListItem\",\"position\":1,\"name\":\"Home\",\"item\":\"https:\/\/mypalmleaf.com\/hu\/\"},{\"@type\":\"ListItem\",\"position\":2,\"name\":\"Affiliates Program\"}]},{\"@type\":\"WebSite\",\"@id\":\"https:\/\/mypalmleaf.com\/#website\",\"url\":\"https:\/\/mypalmleaf.com\/\",\"name\":\"My Palm Leaf\",\"description\":\"\",\"potentialAction\":[{\"@type\":\"SearchAction\",\"target\":{\"@type\":\"EntryPoint\",\"urlTemplate\":\"https:\/\/mypalmleaf.com\/?s={search_term_string}\"},\"query-input\":{\"@type\":\"PropertyValueSpecification\",\"valueRequired\":true,\"valueName\":\"search_term_string\"}}],\"inLanguage\":\"hu\"}]}<\/script>\n<!-- \/ Yoast SEO plugin. -->","yoast_head_json":{"title":"Affiliates Program - My Palm Leaf","robots":{"index":"index","follow":"follow","max-snippet":"max-snippet:-1","max-image-preview":"max-image-preview:large","max-video-preview":"max-video-preview:-1"},"canonical":"https:\/\/mypalmleaf.com\/hu\/affiliates-program\/","og_locale":"hu_HU","og_type":"article","og_title":"Affiliates Program - My Palm Leaf","og_url":"https:\/\/mypalmleaf.com\/hu\/affiliates-program\/","og_site_name":"My Palm Leaf","article_modified_time":"2025-07-07T10:31:02+00:00","og_image":[{"width":1200,"height":1196,"url":"https:\/\/mypalmleaf.com\/wp-content\/uploads\/2025\/08\/mpl-circle-logo.jpg","type":"image\/jpeg"}],"twitter_card":"summary_large_image","schema":{"@context":"https:\/\/schema.org","@graph":[{"@type":"WebPage","@id":"https:\/\/mypalmleaf.com\/hu\/affiliates-program\/","url":"https:\/\/mypalmleaf.com\/hu\/affiliates-program\/","name":"Affiliates Program - My Palm Leaf","isPartOf":{"@id":"https:\/\/mypalmleaf.com\/#website"},"datePublished":"2024-08-28T03:20:58+00:00","dateModified":"2025-07-07T10:31:02+00:00","breadcrumb":{"@id":"https:\/\/mypalmleaf.com\/hu\/affiliates-program\/#breadcrumb"},"inLanguage":"hu","potentialAction":[{"@type":"ReadAction","target":["https:\/\/mypalmleaf.com\/hu\/affiliates-program\/"]}]},{"@type":"BreadcrumbList","@id":"https:\/\/mypalmleaf.com\/hu\/affiliates-program\/#breadcrumb","itemListElement":[{"@type":"ListItem","position":1,"name":"Home","item":"https:\/\/mypalmleaf.com\/hu\/"},{"@type":"ListItem","position":2,"name":"Affiliates Program"}]},{"@type":"WebSite","@id":"https:\/\/mypalmleaf.com\/#website","url":"https:\/\/mypalmleaf.com\/","name":"My Palm Leaf","description":"","potentialAction":[{"@type":"SearchAction","target":{"@type":"EntryPoint","urlTemplate":"https:\/\/mypalmleaf.com\/?s={search_term_string}"},"query-input":{"@type":"PropertyValueSpecification","valueRequired":true,"valueName":"search_term_string"}}],"inLanguage":"hu"}]}},"_links":{"self":[{"href":"https:\/\/mypalmleaf.com\/hu\/wp-json\/wp\/v2\/pages\/37134","targetHints":{"allow":["GET"]}}],"collection":[{"href":"https:\/\/mypalmleaf.com\/hu\/wp-json\/wp\/v2\/pages"}],"about":[{"href":"https:\/\/mypalmleaf.com\/hu\/wp-json\/wp\/v2\/types\/page"}],"author":[{"embeddable":true,"href":"https:\/\/mypalmleaf.com\/hu\/wp-json\/wp\/v2\/users\/1"}],"replies":[{"embeddable":true,"href":"https:\/\/mypalmleaf.com\/hu\/wp-json\/wp\/v2\/comments?post=37134"}],"version-history":[{"count":0,"href":"https:\/\/mypalmleaf.com\/hu\/wp-json\/wp\/v2\/pages\/37134\/revisions"}],"wp:attachment":[{"href":"https:\/\/mypalmleaf.com\/hu\/wp-json\/wp\/v2\/media?parent=37134"}],"curies":[{"name":"wp","href":"https:\/\/api.w.org\/{rel}","templated":true}]}}