
{"id":37151,"date":"2024-08-28T04:10:49","date_gmt":"2024-08-28T04:10:49","guid":{"rendered":"https:\/\/mypalmleaf.com\/csatlakozz-hozzank\/"},"modified":"2025-04-16T11:18:56","modified_gmt":"2025-04-16T11:18:56","slug":"csatlakozz-hozzank","status":"publish","type":"page","link":"https:\/\/mypalmleaf.com\/hu\/csatlakozz-hozzank\/","title":{"rendered":"Csatlakozz hozz\u00e1nk"},"content":{"rendered":"\n<section class=\"spotlight-main small top-gap\">\n    <!-- <div class=\"slider-wrap\" data-flickity='{ \"cellAlign\": \"left\", \"contain\": true, \"wrapAround\": true, \"setGallerySize\": false }'> -->\n    <div class=\"slider-wrap\" data-flickity='{ \"cellAlign\": \"left\", \"contain\": true, \"wrapAround\": true, \"setGallerySize\": false  }'>\n            <div class=\"slides\">\n        <div class=\"content-wrap\">\n          <div class=\"image\">\n            <picture>\n              <source media=\"(max-width: 999px)\" srcset=\"https:\/\/mypalmleaf.com\/wp-content\/uploads\/2024\/09\/join-us-spotlight-new-mob.jpg\" \/>\n              <source media=\"(min-width: 1000px)\" srcset=\"https:\/\/mypalmleaf.com\/wp-content\/uploads\/2024\/09\/join-us-spotlight-new.jpg\" \/>\n              <img decoding=\"async\" src=\"https:\/\/mypalmleaf.com\/wp-content\/uploads\/2024\/09\/join-us-spotlight-new.jpg\" class=\"img-fluid\" alt=\"\" \/>\n            <\/picture>\n          <\/div>\n          <div class=\"content\">\n            <div data-aos=\"fade-up\" data-aos-duration=\"1000\">\n              <h2 class=\"\">Csatlakozz hozz\u00e1nk<\/h2>\n                                 \n            <\/div>\n          <\/div>\n        <\/div>\n      <\/div>\n          <\/div>\n<\/section>\n<section class=\"my-6 flipping-gallery\">\n  <div class=\"container-xl\" data-aos=\"fade-up\" data-aos-duration=\"1000\">\n    <div class=\"row\">\n      <div class=\"col\">\n        <div class=\"gallery-wrap\">\n                      <div class=\"block\">\n              <div class=\"rounded-asset\">\n                                                  <img decoding=\"async\" src=\"https:\/\/mypalmleaf.com\/wp-content\/uploads\/2024\/08\/gallery-img-1-2.jpg\" alt=\"\" class=\"\">\n                                                    <img decoding=\"async\" src=\"https:\/\/mypalmleaf.com\/wp-content\/uploads\/2024\/08\/gallery-img-1.jpg\" alt=\"\" class=\"overlay\">\n                                                <\/div>\n            <\/div>\n                      <div class=\"block\">\n              <div class=\"rounded-asset\">\n                                                  <img decoding=\"async\" src=\"https:\/\/mypalmleaf.com\/wp-content\/uploads\/2024\/08\/gallery-img-2-2.jpg\" alt=\"\" class=\"\">\n                                                    <img decoding=\"async\" src=\"https:\/\/mypalmleaf.com\/wp-content\/uploads\/2024\/08\/gallery-img-2.jpg\" alt=\"\" class=\"overlay\">\n                                                <\/div>\n            <\/div>\n                      <div class=\"block\">\n              <div class=\"rounded-asset\">\n                                                  <img decoding=\"async\" src=\"https:\/\/mypalmleaf.com\/wp-content\/uploads\/2024\/08\/gallery-img-3-2.jpg\" alt=\"\" class=\"\">\n                                                    <img decoding=\"async\" src=\"https:\/\/mypalmleaf.com\/wp-content\/uploads\/2024\/08\/gallery-img-3.jpg\" alt=\"\" class=\"overlay\">\n                                                <\/div>\n            <\/div>\n                      <div class=\"block\">\n              <div class=\"rounded-asset\">\n                                                  <img decoding=\"async\" src=\"https:\/\/mypalmleaf.com\/wp-content\/uploads\/2024\/08\/gallery-img-4-2.jpg\" alt=\"\" class=\"\">\n                                                    <img decoding=\"async\" src=\"https:\/\/mypalmleaf.com\/wp-content\/uploads\/2024\/08\/gallery-img-4.jpg\" alt=\"\" class=\"overlay\">\n                                                <\/div>\n            <\/div>\n                      <div class=\"block\">\n              <div class=\"rounded-asset\">\n                                                  <img decoding=\"async\" src=\"https:\/\/mypalmleaf.com\/wp-content\/uploads\/2024\/08\/gallery-img-5-2.jpg\" alt=\"\" class=\"\">\n                                                    <img decoding=\"async\" src=\"https:\/\/mypalmleaf.com\/wp-content\/uploads\/2024\/08\/gallery-img-5.jpg\" alt=\"\" class=\"overlay\">\n                                                <\/div>\n            <\/div>\n                      <div class=\"block\">\n              <div class=\"rounded-asset\">\n                                                  <img decoding=\"async\" src=\"https:\/\/mypalmleaf.com\/wp-content\/uploads\/2024\/08\/gallery-img-6.jpg\" alt=\"\" class=\"\">\n                                                    <img decoding=\"async\" src=\"https:\/\/mypalmleaf.com\/wp-content\/uploads\/2024\/08\/gallery-img-6-2.jpg\" alt=\"\" class=\"overlay\">\n                                                <\/div>\n            <\/div>\n                  <\/div>\n      <\/div>\n    <\/div>\n  <\/div>\n<\/section><section class=\"join-us-block my-6 position-relative\">\n  <div class=\"container-xl\">\n    <div class=\"row mb-4 justify-content-center\">\n      <div class=\"col-lg-10 text-center\" data-aos=\"fade-up\" data-aos-duration=\"1000\">\n        <p>Moder\u00e1tork\u00e9nt vagy ford\u00edt\u00f3k\u00e9nt seg\u00edtesz az \u00fcgyfeleknek a teny\u00e9rlev\u00e9l-olvas\u00e1sban, v\u00e1laszolsz a k\u00e9rd\u00e9seikre, t\u00e1mogatod \u0151ket, k\u00e9nyelmesen \u00e9rzik magukat, \u00e9s hidat \u00e9p\u00edtesz k\u00f6zt\u00fck \u00e9s a teny\u00e9rlev\u00e9l-k\u00f6nyvt\u00e1r k\u00f6z\u00f6tt.<\/p>\n      <\/div>\n    <\/div>\n    <div class=\"row my-5 justify-content-between\" data-aos=\"fade-up\" data-aos-duration=\"1000\">\n              <div class=\"col-lg-5\">\n          <div class=\"dual-col\">\n            <div class=\"title\">\n              <img decoding=\"async\" src=\"https:\/\/mypalmleaf.com\/wp-content\/uploads\/2024\/08\/title-bg.png\" alt=\"\" class=\"img-fluid\">\n              <div class=\"text\">Moder\u00e1tor<\/div>\n            <\/div>\n            <div class=\"desc\">\n              <p>Moder\u00e1tork\u00e9nt t\u00e1mogatod az angol teny\u00e9rlev\u00e9l-olvas\u00e1st.<br \/>\nA felolvas\u00e1s megkezd\u00e9se el\u0151tt elmagyar\u00e1zod a folyamatot, \u00e9s a h\u00e1tt\u00e9rben ott vagy, hogy sz\u00fcks\u00e9g eset\u00e9n v\u00e1laszolj a k\u00e9rd\u00e9sekre.<br \/>\nMag\u00e1t a felolvas\u00e1st a teny\u00e9rlev\u00e9l-k\u00f6nyvt\u00e1rban l\u00e9v\u0151 ford\u00edt\u00f3 ford\u00edtja le tamilr\u00f3l angolra.  <\/p>\n            <\/div>\n          <\/div>\n        <\/div>\n              <div class=\"col-lg-5\">\n          <div class=\"dual-col\">\n            <div class=\"title\">\n              <img decoding=\"async\" src=\"https:\/\/mypalmleaf.com\/wp-content\/uploads\/2024\/08\/title-bg.png\" alt=\"\" class=\"img-fluid\">\n              <div class=\"text\">Ford\u00edt\u00f3<\/div>\n            <\/div>\n            <div class=\"desc\">\n              <p>Ford\u00edt\u00f3k\u00e9nt mindent megteszel, amit egy moder\u00e1tor, de te ford\u00edtasz le mindent, amit a k\u00f6nyvt\u00e1r ford\u00edt\u00f3ja tamilr\u00f3l angolra ford\u00edt az adott nyelvre, p\u00e9ld\u00e1ul lengyelre, franci\u00e1ra vagy arabra.<\/p>\n            <\/div>\n          <\/div>\n        <\/div>\n          <\/div>\n  <\/div>\n  <\/section><section class=\"tabs-wrapper my-6 mt-0\">\n  <div class=\"container-xl\">\n    <div class=\"row\">\n      <div class=\"tabs-container\" data-aos=\"fade-up\" data-aos-duration=\"1000\">\n        <ul class=\"tabs\">\n                                <li class=\"tab-button active\" data-target=\"tab1\">K\u00f6vetelm\u00e9nyek<\/li>\n                                  <li class=\"tab-button active\" data-target=\"tab2\">Mi\u00e9rt csatlakozzon hozz\u00e1nk<\/li>\n                                  <li class=\"tab-button active\" data-target=\"tab3\">Munkaid\u0151<\/li>\n                                  <li class=\"tab-button active\" data-target=\"tab4\">Kompenz\u00e1ci\u00f3 \u00e9s fizet\u00e9s<\/li>\n                              <\/ul>\n        <div class=\"tab-content\">\n                                <div id=\"tab1\" class=\"tab-pane active\">\n              <h4>Abszol\u00fat k\u00f6vetelm\u00e9nyek a p\u00e1lmalev\u00e9l olvas\u00e1s seg\u00edt\u00e9s\u00e9hez<\/h4>\n<ul>\n<li>Foly\u00e9konyan besz\u00e9l angolul \u00e9s ford\u00edt\u00f3k\u00e9nt is j\u00f3l besz\u00e9l azon a nyelven, amelyre ford\u00edt.<\/li>\n<li>\u00d6n \u00f6sszhangban van spiritu\u00e1lis k\u00fcldet\u00e9s\u00fcnkkel<\/li>\n<li>Van egy j\u00f3l m\u0171k\u00f6d\u0151 sz\u00e1m\u00edt\u00f3g\u00e9ped, tudod haszn\u00e1lni a nagy\u00edt\u00e1st, \u00e9s stabil internetkapcsolattal rendelkezel.<\/li>\n<li>Megb\u00edzhat\u00f3 \u00e9s pontos.<\/li>\n<li>\u0150szinte motiv\u00e1ci\u00f3d van arra, hogy hozz\u00e1j\u00e1rulj az emberis\u00e9g fejl\u0151d\u00e9s\u00e9hez, gy\u00f3gyul\u00e1s\u00e1hoz \u00e9s \u00e9bred\u00e9s\u00e9hez.<\/li>\n<li>\u00d6n motiv\u00e1lt \u00e9s inspir\u00e1lt<\/li>\n<li>K\u00e9pes vagy \u00e9s hajland\u00f3 vagy felel\u0151ss\u00e9get v\u00e1llalni \u00e9s proakt\u00edv lenni.<\/li>\n<li>\u00d6n maga is r\u00e9szes\u00fclt m\u00e1r teny\u00e9rj\u00f3sl\u00e1sban, \u00e9s meg\u00e9rti a folyamatot.<\/li>\n<li>Szeretsz olyan emberekkel kommunik\u00e1lni \u00e9s kapcsol\u00f3dni, akik empatikusak, szeretetteljesek \u00e9s hitelesek.<\/li>\n<li>\u00d6n nyitott \u00e9s hajland\u00f3 \u00faj k\u00e9szs\u00e9geket tanulni.<\/li>\n<li>\u00c1tn\u00e9zted a weboldalunkat \u00e9s a YouTube csatorn\u00e1nkat, \u00e9s tiszt\u00e1ban vagy azzal, hogy mit csin\u00e1l a Mypalmleaf.<\/li>\n<li>Vil\u00e1gos, szeretetteljes \u00e9s k\u00f6zvetlen a kommunik\u00e1ci\u00f3d.<\/li>\n<\/ul>\n            <\/div>\n                                  <div id=\"tab2\" class=\"tab-pane active\">\n              <h4>Az igazi okok, hogy mi\u00e9rt \u00e9rdemes a Mypalmleaf-al dolgozni<\/h4>\n<p>A Mypalmleaf egy c\u00e9lorient\u00e1lt szervezet, amely a m\u00e9ly spiritu\u00e1lis gyakorlatokat \u00e9s meg\u00e9rt\u00e9seket olyan f\u00f6ldh\u00f6zragadt munkastrukt\u00far\u00e1kkal \u00f6tv\u00f6zi, amelyek t\u00e1mogatj\u00e1k \u00d6nt a szakmai fejl\u0151d\u00e9s\u00e9ben.<br \/>\nOlyan inspir\u00e1l\u00f3 munkak\u00f6rnyezetet hozunk l\u00e9tre k\u00f6z\u00f6sen, amely hozz\u00e1j\u00e1rul az emberis\u00e9g fejl\u0151d\u00e9s\u00e9hez, \u00e9s amely az a sz\u00e1nd\u00e9kunk, hogy olyannak l\u00e1sson \u00e9s seg\u00edtsen t\u00e9ged, amilyen egyedi emberi l\u00e9ny vagy.<br \/>\nCsapatk\u00e9nt, pozit\u00edv, t\u00e1mogat\u00f3 csapatszellemben dolgozunk egy\u00fctt, amelynek c\u00e9lja, hogy kihozza \u00e9s t\u00e1mogassa az \u00d6n k\u00e9pess\u00e9geit \u00e9s tehets\u00e9g\u00e9t, mik\u00f6zben b\u0151s\u00e9ges j\u00f6vedelmet biztos\u00edt az \u00e9let\u00e9nek fenntart\u00e1s\u00e1hoz.  <\/p>\n            <\/div>\n                                  <div id=\"tab3\" class=\"tab-pane active\">\n              <p>\u00c1ltal\u00e1ban 7 \u00e9s 8 \u00f3ra k\u00f6z\u00f6tt kezd\u0151d\u0151 felolvas\u00e1st tervez\u00fcnk Indiai id\u0151nkben az \u00fcgyfelek \u00e9s a szervezet ig\u00e9nyeivel \u00f6sszehangoltan, a rendelkez\u00e9sre \u00e1ll\u00e1st\u00f3l f\u00fcgg\u0151en \u00fctemezhet\u00fcnk id\u0151intervallumokat.<br \/>\n\u00c1ltal\u00e1ban mindent megtesz\u00fcnk, hogy mindenki sz\u00e1m\u00e1ra m\u0171k\u00f6dj\u00f6n. <\/p>\n            <\/div>\n                                  <div id=\"tab4\" class=\"tab-pane active\">\n              <p>Jelentkez\u00e9se be\u00e9rkez\u00e9se ut\u00e1n r\u00e9szletes magyar\u00e1zatot k\u00fcld\u00fcnk a fizet\u00e9sr\u0151l.<\/p>\n            <\/div>\n                              <\/div>\n      <\/div>\n    <\/div>\n  <\/div>\n<\/section><section class=\"how-to-apply my-6 mt-0\">\n  <div class=\"container-xl\">\n    <div class=\"row\">\n      <div class=\"col-lg-10 mx-auto\" >\n        <div class=\"dual-col \">\n          <div class=\"title\">\n            <img decoding=\"async\" src=\"https:\/\/mypalmleaf.com\/wp-content\/uploads\/2024\/08\/title-bg.png\" alt=\"\" class=\"img-fluid\">\n            <div class=\"text\">Hogyan kell jelentkezni<\/div>\n          <\/div>\n          <div class=\"desc\">\n            <p>K\u00fcldj nek\u00fcnk egy r\u00f6vid, 1-5 perces szelfi videoklipet, amelyben mes\u00e9lsz magadr\u00f3l \u00e9s arr\u00f3l, hogy mi\u00e9rt szeretn\u00e9l vel\u00fcnk dolgozni. Nem kell, hogy profi legyen. Ne halogasd \u00e9s ne l\u00e9gy sz\u00e9gyenl\u0151s, tedd meg most. Ezt a hozz\u00e1\u00e1ll\u00e1st sz\u00edvesen l\u00e1tn\u00e1nk a csapatunkban. Minden komoly jelentkez\u0151vel, aki elk\u00fcldi nek\u00fcnk a vide\u00f3j\u00e1t, egy 10 perces gyorsinterj\u00fa keret\u00e9ben interj\u00fat k\u00e9sz\u00edt\u00fcnk. Ne: K\u00fcldj nek\u00fcnk \u00fczenetet, hogy &#8222;k\u00fcldj\u00fcnk tov\u00e1bbi inf\u00f3t&#8221;.<\/p>\n<div class=\"btm-contact\">K\u00e9sz\u00edtsd el a vide\u00f3t most, \u00e9s k\u00fcldd el a <a href=\"mailto:info@mypalmleaf.com\">info@mypalmleaf.com<\/a> c\u00edmre.<\/div>\n          <\/div>\n        <\/div>\n      <\/div>\n    <\/div>\n  <\/div>\n<\/section>","protected":false},"excerpt":{"rendered":"","protected":false},"author":1,"featured_media":0,"parent":0,"menu_order":0,"comment_status":"closed","ping_status":"closed","template":"","meta":{"_acf_changed":false,"footnotes":""},"class_list":["post-37151","page","type-page","status-publish","hentry"],"acf":[],"yoast_head":"<!-- This site is optimized with the Yoast SEO plugin v26.4 - https:\/\/yoast.com\/wordpress\/plugins\/seo\/ -->\n<title>Csatlakozz hozz\u00e1nk - My Palm Leaf<\/title>\n<meta name=\"description\" content=\"L\u00e9pj kapcsolatba vel\u00fcnk, \u00e9s v\u00e1lj a P\u00e1lmalev\u00e9l utaz\u00e1s r\u00e9sz\u00e9v\u00e9, ahol spiritu\u00e1lis \u00fatmutat\u00e1st \u00e9s szem\u00e9lyes \u00e1talakul\u00e1st \u00e9lhetsz \u00e1t. K\u00e9rdezz szak\u00e9rt\u0151inkt\u0151l!\" \/>\n<meta name=\"robots\" content=\"index, follow, max-snippet:-1, max-image-preview:large, max-video-preview:-1\" \/>\n<link rel=\"canonical\" href=\"https:\/\/mypalmleaf.com\/moderator_and_translator\/\" \/>\n<meta property=\"og:locale\" content=\"hu_HU\" \/>\n<meta property=\"og:type\" content=\"article\" \/>\n<meta property=\"og:title\" content=\"Csatlakozz hozz\u00e1nk - My Palm Leaf\" \/>\n<meta property=\"og:description\" content=\"L\u00e9pj kapcsolatba vel\u00fcnk, \u00e9s v\u00e1lj a P\u00e1lmalev\u00e9l utaz\u00e1s r\u00e9sz\u00e9v\u00e9, ahol spiritu\u00e1lis \u00fatmutat\u00e1st \u00e9s szem\u00e9lyes \u00e1talakul\u00e1st \u00e9lhetsz \u00e1t. K\u00e9rdezz szak\u00e9rt\u0151inkt\u0151l!\" \/>\n<meta property=\"og:url\" content=\"https:\/\/mypalmleaf.com\/moderator_and_translator\/\" \/>\n<meta property=\"og:site_name\" content=\"My Palm Leaf\" \/>\n<meta property=\"article:modified_time\" content=\"2025-04-16T11:18:56+00:00\" \/>\n<meta property=\"og:image\" content=\"https:\/\/mypalmleaf.com\/wp-content\/uploads\/2025\/08\/mpl-circle-logo.jpg\" \/>\n\t<meta property=\"og:image:width\" content=\"1200\" \/>\n\t<meta property=\"og:image:height\" content=\"1196\" \/>\n\t<meta property=\"og:image:type\" content=\"image\/jpeg\" \/>\n<meta name=\"twitter:card\" content=\"summary_large_image\" \/>\n<script type=\"application\/ld+json\" class=\"yoast-schema-graph\">{\"@context\":\"https:\/\/schema.org\",\"@graph\":[{\"@type\":\"WebPage\",\"@id\":\"https:\/\/mypalmleaf.com\/moderator_and_translator\/\",\"url\":\"https:\/\/mypalmleaf.com\/moderator_and_translator\/\",\"name\":\"Csatlakozz hozz\u00e1nk - My Palm Leaf\",\"isPartOf\":{\"@id\":\"https:\/\/mypalmleaf.com\/#website\"},\"datePublished\":\"2024-08-28T04:10:49+00:00\",\"dateModified\":\"2025-04-16T11:18:56+00:00\",\"description\":\"L\u00e9pj kapcsolatba vel\u00fcnk, \u00e9s v\u00e1lj a P\u00e1lmalev\u00e9l utaz\u00e1s r\u00e9sz\u00e9v\u00e9, ahol spiritu\u00e1lis \u00fatmutat\u00e1st \u00e9s szem\u00e9lyes \u00e1talakul\u00e1st \u00e9lhetsz \u00e1t. K\u00e9rdezz szak\u00e9rt\u0151inkt\u0151l!\",\"breadcrumb\":{\"@id\":\"https:\/\/mypalmleaf.com\/moderator_and_translator\/#breadcrumb\"},\"inLanguage\":\"hu\",\"potentialAction\":[{\"@type\":\"ReadAction\",\"target\":[\"https:\/\/mypalmleaf.com\/moderator_and_translator\/\"]}]},{\"@type\":\"BreadcrumbList\",\"@id\":\"https:\/\/mypalmleaf.com\/moderator_and_translator\/#breadcrumb\",\"itemListElement\":[{\"@type\":\"ListItem\",\"position\":1,\"name\":\"Home\",\"item\":\"https:\/\/mypalmleaf.com\/hu\/\"},{\"@type\":\"ListItem\",\"position\":2,\"name\":\"Csatlakozz hozz\u00e1nk\"}]},{\"@type\":\"WebSite\",\"@id\":\"https:\/\/mypalmleaf.com\/#website\",\"url\":\"https:\/\/mypalmleaf.com\/\",\"name\":\"My Palm Leaf\",\"description\":\"\",\"potentialAction\":[{\"@type\":\"SearchAction\",\"target\":{\"@type\":\"EntryPoint\",\"urlTemplate\":\"https:\/\/mypalmleaf.com\/?s={search_term_string}\"},\"query-input\":{\"@type\":\"PropertyValueSpecification\",\"valueRequired\":true,\"valueName\":\"search_term_string\"}}],\"inLanguage\":\"hu\"}]}<\/script>\n<!-- \/ Yoast SEO plugin. -->","yoast_head_json":{"title":"Csatlakozz hozz\u00e1nk - My Palm Leaf","description":"L\u00e9pj kapcsolatba vel\u00fcnk, \u00e9s v\u00e1lj a P\u00e1lmalev\u00e9l utaz\u00e1s r\u00e9sz\u00e9v\u00e9, ahol spiritu\u00e1lis \u00fatmutat\u00e1st \u00e9s szem\u00e9lyes \u00e1talakul\u00e1st \u00e9lhetsz \u00e1t. K\u00e9rdezz szak\u00e9rt\u0151inkt\u0151l!","robots":{"index":"index","follow":"follow","max-snippet":"max-snippet:-1","max-image-preview":"max-image-preview:large","max-video-preview":"max-video-preview:-1"},"canonical":"https:\/\/mypalmleaf.com\/moderator_and_translator\/","og_locale":"hu_HU","og_type":"article","og_title":"Csatlakozz hozz\u00e1nk - My Palm Leaf","og_description":"L\u00e9pj kapcsolatba vel\u00fcnk, \u00e9s v\u00e1lj a P\u00e1lmalev\u00e9l utaz\u00e1s r\u00e9sz\u00e9v\u00e9, ahol spiritu\u00e1lis \u00fatmutat\u00e1st \u00e9s szem\u00e9lyes \u00e1talakul\u00e1st \u00e9lhetsz \u00e1t. K\u00e9rdezz szak\u00e9rt\u0151inkt\u0151l!","og_url":"https:\/\/mypalmleaf.com\/moderator_and_translator\/","og_site_name":"My Palm Leaf","article_modified_time":"2025-04-16T11:18:56+00:00","og_image":[{"width":1200,"height":1196,"url":"https:\/\/mypalmleaf.com\/wp-content\/uploads\/2025\/08\/mpl-circle-logo.jpg","type":"image\/jpeg"}],"twitter_card":"summary_large_image","schema":{"@context":"https:\/\/schema.org","@graph":[{"@type":"WebPage","@id":"https:\/\/mypalmleaf.com\/moderator_and_translator\/","url":"https:\/\/mypalmleaf.com\/moderator_and_translator\/","name":"Csatlakozz hozz\u00e1nk - My Palm Leaf","isPartOf":{"@id":"https:\/\/mypalmleaf.com\/#website"},"datePublished":"2024-08-28T04:10:49+00:00","dateModified":"2025-04-16T11:18:56+00:00","description":"L\u00e9pj kapcsolatba vel\u00fcnk, \u00e9s v\u00e1lj a P\u00e1lmalev\u00e9l utaz\u00e1s r\u00e9sz\u00e9v\u00e9, ahol spiritu\u00e1lis \u00fatmutat\u00e1st \u00e9s szem\u00e9lyes \u00e1talakul\u00e1st \u00e9lhetsz \u00e1t. K\u00e9rdezz szak\u00e9rt\u0151inkt\u0151l!","breadcrumb":{"@id":"https:\/\/mypalmleaf.com\/moderator_and_translator\/#breadcrumb"},"inLanguage":"hu","potentialAction":[{"@type":"ReadAction","target":["https:\/\/mypalmleaf.com\/moderator_and_translator\/"]}]},{"@type":"BreadcrumbList","@id":"https:\/\/mypalmleaf.com\/moderator_and_translator\/#breadcrumb","itemListElement":[{"@type":"ListItem","position":1,"name":"Home","item":"https:\/\/mypalmleaf.com\/hu\/"},{"@type":"ListItem","position":2,"name":"Csatlakozz hozz\u00e1nk"}]},{"@type":"WebSite","@id":"https:\/\/mypalmleaf.com\/#website","url":"https:\/\/mypalmleaf.com\/","name":"My Palm Leaf","description":"","potentialAction":[{"@type":"SearchAction","target":{"@type":"EntryPoint","urlTemplate":"https:\/\/mypalmleaf.com\/?s={search_term_string}"},"query-input":{"@type":"PropertyValueSpecification","valueRequired":true,"valueName":"search_term_string"}}],"inLanguage":"hu"}]}},"_links":{"self":[{"href":"https:\/\/mypalmleaf.com\/hu\/wp-json\/wp\/v2\/pages\/37151","targetHints":{"allow":["GET"]}}],"collection":[{"href":"https:\/\/mypalmleaf.com\/hu\/wp-json\/wp\/v2\/pages"}],"about":[{"href":"https:\/\/mypalmleaf.com\/hu\/wp-json\/wp\/v2\/types\/page"}],"author":[{"embeddable":true,"href":"https:\/\/mypalmleaf.com\/hu\/wp-json\/wp\/v2\/users\/1"}],"replies":[{"embeddable":true,"href":"https:\/\/mypalmleaf.com\/hu\/wp-json\/wp\/v2\/comments?post=37151"}],"version-history":[{"count":0,"href":"https:\/\/mypalmleaf.com\/hu\/wp-json\/wp\/v2\/pages\/37151\/revisions"}],"wp:attachment":[{"href":"https:\/\/mypalmleaf.com\/hu\/wp-json\/wp\/v2\/media?parent=37151"}],"curies":[{"name":"wp","href":"https:\/\/api.w.org\/{rel}","templated":true}]}}