
{"id":37169,"date":"2024-09-01T09:48:00","date_gmt":"2024-09-01T09:48:00","guid":{"rendered":"https:\/\/mypalmleaf.com\/adomanyok\/"},"modified":"2025-06-21T08:55:55","modified_gmt":"2025-06-21T08:55:55","slug":"adomanyok","status":"publish","type":"page","link":"https:\/\/mypalmleaf.com\/hu\/adomanyok\/","title":{"rendered":"Adom\u00e1nyok"},"content":{"rendered":"\n<section class=\"spotlight-main small top-gap\">\n    <!-- <div class=\"slider-wrap\" data-flickity='{ \"cellAlign\": \"left\", \"contain\": true, \"wrapAround\": true, \"setGallerySize\": false }'> -->\n    <div class=\"slider-wrap\" data-flickity='{ \"cellAlign\": \"left\", \"contain\": true, \"wrapAround\": true, \"setGallerySize\": false  }'>\n            <div class=\"slides\">\n        <div class=\"content-wrap\">\n          <div class=\"image\">\n            <picture>\n              <source media=\"(max-width: 999px)\" srcset=\"https:\/\/mypalmleaf.com\/wp-content\/uploads\/2024\/09\/donation-spotlight-mobile.jpg\" \/>\n              <source media=\"(min-width: 1000px)\" srcset=\"https:\/\/mypalmleaf.com\/wp-content\/uploads\/2024\/09\/donation-spotlight-1.jpg\" \/>\n              <img decoding=\"async\" src=\"https:\/\/mypalmleaf.com\/wp-content\/uploads\/2024\/09\/donation-spotlight-1.jpg\" class=\"img-fluid\" alt=\"\" \/>\n            <\/picture>\n          <\/div>\n          <div class=\"content\">\n            <div data-aos=\"fade-up\" data-aos-duration=\"1000\">\n              <h2 class=\"\">Adom\u00e1nyok<\/h2>\n                                 \n            <\/div>\n          <\/div>\n        <\/div>\n      <\/div>\n          <\/div>\n<\/section><section class=\"donation-bottom-block text-center\">\n  <div class=\"container-xl\">\n  <div class=\"row pt-5 donation-top-icon\">\n        <div class=\"col-lg-10 mx-auto\">\n        <ul>\n          <li class=\"text-lg-end\"><img decoding=\"async\" src=\"https:\/\/mypalmleaf.com\/wp-content\/uploads\/2024\/09\/donation-harmony-icon.png\" alt=\"\" class=\"img-fluid\"><\/li>\n          <li><h3>Adom\u00e1nyaitokat nagyra \u00e9rt\u00e9kelj\u00fck<\/h3><\/li>\n          <li class=\"text-lg-start\"><img decoding=\"async\" src=\"https:\/\/mypalmleaf.com\/wp-content\/uploads\/2024\/09\/mpl-circle-logo.png\" alt=\"\" class=\"img-fluid\"><\/li>\n        <\/ul>\n      <\/div>\n      <\/div>\n    <div class=\"row\">\n      <div class=\"col-lg-10 my-5 mx-auto\">\n        <p>A Mypalmleaf \u00e9s partner\u00fcnk, az In Harmony with Nature e.V. civil szervezet elk\u00f6telezett az \u00faj vil\u00e1g k\u00f6z\u00f6s megteremt\u00e9se mellett, amely a szereteten, az \u00e9bred\u00e9sen \u00e9s az igazi \u00e9rt\u00e9keken alapul.<\/p>\n<p>Mi csak apr\u00f3 darabk\u00e1i vagyunk a projektek \u00e9s egy\u00e9nek hatalmas glob\u00e1lis h\u00e1l\u00f3zat\u00e1nak, amelyek azon f\u00e1radoznak, hogy ezt a k\u00f6z\u00f6s \u00e1lmot val\u00f3ra v\u00e1lts\u00e1k.<\/p>\n<p>Az \u00d6n\u00f6k adom\u00e1nyai seg\u00edtenek nek\u00fcnk abban, hogy ennek a munk\u00e1nak szentelhess\u00fck magunkat.<\/p>\n<p>Hissz\u00fck, hogy ez a munka elengedhetetlen egy olyan vil\u00e1g megteremt\u00e9s\u00e9hez, amely a szereteten, az \u00e9bred\u00e9sen \u00e9s az igaz \u00e9rt\u00e9keken alapul. K\u00e9rj\u00fck, hogy adom\u00e1nyaikat partner szervezet\u00fcnknek, az In Harmony with Nature-nek juttass\u00e1k el, akik sz\u00e9tosztj\u00e1k azokat a teny\u00e9rlev\u00e9l-olvas\u00f3k, ford\u00edt\u00f3k \u00e9s az \u00faj vil\u00e1got \u00e9p\u00edt\u0151 projektek k\u00f6z\u00f6tt. <\/p>\n<p>Partners\u00e9g\u00fcnk r\u00e9v\u00e9n a fenntarthat\u00f3 \u00e9letm\u00f3d el\u0151mozd\u00edt\u00e1s\u00e1n, a term\u00e9szeti k\u00f6rnyezet v\u00e9delm\u00e9n \u00e9s meg\u00faj\u00edt\u00e1s\u00e1n, a helyi k\u00f6z\u00f6ss\u00e9gek t\u00e1mogat\u00e1s\u00e1n \u00e9s az \u00e9let \u00f6sszef\u00fcgg\u00e9seinek tudatos\u00edt\u00e1s\u00e1n dolgozunk.<\/p>\n<p>H\u00e1l\u00e1sak vagyunk adom\u00e1nyoz\u00f3ink t\u00e1mogat\u00e1s\u00e1\u00e9rt, akiknek hozz\u00e1j\u00e1rul\u00e1sa lehet\u0151v\u00e9 teszi sz\u00e1munkra, hogy folytathassuk ezt a fontos munk\u00e1t. Az \u00d6n\u00f6k adom\u00e1nyai seg\u00edtenek finansz\u00edrozni projektjeinket \u00e9s kezdem\u00e9nyez\u00e9seinket, t\u00f6bb emberhez eljutni \u00fczenet\u00fcnkkel, \u00e9s pozit\u00edv hat\u00e1st gyakorolni a vil\u00e1gra. <\/p>\n\n        <a href=\"https:\/\/spenden.twingle.de\/in-harmony-with-nature-e-v\/in-harmony-with-nature-e-v-en-kopie\/tw643cd4fb53874\/page\"  target=\"_blank\" class=\"btn btn-primary btn-lg mt-4\">Adom\u00e1nyozzon a Rishik b\u00f6lcsess\u00e9g\u00e9nek megoszt\u00e1s\u00e1ra<\/a>\n      <\/div>\n    <\/div>\n  <\/div>\n<\/section><section class=\"donation-top-block text-center\">\n  <div class=\"container-xl\">\n    <div class=\"row\">\n      <div class=\"col-lg-8 mx-auto my-5 text-center\">\n        <div class=\"col-lg-12 text-center\">\n          <div class=\"video-place-holder my-4\">\n            <div class=\"heading mb-3\">Bemutatkozik az In Harmony with Nature | Mypalmleaf partnerszervezete<\/div>\n            <div class=\"video rounded-asset\">\n              <img decoding=\"async\" src=\"https:\/\/mypalmleaf.com\/wp-content\/uploads\/2024\/09\/donation-video-thumb.png\" class=\"img-fluid\" alt=\"\"><div class=\"play-icon\"><\/div>\n              <a href=\"https:\/\/www.youtube.com\/watch?v=IyDUBCgcutc\" class=\"stretched-link\" data-lity><\/a>\n            <\/div>\n          <\/div>\n          <a href=\"https:\/\/spenden.twingle.de\/in-harmony-with-nature-e-v\/in-harmony-with-nature-e-v-en-kopie\/tw643cd4fb53874\/page\" target=\"_blank\" class=\"btn btn-primary btn-lg my-2\">Adom\u00e1nyozzon a Rishik b\u00f6lcsess\u00e9g\u00e9nek megoszt\u00e1s\u00e1ra<\/a>\n        <\/div>\n      <\/div>\n    <\/div>\n  <\/div>\n<\/section>\n<div class=\"container my-5\">\n  <div class=\"row\">\n    <!-- First Column -->\n    <div class=\"col-md-6 mb-4\">\n      <div class=\"video-place-holder my-4\">\n          \n            <div class=\"video rounded-asset\">\n              <img decoding=\"async\" src=\"\/wp-content\/uploads\/2025\/06\/bali-donation-video-thumb.jpg\" class=\"img-fluid\" alt=\"\"\/><div class=\"play-icon\"><\/div>\n              <a href=\"https:\/\/youtube.com\/watch?v=CZg0nTW-ZNc\" class=\"stretched-link\" data-lity=\"\"><\/a>\n            <\/div>\n  <div class=\"heading my-3\">Hogyan seg\u00edtenek a teny\u00e9rlev\u00e9l-olvas\u00e1sok \u00e9leteket \u00e1talak\u00edtani: Dharma Ananda Seva Gyermekotthon t\u00e1mogat\u00e1sa\n<\/div>\n          <\/div>\n    <\/div>\n\n    <!-- Second Column -->\n    <div class=\"col-md-6 mb-4\">\n      <div class=\"video-place-holder my-4\">\n            <div class=\"video rounded-asset\">\n              <img decoding=\"async\" src=\"\/wp-content\/uploads\/2025\/06\/india-donation-video-thumb.jpg\" class=\"img-fluid\" alt=\"\"\/><div class=\"play-icon\"><\/div>\n              <a href=\"https:\/\/www.youtube.com\/watch?v=OPTRiyZWTa0\" class=\"stretched-link\" data-lity=\"\"><\/a>\n            <\/div>\n            <div class=\"heading my-3\">20,000 \u00e9teladom\u00e1ny &#8211; K\u00f6sz\u00f6nj\u00fck \u00d6nnek! | Navagraha Templom utaz\u00e1sunk <\/div>\n\n          <\/div>\n    <\/div>\n  <\/div>\n<\/div>\n\n","protected":false},"excerpt":{"rendered":"<p>Hogyan seg\u00edtenek a teny\u00e9rlev\u00e9l-olvas\u00e1sok \u00e9leteket \u00e1talak\u00edtani: Dharma Ananda Seva Gyermekotthon t\u00e1mogat\u00e1sa 20,000 \u00e9teladom\u00e1ny &#8211; K\u00f6sz\u00f6nj\u00fck \u00d6nnek! | Navagraha Templom utaz\u00e1sunk<\/p>\n","protected":false},"author":1,"featured_media":0,"parent":0,"menu_order":0,"comment_status":"closed","ping_status":"closed","template":"","meta":{"_acf_changed":false,"footnotes":""},"class_list":["post-37169","page","type-page","status-publish","hentry"],"acf":[],"yoast_head":"<!-- This site is optimized with the Yoast SEO plugin v26.4 - https:\/\/yoast.com\/wordpress\/plugins\/seo\/ -->\n<title>Adom\u00e1nyok - My Palm Leaf<\/title>\n<meta name=\"description\" content=\"T\u00e1mogasd a spiritu\u00e1lis fejl\u0151d\u00e9st \u00e9s \u0151si hagyom\u00e1nyokat adom\u00e1nyoddal, seg\u00edtve a p\u00e1lmalev\u00e9l olvas\u00e1s szent gyakorlat\u00e1nak meg\u0151rz\u00e9s\u00e9t a j\u00f6v\u0151ben.\" \/>\n<meta name=\"robots\" content=\"index, follow, max-snippet:-1, max-image-preview:large, max-video-preview:-1\" \/>\n<link rel=\"canonical\" href=\"https:\/\/mypalmleaf.com\/hu\/adomanyok\/\" \/>\n<meta property=\"og:locale\" content=\"hu_HU\" \/>\n<meta property=\"og:type\" content=\"article\" \/>\n<meta property=\"og:title\" content=\"Adom\u00e1nyok - My Palm Leaf\" \/>\n<meta property=\"og:description\" content=\"T\u00e1mogasd a spiritu\u00e1lis fejl\u0151d\u00e9st \u00e9s \u0151si hagyom\u00e1nyokat adom\u00e1nyoddal, seg\u00edtve a p\u00e1lmalev\u00e9l olvas\u00e1s szent gyakorlat\u00e1nak meg\u0151rz\u00e9s\u00e9t a j\u00f6v\u0151ben.\" \/>\n<meta property=\"og:url\" content=\"https:\/\/mypalmleaf.com\/hu\/adomanyok\/\" \/>\n<meta property=\"og:site_name\" content=\"My Palm Leaf\" \/>\n<meta property=\"article:modified_time\" content=\"2025-06-21T08:55:55+00:00\" \/>\n<meta property=\"og:image\" content=\"https:\/\/mypalmleaf.com\/wp-content\/uploads\/2025\/08\/mpl-circle-logo.jpg\" \/>\n\t<meta property=\"og:image:width\" content=\"1200\" \/>\n\t<meta property=\"og:image:height\" content=\"1196\" \/>\n\t<meta property=\"og:image:type\" content=\"image\/jpeg\" \/>\n<meta name=\"twitter:card\" content=\"summary_large_image\" \/>\n<script type=\"application\/ld+json\" class=\"yoast-schema-graph\">{\"@context\":\"https:\/\/schema.org\",\"@graph\":[{\"@type\":\"WebPage\",\"@id\":\"https:\/\/mypalmleaf.com\/hu\/adomanyok\/\",\"url\":\"https:\/\/mypalmleaf.com\/hu\/adomanyok\/\",\"name\":\"Adom\u00e1nyok - My Palm Leaf\",\"isPartOf\":{\"@id\":\"https:\/\/mypalmleaf.com\/#website\"},\"datePublished\":\"2024-09-01T09:48:00+00:00\",\"dateModified\":\"2025-06-21T08:55:55+00:00\",\"description\":\"T\u00e1mogasd a spiritu\u00e1lis fejl\u0151d\u00e9st \u00e9s \u0151si hagyom\u00e1nyokat adom\u00e1nyoddal, seg\u00edtve a p\u00e1lmalev\u00e9l olvas\u00e1s szent gyakorlat\u00e1nak meg\u0151rz\u00e9s\u00e9t a j\u00f6v\u0151ben.\",\"breadcrumb\":{\"@id\":\"https:\/\/mypalmleaf.com\/hu\/adomanyok\/#breadcrumb\"},\"inLanguage\":\"hu\",\"potentialAction\":[{\"@type\":\"ReadAction\",\"target\":[\"https:\/\/mypalmleaf.com\/hu\/adomanyok\/\"]}]},{\"@type\":\"BreadcrumbList\",\"@id\":\"https:\/\/mypalmleaf.com\/hu\/adomanyok\/#breadcrumb\",\"itemListElement\":[{\"@type\":\"ListItem\",\"position\":1,\"name\":\"Home\",\"item\":\"https:\/\/mypalmleaf.com\/hu\/\"},{\"@type\":\"ListItem\",\"position\":2,\"name\":\"Adom\u00e1nyok\"}]},{\"@type\":\"WebSite\",\"@id\":\"https:\/\/mypalmleaf.com\/#website\",\"url\":\"https:\/\/mypalmleaf.com\/\",\"name\":\"My Palm Leaf\",\"description\":\"\",\"potentialAction\":[{\"@type\":\"SearchAction\",\"target\":{\"@type\":\"EntryPoint\",\"urlTemplate\":\"https:\/\/mypalmleaf.com\/?s={search_term_string}\"},\"query-input\":{\"@type\":\"PropertyValueSpecification\",\"valueRequired\":true,\"valueName\":\"search_term_string\"}}],\"inLanguage\":\"hu\"}]}<\/script>\n<!-- \/ Yoast SEO plugin. -->","yoast_head_json":{"title":"Adom\u00e1nyok - My Palm Leaf","description":"T\u00e1mogasd a spiritu\u00e1lis fejl\u0151d\u00e9st \u00e9s \u0151si hagyom\u00e1nyokat adom\u00e1nyoddal, seg\u00edtve a p\u00e1lmalev\u00e9l olvas\u00e1s szent gyakorlat\u00e1nak meg\u0151rz\u00e9s\u00e9t a j\u00f6v\u0151ben.","robots":{"index":"index","follow":"follow","max-snippet":"max-snippet:-1","max-image-preview":"max-image-preview:large","max-video-preview":"max-video-preview:-1"},"canonical":"https:\/\/mypalmleaf.com\/hu\/adomanyok\/","og_locale":"hu_HU","og_type":"article","og_title":"Adom\u00e1nyok - My Palm Leaf","og_description":"T\u00e1mogasd a spiritu\u00e1lis fejl\u0151d\u00e9st \u00e9s \u0151si hagyom\u00e1nyokat adom\u00e1nyoddal, seg\u00edtve a p\u00e1lmalev\u00e9l olvas\u00e1s szent gyakorlat\u00e1nak meg\u0151rz\u00e9s\u00e9t a j\u00f6v\u0151ben.","og_url":"https:\/\/mypalmleaf.com\/hu\/adomanyok\/","og_site_name":"My Palm Leaf","article_modified_time":"2025-06-21T08:55:55+00:00","og_image":[{"width":1200,"height":1196,"url":"https:\/\/mypalmleaf.com\/wp-content\/uploads\/2025\/08\/mpl-circle-logo.jpg","type":"image\/jpeg"}],"twitter_card":"summary_large_image","schema":{"@context":"https:\/\/schema.org","@graph":[{"@type":"WebPage","@id":"https:\/\/mypalmleaf.com\/hu\/adomanyok\/","url":"https:\/\/mypalmleaf.com\/hu\/adomanyok\/","name":"Adom\u00e1nyok - My Palm Leaf","isPartOf":{"@id":"https:\/\/mypalmleaf.com\/#website"},"datePublished":"2024-09-01T09:48:00+00:00","dateModified":"2025-06-21T08:55:55+00:00","description":"T\u00e1mogasd a spiritu\u00e1lis fejl\u0151d\u00e9st \u00e9s \u0151si hagyom\u00e1nyokat adom\u00e1nyoddal, seg\u00edtve a p\u00e1lmalev\u00e9l olvas\u00e1s szent gyakorlat\u00e1nak meg\u0151rz\u00e9s\u00e9t a j\u00f6v\u0151ben.","breadcrumb":{"@id":"https:\/\/mypalmleaf.com\/hu\/adomanyok\/#breadcrumb"},"inLanguage":"hu","potentialAction":[{"@type":"ReadAction","target":["https:\/\/mypalmleaf.com\/hu\/adomanyok\/"]}]},{"@type":"BreadcrumbList","@id":"https:\/\/mypalmleaf.com\/hu\/adomanyok\/#breadcrumb","itemListElement":[{"@type":"ListItem","position":1,"name":"Home","item":"https:\/\/mypalmleaf.com\/hu\/"},{"@type":"ListItem","position":2,"name":"Adom\u00e1nyok"}]},{"@type":"WebSite","@id":"https:\/\/mypalmleaf.com\/#website","url":"https:\/\/mypalmleaf.com\/","name":"My Palm Leaf","description":"","potentialAction":[{"@type":"SearchAction","target":{"@type":"EntryPoint","urlTemplate":"https:\/\/mypalmleaf.com\/?s={search_term_string}"},"query-input":{"@type":"PropertyValueSpecification","valueRequired":true,"valueName":"search_term_string"}}],"inLanguage":"hu"}]}},"_links":{"self":[{"href":"https:\/\/mypalmleaf.com\/hu\/wp-json\/wp\/v2\/pages\/37169","targetHints":{"allow":["GET"]}}],"collection":[{"href":"https:\/\/mypalmleaf.com\/hu\/wp-json\/wp\/v2\/pages"}],"about":[{"href":"https:\/\/mypalmleaf.com\/hu\/wp-json\/wp\/v2\/types\/page"}],"author":[{"embeddable":true,"href":"https:\/\/mypalmleaf.com\/hu\/wp-json\/wp\/v2\/users\/1"}],"replies":[{"embeddable":true,"href":"https:\/\/mypalmleaf.com\/hu\/wp-json\/wp\/v2\/comments?post=37169"}],"version-history":[{"count":0,"href":"https:\/\/mypalmleaf.com\/hu\/wp-json\/wp\/v2\/pages\/37169\/revisions"}],"wp:attachment":[{"href":"https:\/\/mypalmleaf.com\/hu\/wp-json\/wp\/v2\/media?parent=37169"}],"curies":[{"name":"wp","href":"https:\/\/api.w.org\/{rel}","templated":true}]}}