
{"id":45191,"date":"2024-10-26T17:42:47","date_gmt":"2024-10-26T17:42:47","guid":{"rendered":"https:\/\/mypalmleaf.com\/affiliate-and-parterships-manager\/"},"modified":"2025-04-16T11:27:11","modified_gmt":"2025-04-16T11:27:11","slug":"affiliate-and-parterships-manager","status":"publish","type":"page","link":"https:\/\/mypalmleaf.com\/hu\/affiliate-and-parterships-manager\/","title":{"rendered":"Affiliate and Parterships Manager"},"content":{"rendered":"\n<section class=\"spotlight-main small top-gap\">\n    <!-- <div class=\"slider-wrap\" data-flickity='{ \"cellAlign\": \"left\", \"contain\": true, \"wrapAround\": true, \"setGallerySize\": false }'> -->\n    <div class=\"slider-wrap\" data-flickity='{ \"cellAlign\": \"left\", \"contain\": true, \"wrapAround\": true, \"setGallerySize\": false  }'>\n            <div class=\"slides\">\n        <div class=\"content-wrap\">\n          <div class=\"image\">\n            <picture>\n              <source media=\"(max-width: 999px)\" srcset=\"https:\/\/mypalmleaf.com\/wp-content\/uploads\/2024\/09\/join-us-spotlight-new-mob.jpg\" \/>\n              <source media=\"(min-width: 1000px)\" srcset=\"https:\/\/mypalmleaf.com\/wp-content\/uploads\/2024\/09\/join-us-spotlight-new.jpg\" \/>\n              <img decoding=\"async\" src=\"https:\/\/mypalmleaf.com\/wp-content\/uploads\/2024\/09\/join-us-spotlight-new.jpg\" class=\"img-fluid\" alt=\"\" \/>\n            <\/picture>\n          <\/div>\n          <div class=\"content\">\n            <div data-aos=\"fade-up\" data-aos-duration=\"1000\">\n              <h2 class=\"\">Affiliate \u00e9s partners\u00e9gi menedzser<\/h2>\n                                 \n            <\/div>\n          <\/div>\n        <\/div>\n      <\/div>\n          <\/div>\n<\/section><section class=\"join-us-block my-6 position-relative\">\n  <div class=\"container-xl\">\n    <div class=\"row mb-4 justify-content-center\">\n      <div class=\"col-lg-10 text-center\" data-aos=\"fade-up\" data-aos-duration=\"1000\">\n        <p>A MyPalmLeaf egy szenved\u00e9lyes \u00e9s rendk\u00edv\u00fcl motiv\u00e1lt Affiliate and Partnership Manager (APM) munkat\u00e1rsat keres a megl\u00e9v\u0151 partners\u00e9gek meger\u0151s\u00edt\u00e9s\u00e9re \u00e9s \u00faj kapcsolatok kialak\u00edt\u00e1s\u00e1ra, hogy megossza a vil\u00e1ggal a p\u00e1lmalev\u00e9l-olvas\u00e1s \u0151si b\u00f6lcsess\u00e9g\u00e9t.<\/p>\n      <\/div>\n    <\/div>\n    <div class=\"row my-5 justify-content-between\" data-aos=\"fade-up\" data-aos-duration=\"1000\">\n          <\/div>\n  <\/div>\n  <\/section><section class=\"tabs-wrapper my-6 mt-0\">\n  <div class=\"container-xl\">\n    <div class=\"row\">\n      <div class=\"tabs-container\" data-aos=\"fade-up\" data-aos-duration=\"1000\">\n        <ul class=\"tabs\">\n                                <li class=\"tab-button active\" data-target=\"tab1\">Mit v\u00e1runk \u00d6nt\u0151l<\/li>\n                                  <li class=\"tab-button active\" data-target=\"tab2\">Az APM c\u00e9ljai<\/li>\n                                  <li class=\"tab-button active\" data-target=\"tab3\">Hogyan n\u00e9z ki az \u00d6n szerepe?<\/li>\n                                  <li class=\"tab-button active\" data-target=\"tab4\">Mit k\u00edn\u00e1lunk<\/li>\n                              <\/ul>\n        <div class=\"tab-content\">\n                                <div id=\"tab1\" class=\"tab-pane active\">\n              <ul>\n<li><strong>\u00d6sszhangban a k\u00fcldet\u00e9s\u00fcnkkel:<\/strong> A MyPalmLeaf c\u00e9lj\u00e1hoz, az \u00e9letet \u00e1tform\u00e1l\u00f3 olvasm\u00e1nyok glob\u00e1lis megoszt\u00e1s\u00e1hoz m\u00e9lyen kapcsol\u00f3dik.<\/li>\n<li><strong>Foly\u00e9konyan besz\u00e9l angolul \u00e9s n\u00e9met\u00fcl:<\/strong> mindk\u00e9t nyelven vil\u00e1gosan \u00e9s hat\u00e9konyan kommunik\u00e1l.<\/li>\n<li><strong>Csapatszellem:<\/strong> Szeretsz egy t\u00e1mogat\u00f3 \u00e9s k\u00fcldet\u00e9sorient\u00e1lt csapat tagja lenni, \u00e9s olyan k\u00f6rnyezetben boldogulsz, ahol az egy\u00fcttm\u0171k\u00f6d\u00e9s \u00e9s a k\u00f6lcs\u00f6n\u00f6s t\u00e1mogat\u00e1s kulcsfontoss\u00e1g\u00fa.<\/li>\n<li><strong>Integrit\u00e1s:<\/strong> Mindig h\u0171 maradsz a szavadhoz.<\/li>\n<li><strong>\u00d6nj\u00e1r\u00f3:<\/strong> \u00d6n k\u00e9pes \u00f6n\u00e1ll\u00f3an dolgozni, \u00e9s kezdem\u00e9nyez\u0151 k\u00e9szs\u00e9get mutat a projektek kidolgoz\u00e1s\u00e1ra \u00e9s vezet\u00e9s\u00e9re, ugyanakkor er\u0151s csapatj\u00e1t\u00e9kos, aki felt\u00f6rekv\u0151 vezet\u0151i k\u00e9pess\u00e9gekkel rendelkezik.\n<\/li>\n<li><strong>Rend\u00edthetetlen elk\u00f6telezetts\u00e9g:<\/strong> 150%-os er\u0151fesz\u00edt\u00e9st teszel, kitart\u00e1sr\u00f3l \u00e9s elk\u00f6telezetts\u00e9gr\u0151l teszel tan\u00fabizonys\u00e1got mindenben, amit teszel.<\/li>\n<li><strong>\u00c9lethosszig tart\u00f3 tanul\u00f3:<\/strong> \u00d6n elk\u00f6telezett a folyamatos szem\u00e9lyes \u00e9s szakmai fejl\u0151d\u00e9s mellett.<\/li>\n<\/ul>\n            <\/div>\n                                  <div id=\"tab2\" class=\"tab-pane active\">\n              <p>Az els\u0151dleges c\u00e9lod az lesz, hogy olyan szervezetekkel \u00e9s mag\u00e1nszem\u00e9lyekkel hozz l\u00e9tre <strong>win-win partners\u00e9geket<\/strong>, amelyek \u00f6sszhangban vannak a MyPalmLeaf k\u00fcldet\u00e9s\u00e9vel. Az \u00d6n er\u0151fesz\u00edt\u00e9sei a k\u00f6vetkez\u0151kre ir\u00e1nyulnak: <\/p>\n<ul>\n<li>N\u00f6velje a teny\u00e9rlev\u00e9l olvas\u00e1s foglal\u00e1sokat.<\/li>\n<li>A MyPalmLeaf m\u00e1rkaismerts\u00e9g\u00e9nek n\u00f6vel\u00e9se vil\u00e1gszerte.<\/li>\n<\/ul>\n            <\/div>\n                                  <div id=\"tab3\" class=\"tab-pane active\">\n              <p>APM-k\u00e9nt \u00d6n a k\u00f6vetkez\u0151ket v\u00e9gzi:<\/p>\n<ul>\n<li>Akt\u00edvan keresse meg a potenci\u00e1lis partnereket, mind mag\u00e1nszem\u00e9lyeket, mind szervezeteket, hogy k\u00f6lcs\u00f6n\u00f6sen el\u0151ny\u00f6s partners\u00e9geket alak\u00edtson ki.<\/li>\n<li>A MyPalmLeaf partnerprogramj\u00e1nak fejleszt\u00e9se \u00e9s kezel\u00e9se.<\/li>\n<li>Egy\u00fcttm\u0171k\u00f6dj\u00f6n influencer \u00fcgyn\u00f6ks\u00e9gekkel, hogy b\u0151v\u00edtse jelenl\u00e9t\u00fcnket a n\u00e9met, angol, jap\u00e1n, k\u00ednai \u00e9s felt\u00f6rekv\u0151 piacokon.<\/li>\n<\/ul>\n            <\/div>\n                                  <div id=\"tab4\" class=\"tab-pane active\">\n              <p>Jelentkez\u00e9se be\u00e9rkez\u00e9se ut\u00e1n r\u00e9szletes magyar\u00e1zatot k\u00fcld\u00fcnk a fizet\u00e9sr\u0151l.<\/p>\n<ul>\n<li><strong>Egy c\u00e9ltudatos k\u00fcldet\u00e9s:<\/strong> Legyen r\u00e9szese egy spiritu\u00e1lisan vez\u00e9relt, \u00e9rtelmes k\u00fcldet\u00e9snek, amely a vil\u00e1g jav\u00e1t szolg\u00e1lja.<\/li>\n<li>T\u00e1mogat\u00f3 csapatk\u00f6rnyezet: Csatlakozzon egy szenved\u00e9lyes csapathoz, amely \u00f6szt\u00f6nzi szem\u00e9lyes \u00e9s szakmai fejl\u0151d\u00e9s\u00e9t.<\/li>\n<li>Rugalmass\u00e1g: \u00c9lvezze a rugalmas, helyt\u0151l f\u00fcggetlen feladatot, amely lehet\u0151s\u00e9get ny\u00fajt a k\u00f6z\u00f6s alkot\u00e1sra egy gyorsan n\u00f6vekv\u0151 spiritu\u00e1lis szervezeten bel\u00fcl.<\/li>\n<li>Versenyk\u00e9pes kompenz\u00e1ci\u00f3: Versenyk\u00e9pes csomagot kap, amely mag\u00e1ban foglalja az alapfizet\u00e9st \u00e9s a teljes\u00edtm\u00e9nyalap\u00fa b\u00f3nuszokat.<\/li>\n<\/ul>\n            <\/div>\n                              <\/div>\n      <\/div>\n    <\/div>\n  <\/div>\n<\/section><section class=\"how-to-apply my-6 mt-0\">\n  <div class=\"container-xl\">\n    <div class=\"row\">\n      <div class=\"col-lg-10 mx-auto\" >\n        <div class=\"dual-col \">\n          <div class=\"title\">\n            <img decoding=\"async\" src=\"https:\/\/mypalmleaf.com\/wp-content\/uploads\/2024\/08\/title-bg.png\" alt=\"\" class=\"img-fluid\">\n            <div class=\"text\">Hogyan kell jelentkezni<\/div>\n          <\/div>\n          <div class=\"desc\">\n            <p>A jelentkez\u00e9shez egyszer\u0171en r\u00f6gz\u00edts egy 1-4 perces bemutatkoz\u00f3 vide\u00f3t. A vide\u00f3ban mondja el nek\u00fcnk: <\/p>\n<ul>\n<li>1) Egy kicsit magadr\u00f3l.<\/li>\n<li>2) Mi\u00e9rt szeretne a MyPalmLeaf tagja lenni.<\/li>\n<li>3) Mi\u00e9rt gondolja, hogy \u00d6n az ide\u00e1lis jel\u00f6lt erre a feladatra.<\/li>\n<\/ul>\n<p>K\u00fcldje el vide\u00f3j\u00e1t a <a href=\"mailto:info@mypalmleaf.com\">info@mypalmleaf.com<\/a> c\u00edmre. Csak \u00edgy lehet jelentkezni. Felh\u00edvjuk figyelm\u00e9t, hogy nem fogunk v\u00e1laszolni a &#8222;tov\u00e1bbi inform\u00e1ci\u00f3k&#8221; k\u00e9r\u00e9s\u00e9re vagy \u00f6n\u00e9letrajz beny\u00fajt\u00e1s\u00e1ra, mivel olyan proakt\u00edv szem\u00e9lyeket keres\u00fcnk, akik k\u00e9szen \u00e1llnak a cselekv\u00e9sre. Mutassa meg nek\u00fcnk energi\u00e1j\u00e1t \u00e9s lelkesed\u00e9s\u00e9t a vide\u00f3j\u00e1n kereszt\u00fcl! <\/p>\n<div class=\"btm-contact\">Alig v\u00e1rjuk, hogy halljunk \u00d6nr\u0151l!<\/div>\n          <\/div>\n        <\/div>\n      <\/div>\n    <\/div>\n  <\/div>\n<\/section>","protected":false},"excerpt":{"rendered":"","protected":false},"author":1,"featured_media":0,"parent":0,"menu_order":0,"comment_status":"closed","ping_status":"closed","template":"","meta":{"_acf_changed":false,"footnotes":""},"class_list":["post-45191","page","type-page","status-publish","hentry"],"acf":[],"yoast_head":"<!-- This site is optimized with the Yoast SEO plugin v26.4 - https:\/\/yoast.com\/wordpress\/plugins\/seo\/ -->\n<title>Affiliate and Parterships Manager - My Palm Leaf<\/title>\n<meta name=\"description\" content=\"Csatlakozz partnerprogramunkhoz, b\u0151v\u00edtsd h\u00e1l\u00f3zatod, \u00e9s oszd meg a P\u00e1lmalev\u00e9l-olvas\u00e1s \u00e9lm\u00e9ny\u00e9t. Tudj meg t\u00f6bbet, l\u00e9pj vel\u00fcnk kapcsolatba!\" \/>\n<meta name=\"robots\" content=\"index, follow, max-snippet:-1, max-image-preview:large, max-video-preview:-1\" \/>\n<link rel=\"canonical\" href=\"https:\/\/mypalmleaf.com\/hu\/affiliate-and-parterships-manager\/\" \/>\n<meta property=\"og:locale\" content=\"hu_HU\" \/>\n<meta property=\"og:type\" content=\"article\" \/>\n<meta property=\"og:title\" content=\"Affiliate and Parterships Manager - My Palm Leaf\" \/>\n<meta property=\"og:description\" content=\"Csatlakozz partnerprogramunkhoz, b\u0151v\u00edtsd h\u00e1l\u00f3zatod, \u00e9s oszd meg a P\u00e1lmalev\u00e9l-olvas\u00e1s \u00e9lm\u00e9ny\u00e9t. Tudj meg t\u00f6bbet, l\u00e9pj vel\u00fcnk kapcsolatba!\" \/>\n<meta property=\"og:url\" content=\"https:\/\/mypalmleaf.com\/hu\/affiliate-and-parterships-manager\/\" \/>\n<meta property=\"og:site_name\" content=\"My Palm Leaf\" \/>\n<meta property=\"article:modified_time\" content=\"2025-04-16T11:27:11+00:00\" \/>\n<meta property=\"og:image\" content=\"https:\/\/mypalmleaf.com\/wp-content\/uploads\/2025\/08\/mpl-circle-logo.jpg\" \/>\n\t<meta property=\"og:image:width\" content=\"1200\" \/>\n\t<meta property=\"og:image:height\" content=\"1196\" \/>\n\t<meta property=\"og:image:type\" content=\"image\/jpeg\" \/>\n<meta name=\"twitter:card\" content=\"summary_large_image\" \/>\n<script type=\"application\/ld+json\" class=\"yoast-schema-graph\">{\"@context\":\"https:\/\/schema.org\",\"@graph\":[{\"@type\":\"WebPage\",\"@id\":\"https:\/\/mypalmleaf.com\/hu\/affiliate-and-parterships-manager\/\",\"url\":\"https:\/\/mypalmleaf.com\/hu\/affiliate-and-parterships-manager\/\",\"name\":\"Affiliate and Parterships Manager - My Palm Leaf\",\"isPartOf\":{\"@id\":\"https:\/\/mypalmleaf.com\/#website\"},\"datePublished\":\"2024-10-26T17:42:47+00:00\",\"dateModified\":\"2025-04-16T11:27:11+00:00\",\"description\":\"Csatlakozz partnerprogramunkhoz, b\u0151v\u00edtsd h\u00e1l\u00f3zatod, \u00e9s oszd meg a P\u00e1lmalev\u00e9l-olvas\u00e1s \u00e9lm\u00e9ny\u00e9t. Tudj meg t\u00f6bbet, l\u00e9pj vel\u00fcnk kapcsolatba!\",\"breadcrumb\":{\"@id\":\"https:\/\/mypalmleaf.com\/hu\/affiliate-and-parterships-manager\/#breadcrumb\"},\"inLanguage\":\"hu\",\"potentialAction\":[{\"@type\":\"ReadAction\",\"target\":[\"https:\/\/mypalmleaf.com\/hu\/affiliate-and-parterships-manager\/\"]}]},{\"@type\":\"BreadcrumbList\",\"@id\":\"https:\/\/mypalmleaf.com\/hu\/affiliate-and-parterships-manager\/#breadcrumb\",\"itemListElement\":[{\"@type\":\"ListItem\",\"position\":1,\"name\":\"Home\",\"item\":\"https:\/\/mypalmleaf.com\/hu\/\"},{\"@type\":\"ListItem\",\"position\":2,\"name\":\"Affiliate and Parterships Manager\"}]},{\"@type\":\"WebSite\",\"@id\":\"https:\/\/mypalmleaf.com\/#website\",\"url\":\"https:\/\/mypalmleaf.com\/\",\"name\":\"My Palm Leaf\",\"description\":\"\",\"potentialAction\":[{\"@type\":\"SearchAction\",\"target\":{\"@type\":\"EntryPoint\",\"urlTemplate\":\"https:\/\/mypalmleaf.com\/?s={search_term_string}\"},\"query-input\":{\"@type\":\"PropertyValueSpecification\",\"valueRequired\":true,\"valueName\":\"search_term_string\"}}],\"inLanguage\":\"hu\"}]}<\/script>\n<!-- \/ Yoast SEO plugin. -->","yoast_head_json":{"title":"Affiliate and Parterships Manager - My Palm Leaf","description":"Csatlakozz partnerprogramunkhoz, b\u0151v\u00edtsd h\u00e1l\u00f3zatod, \u00e9s oszd meg a P\u00e1lmalev\u00e9l-olvas\u00e1s \u00e9lm\u00e9ny\u00e9t. Tudj meg t\u00f6bbet, l\u00e9pj vel\u00fcnk kapcsolatba!","robots":{"index":"index","follow":"follow","max-snippet":"max-snippet:-1","max-image-preview":"max-image-preview:large","max-video-preview":"max-video-preview:-1"},"canonical":"https:\/\/mypalmleaf.com\/hu\/affiliate-and-parterships-manager\/","og_locale":"hu_HU","og_type":"article","og_title":"Affiliate and Parterships Manager - My Palm Leaf","og_description":"Csatlakozz partnerprogramunkhoz, b\u0151v\u00edtsd h\u00e1l\u00f3zatod, \u00e9s oszd meg a P\u00e1lmalev\u00e9l-olvas\u00e1s \u00e9lm\u00e9ny\u00e9t. Tudj meg t\u00f6bbet, l\u00e9pj vel\u00fcnk kapcsolatba!","og_url":"https:\/\/mypalmleaf.com\/hu\/affiliate-and-parterships-manager\/","og_site_name":"My Palm Leaf","article_modified_time":"2025-04-16T11:27:11+00:00","og_image":[{"width":1200,"height":1196,"url":"https:\/\/mypalmleaf.com\/wp-content\/uploads\/2025\/08\/mpl-circle-logo.jpg","type":"image\/jpeg"}],"twitter_card":"summary_large_image","schema":{"@context":"https:\/\/schema.org","@graph":[{"@type":"WebPage","@id":"https:\/\/mypalmleaf.com\/hu\/affiliate-and-parterships-manager\/","url":"https:\/\/mypalmleaf.com\/hu\/affiliate-and-parterships-manager\/","name":"Affiliate and Parterships Manager - My Palm Leaf","isPartOf":{"@id":"https:\/\/mypalmleaf.com\/#website"},"datePublished":"2024-10-26T17:42:47+00:00","dateModified":"2025-04-16T11:27:11+00:00","description":"Csatlakozz partnerprogramunkhoz, b\u0151v\u00edtsd h\u00e1l\u00f3zatod, \u00e9s oszd meg a P\u00e1lmalev\u00e9l-olvas\u00e1s \u00e9lm\u00e9ny\u00e9t. Tudj meg t\u00f6bbet, l\u00e9pj vel\u00fcnk kapcsolatba!","breadcrumb":{"@id":"https:\/\/mypalmleaf.com\/hu\/affiliate-and-parterships-manager\/#breadcrumb"},"inLanguage":"hu","potentialAction":[{"@type":"ReadAction","target":["https:\/\/mypalmleaf.com\/hu\/affiliate-and-parterships-manager\/"]}]},{"@type":"BreadcrumbList","@id":"https:\/\/mypalmleaf.com\/hu\/affiliate-and-parterships-manager\/#breadcrumb","itemListElement":[{"@type":"ListItem","position":1,"name":"Home","item":"https:\/\/mypalmleaf.com\/hu\/"},{"@type":"ListItem","position":2,"name":"Affiliate and Parterships Manager"}]},{"@type":"WebSite","@id":"https:\/\/mypalmleaf.com\/#website","url":"https:\/\/mypalmleaf.com\/","name":"My Palm Leaf","description":"","potentialAction":[{"@type":"SearchAction","target":{"@type":"EntryPoint","urlTemplate":"https:\/\/mypalmleaf.com\/?s={search_term_string}"},"query-input":{"@type":"PropertyValueSpecification","valueRequired":true,"valueName":"search_term_string"}}],"inLanguage":"hu"}]}},"_links":{"self":[{"href":"https:\/\/mypalmleaf.com\/hu\/wp-json\/wp\/v2\/pages\/45191","targetHints":{"allow":["GET"]}}],"collection":[{"href":"https:\/\/mypalmleaf.com\/hu\/wp-json\/wp\/v2\/pages"}],"about":[{"href":"https:\/\/mypalmleaf.com\/hu\/wp-json\/wp\/v2\/types\/page"}],"author":[{"embeddable":true,"href":"https:\/\/mypalmleaf.com\/hu\/wp-json\/wp\/v2\/users\/1"}],"replies":[{"embeddable":true,"href":"https:\/\/mypalmleaf.com\/hu\/wp-json\/wp\/v2\/comments?post=45191"}],"version-history":[{"count":0,"href":"https:\/\/mypalmleaf.com\/hu\/wp-json\/wp\/v2\/pages\/45191\/revisions"}],"wp:attachment":[{"href":"https:\/\/mypalmleaf.com\/hu\/wp-json\/wp\/v2\/media?parent=45191"}],"curies":[{"name":"wp","href":"https:\/\/api.w.org\/{rel}","templated":true}]}}