
{"id":45477,"date":"2024-11-10T05:53:12","date_gmt":"2024-11-10T05:53:12","guid":{"rendered":"https:\/\/mypalmleaf.com\/homa\/"},"modified":"2025-05-01T05:23:44","modified_gmt":"2025-05-01T05:23:44","slug":"homa","status":"publish","type":"page","link":"https:\/\/mypalmleaf.com\/hu\/homa\/","title":{"rendered":"Homa"},"content":{"rendered":"\n<section class=\"spotlight-main small top-gap\">\n    <!-- <div class=\"slider-wrap\" data-flickity='{ \"cellAlign\": \"left\", \"contain\": true, \"wrapAround\": true, \"setGallerySize\": false }'> -->\n    <div class=\"slider-wrap\" data-flickity='{ \"cellAlign\": \"left\", \"contain\": true, \"wrapAround\": true, \"setGallerySize\": false  }'>\n            <div class=\"slides\">\n        <div class=\"content-wrap\">\n          <div class=\"image\">\n            <picture>\n              <source media=\"(max-width: 999px)\" srcset=\"https:\/\/mypalmleaf.com\/wp-content\/uploads\/2024\/11\/homas-spotlight-mob.jpg\" \/>\n              <source media=\"(min-width: 1000px)\" srcset=\"https:\/\/mypalmleaf.com\/wp-content\/uploads\/2024\/11\/homas-spotlight.jpg\" \/>\n              <img decoding=\"async\" src=\"https:\/\/mypalmleaf.com\/wp-content\/uploads\/2024\/11\/homas-spotlight.jpg\" class=\"img-fluid\" alt=\"\" \/>\n            <\/picture>\n          <\/div>\n          <div class=\"content\">\n            <div data-aos=\"fade-up\" data-aos-duration=\"1000\">\n              <h2 class=\"\">Homas: Szent T\u0171z szertart\u00e1sok a karmikus \u00e1talakul\u00e1s\u00e9rt<\/h2>\n              <p>Tapasztalja meg az \u0151si v\u00e9dikus ritu\u00e1l\u00e9kat, amelyek \u00e1ld\u00e1st, megtisztul\u00e1st \u00e9s harm\u00f3ni\u00e1t hoznak az \u00e9let\u00e9be.  <\/p>\n                                  <a href=\"\/prices\/fire-ceremony-homa\/\" class=\"btn btn-primary\">Foglalja le a Homas<\/a>\n                   \n            <\/div>\n          <\/div>\n        <\/div>\n      <\/div>\n          <\/div>\n<\/section>\n<section class=\"my-6 position-relative\">\n    <div class=\"container-xl\" data-aos=\"fade-up\" data-aos-duration=\"1000\">\n      <div class=\"row align-items-center\">\n        <div class=\"col-lg-5 mb-4 mb-lg-0\">\n          <div class=\"rounded-asset\">\n            <img decoding=\"async\" src=\"https:\/\/mypalmleaf.com\/wp-content\/uploads\/2024\/11\/yt-thumb-homa.jpg\" class=\"img-fluid\" alt=\"\"><div class=\"play-icon\"><\/div>\n            <a href=\"https:\/\/www.youtube.com\/watch?v=63svn4g1Z5U\" class=\"stretched-link\" data-lity><\/a>\n          <\/div>\n        <\/div>\n        <div class=\"col-lg-7\">\n          <h2 class=\"mb-4\">Mik a Homa t\u0171z szertart\u00e1sok?<\/h2>\n          <p>A homas, m\u00e1s n\u00e9ven t\u0171zszertart\u00e1sok er\u0151teljes v\u00e9dikus ritu\u00e1l\u00e9k, amelyeket az isteni energi\u00e1k megid\u00e9z\u00e9s\u00e9re, a negat\u00edv karmikus hat\u00e1sok elt\u00e1vol\u00edt\u00e1s\u00e1ra \u00e9s az \u00e9let k\u00fcl\u00f6nb\u00f6z\u0151 aspektusainak egyens\u00falyba hoz\u00e1s\u00e1ra v\u00e9geznek. A t\u0171z szent elem\u00e9n kereszt\u00fcl \u00e1ldozatokat mutatnak be az istens\u00e9geknek, \u00e9s a ritu\u00e1l\u00e9 \u00e1talak\u00edt\u00f3 energi\u00e1ja \u00e1ld\u00e1st, megtisztul\u00e1st \u00e9s gy\u00f3gyul\u00e1st hoz. <\/p>\n<p>Ezeket a szertart\u00e1sokat tapasztalt v\u00e9dikus papok vezetik, akik szent mantr\u00e1kat k\u00e1nt\u00e1lnak \u00e9s felaj\u00e1nl\u00e1sokat tesznek a szent t\u0171znek, feler\u0151s\u00edtve a ritu\u00e1l\u00e9 sz\u00e1nd\u00e9k\u00e1t \u00e9s hat\u00e1s\u00e1t.<\/p>\n        <\/div>\n      <\/div>\n    <\/div>\n    <\/section>\n<section class=\"my-6 position-relative\">\n  <div class=\"container-xl aos-init aos-animate\" data-aos=\"fade-up\" data-aos-duration=\"1000\">\n    <div class=\"row align-items-center\">\n      <div class=\"col-lg-7\">\n        <h2 class=\"mb-4\">Milyen el\u0151ny\u00f6kkel j\u00e1rhat a Hamasz?<\/h2>\n<p>Minden egyes Homa-szertart\u00e1s egyedi c\u00e9lt szolg\u00e1l, legyen az az akad\u00e1lyok lek\u00fczd\u00e9se, az eg\u00e9szs\u00e9g jav\u00edt\u00e1sa, a j\u00f3l\u00e9t megh\u00edv\u00e1sa vagy a negat\u00edv karma ki\u00fcr\u00edt\u00e9se.<\/p>\n<p>\u00cdme, hogyan v\u00e1ltoztathatja meg Tomas az \u00e9letedet:  <\/p>\n        <ul>\n<li>Karmikus gy\u00f3gy\u00edt\u00e1s: A m\u00faltbeli karmikus ad\u00f3ss\u00e1gok elenged\u00e9se \u00e9s a pozit\u00edv karmikus hat\u00e1sok vonz\u00e1sa.  <\/li>\n<li>Tiszt\u00edt\u00e1s: Tiszt\u00edtsa meg aur\u00e1j\u00e1t \u00e9s k\u00f6rnyezet\u00e9t a negat\u00edv energi\u00e1kt\u00f3l.  <\/li>\n<li>\u00c1ld\u00e1s \u00e9s j\u00f3l\u00e9t: \u00c1ld\u00e1sok megid\u00e9z\u00e9se az eg\u00e9szs\u00e9gre, a gazdags\u00e1gra, a kapcsolatokra \u00e9s az \u00e1ltal\u00e1nos j\u00f3l\u00e9tre.  <\/li>\n<li>V\u00e9delem \u00e9s harm\u00f3nia: Er\u0151s\u00edtse a lelki v\u00e9delmet \u00e9s hozzon harm\u00f3ni\u00e1t az \u00e9let\u00e9be.  <\/li>\n<\/ul>\n<div class=\"dual-btn-cont mt-4\">\n<ul>\n<li><a href=\"https:\/\/mypalmleaf.com\/hu\/prices\/tuz-szertartas-homa\/\" class=\"btn btn-primary\">Foglalja le t\u0171z szertart\u00e1s\u00e1t most<\/a><\/li>\n<\/ul>\n<\/div>\n      <\/div>\n      <div class=\"col-lg-5 mb-4 mb-lg-0\">\n        <div class=\"rounded-asset\">\n          <img decoding=\"async\" src=\"https:\/\/mypalmleaf.com\/wp-content\/uploads\/2024\/11\/homas-thumb.jpg\" class=\"img-fluid\" alt=\"\"\/>\n        <\/div>\n      <\/div>\n    <\/div>\n  <\/div>\n       \n  <\/section>\n\n<section class=\"my-6 position-relative\">\n  <div class=\"container-xl aos-init aos-animate\" data-aos=\"fade-up\" data-aos-duration=\"1000\">\n    <div class=\"row align-items-center\">\n      <div class=\"col-lg-5 mb-4 mb-lg-0\">\n        <div class=\"rounded-asset\">\n          <img decoding=\"async\" src=\"https:\/\/mypalmleaf.com\/wp-content\/uploads\/2024\/11\/homas-thumb2.jpg\" class=\"img-fluid\" alt=\"\"\/>\n        <\/div>\n      <\/div>\n      <div class=\"col-lg-7\">\n        <h2 class=\"mb-4\">Hogyan m\u0171k\u00f6dik<\/h2>\n        <p><strong>1. l\u00e9p\u00e9s: Foglalja le a Homa sz<\/strong>ertart\u00e1st<br\/> Foglalja le a Homa t\u0171z szertart\u00e1st a weboldalunkon.<\/p> \n<p><strong>2. l\u00e9p\u00e9s: Foglalja le az id\u0151pontot<\/strong><br\/> A foglal\u00e1s ut\u00e1n kap egy napt\u00e1r linket, \u00e9s lefoglalhatja a megfelel\u0151 napot \u00e9s id\u0151pontot, amikor a Homa-t szeretn\u00e9 elv\u00e9gezni.  <\/p>\n<p><strong>3. l\u00e9p\u00e9s: Vegyen r\u00e9szt \u00e9s fogadjon \u00e1ld\u00e1sokat<\/strong><br\/> V\u00e1laszthat, hogy \u00e9l\u0151ben csatlakozik a szertart\u00e1shoz a Zoom seg\u00edts\u00e9g\u00e9vel, vagy b\u00e1rhonnan fogadja az energi\u00e1t \u00e9s az \u00e1ld\u00e1sokat. Egyik moder\u00e1torunk elk\u00eds\u00e9ri \u00d6nt a Homa alatt, \u00e9s mindent elmagyar\u00e1z \u00d6nnek.   <\/p>\n<div class=\"dual-btn-cont mt-4\">\n<ul>\n<li><a href=\"https:\/\/mypalmleaf.com\/hu\/prices\/tuz-szertartas-homa\/\" class=\"btn btn-primary\">Foglalja le t\u0171z szertart\u00e1s\u00e1t most<\/a><\/li>\n<\/ul>\n<\/div>\n      <\/div>\n      \n    <\/div>\n  <\/div>\n       \n  <\/section>\n\n<figure class=\"wp-block-gallery has-nested-images columns-default is-cropped wp-block-gallery-1 is-layout-flex wp-block-gallery-is-layout-flex\">\n<figure class=\"wp-block-image size-full\"><img loading=\"lazy\" decoding=\"async\" width=\"1024\" height=\"576\" data-id=\"45429\" src=\"https:\/\/mypalmleaf.com\/wp-content\/uploads\/2024\/11\/3-1.jpg\" alt=\"\" class=\"wp-image-45429\" srcset=\"https:\/\/mypalmleaf.com\/wp-content\/uploads\/2024\/11\/3-1.jpg 1024w, https:\/\/mypalmleaf.com\/wp-content\/uploads\/2024\/11\/3-1-600x338.jpg 600w, https:\/\/mypalmleaf.com\/wp-content\/uploads\/2024\/11\/3-1-300x169.jpg 300w, https:\/\/mypalmleaf.com\/wp-content\/uploads\/2024\/11\/3-1-768x432.jpg 768w\" sizes=\"auto, (max-width: 1024px) 100vw, 1024px\" \/><\/figure>\n\n\n\n<figure class=\"wp-block-image size-large\"><img loading=\"lazy\" decoding=\"async\" width=\"1024\" height=\"576\" data-id=\"45407\" src=\"https:\/\/mypalmleaf.com\/wp-content\/uploads\/2024\/11\/2.jpg\" alt=\"\" class=\"wp-image-45407\" srcset=\"https:\/\/mypalmleaf.com\/wp-content\/uploads\/2024\/11\/2.jpg 1024w, https:\/\/mypalmleaf.com\/wp-content\/uploads\/2024\/11\/2-600x338.jpg 600w, https:\/\/mypalmleaf.com\/wp-content\/uploads\/2024\/11\/2-300x169.jpg 300w, https:\/\/mypalmleaf.com\/wp-content\/uploads\/2024\/11\/2-768x432.jpg 768w\" sizes=\"auto, (max-width: 1024px) 100vw, 1024px\" \/><\/figure>\n\n\n\n<figure class=\"wp-block-image size-large\"><img loading=\"lazy\" decoding=\"async\" width=\"1024\" height=\"576\" data-id=\"45386\" src=\"https:\/\/mypalmleaf.com\/wp-content\/uploads\/2024\/11\/1.jpg\" alt=\"\" class=\"wp-image-45386\" srcset=\"https:\/\/mypalmleaf.com\/wp-content\/uploads\/2024\/11\/1.jpg 1024w, https:\/\/mypalmleaf.com\/wp-content\/uploads\/2024\/11\/1-600x338.jpg 600w, https:\/\/mypalmleaf.com\/wp-content\/uploads\/2024\/11\/1-300x169.jpg 300w, https:\/\/mypalmleaf.com\/wp-content\/uploads\/2024\/11\/1-768x432.jpg 768w\" sizes=\"auto, (max-width: 1024px) 100vw, 1024px\" \/><\/figure>\n<\/figure>\n<section class=\"accordion-container position-relative \" data-aos=\"fade-up\" data-aos-duration=\"1000\" id=\"general-questions\">\n  <div class=\"container-xl\">\n    <div class=\"row\">\n      <h3>Gyakran ism\u00e9telt k\u00e9rd\u00e9sek<\/h3>\n      <div class=\"accr-wrap\">\n                  <div class=\"head\">Fizikailag jelen kell lennem ahhoz, hogy a Homa szertart\u00e1s hat\u00e9kony legyen?<\/div>\n          <div class=\"content\">\n            <p>Nem, nem kell fizikailag jelen lenned ahhoz, hogy a Homa hat\u00e1sos legyen. A szertart\u00e1s energi\u00e1ja \u00e9s \u00e1ld\u00e1sai a szent mantr\u00e1k \u00e9s a t\u0171z rezg\u00e9sein kereszt\u00fcl terjednek. Ha szeretn\u00e9l, csatlakozhatsz a szertart\u00e1shoz \u00e9l\u0151ben a Zoomon kereszt\u00fcl, de az \u00e1ld\u00e1sok akkor is el\u00e9rnek t\u00e9ged, ha nem tudsz jelen lenni.  <\/p>\n          <\/div>\n                  <div class=\"head\">Hogyan k\u00e9sz\u00fcljek fel a Homa-szertart\u00e1sra?<\/div>\n          <div class=\"content\">\n            <p>A Homa el\u0151k\u00e9sz\u00edt\u00e9s\u00e9hez a legjobb, ha vil\u00e1gos sz\u00e1nd\u00e9kot fogalmazol meg arra vonatkoz\u00f3an, hogy mit szeretn\u00e9l kapni a ritu\u00e1l\u00e9t\u00f3l. \u00c9rdemes egy b\u00e9k\u00e9s, zavar\u00f3 t\u00e9nyez\u0151kt\u0151l mentes helyet is kialak\u00edtani otthon\u00e1ban, ahol nyugodtan le\u00fclhet, hogy befogadhassa a szertart\u00e1s energi\u00e1j\u00e1t. Ha \u00e9l\u0151ben vesz r\u00e9szt a szertart\u00e1son, gondoskodjon stabil internetkapcsolatr\u00f3l \u00e9s nyugodt k\u00f6rnyezetr\u0151l.  <\/p>\n          <\/div>\n                  <div class=\"head\">V\u00e9grehajthat\u00f3-e a Homa m\u00e1s nev\u00e9ben?<\/div>\n          <div class=\"content\">\n            <p>Igen, a Homas v\u00e9gezhet\u0151 valaki m\u00e1s nev\u00e9ben, ak\u00e1r egy szerett\u00fcnk, csal\u00e1dtagunk vagy bar\u00e1tunk sz\u00e1m\u00e1ra. Egyszer\u0171en csak meg kell adnod a nev\u00fcket \u00e9s a szertart\u00e1s sz\u00e1nd\u00e9k\u00e1t, \u00e9s az energia \u00e9s az \u00e1ld\u00e1sok fel\u00e9j\u00fck fognak ir\u00e1nyulni. <\/p>\n          <\/div>\n                  <div class=\"head\">Milyen eredm\u00e9nyeket v\u00e1rhatok a Homa-t\u00f3l?<\/div>\n          <div class=\"content\">\n            <p>A Homa hat\u00e1sai a sz\u00e1nd\u00e9kt\u00f3l \u00e9s az elv\u00e9gzett szertart\u00e1s t\u00edpus\u00e1t\u00f3l f\u00fcgg\u0151en v\u00e1ltozhatnak. Az emberek gyakran sz\u00e1molnak be arr\u00f3l, hogy b\u00e9k\u00e9t, \u00e9rzelmi megk\u00f6nnyebb\u00fcl\u00e9st \u00e9s tisztas\u00e1got \u00e9reznek, valamint k\u00e9zzelfoghat\u00f3 pozit\u00edv v\u00e1ltoz\u00e1sokat tapasztalnak az \u00e9let\u00fckben, p\u00e9ld\u00e1ul jobb kapcsolatokat, eg\u00e9szs\u00e9get vagy sikert. Az \u00e1ld\u00e1sok \u00e9s a karmikus el\u0151ny\u00f6k gyakran id\u0151vel bontakoznak ki.  <\/p>\n          <\/div>\n                  <div class=\"head\">Hogyan v\u00e1laszthatom ki, hogy milyen t\u00edpus\u00fa Homa-t foglaljak?<\/div>\n          <div class=\"content\">\n            <p>Ha egy Homa-t aj\u00e1nlottunk \u00d6nnek a teny\u00e9rlev\u00e9l olvas\u00e1s sor\u00e1n, akkor ezt a fajta Homa-t fogjuk elv\u00e9gezni \u00d6nnek. Ellenkez\u0151 esetben a foglal\u00e1skor a Homa \u00e1ltal\u00e1nos c\u00e9lj\u00e1t is k\u00f6z\u00f6lheti vel\u00fcnk, \u00e9s a papok kiv\u00e1lasztj\u00e1k az adott c\u00e9lnak megfelel\u0151 szertart\u00e1st.   <\/p>\n          <\/div>\n                  <div class=\"head\">A Homas minden hit \u00e9s spiritu\u00e1lis meggy\u0151z\u0151d\u00e9s sz\u00e1m\u00e1ra alkalmas?<\/div>\n          <div class=\"content\">\n            <p>Igen, a h\u00f3m\u00e1k spiritu\u00e1lis ritu\u00e1l\u00e9k, amelyek az \u0151si v\u00e9dikus hagyom\u00e1nyokban gy\u00f6kereznek, de minden hit\u0171 \u00e9s vall\u00e1s\u00fa ember sz\u00e1m\u00e1ra nyitottak. A szertart\u00e1sok az egyetemes energi\u00e1kra, p\u00e9ld\u00e1ul az elemekre \u00e9s az isteni \u00e1ld\u00e1sokra \u00f6sszpontos\u00edtanak, ami spiritu\u00e1lis h\u00e1tt\u00e9rt\u0151l f\u00fcggetlen\u00fcl hasznos lehet.   <\/p>\n          <\/div>\n                  <div class=\"head\">Mennyi ideig tart egy Homa szertart\u00e1s?<\/div>\n          <div class=\"content\">\n            <p>A Homa-szertart\u00e1s id\u0151tartama a szertart\u00e1s \u00f6sszetetts\u00e9g\u00e9t\u0151l \u00e9s az elv\u00e9gzett ritu\u00e1l\u00e9 t\u00edpus\u00e1t\u00f3l f\u00fcgg\u0151en v\u00e1ltozhat. A legt\u00f6bb szertart\u00e1s 30 perc \u00e9s 1 \u00f3ra k\u00f6z\u00f6tt tart.   <\/p>\n          <\/div>\n                  <div class=\"head\">K\u00e9rhetek egy konkr\u00e9t d\u00e1tumot vagy id\u0151pontot a Homa elv\u00e9gz\u00e9s\u00e9re?<\/div>\n          <div class=\"content\">\n            <p>Igen, k\u00e9rhet egy konkr\u00e9t d\u00e1tumot \u00e9s id\u0151pontot a Homa elv\u00e9gz\u00e9s\u00e9re, a v\u00e9dikus papjaink el\u00e9rhet\u0151s\u00e9g\u00e9t\u0151l \u00e9s a szertart\u00e1s elv\u00e9gz\u00e9s\u00e9nek kedvez\u0151 id\u0151pontj\u00e1t\u00f3l f\u00fcgg\u0151en. Minden t\u0151l\u00fcnk telhet\u0151t megtesz\u00fcnk, hogy alkalmazkodjunk az \u00d6n preferenci\u00e1ihoz.   <\/p>\n          <\/div>\n                  <div class=\"head\">Hogyan t\u00f6rt\u00e9nik a felaj\u00e1nl\u00e1s a Homa sor\u00e1n?<\/div>\n          <div class=\"content\">\n            <p>A felaj\u00e1nl\u00e1sokat, mint p\u00e9ld\u00e1ul gh\u00ed, gy\u00f3gyn\u00f6v\u00e9nyek, gabonaf\u00e9l\u00e9k \u00e9s m\u00e1s szent t\u00e1rgyak, v\u00e9dikus papjaink teszik a t\u0171zbe, mik\u00f6zben er\u0151teljes mantr\u00e1kat k\u00e1nt\u00e1lnak. Minden egyes felaj\u00e1nl\u00e1s a megtisztul\u00e1st, az \u00e1talakul\u00e1st \u00e9s az \u00e1ld\u00e1soknak az univerzumba val\u00f3 kibocs\u00e1t\u00e1s\u00e1t szimboliz\u00e1lja.   <\/p>\n          <\/div>\n                  <div class=\"head\">Mypalmleaf moder\u00e1tor fog k\u00eds\u00e9rni?<\/div>\n          <div class=\"content\">\n            <p>Igen, az egyik moder\u00e1torunk jelen lesz a H\u00f3m\u00e1n. \u0150k fogj\u00e1k vezetni \u00d6nt, \u00e9s ha sz\u00fcks\u00e9ges, mindent elmagyar\u00e1znak \u00d6nnek.   <\/p>\n          <\/div>\n              <\/div>\n    <\/div>\n  <\/div>\n  \n<\/section>\n<\/div>\n<p><\/p>\n","protected":false},"excerpt":{"rendered":"<p>Milyen el\u0151ny\u00f6kkel j\u00e1rhat a Hamasz? Minden egyes Homa-szertart\u00e1s egyedi c\u00e9lt szolg\u00e1l, legyen az az akad\u00e1lyok lek\u00fczd\u00e9se, az eg\u00e9szs\u00e9g jav\u00edt\u00e1sa, a j\u00f3l\u00e9t megh\u00edv\u00e1sa vagy a negat\u00edv karma ki\u00fcr\u00edt\u00e9se. \u00cdme, hogyan v\u00e1ltoztathatja meg Tomas az \u00e9letedet: Karmikus gy\u00f3gy\u00edt\u00e1s: A m\u00faltbeli karmikus ad\u00f3ss\u00e1gok elenged\u00e9se \u00e9s a pozit\u00edv karmikus hat\u00e1sok vonz\u00e1sa. Tiszt\u00edt\u00e1s: Tiszt\u00edtsa meg aur\u00e1j\u00e1t \u00e9s k\u00f6rnyezet\u00e9t a negat\u00edv [&hellip;]<\/p>\n","protected":false},"author":1,"featured_media":0,"parent":0,"menu_order":0,"comment_status":"closed","ping_status":"closed","template":"","meta":{"_acf_changed":false,"footnotes":""},"class_list":["post-45477","page","type-page","status-publish","hentry"],"acf":[],"yoast_head":"<!-- This site is optimized with the Yoast SEO plugin v26.4 - https:\/\/yoast.com\/wordpress\/plugins\/seo\/ -->\n<title>Homa - My Palm Leaf<\/title>\n<meta name=\"description\" content=\"Tapasztald meg a Homa szertart\u00e1st, amely isteni \u00e1ld\u00e1sokat, spiritu\u00e1lis tisztul\u00e1st hoz \u00e9s kapcsolatot biztos\u00edt az \u0151si energi\u00e1kkal, n\u00f6veked\u00e9sed.\" \/>\n<meta name=\"robots\" content=\"index, follow, max-snippet:-1, max-image-preview:large, max-video-preview:-1\" \/>\n<link rel=\"canonical\" href=\"https:\/\/mypalmleaf.com\/hu\/homa\/\" \/>\n<meta property=\"og:locale\" content=\"hu_HU\" \/>\n<meta property=\"og:type\" content=\"article\" \/>\n<meta property=\"og:title\" content=\"Homa - My Palm Leaf\" \/>\n<meta property=\"og:description\" content=\"Tapasztald meg a Homa szertart\u00e1st, amely isteni \u00e1ld\u00e1sokat, spiritu\u00e1lis tisztul\u00e1st hoz \u00e9s kapcsolatot biztos\u00edt az \u0151si energi\u00e1kkal, n\u00f6veked\u00e9sed.\" \/>\n<meta property=\"og:url\" content=\"https:\/\/mypalmleaf.com\/hu\/homa\/\" \/>\n<meta property=\"og:site_name\" content=\"My Palm Leaf\" \/>\n<meta property=\"article:modified_time\" content=\"2025-05-01T05:23:44+00:00\" \/>\n<meta property=\"og:image\" content=\"https:\/\/mypalmleaf.com\/wp-content\/uploads\/2024\/11\/homas-thumb.jpg\" \/>\n<meta name=\"twitter:card\" content=\"summary_large_image\" \/>\n<meta name=\"twitter:label1\" content=\"Becs\u00fclt olvas\u00e1si id\u0151\" \/>\n\t<meta name=\"twitter:data1\" content=\"2 perc\" \/>\n<script type=\"application\/ld+json\" class=\"yoast-schema-graph\">{\"@context\":\"https:\/\/schema.org\",\"@graph\":[{\"@type\":\"WebPage\",\"@id\":\"https:\/\/mypalmleaf.com\/hu\/homa\/\",\"url\":\"https:\/\/mypalmleaf.com\/hu\/homa\/\",\"name\":\"Homa - My Palm Leaf\",\"isPartOf\":{\"@id\":\"https:\/\/mypalmleaf.com\/#website\"},\"primaryImageOfPage\":{\"@id\":\"https:\/\/mypalmleaf.com\/hu\/homa\/#primaryimage\"},\"image\":{\"@id\":\"https:\/\/mypalmleaf.com\/hu\/homa\/#primaryimage\"},\"thumbnailUrl\":\"https:\/\/mypalmleaf.com\/wp-content\/uploads\/2024\/11\/homas-thumb.jpg\",\"datePublished\":\"2024-11-10T05:53:12+00:00\",\"dateModified\":\"2025-05-01T05:23:44+00:00\",\"description\":\"Tapasztald meg a Homa szertart\u00e1st, amely isteni \u00e1ld\u00e1sokat, spiritu\u00e1lis tisztul\u00e1st hoz \u00e9s kapcsolatot biztos\u00edt az \u0151si energi\u00e1kkal, n\u00f6veked\u00e9sed.\",\"breadcrumb\":{\"@id\":\"https:\/\/mypalmleaf.com\/hu\/homa\/#breadcrumb\"},\"inLanguage\":\"hu\",\"potentialAction\":[{\"@type\":\"ReadAction\",\"target\":[\"https:\/\/mypalmleaf.com\/hu\/homa\/\"]}]},{\"@type\":\"ImageObject\",\"inLanguage\":\"hu\",\"@id\":\"https:\/\/mypalmleaf.com\/hu\/homa\/#primaryimage\",\"url\":\"https:\/\/mypalmleaf.com\/wp-content\/uploads\/2024\/11\/homas-thumb.jpg\",\"contentUrl\":\"https:\/\/mypalmleaf.com\/wp-content\/uploads\/2024\/11\/homas-thumb.jpg\"},{\"@type\":\"BreadcrumbList\",\"@id\":\"https:\/\/mypalmleaf.com\/hu\/homa\/#breadcrumb\",\"itemListElement\":[{\"@type\":\"ListItem\",\"position\":1,\"name\":\"Home\",\"item\":\"https:\/\/mypalmleaf.com\/hu\/\"},{\"@type\":\"ListItem\",\"position\":2,\"name\":\"Homa\"}]},{\"@type\":\"WebSite\",\"@id\":\"https:\/\/mypalmleaf.com\/#website\",\"url\":\"https:\/\/mypalmleaf.com\/\",\"name\":\"My Palm Leaf\",\"description\":\"\",\"potentialAction\":[{\"@type\":\"SearchAction\",\"target\":{\"@type\":\"EntryPoint\",\"urlTemplate\":\"https:\/\/mypalmleaf.com\/?s={search_term_string}\"},\"query-input\":{\"@type\":\"PropertyValueSpecification\",\"valueRequired\":true,\"valueName\":\"search_term_string\"}}],\"inLanguage\":\"hu\"}]}<\/script>\n<!-- \/ Yoast SEO plugin. -->","yoast_head_json":{"title":"Homa - My Palm Leaf","description":"Tapasztald meg a Homa szertart\u00e1st, amely isteni \u00e1ld\u00e1sokat, spiritu\u00e1lis tisztul\u00e1st hoz \u00e9s kapcsolatot biztos\u00edt az \u0151si energi\u00e1kkal, n\u00f6veked\u00e9sed.","robots":{"index":"index","follow":"follow","max-snippet":"max-snippet:-1","max-image-preview":"max-image-preview:large","max-video-preview":"max-video-preview:-1"},"canonical":"https:\/\/mypalmleaf.com\/hu\/homa\/","og_locale":"hu_HU","og_type":"article","og_title":"Homa - My Palm Leaf","og_description":"Tapasztald meg a Homa szertart\u00e1st, amely isteni \u00e1ld\u00e1sokat, spiritu\u00e1lis tisztul\u00e1st hoz \u00e9s kapcsolatot biztos\u00edt az \u0151si energi\u00e1kkal, n\u00f6veked\u00e9sed.","og_url":"https:\/\/mypalmleaf.com\/hu\/homa\/","og_site_name":"My Palm Leaf","article_modified_time":"2025-05-01T05:23:44+00:00","og_image":[{"url":"https:\/\/mypalmleaf.com\/wp-content\/uploads\/2024\/11\/homas-thumb.jpg","type":"","width":"","height":""}],"twitter_card":"summary_large_image","twitter_misc":{"Becs\u00fclt olvas\u00e1si id\u0151":"2 perc"},"schema":{"@context":"https:\/\/schema.org","@graph":[{"@type":"WebPage","@id":"https:\/\/mypalmleaf.com\/hu\/homa\/","url":"https:\/\/mypalmleaf.com\/hu\/homa\/","name":"Homa - My Palm Leaf","isPartOf":{"@id":"https:\/\/mypalmleaf.com\/#website"},"primaryImageOfPage":{"@id":"https:\/\/mypalmleaf.com\/hu\/homa\/#primaryimage"},"image":{"@id":"https:\/\/mypalmleaf.com\/hu\/homa\/#primaryimage"},"thumbnailUrl":"https:\/\/mypalmleaf.com\/wp-content\/uploads\/2024\/11\/homas-thumb.jpg","datePublished":"2024-11-10T05:53:12+00:00","dateModified":"2025-05-01T05:23:44+00:00","description":"Tapasztald meg a Homa szertart\u00e1st, amely isteni \u00e1ld\u00e1sokat, spiritu\u00e1lis tisztul\u00e1st hoz \u00e9s kapcsolatot biztos\u00edt az \u0151si energi\u00e1kkal, n\u00f6veked\u00e9sed.","breadcrumb":{"@id":"https:\/\/mypalmleaf.com\/hu\/homa\/#breadcrumb"},"inLanguage":"hu","potentialAction":[{"@type":"ReadAction","target":["https:\/\/mypalmleaf.com\/hu\/homa\/"]}]},{"@type":"ImageObject","inLanguage":"hu","@id":"https:\/\/mypalmleaf.com\/hu\/homa\/#primaryimage","url":"https:\/\/mypalmleaf.com\/wp-content\/uploads\/2024\/11\/homas-thumb.jpg","contentUrl":"https:\/\/mypalmleaf.com\/wp-content\/uploads\/2024\/11\/homas-thumb.jpg"},{"@type":"BreadcrumbList","@id":"https:\/\/mypalmleaf.com\/hu\/homa\/#breadcrumb","itemListElement":[{"@type":"ListItem","position":1,"name":"Home","item":"https:\/\/mypalmleaf.com\/hu\/"},{"@type":"ListItem","position":2,"name":"Homa"}]},{"@type":"WebSite","@id":"https:\/\/mypalmleaf.com\/#website","url":"https:\/\/mypalmleaf.com\/","name":"My Palm Leaf","description":"","potentialAction":[{"@type":"SearchAction","target":{"@type":"EntryPoint","urlTemplate":"https:\/\/mypalmleaf.com\/?s={search_term_string}"},"query-input":{"@type":"PropertyValueSpecification","valueRequired":true,"valueName":"search_term_string"}}],"inLanguage":"hu"}]}},"_links":{"self":[{"href":"https:\/\/mypalmleaf.com\/hu\/wp-json\/wp\/v2\/pages\/45477","targetHints":{"allow":["GET"]}}],"collection":[{"href":"https:\/\/mypalmleaf.com\/hu\/wp-json\/wp\/v2\/pages"}],"about":[{"href":"https:\/\/mypalmleaf.com\/hu\/wp-json\/wp\/v2\/types\/page"}],"author":[{"embeddable":true,"href":"https:\/\/mypalmleaf.com\/hu\/wp-json\/wp\/v2\/users\/1"}],"replies":[{"embeddable":true,"href":"https:\/\/mypalmleaf.com\/hu\/wp-json\/wp\/v2\/comments?post=45477"}],"version-history":[{"count":1,"href":"https:\/\/mypalmleaf.com\/hu\/wp-json\/wp\/v2\/pages\/45477\/revisions"}],"predecessor-version":[{"id":101503,"href":"https:\/\/mypalmleaf.com\/hu\/wp-json\/wp\/v2\/pages\/45477\/revisions\/101503"}],"wp:attachment":[{"href":"https:\/\/mypalmleaf.com\/hu\/wp-json\/wp\/v2\/media?parent=45477"}],"curies":[{"name":"wp","href":"https:\/\/api.w.org\/{rel}","templated":true}]}}