
{"id":45518,"date":"2024-11-10T07:16:42","date_gmt":"2024-11-10T07:16:42","guid":{"rendered":"https:\/\/mypalmleaf.com\/athma-shanthi-puja\/"},"modified":"2025-07-28T09:23:40","modified_gmt":"2025-07-28T09:23:40","slug":"athma-shanthi-puja","status":"publish","type":"page","link":"https:\/\/mypalmleaf.com\/hu\/athma-shanthi-puja\/","title":{"rendered":"Athma Shanthi Puja"},"content":{"rendered":"\n<section class=\"spotlight-main small top-gap\">\n    <!-- <div class=\"slider-wrap\" data-flickity='{ \"cellAlign\": \"left\", \"contain\": true, \"wrapAround\": true, \"setGallerySize\": false }'> -->\n    <div class=\"slider-wrap\" data-flickity='{ \"cellAlign\": \"left\", \"contain\": true, \"wrapAround\": true, \"setGallerySize\": false  }'>\n            <div class=\"slides\">\n        <div class=\"content-wrap\">\n          <div class=\"image\">\n            <picture>\n              <source media=\"(max-width: 999px)\" srcset=\"https:\/\/mypalmleaf.com\/wp-content\/uploads\/2024\/11\/athma-shanti-puja-spotlight.-mob.jpg\" \/>\n              <source media=\"(min-width: 1000px)\" srcset=\"https:\/\/mypalmleaf.com\/wp-content\/uploads\/2024\/11\/athma-shanti-puja-spotlight.jpg\" \/>\n              <img decoding=\"async\" src=\"https:\/\/mypalmleaf.com\/wp-content\/uploads\/2024\/11\/athma-shanti-puja-spotlight.jpg\" class=\"img-fluid\" alt=\"\" \/>\n            <\/picture>\n          <\/div>\n          <div class=\"content\">\n            <div data-aos=\"fade-up\" data-aos-duration=\"1000\">\n              <h2 class=\"\">Athma Shanthi Puja: A szent ritu\u00e1l\u00e9 az elt\u00e1vozott lelkek\u00e9rt<\/h2>\n              <p>Hozzon b\u00e9k\u00e9t \u00e9s felszabadul\u00e1st szerettei lelk\u00e9nek ezen a m\u00e9lys\u00e9ges v\u00e9dikus szertart\u00e1son kereszt\u00fcl.<\/p>\n                                  <a href=\"\/prices\/athma-shanthi-puja-special-ritual-to-help-the-soul-of-someone-who-has-passed-away-to-rest-in-peace\/\" class=\"btn btn-primary\">Foglalja le a Puja-t<\/a>\n                   \n            <\/div>\n          <\/div>\n        <\/div>\n      <\/div>\n          <\/div>\n<\/section>\n\n\n<section class=\"my-6 position-relative\">\n    <div class=\"container-xl\" data-aos=\"fade-up\" data-aos-duration=\"1000\">\n      <div class=\"row align-items-center\">\n        <div class=\"col-lg-5 mb-4 mb-lg-0\">\n          <div class=\"rounded-asset\">\n            <img decoding=\"async\" src=\"https:\/\/mypalmleaf.com\/wp-content\/uploads\/2024\/11\/yt-thumb-2.jpg\" class=\"img-fluid\" alt=\"\"><div class=\"play-icon\"><\/div>\n            <a href=\"https:\/\/www.youtube.com\/watch?v=nZ0XR1c6lPU\" class=\"stretched-link\" data-lity><\/a>\n          <\/div>\n        <\/div>\n        <div class=\"col-lg-7\">\n          <h2 class=\"mb-4\">Mi az Athma Shanthi Puja?<\/h2>\n          <p>Az Athma Shanthi Puja egy szent ritu\u00e1l\u00e9, amelyet az elhunyt szeretteink lelk\u00e9nek tisztelet\u00e9re \u00e9s b\u00e9k\u00e9j\u00e9nek megteremt\u00e9s\u00e9re v\u00e9geznek. A v\u00e9dikus hagyom\u00e1nyok szerint ez a szertart\u00e1s seg\u00edt az elhunyt l\u00e9leknek megtal\u00e1lni a felszabadul\u00e1st (moksha), \u00e9s megoldhat minden elh\u00faz\u00f3d\u00f3 karmikus ad\u00f3ss\u00e1got vagy zavart. K\u00fcl\u00f6n\u00f6sen nagy jelent\u0151s\u00e9ge van azok sz\u00e1m\u00e1ra, akik v\u00e1ratlanul, tragikusan vagy a megfelel\u0151 szertart\u00e1sok elv\u00e9gz\u00e9s\u00e9re val\u00f3 lehet\u0151s\u00e9g n\u00e9lk\u00fcl hunytak el.  <\/p>\n<p>A Puja sor\u00e1n tapasztalt v\u00e9dikus papjaink szent mantr\u00e1kat k\u00e1nt\u00e1lnak, im\u00e1kat mondanak \u00e9s ritu\u00e1l\u00e9kat v\u00e9geznek, hogy harm\u00f3ni\u00e1t \u00e9s lelki felszabadul\u00e1st hozzanak.<\/p>\n        <\/div>\n      <\/div>\n    <\/div>\n    <\/section>\n\n\n<section class=\"my-6 position-relative\">\n  <div class=\"container-xl aos-init aos-animate\" data-aos=\"fade-up\" data-aos-duration=\"1000\">\n    <div class=\"row align-items-center\">\n      <div class=\"col-lg-7\">\n        <h2 class=\"mb-4\">Mi\u00e9rt \u00e9rdemes elv\u00e9gezni az Athma Shanthi Puj\u00e1t?<\/h2>\n<p>Az Athma Shanthi Puja egy egy\u00fctt\u00e9rz\u0151 \u00e9s er\u0151teljes ritu\u00e1l\u00e9, amely az \u00e9l\u0151ket \u00e9s az elhunytakat egyar\u00e1nt szolg\u00e1lja. \u00cdme, mi\u00e9rt fontos: <\/p>\n<ul>\n<li>L\u00e9lekfelszabad\u00edt\u00e1s: Seg\u00edtsen az elhunyt l\u00e9leknek elnyerni a b\u00e9k\u00e9t \u00e9s megszabadulni az \u00fajrasz\u00fclet\u00e9s k\u00f6rforg\u00e1s\u00e1b\u00f3l.<\/li>\n<li>Karmikus felold\u00e1s: A feloldatlan \u0151senergi\u00e1k \u00e1ltal okozott negat\u00edv karmikus hat\u00e1sok felold\u00e1sa.<\/li>\n<li>\u0150si \u00e1ld\u00e1sok: \u00c1ld\u00e1st \u00e9s v\u00e9delmet hozhatsz az \u0151seidt\u0151l az \u00e9letedbe.<\/li>\n<li>Gy\u00f3gyul\u00e1s \u00e9s lez\u00e1r\u00e1s: \u00c9rzelmi gy\u00f3gyul\u00e1s \u00e9s lez\u00e1r\u00e1s biztos\u00edt\u00e1sa a gy\u00e1szol\u00f3 csal\u00e1dtagok sz\u00e1m\u00e1ra.<\/li>\n<\/ul>\n<div class=\"dual-btn-cont mt-4\">\n<ul>\n<li><a href=\"https:\/\/mypalmleaf.com\/hu\/prices\/athma-shanthi-puja-kulonleges-rituale-amely-segit-az-elhunyt-lelkenek-bekeben-nyugodni\/\" class=\"btn btn-primary\">Foglalja le az Athma Shanti Puja-t \u0151sei lelkeinek lelk\u00e9\u00e9rt<\/a><\/li>\n<\/ul>\n<\/div>\n      <\/div>\n      <div class=\"col-lg-5 mb-4 mb-lg-0\">\n        <div class=\"rounded-asset\">\n          <img decoding=\"async\" src=\"https:\/\/staging.mypalmleaf.com\/wp-content\/uploads\/2024\/11\/atma-shant-thumb1.jpg\" class=\"img-fluid\" alt=\"\"\/>\n        <\/div>\n      <\/div>\n    <\/div>\n  <\/div>\n       \n  <\/section>\n\n\n\n<section class=\"my-6 position-relative\">\n  <div class=\"container-xl aos-init aos-animate\" data-aos=\"fade-up\" data-aos-duration=\"1000\">\n    <div class=\"row align-items-center\">\n      <div class=\"col-lg-5 mb-4 mb-lg-0\">\n        <div class=\"rounded-asset\">\n          <img decoding=\"async\" src=\"https:\/\/staging.mypalmleaf.com\/wp-content\/uploads\/2024\/11\/atma-shant-thumb2.jpg\" class=\"img-fluid\" alt=\"\"\/>\n        <\/div>\n      <\/div>\n      <div class=\"col-lg-7\">\n        <h2 class=\"mb-4\">Kinek \u00e9rdemes megfontolnia ezt a P\u00fadzs\u00e1t?<\/h2>\n        <p>Az Athma Shanthi Puja mindazoknak aj\u00e1nlott, akik elvesztett\u00e9k egy szerett\u00fcket, \u00e9s b\u00e9k\u00e9t szeretn\u00e9nek teremteni a lelk\u00fcknek. K\u00fcl\u00f6n\u00f6sen hasznos, ha: <\/p>\n        <ul>\n          <li>Az elhunyt l\u00e9lek tragikus vagy hirtelen k\u00f6r\u00fclm\u00e9nyek k\u00f6z\u00f6tt hunyt el.<\/li>\n          <li>Nem v\u00e9gezt\u00e9k el a megfelel\u0151 temet\u00e9si szertart\u00e1sokat, vagy a lelki \u00fcgyek befejezetlens\u00e9g\u00e9nek \u00e9rz\u00e9se van.<\/li>\n          <li>\u00c9rzed az \u0151si zavarok jelenl\u00e9t\u00e9t az \u00e9letedben.<\/li>\n          <li>Tiszteletet \u00e9s h\u00e1l\u00e1t akarsz adni \u0151seidnek.<\/li>\n        <\/ul>\n<div class=\"dual-btn-cont mt-4\">\n<ul>\n<li><a href=\"https:\/\/mypalmleaf.com\/hu\/prices\/athma-shanthi-puja-kulonleges-rituale-amely-segit-az-elhunyt-lelkenek-bekeben-nyugodni\/\" class=\"btn btn-primary\">Foglalja le az Athma Shanti Puja-t \u0151sei lelkeinek lelk\u00e9\u00e9rt<\/a><\/li>\n<\/ul>\n<\/div>\n      <\/div>\n      \n    <\/div>\n  <\/div>\n       \n  <\/section>\n\n\n\n<section class=\"my-6 position-relative\">\n  <div class=\"container-xl aos-init aos-animate\" data-aos=\"fade-up\" data-aos-duration=\"1000\">\n    <div class=\"row align-items-center\">\n      <div class=\"col-lg-7\">\n        <h2 class=\"mb-4\">Hogyan v\u00e9gzik az Athma Shanti Puj\u00e1t?<\/h2>\n<p>A szertart\u00e1st az \u0151si v\u00e9dikus hagyom\u00e1nyok szerint v\u00e9gzik, \u00e9s \u00e1ltal\u00e1ban egy szent v\u00edztest vagy olt\u00e1r k\u00f6zel\u00e9ben zajlik. A k\u00f6vetkez\u0151kre sz\u00e1m\u00edthat: <\/p>\n<ul>\n<li>Az isteni energi\u00e1k megid\u00e9z\u00e9se: A szertart\u00e1s mantr\u00e1k \u00e9s im\u00e1k k\u00e1nt\u00e1l\u00e1s\u00e1val kezd\u0151dik, hogy megtiszt\u00edts\u00e1k a teret \u00e9s megid\u00e9zz\u00e9k az isteni energi\u00e1kat.<\/li>\n<li>Szent felaj\u00e1nl\u00e1sok: Rizs, vir\u00e1gok \u00e9s szent t\u00e1rgyak felaj\u00e1nl\u00e1sa az elhunyt l\u00e9leknek.<\/li>\n<li>Im\u00e1k a b\u00e9k\u00e9\u00e9rt: A l\u00e9lek meg\u00e1ld\u00e1sa \u00e9s a felszabadul\u00e1s fel\u00e9 val\u00f3 vezet\u00e9se \u00e9rdek\u00e9ben k\u00fcl\u00f6nleges im\u00e1kat \u00e9s mantr\u00e1kat k\u00e1nt\u00e1lnak.  <\/li>\n<li>V\u00edz ritu\u00e1l\u00e9k: A szertart\u00e1s r\u00e9sze lehet a szent v\u00edznek val\u00f3 felaj\u00e1nl\u00e1s, amely a l\u00e9lek megtisztul\u00e1s\u00e1t \u00e9s felszabadul\u00e1s\u00e1t szimboliz\u00e1lja.<\/li>\n<\/ul>\n<div class=\"dual-btn-cont mt-4\">\n<ul>\n<li><a href=\"https:\/\/mypalmleaf.com\/hu\/prices\/athma-shanthi-puja-kulonleges-rituale-amely-segit-az-elhunyt-lelkenek-bekeben-nyugodni\/\" class=\"btn btn-primary\">Foglalja le az Athma Shanti Puja-t \u0151sei lelkeinek lelk\u00e9\u00e9rt<\/a><\/li>\n<\/ul>\n<\/div>\n      <\/div>\n      <div class=\"col-lg-5 mb-4 mb-lg-0\">\n        <div class=\"rounded-asset\">\n          <img decoding=\"async\" src=\"https:\/\/staging.mypalmleaf.com\/wp-content\/uploads\/2024\/11\/atma-shant-thumb3-1.jpg\" class=\"img-fluid\" alt=\"\"\/>\n        <\/div>\n      <\/div>\n    <\/div>\n  <\/div>\n       \n  <\/section>\n\n\n<section class=\"accordion-container position-relative \" data-aos=\"fade-up\" data-aos-duration=\"1000\" id=\"general-questions\">\n  <div class=\"container-xl\">\n    <div class=\"row\">\n      <h3>Gyakran ism\u00e9telt k\u00e9rd\u00e9sek<\/h3>\n      <div class=\"accr-wrap\">\n                  <div class=\"head\">Jelen kell lennem az Athma Shanthi Puj\u00e1n?<\/div>\n          <div class=\"content\">\n            <p>Nem, nem sz\u00fcks\u00e9ges fizikailag jelen lenni. A v\u00e9dikus papjaink ugyanolyan tisztelettel \u00e9s sz\u00e1nd\u00e9kkal v\u00e9gzik a ritu\u00e1l\u00e9t, \u00e9s az \u00e1ld\u00e1sok \u00e9s az energia az \u00d6n jelenl\u00e9t\u00e9t\u0151l f\u00fcggetlen\u00fcl el\u00e9ri a lelket. Azonban csatlakozhatsz a Zoomon kereszt\u00fcl, ha szeretn\u00e9l tan\u00faja lenni a szertart\u00e1snak.  <\/p>\n          <\/div>\n                  <div class=\"head\">El lehet-e v\u00e9gezni a P\u00fadzs\u00e1t olyasvalaki\u00e9rt, aki m\u00e1r r\u00e9gen elhunyt?<\/div>\n          <div class=\"content\">\n            <p>Igen, az Athma Shanthi Puja elv\u00e9gezhet\u0151 a sok \u00e9vvel ezel\u0151tt elt\u00e1vozott lelkek\u00e9rt. A ritu\u00e1l\u00e9 id\u0151tlen, \u00e9s b\u00e9k\u00e9t \u00e9s feloldoz\u00e1st hozhat b\u00e1rmelyik l\u00e9leknek, f\u00fcggetlen\u00fcl att\u00f3l, hogy mikor t\u00e1vozott el. <\/p>\n          <\/div>\n                  <div class=\"head\">Milyen adatokat kell megadnom a Pudzs\u00e1hoz?<\/div>\n          <div class=\"content\">\n            <p>\u00c1ltal\u00e1ban az elhunyt l\u00e9lek nev\u00e9t \u00e9s a vel\u00fck val\u00f3 kapcsolat\u00e1t k\u00e9rj\u00fck megadni. B\u00e1rmilyen tov\u00e1bbi r\u00e9szlet, p\u00e9ld\u00e1ul az elhunyt k\u00f6r\u00fclm\u00e9nyei is hasznosak lehetnek. <\/p>\n          <\/div>\n                  <div class=\"head\">Lehet az Athma Shanthi Puj\u00e1t egyszerre t\u00f6bb l\u00e9leknek is elv\u00e9gezni?<\/div>\n          <div class=\"content\">\n            <p>Igen, lehets\u00e9ges, hogy egyn\u00e9l t\u00f6bb l\u00e9leknek is elv\u00e9gezz\u00fck a P\u00fadzs\u00e1t. K\u00e9rj\u00fck, adja meg az egyes lelkek adatait, \u00e9s papjaink gondoskodnak arr\u00f3l, hogy a szertart\u00e1s ennek megfelel\u0151en szem\u00e9lyre szabott legyen. <\/p>\n          <\/div>\n                  <div class=\"head\">Mit tegyek a Puja ut\u00e1n?<\/div>\n          <div class=\"content\">\n            <p>A Puja \u00e1ltal\u00e1ban 20-60 percig tart, a tisztelg\u0151 lelkek \u00f6sszetetts\u00e9g\u00e9t\u0151l \u00e9s sz\u00e1m\u00e1t\u00f3l f\u00fcgg\u0151en. A szertart\u00e1s el\u0151k\u00e9sz\u00edt\u00e9se sok \u00f3r\u00e1t vesz ig\u00e9nybe. <\/p>\n          <\/div>\n                  <div class=\"head\">Mennyi ideig tart az Athma Shanthi Puja?<\/div>\n          <div class=\"content\">\n            <p>A Puja \u00e1ltal\u00e1ban 20-60 percig tart, a tisztelg\u0151 lelkek \u00f6sszetetts\u00e9g\u00e9t\u0151l \u00e9s sz\u00e1m\u00e1t\u00f3l f\u00fcgg\u0151en. A szertart\u00e1s el\u0151k\u00e9sz\u00edt\u00e9se sok \u00f3r\u00e1t vesz ig\u00e9nybe. <\/p>\n          <\/div>\n                  <div class=\"head\">Elv\u00e9gezhetem ezt a P\u00fadzs\u00e1t jelent\u0151s id\u0151pontokban, p\u00e9ld\u00e1ul \u00e9vfordul\u00f3kon vagy Pitru Paksha alatt?<\/div>\n          <div class=\"content\">\n            <p>Igen, ha az Athma Shanthi Puja-t olyan jelent\u0151s id\u0151pontokban v\u00e9gezz\u00fck, mint a hal\u00e1loz\u00e1si \u00e9vfordul\u00f3k vagy a Pitru Paksha id\u0151szak alatt, az feler\u0151s\u00edtheti az el\u0151nyeit. Seg\u00edt\u00fcnk a szertart\u00e1s megfelel\u0151 \u00fctemez\u00e9s\u00e9ben. <\/p>\n          <\/div>\n                  <div class=\"head\">Az Athma Shanthi Puja minden hit \u00e9s hagyom\u00e1ny sz\u00e1m\u00e1ra alkalmas?<\/div>\n          <div class=\"content\">\n            <p>Igen, b\u00e1r a Puja a v\u00e9dikus hagyom\u00e1nyban gy\u00f6kerezik, m\u00e9gis egy egyetemes ritu\u00e1l\u00e9, amelynek c\u00e9lja, hogy b\u00e9k\u00e9t \u00e9s \u00e1ld\u00e1st hozzon az elhunytaknak. B\u00e1rki sz\u00e1m\u00e1ra elv\u00e9gezhet\u0151, f\u00fcggetlen\u00fcl a spiritu\u00e1lis vagy vall\u00e1si meggy\u0151z\u0151d\u00e9s\u00e9t\u0151l. <\/p>\n          <\/div>\n                  <div class=\"head\">Mypalmleaf moder\u00e1tor fog k\u00eds\u00e9rni?<\/div>\n          <div class=\"content\">\n            <p>Igen, egyik moder\u00e1torunk jelen lesz az Athma Shanti Puj\u00e1n. \u0150k fognak vezetni \u00e9s elmagyar\u00e1zni nektek mindent, ha sz\u00fcks\u00e9ges. <\/p>\n          <\/div>\n              <\/div>\n    <\/div>\n  <\/div>\n  \n<\/section>\n<\/div>","protected":false},"excerpt":{"rendered":"<p>Mi\u00e9rt \u00e9rdemes elv\u00e9gezni az Athma Shanthi Puj\u00e1t? Az Athma Shanthi Puja egy egy\u00fctt\u00e9rz\u0151 \u00e9s er\u0151teljes ritu\u00e1l\u00e9, amely az \u00e9l\u0151ket \u00e9s az elhunytakat egyar\u00e1nt szolg\u00e1lja. \u00cdme, mi\u00e9rt fontos: L\u00e9lekfelszabad\u00edt\u00e1s: Seg\u00edtsen az elhunyt l\u00e9leknek elnyerni a b\u00e9k\u00e9t \u00e9s megszabadulni az \u00fajrasz\u00fclet\u00e9s k\u00f6rforg\u00e1s\u00e1b\u00f3l. Karmikus felold\u00e1s: A feloldatlan \u0151senergi\u00e1k \u00e1ltal okozott negat\u00edv karmikus hat\u00e1sok felold\u00e1sa. \u0150si \u00e1ld\u00e1sok: \u00c1ld\u00e1st \u00e9s [&hellip;]<\/p>\n","protected":false},"author":1,"featured_media":0,"parent":0,"menu_order":0,"comment_status":"closed","ping_status":"closed","template":"","meta":{"_acf_changed":false,"footnotes":""},"class_list":["post-45518","page","type-page","status-publish","hentry"],"acf":[],"yoast_head":"<!-- This site is optimized with the Yoast SEO plugin v26.4 - https:\/\/yoast.com\/wordpress\/plugins\/seo\/ -->\n<title>Athma Shanthi Puja - My Palm Leaf<\/title>\n<meta name=\"description\" content=\"Az Athma Shanthi P\u00fadzsa szent r\u00edtust k\u00edn\u00e1l, amely b\u00e9k\u00e9t \u00e9s szabads\u00e1got hoz, seg\u00edtve a t\u00e1vozott lelkek pihen\u00e9s\u00e9t \u00e9s vigaszt ny\u00fajtva.\" \/>\n<meta name=\"robots\" content=\"index, follow, max-snippet:-1, max-image-preview:large, max-video-preview:-1\" \/>\n<link rel=\"canonical\" href=\"https:\/\/mypalmleaf.com\/hu\/athma-shanthi-puja\/\" \/>\n<meta property=\"og:locale\" content=\"hu_HU\" \/>\n<meta property=\"og:type\" content=\"article\" \/>\n<meta property=\"og:title\" content=\"Athma Shanthi Puja - My Palm Leaf\" \/>\n<meta property=\"og:description\" content=\"Az Athma Shanthi P\u00fadzsa szent r\u00edtust k\u00edn\u00e1l, amely b\u00e9k\u00e9t \u00e9s szabads\u00e1got hoz, seg\u00edtve a t\u00e1vozott lelkek pihen\u00e9s\u00e9t \u00e9s vigaszt ny\u00fajtva.\" \/>\n<meta property=\"og:url\" content=\"https:\/\/mypalmleaf.com\/hu\/athma-shanthi-puja\/\" \/>\n<meta property=\"og:site_name\" content=\"My Palm Leaf\" \/>\n<meta property=\"article:modified_time\" content=\"2025-07-28T09:23:40+00:00\" \/>\n<meta property=\"og:image\" content=\"https:\/\/staging.mypalmleaf.com\/wp-content\/uploads\/2024\/11\/atma-shant-thumb1.jpg\" \/>\n<meta name=\"twitter:card\" content=\"summary_large_image\" \/>\n<meta name=\"twitter:label1\" content=\"Becs\u00fclt olvas\u00e1si id\u0151\" \/>\n\t<meta name=\"twitter:data1\" content=\"2 perc\" \/>\n<script type=\"application\/ld+json\" class=\"yoast-schema-graph\">{\"@context\":\"https:\/\/schema.org\",\"@graph\":[{\"@type\":\"WebPage\",\"@id\":\"https:\/\/mypalmleaf.com\/hu\/athma-shanthi-puja\/\",\"url\":\"https:\/\/mypalmleaf.com\/hu\/athma-shanthi-puja\/\",\"name\":\"Athma Shanthi Puja - My Palm Leaf\",\"isPartOf\":{\"@id\":\"https:\/\/mypalmleaf.com\/#website\"},\"primaryImageOfPage\":{\"@id\":\"https:\/\/mypalmleaf.com\/hu\/athma-shanthi-puja\/#primaryimage\"},\"image\":{\"@id\":\"https:\/\/mypalmleaf.com\/hu\/athma-shanthi-puja\/#primaryimage\"},\"thumbnailUrl\":\"https:\/\/staging.mypalmleaf.com\/wp-content\/uploads\/2024\/11\/atma-shant-thumb1.jpg\",\"datePublished\":\"2024-11-10T07:16:42+00:00\",\"dateModified\":\"2025-07-28T09:23:40+00:00\",\"description\":\"Az Athma Shanthi P\u00fadzsa szent r\u00edtust k\u00edn\u00e1l, amely b\u00e9k\u00e9t \u00e9s szabads\u00e1got hoz, seg\u00edtve a t\u00e1vozott lelkek pihen\u00e9s\u00e9t \u00e9s vigaszt ny\u00fajtva.\",\"breadcrumb\":{\"@id\":\"https:\/\/mypalmleaf.com\/hu\/athma-shanthi-puja\/#breadcrumb\"},\"inLanguage\":\"hu\",\"potentialAction\":[{\"@type\":\"ReadAction\",\"target\":[\"https:\/\/mypalmleaf.com\/hu\/athma-shanthi-puja\/\"]}]},{\"@type\":\"ImageObject\",\"inLanguage\":\"hu\",\"@id\":\"https:\/\/mypalmleaf.com\/hu\/athma-shanthi-puja\/#primaryimage\",\"url\":\"https:\/\/staging.mypalmleaf.com\/wp-content\/uploads\/2024\/11\/atma-shant-thumb1.jpg\",\"contentUrl\":\"https:\/\/staging.mypalmleaf.com\/wp-content\/uploads\/2024\/11\/atma-shant-thumb1.jpg\"},{\"@type\":\"BreadcrumbList\",\"@id\":\"https:\/\/mypalmleaf.com\/hu\/athma-shanthi-puja\/#breadcrumb\",\"itemListElement\":[{\"@type\":\"ListItem\",\"position\":1,\"name\":\"Home\",\"item\":\"https:\/\/mypalmleaf.com\/hu\/\"},{\"@type\":\"ListItem\",\"position\":2,\"name\":\"Athma Shanthi Puja\"}]},{\"@type\":\"WebSite\",\"@id\":\"https:\/\/mypalmleaf.com\/#website\",\"url\":\"https:\/\/mypalmleaf.com\/\",\"name\":\"My Palm Leaf\",\"description\":\"\",\"potentialAction\":[{\"@type\":\"SearchAction\",\"target\":{\"@type\":\"EntryPoint\",\"urlTemplate\":\"https:\/\/mypalmleaf.com\/?s={search_term_string}\"},\"query-input\":{\"@type\":\"PropertyValueSpecification\",\"valueRequired\":true,\"valueName\":\"search_term_string\"}}],\"inLanguage\":\"hu\"}]}<\/script>\n<!-- \/ Yoast SEO plugin. -->","yoast_head_json":{"title":"Athma Shanthi Puja - My Palm Leaf","description":"Az Athma Shanthi P\u00fadzsa szent r\u00edtust k\u00edn\u00e1l, amely b\u00e9k\u00e9t \u00e9s szabads\u00e1got hoz, seg\u00edtve a t\u00e1vozott lelkek pihen\u00e9s\u00e9t \u00e9s vigaszt ny\u00fajtva.","robots":{"index":"index","follow":"follow","max-snippet":"max-snippet:-1","max-image-preview":"max-image-preview:large","max-video-preview":"max-video-preview:-1"},"canonical":"https:\/\/mypalmleaf.com\/hu\/athma-shanthi-puja\/","og_locale":"hu_HU","og_type":"article","og_title":"Athma Shanthi Puja - My Palm Leaf","og_description":"Az Athma Shanthi P\u00fadzsa szent r\u00edtust k\u00edn\u00e1l, amely b\u00e9k\u00e9t \u00e9s szabads\u00e1got hoz, seg\u00edtve a t\u00e1vozott lelkek pihen\u00e9s\u00e9t \u00e9s vigaszt ny\u00fajtva.","og_url":"https:\/\/mypalmleaf.com\/hu\/athma-shanthi-puja\/","og_site_name":"My Palm Leaf","article_modified_time":"2025-07-28T09:23:40+00:00","og_image":[{"url":"https:\/\/staging.mypalmleaf.com\/wp-content\/uploads\/2024\/11\/atma-shant-thumb1.jpg","type":"","width":"","height":""}],"twitter_card":"summary_large_image","twitter_misc":{"Becs\u00fclt olvas\u00e1si id\u0151":"2 perc"},"schema":{"@context":"https:\/\/schema.org","@graph":[{"@type":"WebPage","@id":"https:\/\/mypalmleaf.com\/hu\/athma-shanthi-puja\/","url":"https:\/\/mypalmleaf.com\/hu\/athma-shanthi-puja\/","name":"Athma Shanthi Puja - My Palm Leaf","isPartOf":{"@id":"https:\/\/mypalmleaf.com\/#website"},"primaryImageOfPage":{"@id":"https:\/\/mypalmleaf.com\/hu\/athma-shanthi-puja\/#primaryimage"},"image":{"@id":"https:\/\/mypalmleaf.com\/hu\/athma-shanthi-puja\/#primaryimage"},"thumbnailUrl":"https:\/\/staging.mypalmleaf.com\/wp-content\/uploads\/2024\/11\/atma-shant-thumb1.jpg","datePublished":"2024-11-10T07:16:42+00:00","dateModified":"2025-07-28T09:23:40+00:00","description":"Az Athma Shanthi P\u00fadzsa szent r\u00edtust k\u00edn\u00e1l, amely b\u00e9k\u00e9t \u00e9s szabads\u00e1got hoz, seg\u00edtve a t\u00e1vozott lelkek pihen\u00e9s\u00e9t \u00e9s vigaszt ny\u00fajtva.","breadcrumb":{"@id":"https:\/\/mypalmleaf.com\/hu\/athma-shanthi-puja\/#breadcrumb"},"inLanguage":"hu","potentialAction":[{"@type":"ReadAction","target":["https:\/\/mypalmleaf.com\/hu\/athma-shanthi-puja\/"]}]},{"@type":"ImageObject","inLanguage":"hu","@id":"https:\/\/mypalmleaf.com\/hu\/athma-shanthi-puja\/#primaryimage","url":"https:\/\/staging.mypalmleaf.com\/wp-content\/uploads\/2024\/11\/atma-shant-thumb1.jpg","contentUrl":"https:\/\/staging.mypalmleaf.com\/wp-content\/uploads\/2024\/11\/atma-shant-thumb1.jpg"},{"@type":"BreadcrumbList","@id":"https:\/\/mypalmleaf.com\/hu\/athma-shanthi-puja\/#breadcrumb","itemListElement":[{"@type":"ListItem","position":1,"name":"Home","item":"https:\/\/mypalmleaf.com\/hu\/"},{"@type":"ListItem","position":2,"name":"Athma Shanthi Puja"}]},{"@type":"WebSite","@id":"https:\/\/mypalmleaf.com\/#website","url":"https:\/\/mypalmleaf.com\/","name":"My Palm Leaf","description":"","potentialAction":[{"@type":"SearchAction","target":{"@type":"EntryPoint","urlTemplate":"https:\/\/mypalmleaf.com\/?s={search_term_string}"},"query-input":{"@type":"PropertyValueSpecification","valueRequired":true,"valueName":"search_term_string"}}],"inLanguage":"hu"}]}},"_links":{"self":[{"href":"https:\/\/mypalmleaf.com\/hu\/wp-json\/wp\/v2\/pages\/45518","targetHints":{"allow":["GET"]}}],"collection":[{"href":"https:\/\/mypalmleaf.com\/hu\/wp-json\/wp\/v2\/pages"}],"about":[{"href":"https:\/\/mypalmleaf.com\/hu\/wp-json\/wp\/v2\/types\/page"}],"author":[{"embeddable":true,"href":"https:\/\/mypalmleaf.com\/hu\/wp-json\/wp\/v2\/users\/1"}],"replies":[{"embeddable":true,"href":"https:\/\/mypalmleaf.com\/hu\/wp-json\/wp\/v2\/comments?post=45518"}],"version-history":[{"count":1,"href":"https:\/\/mypalmleaf.com\/hu\/wp-json\/wp\/v2\/pages\/45518\/revisions"}],"predecessor-version":[{"id":101502,"href":"https:\/\/mypalmleaf.com\/hu\/wp-json\/wp\/v2\/pages\/45518\/revisions\/101502"}],"wp:attachment":[{"href":"https:\/\/mypalmleaf.com\/hu\/wp-json\/wp\/v2\/media?parent=45518"}],"curies":[{"name":"wp","href":"https:\/\/api.w.org\/{rel}","templated":true}]}}