
{"id":38356,"date":"2024-08-03T05:43:59","date_gmt":"2024-08-03T05:43:59","guid":{"rendered":"https:\/\/mypalmleaf.com\/prices\/a-felolvasas-forditasa\/"},"modified":"2025-04-24T01:33:05","modified_gmt":"2025-04-24T01:33:05","slug":"a-felolvasas-forditasa","status":"publish","type":"product","link":"https:\/\/mypalmleaf.com\/hu\/prices\/a-felolvasas-forditasa\/","title":{"rendered":"A felolvas\u00e1s ford\u00edt\u00e1sa"},"content":{"rendered":"<p>Ha angol nyelv\u0171 felolvas\u00e1st foglalt, \u00e9s szeretne egy m\u00e1sik nyelvre is ford\u00edt\u00e1st k\u00e9rni, k\u00e9rj\u00fck, foglalja le ezt a szolg\u00e1ltat\u00e1st itt.<\/p>\n","protected":false},"excerpt":{"rendered":"<p>Ha angol nyelv\u0171 felolvas\u00e1st foglalt, \u00e9s szeretne egy m\u00e1sik nyelvre is ford\u00edt\u00e1st k\u00e9rni, k\u00e9rj\u00fck, foglalja le ezt a szolg\u00e1ltat\u00e1st itt.<\/p>\n","protected":false},"featured_media":10092,"comment_status":"open","ping_status":"closed","template":"","meta":{"_acf_changed":false},"product_brand":[],"product_cat":[352],"product_tag":[],"class_list":{"0":"post-38356","1":"product","2":"type-product","3":"status-publish","4":"has-post-thumbnail","6":"product_cat-nem-kategorizalt","8":"first","9":"instock","10":"taxable","11":"shipping-taxable","12":"purchasable","13":"product-type-variable"},"exclude_global_add_ons":[],"addons":[],"acf":[],"yoast_head":"<!-- This site is optimized with the Yoast SEO plugin v26.4 - https:\/\/yoast.com\/wordpress\/plugins\/seo\/ -->\n<title>A felolvas\u00e1s ford\u00edt\u00e1sa - My Palm Leaf<\/title>\n<meta name=\"description\" content=\"Tal\u00e1ljon \u00e1tl\u00e1that\u00f3 \u00e1rakat a p\u00e1lmalev\u00e9l-olvas\u00e1s ford\u00edt\u00e1saihoz, hogy pontos betekint\u00e9st \u00e9s \u0151si b\u00f6lcsess\u00e9get kapjon az \u00d6n \u00e1ltal legjobban \u00e9rtett nyelven.\" \/>\n<meta name=\"robots\" content=\"index, follow, max-snippet:-1, max-image-preview:large, max-video-preview:-1\" \/>\n<link rel=\"canonical\" href=\"https:\/\/mypalmleaf.com\/prices\/translation-of-the-reading\/\" \/>\n<meta property=\"og:locale\" content=\"hu_HU\" \/>\n<meta property=\"og:type\" content=\"article\" \/>\n<meta property=\"og:title\" content=\"A felolvas\u00e1s ford\u00edt\u00e1sa - My Palm Leaf\" \/>\n<meta property=\"og:description\" content=\"Tal\u00e1ljon \u00e1tl\u00e1that\u00f3 \u00e1rakat a p\u00e1lmalev\u00e9l-olvas\u00e1s ford\u00edt\u00e1saihoz, hogy pontos betekint\u00e9st \u00e9s \u0151si b\u00f6lcsess\u00e9get kapjon az \u00d6n \u00e1ltal legjobban \u00e9rtett nyelven.\" \/>\n<meta property=\"og:url\" content=\"https:\/\/mypalmleaf.com\/prices\/translation-of-the-reading\/\" \/>\n<meta property=\"og:site_name\" content=\"My Palm Leaf\" \/>\n<meta property=\"article:modified_time\" content=\"2025-04-24T01:33:05+00:00\" \/>\n<meta property=\"og:image\" content=\"https:\/\/mypalmleaf.com\/wp-content\/uploads\/2024\/09\/services-thumb-1-1-1.jpg\" \/>\n\t<meta property=\"og:image:width\" content=\"800\" \/>\n\t<meta property=\"og:image:height\" content=\"444\" \/>\n\t<meta property=\"og:image:type\" content=\"image\/jpeg\" \/>\n<meta name=\"twitter:card\" content=\"summary_large_image\" \/>\n<meta name=\"twitter:label1\" content=\"Becs\u00fclt olvas\u00e1si id\u0151\" \/>\n\t<meta name=\"twitter:data1\" content=\"1 perc\" \/>\n<script type=\"application\/ld+json\" class=\"yoast-schema-graph\">{\"@context\":\"https:\/\/schema.org\",\"@graph\":[{\"@type\":\"WebPage\",\"@id\":\"https:\/\/mypalmleaf.com\/prices\/translation-of-the-reading\/\",\"url\":\"https:\/\/mypalmleaf.com\/prices\/translation-of-the-reading\/\",\"name\":\"A felolvas\u00e1s ford\u00edt\u00e1sa - My Palm Leaf\",\"isPartOf\":{\"@id\":\"https:\/\/mypalmleaf.com\/#website\"},\"primaryImageOfPage\":{\"@id\":\"https:\/\/mypalmleaf.com\/prices\/translation-of-the-reading\/#primaryimage\"},\"image\":{\"@id\":\"https:\/\/mypalmleaf.com\/prices\/translation-of-the-reading\/#primaryimage\"},\"thumbnailUrl\":\"https:\/\/mypalmleaf.com\/wp-content\/uploads\/2024\/09\/services-thumb-1-1-1.jpg\",\"datePublished\":\"2024-08-03T05:43:59+00:00\",\"dateModified\":\"2025-04-24T01:33:05+00:00\",\"description\":\"Tal\u00e1ljon \u00e1tl\u00e1that\u00f3 \u00e1rakat a p\u00e1lmalev\u00e9l-olvas\u00e1s ford\u00edt\u00e1saihoz, hogy pontos betekint\u00e9st \u00e9s \u0151si b\u00f6lcsess\u00e9get kapjon az \u00d6n \u00e1ltal legjobban \u00e9rtett nyelven.\",\"breadcrumb\":{\"@id\":\"https:\/\/mypalmleaf.com\/prices\/translation-of-the-reading\/#breadcrumb\"},\"inLanguage\":\"hu\",\"potentialAction\":[{\"@type\":\"ReadAction\",\"target\":[\"https:\/\/mypalmleaf.com\/prices\/translation-of-the-reading\/\"]}]},{\"@type\":\"ImageObject\",\"inLanguage\":\"hu\",\"@id\":\"https:\/\/mypalmleaf.com\/prices\/translation-of-the-reading\/#primaryimage\",\"url\":\"https:\/\/mypalmleaf.com\/wp-content\/uploads\/2024\/09\/services-thumb-1-1-1.jpg\",\"contentUrl\":\"https:\/\/mypalmleaf.com\/wp-content\/uploads\/2024\/09\/services-thumb-1-1-1.jpg\",\"width\":800,\"height\":444,\"caption\":\"Nadi astrology-01\"},{\"@type\":\"BreadcrumbList\",\"@id\":\"https:\/\/mypalmleaf.com\/prices\/translation-of-the-reading\/#breadcrumb\",\"itemListElement\":[{\"@type\":\"ListItem\",\"position\":1,\"name\":\"Home\",\"item\":\"https:\/\/mypalmleaf.com\/hu\/\"},{\"@type\":\"ListItem\",\"position\":2,\"name\":\"Shop\",\"item\":\"https:\/\/mypalmleaf.com\/et\/shop\/\"},{\"@type\":\"ListItem\",\"position\":3,\"name\":\"A felolvas\u00e1s ford\u00edt\u00e1sa\"}]},{\"@type\":\"WebSite\",\"@id\":\"https:\/\/mypalmleaf.com\/#website\",\"url\":\"https:\/\/mypalmleaf.com\/\",\"name\":\"My Palm Leaf\",\"description\":\"\",\"potentialAction\":[{\"@type\":\"SearchAction\",\"target\":{\"@type\":\"EntryPoint\",\"urlTemplate\":\"https:\/\/mypalmleaf.com\/?s={search_term_string}\"},\"query-input\":{\"@type\":\"PropertyValueSpecification\",\"valueRequired\":true,\"valueName\":\"search_term_string\"}}],\"inLanguage\":\"hu\"}]}<\/script>\n<!-- \/ Yoast SEO plugin. -->","yoast_head_json":{"title":"A felolvas\u00e1s ford\u00edt\u00e1sa - My Palm Leaf","description":"Tal\u00e1ljon \u00e1tl\u00e1that\u00f3 \u00e1rakat a p\u00e1lmalev\u00e9l-olvas\u00e1s ford\u00edt\u00e1saihoz, hogy pontos betekint\u00e9st \u00e9s \u0151si b\u00f6lcsess\u00e9get kapjon az \u00d6n \u00e1ltal legjobban \u00e9rtett nyelven.","robots":{"index":"index","follow":"follow","max-snippet":"max-snippet:-1","max-image-preview":"max-image-preview:large","max-video-preview":"max-video-preview:-1"},"canonical":"https:\/\/mypalmleaf.com\/prices\/translation-of-the-reading\/","og_locale":"hu_HU","og_type":"article","og_title":"A felolvas\u00e1s ford\u00edt\u00e1sa - My Palm Leaf","og_description":"Tal\u00e1ljon \u00e1tl\u00e1that\u00f3 \u00e1rakat a p\u00e1lmalev\u00e9l-olvas\u00e1s ford\u00edt\u00e1saihoz, hogy pontos betekint\u00e9st \u00e9s \u0151si b\u00f6lcsess\u00e9get kapjon az \u00d6n \u00e1ltal legjobban \u00e9rtett nyelven.","og_url":"https:\/\/mypalmleaf.com\/prices\/translation-of-the-reading\/","og_site_name":"My Palm Leaf","article_modified_time":"2025-04-24T01:33:05+00:00","og_image":[{"width":800,"height":444,"url":"https:\/\/mypalmleaf.com\/wp-content\/uploads\/2024\/09\/services-thumb-1-1-1.jpg","type":"image\/jpeg"}],"twitter_card":"summary_large_image","twitter_misc":{"Becs\u00fclt olvas\u00e1si id\u0151":"1 perc"},"schema":{"@context":"https:\/\/schema.org","@graph":[{"@type":"WebPage","@id":"https:\/\/mypalmleaf.com\/prices\/translation-of-the-reading\/","url":"https:\/\/mypalmleaf.com\/prices\/translation-of-the-reading\/","name":"A felolvas\u00e1s ford\u00edt\u00e1sa - My Palm Leaf","isPartOf":{"@id":"https:\/\/mypalmleaf.com\/#website"},"primaryImageOfPage":{"@id":"https:\/\/mypalmleaf.com\/prices\/translation-of-the-reading\/#primaryimage"},"image":{"@id":"https:\/\/mypalmleaf.com\/prices\/translation-of-the-reading\/#primaryimage"},"thumbnailUrl":"https:\/\/mypalmleaf.com\/wp-content\/uploads\/2024\/09\/services-thumb-1-1-1.jpg","datePublished":"2024-08-03T05:43:59+00:00","dateModified":"2025-04-24T01:33:05+00:00","description":"Tal\u00e1ljon \u00e1tl\u00e1that\u00f3 \u00e1rakat a p\u00e1lmalev\u00e9l-olvas\u00e1s ford\u00edt\u00e1saihoz, hogy pontos betekint\u00e9st \u00e9s \u0151si b\u00f6lcsess\u00e9get kapjon az \u00d6n \u00e1ltal legjobban \u00e9rtett nyelven.","breadcrumb":{"@id":"https:\/\/mypalmleaf.com\/prices\/translation-of-the-reading\/#breadcrumb"},"inLanguage":"hu","potentialAction":[{"@type":"ReadAction","target":["https:\/\/mypalmleaf.com\/prices\/translation-of-the-reading\/"]}]},{"@type":"ImageObject","inLanguage":"hu","@id":"https:\/\/mypalmleaf.com\/prices\/translation-of-the-reading\/#primaryimage","url":"https:\/\/mypalmleaf.com\/wp-content\/uploads\/2024\/09\/services-thumb-1-1-1.jpg","contentUrl":"https:\/\/mypalmleaf.com\/wp-content\/uploads\/2024\/09\/services-thumb-1-1-1.jpg","width":800,"height":444,"caption":"Nadi astrology-01"},{"@type":"BreadcrumbList","@id":"https:\/\/mypalmleaf.com\/prices\/translation-of-the-reading\/#breadcrumb","itemListElement":[{"@type":"ListItem","position":1,"name":"Home","item":"https:\/\/mypalmleaf.com\/hu\/"},{"@type":"ListItem","position":2,"name":"Shop","item":"https:\/\/mypalmleaf.com\/et\/shop\/"},{"@type":"ListItem","position":3,"name":"A felolvas\u00e1s ford\u00edt\u00e1sa"}]},{"@type":"WebSite","@id":"https:\/\/mypalmleaf.com\/#website","url":"https:\/\/mypalmleaf.com\/","name":"My Palm Leaf","description":"","potentialAction":[{"@type":"SearchAction","target":{"@type":"EntryPoint","urlTemplate":"https:\/\/mypalmleaf.com\/?s={search_term_string}"},"query-input":{"@type":"PropertyValueSpecification","valueRequired":true,"valueName":"search_term_string"}}],"inLanguage":"hu"}]}},"_links":{"self":[{"href":"https:\/\/mypalmleaf.com\/hu\/wp-json\/wp\/v2\/product\/38356","targetHints":{"allow":["GET"]}}],"collection":[{"href":"https:\/\/mypalmleaf.com\/hu\/wp-json\/wp\/v2\/product"}],"about":[{"href":"https:\/\/mypalmleaf.com\/hu\/wp-json\/wp\/v2\/types\/product"}],"replies":[{"embeddable":true,"href":"https:\/\/mypalmleaf.com\/hu\/wp-json\/wp\/v2\/comments?post=38356"}],"wp:featuredmedia":[{"embeddable":true,"href":"https:\/\/mypalmleaf.com\/hu\/wp-json\/wp\/v2\/media\/10092"}],"wp:attachment":[{"href":"https:\/\/mypalmleaf.com\/hu\/wp-json\/wp\/v2\/media?parent=38356"}],"wp:term":[{"taxonomy":"product_brand","embeddable":true,"href":"https:\/\/mypalmleaf.com\/hu\/wp-json\/wp\/v2\/product_brand?post=38356"},{"taxonomy":"product_cat","embeddable":true,"href":"https:\/\/mypalmleaf.com\/hu\/wp-json\/wp\/v2\/product_cat?post=38356"},{"taxonomy":"product_tag","embeddable":true,"href":"https:\/\/mypalmleaf.com\/hu\/wp-json\/wp\/v2\/product_tag?post=38356"}],"curies":[{"name":"wp","href":"https:\/\/api.w.org\/{rel}","templated":true}]}}