
{"id":38599,"date":"2024-09-04T10:10:30","date_gmt":"2024-09-04T10:10:30","guid":{"rendered":"https:\/\/mypalmleaf.com\/prices\/ajandekozza-meg-szeretteit-a-tenyerlevel-olvasassal\/"},"modified":"2025-04-16T11:19:57","modified_gmt":"2025-04-16T11:19:57","slug":"ajandekozza-meg-szeretteit-a-tenyerlevel-olvasassal","status":"publish","type":"product","link":"https:\/\/mypalmleaf.com\/hu\/prices\/ajandekozza-meg-szeretteit-a-tenyerlevel-olvasassal\/","title":{"rendered":"Aj\u00e1nd\u00e9kozza meg szeretteit a teny\u00e9rlev\u00e9l olvas\u00e1ssal"},"content":{"rendered":"<p>Kapjon egy utalv\u00e1nyt, amellyel megaj\u00e1nd\u00e9kozhatja a teny\u00e9rlev\u00e9l-olvas\u00e1st egy szerett\u00e9nek.<\/p>\n<ul>\n<li>A Palm Leafet tartalmaz\u00f3 k\u00f6tegek megtal\u00e1l\u00e1sa Indi\u00e1ban<\/li>\n<li>A p\u00e1lmalev\u00e9l azonos\u00edt\u00e1s\u00e1hoz sz\u00fcks\u00e9ges online megfeleltet\u00e9si folyamat elv\u00e9gz\u00e9se<\/li>\n<li>Az \u00e1ltal\u00e1nos fejezet felolvas\u00e1sa<\/li>\n<li>A 14. fejezet olvas\u00e1sa (energetikai gy\u00f3gym\u00f3dok)<\/li>\n<li>Olvas\u00e1sod videofelv\u00e9tele<\/li>\n<li>A p\u00e1lmalev\u00e9l fot\u00f3ja.<\/li>\n<li>P\u00e9nzvisszafizet\u00e9si garancia, ha a lev\u00e9l nem tal\u00e1lhat\u00f3 meg.<\/li>\n<\/ul>\n","protected":false},"excerpt":{"rendered":"<p><strong>A szolg\u00e1ltat\u00e1s mag\u00e1ban foglalja<\/strong><\/p>\n<ul>\n<li>A Palm Leafet tartalmaz\u00f3 k\u00f6tegek megtal\u00e1l\u00e1sa Indi\u00e1ban<\/li>\n<li>A p\u00e1lmalev\u00e9l azonos\u00edt\u00e1sa online t\u00f6rt\u00e9nik&#8230;<\/li>\n<\/ul>\n","protected":false},"featured_media":14132,"comment_status":"open","ping_status":"closed","template":"","meta":{"_acf_changed":false},"product_brand":[],"product_cat":[352],"product_tag":[],"class_list":{"0":"post-38599","1":"product","2":"type-product","3":"status-publish","4":"has-post-thumbnail","6":"product_cat-nem-kategorizalt","8":"first","9":"instock","10":"taxable","11":"shipping-taxable","12":"purchasable","13":"product-type-variable"},"exclude_global_add_ons":false,"addons":[{"name":"Aj\u00e1nd\u00e9k c\u00edmzett neve","type":"custom_text","position":0,"required":true,"title_format":"label","description_enable":false,"description":"","placeholder_enable":false,"placeholder":"","display":"select","restrictions_type":"any_text","adjust_price":false,"price":"","price_type":"flat_fee","restrictions":false,"min":0,"max":0,"options":[],"id":1725954986}],"acf":[],"yoast_head":"<!-- This site is optimized with the Yoast SEO plugin v26.4 - https:\/\/yoast.com\/wordpress\/plugins\/seo\/ -->\n<title>Aj\u00e1nd\u00e9kozza meg szeretteit a teny\u00e9rlev\u00e9l olvas\u00e1ssal - My Palm Leaf<\/title>\n<meta name=\"description\" content=\"Aj\u00e1nd\u00e9kozz szeretteidnek P\u00e1lmalev\u00e9l-olvas\u00e1st \u2013 egy \u00e9rtelmes \u00e9s \u00e1talak\u00edt\u00f3 \u00e9lm\u00e9nyt. Tudj meg t\u00f6bbet err\u0151l a k\u00fcl\u00f6nleges aj\u00e1nd\u00e9kr\u00f3l. L\u00e9pj kapcsolatba vel\u00fcnk!\" \/>\n<meta name=\"robots\" content=\"index, follow, max-snippet:-1, max-image-preview:large, max-video-preview:-1\" \/>\n<link rel=\"canonical\" href=\"https:\/\/mypalmleaf.com\/prices\/gift-voucher\/\" \/>\n<meta property=\"og:locale\" content=\"hu_HU\" \/>\n<meta property=\"og:type\" content=\"article\" \/>\n<meta property=\"og:title\" content=\"Aj\u00e1nd\u00e9kozza meg szeretteit a teny\u00e9rlev\u00e9l olvas\u00e1ssal - My Palm Leaf\" \/>\n<meta property=\"og:description\" content=\"Aj\u00e1nd\u00e9kozz szeretteidnek P\u00e1lmalev\u00e9l-olvas\u00e1st \u2013 egy \u00e9rtelmes \u00e9s \u00e1talak\u00edt\u00f3 \u00e9lm\u00e9nyt. Tudj meg t\u00f6bbet err\u0151l a k\u00fcl\u00f6nleges aj\u00e1nd\u00e9kr\u00f3l. L\u00e9pj kapcsolatba vel\u00fcnk!\" \/>\n<meta property=\"og:url\" content=\"https:\/\/mypalmleaf.com\/prices\/gift-voucher\/\" \/>\n<meta property=\"og:site_name\" content=\"My Palm Leaf\" \/>\n<meta property=\"article:modified_time\" content=\"2025-04-16T11:19:57+00:00\" \/>\n<meta property=\"og:image\" content=\"https:\/\/mypalmleaf.com\/wp-content\/uploads\/2024\/09\/mantra-product-page-21.jpg\" \/>\n\t<meta property=\"og:image:width\" content=\"800\" \/>\n\t<meta property=\"og:image:height\" content=\"444\" \/>\n\t<meta property=\"og:image:type\" content=\"image\/jpeg\" \/>\n<meta name=\"twitter:card\" content=\"summary_large_image\" \/>\n<meta name=\"twitter:label1\" content=\"Becs\u00fclt olvas\u00e1si id\u0151\" \/>\n\t<meta name=\"twitter:data1\" content=\"1 perc\" \/>\n<script type=\"application\/ld+json\" class=\"yoast-schema-graph\">{\"@context\":\"https:\/\/schema.org\",\"@graph\":[{\"@type\":\"WebPage\",\"@id\":\"https:\/\/mypalmleaf.com\/prices\/gift-voucher\/\",\"url\":\"https:\/\/mypalmleaf.com\/prices\/gift-voucher\/\",\"name\":\"Aj\u00e1nd\u00e9kozza meg szeretteit a teny\u00e9rlev\u00e9l olvas\u00e1ssal - My Palm Leaf\",\"isPartOf\":{\"@id\":\"https:\/\/mypalmleaf.com\/#website\"},\"primaryImageOfPage\":{\"@id\":\"https:\/\/mypalmleaf.com\/prices\/gift-voucher\/#primaryimage\"},\"image\":{\"@id\":\"https:\/\/mypalmleaf.com\/prices\/gift-voucher\/#primaryimage\"},\"thumbnailUrl\":\"https:\/\/mypalmleaf.com\/wp-content\/uploads\/2024\/09\/mantra-product-page-21.jpg\",\"datePublished\":\"2024-09-04T10:10:30+00:00\",\"dateModified\":\"2025-04-16T11:19:57+00:00\",\"description\":\"Aj\u00e1nd\u00e9kozz szeretteidnek P\u00e1lmalev\u00e9l-olvas\u00e1st \u2013 egy \u00e9rtelmes \u00e9s \u00e1talak\u00edt\u00f3 \u00e9lm\u00e9nyt. Tudj meg t\u00f6bbet err\u0151l a k\u00fcl\u00f6nleges aj\u00e1nd\u00e9kr\u00f3l. L\u00e9pj kapcsolatba vel\u00fcnk!\",\"breadcrumb\":{\"@id\":\"https:\/\/mypalmleaf.com\/prices\/gift-voucher\/#breadcrumb\"},\"inLanguage\":\"hu\",\"potentialAction\":[{\"@type\":\"ReadAction\",\"target\":[\"https:\/\/mypalmleaf.com\/prices\/gift-voucher\/\"]}]},{\"@type\":\"ImageObject\",\"inLanguage\":\"hu\",\"@id\":\"https:\/\/mypalmleaf.com\/prices\/gift-voucher\/#primaryimage\",\"url\":\"https:\/\/mypalmleaf.com\/wp-content\/uploads\/2024\/09\/mantra-product-page-21.jpg\",\"contentUrl\":\"https:\/\/mypalmleaf.com\/wp-content\/uploads\/2024\/09\/mantra-product-page-21.jpg\",\"width\":800,\"height\":444,\"caption\":\"A gift card for a palm leaf reading for Maria\"},{\"@type\":\"BreadcrumbList\",\"@id\":\"https:\/\/mypalmleaf.com\/prices\/gift-voucher\/#breadcrumb\",\"itemListElement\":[{\"@type\":\"ListItem\",\"position\":1,\"name\":\"Home\",\"item\":\"https:\/\/mypalmleaf.com\/hu\/\"},{\"@type\":\"ListItem\",\"position\":2,\"name\":\"Shop\",\"item\":\"https:\/\/mypalmleaf.com\/et\/shop\/\"},{\"@type\":\"ListItem\",\"position\":3,\"name\":\"Aj\u00e1nd\u00e9kozza meg szeretteit a teny\u00e9rlev\u00e9l olvas\u00e1ssal\"}]},{\"@type\":\"WebSite\",\"@id\":\"https:\/\/mypalmleaf.com\/#website\",\"url\":\"https:\/\/mypalmleaf.com\/\",\"name\":\"My Palm Leaf\",\"description\":\"\",\"potentialAction\":[{\"@type\":\"SearchAction\",\"target\":{\"@type\":\"EntryPoint\",\"urlTemplate\":\"https:\/\/mypalmleaf.com\/?s={search_term_string}\"},\"query-input\":{\"@type\":\"PropertyValueSpecification\",\"valueRequired\":true,\"valueName\":\"search_term_string\"}}],\"inLanguage\":\"hu\"}]}<\/script>\n<!-- \/ Yoast SEO plugin. -->","yoast_head_json":{"title":"Aj\u00e1nd\u00e9kozza meg szeretteit a teny\u00e9rlev\u00e9l olvas\u00e1ssal - My Palm Leaf","description":"Aj\u00e1nd\u00e9kozz szeretteidnek P\u00e1lmalev\u00e9l-olvas\u00e1st \u2013 egy \u00e9rtelmes \u00e9s \u00e1talak\u00edt\u00f3 \u00e9lm\u00e9nyt. Tudj meg t\u00f6bbet err\u0151l a k\u00fcl\u00f6nleges aj\u00e1nd\u00e9kr\u00f3l. L\u00e9pj kapcsolatba vel\u00fcnk!","robots":{"index":"index","follow":"follow","max-snippet":"max-snippet:-1","max-image-preview":"max-image-preview:large","max-video-preview":"max-video-preview:-1"},"canonical":"https:\/\/mypalmleaf.com\/prices\/gift-voucher\/","og_locale":"hu_HU","og_type":"article","og_title":"Aj\u00e1nd\u00e9kozza meg szeretteit a teny\u00e9rlev\u00e9l olvas\u00e1ssal - My Palm Leaf","og_description":"Aj\u00e1nd\u00e9kozz szeretteidnek P\u00e1lmalev\u00e9l-olvas\u00e1st \u2013 egy \u00e9rtelmes \u00e9s \u00e1talak\u00edt\u00f3 \u00e9lm\u00e9nyt. Tudj meg t\u00f6bbet err\u0151l a k\u00fcl\u00f6nleges aj\u00e1nd\u00e9kr\u00f3l. L\u00e9pj kapcsolatba vel\u00fcnk!","og_url":"https:\/\/mypalmleaf.com\/prices\/gift-voucher\/","og_site_name":"My Palm Leaf","article_modified_time":"2025-04-16T11:19:57+00:00","og_image":[{"width":800,"height":444,"url":"https:\/\/mypalmleaf.com\/wp-content\/uploads\/2024\/09\/mantra-product-page-21.jpg","type":"image\/jpeg"}],"twitter_card":"summary_large_image","twitter_misc":{"Becs\u00fclt olvas\u00e1si id\u0151":"1 perc"},"schema":{"@context":"https:\/\/schema.org","@graph":[{"@type":"WebPage","@id":"https:\/\/mypalmleaf.com\/prices\/gift-voucher\/","url":"https:\/\/mypalmleaf.com\/prices\/gift-voucher\/","name":"Aj\u00e1nd\u00e9kozza meg szeretteit a teny\u00e9rlev\u00e9l olvas\u00e1ssal - My Palm Leaf","isPartOf":{"@id":"https:\/\/mypalmleaf.com\/#website"},"primaryImageOfPage":{"@id":"https:\/\/mypalmleaf.com\/prices\/gift-voucher\/#primaryimage"},"image":{"@id":"https:\/\/mypalmleaf.com\/prices\/gift-voucher\/#primaryimage"},"thumbnailUrl":"https:\/\/mypalmleaf.com\/wp-content\/uploads\/2024\/09\/mantra-product-page-21.jpg","datePublished":"2024-09-04T10:10:30+00:00","dateModified":"2025-04-16T11:19:57+00:00","description":"Aj\u00e1nd\u00e9kozz szeretteidnek P\u00e1lmalev\u00e9l-olvas\u00e1st \u2013 egy \u00e9rtelmes \u00e9s \u00e1talak\u00edt\u00f3 \u00e9lm\u00e9nyt. Tudj meg t\u00f6bbet err\u0151l a k\u00fcl\u00f6nleges aj\u00e1nd\u00e9kr\u00f3l. L\u00e9pj kapcsolatba vel\u00fcnk!","breadcrumb":{"@id":"https:\/\/mypalmleaf.com\/prices\/gift-voucher\/#breadcrumb"},"inLanguage":"hu","potentialAction":[{"@type":"ReadAction","target":["https:\/\/mypalmleaf.com\/prices\/gift-voucher\/"]}]},{"@type":"ImageObject","inLanguage":"hu","@id":"https:\/\/mypalmleaf.com\/prices\/gift-voucher\/#primaryimage","url":"https:\/\/mypalmleaf.com\/wp-content\/uploads\/2024\/09\/mantra-product-page-21.jpg","contentUrl":"https:\/\/mypalmleaf.com\/wp-content\/uploads\/2024\/09\/mantra-product-page-21.jpg","width":800,"height":444,"caption":"A gift card for a palm leaf reading for Maria"},{"@type":"BreadcrumbList","@id":"https:\/\/mypalmleaf.com\/prices\/gift-voucher\/#breadcrumb","itemListElement":[{"@type":"ListItem","position":1,"name":"Home","item":"https:\/\/mypalmleaf.com\/hu\/"},{"@type":"ListItem","position":2,"name":"Shop","item":"https:\/\/mypalmleaf.com\/et\/shop\/"},{"@type":"ListItem","position":3,"name":"Aj\u00e1nd\u00e9kozza meg szeretteit a teny\u00e9rlev\u00e9l olvas\u00e1ssal"}]},{"@type":"WebSite","@id":"https:\/\/mypalmleaf.com\/#website","url":"https:\/\/mypalmleaf.com\/","name":"My Palm Leaf","description":"","potentialAction":[{"@type":"SearchAction","target":{"@type":"EntryPoint","urlTemplate":"https:\/\/mypalmleaf.com\/?s={search_term_string}"},"query-input":{"@type":"PropertyValueSpecification","valueRequired":true,"valueName":"search_term_string"}}],"inLanguage":"hu"}]}},"_links":{"self":[{"href":"https:\/\/mypalmleaf.com\/hu\/wp-json\/wp\/v2\/product\/38599","targetHints":{"allow":["GET"]}}],"collection":[{"href":"https:\/\/mypalmleaf.com\/hu\/wp-json\/wp\/v2\/product"}],"about":[{"href":"https:\/\/mypalmleaf.com\/hu\/wp-json\/wp\/v2\/types\/product"}],"replies":[{"embeddable":true,"href":"https:\/\/mypalmleaf.com\/hu\/wp-json\/wp\/v2\/comments?post=38599"}],"wp:featuredmedia":[{"embeddable":true,"href":"https:\/\/mypalmleaf.com\/hu\/wp-json\/wp\/v2\/media\/14132"}],"wp:attachment":[{"href":"https:\/\/mypalmleaf.com\/hu\/wp-json\/wp\/v2\/media?parent=38599"}],"wp:term":[{"taxonomy":"product_brand","embeddable":true,"href":"https:\/\/mypalmleaf.com\/hu\/wp-json\/wp\/v2\/product_brand?post=38599"},{"taxonomy":"product_cat","embeddable":true,"href":"https:\/\/mypalmleaf.com\/hu\/wp-json\/wp\/v2\/product_cat?post=38599"},{"taxonomy":"product_tag","embeddable":true,"href":"https:\/\/mypalmleaf.com\/hu\/wp-json\/wp\/v2\/product_tag?post=38599"}],"curies":[{"name":"wp","href":"https:\/\/api.w.org\/{rel}","templated":true}]}}