
{"id":38728,"date":"2024-03-04T10:58:10","date_gmt":"2024-03-04T10:58:10","guid":{"rendered":"https:\/\/mypalmleaf.com\/prices\/virtualis-zarandoklat\/"},"modified":"2025-04-16T11:20:24","modified_gmt":"2025-04-16T11:20:24","slug":"virtualis-zarandoklat","status":"publish","type":"product","link":"https:\/\/mypalmleaf.com\/hu\/prices\/virtualis-zarandoklat\/","title":{"rendered":"Virtu\u00e1lis zar\u00e1ndoklat"},"content":{"rendered":"<p class=\"mb-4\">A Virtu\u00e1lis zar\u00e1ndoklat a Navagraha-templomokba arra szolg\u00e1l, hogy seg\u00edtsen feloldani a karmikus blokkokat az\u00e1ltal, hogy \u00f6sszekapcsolja \u00d6nt a kilenc bolyg\u00f3 energi\u00e1j\u00e1val \u00e9s harmoniz\u00e1lja az \u00e9let\u00e9re gyakorolt hat\u00e1sukat.<\/p>\n<p class=\"mb-4\">Ez egy er\u0151teljes, m\u00e9gis egyszer\u0171 m\u00f3dja a karmikus \u00e1llapotok jav\u00edt\u00e1s\u00e1nak \u00e9s a megl\u00e9v\u0151 blokkok \u00e1talak\u00edt\u00e1s\u00e1nak.<br \/>\nEz a zar\u00e1ndoklat elv\u00e9gezhet\u0151 neked vagy egy szerettednek.<\/p>\n<p>A virtu\u00e1lis zar\u00e1ndoklat a k\u00f6vetkez\u0151ket tartalmazza:<\/p>\n<ul class=\"mb-4\">\n<li>Szertart\u00e1sok a Navagraha templomokban<\/li>\n<li>Hozz\u00e1f\u00e9r\u00e9s egy WhatsApp \u00e9s Telegram csoporthoz napi friss\u00edt\u00e9sekkel a zar\u00e1ndoklat alatt<\/li>\n<li>Az \u00d6n nev\u00e9ben tett adom\u00e1nyok a templomoknak \u00e9s a r\u00e1szorul\u00f3knak.<\/li>\n<\/ul>\n<p class=\"mb-4\">Szakr\u00e1lis aj\u00e1nd\u00e9kt\u00e1rgyak (a m\u00e1sodik lehet\u0151s\u00e9g eset\u00e9ben):<br \/>\nEzek olyan \u00e1ldott t\u00e1rgyak, amelyeket a templomokb\u00f3l vagy a templomok k\u00f6zel\u00e9b\u0151l szereztek be, \u00e9s amelyek \u00e1t vannak itatva energi\u00e1jukkal.<br \/>\nB\u00e1r a pontos t\u00e1rgyakat nem tudjuk el\u0151re meghat\u00e1rozni, de h\u00eddk\u00e9nt szolg\u00e1lnak, hogy \u00f6sszekapcsolj\u00e1k \u00d6nt a templom energi\u00e1j\u00e1val.<br \/>\nHa szeretn\u00e9d tudni, mire sz\u00e1m\u00edthatsz, <a class=\"text-body\" href=\"https:\/\/www.youtube.com\/watch?v=09WQJn8M8SA\" data-lity=\"\">n\u00e9zd meg ezt a vide\u00f3t<\/a> egy kor\u00e1bbi zar\u00e1ndoklatr\u00f3l.<\/p>\n<p><strong>Megjegyz\u00e9s:<\/strong> A szakr\u00e1lis aj\u00e1nd\u00e9kt\u00e1rgyakhoz ingyenes vil\u00e1gm\u00e9ret\u0171 sz\u00e1ll\u00edt\u00e1s j\u00e1r.<\/p>\n","protected":false},"excerpt":{"rendered":"<p>A Virtu\u00e1lis zar\u00e1ndoklat a Navagraha templomokhoz c\u00e9lja, hogy seg\u00edtsen feloldani a karmikus blokkokat az\u00e1ltal, hogy \u00f6sszekapcsolja \u00d6nt a kilenc bolyg\u00f3 energi\u00e1j\u00e1val, harmoniz\u00e1lva azok \u00e9let\u00e9re gyakorolt hat\u00e1s\u00e1t&#8230;.<\/p>\n","protected":false},"featured_media":3501,"comment_status":"open","ping_status":"closed","template":"","meta":{"_acf_changed":false},"product_brand":[],"product_cat":[352],"product_tag":[],"class_list":{"0":"post-38728","1":"product","2":"type-product","3":"status-publish","4":"has-post-thumbnail","6":"product_cat-nem-kategorizalt","8":"first","9":"instock","10":"purchasable","11":"product-type-variable"},"exclude_global_add_ons":[],"addons":[],"acf":[],"yoast_head":"<!-- This site is optimized with the Yoast SEO plugin v26.4 - https:\/\/yoast.com\/wordpress\/plugins\/seo\/ -->\n<title>Virtu\u00e1lis zar\u00e1ndoklat - My Palm Leaf<\/title>\n<meta name=\"description\" content=\"Vegy\u00e9l r\u00e9szt egy virtu\u00e1lis zar\u00e1ndoklaton a P\u00e1lmalev\u00e9llel, \u00e9s \u00e9lj \u00e1t egyed\u00fcl\u00e1ll\u00f3 spiritu\u00e1lis utaz\u00e1st otthonod k\u00e9nyelm\u00e9b\u0151l. \u00c9rdekl\u0151dj szak\u00e9rt\u0151inkn\u00e9l!\" \/>\n<meta name=\"robots\" content=\"index, follow, max-snippet:-1, max-image-preview:large, max-video-preview:-1\" \/>\n<link rel=\"canonical\" href=\"https:\/\/mypalmleaf.com\/hu\/prices\/virtualis-zarandoklat\/\" \/>\n<meta property=\"og:locale\" content=\"hu_HU\" \/>\n<meta property=\"og:type\" content=\"article\" \/>\n<meta property=\"og:title\" content=\"Virtu\u00e1lis zar\u00e1ndoklat - My Palm Leaf\" \/>\n<meta property=\"og:description\" content=\"Vegy\u00e9l r\u00e9szt egy virtu\u00e1lis zar\u00e1ndoklaton a P\u00e1lmalev\u00e9llel, \u00e9s \u00e9lj \u00e1t egyed\u00fcl\u00e1ll\u00f3 spiritu\u00e1lis utaz\u00e1st otthonod k\u00e9nyelm\u00e9b\u0151l. \u00c9rdekl\u0151dj szak\u00e9rt\u0151inkn\u00e9l!\" \/>\n<meta property=\"og:url\" content=\"https:\/\/mypalmleaf.com\/hu\/prices\/virtualis-zarandoklat\/\" \/>\n<meta property=\"og:site_name\" content=\"My Palm Leaf\" \/>\n<meta property=\"article:modified_time\" content=\"2025-04-16T11:20:24+00:00\" \/>\n<meta property=\"og:image\" content=\"https:\/\/mypalmleaf.com\/wp-content\/uploads\/2024\/09\/mantra-product-page-18.jpg\" \/>\n\t<meta property=\"og:image:width\" content=\"1280\" \/>\n\t<meta property=\"og:image:height\" content=\"720\" \/>\n\t<meta property=\"og:image:type\" content=\"image\/jpeg\" \/>\n<meta name=\"twitter:card\" content=\"summary_large_image\" \/>\n<meta name=\"twitter:label1\" content=\"Becs\u00fclt olvas\u00e1si id\u0151\" \/>\n\t<meta name=\"twitter:data1\" content=\"1 perc\" \/>\n<script type=\"application\/ld+json\" class=\"yoast-schema-graph\">{\"@context\":\"https:\/\/schema.org\",\"@graph\":[{\"@type\":\"WebPage\",\"@id\":\"https:\/\/mypalmleaf.com\/hu\/prices\/virtualis-zarandoklat\/\",\"url\":\"https:\/\/mypalmleaf.com\/hu\/prices\/virtualis-zarandoklat\/\",\"name\":\"Virtu\u00e1lis zar\u00e1ndoklat - My Palm Leaf\",\"isPartOf\":{\"@id\":\"https:\/\/mypalmleaf.com\/#website\"},\"primaryImageOfPage\":{\"@id\":\"https:\/\/mypalmleaf.com\/hu\/prices\/virtualis-zarandoklat\/#primaryimage\"},\"image\":{\"@id\":\"https:\/\/mypalmleaf.com\/hu\/prices\/virtualis-zarandoklat\/#primaryimage\"},\"thumbnailUrl\":\"https:\/\/mypalmleaf.com\/wp-content\/uploads\/2024\/09\/mantra-product-page-18.jpg\",\"datePublished\":\"2024-03-04T10:58:10+00:00\",\"dateModified\":\"2025-04-16T11:20:24+00:00\",\"description\":\"Vegy\u00e9l r\u00e9szt egy virtu\u00e1lis zar\u00e1ndoklaton a P\u00e1lmalev\u00e9llel, \u00e9s \u00e9lj \u00e1t egyed\u00fcl\u00e1ll\u00f3 spiritu\u00e1lis utaz\u00e1st otthonod k\u00e9nyelm\u00e9b\u0151l. \u00c9rdekl\u0151dj szak\u00e9rt\u0151inkn\u00e9l!\",\"breadcrumb\":{\"@id\":\"https:\/\/mypalmleaf.com\/hu\/prices\/virtualis-zarandoklat\/#breadcrumb\"},\"inLanguage\":\"hu\",\"potentialAction\":[{\"@type\":\"ReadAction\",\"target\":[\"https:\/\/mypalmleaf.com\/hu\/prices\/virtualis-zarandoklat\/\"]}]},{\"@type\":\"ImageObject\",\"inLanguage\":\"hu\",\"@id\":\"https:\/\/mypalmleaf.com\/hu\/prices\/virtualis-zarandoklat\/#primaryimage\",\"url\":\"https:\/\/mypalmleaf.com\/wp-content\/uploads\/2024\/09\/mantra-product-page-18.jpg\",\"contentUrl\":\"https:\/\/mypalmleaf.com\/wp-content\/uploads\/2024\/09\/mantra-product-page-18.jpg\",\"width\":1280,\"height\":720,\"caption\":\"Statue of Gods\"},{\"@type\":\"BreadcrumbList\",\"@id\":\"https:\/\/mypalmleaf.com\/hu\/prices\/virtualis-zarandoklat\/#breadcrumb\",\"itemListElement\":[{\"@type\":\"ListItem\",\"position\":1,\"name\":\"Home\",\"item\":\"https:\/\/mypalmleaf.com\/hu\/\"},{\"@type\":\"ListItem\",\"position\":2,\"name\":\"Shop\",\"item\":\"https:\/\/mypalmleaf.com\/et\/shop\/\"},{\"@type\":\"ListItem\",\"position\":3,\"name\":\"Virtu\u00e1lis zar\u00e1ndoklat\"}]},{\"@type\":\"WebSite\",\"@id\":\"https:\/\/mypalmleaf.com\/#website\",\"url\":\"https:\/\/mypalmleaf.com\/\",\"name\":\"My Palm Leaf\",\"description\":\"\",\"potentialAction\":[{\"@type\":\"SearchAction\",\"target\":{\"@type\":\"EntryPoint\",\"urlTemplate\":\"https:\/\/mypalmleaf.com\/?s={search_term_string}\"},\"query-input\":{\"@type\":\"PropertyValueSpecification\",\"valueRequired\":true,\"valueName\":\"search_term_string\"}}],\"inLanguage\":\"hu\"}]}<\/script>\n<!-- \/ Yoast SEO plugin. -->","yoast_head_json":{"title":"Virtu\u00e1lis zar\u00e1ndoklat - My Palm Leaf","description":"Vegy\u00e9l r\u00e9szt egy virtu\u00e1lis zar\u00e1ndoklaton a P\u00e1lmalev\u00e9llel, \u00e9s \u00e9lj \u00e1t egyed\u00fcl\u00e1ll\u00f3 spiritu\u00e1lis utaz\u00e1st otthonod k\u00e9nyelm\u00e9b\u0151l. \u00c9rdekl\u0151dj szak\u00e9rt\u0151inkn\u00e9l!","robots":{"index":"index","follow":"follow","max-snippet":"max-snippet:-1","max-image-preview":"max-image-preview:large","max-video-preview":"max-video-preview:-1"},"canonical":"https:\/\/mypalmleaf.com\/hu\/prices\/virtualis-zarandoklat\/","og_locale":"hu_HU","og_type":"article","og_title":"Virtu\u00e1lis zar\u00e1ndoklat - My Palm Leaf","og_description":"Vegy\u00e9l r\u00e9szt egy virtu\u00e1lis zar\u00e1ndoklaton a P\u00e1lmalev\u00e9llel, \u00e9s \u00e9lj \u00e1t egyed\u00fcl\u00e1ll\u00f3 spiritu\u00e1lis utaz\u00e1st otthonod k\u00e9nyelm\u00e9b\u0151l. \u00c9rdekl\u0151dj szak\u00e9rt\u0151inkn\u00e9l!","og_url":"https:\/\/mypalmleaf.com\/hu\/prices\/virtualis-zarandoklat\/","og_site_name":"My Palm Leaf","article_modified_time":"2025-04-16T11:20:24+00:00","og_image":[{"width":1280,"height":720,"url":"https:\/\/mypalmleaf.com\/wp-content\/uploads\/2024\/09\/mantra-product-page-18.jpg","type":"image\/jpeg"}],"twitter_card":"summary_large_image","twitter_misc":{"Becs\u00fclt olvas\u00e1si id\u0151":"1 perc"},"schema":{"@context":"https:\/\/schema.org","@graph":[{"@type":"WebPage","@id":"https:\/\/mypalmleaf.com\/hu\/prices\/virtualis-zarandoklat\/","url":"https:\/\/mypalmleaf.com\/hu\/prices\/virtualis-zarandoklat\/","name":"Virtu\u00e1lis zar\u00e1ndoklat - My Palm Leaf","isPartOf":{"@id":"https:\/\/mypalmleaf.com\/#website"},"primaryImageOfPage":{"@id":"https:\/\/mypalmleaf.com\/hu\/prices\/virtualis-zarandoklat\/#primaryimage"},"image":{"@id":"https:\/\/mypalmleaf.com\/hu\/prices\/virtualis-zarandoklat\/#primaryimage"},"thumbnailUrl":"https:\/\/mypalmleaf.com\/wp-content\/uploads\/2024\/09\/mantra-product-page-18.jpg","datePublished":"2024-03-04T10:58:10+00:00","dateModified":"2025-04-16T11:20:24+00:00","description":"Vegy\u00e9l r\u00e9szt egy virtu\u00e1lis zar\u00e1ndoklaton a P\u00e1lmalev\u00e9llel, \u00e9s \u00e9lj \u00e1t egyed\u00fcl\u00e1ll\u00f3 spiritu\u00e1lis utaz\u00e1st otthonod k\u00e9nyelm\u00e9b\u0151l. \u00c9rdekl\u0151dj szak\u00e9rt\u0151inkn\u00e9l!","breadcrumb":{"@id":"https:\/\/mypalmleaf.com\/hu\/prices\/virtualis-zarandoklat\/#breadcrumb"},"inLanguage":"hu","potentialAction":[{"@type":"ReadAction","target":["https:\/\/mypalmleaf.com\/hu\/prices\/virtualis-zarandoklat\/"]}]},{"@type":"ImageObject","inLanguage":"hu","@id":"https:\/\/mypalmleaf.com\/hu\/prices\/virtualis-zarandoklat\/#primaryimage","url":"https:\/\/mypalmleaf.com\/wp-content\/uploads\/2024\/09\/mantra-product-page-18.jpg","contentUrl":"https:\/\/mypalmleaf.com\/wp-content\/uploads\/2024\/09\/mantra-product-page-18.jpg","width":1280,"height":720,"caption":"Statue of Gods"},{"@type":"BreadcrumbList","@id":"https:\/\/mypalmleaf.com\/hu\/prices\/virtualis-zarandoklat\/#breadcrumb","itemListElement":[{"@type":"ListItem","position":1,"name":"Home","item":"https:\/\/mypalmleaf.com\/hu\/"},{"@type":"ListItem","position":2,"name":"Shop","item":"https:\/\/mypalmleaf.com\/et\/shop\/"},{"@type":"ListItem","position":3,"name":"Virtu\u00e1lis zar\u00e1ndoklat"}]},{"@type":"WebSite","@id":"https:\/\/mypalmleaf.com\/#website","url":"https:\/\/mypalmleaf.com\/","name":"My Palm Leaf","description":"","potentialAction":[{"@type":"SearchAction","target":{"@type":"EntryPoint","urlTemplate":"https:\/\/mypalmleaf.com\/?s={search_term_string}"},"query-input":{"@type":"PropertyValueSpecification","valueRequired":true,"valueName":"search_term_string"}}],"inLanguage":"hu"}]}},"_links":{"self":[{"href":"https:\/\/mypalmleaf.com\/hu\/wp-json\/wp\/v2\/product\/38728","targetHints":{"allow":["GET"]}}],"collection":[{"href":"https:\/\/mypalmleaf.com\/hu\/wp-json\/wp\/v2\/product"}],"about":[{"href":"https:\/\/mypalmleaf.com\/hu\/wp-json\/wp\/v2\/types\/product"}],"replies":[{"embeddable":true,"href":"https:\/\/mypalmleaf.com\/hu\/wp-json\/wp\/v2\/comments?post=38728"}],"wp:featuredmedia":[{"embeddable":true,"href":"https:\/\/mypalmleaf.com\/hu\/wp-json\/wp\/v2\/media\/3501"}],"wp:attachment":[{"href":"https:\/\/mypalmleaf.com\/hu\/wp-json\/wp\/v2\/media?parent=38728"}],"wp:term":[{"taxonomy":"product_brand","embeddable":true,"href":"https:\/\/mypalmleaf.com\/hu\/wp-json\/wp\/v2\/product_brand?post=38728"},{"taxonomy":"product_cat","embeddable":true,"href":"https:\/\/mypalmleaf.com\/hu\/wp-json\/wp\/v2\/product_cat?post=38728"},{"taxonomy":"product_tag","embeddable":true,"href":"https:\/\/mypalmleaf.com\/hu\/wp-json\/wp\/v2\/product_tag?post=38728"}],"curies":[{"name":"wp","href":"https:\/\/api.w.org\/{rel}","templated":true}]}}