
{"id":38764,"date":"2024-03-04T10:45:16","date_gmt":"2024-03-04T10:45:16","guid":{"rendered":"https:\/\/mypalmleaf.com\/prices\/navagraha-zarandoklat\/"},"modified":"2025-04-24T02:07:05","modified_gmt":"2025-04-24T02:07:05","slug":"navagraha-zarandoklat","status":"publish","type":"product","link":"https:\/\/mypalmleaf.com\/hu\/prices\/navagraha-zarandoklat\/","title":{"rendered":"Navagraha zar\u00e1ndoklat"},"content":{"rendered":"<p>A Navagraha zar\u00e1ndoklat Indi\u00e1ban egy spiritu\u00e1lis utaz\u00e1s, amely seg\u00edt megtiszt\u00edtani a karm\u00e1t a 9 bolyg\u00f3nak szentelt templomok megl\u00e1togat\u00e1s\u00e1val.<br \/>\nKiscsoportos keretek k\u00f6z\u00f6tt t\u00f6rt\u00e9nik, \u00e9s tapasztalt vezet\u0151ink egyike vezeti.<\/p>\n<p>Tartalmazza a k\u00f6vetkez\u0151ket:<\/p>\n<ul>\n<li>Felk\u00e9sz\u00edt\u0151 h\u00edv\u00e1s a zar\u00e1ndoklat el\u0151tt<\/li>\n<li>Tapasztalt vezet\u0151ink \u00fatmutat\u00e1sa \u00e9s t\u00e1mogat\u00e1sa<\/li>\n<li>Sz\u00e1ll\u00e1s egy- vagy k\u00e9t\u00e1gyas szob\u00e1ban (az \u00d6n v\u00e1laszt\u00e1sa szerint)<\/li>\n<li>Bel\u00e9p\u0151jegyek minden l\u00e1tnival\u00f3hoz<\/li>\n<li>F\u00f6ldi sz\u00e1ll\u00edt\u00e1s<\/li>\n<\/ul>\n","protected":false},"excerpt":{"rendered":"<p>A Navagraha zar\u00e1ndoklat Indi\u00e1ban egy spiritu\u00e1lis utaz\u00e1s, amely seg\u00edt megtiszt\u00edtani a karm\u00e1t a 9 bolyg\u00f3nak szentelt templomok megl\u00e1togat\u00e1s\u00e1val.<br \/>\nKiscsoportos keretek k\u00f6z\u00f6tt t\u00f6rt\u00e9nik, \u00e9s vezet\u00e9ssel&#8230;<\/p>\n","protected":false},"featured_media":3414,"comment_status":"open","ping_status":"closed","template":"","meta":{"_acf_changed":false},"product_brand":[],"product_cat":[352],"product_tag":[],"class_list":{"0":"post-38764","1":"product","2":"type-product","3":"status-publish","4":"has-post-thumbnail","6":"product_cat-nem-kategorizalt","8":"first","9":"instock","10":"purchasable","11":"product-type-variable"},"exclude_global_add_ons":[],"addons":[],"acf":[],"yoast_head":"<!-- This site is optimized with the Yoast SEO plugin v26.4 - https:\/\/yoast.com\/wordpress\/plugins\/seo\/ -->\n<title>Navagraha zar\u00e1ndoklat - My Palm Leaf<\/title>\n<meta name=\"description\" content=\"Induljon spiritu\u00e1lis utaz\u00e1sra India kilenc bolyg\u00f3templom\u00e1ba, kapcsol\u00f3dva a hagyom\u00e1nyokhoz, hogy harm\u00f3ni\u00e1t teremtsen \u00e9s egyens\u00falyba hozza \u00e9letenergi\u00e1it.\" \/>\n<meta name=\"robots\" content=\"index, follow, max-snippet:-1, max-image-preview:large, max-video-preview:-1\" \/>\n<link rel=\"canonical\" href=\"https:\/\/mypalmleaf.com\/hu\/prices\/navagraha-zarandoklat\/\" \/>\n<meta property=\"og:locale\" content=\"hu_HU\" \/>\n<meta property=\"og:type\" content=\"article\" \/>\n<meta property=\"og:title\" content=\"Navagraha zar\u00e1ndoklat - My Palm Leaf\" \/>\n<meta property=\"og:description\" content=\"Induljon spiritu\u00e1lis utaz\u00e1sra India kilenc bolyg\u00f3templom\u00e1ba, kapcsol\u00f3dva a hagyom\u00e1nyokhoz, hogy harm\u00f3ni\u00e1t teremtsen \u00e9s egyens\u00falyba hozza \u00e9letenergi\u00e1it.\" \/>\n<meta property=\"og:url\" content=\"https:\/\/mypalmleaf.com\/hu\/prices\/navagraha-zarandoklat\/\" \/>\n<meta property=\"og:site_name\" content=\"My Palm Leaf\" \/>\n<meta property=\"article:modified_time\" content=\"2025-04-24T02:07:05+00:00\" \/>\n<meta property=\"og:image\" content=\"https:\/\/mypalmleaf.com\/wp-content\/uploads\/2024\/09\/mantra-product-page-13.jpg\" \/>\n\t<meta property=\"og:image:width\" content=\"1280\" \/>\n\t<meta property=\"og:image:height\" content=\"720\" \/>\n\t<meta property=\"og:image:type\" content=\"image\/jpeg\" \/>\n<meta name=\"twitter:card\" content=\"summary_large_image\" \/>\n<meta name=\"twitter:label1\" content=\"Becs\u00fclt olvas\u00e1si id\u0151\" \/>\n\t<meta name=\"twitter:data1\" content=\"1 perc\" \/>\n<script type=\"application\/ld+json\" class=\"yoast-schema-graph\">{\"@context\":\"https:\/\/schema.org\",\"@graph\":[{\"@type\":\"WebPage\",\"@id\":\"https:\/\/mypalmleaf.com\/hu\/prices\/navagraha-zarandoklat\/\",\"url\":\"https:\/\/mypalmleaf.com\/hu\/prices\/navagraha-zarandoklat\/\",\"name\":\"Navagraha zar\u00e1ndoklat - My Palm Leaf\",\"isPartOf\":{\"@id\":\"https:\/\/mypalmleaf.com\/#website\"},\"primaryImageOfPage\":{\"@id\":\"https:\/\/mypalmleaf.com\/hu\/prices\/navagraha-zarandoklat\/#primaryimage\"},\"image\":{\"@id\":\"https:\/\/mypalmleaf.com\/hu\/prices\/navagraha-zarandoklat\/#primaryimage\"},\"thumbnailUrl\":\"https:\/\/mypalmleaf.com\/wp-content\/uploads\/2024\/09\/mantra-product-page-13.jpg\",\"datePublished\":\"2024-03-04T10:45:16+00:00\",\"dateModified\":\"2025-04-24T02:07:05+00:00\",\"description\":\"Induljon spiritu\u00e1lis utaz\u00e1sra India kilenc bolyg\u00f3templom\u00e1ba, kapcsol\u00f3dva a hagyom\u00e1nyokhoz, hogy harm\u00f3ni\u00e1t teremtsen \u00e9s egyens\u00falyba hozza \u00e9letenergi\u00e1it.\",\"breadcrumb\":{\"@id\":\"https:\/\/mypalmleaf.com\/hu\/prices\/navagraha-zarandoklat\/#breadcrumb\"},\"inLanguage\":\"hu\",\"potentialAction\":[{\"@type\":\"ReadAction\",\"target\":[\"https:\/\/mypalmleaf.com\/hu\/prices\/navagraha-zarandoklat\/\"]}]},{\"@type\":\"ImageObject\",\"inLanguage\":\"hu\",\"@id\":\"https:\/\/mypalmleaf.com\/hu\/prices\/navagraha-zarandoklat\/#primaryimage\",\"url\":\"https:\/\/mypalmleaf.com\/wp-content\/uploads\/2024\/09\/mantra-product-page-13.jpg\",\"contentUrl\":\"https:\/\/mypalmleaf.com\/wp-content\/uploads\/2024\/09\/mantra-product-page-13.jpg\",\"width\":1280,\"height\":720,\"caption\":\"Sri Ranganatha Swamy Temple\"},{\"@type\":\"BreadcrumbList\",\"@id\":\"https:\/\/mypalmleaf.com\/hu\/prices\/navagraha-zarandoklat\/#breadcrumb\",\"itemListElement\":[{\"@type\":\"ListItem\",\"position\":1,\"name\":\"Home\",\"item\":\"https:\/\/mypalmleaf.com\/hu\/\"},{\"@type\":\"ListItem\",\"position\":2,\"name\":\"Shop\",\"item\":\"https:\/\/mypalmleaf.com\/et\/shop\/\"},{\"@type\":\"ListItem\",\"position\":3,\"name\":\"Navagraha zar\u00e1ndoklat\"}]},{\"@type\":\"WebSite\",\"@id\":\"https:\/\/mypalmleaf.com\/#website\",\"url\":\"https:\/\/mypalmleaf.com\/\",\"name\":\"My Palm Leaf\",\"description\":\"\",\"potentialAction\":[{\"@type\":\"SearchAction\",\"target\":{\"@type\":\"EntryPoint\",\"urlTemplate\":\"https:\/\/mypalmleaf.com\/?s={search_term_string}\"},\"query-input\":{\"@type\":\"PropertyValueSpecification\",\"valueRequired\":true,\"valueName\":\"search_term_string\"}}],\"inLanguage\":\"hu\"}]}<\/script>\n<!-- \/ Yoast SEO plugin. -->","yoast_head_json":{"title":"Navagraha zar\u00e1ndoklat - My Palm Leaf","description":"Induljon spiritu\u00e1lis utaz\u00e1sra India kilenc bolyg\u00f3templom\u00e1ba, kapcsol\u00f3dva a hagyom\u00e1nyokhoz, hogy harm\u00f3ni\u00e1t teremtsen \u00e9s egyens\u00falyba hozza \u00e9letenergi\u00e1it.","robots":{"index":"index","follow":"follow","max-snippet":"max-snippet:-1","max-image-preview":"max-image-preview:large","max-video-preview":"max-video-preview:-1"},"canonical":"https:\/\/mypalmleaf.com\/hu\/prices\/navagraha-zarandoklat\/","og_locale":"hu_HU","og_type":"article","og_title":"Navagraha zar\u00e1ndoklat - My Palm Leaf","og_description":"Induljon spiritu\u00e1lis utaz\u00e1sra India kilenc bolyg\u00f3templom\u00e1ba, kapcsol\u00f3dva a hagyom\u00e1nyokhoz, hogy harm\u00f3ni\u00e1t teremtsen \u00e9s egyens\u00falyba hozza \u00e9letenergi\u00e1it.","og_url":"https:\/\/mypalmleaf.com\/hu\/prices\/navagraha-zarandoklat\/","og_site_name":"My Palm Leaf","article_modified_time":"2025-04-24T02:07:05+00:00","og_image":[{"width":1280,"height":720,"url":"https:\/\/mypalmleaf.com\/wp-content\/uploads\/2024\/09\/mantra-product-page-13.jpg","type":"image\/jpeg"}],"twitter_card":"summary_large_image","twitter_misc":{"Becs\u00fclt olvas\u00e1si id\u0151":"1 perc"},"schema":{"@context":"https:\/\/schema.org","@graph":[{"@type":"WebPage","@id":"https:\/\/mypalmleaf.com\/hu\/prices\/navagraha-zarandoklat\/","url":"https:\/\/mypalmleaf.com\/hu\/prices\/navagraha-zarandoklat\/","name":"Navagraha zar\u00e1ndoklat - My Palm Leaf","isPartOf":{"@id":"https:\/\/mypalmleaf.com\/#website"},"primaryImageOfPage":{"@id":"https:\/\/mypalmleaf.com\/hu\/prices\/navagraha-zarandoklat\/#primaryimage"},"image":{"@id":"https:\/\/mypalmleaf.com\/hu\/prices\/navagraha-zarandoklat\/#primaryimage"},"thumbnailUrl":"https:\/\/mypalmleaf.com\/wp-content\/uploads\/2024\/09\/mantra-product-page-13.jpg","datePublished":"2024-03-04T10:45:16+00:00","dateModified":"2025-04-24T02:07:05+00:00","description":"Induljon spiritu\u00e1lis utaz\u00e1sra India kilenc bolyg\u00f3templom\u00e1ba, kapcsol\u00f3dva a hagyom\u00e1nyokhoz, hogy harm\u00f3ni\u00e1t teremtsen \u00e9s egyens\u00falyba hozza \u00e9letenergi\u00e1it.","breadcrumb":{"@id":"https:\/\/mypalmleaf.com\/hu\/prices\/navagraha-zarandoklat\/#breadcrumb"},"inLanguage":"hu","potentialAction":[{"@type":"ReadAction","target":["https:\/\/mypalmleaf.com\/hu\/prices\/navagraha-zarandoklat\/"]}]},{"@type":"ImageObject","inLanguage":"hu","@id":"https:\/\/mypalmleaf.com\/hu\/prices\/navagraha-zarandoklat\/#primaryimage","url":"https:\/\/mypalmleaf.com\/wp-content\/uploads\/2024\/09\/mantra-product-page-13.jpg","contentUrl":"https:\/\/mypalmleaf.com\/wp-content\/uploads\/2024\/09\/mantra-product-page-13.jpg","width":1280,"height":720,"caption":"Sri Ranganatha Swamy Temple"},{"@type":"BreadcrumbList","@id":"https:\/\/mypalmleaf.com\/hu\/prices\/navagraha-zarandoklat\/#breadcrumb","itemListElement":[{"@type":"ListItem","position":1,"name":"Home","item":"https:\/\/mypalmleaf.com\/hu\/"},{"@type":"ListItem","position":2,"name":"Shop","item":"https:\/\/mypalmleaf.com\/et\/shop\/"},{"@type":"ListItem","position":3,"name":"Navagraha zar\u00e1ndoklat"}]},{"@type":"WebSite","@id":"https:\/\/mypalmleaf.com\/#website","url":"https:\/\/mypalmleaf.com\/","name":"My Palm Leaf","description":"","potentialAction":[{"@type":"SearchAction","target":{"@type":"EntryPoint","urlTemplate":"https:\/\/mypalmleaf.com\/?s={search_term_string}"},"query-input":{"@type":"PropertyValueSpecification","valueRequired":true,"valueName":"search_term_string"}}],"inLanguage":"hu"}]}},"_links":{"self":[{"href":"https:\/\/mypalmleaf.com\/hu\/wp-json\/wp\/v2\/product\/38764","targetHints":{"allow":["GET"]}}],"collection":[{"href":"https:\/\/mypalmleaf.com\/hu\/wp-json\/wp\/v2\/product"}],"about":[{"href":"https:\/\/mypalmleaf.com\/hu\/wp-json\/wp\/v2\/types\/product"}],"replies":[{"embeddable":true,"href":"https:\/\/mypalmleaf.com\/hu\/wp-json\/wp\/v2\/comments?post=38764"}],"wp:featuredmedia":[{"embeddable":true,"href":"https:\/\/mypalmleaf.com\/hu\/wp-json\/wp\/v2\/media\/3414"}],"wp:attachment":[{"href":"https:\/\/mypalmleaf.com\/hu\/wp-json\/wp\/v2\/media?parent=38764"}],"wp:term":[{"taxonomy":"product_brand","embeddable":true,"href":"https:\/\/mypalmleaf.com\/hu\/wp-json\/wp\/v2\/product_brand?post=38764"},{"taxonomy":"product_cat","embeddable":true,"href":"https:\/\/mypalmleaf.com\/hu\/wp-json\/wp\/v2\/product_cat?post=38764"},{"taxonomy":"product_tag","embeddable":true,"href":"https:\/\/mypalmleaf.com\/hu\/wp-json\/wp\/v2\/product_tag?post=38764"}],"curies":[{"name":"wp","href":"https:\/\/api.w.org\/{rel}","templated":true}]}}