
{"id":38805,"date":"2024-09-04T10:42:32","date_gmt":"2024-09-04T10:42:32","guid":{"rendered":"https:\/\/mypalmleaf.com\/prices\/olvasas-a-palmalevel-konyvtarral-balin\/"},"modified":"2025-08-06T15:10:26","modified_gmt":"2025-08-06T15:10:26","slug":"olvasas-a-palmalevel-konyvtarral-balin","status":"publish","type":"product","link":"https:\/\/mypalmleaf.com\/hu\/prices\/olvasas-a-palmalevel-konyvtarral-balin\/","title":{"rendered":"Olvas\u00e1s a p\u00e1lmalev\u00e9l k\u00f6nyvt\u00e1rral Balin"},"content":{"rendered":"<p><strong>A jelenlegi v\u00e1rakoz\u00e1si id\u0151 k\u00f6r\u00fclbel\u00fcl 6 h\u00f3nap<\/strong><\/p>\n<ul>\n<li>Az \u00d6n teny\u00e9rlevel\u00e9t a Balin tal\u00e1lhat\u00f3 teny\u00e9rlev\u00e9l k\u00f6nyvt\u00e1rban olvass\u00e1k \u00e9s r\u00f6gz\u00edtik az \u00d6n sz\u00e1m\u00e1ra.<\/li>\n<li>Olvas\u00e1sod videofelv\u00e9tele<\/li>\n<\/ul>\n","protected":false},"excerpt":{"rendered":"<ul>\n<li>Az \u00d6n teny\u00e9rlevel\u00e9t a Balin tal\u00e1lhat\u00f3 teny\u00e9rlev\u00e9l k\u00f6nyvt\u00e1rban olvass\u00e1k \u00e9s r\u00f6gz\u00edtik az \u00d6n sz\u00e1m\u00e1ra.<\/li>\n<li>Olvas\u00e1sod videofelv\u00e9tele<\/li>\n<\/ul>\n","protected":false},"featured_media":10131,"comment_status":"open","ping_status":"closed","template":"","meta":{"_acf_changed":false},"product_brand":[],"product_cat":[352],"product_tag":[],"class_list":{"0":"post-38805","1":"product","2":"type-product","3":"status-publish","4":"has-post-thumbnail","6":"product_cat-nem-kategorizalt","8":"first","9":"instock","10":"taxable","11":"shipping-taxable","12":"purchasable","13":"product-type-variable"},"exclude_global_add_ons":[],"addons":[],"acf":[],"yoast_head":"<!-- This site is optimized with the Yoast SEO plugin v26.4 - https:\/\/yoast.com\/wordpress\/plugins\/seo\/ -->\n<title>P\u00e1lmalev\u00e9l K\u00f6nyvt\u00e1r Bali | My Palm Leaf<\/title>\n<meta name=\"description\" content=\"Fedezze fel Bali szent p\u00e1lmalev\u00e9l k\u00f6nyvt\u00e1r\u00e1t, \u00e9s t\u00e1rja fel az \u0151si b\u00f6lcsess\u00e9get. Fedezze fel a spiritu\u00e1lis felismer\u00e9seket a p\u00e1lmalev\u00e9l olvas\u00e1son kereszt\u00fcl - foglalja le \u00e1talak\u00edt\u00f3 foglalkoz\u00e1s\u00e1t most!\" \/>\n<meta name=\"robots\" content=\"index, follow, max-snippet:-1, max-image-preview:large, max-video-preview:-1\" \/>\n<link rel=\"canonical\" href=\"https:\/\/mypalmleaf.com\/hu\/prices\/olvasas-a-palmalevel-konyvtarral-balin\/\" \/>\n<meta property=\"og:locale\" content=\"hu_HU\" \/>\n<meta property=\"og:type\" content=\"article\" \/>\n<meta property=\"og:title\" content=\"P\u00e1lmalev\u00e9l K\u00f6nyvt\u00e1r Bali | My Palm Leaf\" \/>\n<meta property=\"og:description\" content=\"Fedezze fel Bali szent p\u00e1lmalev\u00e9l k\u00f6nyvt\u00e1r\u00e1t, \u00e9s t\u00e1rja fel az \u0151si b\u00f6lcsess\u00e9get. Fedezze fel a spiritu\u00e1lis felismer\u00e9seket a p\u00e1lmalev\u00e9l olvas\u00e1son kereszt\u00fcl - foglalja le \u00e1talak\u00edt\u00f3 foglalkoz\u00e1s\u00e1t most!\" \/>\n<meta property=\"og:url\" content=\"https:\/\/mypalmleaf.com\/hu\/prices\/olvasas-a-palmalevel-konyvtarral-balin\/\" \/>\n<meta property=\"og:site_name\" content=\"My Palm Leaf\" \/>\n<meta property=\"article:modified_time\" content=\"2025-08-06T15:10:26+00:00\" \/>\n<meta property=\"og:image\" content=\"https:\/\/mypalmleaf.com\/wp-content\/uploads\/2024\/09\/mantra-product-page-7-1.jpg\" \/>\n\t<meta property=\"og:image:width\" content=\"800\" \/>\n\t<meta property=\"og:image:height\" content=\"444\" \/>\n\t<meta property=\"og:image:type\" content=\"image\/jpeg\" \/>\n<meta name=\"twitter:card\" content=\"summary_large_image\" \/>\n<meta name=\"twitter:label1\" content=\"Becs\u00fclt olvas\u00e1si id\u0151\" \/>\n\t<meta name=\"twitter:data1\" content=\"1 perc\" \/>\n<script type=\"application\/ld+json\" class=\"yoast-schema-graph\">{\"@context\":\"https:\/\/schema.org\",\"@graph\":[{\"@type\":\"WebPage\",\"@id\":\"https:\/\/mypalmleaf.com\/hu\/prices\/olvasas-a-palmalevel-konyvtarral-balin\/\",\"url\":\"https:\/\/mypalmleaf.com\/hu\/prices\/olvasas-a-palmalevel-konyvtarral-balin\/\",\"name\":\"P\u00e1lmalev\u00e9l K\u00f6nyvt\u00e1r Bali | My Palm Leaf\",\"isPartOf\":{\"@id\":\"https:\/\/mypalmleaf.com\/#website\"},\"primaryImageOfPage\":{\"@id\":\"https:\/\/mypalmleaf.com\/hu\/prices\/olvasas-a-palmalevel-konyvtarral-balin\/#primaryimage\"},\"image\":{\"@id\":\"https:\/\/mypalmleaf.com\/hu\/prices\/olvasas-a-palmalevel-konyvtarral-balin\/#primaryimage\"},\"thumbnailUrl\":\"https:\/\/mypalmleaf.com\/wp-content\/uploads\/2024\/09\/mantra-product-page-7-1.jpg\",\"datePublished\":\"2024-09-04T10:42:32+00:00\",\"dateModified\":\"2025-08-06T15:10:26+00:00\",\"description\":\"Fedezze fel Bali szent p\u00e1lmalev\u00e9l k\u00f6nyvt\u00e1r\u00e1t, \u00e9s t\u00e1rja fel az \u0151si b\u00f6lcsess\u00e9get. Fedezze fel a spiritu\u00e1lis felismer\u00e9seket a p\u00e1lmalev\u00e9l olvas\u00e1son kereszt\u00fcl - foglalja le \u00e1talak\u00edt\u00f3 foglalkoz\u00e1s\u00e1t most!\",\"breadcrumb\":{\"@id\":\"https:\/\/mypalmleaf.com\/hu\/prices\/olvasas-a-palmalevel-konyvtarral-balin\/#breadcrumb\"},\"inLanguage\":\"hu\",\"potentialAction\":[{\"@type\":\"ReadAction\",\"target\":[\"https:\/\/mypalmleaf.com\/hu\/prices\/olvasas-a-palmalevel-konyvtarral-balin\/\"]}]},{\"@type\":\"ImageObject\",\"inLanguage\":\"hu\",\"@id\":\"https:\/\/mypalmleaf.com\/hu\/prices\/olvasas-a-palmalevel-konyvtarral-balin\/#primaryimage\",\"url\":\"https:\/\/mypalmleaf.com\/wp-content\/uploads\/2024\/09\/mantra-product-page-7-1.jpg\",\"contentUrl\":\"https:\/\/mypalmleaf.com\/wp-content\/uploads\/2024\/09\/mantra-product-page-7-1.jpg\",\"width\":800,\"height\":444,\"caption\":\"Palm Leaf library in Bali-01\"},{\"@type\":\"BreadcrumbList\",\"@id\":\"https:\/\/mypalmleaf.com\/hu\/prices\/olvasas-a-palmalevel-konyvtarral-balin\/#breadcrumb\",\"itemListElement\":[{\"@type\":\"ListItem\",\"position\":1,\"name\":\"Home\",\"item\":\"https:\/\/mypalmleaf.com\/hu\/\"},{\"@type\":\"ListItem\",\"position\":2,\"name\":\"Shop\",\"item\":\"https:\/\/mypalmleaf.com\/et\/shop\/\"},{\"@type\":\"ListItem\",\"position\":3,\"name\":\"Olvas\u00e1s a p\u00e1lmalev\u00e9l k\u00f6nyvt\u00e1rral Balin\"}]},{\"@type\":\"WebSite\",\"@id\":\"https:\/\/mypalmleaf.com\/#website\",\"url\":\"https:\/\/mypalmleaf.com\/\",\"name\":\"My Palm Leaf\",\"description\":\"\",\"potentialAction\":[{\"@type\":\"SearchAction\",\"target\":{\"@type\":\"EntryPoint\",\"urlTemplate\":\"https:\/\/mypalmleaf.com\/?s={search_term_string}\"},\"query-input\":{\"@type\":\"PropertyValueSpecification\",\"valueRequired\":true,\"valueName\":\"search_term_string\"}}],\"inLanguage\":\"hu\"}]}<\/script>\n<!-- \/ Yoast SEO plugin. -->","yoast_head_json":{"title":"P\u00e1lmalev\u00e9l K\u00f6nyvt\u00e1r Bali | My Palm Leaf","description":"Fedezze fel Bali szent p\u00e1lmalev\u00e9l k\u00f6nyvt\u00e1r\u00e1t, \u00e9s t\u00e1rja fel az \u0151si b\u00f6lcsess\u00e9get. Fedezze fel a spiritu\u00e1lis felismer\u00e9seket a p\u00e1lmalev\u00e9l olvas\u00e1son kereszt\u00fcl - foglalja le \u00e1talak\u00edt\u00f3 foglalkoz\u00e1s\u00e1t most!","robots":{"index":"index","follow":"follow","max-snippet":"max-snippet:-1","max-image-preview":"max-image-preview:large","max-video-preview":"max-video-preview:-1"},"canonical":"https:\/\/mypalmleaf.com\/hu\/prices\/olvasas-a-palmalevel-konyvtarral-balin\/","og_locale":"hu_HU","og_type":"article","og_title":"P\u00e1lmalev\u00e9l K\u00f6nyvt\u00e1r Bali | My Palm Leaf","og_description":"Fedezze fel Bali szent p\u00e1lmalev\u00e9l k\u00f6nyvt\u00e1r\u00e1t, \u00e9s t\u00e1rja fel az \u0151si b\u00f6lcsess\u00e9get. Fedezze fel a spiritu\u00e1lis felismer\u00e9seket a p\u00e1lmalev\u00e9l olvas\u00e1son kereszt\u00fcl - foglalja le \u00e1talak\u00edt\u00f3 foglalkoz\u00e1s\u00e1t most!","og_url":"https:\/\/mypalmleaf.com\/hu\/prices\/olvasas-a-palmalevel-konyvtarral-balin\/","og_site_name":"My Palm Leaf","article_modified_time":"2025-08-06T15:10:26+00:00","og_image":[{"width":800,"height":444,"url":"https:\/\/mypalmleaf.com\/wp-content\/uploads\/2024\/09\/mantra-product-page-7-1.jpg","type":"image\/jpeg"}],"twitter_card":"summary_large_image","twitter_misc":{"Becs\u00fclt olvas\u00e1si id\u0151":"1 perc"},"schema":{"@context":"https:\/\/schema.org","@graph":[{"@type":"WebPage","@id":"https:\/\/mypalmleaf.com\/hu\/prices\/olvasas-a-palmalevel-konyvtarral-balin\/","url":"https:\/\/mypalmleaf.com\/hu\/prices\/olvasas-a-palmalevel-konyvtarral-balin\/","name":"P\u00e1lmalev\u00e9l K\u00f6nyvt\u00e1r Bali | My Palm Leaf","isPartOf":{"@id":"https:\/\/mypalmleaf.com\/#website"},"primaryImageOfPage":{"@id":"https:\/\/mypalmleaf.com\/hu\/prices\/olvasas-a-palmalevel-konyvtarral-balin\/#primaryimage"},"image":{"@id":"https:\/\/mypalmleaf.com\/hu\/prices\/olvasas-a-palmalevel-konyvtarral-balin\/#primaryimage"},"thumbnailUrl":"https:\/\/mypalmleaf.com\/wp-content\/uploads\/2024\/09\/mantra-product-page-7-1.jpg","datePublished":"2024-09-04T10:42:32+00:00","dateModified":"2025-08-06T15:10:26+00:00","description":"Fedezze fel Bali szent p\u00e1lmalev\u00e9l k\u00f6nyvt\u00e1r\u00e1t, \u00e9s t\u00e1rja fel az \u0151si b\u00f6lcsess\u00e9get. Fedezze fel a spiritu\u00e1lis felismer\u00e9seket a p\u00e1lmalev\u00e9l olvas\u00e1son kereszt\u00fcl - foglalja le \u00e1talak\u00edt\u00f3 foglalkoz\u00e1s\u00e1t most!","breadcrumb":{"@id":"https:\/\/mypalmleaf.com\/hu\/prices\/olvasas-a-palmalevel-konyvtarral-balin\/#breadcrumb"},"inLanguage":"hu","potentialAction":[{"@type":"ReadAction","target":["https:\/\/mypalmleaf.com\/hu\/prices\/olvasas-a-palmalevel-konyvtarral-balin\/"]}]},{"@type":"ImageObject","inLanguage":"hu","@id":"https:\/\/mypalmleaf.com\/hu\/prices\/olvasas-a-palmalevel-konyvtarral-balin\/#primaryimage","url":"https:\/\/mypalmleaf.com\/wp-content\/uploads\/2024\/09\/mantra-product-page-7-1.jpg","contentUrl":"https:\/\/mypalmleaf.com\/wp-content\/uploads\/2024\/09\/mantra-product-page-7-1.jpg","width":800,"height":444,"caption":"Palm Leaf library in Bali-01"},{"@type":"BreadcrumbList","@id":"https:\/\/mypalmleaf.com\/hu\/prices\/olvasas-a-palmalevel-konyvtarral-balin\/#breadcrumb","itemListElement":[{"@type":"ListItem","position":1,"name":"Home","item":"https:\/\/mypalmleaf.com\/hu\/"},{"@type":"ListItem","position":2,"name":"Shop","item":"https:\/\/mypalmleaf.com\/et\/shop\/"},{"@type":"ListItem","position":3,"name":"Olvas\u00e1s a p\u00e1lmalev\u00e9l k\u00f6nyvt\u00e1rral Balin"}]},{"@type":"WebSite","@id":"https:\/\/mypalmleaf.com\/#website","url":"https:\/\/mypalmleaf.com\/","name":"My Palm Leaf","description":"","potentialAction":[{"@type":"SearchAction","target":{"@type":"EntryPoint","urlTemplate":"https:\/\/mypalmleaf.com\/?s={search_term_string}"},"query-input":{"@type":"PropertyValueSpecification","valueRequired":true,"valueName":"search_term_string"}}],"inLanguage":"hu"}]}},"_links":{"self":[{"href":"https:\/\/mypalmleaf.com\/hu\/wp-json\/wp\/v2\/product\/38805","targetHints":{"allow":["GET"]}}],"collection":[{"href":"https:\/\/mypalmleaf.com\/hu\/wp-json\/wp\/v2\/product"}],"about":[{"href":"https:\/\/mypalmleaf.com\/hu\/wp-json\/wp\/v2\/types\/product"}],"replies":[{"embeddable":true,"href":"https:\/\/mypalmleaf.com\/hu\/wp-json\/wp\/v2\/comments?post=38805"}],"wp:featuredmedia":[{"embeddable":true,"href":"https:\/\/mypalmleaf.com\/hu\/wp-json\/wp\/v2\/media\/10131"}],"wp:attachment":[{"href":"https:\/\/mypalmleaf.com\/hu\/wp-json\/wp\/v2\/media?parent=38805"}],"wp:term":[{"taxonomy":"product_brand","embeddable":true,"href":"https:\/\/mypalmleaf.com\/hu\/wp-json\/wp\/v2\/product_brand?post=38805"},{"taxonomy":"product_cat","embeddable":true,"href":"https:\/\/mypalmleaf.com\/hu\/wp-json\/wp\/v2\/product_cat?post=38805"},{"taxonomy":"product_tag","embeddable":true,"href":"https:\/\/mypalmleaf.com\/hu\/wp-json\/wp\/v2\/product_tag?post=38805"}],"curies":[{"name":"wp","href":"https:\/\/api.w.org\/{rel}","templated":true}]}}