
{"id":38832,"date":"2024-09-04T10:43:37","date_gmt":"2024-09-04T10:43:37","guid":{"rendered":"https:\/\/mypalmleaf.com\/prices\/foglalja-at-a-talalkozot\/"},"modified":"2025-07-07T11:14:02","modified_gmt":"2025-07-07T11:14:02","slug":"foglalja-at-a-talalkozot","status":"publish","type":"product","link":"https:\/\/mypalmleaf.com\/hu\/prices\/foglalja-at-a-talalkozot\/","title":{"rendered":"Foglalja \u00e1t a tal\u00e1lkoz\u00f3t"},"content":{"rendered":"<p>A megbesz\u00e9lt id\u0151pont el\u0151tt 48 \u00f3r\u00e1val ingyenesen \u00e1t\u00fctemezheti id\u0151pontj\u00e1t.<\/p>\n<p>Ha 48 \u00f3r\u00e1n\u00e1l r\u00f6videbb id\u0151n bel\u00fcl \u00e1t\u00fctemezi id\u0151pontj\u00e1t, nem jelenik meg, vagy t\u00f6bb mint 20 percet k\u00e9sik, akkor az \u00e1t\u00fctemez\u00e9s d\u00edjat von maga ut\u00e1n, mivel az id\u0151pontot m\u00e1r lek\u00f6t\u00f6tt\u00e9k az \u00d6n sz\u00e1m\u00e1ra.<\/p>\n","protected":false},"excerpt":{"rendered":"<p>Ha kevesebb, mint 48 \u00f3r\u00e1val a tal\u00e1lkoz\u00f3 el\u0151tt \u00e1t\u00fctemezi az id\u0151pontot&#8230;<\/p>\n","protected":false},"featured_media":10092,"comment_status":"open","ping_status":"closed","template":"","meta":{"_acf_changed":false},"product_brand":[],"product_cat":[352],"product_tag":[],"class_list":{"0":"post-38832","1":"product","2":"type-product","3":"status-publish","4":"has-post-thumbnail","6":"product_cat-nem-kategorizalt","8":"first","9":"instock","10":"virtual","11":"taxable","12":"purchasable","13":"product-type-simple"},"exclude_global_add_ons":[],"addons":[],"acf":[],"yoast_head":"<!-- This site is optimized with the Yoast SEO plugin v26.4 - https:\/\/yoast.com\/wordpress\/plugins\/seo\/ -->\n<title>Foglalja \u00e1t a tal\u00e1lkoz\u00f3t - My Palm Leaf<\/title>\n<meta name=\"robots\" content=\"index, follow, max-snippet:-1, max-image-preview:large, max-video-preview:-1\" \/>\n<link rel=\"canonical\" href=\"https:\/\/mypalmleaf.com\/hu\/prices\/foglalja-at-a-talalkozot\/\" \/>\n<meta property=\"og:locale\" content=\"hu_HU\" \/>\n<meta property=\"og:type\" content=\"article\" \/>\n<meta property=\"og:title\" content=\"Foglalja \u00e1t a tal\u00e1lkoz\u00f3t - My Palm Leaf\" \/>\n<meta property=\"og:description\" content=\"Ha kevesebb, mint 48 \u00f3r\u00e1val a tal\u00e1lkoz\u00f3 el\u0151tt \u00e1t\u00fctemezi az id\u0151pontot...\" \/>\n<meta property=\"og:url\" content=\"https:\/\/mypalmleaf.com\/hu\/prices\/foglalja-at-a-talalkozot\/\" \/>\n<meta property=\"og:site_name\" content=\"My Palm Leaf\" \/>\n<meta property=\"article:modified_time\" content=\"2025-07-07T11:14:02+00:00\" \/>\n<meta property=\"og:image\" content=\"https:\/\/mypalmleaf.com\/wp-content\/uploads\/2024\/09\/services-thumb-1-1-1.jpg\" \/>\n\t<meta property=\"og:image:width\" content=\"800\" \/>\n\t<meta property=\"og:image:height\" content=\"444\" \/>\n\t<meta property=\"og:image:type\" content=\"image\/jpeg\" \/>\n<meta name=\"twitter:card\" content=\"summary_large_image\" \/>\n<meta name=\"twitter:label1\" content=\"Becs\u00fclt olvas\u00e1si id\u0151\" \/>\n\t<meta name=\"twitter:data1\" content=\"1 perc\" \/>\n<script type=\"application\/ld+json\" class=\"yoast-schema-graph\">{\"@context\":\"https:\/\/schema.org\",\"@graph\":[{\"@type\":\"WebPage\",\"@id\":\"https:\/\/mypalmleaf.com\/hu\/prices\/foglalja-at-a-talalkozot\/\",\"url\":\"https:\/\/mypalmleaf.com\/hu\/prices\/foglalja-at-a-talalkozot\/\",\"name\":\"Foglalja \u00e1t a tal\u00e1lkoz\u00f3t - My Palm Leaf\",\"isPartOf\":{\"@id\":\"https:\/\/mypalmleaf.com\/#website\"},\"primaryImageOfPage\":{\"@id\":\"https:\/\/mypalmleaf.com\/hu\/prices\/foglalja-at-a-talalkozot\/#primaryimage\"},\"image\":{\"@id\":\"https:\/\/mypalmleaf.com\/hu\/prices\/foglalja-at-a-talalkozot\/#primaryimage\"},\"thumbnailUrl\":\"https:\/\/mypalmleaf.com\/wp-content\/uploads\/2024\/09\/services-thumb-1-1-1.jpg\",\"datePublished\":\"2024-09-04T10:43:37+00:00\",\"dateModified\":\"2025-07-07T11:14:02+00:00\",\"breadcrumb\":{\"@id\":\"https:\/\/mypalmleaf.com\/hu\/prices\/foglalja-at-a-talalkozot\/#breadcrumb\"},\"inLanguage\":\"hu\",\"potentialAction\":[{\"@type\":\"ReadAction\",\"target\":[\"https:\/\/mypalmleaf.com\/hu\/prices\/foglalja-at-a-talalkozot\/\"]}]},{\"@type\":\"ImageObject\",\"inLanguage\":\"hu\",\"@id\":\"https:\/\/mypalmleaf.com\/hu\/prices\/foglalja-at-a-talalkozot\/#primaryimage\",\"url\":\"https:\/\/mypalmleaf.com\/wp-content\/uploads\/2024\/09\/services-thumb-1-1-1.jpg\",\"contentUrl\":\"https:\/\/mypalmleaf.com\/wp-content\/uploads\/2024\/09\/services-thumb-1-1-1.jpg\",\"width\":800,\"height\":444,\"caption\":\"Nadi astrology-01\"},{\"@type\":\"BreadcrumbList\",\"@id\":\"https:\/\/mypalmleaf.com\/hu\/prices\/foglalja-at-a-talalkozot\/#breadcrumb\",\"itemListElement\":[{\"@type\":\"ListItem\",\"position\":1,\"name\":\"Home\",\"item\":\"https:\/\/mypalmleaf.com\/hu\/\"},{\"@type\":\"ListItem\",\"position\":2,\"name\":\"Shop\",\"item\":\"https:\/\/mypalmleaf.com\/et\/shop\/\"},{\"@type\":\"ListItem\",\"position\":3,\"name\":\"Foglalja \u00e1t a tal\u00e1lkoz\u00f3t\"}]},{\"@type\":\"WebSite\",\"@id\":\"https:\/\/mypalmleaf.com\/#website\",\"url\":\"https:\/\/mypalmleaf.com\/\",\"name\":\"My Palm Leaf\",\"description\":\"\",\"potentialAction\":[{\"@type\":\"SearchAction\",\"target\":{\"@type\":\"EntryPoint\",\"urlTemplate\":\"https:\/\/mypalmleaf.com\/?s={search_term_string}\"},\"query-input\":{\"@type\":\"PropertyValueSpecification\",\"valueRequired\":true,\"valueName\":\"search_term_string\"}}],\"inLanguage\":\"hu\"}]}<\/script>\n<!-- \/ Yoast SEO plugin. -->","yoast_head_json":{"title":"Foglalja \u00e1t a tal\u00e1lkoz\u00f3t - My Palm Leaf","robots":{"index":"index","follow":"follow","max-snippet":"max-snippet:-1","max-image-preview":"max-image-preview:large","max-video-preview":"max-video-preview:-1"},"canonical":"https:\/\/mypalmleaf.com\/hu\/prices\/foglalja-at-a-talalkozot\/","og_locale":"hu_HU","og_type":"article","og_title":"Foglalja \u00e1t a tal\u00e1lkoz\u00f3t - My Palm Leaf","og_description":"Ha kevesebb, mint 48 \u00f3r\u00e1val a tal\u00e1lkoz\u00f3 el\u0151tt \u00e1t\u00fctemezi az id\u0151pontot...","og_url":"https:\/\/mypalmleaf.com\/hu\/prices\/foglalja-at-a-talalkozot\/","og_site_name":"My Palm Leaf","article_modified_time":"2025-07-07T11:14:02+00:00","og_image":[{"width":800,"height":444,"url":"https:\/\/mypalmleaf.com\/wp-content\/uploads\/2024\/09\/services-thumb-1-1-1.jpg","type":"image\/jpeg"}],"twitter_card":"summary_large_image","twitter_misc":{"Becs\u00fclt olvas\u00e1si id\u0151":"1 perc"},"schema":{"@context":"https:\/\/schema.org","@graph":[{"@type":"WebPage","@id":"https:\/\/mypalmleaf.com\/hu\/prices\/foglalja-at-a-talalkozot\/","url":"https:\/\/mypalmleaf.com\/hu\/prices\/foglalja-at-a-talalkozot\/","name":"Foglalja \u00e1t a tal\u00e1lkoz\u00f3t - My Palm Leaf","isPartOf":{"@id":"https:\/\/mypalmleaf.com\/#website"},"primaryImageOfPage":{"@id":"https:\/\/mypalmleaf.com\/hu\/prices\/foglalja-at-a-talalkozot\/#primaryimage"},"image":{"@id":"https:\/\/mypalmleaf.com\/hu\/prices\/foglalja-at-a-talalkozot\/#primaryimage"},"thumbnailUrl":"https:\/\/mypalmleaf.com\/wp-content\/uploads\/2024\/09\/services-thumb-1-1-1.jpg","datePublished":"2024-09-04T10:43:37+00:00","dateModified":"2025-07-07T11:14:02+00:00","breadcrumb":{"@id":"https:\/\/mypalmleaf.com\/hu\/prices\/foglalja-at-a-talalkozot\/#breadcrumb"},"inLanguage":"hu","potentialAction":[{"@type":"ReadAction","target":["https:\/\/mypalmleaf.com\/hu\/prices\/foglalja-at-a-talalkozot\/"]}]},{"@type":"ImageObject","inLanguage":"hu","@id":"https:\/\/mypalmleaf.com\/hu\/prices\/foglalja-at-a-talalkozot\/#primaryimage","url":"https:\/\/mypalmleaf.com\/wp-content\/uploads\/2024\/09\/services-thumb-1-1-1.jpg","contentUrl":"https:\/\/mypalmleaf.com\/wp-content\/uploads\/2024\/09\/services-thumb-1-1-1.jpg","width":800,"height":444,"caption":"Nadi astrology-01"},{"@type":"BreadcrumbList","@id":"https:\/\/mypalmleaf.com\/hu\/prices\/foglalja-at-a-talalkozot\/#breadcrumb","itemListElement":[{"@type":"ListItem","position":1,"name":"Home","item":"https:\/\/mypalmleaf.com\/hu\/"},{"@type":"ListItem","position":2,"name":"Shop","item":"https:\/\/mypalmleaf.com\/et\/shop\/"},{"@type":"ListItem","position":3,"name":"Foglalja \u00e1t a tal\u00e1lkoz\u00f3t"}]},{"@type":"WebSite","@id":"https:\/\/mypalmleaf.com\/#website","url":"https:\/\/mypalmleaf.com\/","name":"My Palm Leaf","description":"","potentialAction":[{"@type":"SearchAction","target":{"@type":"EntryPoint","urlTemplate":"https:\/\/mypalmleaf.com\/?s={search_term_string}"},"query-input":{"@type":"PropertyValueSpecification","valueRequired":true,"valueName":"search_term_string"}}],"inLanguage":"hu"}]}},"_links":{"self":[{"href":"https:\/\/mypalmleaf.com\/hu\/wp-json\/wp\/v2\/product\/38832","targetHints":{"allow":["GET"]}}],"collection":[{"href":"https:\/\/mypalmleaf.com\/hu\/wp-json\/wp\/v2\/product"}],"about":[{"href":"https:\/\/mypalmleaf.com\/hu\/wp-json\/wp\/v2\/types\/product"}],"replies":[{"embeddable":true,"href":"https:\/\/mypalmleaf.com\/hu\/wp-json\/wp\/v2\/comments?post=38832"}],"wp:featuredmedia":[{"embeddable":true,"href":"https:\/\/mypalmleaf.com\/hu\/wp-json\/wp\/v2\/media\/10092"}],"wp:attachment":[{"href":"https:\/\/mypalmleaf.com\/hu\/wp-json\/wp\/v2\/media?parent=38832"}],"wp:term":[{"taxonomy":"product_brand","embeddable":true,"href":"https:\/\/mypalmleaf.com\/hu\/wp-json\/wp\/v2\/product_brand?post=38832"},{"taxonomy":"product_cat","embeddable":true,"href":"https:\/\/mypalmleaf.com\/hu\/wp-json\/wp\/v2\/product_cat?post=38832"},{"taxonomy":"product_tag","embeddable":true,"href":"https:\/\/mypalmleaf.com\/hu\/wp-json\/wp\/v2\/product_tag?post=38832"}],"curies":[{"name":"wp","href":"https:\/\/api.w.org\/{rel}","templated":true}]}}