{"id":38846,"date":"2024-09-04T10:44:34","date_gmt":"2024-09-04T10:44:34","guid":{"rendered":"https:\/\/mypalmleaf.com\/prices\/malak-kezzel-keszitett-imagyongyok\/"},"modified":"2025-08-05T11:36:53","modified_gmt":"2025-08-05T11:36:53","slug":"malak-kezzel-keszitett-imagyongyok","status":"publish","type":"product","link":"https:\/\/mypalmleaf.com\/hu\/prices\/malak-kezzel-keszitett-imagyongyok\/","title":{"rendered":"Mal\u00e1k &#8211; k\u00e9zzel k\u00e9sz\u00edtett imagy\u00f6ngy\u00f6k"},"content":{"rendered":"<p>A Mala, vagyis az imagy\u00f6ngy a mantra gyakorlatok er\u0151teljes eszk\u00f6ze, amely seg\u00edt fenntartani a f\u00f3kuszt \u00e9s elm\u00e9ly\u00edteni a medit\u00e1ci\u00f3t. Minden egyes Mala \u00e1titat\u00f3dik a gyakorlatod energi\u00e1j\u00e1val, \u00e9s spiritu\u00e1lis t\u00e1rsk\u00e9nt szolg\u00e1l az utadon. K\u00e9t egyedi v\u00e1ltozatot k\u00edn\u00e1lunk, mindegyiket gondosan \u00e9s c\u00e9ltudatosan k\u00e9sz\u00edtett\u00fck:<\/p>\n<ul>\n<li><strong>Rudraksha Mala a Himal\u00e1j\u00e1b\u00f3l<\/strong><br \/>\nEz a hagyom\u00e1nyos Mala a szent Rudraksha magokb\u00f3l k\u00e9sz\u00fclt, amelyeket spiritu\u00e1lis jelent\u0151s\u00e9g\u00fck \u00e9s Siv\u00e1val val\u00f3 kapcsolatuk miatt tisztelnek. A m\u00e9ly medit\u00e1ci\u00f3t t\u00e1mogat\u00f3 k\u00e9pess\u00e9g\u00fckr\u0151l ismert gy\u00f6ngy\u00f6ket gondosan a Himal\u00e1ja r\u00e9gi\u00f3b\u00f3l szerzik be, \u00e9s \u00fagy tartj\u00e1k, hogy fokozz\u00e1k a spiritu\u00e1lis n\u00f6veked\u00e9st \u00e9s v\u00e9delmet. A Rudraksha Mala a sz\u00e1rmaz\u00e1si hely\u00fck szent energi\u00e1j\u00e1t hordozva \u00e9rkezik a h\u00e1zhoz.<\/li>\n<li><strong>K\u00e9zzel k\u00e9sz\u00edtett Mala a mi k\u00e9zm\u0171ves\u00fcnk, Spanda \u00e1ltal<\/strong><br \/>\nHa szem\u00e9lyre szabottabb \u00e9lm\u00e9nyt szeretne, v\u00e1lasszon egy pr\u00e9mium, k\u00e9zzel k\u00e9sz\u00edtett Mala-t, amelyet a mi Mala m\u0171v\u00e9sz\u00fcnk, Spanda k\u00e9sz\u00edtett. Miel\u0151tt elkezden\u00e9 elk\u00e9sz\u00edteni a M\u00e1l\u00e1t, Spanda egy videoh\u00edv\u00e1st tart \u00d6nnel, hogy megbesz\u00e9lj\u00fck sz\u00e1nd\u00e9kait, az energi\u00e1kat, amelyeket szeretne megh\u00edvni az \u00e9let\u00e9be, \u00e9s a f\u00e9ldr\u00e1gak\u00f6vekkel kapcsolatos preferenci\u00e1it. Ezut\u00e1n k\u00e9zzel k\u00e9sz\u00edti el a Mala-t kifejezetten az \u00d6n sz\u00e1m\u00e1ra, \u00e1ld\u00e1sokkal \u00e9s spiritu\u00e1lis energi\u00e1val t\u00f6ltve meg, miel\u0151tt elk\u00fcldi \u00d6nnek. Ez az egyedi Mala t\u00f6bb, mint egy medit\u00e1ci\u00f3s eszk\u00f6z; ez az \u00d6n szem\u00e9lyes spiritu\u00e1lis \u00fatj\u00e1nak t\u00fck\u00f6rk\u00e9pe.<\/li>\n<\/ul>\n","protected":false},"excerpt":{"rendered":"<p>A Mala, vagyis az imagy\u00f6ngy a mantra gyakorlatok er\u0151teljes eszk\u00f6ze, amely seg\u00edt fenntartani a f\u00f3kuszt \u00e9s elm\u00e9ly\u00edteni a medit\u00e1ci\u00f3t.<\/p>\n","protected":false},"featured_media":4184,"comment_status":"open","ping_status":"closed","template":"","meta":{"_acf_changed":false},"product_brand":[],"product_cat":[352],"product_tag":[],"class_list":{"0":"post-38846","1":"product","2":"type-product","3":"status-publish","4":"has-post-thumbnail","6":"product_cat-nem-kategorizalt","7":"product_shipping_class-fizikai-termek","9":"first","10":"instock","11":"taxable","12":"shipping-taxable","13":"purchasable","14":"product-type-variable"},"exclude_global_add_ons":[],"addons":[],"acf":[],"yoast_head":"<!-- This site is optimized with the Yoast SEO plugin v26.4 - https:\/\/yoast.com\/wordpress\/plugins\/seo\/ -->\n<title>Malak k\u00e9zzel k\u00e9sz\u00edtett imagy\u00f6ngy\u00f6k \u2013 \u00c1rak \u00e9s r\u00e9szletek<\/title>\n<meta name=\"description\" content=\"Gondosan k\u00e9zzel k\u00e9sz\u00edtett mal\u00e1k, amelyek t\u00e1mogatj\u00e1k a medit\u00e1ci\u00f3t, mantr\u00e1z\u00e1st \u00e9s spiritu\u00e1lis gyakorlatokat, egyens\u00falyt, v\u00e9delmet \u00e9s harm\u00f3ni\u00e1t hozva az utadba.\" \/>\n<meta name=\"robots\" content=\"index, follow, max-snippet:-1, max-image-preview:large, max-video-preview:-1\" \/>\n<link rel=\"canonical\" href=\"https:\/\/mypalmleaf.com\/hu\/prices\/malak-kezzel-keszitett-imagyongyok\/\" \/>\n<meta property=\"og:locale\" content=\"hu_HU\" \/>\n<meta property=\"og:type\" content=\"article\" \/>\n<meta property=\"og:title\" content=\"Malak k\u00e9zzel k\u00e9sz\u00edtett imagy\u00f6ngy\u00f6k \u2013 \u00c1rak \u00e9s r\u00e9szletek\" \/>\n<meta property=\"og:description\" content=\"Gondosan k\u00e9zzel k\u00e9sz\u00edtett mal\u00e1k, amelyek t\u00e1mogatj\u00e1k a medit\u00e1ci\u00f3t, mantr\u00e1z\u00e1st \u00e9s spiritu\u00e1lis gyakorlatokat, egyens\u00falyt, v\u00e9delmet \u00e9s harm\u00f3ni\u00e1t hozva az utadba.\" \/>\n<meta property=\"og:url\" content=\"https:\/\/mypalmleaf.com\/hu\/prices\/malak-kezzel-keszitett-imagyongyok\/\" \/>\n<meta property=\"og:site_name\" content=\"My Palm Leaf\" \/>\n<meta property=\"article:modified_time\" content=\"2025-08-05T11:36:53+00:00\" \/>\n<meta property=\"og:image\" content=\"https:\/\/mypalmleaf.com\/wp-content\/uploads\/2024\/09\/mala.jpg\" \/>\n\t<meta property=\"og:image:width\" content=\"1280\" \/>\n\t<meta property=\"og:image:height\" content=\"720\" \/>\n\t<meta property=\"og:image:type\" content=\"image\/jpeg\" \/>\n<meta name=\"twitter:card\" content=\"summary_large_image\" \/>\n<meta name=\"twitter:label1\" content=\"Becs\u00fclt olvas\u00e1si id\u0151\" \/>\n\t<meta name=\"twitter:data1\" content=\"2 perc\" \/>\n<script type=\"application\/ld+json\" class=\"yoast-schema-graph\">{\"@context\":\"https:\/\/schema.org\",\"@graph\":[{\"@type\":\"WebPage\",\"@id\":\"https:\/\/mypalmleaf.com\/hu\/prices\/malak-kezzel-keszitett-imagyongyok\/\",\"url\":\"https:\/\/mypalmleaf.com\/hu\/prices\/malak-kezzel-keszitett-imagyongyok\/\",\"name\":\"Malak k\u00e9zzel k\u00e9sz\u00edtett imagy\u00f6ngy\u00f6k \u2013 \u00c1rak \u00e9s r\u00e9szletek\",\"isPartOf\":{\"@id\":\"https:\/\/mypalmleaf.com\/#website\"},\"primaryImageOfPage\":{\"@id\":\"https:\/\/mypalmleaf.com\/hu\/prices\/malak-kezzel-keszitett-imagyongyok\/#primaryimage\"},\"image\":{\"@id\":\"https:\/\/mypalmleaf.com\/hu\/prices\/malak-kezzel-keszitett-imagyongyok\/#primaryimage\"},\"thumbnailUrl\":\"https:\/\/mypalmleaf.com\/wp-content\/uploads\/2024\/09\/mala.jpg\",\"datePublished\":\"2024-09-04T10:44:34+00:00\",\"dateModified\":\"2025-08-05T11:36:53+00:00\",\"description\":\"Gondosan k\u00e9zzel k\u00e9sz\u00edtett mal\u00e1k, amelyek t\u00e1mogatj\u00e1k a medit\u00e1ci\u00f3t, mantr\u00e1z\u00e1st \u00e9s spiritu\u00e1lis gyakorlatokat, egyens\u00falyt, v\u00e9delmet \u00e9s harm\u00f3ni\u00e1t hozva az utadba.\",\"breadcrumb\":{\"@id\":\"https:\/\/mypalmleaf.com\/hu\/prices\/malak-kezzel-keszitett-imagyongyok\/#breadcrumb\"},\"inLanguage\":\"hu\",\"potentialAction\":[{\"@type\":\"ReadAction\",\"target\":[\"https:\/\/mypalmleaf.com\/hu\/prices\/malak-kezzel-keszitett-imagyongyok\/\"]}]},{\"@type\":\"ImageObject\",\"inLanguage\":\"hu\",\"@id\":\"https:\/\/mypalmleaf.com\/hu\/prices\/malak-kezzel-keszitett-imagyongyok\/#primaryimage\",\"url\":\"https:\/\/mypalmleaf.com\/wp-content\/uploads\/2024\/09\/mala.jpg\",\"contentUrl\":\"https:\/\/mypalmleaf.com\/wp-content\/uploads\/2024\/09\/mala.jpg\",\"width\":1280,\"height\":720,\"caption\":\"mala\"},{\"@type\":\"BreadcrumbList\",\"@id\":\"https:\/\/mypalmleaf.com\/hu\/prices\/malak-kezzel-keszitett-imagyongyok\/#breadcrumb\",\"itemListElement\":[{\"@type\":\"ListItem\",\"position\":1,\"name\":\"Home\",\"item\":\"https:\/\/mypalmleaf.com\/hu\/\"},{\"@type\":\"ListItem\",\"position\":2,\"name\":\"Shop\",\"item\":\"https:\/\/mypalmleaf.com\/et\/shop\/\"},{\"@type\":\"ListItem\",\"position\":3,\"name\":\"Mal\u00e1k &#8211; k\u00e9zzel k\u00e9sz\u00edtett imagy\u00f6ngy\u00f6k\"}]},{\"@type\":\"WebSite\",\"@id\":\"https:\/\/mypalmleaf.com\/#website\",\"url\":\"https:\/\/mypalmleaf.com\/\",\"name\":\"My Palm Leaf\",\"description\":\"\",\"potentialAction\":[{\"@type\":\"SearchAction\",\"target\":{\"@type\":\"EntryPoint\",\"urlTemplate\":\"https:\/\/mypalmleaf.com\/?s={search_term_string}\"},\"query-input\":{\"@type\":\"PropertyValueSpecification\",\"valueRequired\":true,\"valueName\":\"search_term_string\"}}],\"inLanguage\":\"hu\"}]}<\/script>\n<!-- \/ Yoast SEO plugin. -->","yoast_head_json":{"title":"Malak k\u00e9zzel k\u00e9sz\u00edtett imagy\u00f6ngy\u00f6k \u2013 \u00c1rak \u00e9s r\u00e9szletek","description":"Gondosan k\u00e9zzel k\u00e9sz\u00edtett mal\u00e1k, amelyek t\u00e1mogatj\u00e1k a medit\u00e1ci\u00f3t, mantr\u00e1z\u00e1st \u00e9s spiritu\u00e1lis gyakorlatokat, egyens\u00falyt, v\u00e9delmet \u00e9s harm\u00f3ni\u00e1t hozva az utadba.","robots":{"index":"index","follow":"follow","max-snippet":"max-snippet:-1","max-image-preview":"max-image-preview:large","max-video-preview":"max-video-preview:-1"},"canonical":"https:\/\/mypalmleaf.com\/hu\/prices\/malak-kezzel-keszitett-imagyongyok\/","og_locale":"hu_HU","og_type":"article","og_title":"Malak k\u00e9zzel k\u00e9sz\u00edtett imagy\u00f6ngy\u00f6k \u2013 \u00c1rak \u00e9s r\u00e9szletek","og_description":"Gondosan k\u00e9zzel k\u00e9sz\u00edtett mal\u00e1k, amelyek t\u00e1mogatj\u00e1k a medit\u00e1ci\u00f3t, mantr\u00e1z\u00e1st \u00e9s spiritu\u00e1lis gyakorlatokat, egyens\u00falyt, v\u00e9delmet \u00e9s harm\u00f3ni\u00e1t hozva az utadba.","og_url":"https:\/\/mypalmleaf.com\/hu\/prices\/malak-kezzel-keszitett-imagyongyok\/","og_site_name":"My Palm Leaf","article_modified_time":"2025-08-05T11:36:53+00:00","og_image":[{"width":1280,"height":720,"url":"https:\/\/mypalmleaf.com\/wp-content\/uploads\/2024\/09\/mala.jpg","type":"image\/jpeg"}],"twitter_card":"summary_large_image","twitter_misc":{"Becs\u00fclt olvas\u00e1si id\u0151":"2 perc"},"schema":{"@context":"https:\/\/schema.org","@graph":[{"@type":"WebPage","@id":"https:\/\/mypalmleaf.com\/hu\/prices\/malak-kezzel-keszitett-imagyongyok\/","url":"https:\/\/mypalmleaf.com\/hu\/prices\/malak-kezzel-keszitett-imagyongyok\/","name":"Malak k\u00e9zzel k\u00e9sz\u00edtett imagy\u00f6ngy\u00f6k \u2013 \u00c1rak \u00e9s r\u00e9szletek","isPartOf":{"@id":"https:\/\/mypalmleaf.com\/#website"},"primaryImageOfPage":{"@id":"https:\/\/mypalmleaf.com\/hu\/prices\/malak-kezzel-keszitett-imagyongyok\/#primaryimage"},"image":{"@id":"https:\/\/mypalmleaf.com\/hu\/prices\/malak-kezzel-keszitett-imagyongyok\/#primaryimage"},"thumbnailUrl":"https:\/\/mypalmleaf.com\/wp-content\/uploads\/2024\/09\/mala.jpg","datePublished":"2024-09-04T10:44:34+00:00","dateModified":"2025-08-05T11:36:53+00:00","description":"Gondosan k\u00e9zzel k\u00e9sz\u00edtett mal\u00e1k, amelyek t\u00e1mogatj\u00e1k a medit\u00e1ci\u00f3t, mantr\u00e1z\u00e1st \u00e9s spiritu\u00e1lis gyakorlatokat, egyens\u00falyt, v\u00e9delmet \u00e9s harm\u00f3ni\u00e1t hozva az utadba.","breadcrumb":{"@id":"https:\/\/mypalmleaf.com\/hu\/prices\/malak-kezzel-keszitett-imagyongyok\/#breadcrumb"},"inLanguage":"hu","potentialAction":[{"@type":"ReadAction","target":["https:\/\/mypalmleaf.com\/hu\/prices\/malak-kezzel-keszitett-imagyongyok\/"]}]},{"@type":"ImageObject","inLanguage":"hu","@id":"https:\/\/mypalmleaf.com\/hu\/prices\/malak-kezzel-keszitett-imagyongyok\/#primaryimage","url":"https:\/\/mypalmleaf.com\/wp-content\/uploads\/2024\/09\/mala.jpg","contentUrl":"https:\/\/mypalmleaf.com\/wp-content\/uploads\/2024\/09\/mala.jpg","width":1280,"height":720,"caption":"mala"},{"@type":"BreadcrumbList","@id":"https:\/\/mypalmleaf.com\/hu\/prices\/malak-kezzel-keszitett-imagyongyok\/#breadcrumb","itemListElement":[{"@type":"ListItem","position":1,"name":"Home","item":"https:\/\/mypalmleaf.com\/hu\/"},{"@type":"ListItem","position":2,"name":"Shop","item":"https:\/\/mypalmleaf.com\/et\/shop\/"},{"@type":"ListItem","position":3,"name":"Mal\u00e1k &#8211; k\u00e9zzel k\u00e9sz\u00edtett imagy\u00f6ngy\u00f6k"}]},{"@type":"WebSite","@id":"https:\/\/mypalmleaf.com\/#website","url":"https:\/\/mypalmleaf.com\/","name":"My Palm Leaf","description":"","potentialAction":[{"@type":"SearchAction","target":{"@type":"EntryPoint","urlTemplate":"https:\/\/mypalmleaf.com\/?s={search_term_string}"},"query-input":{"@type":"PropertyValueSpecification","valueRequired":true,"valueName":"search_term_string"}}],"inLanguage":"hu"}]}},"_links":{"self":[{"href":"https:\/\/mypalmleaf.com\/hu\/wp-json\/wp\/v2\/product\/38846","targetHints":{"allow":["GET"]}}],"collection":[{"href":"https:\/\/mypalmleaf.com\/hu\/wp-json\/wp\/v2\/product"}],"about":[{"href":"https:\/\/mypalmleaf.com\/hu\/wp-json\/wp\/v2\/types\/product"}],"replies":[{"embeddable":true,"href":"https:\/\/mypalmleaf.com\/hu\/wp-json\/wp\/v2\/comments?post=38846"}],"wp:featuredmedia":[{"embeddable":true,"href":"https:\/\/mypalmleaf.com\/hu\/wp-json\/wp\/v2\/media\/4184"}],"wp:attachment":[{"href":"https:\/\/mypalmleaf.com\/hu\/wp-json\/wp\/v2\/media?parent=38846"}],"wp:term":[{"taxonomy":"product_brand","embeddable":true,"href":"https:\/\/mypalmleaf.com\/hu\/wp-json\/wp\/v2\/product_brand?post=38846"},{"taxonomy":"product_cat","embeddable":true,"href":"https:\/\/mypalmleaf.com\/hu\/wp-json\/wp\/v2\/product_cat?post=38846"},{"taxonomy":"product_tag","embeddable":true,"href":"https:\/\/mypalmleaf.com\/hu\/wp-json\/wp\/v2\/product_tag?post=38846"}],"curies":[{"name":"wp","href":"https:\/\/api.w.org\/{rel}","templated":true}]}}