{"id":38876,"date":"2024-09-04T10:45:22","date_gmt":"2024-09-04T10:45:22","guid":{"rendered":"https:\/\/mypalmleaf.com\/prices\/60-perces-konzultacios-hivas-egyik-moderatorunkkal\/"},"modified":"2025-04-16T11:19:37","modified_gmt":"2025-04-16T11:19:37","slug":"60-perces-konzultacios-hivas-egyik-moderatorunkkal","status":"publish","type":"product","link":"https:\/\/mypalmleaf.com\/hu\/prices\/60-perces-konzultacios-hivas-egyik-moderatorunkkal\/","title":{"rendered":"60 perces konzult\u00e1ci\u00f3s h\u00edv\u00e1s egyik moder\u00e1torunkkal"},"content":{"rendered":"<p>A P\u00e1lmalev\u00e9l olvas\u00e1s m\u00e9ly \u00e1talakul\u00e1si folyamatokat ind\u00edthat el, amelyek v\u00e9g\u00fcl t\u00f6bb boldogs\u00e1ghoz vezetnek, de kih\u00edv\u00e1st is jelenthetnek. Abban az esetben, ha t\u00e1mogat\u00e1st szeretn\u00e9l az inform\u00e1ci\u00f3k \u00e9s tapasztalatok \u00e9letedbe val\u00f3 integr\u00e1l\u00e1s\u00e1ban, integr\u00e1ci\u00f3s \u00e9s coaching h\u00edv\u00e1sokat k\u00edn\u00e1lunk Zoom-on kereszt\u00fcl.<\/p>\n<p><a href=\"\/integration-and-guidance-calls\/\">Itt l\u00e1thatod<\/a>, hogy sz\u00edvk\u00f6zpont\u00fa vezet\u0151ink k\u00f6z\u00fcl ki \u00e1ll rendelkez\u00e9sre integr\u00e1ci\u00f3s h\u00edv\u00e1sokra. Miut\u00e1n lefoglaltad a h\u00edv\u00e1st, linket kapsz az \u00f6sszes napt\u00e1rukhoz, \u00e9s kiv\u00e1laszthatod a szabad id\u0151pontjaik k\u00f6z\u00fcl, hogy mikor szeretn\u00e9d a tal\u00e1lkoz\u00f3t.<\/p>\n","protected":false},"excerpt":{"rendered":"<p>A P\u00e1lmalev\u00e9l olvas\u00e1s m\u00e9ly \u00e1talakul\u00e1si folyamatokat ind\u00edthat el, amelyek v\u00e9g\u00fcl t\u00f6bb boldogs\u00e1ghoz vezetnek, de kih\u00edv\u00e1st is jelenthet&#8230;<\/p>\n","protected":false},"featured_media":44420,"comment_status":"open","ping_status":"closed","template":"","meta":{"_acf_changed":false},"product_brand":[],"product_cat":[352],"product_tag":[],"class_list":{"0":"post-38876","1":"product","2":"type-product","3":"status-publish","4":"has-post-thumbnail","6":"product_cat-nem-kategorizalt","8":"first","9":"instock","10":"taxable","11":"shipping-taxable","12":"purchasable","13":"product-type-variable"},"exclude_global_add_ons":[],"addons":[],"acf":[],"yoast_head":"<!-- This site is optimized with the Yoast SEO plugin v26.4 - https:\/\/yoast.com\/wordpress\/plugins\/seo\/ -->\n<title>60 perces konzult\u00e1ci\u00f3s h\u00edv\u00e1s egyik moder\u00e1torunkkal - My Palm Leaf<\/title>\n<meta name=\"description\" content=\"Ismerd meg egy 60 perces konzult\u00e1ci\u00f3 \u00e1r\u00e1t egyik moder\u00e1torunkkal. Mer\u00fclj el a spiritu\u00e1lis \u00fatmutat\u00e1sban, \u00e9s kapj v\u00e1laszt \u00e9leted fontos k\u00e9rd\u00e9seire.\" \/>\n<meta name=\"robots\" content=\"index, follow, max-snippet:-1, max-image-preview:large, max-video-preview:-1\" \/>\n<link rel=\"canonical\" href=\"https:\/\/mypalmleaf.com\/prices\/60-min-integration-call\/\" \/>\n<meta property=\"og:locale\" content=\"hu_HU\" \/>\n<meta property=\"og:type\" content=\"article\" \/>\n<meta property=\"og:title\" content=\"60 perces konzult\u00e1ci\u00f3s h\u00edv\u00e1s egyik moder\u00e1torunkkal - My Palm Leaf\" \/>\n<meta property=\"og:description\" content=\"Ismerd meg egy 60 perces konzult\u00e1ci\u00f3 \u00e1r\u00e1t egyik moder\u00e1torunkkal. Mer\u00fclj el a spiritu\u00e1lis \u00fatmutat\u00e1sban, \u00e9s kapj v\u00e1laszt \u00e9leted fontos k\u00e9rd\u00e9seire.\" \/>\n<meta property=\"og:url\" content=\"https:\/\/mypalmleaf.com\/prices\/60-min-integration-call\/\" \/>\n<meta property=\"og:site_name\" content=\"My Palm Leaf\" \/>\n<meta property=\"article:modified_time\" content=\"2025-04-16T11:19:37+00:00\" \/>\n<meta property=\"og:image\" content=\"https:\/\/mypalmleaf.com\/wp-content\/uploads\/2024\/09\/integrationcall-prd-thumb2.jpg\" \/>\n\t<meta property=\"og:image:width\" content=\"819\" \/>\n\t<meta property=\"og:image:height\" content=\"464\" \/>\n\t<meta property=\"og:image:type\" content=\"image\/jpeg\" \/>\n<meta name=\"twitter:card\" content=\"summary_large_image\" \/>\n<meta name=\"twitter:label1\" content=\"Becs\u00fclt olvas\u00e1si id\u0151\" \/>\n\t<meta name=\"twitter:data1\" content=\"1 perc\" \/>\n<script type=\"application\/ld+json\" class=\"yoast-schema-graph\">{\"@context\":\"https:\/\/schema.org\",\"@graph\":[{\"@type\":\"WebPage\",\"@id\":\"https:\/\/mypalmleaf.com\/prices\/60-min-integration-call\/\",\"url\":\"https:\/\/mypalmleaf.com\/prices\/60-min-integration-call\/\",\"name\":\"60 perces konzult\u00e1ci\u00f3s h\u00edv\u00e1s egyik moder\u00e1torunkkal - My Palm Leaf\",\"isPartOf\":{\"@id\":\"https:\/\/mypalmleaf.com\/#website\"},\"primaryImageOfPage\":{\"@id\":\"https:\/\/mypalmleaf.com\/prices\/60-min-integration-call\/#primaryimage\"},\"image\":{\"@id\":\"https:\/\/mypalmleaf.com\/prices\/60-min-integration-call\/#primaryimage\"},\"thumbnailUrl\":\"https:\/\/mypalmleaf.com\/wp-content\/uploads\/2024\/09\/integrationcall-prd-thumb2.jpg\",\"datePublished\":\"2024-09-04T10:45:22+00:00\",\"dateModified\":\"2025-04-16T11:19:37+00:00\",\"description\":\"Ismerd meg egy 60 perces konzult\u00e1ci\u00f3 \u00e1r\u00e1t egyik moder\u00e1torunkkal. Mer\u00fclj el a spiritu\u00e1lis \u00fatmutat\u00e1sban, \u00e9s kapj v\u00e1laszt \u00e9leted fontos k\u00e9rd\u00e9seire.\",\"breadcrumb\":{\"@id\":\"https:\/\/mypalmleaf.com\/prices\/60-min-integration-call\/#breadcrumb\"},\"inLanguage\":\"hu\",\"potentialAction\":[{\"@type\":\"ReadAction\",\"target\":[\"https:\/\/mypalmleaf.com\/prices\/60-min-integration-call\/\"]}]},{\"@type\":\"ImageObject\",\"inLanguage\":\"hu\",\"@id\":\"https:\/\/mypalmleaf.com\/prices\/60-min-integration-call\/#primaryimage\",\"url\":\"https:\/\/mypalmleaf.com\/wp-content\/uploads\/2024\/09\/integrationcall-prd-thumb2.jpg\",\"contentUrl\":\"https:\/\/mypalmleaf.com\/wp-content\/uploads\/2024\/09\/integrationcall-prd-thumb2.jpg\",\"width\":819,\"height\":464,\"caption\":\"listening\"},{\"@type\":\"BreadcrumbList\",\"@id\":\"https:\/\/mypalmleaf.com\/prices\/60-min-integration-call\/#breadcrumb\",\"itemListElement\":[{\"@type\":\"ListItem\",\"position\":1,\"name\":\"Home\",\"item\":\"https:\/\/mypalmleaf.com\/hu\/\"},{\"@type\":\"ListItem\",\"position\":2,\"name\":\"Shop\",\"item\":\"https:\/\/mypalmleaf.com\/et\/shop\/\"},{\"@type\":\"ListItem\",\"position\":3,\"name\":\"60 perces konzult\u00e1ci\u00f3s h\u00edv\u00e1s egyik moder\u00e1torunkkal\"}]},{\"@type\":\"WebSite\",\"@id\":\"https:\/\/mypalmleaf.com\/#website\",\"url\":\"https:\/\/mypalmleaf.com\/\",\"name\":\"My Palm Leaf\",\"description\":\"\",\"potentialAction\":[{\"@type\":\"SearchAction\",\"target\":{\"@type\":\"EntryPoint\",\"urlTemplate\":\"https:\/\/mypalmleaf.com\/?s={search_term_string}\"},\"query-input\":{\"@type\":\"PropertyValueSpecification\",\"valueRequired\":true,\"valueName\":\"search_term_string\"}}],\"inLanguage\":\"hu\"}]}<\/script>\n<!-- \/ Yoast SEO plugin. -->","yoast_head_json":{"title":"60 perces konzult\u00e1ci\u00f3s h\u00edv\u00e1s egyik moder\u00e1torunkkal - My Palm Leaf","description":"Ismerd meg egy 60 perces konzult\u00e1ci\u00f3 \u00e1r\u00e1t egyik moder\u00e1torunkkal. Mer\u00fclj el a spiritu\u00e1lis \u00fatmutat\u00e1sban, \u00e9s kapj v\u00e1laszt \u00e9leted fontos k\u00e9rd\u00e9seire.","robots":{"index":"index","follow":"follow","max-snippet":"max-snippet:-1","max-image-preview":"max-image-preview:large","max-video-preview":"max-video-preview:-1"},"canonical":"https:\/\/mypalmleaf.com\/prices\/60-min-integration-call\/","og_locale":"hu_HU","og_type":"article","og_title":"60 perces konzult\u00e1ci\u00f3s h\u00edv\u00e1s egyik moder\u00e1torunkkal - My Palm Leaf","og_description":"Ismerd meg egy 60 perces konzult\u00e1ci\u00f3 \u00e1r\u00e1t egyik moder\u00e1torunkkal. Mer\u00fclj el a spiritu\u00e1lis \u00fatmutat\u00e1sban, \u00e9s kapj v\u00e1laszt \u00e9leted fontos k\u00e9rd\u00e9seire.","og_url":"https:\/\/mypalmleaf.com\/prices\/60-min-integration-call\/","og_site_name":"My Palm Leaf","article_modified_time":"2025-04-16T11:19:37+00:00","og_image":[{"width":819,"height":464,"url":"https:\/\/mypalmleaf.com\/wp-content\/uploads\/2024\/09\/integrationcall-prd-thumb2.jpg","type":"image\/jpeg"}],"twitter_card":"summary_large_image","twitter_misc":{"Becs\u00fclt olvas\u00e1si id\u0151":"1 perc"},"schema":{"@context":"https:\/\/schema.org","@graph":[{"@type":"WebPage","@id":"https:\/\/mypalmleaf.com\/prices\/60-min-integration-call\/","url":"https:\/\/mypalmleaf.com\/prices\/60-min-integration-call\/","name":"60 perces konzult\u00e1ci\u00f3s h\u00edv\u00e1s egyik moder\u00e1torunkkal - My Palm Leaf","isPartOf":{"@id":"https:\/\/mypalmleaf.com\/#website"},"primaryImageOfPage":{"@id":"https:\/\/mypalmleaf.com\/prices\/60-min-integration-call\/#primaryimage"},"image":{"@id":"https:\/\/mypalmleaf.com\/prices\/60-min-integration-call\/#primaryimage"},"thumbnailUrl":"https:\/\/mypalmleaf.com\/wp-content\/uploads\/2024\/09\/integrationcall-prd-thumb2.jpg","datePublished":"2024-09-04T10:45:22+00:00","dateModified":"2025-04-16T11:19:37+00:00","description":"Ismerd meg egy 60 perces konzult\u00e1ci\u00f3 \u00e1r\u00e1t egyik moder\u00e1torunkkal. Mer\u00fclj el a spiritu\u00e1lis \u00fatmutat\u00e1sban, \u00e9s kapj v\u00e1laszt \u00e9leted fontos k\u00e9rd\u00e9seire.","breadcrumb":{"@id":"https:\/\/mypalmleaf.com\/prices\/60-min-integration-call\/#breadcrumb"},"inLanguage":"hu","potentialAction":[{"@type":"ReadAction","target":["https:\/\/mypalmleaf.com\/prices\/60-min-integration-call\/"]}]},{"@type":"ImageObject","inLanguage":"hu","@id":"https:\/\/mypalmleaf.com\/prices\/60-min-integration-call\/#primaryimage","url":"https:\/\/mypalmleaf.com\/wp-content\/uploads\/2024\/09\/integrationcall-prd-thumb2.jpg","contentUrl":"https:\/\/mypalmleaf.com\/wp-content\/uploads\/2024\/09\/integrationcall-prd-thumb2.jpg","width":819,"height":464,"caption":"listening"},{"@type":"BreadcrumbList","@id":"https:\/\/mypalmleaf.com\/prices\/60-min-integration-call\/#breadcrumb","itemListElement":[{"@type":"ListItem","position":1,"name":"Home","item":"https:\/\/mypalmleaf.com\/hu\/"},{"@type":"ListItem","position":2,"name":"Shop","item":"https:\/\/mypalmleaf.com\/et\/shop\/"},{"@type":"ListItem","position":3,"name":"60 perces konzult\u00e1ci\u00f3s h\u00edv\u00e1s egyik moder\u00e1torunkkal"}]},{"@type":"WebSite","@id":"https:\/\/mypalmleaf.com\/#website","url":"https:\/\/mypalmleaf.com\/","name":"My Palm Leaf","description":"","potentialAction":[{"@type":"SearchAction","target":{"@type":"EntryPoint","urlTemplate":"https:\/\/mypalmleaf.com\/?s={search_term_string}"},"query-input":{"@type":"PropertyValueSpecification","valueRequired":true,"valueName":"search_term_string"}}],"inLanguage":"hu"}]}},"_links":{"self":[{"href":"https:\/\/mypalmleaf.com\/hu\/wp-json\/wp\/v2\/product\/38876","targetHints":{"allow":["GET"]}}],"collection":[{"href":"https:\/\/mypalmleaf.com\/hu\/wp-json\/wp\/v2\/product"}],"about":[{"href":"https:\/\/mypalmleaf.com\/hu\/wp-json\/wp\/v2\/types\/product"}],"replies":[{"embeddable":true,"href":"https:\/\/mypalmleaf.com\/hu\/wp-json\/wp\/v2\/comments?post=38876"}],"wp:featuredmedia":[{"embeddable":true,"href":"https:\/\/mypalmleaf.com\/hu\/wp-json\/wp\/v2\/media\/44420"}],"wp:attachment":[{"href":"https:\/\/mypalmleaf.com\/hu\/wp-json\/wp\/v2\/media?parent=38876"}],"wp:term":[{"taxonomy":"product_brand","embeddable":true,"href":"https:\/\/mypalmleaf.com\/hu\/wp-json\/wp\/v2\/product_brand?post=38876"},{"taxonomy":"product_cat","embeddable":true,"href":"https:\/\/mypalmleaf.com\/hu\/wp-json\/wp\/v2\/product_cat?post=38876"},{"taxonomy":"product_tag","embeddable":true,"href":"https:\/\/mypalmleaf.com\/hu\/wp-json\/wp\/v2\/product_tag?post=38876"}],"curies":[{"name":"wp","href":"https:\/\/api.w.org\/{rel}","templated":true}]}}