
{"id":38937,"date":"2024-09-04T10:46:48","date_gmt":"2024-09-04T10:46:48","guid":{"rendered":"https:\/\/mypalmleaf.com\/prices\/kerje-a-tenyerlevel-olvasas-atirasat-es-osszefoglalasat\/"},"modified":"2025-04-02T06:37:43","modified_gmt":"2025-04-02T06:37:43","slug":"kerje-a-tenyerlevel-olvasas-atirasat-es-osszefoglalasat","status":"publish","type":"product","link":"https:\/\/mypalmleaf.com\/hu\/prices\/kerje-a-tenyerlevel-olvasas-atirasat-es-osszefoglalasat\/","title":{"rendered":"K\u00e9rje a teny\u00e9rlev\u00e9l-olvas\u00e1s \u00e1t\u00edr\u00e1s\u00e1t \u00e9s \u00f6sszefoglal\u00e1s\u00e1t."},"content":{"rendered":"<p>\u00c1t\u00edrjuk, megszerkesztj\u00fck \u00e9s \u00f6sszefoglaljuk a P\u00e1lmalev\u00e9l olvas\u00e1st, \u00e9s egy k\u00f6nnyen olvashat\u00f3, j\u00f3l struktur\u00e1lt sz\u00f6vegg\u00e9 \u00e1ll\u00edtjuk \u00f6ssze az \u00d6n sz\u00e1m\u00e1ra.<\/p>\n<p>Ez nagyon hasznos az olvasm\u00e1ny integr\u00e1l\u00e1s\u00e1hoz \u00e9s a tartalom megn\u00e9z\u00e9s\u00e9hez an\u00e9lk\u00fcl, hogy \u00fajra meghallgatn\u00e1 a teljes felv\u00e9telt.<\/p>\n<p>Tov\u00e1bbi magyar\u00e1zatokat is tartalmaz.<\/p>\n<p>Ezt a szolg\u00e1ltat\u00e1st NEM lehet an\u00e9lk\u00fcl lefoglalni, hogy el\u0151tte ne olvast\u00e1k volna ki a teny\u00e9rlevel\u00e9t.<\/p>\n<p>K\u00e9rj\u00fck, al\u00e1bb v\u00e1lassza ki, hogy az \u00e1ltal\u00e1nos fejezetek olvas\u00e1s\u00e1t vagy tov\u00e1bbi fejezetek olvas\u00e1s\u00e1t szeretn\u00e9 \u00e1t\u00edrni.<\/p>\n","protected":false},"excerpt":{"rendered":"<p>\u00c1t\u00edrjuk, megszerkesztj\u00fck \u00e9s \u00f6sszefoglaljuk a P\u00e1lmalev\u00e9l olvas\u00e1st, \u00e9s egy k\u00f6nnyen olvashat\u00f3, j\u00f3l struktur\u00e1lt sz\u00f6vegg\u00e9 \u00e1ll\u00edtjuk \u00f6ssze az \u00d6n sz\u00e1m\u00e1ra.<br \/>\nEz csak egy teny\u00e9rlev\u00e9l-olvas\u00e1s ut\u00e1n lehets\u00e9ges&#8230;<\/p>\n","protected":false},"featured_media":9963,"comment_status":"open","ping_status":"closed","template":"","meta":{"_acf_changed":false},"product_brand":[],"product_cat":[352],"product_tag":[],"class_list":{"0":"post-38937","1":"product","2":"type-product","3":"status-publish","4":"has-post-thumbnail","6":"product_cat-nem-kategorizalt","8":"first","9":"instock","10":"virtual","11":"taxable","12":"purchasable","13":"product-type-simple"},"exclude_global_add_ons":false,"addons":[{"name":"\u00c1ltal\u00e1nos fejezet","type":"checkbox","position":0,"required":false,"title_format":"label","description_enable":true,"description":"General Chapter","placeholder_enable":false,"placeholder":"","display":"select","restrictions_type":"any_text","adjust_price":false,"price":"","price_type":"flat_fee","restrictions":false,"min":0,"max":0,"options":[{"label":"Angol","price":"59","price_type":"flat_fee","image":0},{"label":"N\u00e9met","price":"99","price_type":"flat_fee","image":0},{"label":"Jap\u00e1n","price":"99","price_type":"flat_fee","image":0},{"label":"Olasz","price":"99","price_type":"flat_fee","image":0},{"label":"Orosz","price":"99","price_type":"flat_fee","image":0},{"label":"Francia","price":"99","price_type":"flat_fee","image":0},{"label":"Spanyol","price":"99","price_type":"flat_fee","image":0}],"id":1731263144},{"name":"Tov\u00e1bbi fejezetek","type":"checkbox","position":1,"required":false,"title_format":"label","description_enable":true,"description":"Additional Chapters","placeholder_enable":false,"placeholder":"","display":"select","restrictions_type":"any_text","adjust_price":false,"price":"","price_type":"flat_fee","restrictions":false,"min":0,"max":0,"options":[{"label":"Angol","price":"18","price_type":"flat_fee","image":0},{"label":"N\u00e9met","price":"27","price_type":"flat_fee","image":0},{"label":"Jap\u00e1n","price":"27","price_type":"flat_fee","image":0},{"label":"Olasz","price":"27","price_type":"flat_fee","image":0},{"label":"Orosz","price":"27","price_type":"flat_fee","image":0},{"label":"Francia","price":"27","price_type":"flat_fee","image":0},{"label":"Spanyol","price":"27","price_type":"flat_fee","image":0}],"id":1731263145},{"name":"Fejezetek sz\u00e1ma","type":"checkbox","position":2,"required":false,"title_format":"label","description_enable":true,"description":"No of Chapters","placeholder_enable":false,"placeholder":"","display":"select","restrictions_type":"any_text","adjust_price":false,"price":"","price_type":"flat_fee","restrictions":false,"min":0,"max":0,"options":[{"label":"1","price":"","price_type":"flat_fee","image":0},{"label":"2","price":"","price_type":"flat_fee","image":0},{"label":"3","price":"","price_type":"flat_fee","image":0},{"label":"4","price":"","price_type":"flat_fee","image":0},{"label":"5","price":"","price_type":"flat_fee","image":0},{"label":"6","price":"","price_type":"flat_fee","image":0},{"label":"7","price":"","price_type":"flat_fee","image":0},{"label":"8","price":"","price_type":"flat_fee","image":0},{"label":"9","price":"","price_type":"flat_fee","image":0},{"label":"10","price":"","price_type":"flat_fee","image":0},{"label":"11","price":"","price_type":"flat_fee","image":0},{"label":"12","price":"","price_type":"flat_fee","image":0},{"label":"13","price":"","price_type":"flat_fee","image":0},{"label":"14","price":"","price_type":"flat_fee","image":0},{"label":"15","price":"","price_type":"flat_fee","image":0}],"id":1731263146}],"acf":[],"yoast_head":"<!-- This site is optimized with the Yoast SEO plugin v26.4 - https:\/\/yoast.com\/wordpress\/plugins\/seo\/ -->\n<title>Teny\u00e9rlev\u00e9l-olvas\u00e1s \u00e1t\u00edr\u00e1sa | \u00d6sszefoglal\u00e1s \u2013 My Palm Leaf<\/title>\n<meta name=\"description\" content=\"K\u00e9rje az olvas\u00e1s\u00e1nak pontos \u00e1tirat\u00e1t \u00e9s \u00f6sszefoglal\u00e1s\u00e1t, hogy b\u00e1rmikor visszat\u00e9rhessen a kapott b\u00f6lcsess\u00e9ghez \u00e9s \u00fatmutat\u00e1shoz.\" \/>\n<meta name=\"robots\" content=\"index, follow, max-snippet:-1, max-image-preview:large, max-video-preview:-1\" \/>\n<link rel=\"canonical\" href=\"https:\/\/mypalmleaf.com\/hu\/prices\/kerje-a-tenyerlevel-olvasas-atirasat-es-osszefoglalasat\/\" \/>\n<meta property=\"og:locale\" content=\"hu_HU\" \/>\n<meta property=\"og:type\" content=\"article\" \/>\n<meta property=\"og:title\" content=\"Teny\u00e9rlev\u00e9l-olvas\u00e1s \u00e1t\u00edr\u00e1sa | \u00d6sszefoglal\u00e1s \u2013 My Palm Leaf\" \/>\n<meta property=\"og:description\" content=\"K\u00e9rje az olvas\u00e1s\u00e1nak pontos \u00e1tirat\u00e1t \u00e9s \u00f6sszefoglal\u00e1s\u00e1t, hogy b\u00e1rmikor visszat\u00e9rhessen a kapott b\u00f6lcsess\u00e9ghez \u00e9s \u00fatmutat\u00e1shoz.\" \/>\n<meta property=\"og:url\" content=\"https:\/\/mypalmleaf.com\/hu\/prices\/kerje-a-tenyerlevel-olvasas-atirasat-es-osszefoglalasat\/\" \/>\n<meta property=\"og:site_name\" content=\"My Palm Leaf\" \/>\n<meta property=\"article:modified_time\" content=\"2025-04-02T06:37:43+00:00\" \/>\n<meta property=\"og:image\" content=\"https:\/\/mypalmleaf.com\/wp-content\/uploads\/2024\/09\/mantra-product-page-4-1.jpg\" \/>\n\t<meta property=\"og:image:width\" content=\"800\" \/>\n\t<meta property=\"og:image:height\" content=\"444\" \/>\n\t<meta property=\"og:image:type\" content=\"image\/jpeg\" \/>\n<meta name=\"twitter:card\" content=\"summary_large_image\" \/>\n<meta name=\"twitter:label1\" content=\"Becs\u00fclt olvas\u00e1si id\u0151\" \/>\n\t<meta name=\"twitter:data1\" content=\"1 perc\" \/>\n<script type=\"application\/ld+json\" class=\"yoast-schema-graph\">{\"@context\":\"https:\/\/schema.org\",\"@graph\":[{\"@type\":\"WebPage\",\"@id\":\"https:\/\/mypalmleaf.com\/hu\/prices\/kerje-a-tenyerlevel-olvasas-atirasat-es-osszefoglalasat\/\",\"url\":\"https:\/\/mypalmleaf.com\/hu\/prices\/kerje-a-tenyerlevel-olvasas-atirasat-es-osszefoglalasat\/\",\"name\":\"Teny\u00e9rlev\u00e9l-olvas\u00e1s \u00e1t\u00edr\u00e1sa | \u00d6sszefoglal\u00e1s \u2013 My Palm Leaf\",\"isPartOf\":{\"@id\":\"https:\/\/mypalmleaf.com\/#website\"},\"primaryImageOfPage\":{\"@id\":\"https:\/\/mypalmleaf.com\/hu\/prices\/kerje-a-tenyerlevel-olvasas-atirasat-es-osszefoglalasat\/#primaryimage\"},\"image\":{\"@id\":\"https:\/\/mypalmleaf.com\/hu\/prices\/kerje-a-tenyerlevel-olvasas-atirasat-es-osszefoglalasat\/#primaryimage\"},\"thumbnailUrl\":\"https:\/\/mypalmleaf.com\/wp-content\/uploads\/2024\/09\/mantra-product-page-4-1.jpg\",\"datePublished\":\"2024-09-04T10:46:48+00:00\",\"dateModified\":\"2025-04-02T06:37:43+00:00\",\"description\":\"K\u00e9rje az olvas\u00e1s\u00e1nak pontos \u00e1tirat\u00e1t \u00e9s \u00f6sszefoglal\u00e1s\u00e1t, hogy b\u00e1rmikor visszat\u00e9rhessen a kapott b\u00f6lcsess\u00e9ghez \u00e9s \u00fatmutat\u00e1shoz.\",\"breadcrumb\":{\"@id\":\"https:\/\/mypalmleaf.com\/hu\/prices\/kerje-a-tenyerlevel-olvasas-atirasat-es-osszefoglalasat\/#breadcrumb\"},\"inLanguage\":\"hu\",\"potentialAction\":[{\"@type\":\"ReadAction\",\"target\":[\"https:\/\/mypalmleaf.com\/hu\/prices\/kerje-a-tenyerlevel-olvasas-atirasat-es-osszefoglalasat\/\"]}]},{\"@type\":\"ImageObject\",\"inLanguage\":\"hu\",\"@id\":\"https:\/\/mypalmleaf.com\/hu\/prices\/kerje-a-tenyerlevel-olvasas-atirasat-es-osszefoglalasat\/#primaryimage\",\"url\":\"https:\/\/mypalmleaf.com\/wp-content\/uploads\/2024\/09\/mantra-product-page-4-1.jpg\",\"contentUrl\":\"https:\/\/mypalmleaf.com\/wp-content\/uploads\/2024\/09\/mantra-product-page-4-1.jpg\",\"width\":800,\"height\":444,\"caption\":\"Envelope\"},{\"@type\":\"BreadcrumbList\",\"@id\":\"https:\/\/mypalmleaf.com\/hu\/prices\/kerje-a-tenyerlevel-olvasas-atirasat-es-osszefoglalasat\/#breadcrumb\",\"itemListElement\":[{\"@type\":\"ListItem\",\"position\":1,\"name\":\"Home\",\"item\":\"https:\/\/mypalmleaf.com\/hu\/\"},{\"@type\":\"ListItem\",\"position\":2,\"name\":\"Shop\",\"item\":\"https:\/\/mypalmleaf.com\/et\/shop\/\"},{\"@type\":\"ListItem\",\"position\":3,\"name\":\"K\u00e9rje a teny\u00e9rlev\u00e9l-olvas\u00e1s \u00e1t\u00edr\u00e1s\u00e1t \u00e9s \u00f6sszefoglal\u00e1s\u00e1t.\"}]},{\"@type\":\"WebSite\",\"@id\":\"https:\/\/mypalmleaf.com\/#website\",\"url\":\"https:\/\/mypalmleaf.com\/\",\"name\":\"My Palm Leaf\",\"description\":\"\",\"potentialAction\":[{\"@type\":\"SearchAction\",\"target\":{\"@type\":\"EntryPoint\",\"urlTemplate\":\"https:\/\/mypalmleaf.com\/?s={search_term_string}\"},\"query-input\":{\"@type\":\"PropertyValueSpecification\",\"valueRequired\":true,\"valueName\":\"search_term_string\"}}],\"inLanguage\":\"hu\"}]}<\/script>\n<!-- \/ Yoast SEO plugin. -->","yoast_head_json":{"title":"Teny\u00e9rlev\u00e9l-olvas\u00e1s \u00e1t\u00edr\u00e1sa | \u00d6sszefoglal\u00e1s \u2013 My Palm Leaf","description":"K\u00e9rje az olvas\u00e1s\u00e1nak pontos \u00e1tirat\u00e1t \u00e9s \u00f6sszefoglal\u00e1s\u00e1t, hogy b\u00e1rmikor visszat\u00e9rhessen a kapott b\u00f6lcsess\u00e9ghez \u00e9s \u00fatmutat\u00e1shoz.","robots":{"index":"index","follow":"follow","max-snippet":"max-snippet:-1","max-image-preview":"max-image-preview:large","max-video-preview":"max-video-preview:-1"},"canonical":"https:\/\/mypalmleaf.com\/hu\/prices\/kerje-a-tenyerlevel-olvasas-atirasat-es-osszefoglalasat\/","og_locale":"hu_HU","og_type":"article","og_title":"Teny\u00e9rlev\u00e9l-olvas\u00e1s \u00e1t\u00edr\u00e1sa | \u00d6sszefoglal\u00e1s \u2013 My Palm Leaf","og_description":"K\u00e9rje az olvas\u00e1s\u00e1nak pontos \u00e1tirat\u00e1t \u00e9s \u00f6sszefoglal\u00e1s\u00e1t, hogy b\u00e1rmikor visszat\u00e9rhessen a kapott b\u00f6lcsess\u00e9ghez \u00e9s \u00fatmutat\u00e1shoz.","og_url":"https:\/\/mypalmleaf.com\/hu\/prices\/kerje-a-tenyerlevel-olvasas-atirasat-es-osszefoglalasat\/","og_site_name":"My Palm Leaf","article_modified_time":"2025-04-02T06:37:43+00:00","og_image":[{"width":800,"height":444,"url":"https:\/\/mypalmleaf.com\/wp-content\/uploads\/2024\/09\/mantra-product-page-4-1.jpg","type":"image\/jpeg"}],"twitter_card":"summary_large_image","twitter_misc":{"Becs\u00fclt olvas\u00e1si id\u0151":"1 perc"},"schema":{"@context":"https:\/\/schema.org","@graph":[{"@type":"WebPage","@id":"https:\/\/mypalmleaf.com\/hu\/prices\/kerje-a-tenyerlevel-olvasas-atirasat-es-osszefoglalasat\/","url":"https:\/\/mypalmleaf.com\/hu\/prices\/kerje-a-tenyerlevel-olvasas-atirasat-es-osszefoglalasat\/","name":"Teny\u00e9rlev\u00e9l-olvas\u00e1s \u00e1t\u00edr\u00e1sa | \u00d6sszefoglal\u00e1s \u2013 My Palm Leaf","isPartOf":{"@id":"https:\/\/mypalmleaf.com\/#website"},"primaryImageOfPage":{"@id":"https:\/\/mypalmleaf.com\/hu\/prices\/kerje-a-tenyerlevel-olvasas-atirasat-es-osszefoglalasat\/#primaryimage"},"image":{"@id":"https:\/\/mypalmleaf.com\/hu\/prices\/kerje-a-tenyerlevel-olvasas-atirasat-es-osszefoglalasat\/#primaryimage"},"thumbnailUrl":"https:\/\/mypalmleaf.com\/wp-content\/uploads\/2024\/09\/mantra-product-page-4-1.jpg","datePublished":"2024-09-04T10:46:48+00:00","dateModified":"2025-04-02T06:37:43+00:00","description":"K\u00e9rje az olvas\u00e1s\u00e1nak pontos \u00e1tirat\u00e1t \u00e9s \u00f6sszefoglal\u00e1s\u00e1t, hogy b\u00e1rmikor visszat\u00e9rhessen a kapott b\u00f6lcsess\u00e9ghez \u00e9s \u00fatmutat\u00e1shoz.","breadcrumb":{"@id":"https:\/\/mypalmleaf.com\/hu\/prices\/kerje-a-tenyerlevel-olvasas-atirasat-es-osszefoglalasat\/#breadcrumb"},"inLanguage":"hu","potentialAction":[{"@type":"ReadAction","target":["https:\/\/mypalmleaf.com\/hu\/prices\/kerje-a-tenyerlevel-olvasas-atirasat-es-osszefoglalasat\/"]}]},{"@type":"ImageObject","inLanguage":"hu","@id":"https:\/\/mypalmleaf.com\/hu\/prices\/kerje-a-tenyerlevel-olvasas-atirasat-es-osszefoglalasat\/#primaryimage","url":"https:\/\/mypalmleaf.com\/wp-content\/uploads\/2024\/09\/mantra-product-page-4-1.jpg","contentUrl":"https:\/\/mypalmleaf.com\/wp-content\/uploads\/2024\/09\/mantra-product-page-4-1.jpg","width":800,"height":444,"caption":"Envelope"},{"@type":"BreadcrumbList","@id":"https:\/\/mypalmleaf.com\/hu\/prices\/kerje-a-tenyerlevel-olvasas-atirasat-es-osszefoglalasat\/#breadcrumb","itemListElement":[{"@type":"ListItem","position":1,"name":"Home","item":"https:\/\/mypalmleaf.com\/hu\/"},{"@type":"ListItem","position":2,"name":"Shop","item":"https:\/\/mypalmleaf.com\/et\/shop\/"},{"@type":"ListItem","position":3,"name":"K\u00e9rje a teny\u00e9rlev\u00e9l-olvas\u00e1s \u00e1t\u00edr\u00e1s\u00e1t \u00e9s \u00f6sszefoglal\u00e1s\u00e1t."}]},{"@type":"WebSite","@id":"https:\/\/mypalmleaf.com\/#website","url":"https:\/\/mypalmleaf.com\/","name":"My Palm Leaf","description":"","potentialAction":[{"@type":"SearchAction","target":{"@type":"EntryPoint","urlTemplate":"https:\/\/mypalmleaf.com\/?s={search_term_string}"},"query-input":{"@type":"PropertyValueSpecification","valueRequired":true,"valueName":"search_term_string"}}],"inLanguage":"hu"}]}},"_links":{"self":[{"href":"https:\/\/mypalmleaf.com\/hu\/wp-json\/wp\/v2\/product\/38937","targetHints":{"allow":["GET"]}}],"collection":[{"href":"https:\/\/mypalmleaf.com\/hu\/wp-json\/wp\/v2\/product"}],"about":[{"href":"https:\/\/mypalmleaf.com\/hu\/wp-json\/wp\/v2\/types\/product"}],"replies":[{"embeddable":true,"href":"https:\/\/mypalmleaf.com\/hu\/wp-json\/wp\/v2\/comments?post=38937"}],"wp:featuredmedia":[{"embeddable":true,"href":"https:\/\/mypalmleaf.com\/hu\/wp-json\/wp\/v2\/media\/9963"}],"wp:attachment":[{"href":"https:\/\/mypalmleaf.com\/hu\/wp-json\/wp\/v2\/media?parent=38937"}],"wp:term":[{"taxonomy":"product_brand","embeddable":true,"href":"https:\/\/mypalmleaf.com\/hu\/wp-json\/wp\/v2\/product_brand?post=38937"},{"taxonomy":"product_cat","embeddable":true,"href":"https:\/\/mypalmleaf.com\/hu\/wp-json\/wp\/v2\/product_cat?post=38937"},{"taxonomy":"product_tag","embeddable":true,"href":"https:\/\/mypalmleaf.com\/hu\/wp-json\/wp\/v2\/product_tag?post=38937"}],"curies":[{"name":"wp","href":"https:\/\/api.w.org\/{rel}","templated":true}]}}