
{"id":38997,"date":"2024-09-04T10:59:13","date_gmt":"2024-09-04T10:59:13","guid":{"rendered":"https:\/\/mypalmleaf.com\/prices\/athma-shanthi-puja-kulonleges-rituale-amely-segit-az-elhunyt-lelkenek-bekeben-nyugodni\/"},"modified":"2025-08-04T13:14:19","modified_gmt":"2025-08-04T13:14:19","slug":"athma-shanthi-puja-kulonleges-rituale-amely-segit-az-elhunyt-lelkenek-bekeben-nyugodni","status":"publish","type":"product","link":"https:\/\/mypalmleaf.com\/hu\/prices\/athma-shanthi-puja-kulonleges-rituale-amely-segit-az-elhunyt-lelkenek-bekeben-nyugodni\/","title":{"rendered":"Atma Shanti Pooja &#8211; Szent felaj\u00e1nl\u00e1s az elhunyt lelkek b\u00e9k\u00e9j\u00e9\u00e9rt"},"content":{"rendered":"<p><strong>Atma Shanti Pooja<\/strong><br \/>\nEgy szent ritu\u00e1l\u00e9 az elhunyt szerett\u00fcnk lelk\u00e9nek tisztelet\u00e9re \u00e9s t\u00e1mogat\u00e1s\u00e1ra.<\/p>\n<p>Az Atma Shanti Pooja egy m\u00e9ly \u00e9rtelm\u0171 v\u00e9dikus szertart\u00e1s, amelyet az\u00e9rt v\u00e9geznek, hogy b\u00e9k\u00e9t hozzanak az elhunyt lelk\u00e9nek &#8211; k\u00fcl\u00f6n\u00f6sen, ha az elhunyt hirtelen, v\u00e1ratlanul vagy \u00e9rzelmileg megoldatlanul t\u00e1vozott.<\/p>\n<p>Ak\u00e1r a k\u00f6zelm\u00faltban, ak\u00e1r r\u00e9gen t\u00f6rt\u00e9nt a hal\u00e1leset, ez a pooja spiritu\u00e1lis t\u00e1mogat\u00e1st ny\u00fajt a l\u00e9lek \u00fatj\u00e1hoz, seg\u00edtve azt a gy\u00f3gyul\u00e1s, a megold\u00e1s \u00e9s a b\u00e9ke fel\u00e9 haladni. Ezt a p\u00f3j\u00e1t t\u00f6bbsz\u00f6r is el lehet v\u00e9gezni az \u00e9let sor\u00e1n, hogy folyamatosan t\u00e1mogassa a l\u00e9lek \u00fatj\u00e1t. <\/p>\n<p><strong>Tartalmazza:<\/strong><\/p>\n<ul>\n<li>Hagyom\u00e1nyos Atma Shanti Pooja, melyet tapasztalt v\u00e9dikus papok v\u00e9geznek.<\/li>\n<li>Az \u00d6n sz\u00e1m\u00e1ra legjelent\u0151sebbnek t\u0171n\u0151 d\u00e1tum kiv\u00e1laszt\u00e1sa<\/li>\n<li>Lehet\u0151s\u00e9g csatlakozni a pooja-hoz \u00e9l\u0151ben a Zoom-on kereszt\u00fcl<\/li>\n<li>Vide\u00f3felv\u00e9tel a teljes ritu\u00e1l\u00e9r\u00f3l<\/li>\n<li>Gyeng\u00e9d t\u00e1mogat\u00e1s \u00e9s kommunik\u00e1ci\u00f3 csapatunk r\u00e9sz\u00e9r\u0151l<\/li>\n<\/ul>\n<p>Minden \u00e9vben van egy k\u00fcl\u00f6nleges id\u0151szak, a Pitru Paksha, amikor az Atma Shanti Pooja v\u00e9grehajt\u00e1sa k\u00fcl\u00f6n\u00f6sen er\u0151snek \u00e9s spiritu\u00e1lisan hat\u00e1sosnak tekinthet\u0151.<\/p>\n<p>Id\u00e9n a Pitru Paksha id\u0151szak szeptember 7. \u00e9s 2025. szeptember 21. k\u00f6z\u00e9 esik. B\u0151vebben <a href=\"https:\/\/mypalmleaf.com\/zh-hans\/pitru-paksha-2025\/\">itt<\/a> olvashat r\u00f3la. <\/p>\n","protected":false},"excerpt":{"rendered":"<p>Az Atma Shanti Pooja egy m\u00e9ly \u00e9rtelm\u0171 v\u00e9dikus szertart\u00e1s, amelyet az\u00e9rt v\u00e9geznek, hogy b\u00e9k\u00e9t hozzanak az elhunyt lelk\u00e9nek &#8211; k\u00fcl\u00f6n\u00f6sen, ha az elhunyt hirtelen, v\u00e1ratlanul vagy \u00e9rzelmileg megoldatlanul t\u00e1vozott.<\/p>\n","protected":false},"featured_media":9943,"comment_status":"open","ping_status":"closed","template":"","meta":{"_acf_changed":false},"product_brand":[],"product_cat":[352],"product_tag":[],"class_list":{"0":"post-38997","1":"product","2":"type-product","3":"status-publish","4":"has-post-thumbnail","6":"product_cat-nem-kategorizalt","8":"first","9":"instock","10":"virtual","11":"purchasable","12":"product-type-simple"},"exclude_global_add_ons":[],"addons":[],"acf":[],"yoast_head":"<!-- This site is optimized with the Yoast SEO plugin v26.4 - https:\/\/yoast.com\/wordpress\/plugins\/seo\/ -->\n<title>Athma Shanthi Pooja - Szent ritu\u00e1l\u00e9 az \u0151seink b\u00e9k\u00e9j\u00e9\u00e9rt<\/title>\n<meta name=\"description\" content=\"V\u00e9gezd el az Athma Shanthi Puj\u00e1t, hogy seg\u00edtsd a szeretteid lelk\u00e9t b\u00e9k\u00e9ben nyugodni. Ez az egyed\u00fcl\u00e1ll\u00f3 ritu\u00e1l\u00e9 azoknak sz\u00f3l, akik v\u00e1ratlanul t\u00e1voznak. El\u00e9rhet\u0151 \u00e9l\u0151 k\u00f6zvet\u00edt\u00e9ssel.\" \/>\n<meta name=\"robots\" content=\"index, follow, max-snippet:-1, max-image-preview:large, max-video-preview:-1\" \/>\n<link rel=\"canonical\" href=\"https:\/\/mypalmleaf.com\/hu\/prices\/athma-shanthi-puja-kulonleges-rituale-amely-segit-az-elhunyt-lelkenek-bekeben-nyugodni\/\" \/>\n<meta property=\"og:locale\" content=\"hu_HU\" \/>\n<meta property=\"og:type\" content=\"article\" \/>\n<meta property=\"og:title\" content=\"Athma Shanthi Pooja - Szent ritu\u00e1l\u00e9 az \u0151seink b\u00e9k\u00e9j\u00e9\u00e9rt\" \/>\n<meta property=\"og:description\" content=\"V\u00e9gezd el az Athma Shanthi Puj\u00e1t, hogy seg\u00edtsd a szeretteid lelk\u00e9t b\u00e9k\u00e9ben nyugodni. Ez az egyed\u00fcl\u00e1ll\u00f3 ritu\u00e1l\u00e9 azoknak sz\u00f3l, akik v\u00e1ratlanul t\u00e1voznak. El\u00e9rhet\u0151 \u00e9l\u0151 k\u00f6zvet\u00edt\u00e9ssel.\" \/>\n<meta property=\"og:url\" content=\"https:\/\/mypalmleaf.com\/hu\/prices\/athma-shanthi-puja-kulonleges-rituale-amely-segit-az-elhunyt-lelkenek-bekeben-nyugodni\/\" \/>\n<meta property=\"og:site_name\" content=\"My Palm Leaf\" \/>\n<meta property=\"article:modified_time\" content=\"2025-08-04T13:14:19+00:00\" \/>\n<meta property=\"og:image\" content=\"https:\/\/mypalmleaf.com\/wp-content\/uploads\/2024\/09\/mantra-product-page-3-1.jpg\" \/>\n\t<meta property=\"og:image:width\" content=\"800\" \/>\n\t<meta property=\"og:image:height\" content=\"444\" \/>\n\t<meta property=\"og:image:type\" content=\"image\/jpeg\" \/>\n<meta name=\"twitter:card\" content=\"summary_large_image\" \/>\n<meta name=\"twitter:label1\" content=\"Becs\u00fclt olvas\u00e1si id\u0151\" \/>\n\t<meta name=\"twitter:data1\" content=\"1 perc\" \/>\n<script type=\"application\/ld+json\" class=\"yoast-schema-graph\">{\"@context\":\"https:\/\/schema.org\",\"@graph\":[{\"@type\":\"WebPage\",\"@id\":\"https:\/\/mypalmleaf.com\/hu\/prices\/athma-shanthi-puja-kulonleges-rituale-amely-segit-az-elhunyt-lelkenek-bekeben-nyugodni\/\",\"url\":\"https:\/\/mypalmleaf.com\/hu\/prices\/athma-shanthi-puja-kulonleges-rituale-amely-segit-az-elhunyt-lelkenek-bekeben-nyugodni\/\",\"name\":\"Athma Shanthi Pooja - Szent ritu\u00e1l\u00e9 az \u0151seink b\u00e9k\u00e9j\u00e9\u00e9rt\",\"isPartOf\":{\"@id\":\"https:\/\/mypalmleaf.com\/#website\"},\"primaryImageOfPage\":{\"@id\":\"https:\/\/mypalmleaf.com\/hu\/prices\/athma-shanthi-puja-kulonleges-rituale-amely-segit-az-elhunyt-lelkenek-bekeben-nyugodni\/#primaryimage\"},\"image\":{\"@id\":\"https:\/\/mypalmleaf.com\/hu\/prices\/athma-shanthi-puja-kulonleges-rituale-amely-segit-az-elhunyt-lelkenek-bekeben-nyugodni\/#primaryimage\"},\"thumbnailUrl\":\"https:\/\/mypalmleaf.com\/wp-content\/uploads\/2024\/09\/mantra-product-page-3-1.jpg\",\"datePublished\":\"2024-09-04T10:59:13+00:00\",\"dateModified\":\"2025-08-04T13:14:19+00:00\",\"description\":\"V\u00e9gezd el az Athma Shanthi Puj\u00e1t, hogy seg\u00edtsd a szeretteid lelk\u00e9t b\u00e9k\u00e9ben nyugodni. Ez az egyed\u00fcl\u00e1ll\u00f3 ritu\u00e1l\u00e9 azoknak sz\u00f3l, akik v\u00e1ratlanul t\u00e1voznak. El\u00e9rhet\u0151 \u00e9l\u0151 k\u00f6zvet\u00edt\u00e9ssel.\",\"breadcrumb\":{\"@id\":\"https:\/\/mypalmleaf.com\/hu\/prices\/athma-shanthi-puja-kulonleges-rituale-amely-segit-az-elhunyt-lelkenek-bekeben-nyugodni\/#breadcrumb\"},\"inLanguage\":\"hu\",\"potentialAction\":[{\"@type\":\"ReadAction\",\"target\":[\"https:\/\/mypalmleaf.com\/hu\/prices\/athma-shanthi-puja-kulonleges-rituale-amely-segit-az-elhunyt-lelkenek-bekeben-nyugodni\/\"]}]},{\"@type\":\"ImageObject\",\"inLanguage\":\"hu\",\"@id\":\"https:\/\/mypalmleaf.com\/hu\/prices\/athma-shanthi-puja-kulonleges-rituale-amely-segit-az-elhunyt-lelkenek-bekeben-nyugodni\/#primaryimage\",\"url\":\"https:\/\/mypalmleaf.com\/wp-content\/uploads\/2024\/09\/mantra-product-page-3-1.jpg\",\"contentUrl\":\"https:\/\/mypalmleaf.com\/wp-content\/uploads\/2024\/09\/mantra-product-page-3-1.jpg\",\"width\":800,\"height\":444,\"caption\":\"Homa procedure\"},{\"@type\":\"BreadcrumbList\",\"@id\":\"https:\/\/mypalmleaf.com\/hu\/prices\/athma-shanthi-puja-kulonleges-rituale-amely-segit-az-elhunyt-lelkenek-bekeben-nyugodni\/#breadcrumb\",\"itemListElement\":[{\"@type\":\"ListItem\",\"position\":1,\"name\":\"Home\",\"item\":\"https:\/\/mypalmleaf.com\/hu\/\"},{\"@type\":\"ListItem\",\"position\":2,\"name\":\"Shop\",\"item\":\"https:\/\/mypalmleaf.com\/et\/shop\/\"},{\"@type\":\"ListItem\",\"position\":3,\"name\":\"Atma Shanti Pooja &#8211; Szent felaj\u00e1nl\u00e1s az elhunyt lelkek b\u00e9k\u00e9j\u00e9\u00e9rt\"}]},{\"@type\":\"WebSite\",\"@id\":\"https:\/\/mypalmleaf.com\/#website\",\"url\":\"https:\/\/mypalmleaf.com\/\",\"name\":\"My Palm Leaf\",\"description\":\"\",\"potentialAction\":[{\"@type\":\"SearchAction\",\"target\":{\"@type\":\"EntryPoint\",\"urlTemplate\":\"https:\/\/mypalmleaf.com\/?s={search_term_string}\"},\"query-input\":{\"@type\":\"PropertyValueSpecification\",\"valueRequired\":true,\"valueName\":\"search_term_string\"}}],\"inLanguage\":\"hu\"}]}<\/script>\n<!-- \/ Yoast SEO plugin. -->","yoast_head_json":{"title":"Athma Shanthi Pooja - Szent ritu\u00e1l\u00e9 az \u0151seink b\u00e9k\u00e9j\u00e9\u00e9rt","description":"V\u00e9gezd el az Athma Shanthi Puj\u00e1t, hogy seg\u00edtsd a szeretteid lelk\u00e9t b\u00e9k\u00e9ben nyugodni. Ez az egyed\u00fcl\u00e1ll\u00f3 ritu\u00e1l\u00e9 azoknak sz\u00f3l, akik v\u00e1ratlanul t\u00e1voznak. El\u00e9rhet\u0151 \u00e9l\u0151 k\u00f6zvet\u00edt\u00e9ssel.","robots":{"index":"index","follow":"follow","max-snippet":"max-snippet:-1","max-image-preview":"max-image-preview:large","max-video-preview":"max-video-preview:-1"},"canonical":"https:\/\/mypalmleaf.com\/hu\/prices\/athma-shanthi-puja-kulonleges-rituale-amely-segit-az-elhunyt-lelkenek-bekeben-nyugodni\/","og_locale":"hu_HU","og_type":"article","og_title":"Athma Shanthi Pooja - Szent ritu\u00e1l\u00e9 az \u0151seink b\u00e9k\u00e9j\u00e9\u00e9rt","og_description":"V\u00e9gezd el az Athma Shanthi Puj\u00e1t, hogy seg\u00edtsd a szeretteid lelk\u00e9t b\u00e9k\u00e9ben nyugodni. Ez az egyed\u00fcl\u00e1ll\u00f3 ritu\u00e1l\u00e9 azoknak sz\u00f3l, akik v\u00e1ratlanul t\u00e1voznak. El\u00e9rhet\u0151 \u00e9l\u0151 k\u00f6zvet\u00edt\u00e9ssel.","og_url":"https:\/\/mypalmleaf.com\/hu\/prices\/athma-shanthi-puja-kulonleges-rituale-amely-segit-az-elhunyt-lelkenek-bekeben-nyugodni\/","og_site_name":"My Palm Leaf","article_modified_time":"2025-08-04T13:14:19+00:00","og_image":[{"width":800,"height":444,"url":"https:\/\/mypalmleaf.com\/wp-content\/uploads\/2024\/09\/mantra-product-page-3-1.jpg","type":"image\/jpeg"}],"twitter_card":"summary_large_image","twitter_misc":{"Becs\u00fclt olvas\u00e1si id\u0151":"1 perc"},"schema":{"@context":"https:\/\/schema.org","@graph":[{"@type":"WebPage","@id":"https:\/\/mypalmleaf.com\/hu\/prices\/athma-shanthi-puja-kulonleges-rituale-amely-segit-az-elhunyt-lelkenek-bekeben-nyugodni\/","url":"https:\/\/mypalmleaf.com\/hu\/prices\/athma-shanthi-puja-kulonleges-rituale-amely-segit-az-elhunyt-lelkenek-bekeben-nyugodni\/","name":"Athma Shanthi Pooja - Szent ritu\u00e1l\u00e9 az \u0151seink b\u00e9k\u00e9j\u00e9\u00e9rt","isPartOf":{"@id":"https:\/\/mypalmleaf.com\/#website"},"primaryImageOfPage":{"@id":"https:\/\/mypalmleaf.com\/hu\/prices\/athma-shanthi-puja-kulonleges-rituale-amely-segit-az-elhunyt-lelkenek-bekeben-nyugodni\/#primaryimage"},"image":{"@id":"https:\/\/mypalmleaf.com\/hu\/prices\/athma-shanthi-puja-kulonleges-rituale-amely-segit-az-elhunyt-lelkenek-bekeben-nyugodni\/#primaryimage"},"thumbnailUrl":"https:\/\/mypalmleaf.com\/wp-content\/uploads\/2024\/09\/mantra-product-page-3-1.jpg","datePublished":"2024-09-04T10:59:13+00:00","dateModified":"2025-08-04T13:14:19+00:00","description":"V\u00e9gezd el az Athma Shanthi Puj\u00e1t, hogy seg\u00edtsd a szeretteid lelk\u00e9t b\u00e9k\u00e9ben nyugodni. Ez az egyed\u00fcl\u00e1ll\u00f3 ritu\u00e1l\u00e9 azoknak sz\u00f3l, akik v\u00e1ratlanul t\u00e1voznak. El\u00e9rhet\u0151 \u00e9l\u0151 k\u00f6zvet\u00edt\u00e9ssel.","breadcrumb":{"@id":"https:\/\/mypalmleaf.com\/hu\/prices\/athma-shanthi-puja-kulonleges-rituale-amely-segit-az-elhunyt-lelkenek-bekeben-nyugodni\/#breadcrumb"},"inLanguage":"hu","potentialAction":[{"@type":"ReadAction","target":["https:\/\/mypalmleaf.com\/hu\/prices\/athma-shanthi-puja-kulonleges-rituale-amely-segit-az-elhunyt-lelkenek-bekeben-nyugodni\/"]}]},{"@type":"ImageObject","inLanguage":"hu","@id":"https:\/\/mypalmleaf.com\/hu\/prices\/athma-shanthi-puja-kulonleges-rituale-amely-segit-az-elhunyt-lelkenek-bekeben-nyugodni\/#primaryimage","url":"https:\/\/mypalmleaf.com\/wp-content\/uploads\/2024\/09\/mantra-product-page-3-1.jpg","contentUrl":"https:\/\/mypalmleaf.com\/wp-content\/uploads\/2024\/09\/mantra-product-page-3-1.jpg","width":800,"height":444,"caption":"Homa procedure"},{"@type":"BreadcrumbList","@id":"https:\/\/mypalmleaf.com\/hu\/prices\/athma-shanthi-puja-kulonleges-rituale-amely-segit-az-elhunyt-lelkenek-bekeben-nyugodni\/#breadcrumb","itemListElement":[{"@type":"ListItem","position":1,"name":"Home","item":"https:\/\/mypalmleaf.com\/hu\/"},{"@type":"ListItem","position":2,"name":"Shop","item":"https:\/\/mypalmleaf.com\/et\/shop\/"},{"@type":"ListItem","position":3,"name":"Atma Shanti Pooja &#8211; Szent felaj\u00e1nl\u00e1s az elhunyt lelkek b\u00e9k\u00e9j\u00e9\u00e9rt"}]},{"@type":"WebSite","@id":"https:\/\/mypalmleaf.com\/#website","url":"https:\/\/mypalmleaf.com\/","name":"My Palm Leaf","description":"","potentialAction":[{"@type":"SearchAction","target":{"@type":"EntryPoint","urlTemplate":"https:\/\/mypalmleaf.com\/?s={search_term_string}"},"query-input":{"@type":"PropertyValueSpecification","valueRequired":true,"valueName":"search_term_string"}}],"inLanguage":"hu"}]}},"_links":{"self":[{"href":"https:\/\/mypalmleaf.com\/hu\/wp-json\/wp\/v2\/product\/38997","targetHints":{"allow":["GET"]}}],"collection":[{"href":"https:\/\/mypalmleaf.com\/hu\/wp-json\/wp\/v2\/product"}],"about":[{"href":"https:\/\/mypalmleaf.com\/hu\/wp-json\/wp\/v2\/types\/product"}],"replies":[{"embeddable":true,"href":"https:\/\/mypalmleaf.com\/hu\/wp-json\/wp\/v2\/comments?post=38997"}],"wp:featuredmedia":[{"embeddable":true,"href":"https:\/\/mypalmleaf.com\/hu\/wp-json\/wp\/v2\/media\/9943"}],"wp:attachment":[{"href":"https:\/\/mypalmleaf.com\/hu\/wp-json\/wp\/v2\/media?parent=38997"}],"wp:term":[{"taxonomy":"product_brand","embeddable":true,"href":"https:\/\/mypalmleaf.com\/hu\/wp-json\/wp\/v2\/product_brand?post=38997"},{"taxonomy":"product_cat","embeddable":true,"href":"https:\/\/mypalmleaf.com\/hu\/wp-json\/wp\/v2\/product_cat?post=38997"},{"taxonomy":"product_tag","embeddable":true,"href":"https:\/\/mypalmleaf.com\/hu\/wp-json\/wp\/v2\/product_tag?post=38997"}],"curies":[{"name":"wp","href":"https:\/\/api.w.org\/{rel}","templated":true}]}}