
{"id":39015,"date":"2024-09-04T10:56:25","date_gmt":"2024-09-04T10:56:25","guid":{"rendered":"https:\/\/mypalmleaf.com\/prices\/tuz-szertartas-homa\/"},"modified":"2025-08-04T13:12:28","modified_gmt":"2025-08-04T13:12:28","slug":"tuz-szertartas-homa","status":"publish","type":"product","link":"https:\/\/mypalmleaf.com\/hu\/prices\/tuz-szertartas-homa\/","title":{"rendered":"T\u0171z szertart\u00e1s &#8211; Homa"},"content":{"rendered":"<div class=\"description\">\n<p>A &#8222;Homa&#8221;, a t\u0171z szertart\u00e1s egy er\u0151teljes energetikai eszk\u00f6z, amellyel j\u00f3t\u00e9kony energi\u00e1kat h\u00edvhatunk az \u00e9let\u00fcnkbe, \u00e9s sokf\u00e9le c\u00e9lb\u00f3l v\u00e9gezhetj\u00fck el magunk vagy szeretteink sz\u00e1m\u00e1ra.<\/p>\n<p>Miut\u00e1n lefoglalta a t\u0171z szertart\u00e1st, kap egy napt\u00e1r linket, hogy kiv\u00e1laszthassa, mikor szeretn\u00e9, hogy a szertart\u00e1st elv\u00e9gezz\u00e9k.<br \/>\nA szertart\u00e1st k\u00e9pzett papok v\u00e9gzik egy indiai templomban.<\/p>\n<p>A hat\u00e1sok att\u00f3l f\u00fcggetlen\u00fcl jelentkeznek, hogy szem\u00e9lyesen veszel-e r\u00e9szt vagy sem.<\/p>\n<p>Ha moder\u00e1lt \u00e9l\u0151 k\u00f6zvet\u00edt\u00e9sen szeretn\u00e9 megn\u00e9zni, k\u00e9rj\u00fck, v\u00e1lassza az al\u00e1bbi lehet\u0151s\u00e9get.<\/p>\n<\/div>\n","protected":false},"excerpt":{"rendered":"<p>A &#8222;Homa&#8221;, a t\u0171z szertart\u00e1s egy er\u0151teljes energetikai eszk\u00f6z, amellyel j\u00f3t\u00e9kony energi\u00e1kat h\u00edvhatunk az \u00e9let\u00fcnkbe, \u00e9s sokf\u00e9le c\u00e9lb\u00f3l v\u00e9gezhetj\u00fck el magunk vagy szeretteink sz\u00e1m\u00e1ra. Miut\u00e1n lefoglalta a t\u0171z szertart\u00e1st, kap egy napt\u00e1ri linket, hogy kiv\u00e1laszthassa, mikor szeretn\u00e9, hogy a szertart\u00e1st elv\u00e9gezz\u00e9k&#8230; <\/p>\n","protected":false},"featured_media":9904,"comment_status":"open","ping_status":"closed","template":"","meta":{"_acf_changed":false},"product_brand":[],"product_cat":[352],"product_tag":[],"class_list":{"0":"post-39015","1":"product","2":"type-product","3":"status-publish","4":"has-post-thumbnail","6":"product_cat-nem-kategorizalt","8":"first","9":"instock","10":"virtual","11":"purchasable","12":"product-type-simple"},"exclude_global_add_ons":[],"addons":[],"acf":[],"yoast_head":"<!-- This site is optimized with the Yoast SEO plugin v26.4 - https:\/\/yoast.com\/wordpress\/plugins\/seo\/ -->\n<title>Agni Homa \/ T\u0171z ritu\u00e1l\u00e9 online | Shanti Pooja otthon | V\u00e9dikus Homa<\/title>\n<meta name=\"description\" content=\"Tapasztalja meg az Agni Homamot, a szent v\u00e9dikus t\u0171z ritu\u00e1l\u00e9t, otthon\u00e1nak k\u00e9nyelm\u00e9b\u0151l. Tiszt\u00edtsa meg a negat\u00edv energi\u00e1kat, h\u00edvjon \u00e1ld\u00e1st, \u00e9s foglalja le szertart\u00e1s\u00e1t m\u00e9g ma!\" \/>\n<meta name=\"robots\" content=\"index, follow, max-snippet:-1, max-image-preview:large, max-video-preview:-1\" \/>\n<link rel=\"canonical\" href=\"https:\/\/mypalmleaf.com\/hu\/prices\/tuz-szertartas-homa\/\" \/>\n<meta property=\"og:locale\" content=\"hu_HU\" \/>\n<meta property=\"og:type\" content=\"article\" \/>\n<meta property=\"og:title\" content=\"Agni Homa \/ T\u0171z ritu\u00e1l\u00e9 online | Shanti Pooja otthon | V\u00e9dikus Homa\" \/>\n<meta property=\"og:description\" content=\"Tapasztalja meg az Agni Homamot, a szent v\u00e9dikus t\u0171z ritu\u00e1l\u00e9t, otthon\u00e1nak k\u00e9nyelm\u00e9b\u0151l. Tiszt\u00edtsa meg a negat\u00edv energi\u00e1kat, h\u00edvjon \u00e1ld\u00e1st, \u00e9s foglalja le szertart\u00e1s\u00e1t m\u00e9g ma!\" \/>\n<meta property=\"og:url\" content=\"https:\/\/mypalmleaf.com\/hu\/prices\/tuz-szertartas-homa\/\" \/>\n<meta property=\"og:site_name\" content=\"My Palm Leaf\" \/>\n<meta property=\"article:modified_time\" content=\"2025-08-04T13:12:28+00:00\" \/>\n<meta property=\"og:image\" content=\"https:\/\/mypalmleaf.com\/wp-content\/uploads\/2024\/09\/mantra-product-page-2-1.jpg\" \/>\n\t<meta property=\"og:image:width\" content=\"800\" \/>\n\t<meta property=\"og:image:height\" content=\"444\" \/>\n\t<meta property=\"og:image:type\" content=\"image\/jpeg\" \/>\n<meta name=\"twitter:card\" content=\"summary_large_image\" \/>\n<meta name=\"twitter:label1\" content=\"Becs\u00fclt olvas\u00e1si id\u0151\" \/>\n\t<meta name=\"twitter:data1\" content=\"1 perc\" \/>\n<script type=\"application\/ld+json\" class=\"yoast-schema-graph\">{\"@context\":\"https:\/\/schema.org\",\"@graph\":[{\"@type\":\"WebPage\",\"@id\":\"https:\/\/mypalmleaf.com\/hu\/prices\/tuz-szertartas-homa\/\",\"url\":\"https:\/\/mypalmleaf.com\/hu\/prices\/tuz-szertartas-homa\/\",\"name\":\"Agni Homa \/ T\u0171z ritu\u00e1l\u00e9 online | Shanti Pooja otthon | V\u00e9dikus Homa\",\"isPartOf\":{\"@id\":\"https:\/\/mypalmleaf.com\/#website\"},\"primaryImageOfPage\":{\"@id\":\"https:\/\/mypalmleaf.com\/hu\/prices\/tuz-szertartas-homa\/#primaryimage\"},\"image\":{\"@id\":\"https:\/\/mypalmleaf.com\/hu\/prices\/tuz-szertartas-homa\/#primaryimage\"},\"thumbnailUrl\":\"https:\/\/mypalmleaf.com\/wp-content\/uploads\/2024\/09\/mantra-product-page-2-1.jpg\",\"datePublished\":\"2024-09-04T10:56:25+00:00\",\"dateModified\":\"2025-08-04T13:12:28+00:00\",\"description\":\"Tapasztalja meg az Agni Homamot, a szent v\u00e9dikus t\u0171z ritu\u00e1l\u00e9t, otthon\u00e1nak k\u00e9nyelm\u00e9b\u0151l. Tiszt\u00edtsa meg a negat\u00edv energi\u00e1kat, h\u00edvjon \u00e1ld\u00e1st, \u00e9s foglalja le szertart\u00e1s\u00e1t m\u00e9g ma!\",\"breadcrumb\":{\"@id\":\"https:\/\/mypalmleaf.com\/hu\/prices\/tuz-szertartas-homa\/#breadcrumb\"},\"inLanguage\":\"hu\",\"potentialAction\":[{\"@type\":\"ReadAction\",\"target\":[\"https:\/\/mypalmleaf.com\/hu\/prices\/tuz-szertartas-homa\/\"]}]},{\"@type\":\"ImageObject\",\"inLanguage\":\"hu\",\"@id\":\"https:\/\/mypalmleaf.com\/hu\/prices\/tuz-szertartas-homa\/#primaryimage\",\"url\":\"https:\/\/mypalmleaf.com\/wp-content\/uploads\/2024\/09\/mantra-product-page-2-1.jpg\",\"contentUrl\":\"https:\/\/mypalmleaf.com\/wp-content\/uploads\/2024\/09\/mantra-product-page-2-1.jpg\",\"width\":800,\"height\":444,\"caption\":\"Homa procedure-1\"},{\"@type\":\"BreadcrumbList\",\"@id\":\"https:\/\/mypalmleaf.com\/hu\/prices\/tuz-szertartas-homa\/#breadcrumb\",\"itemListElement\":[{\"@type\":\"ListItem\",\"position\":1,\"name\":\"Home\",\"item\":\"https:\/\/mypalmleaf.com\/hu\/\"},{\"@type\":\"ListItem\",\"position\":2,\"name\":\"Shop\",\"item\":\"https:\/\/mypalmleaf.com\/et\/shop\/\"},{\"@type\":\"ListItem\",\"position\":3,\"name\":\"T\u0171z szertart\u00e1s &#8211; Homa\"}]},{\"@type\":\"WebSite\",\"@id\":\"https:\/\/mypalmleaf.com\/#website\",\"url\":\"https:\/\/mypalmleaf.com\/\",\"name\":\"My Palm Leaf\",\"description\":\"\",\"potentialAction\":[{\"@type\":\"SearchAction\",\"target\":{\"@type\":\"EntryPoint\",\"urlTemplate\":\"https:\/\/mypalmleaf.com\/?s={search_term_string}\"},\"query-input\":{\"@type\":\"PropertyValueSpecification\",\"valueRequired\":true,\"valueName\":\"search_term_string\"}}],\"inLanguage\":\"hu\"}]}<\/script>\n<!-- \/ Yoast SEO plugin. -->","yoast_head_json":{"title":"Agni Homa \/ T\u0171z ritu\u00e1l\u00e9 online | Shanti Pooja otthon | V\u00e9dikus Homa","description":"Tapasztalja meg az Agni Homamot, a szent v\u00e9dikus t\u0171z ritu\u00e1l\u00e9t, otthon\u00e1nak k\u00e9nyelm\u00e9b\u0151l. Tiszt\u00edtsa meg a negat\u00edv energi\u00e1kat, h\u00edvjon \u00e1ld\u00e1st, \u00e9s foglalja le szertart\u00e1s\u00e1t m\u00e9g ma!","robots":{"index":"index","follow":"follow","max-snippet":"max-snippet:-1","max-image-preview":"max-image-preview:large","max-video-preview":"max-video-preview:-1"},"canonical":"https:\/\/mypalmleaf.com\/hu\/prices\/tuz-szertartas-homa\/","og_locale":"hu_HU","og_type":"article","og_title":"Agni Homa \/ T\u0171z ritu\u00e1l\u00e9 online | Shanti Pooja otthon | V\u00e9dikus Homa","og_description":"Tapasztalja meg az Agni Homamot, a szent v\u00e9dikus t\u0171z ritu\u00e1l\u00e9t, otthon\u00e1nak k\u00e9nyelm\u00e9b\u0151l. Tiszt\u00edtsa meg a negat\u00edv energi\u00e1kat, h\u00edvjon \u00e1ld\u00e1st, \u00e9s foglalja le szertart\u00e1s\u00e1t m\u00e9g ma!","og_url":"https:\/\/mypalmleaf.com\/hu\/prices\/tuz-szertartas-homa\/","og_site_name":"My Palm Leaf","article_modified_time":"2025-08-04T13:12:28+00:00","og_image":[{"width":800,"height":444,"url":"https:\/\/mypalmleaf.com\/wp-content\/uploads\/2024\/09\/mantra-product-page-2-1.jpg","type":"image\/jpeg"}],"twitter_card":"summary_large_image","twitter_misc":{"Becs\u00fclt olvas\u00e1si id\u0151":"1 perc"},"schema":{"@context":"https:\/\/schema.org","@graph":[{"@type":"WebPage","@id":"https:\/\/mypalmleaf.com\/hu\/prices\/tuz-szertartas-homa\/","url":"https:\/\/mypalmleaf.com\/hu\/prices\/tuz-szertartas-homa\/","name":"Agni Homa \/ T\u0171z ritu\u00e1l\u00e9 online | Shanti Pooja otthon | V\u00e9dikus Homa","isPartOf":{"@id":"https:\/\/mypalmleaf.com\/#website"},"primaryImageOfPage":{"@id":"https:\/\/mypalmleaf.com\/hu\/prices\/tuz-szertartas-homa\/#primaryimage"},"image":{"@id":"https:\/\/mypalmleaf.com\/hu\/prices\/tuz-szertartas-homa\/#primaryimage"},"thumbnailUrl":"https:\/\/mypalmleaf.com\/wp-content\/uploads\/2024\/09\/mantra-product-page-2-1.jpg","datePublished":"2024-09-04T10:56:25+00:00","dateModified":"2025-08-04T13:12:28+00:00","description":"Tapasztalja meg az Agni Homamot, a szent v\u00e9dikus t\u0171z ritu\u00e1l\u00e9t, otthon\u00e1nak k\u00e9nyelm\u00e9b\u0151l. Tiszt\u00edtsa meg a negat\u00edv energi\u00e1kat, h\u00edvjon \u00e1ld\u00e1st, \u00e9s foglalja le szertart\u00e1s\u00e1t m\u00e9g ma!","breadcrumb":{"@id":"https:\/\/mypalmleaf.com\/hu\/prices\/tuz-szertartas-homa\/#breadcrumb"},"inLanguage":"hu","potentialAction":[{"@type":"ReadAction","target":["https:\/\/mypalmleaf.com\/hu\/prices\/tuz-szertartas-homa\/"]}]},{"@type":"ImageObject","inLanguage":"hu","@id":"https:\/\/mypalmleaf.com\/hu\/prices\/tuz-szertartas-homa\/#primaryimage","url":"https:\/\/mypalmleaf.com\/wp-content\/uploads\/2024\/09\/mantra-product-page-2-1.jpg","contentUrl":"https:\/\/mypalmleaf.com\/wp-content\/uploads\/2024\/09\/mantra-product-page-2-1.jpg","width":800,"height":444,"caption":"Homa procedure-1"},{"@type":"BreadcrumbList","@id":"https:\/\/mypalmleaf.com\/hu\/prices\/tuz-szertartas-homa\/#breadcrumb","itemListElement":[{"@type":"ListItem","position":1,"name":"Home","item":"https:\/\/mypalmleaf.com\/hu\/"},{"@type":"ListItem","position":2,"name":"Shop","item":"https:\/\/mypalmleaf.com\/et\/shop\/"},{"@type":"ListItem","position":3,"name":"T\u0171z szertart\u00e1s &#8211; Homa"}]},{"@type":"WebSite","@id":"https:\/\/mypalmleaf.com\/#website","url":"https:\/\/mypalmleaf.com\/","name":"My Palm Leaf","description":"","potentialAction":[{"@type":"SearchAction","target":{"@type":"EntryPoint","urlTemplate":"https:\/\/mypalmleaf.com\/?s={search_term_string}"},"query-input":{"@type":"PropertyValueSpecification","valueRequired":true,"valueName":"search_term_string"}}],"inLanguage":"hu"}]}},"_links":{"self":[{"href":"https:\/\/mypalmleaf.com\/hu\/wp-json\/wp\/v2\/product\/39015","targetHints":{"allow":["GET"]}}],"collection":[{"href":"https:\/\/mypalmleaf.com\/hu\/wp-json\/wp\/v2\/product"}],"about":[{"href":"https:\/\/mypalmleaf.com\/hu\/wp-json\/wp\/v2\/types\/product"}],"replies":[{"embeddable":true,"href":"https:\/\/mypalmleaf.com\/hu\/wp-json\/wp\/v2\/comments?post=39015"}],"wp:featuredmedia":[{"embeddable":true,"href":"https:\/\/mypalmleaf.com\/hu\/wp-json\/wp\/v2\/media\/9904"}],"wp:attachment":[{"href":"https:\/\/mypalmleaf.com\/hu\/wp-json\/wp\/v2\/media?parent=39015"}],"wp:term":[{"taxonomy":"product_brand","embeddable":true,"href":"https:\/\/mypalmleaf.com\/hu\/wp-json\/wp\/v2\/product_brand?post=39015"},{"taxonomy":"product_cat","embeddable":true,"href":"https:\/\/mypalmleaf.com\/hu\/wp-json\/wp\/v2\/product_cat?post=39015"},{"taxonomy":"product_tag","embeddable":true,"href":"https:\/\/mypalmleaf.com\/hu\/wp-json\/wp\/v2\/product_tag?post=39015"}],"curies":[{"name":"wp","href":"https:\/\/api.w.org\/{rel}","templated":true}]}}