
{"id":39060,"date":"2024-09-04T10:57:16","date_gmt":"2024-09-04T10:57:16","guid":{"rendered":"https:\/\/mypalmleaf.com\/prices\/konkret-mantra-yantra-pooja-vegzett-az-on-szamara-indiaban\/"},"modified":"2025-04-24T02:03:55","modified_gmt":"2025-04-24T02:03:55","slug":"konkret-mantra-yantra-pooja-vegzett-az-on-szamara-indiaban","status":"publish","type":"product","link":"https:\/\/mypalmleaf.com\/hu\/prices\/konkret-mantra-yantra-pooja-vegzett-az-on-szamara-indiaban\/","title":{"rendered":"Konkr\u00e9t mantra yantra pooja v\u00e9gzett az \u00d6n sz\u00e1m\u00e1ra Indi\u00e1ban"},"content":{"rendered":"<p>A Rishik \u00e1ltal a P\u00e1lmalev\u00e9l olvas\u00e1s sor\u00e1n adott aj\u00e1nl\u00e1s alapj\u00e1n egy indiai templomban egy pap egy nagyon k\u00fcl\u00f6nleges szertart\u00e1st fog elv\u00e9gezni az \u00d6n sz\u00e1m\u00e1ra.<\/p>\n<p>A pap naponta k\u00e9tszer fogja elv\u00e9gezni a szertart\u00e1st, speci\u00e1lis im\u00e1kkal \u00e9s mantr\u00e1kkal, hogy megid\u00e9zze ezeket az energi\u00e1kat \u00e9s \u00e1ld\u00e1sokat az \u00d6n \u00e9let\u00e9ben.<\/p>\n<p>A szertart\u00e1s sor\u00e1n egy r\u00e9z Yantra (szent geometriai diagram) felt\u00f6lt\u0151dik a szertart\u00e1s energi\u00e1j\u00e1val, \u00e9s a befejez\u00e9s ut\u00e1n elk\u00fcldi \u00d6nnek.<\/p>\n","protected":false},"excerpt":{"rendered":"<p>A Rishik \u00e1ltal adott aj\u00e1nl\u00e1s alapj\u00e1n, a P\u00e1lmalev\u00e9l olvas\u00e1s sor\u00e1n egy indiai templomban egy pap egy nagyon k\u00fcl\u00f6nleges szertart\u00e1st fog elv\u00e9gezni sz\u00e1modra&#8230;<\/p>\n","protected":false},"featured_media":3178,"comment_status":"open","ping_status":"closed","template":"","meta":{"_acf_changed":false},"product_brand":[],"product_cat":[352],"product_tag":[],"class_list":{"0":"post-39060","1":"product","2":"type-product","3":"status-publish","4":"has-post-thumbnail","6":"product_cat-nem-kategorizalt","8":"first","9":"instock","10":"purchasable","11":"product-type-variable"},"exclude_global_add_ons":[],"addons":[],"acf":[],"yoast_head":"<!-- This site is optimized with the Yoast SEO plugin v26.4 - https:\/\/yoast.com\/wordpress\/plugins\/seo\/ -->\n<title>Egyedi Mantra Yantra Pooja Indi\u00e1b\u00f3l \u00d6nnek | My Palm Leaf<\/title>\n<meta name=\"description\" content=\"Szem\u00e9lyre szabott szertart\u00e1s Indi\u00e1ban, amely a szent mantr\u00e1k \u00e9s jantr\u00e1k erej\u00e9n, valamint a harm\u00f3ni\u00e1n \u00e9s egyens\u00falyon kereszt\u00fcl seg\u00edti a spiritu\u00e1lis fejl\u0151d\u00e9st.\" \/>\n<meta name=\"robots\" content=\"index, follow, max-snippet:-1, max-image-preview:large, max-video-preview:-1\" \/>\n<link rel=\"canonical\" href=\"https:\/\/mypalmleaf.com\/hu\/prices\/konkret-mantra-yantra-pooja-vegzett-az-on-szamara-indiaban\/\" \/>\n<meta property=\"og:locale\" content=\"hu_HU\" \/>\n<meta property=\"og:type\" content=\"article\" \/>\n<meta property=\"og:title\" content=\"Egyedi Mantra Yantra Pooja Indi\u00e1b\u00f3l \u00d6nnek | My Palm Leaf\" \/>\n<meta property=\"og:description\" content=\"Szem\u00e9lyre szabott szertart\u00e1s Indi\u00e1ban, amely a szent mantr\u00e1k \u00e9s jantr\u00e1k erej\u00e9n, valamint a harm\u00f3ni\u00e1n \u00e9s egyens\u00falyon kereszt\u00fcl seg\u00edti a spiritu\u00e1lis fejl\u0151d\u00e9st.\" \/>\n<meta property=\"og:url\" content=\"https:\/\/mypalmleaf.com\/hu\/prices\/konkret-mantra-yantra-pooja-vegzett-az-on-szamara-indiaban\/\" \/>\n<meta property=\"og:site_name\" content=\"My Palm Leaf\" \/>\n<meta property=\"article:modified_time\" content=\"2025-04-24T02:03:55+00:00\" \/>\n<meta property=\"og:image\" content=\"https:\/\/mypalmleaf.com\/wp-content\/uploads\/2024\/09\/mantra-product-page-1-1.jpg\" \/>\n\t<meta property=\"og:image:width\" content=\"800\" \/>\n\t<meta property=\"og:image:height\" content=\"444\" \/>\n\t<meta property=\"og:image:type\" content=\"image\/jpeg\" \/>\n<meta name=\"twitter:card\" content=\"summary_large_image\" \/>\n<meta name=\"twitter:label1\" content=\"Becs\u00fclt olvas\u00e1si id\u0151\" \/>\n\t<meta name=\"twitter:data1\" content=\"1 perc\" \/>\n<script type=\"application\/ld+json\" class=\"yoast-schema-graph\">{\"@context\":\"https:\/\/schema.org\",\"@graph\":[{\"@type\":\"WebPage\",\"@id\":\"https:\/\/mypalmleaf.com\/hu\/prices\/konkret-mantra-yantra-pooja-vegzett-az-on-szamara-indiaban\/\",\"url\":\"https:\/\/mypalmleaf.com\/hu\/prices\/konkret-mantra-yantra-pooja-vegzett-az-on-szamara-indiaban\/\",\"name\":\"Egyedi Mantra Yantra Pooja Indi\u00e1b\u00f3l \u00d6nnek | My Palm Leaf\",\"isPartOf\":{\"@id\":\"https:\/\/mypalmleaf.com\/#website\"},\"primaryImageOfPage\":{\"@id\":\"https:\/\/mypalmleaf.com\/hu\/prices\/konkret-mantra-yantra-pooja-vegzett-az-on-szamara-indiaban\/#primaryimage\"},\"image\":{\"@id\":\"https:\/\/mypalmleaf.com\/hu\/prices\/konkret-mantra-yantra-pooja-vegzett-az-on-szamara-indiaban\/#primaryimage\"},\"thumbnailUrl\":\"https:\/\/mypalmleaf.com\/wp-content\/uploads\/2024\/09\/mantra-product-page-1-1.jpg\",\"datePublished\":\"2024-09-04T10:57:16+00:00\",\"dateModified\":\"2025-04-24T02:03:55+00:00\",\"description\":\"Szem\u00e9lyre szabott szertart\u00e1s Indi\u00e1ban, amely a szent mantr\u00e1k \u00e9s jantr\u00e1k erej\u00e9n, valamint a harm\u00f3ni\u00e1n \u00e9s egyens\u00falyon kereszt\u00fcl seg\u00edti a spiritu\u00e1lis fejl\u0151d\u00e9st.\",\"breadcrumb\":{\"@id\":\"https:\/\/mypalmleaf.com\/hu\/prices\/konkret-mantra-yantra-pooja-vegzett-az-on-szamara-indiaban\/#breadcrumb\"},\"inLanguage\":\"hu\",\"potentialAction\":[{\"@type\":\"ReadAction\",\"target\":[\"https:\/\/mypalmleaf.com\/hu\/prices\/konkret-mantra-yantra-pooja-vegzett-az-on-szamara-indiaban\/\"]}]},{\"@type\":\"ImageObject\",\"inLanguage\":\"hu\",\"@id\":\"https:\/\/mypalmleaf.com\/hu\/prices\/konkret-mantra-yantra-pooja-vegzett-az-on-szamara-indiaban\/#primaryimage\",\"url\":\"https:\/\/mypalmleaf.com\/wp-content\/uploads\/2024\/09\/mantra-product-page-1-1.jpg\",\"contentUrl\":\"https:\/\/mypalmleaf.com\/wp-content\/uploads\/2024\/09\/mantra-product-page-1-1.jpg\",\"width\":800,\"height\":444,\"caption\":\"Homa procedure-2\"},{\"@type\":\"BreadcrumbList\",\"@id\":\"https:\/\/mypalmleaf.com\/hu\/prices\/konkret-mantra-yantra-pooja-vegzett-az-on-szamara-indiaban\/#breadcrumb\",\"itemListElement\":[{\"@type\":\"ListItem\",\"position\":1,\"name\":\"Home\",\"item\":\"https:\/\/mypalmleaf.com\/hu\/\"},{\"@type\":\"ListItem\",\"position\":2,\"name\":\"Shop\",\"item\":\"https:\/\/mypalmleaf.com\/et\/shop\/\"},{\"@type\":\"ListItem\",\"position\":3,\"name\":\"Konkr\u00e9t mantra yantra pooja v\u00e9gzett az \u00d6n sz\u00e1m\u00e1ra Indi\u00e1ban\"}]},{\"@type\":\"WebSite\",\"@id\":\"https:\/\/mypalmleaf.com\/#website\",\"url\":\"https:\/\/mypalmleaf.com\/\",\"name\":\"My Palm Leaf\",\"description\":\"\",\"potentialAction\":[{\"@type\":\"SearchAction\",\"target\":{\"@type\":\"EntryPoint\",\"urlTemplate\":\"https:\/\/mypalmleaf.com\/?s={search_term_string}\"},\"query-input\":{\"@type\":\"PropertyValueSpecification\",\"valueRequired\":true,\"valueName\":\"search_term_string\"}}],\"inLanguage\":\"hu\"}]}<\/script>\n<!-- \/ Yoast SEO plugin. -->","yoast_head_json":{"title":"Egyedi Mantra Yantra Pooja Indi\u00e1b\u00f3l \u00d6nnek | My Palm Leaf","description":"Szem\u00e9lyre szabott szertart\u00e1s Indi\u00e1ban, amely a szent mantr\u00e1k \u00e9s jantr\u00e1k erej\u00e9n, valamint a harm\u00f3ni\u00e1n \u00e9s egyens\u00falyon kereszt\u00fcl seg\u00edti a spiritu\u00e1lis fejl\u0151d\u00e9st.","robots":{"index":"index","follow":"follow","max-snippet":"max-snippet:-1","max-image-preview":"max-image-preview:large","max-video-preview":"max-video-preview:-1"},"canonical":"https:\/\/mypalmleaf.com\/hu\/prices\/konkret-mantra-yantra-pooja-vegzett-az-on-szamara-indiaban\/","og_locale":"hu_HU","og_type":"article","og_title":"Egyedi Mantra Yantra Pooja Indi\u00e1b\u00f3l \u00d6nnek | My Palm Leaf","og_description":"Szem\u00e9lyre szabott szertart\u00e1s Indi\u00e1ban, amely a szent mantr\u00e1k \u00e9s jantr\u00e1k erej\u00e9n, valamint a harm\u00f3ni\u00e1n \u00e9s egyens\u00falyon kereszt\u00fcl seg\u00edti a spiritu\u00e1lis fejl\u0151d\u00e9st.","og_url":"https:\/\/mypalmleaf.com\/hu\/prices\/konkret-mantra-yantra-pooja-vegzett-az-on-szamara-indiaban\/","og_site_name":"My Palm Leaf","article_modified_time":"2025-04-24T02:03:55+00:00","og_image":[{"width":800,"height":444,"url":"https:\/\/mypalmleaf.com\/wp-content\/uploads\/2024\/09\/mantra-product-page-1-1.jpg","type":"image\/jpeg"}],"twitter_card":"summary_large_image","twitter_misc":{"Becs\u00fclt olvas\u00e1si id\u0151":"1 perc"},"schema":{"@context":"https:\/\/schema.org","@graph":[{"@type":"WebPage","@id":"https:\/\/mypalmleaf.com\/hu\/prices\/konkret-mantra-yantra-pooja-vegzett-az-on-szamara-indiaban\/","url":"https:\/\/mypalmleaf.com\/hu\/prices\/konkret-mantra-yantra-pooja-vegzett-az-on-szamara-indiaban\/","name":"Egyedi Mantra Yantra Pooja Indi\u00e1b\u00f3l \u00d6nnek | My Palm Leaf","isPartOf":{"@id":"https:\/\/mypalmleaf.com\/#website"},"primaryImageOfPage":{"@id":"https:\/\/mypalmleaf.com\/hu\/prices\/konkret-mantra-yantra-pooja-vegzett-az-on-szamara-indiaban\/#primaryimage"},"image":{"@id":"https:\/\/mypalmleaf.com\/hu\/prices\/konkret-mantra-yantra-pooja-vegzett-az-on-szamara-indiaban\/#primaryimage"},"thumbnailUrl":"https:\/\/mypalmleaf.com\/wp-content\/uploads\/2024\/09\/mantra-product-page-1-1.jpg","datePublished":"2024-09-04T10:57:16+00:00","dateModified":"2025-04-24T02:03:55+00:00","description":"Szem\u00e9lyre szabott szertart\u00e1s Indi\u00e1ban, amely a szent mantr\u00e1k \u00e9s jantr\u00e1k erej\u00e9n, valamint a harm\u00f3ni\u00e1n \u00e9s egyens\u00falyon kereszt\u00fcl seg\u00edti a spiritu\u00e1lis fejl\u0151d\u00e9st.","breadcrumb":{"@id":"https:\/\/mypalmleaf.com\/hu\/prices\/konkret-mantra-yantra-pooja-vegzett-az-on-szamara-indiaban\/#breadcrumb"},"inLanguage":"hu","potentialAction":[{"@type":"ReadAction","target":["https:\/\/mypalmleaf.com\/hu\/prices\/konkret-mantra-yantra-pooja-vegzett-az-on-szamara-indiaban\/"]}]},{"@type":"ImageObject","inLanguage":"hu","@id":"https:\/\/mypalmleaf.com\/hu\/prices\/konkret-mantra-yantra-pooja-vegzett-az-on-szamara-indiaban\/#primaryimage","url":"https:\/\/mypalmleaf.com\/wp-content\/uploads\/2024\/09\/mantra-product-page-1-1.jpg","contentUrl":"https:\/\/mypalmleaf.com\/wp-content\/uploads\/2024\/09\/mantra-product-page-1-1.jpg","width":800,"height":444,"caption":"Homa procedure-2"},{"@type":"BreadcrumbList","@id":"https:\/\/mypalmleaf.com\/hu\/prices\/konkret-mantra-yantra-pooja-vegzett-az-on-szamara-indiaban\/#breadcrumb","itemListElement":[{"@type":"ListItem","position":1,"name":"Home","item":"https:\/\/mypalmleaf.com\/hu\/"},{"@type":"ListItem","position":2,"name":"Shop","item":"https:\/\/mypalmleaf.com\/et\/shop\/"},{"@type":"ListItem","position":3,"name":"Konkr\u00e9t mantra yantra pooja v\u00e9gzett az \u00d6n sz\u00e1m\u00e1ra Indi\u00e1ban"}]},{"@type":"WebSite","@id":"https:\/\/mypalmleaf.com\/#website","url":"https:\/\/mypalmleaf.com\/","name":"My Palm Leaf","description":"","potentialAction":[{"@type":"SearchAction","target":{"@type":"EntryPoint","urlTemplate":"https:\/\/mypalmleaf.com\/?s={search_term_string}"},"query-input":{"@type":"PropertyValueSpecification","valueRequired":true,"valueName":"search_term_string"}}],"inLanguage":"hu"}]}},"_links":{"self":[{"href":"https:\/\/mypalmleaf.com\/hu\/wp-json\/wp\/v2\/product\/39060","targetHints":{"allow":["GET"]}}],"collection":[{"href":"https:\/\/mypalmleaf.com\/hu\/wp-json\/wp\/v2\/product"}],"about":[{"href":"https:\/\/mypalmleaf.com\/hu\/wp-json\/wp\/v2\/types\/product"}],"replies":[{"embeddable":true,"href":"https:\/\/mypalmleaf.com\/hu\/wp-json\/wp\/v2\/comments?post=39060"}],"wp:featuredmedia":[{"embeddable":true,"href":"https:\/\/mypalmleaf.com\/hu\/wp-json\/wp\/v2\/media\/3178"}],"wp:attachment":[{"href":"https:\/\/mypalmleaf.com\/hu\/wp-json\/wp\/v2\/media?parent=39060"}],"wp:term":[{"taxonomy":"product_brand","embeddable":true,"href":"https:\/\/mypalmleaf.com\/hu\/wp-json\/wp\/v2\/product_brand?post=39060"},{"taxonomy":"product_cat","embeddable":true,"href":"https:\/\/mypalmleaf.com\/hu\/wp-json\/wp\/v2\/product_cat?post=39060"},{"taxonomy":"product_tag","embeddable":true,"href":"https:\/\/mypalmleaf.com\/hu\/wp-json\/wp\/v2\/product_tag?post=39060"}],"curies":[{"name":"wp","href":"https:\/\/api.w.org\/{rel}","templated":true}]}}