
{"id":40153,"date":"2024-09-04T10:57:26","date_gmt":"2024-09-04T10:57:26","guid":{"rendered":"https:\/\/mypalmleaf.com\/prices\/tovabbi-fejezetek-olvasasa\/"},"modified":"2025-10-09T16:10:29","modified_gmt":"2025-10-09T16:10:29","slug":"tovabbi-fejezetek-olvasasa","status":"publish","type":"product","link":"https:\/\/mypalmleaf.com\/hu\/prices\/tovabbi-fejezetek-olvasasa\/","title":{"rendered":"Tov\u00e1bbi fejezetek olvas\u00e1sa a Mypalmleaf oldalon"},"content":{"rendered":"<div class=\"description\">\n<p><strong>A szolg\u00e1ltat\u00e1s mag\u00e1ban foglalja<\/strong><\/p>\n<ul>\n<li>Az \u00d6n \u00e1ltal v\u00e1lasztott fejezetek felolvas\u00e1sa a p\u00e1lmalev\u00e9l k\u00f6nyvt\u00e1rban<\/li>\n<li>A felolvas\u00e1s moder\u00e1l\u00e1sa az MPL moder\u00e1tora \u00e1ltal<\/li>\n<li>Vide\u00f3felv\u00e9tel<\/li>\n<\/ul>\n<\/div>\n<div class=\"additional-addons-wrap\">\n<p>A p\u00e1lmalevelek ak\u00e1r 17 fejezetet is tartalmazhatnak, amelyek mindegyike egy-egy t\u00e9m\u00e1nak van szentelve az ember \u00e9let\u00e9ben.<\/p>\n<p>Az \u00e1ltal\u00e1nos fejezetet az olvasm\u00e1ny tartalmazza, \u00edgy a tov\u00e1bbi fejezeteket <strong>csak<\/strong> az \u00e1ltal\u00e1nos fejezet olvasm\u00e1ny <strong>ut\u00e1n<\/strong> lehet <strong>elolvasni<\/strong>.<\/p>\n<p>M\u00e9g nem vetted fel az \u00e1ltal\u00e1nos fejezet olvasm\u00e1nyt? <a class=\"fw-bold text-body\" href=\"https:\/\/mypalmleaf.com\/hu\/prices\/levelkereses-altalanos-fejezetek-olvasasa\/\">Szerezze be itt<\/a>.<\/p>\n<p>Az al\u00e1bbiakban b\u00e1rmelyik tov\u00e1bbi fejezet olvas\u00e1si szolg\u00e1ltat\u00e1s\u00e1t kiv\u00e1laszthatja.<\/p>\n<p>A speci\u00e1lis fejezetek hosszabbak \u00e9s r\u00e9szletesebbek, mint a norm\u00e1l fejezetek.<\/p>\n<\/div>\n","protected":false},"excerpt":{"rendered":"<p><strong>A szolg\u00e1ltat\u00e1s mag\u00e1ban foglalja<\/strong><\/p>\n<ul>\n<li>Az \u00d6n \u00e1ltal v\u00e1lasztott fejezetek felolvas\u00e1sa a p\u00e1lmalev\u00e9l k\u00f6nyvt\u00e1rban<\/li>\n<li>A felolvas\u00e1s moder\u00e1l\u00e1sa az MPL moder\u00e1tora \u00e1ltal&#8230;<\/li>\n<\/ul>\n","protected":false},"featured_media":9820,"comment_status":"open","ping_status":"closed","template":"","meta":{"_acf_changed":false},"product_brand":[],"product_cat":[352],"product_tag":[],"class_list":{"0":"post-40153","1":"product","2":"type-product","3":"status-publish","4":"has-post-thumbnail","6":"product_cat-nem-kategorizalt","8":"first","9":"instock","10":"virtual","11":"taxable","12":"purchasable","13":"product-type-simple"},"exclude_global_add_ons":false,"addons":[{"name":"Fejezetek","type":"checkbox","position":0,"required":false,"title_format":"label","description_enable":true,"description":"fejezetek","placeholder_enable":false,"placeholder":null,"display":"select","restrictions_type":"any_text","adjust_price":false,"price":"","price_type":"flat_fee","restrictions":false,"min":0,"max":0,"options":[{"label":"1. \u00c1ltal\u00e1nos fejezet (Ezt m\u00e1r hallott\u00e1tok az \u00e1ltal\u00e1nos olvasm\u00e1nyban)","price":"","price_type":"flat_fee","image":0},{"label":"2. Oktat\u00e1s \u00e9s gazdags\u00e1g","price":"79","price_type":"flat_fee","image":0},{"label":"3. Testv\u00e9rek","price":"79","price_type":"flat_fee","image":0},{"label":"4. Any\u00e1d, anyagi szempontok, mint h\u00e1z, f\u00f6ld, j\u00e1rm\u0171vek \u00e9s anyagi k\u00e9nyelem.","price":"79","price_type":"flat_fee","image":0},{"label":"5. Gyermekek","price":"79","price_type":"flat_fee","image":0},{"label":"6. Ellens\u00e9gek \u00e9s betegs\u00e9gek","price":"79","price_type":"flat_fee","image":0},{"label":"7. H\u00e1zass\u00e1g\/kapcsolatok","price":"79","price_type":"flat_fee","image":0},{"label":"8. \u00c9lettartam","price":"79","price_type":"flat_fee","image":0},{"label":"9. Az ap\u00e1d \u00e9s a spiritu\u00e1lis utad","price":"79","price_type":"flat_fee","image":0},{"label":"10. Karrier\/Munkahely\/\u00fczlet","price":"79","price_type":"flat_fee","image":0},{"label":"11. Szerencse, nyeres\u00e9g, esetleges m\u00e1sodik h\u00e1zass\u00e1g","price":"79","price_type":"flat_fee","image":0},{"label":"12. K\u00fclf\u00f6ldi kapcsolat \u00e9s k\u00f6vetkez\u0151 inkarn\u00e1ci\u00f3","price":"79","price_type":"flat_fee","image":0},{"label":"13. Kor\u00e1bbi sz\u00fclet\u00e9s \u00e9s r\u00e9gi karma","price":"79","price_type":"flat_fee","image":0},{"label":"14. Energetikai gy\u00f3gym\u00f3dok \u00e9letutad jav\u00edt\u00e1s\u00e1ra (Ezt m\u00e1r hallottad az \u00c1ltal\u00e1nos Olvasm\u00e1nyban).","price":"","price_type":"flat_fee","image":0},{"label":"15. Ayurveda gy\u00f3gy\u00e1szat","price":"130","price_type":"flat_fee","image":0},{"label":"16. Lelki fejl\u0151d\u00e9s","price":"130","price_type":"flat_fee","image":0},{"label":"17. Jelenlegi bolyg\u00f3hat\u00e1sok","price":"130","price_type":"flat_fee","image":0}],"id":1725236907},{"name":"Ford\u00edt\u00e1s fejezetenk\u00e9nt","type":"checkbox","position":1,"required":false,"title_format":"label","description_enable":true,"description":"ford\u00edt\u00e1s","placeholder_enable":false,"placeholder":null,"display":"select","restrictions_type":"any_text","adjust_price":false,"price":"","price_type":"flat_fee","restrictions":false,"min":0,"max":0,"options":[{"label":"Angol","price":"","price_type":"flat_fee","image":0},{"label":"N\u00e9met","price":"12","price_type":"flat_fee","image":0},{"label":"Orosz","price":"12","price_type":"flat_fee","image":0},{"label":"Jap\u00e1n","price":"12","price_type":"flat_fee","image":0},{"label":"Olasz","price":"12","price_type":"flat_fee","image":0},{"label":"Francia","price":"12","price_type":"flat_fee","image":0},{"label":"Spanyol","price":"12","price_type":"flat_fee","image":0},{"label":"Holland","price":"12","price_type":"flat_fee","image":0},{"label":"Egy\u00e9b","price":"12","price_type":"flat_fee","image":0}],"id":1725236908},{"name":"\u00c1t\u00edr\u00e1s fejezetenk\u00e9nt","type":"checkbox","position":2,"required":false,"title_format":"label","description_enable":true,"description":"\u00e1t\u00edr\u00e1s","placeholder_enable":false,"placeholder":null,"display":"select","restrictions_type":"any_text","adjust_price":false,"price":"","price_type":"flat_fee","restrictions":false,"min":0,"max":0,"options":[{"label":"Angol","price":"18","price_type":"flat_fee","image":0},{"label":"N\u00e9met","price":"27","price_type":"flat_fee","image":0},{"label":"Orosz","price":"27","price_type":"flat_fee","image":0},{"label":"Jap\u00e1n","price":"27","price_type":"flat_fee","image":0},{"label":"Olasz","price":"27","price_type":"flat_fee","image":0},{"label":"Francia","price":"27","price_type":"flat_fee","image":0},{"label":"Spanyol","price":"27","price_type":"flat_fee","image":0},{"label":"Holland","price":"27","price_type":"flat_fee","image":0},{"label":"Egy\u00e9b","price":"27","price_type":"flat_fee","image":0}],"id":1725236909}],"acf":[],"yoast_head":"<!-- This site is optimized with the Yoast SEO plugin v26.4 - https:\/\/yoast.com\/wordpress\/plugins\/seo\/ -->\n<title>Tov\u00e1bbi fejezetek olvas\u00e1sa | My Palm Leaf - 79 \u20ac \u00e9s tov\u00e1bb<\/title>\n<meta name=\"description\" content=\"Fedezze fel a m\u00e9lyebb betekint\u00e9st a tov\u00e1bbi p\u00e1lmalev\u00e9l fejezetekkel. Tiszt\u00e1zza a szerelmet, a karriert \u00e9s az \u00e9letutat. Foglalja le szem\u00e9lyre szabott olvas\u00e1s\u00e1t m\u00e9g ma a My Palm Leaf oldalon!\" \/>\n<meta name=\"robots\" content=\"index, follow, max-snippet:-1, max-image-preview:large, max-video-preview:-1\" \/>\n<link rel=\"canonical\" href=\"https:\/\/mypalmleaf.com\/hu\/prices\/tovabbi-fejezetek-olvasasa\/\" \/>\n<meta property=\"og:locale\" content=\"hu_HU\" \/>\n<meta property=\"og:type\" content=\"article\" \/>\n<meta property=\"og:title\" content=\"Tov\u00e1bbi fejezetek olvas\u00e1sa | My Palm Leaf - 79 \u20ac \u00e9s tov\u00e1bb\" \/>\n<meta property=\"og:description\" content=\"Fedezze fel a m\u00e9lyebb betekint\u00e9st a tov\u00e1bbi p\u00e1lmalev\u00e9l fejezetekkel. Tiszt\u00e1zza a szerelmet, a karriert \u00e9s az \u00e9letutat. Foglalja le szem\u00e9lyre szabott olvas\u00e1s\u00e1t m\u00e9g ma a My Palm Leaf oldalon!\" \/>\n<meta property=\"og:url\" content=\"https:\/\/mypalmleaf.com\/hu\/prices\/tovabbi-fejezetek-olvasasa\/\" \/>\n<meta property=\"og:site_name\" content=\"My Palm Leaf\" \/>\n<meta property=\"article:modified_time\" content=\"2025-10-09T16:10:29+00:00\" \/>\n<meta property=\"og:image\" content=\"https:\/\/mypalmleaf.com\/wp-content\/uploads\/2024\/09\/services-thumb-2.jpg\" \/>\n\t<meta property=\"og:image:width\" content=\"800\" \/>\n\t<meta property=\"og:image:height\" content=\"444\" \/>\n\t<meta property=\"og:image:type\" content=\"image\/jpeg\" \/>\n<meta name=\"twitter:card\" content=\"summary_large_image\" \/>\n<meta name=\"twitter:label1\" content=\"Becs\u00fclt olvas\u00e1si id\u0151\" \/>\n\t<meta name=\"twitter:data1\" content=\"1 perc\" \/>\n<script type=\"application\/ld+json\" class=\"yoast-schema-graph\">{\"@context\":\"https:\/\/schema.org\",\"@graph\":[{\"@type\":\"WebPage\",\"@id\":\"https:\/\/mypalmleaf.com\/hu\/prices\/tovabbi-fejezetek-olvasasa\/\",\"url\":\"https:\/\/mypalmleaf.com\/hu\/prices\/tovabbi-fejezetek-olvasasa\/\",\"name\":\"Tov\u00e1bbi fejezetek olvas\u00e1sa | My Palm Leaf - 79 \u20ac \u00e9s tov\u00e1bb\",\"isPartOf\":{\"@id\":\"https:\/\/mypalmleaf.com\/#website\"},\"primaryImageOfPage\":{\"@id\":\"https:\/\/mypalmleaf.com\/hu\/prices\/tovabbi-fejezetek-olvasasa\/#primaryimage\"},\"image\":{\"@id\":\"https:\/\/mypalmleaf.com\/hu\/prices\/tovabbi-fejezetek-olvasasa\/#primaryimage\"},\"thumbnailUrl\":\"https:\/\/mypalmleaf.com\/wp-content\/uploads\/2024\/09\/services-thumb-2.jpg\",\"datePublished\":\"2024-09-04T10:57:26+00:00\",\"dateModified\":\"2025-10-09T16:10:29+00:00\",\"description\":\"Fedezze fel a m\u00e9lyebb betekint\u00e9st a tov\u00e1bbi p\u00e1lmalev\u00e9l fejezetekkel. Tiszt\u00e1zza a szerelmet, a karriert \u00e9s az \u00e9letutat. Foglalja le szem\u00e9lyre szabott olvas\u00e1s\u00e1t m\u00e9g ma a My Palm Leaf oldalon!\",\"breadcrumb\":{\"@id\":\"https:\/\/mypalmleaf.com\/hu\/prices\/tovabbi-fejezetek-olvasasa\/#breadcrumb\"},\"inLanguage\":\"hu\",\"potentialAction\":[{\"@type\":\"ReadAction\",\"target\":[\"https:\/\/mypalmleaf.com\/hu\/prices\/tovabbi-fejezetek-olvasasa\/\"]}]},{\"@type\":\"ImageObject\",\"inLanguage\":\"hu\",\"@id\":\"https:\/\/mypalmleaf.com\/hu\/prices\/tovabbi-fejezetek-olvasasa\/#primaryimage\",\"url\":\"https:\/\/mypalmleaf.com\/wp-content\/uploads\/2024\/09\/services-thumb-2.jpg\",\"contentUrl\":\"https:\/\/mypalmleaf.com\/wp-content\/uploads\/2024\/09\/services-thumb-2.jpg\",\"width\":800,\"height\":444,\"caption\":\"Palm leaves-548\"},{\"@type\":\"BreadcrumbList\",\"@id\":\"https:\/\/mypalmleaf.com\/hu\/prices\/tovabbi-fejezetek-olvasasa\/#breadcrumb\",\"itemListElement\":[{\"@type\":\"ListItem\",\"position\":1,\"name\":\"Home\",\"item\":\"https:\/\/mypalmleaf.com\/hu\/\"},{\"@type\":\"ListItem\",\"position\":2,\"name\":\"Shop\",\"item\":\"https:\/\/mypalmleaf.com\/et\/shop\/\"},{\"@type\":\"ListItem\",\"position\":3,\"name\":\"Tov\u00e1bbi fejezetek olvas\u00e1sa a Mypalmleaf oldalon\"}]},{\"@type\":\"WebSite\",\"@id\":\"https:\/\/mypalmleaf.com\/#website\",\"url\":\"https:\/\/mypalmleaf.com\/\",\"name\":\"My Palm Leaf\",\"description\":\"\",\"potentialAction\":[{\"@type\":\"SearchAction\",\"target\":{\"@type\":\"EntryPoint\",\"urlTemplate\":\"https:\/\/mypalmleaf.com\/?s={search_term_string}\"},\"query-input\":{\"@type\":\"PropertyValueSpecification\",\"valueRequired\":true,\"valueName\":\"search_term_string\"}}],\"inLanguage\":\"hu\"}]}<\/script>\n<!-- \/ Yoast SEO plugin. -->","yoast_head_json":{"title":"Tov\u00e1bbi fejezetek olvas\u00e1sa | My Palm Leaf - 79 \u20ac \u00e9s tov\u00e1bb","description":"Fedezze fel a m\u00e9lyebb betekint\u00e9st a tov\u00e1bbi p\u00e1lmalev\u00e9l fejezetekkel. Tiszt\u00e1zza a szerelmet, a karriert \u00e9s az \u00e9letutat. Foglalja le szem\u00e9lyre szabott olvas\u00e1s\u00e1t m\u00e9g ma a My Palm Leaf oldalon!","robots":{"index":"index","follow":"follow","max-snippet":"max-snippet:-1","max-image-preview":"max-image-preview:large","max-video-preview":"max-video-preview:-1"},"canonical":"https:\/\/mypalmleaf.com\/hu\/prices\/tovabbi-fejezetek-olvasasa\/","og_locale":"hu_HU","og_type":"article","og_title":"Tov\u00e1bbi fejezetek olvas\u00e1sa | My Palm Leaf - 79 \u20ac \u00e9s tov\u00e1bb","og_description":"Fedezze fel a m\u00e9lyebb betekint\u00e9st a tov\u00e1bbi p\u00e1lmalev\u00e9l fejezetekkel. Tiszt\u00e1zza a szerelmet, a karriert \u00e9s az \u00e9letutat. Foglalja le szem\u00e9lyre szabott olvas\u00e1s\u00e1t m\u00e9g ma a My Palm Leaf oldalon!","og_url":"https:\/\/mypalmleaf.com\/hu\/prices\/tovabbi-fejezetek-olvasasa\/","og_site_name":"My Palm Leaf","article_modified_time":"2025-10-09T16:10:29+00:00","og_image":[{"width":800,"height":444,"url":"https:\/\/mypalmleaf.com\/wp-content\/uploads\/2024\/09\/services-thumb-2.jpg","type":"image\/jpeg"}],"twitter_card":"summary_large_image","twitter_misc":{"Becs\u00fclt olvas\u00e1si id\u0151":"1 perc"},"schema":{"@context":"https:\/\/schema.org","@graph":[{"@type":"WebPage","@id":"https:\/\/mypalmleaf.com\/hu\/prices\/tovabbi-fejezetek-olvasasa\/","url":"https:\/\/mypalmleaf.com\/hu\/prices\/tovabbi-fejezetek-olvasasa\/","name":"Tov\u00e1bbi fejezetek olvas\u00e1sa | My Palm Leaf - 79 \u20ac \u00e9s tov\u00e1bb","isPartOf":{"@id":"https:\/\/mypalmleaf.com\/#website"},"primaryImageOfPage":{"@id":"https:\/\/mypalmleaf.com\/hu\/prices\/tovabbi-fejezetek-olvasasa\/#primaryimage"},"image":{"@id":"https:\/\/mypalmleaf.com\/hu\/prices\/tovabbi-fejezetek-olvasasa\/#primaryimage"},"thumbnailUrl":"https:\/\/mypalmleaf.com\/wp-content\/uploads\/2024\/09\/services-thumb-2.jpg","datePublished":"2024-09-04T10:57:26+00:00","dateModified":"2025-10-09T16:10:29+00:00","description":"Fedezze fel a m\u00e9lyebb betekint\u00e9st a tov\u00e1bbi p\u00e1lmalev\u00e9l fejezetekkel. Tiszt\u00e1zza a szerelmet, a karriert \u00e9s az \u00e9letutat. Foglalja le szem\u00e9lyre szabott olvas\u00e1s\u00e1t m\u00e9g ma a My Palm Leaf oldalon!","breadcrumb":{"@id":"https:\/\/mypalmleaf.com\/hu\/prices\/tovabbi-fejezetek-olvasasa\/#breadcrumb"},"inLanguage":"hu","potentialAction":[{"@type":"ReadAction","target":["https:\/\/mypalmleaf.com\/hu\/prices\/tovabbi-fejezetek-olvasasa\/"]}]},{"@type":"ImageObject","inLanguage":"hu","@id":"https:\/\/mypalmleaf.com\/hu\/prices\/tovabbi-fejezetek-olvasasa\/#primaryimage","url":"https:\/\/mypalmleaf.com\/wp-content\/uploads\/2024\/09\/services-thumb-2.jpg","contentUrl":"https:\/\/mypalmleaf.com\/wp-content\/uploads\/2024\/09\/services-thumb-2.jpg","width":800,"height":444,"caption":"Palm leaves-548"},{"@type":"BreadcrumbList","@id":"https:\/\/mypalmleaf.com\/hu\/prices\/tovabbi-fejezetek-olvasasa\/#breadcrumb","itemListElement":[{"@type":"ListItem","position":1,"name":"Home","item":"https:\/\/mypalmleaf.com\/hu\/"},{"@type":"ListItem","position":2,"name":"Shop","item":"https:\/\/mypalmleaf.com\/et\/shop\/"},{"@type":"ListItem","position":3,"name":"Tov\u00e1bbi fejezetek olvas\u00e1sa a Mypalmleaf oldalon"}]},{"@type":"WebSite","@id":"https:\/\/mypalmleaf.com\/#website","url":"https:\/\/mypalmleaf.com\/","name":"My Palm Leaf","description":"","potentialAction":[{"@type":"SearchAction","target":{"@type":"EntryPoint","urlTemplate":"https:\/\/mypalmleaf.com\/?s={search_term_string}"},"query-input":{"@type":"PropertyValueSpecification","valueRequired":true,"valueName":"search_term_string"}}],"inLanguage":"hu"}]}},"_links":{"self":[{"href":"https:\/\/mypalmleaf.com\/hu\/wp-json\/wp\/v2\/product\/40153","targetHints":{"allow":["GET"]}}],"collection":[{"href":"https:\/\/mypalmleaf.com\/hu\/wp-json\/wp\/v2\/product"}],"about":[{"href":"https:\/\/mypalmleaf.com\/hu\/wp-json\/wp\/v2\/types\/product"}],"replies":[{"embeddable":true,"href":"https:\/\/mypalmleaf.com\/hu\/wp-json\/wp\/v2\/comments?post=40153"}],"wp:featuredmedia":[{"embeddable":true,"href":"https:\/\/mypalmleaf.com\/hu\/wp-json\/wp\/v2\/media\/9820"}],"wp:attachment":[{"href":"https:\/\/mypalmleaf.com\/hu\/wp-json\/wp\/v2\/media?parent=40153"}],"wp:term":[{"taxonomy":"product_brand","embeddable":true,"href":"https:\/\/mypalmleaf.com\/hu\/wp-json\/wp\/v2\/product_brand?post=40153"},{"taxonomy":"product_cat","embeddable":true,"href":"https:\/\/mypalmleaf.com\/hu\/wp-json\/wp\/v2\/product_cat?post=40153"},{"taxonomy":"product_tag","embeddable":true,"href":"https:\/\/mypalmleaf.com\/hu\/wp-json\/wp\/v2\/product_tag?post=40153"}],"curies":[{"name":"wp","href":"https:\/\/api.w.org\/{rel}","templated":true}]}}