{"id":20221,"date":"2024-08-14T07:24:30","date_gmt":"2024-08-14T07:24:30","guid":{"rendered":"https:\/\/mypalmleaf.com\/?page_id=20221"},"modified":"2025-04-07T11:08:04","modified_gmt":"2025-04-07T11:08:04","slug":"faqs","status":"publish","type":"page","link":"https:\/\/mypalmleaf.com\/it\/faqs\/","title":{"rendered":"Domande frequenti"},"content":{"rendered":"<section class=\"faq-top-section my-6 mb-4 mt-xs-4\">\n  <div class=\"container\">\n    <div class=\"row mb-4 justify-content-center\">\n      <div class=\"col-lg-10 text-center\" data-aos=\"fade-up\" data-aos-duration=\"1000\">\n        <h1 class=\"py-4\">Domande frequenti<\/h1>\n      <\/div>\n    <\/div>\n    <div class=\"row\">\n      <div class=\"col-lg-10 mx-auto\">\n        <div class=\"row justify-content-between align-items-center\">\n          <div class=\"col-lg-7\" data-aos=\"fade-up\" data-aos-duration=\"1000\">\n            <div class=\"rounded-asset\">\n              <img decoding=\"async\" src=\"https:\/\/mypalmleaf.com\/wp-content\/uploads\/2024\/08\/stefan.jpg\" class=\"img-fluid\" alt=\"\">\n              <div class=\"play-icon\"><\/div>\n              <a href=\"https:\/\/www.youtube.com\/watch?v=HWwGeJzT5RI\" class=\"stretched-link\" data-lity><\/a>\n            <\/div>\n          <\/div>\n          <div class=\"col-lg-5\" data-aos=\"fade-up\" data-aos-duration=\"1000\">\n            <h3>Risposte alle 10 domande pi\u00f9 frequenti sulle profezie delle foglie di palma indiane.<\/h3>\n          <\/div>\n        <\/div>\n      <\/div>\n\n    <\/div>\n  <\/div>\n<\/section>\n\n<div class=\"acc-wrap-bind\">\n  <section class=\"acc-nav-block my-5 py-3\" data-aos=\"fade-up\" data-aos-duration=\"1000\">\n    <div class=\"container\">\n      <div class=\"row justify-content-center\">\n        <div class=\"col-lg-8 faqs-heading\">\n          <ul>\n                                      <li>\n                <a href=\"#general-questions\" class=\"active\">\n                  Domande generali<\/a>\n              <\/li>\n                                        <li>\n                <a href=\"#about-the-reading\" class=\"\">\n                  A proposito delle letture<\/a>\n              <\/li>\n                                        <li>\n                <a href=\"#about-the-remedies\" class=\"\">\n                  A proposito dei rimedi<\/a>\n              <\/li>\n                                    <\/ul>\n        <\/div>\n      <\/div>\n    <\/div>\n  <\/section>\n\n        <section class=\"accordion-container position-relative\" data-aos=\"fade-up\" data-aos-duration=\"1000\" id=\"general-questions\">\n      <div class=\"container-xl\">\n        <div class=\"row\">\n          <h3>Domande generali<\/h3>\n          <div class=\"accr-wrap\">\n                          <div class=\"head\">Esiste una foglia di palma per tutti?<\/div>\n              <div class=\"content\">\n                <p>No, non tutti hanno una foglia di palma scritta per loro. Tuttavia, quelle persone che sentono la chiamata a cercare la propria foglia spesso ne hanno una che li aspetta.<\/p>\n              <\/div>\n                          <div class=\"head\">Chi ha scritto le foglie di palma?<\/div>\n              <div class=\"content\">\n                <p>Secondo la leggenda, le foglie di palma furono scritte molte migliaia di anni fa dai \u201cRishi\u201d, un gruppo di saggi che erano molto pi\u00f9 sviluppati degli esseri umani odierni. La loro coscienza era molto pi\u00f9 vasta e poteva elaborare molte pi\u00f9 informazioni. Avevano anche una durata di vita di molte centinaia o migliaia di anni.<\/p>\n              <\/div>\n                          <div class=\"head\">Dove sono le foglie di palma?<\/div>\n              <div class=\"content\">\n                <p>Le foglie di palma sono conservate nelle biblioteche delle foglie di palma, che si trovano principalmente nel sud dell&#8217;India. Ci sono anche alcune piccole biblioteche nel nord dell&#8217;India, nello Sri Lanka e a Bali.<\/p>\n              <\/div>\n                          <div class=\"head\">Quante biblioteche di foglie di palma e foglie di palma ci sono?<\/div>\n              <div class=\"content\">\n                <p>Nessuno sa quante foglie di palma o biblioteche esistano. Non esiste un sistema centralizzato.<\/p>\n              <\/div>\n                          <div class=\"head\">Chi sono i lettori di foglie di palma?<\/div>\n              <div class=\"content\">\n                <p>I lettori di foglie di palma con cui lavoriamo sono stati formati da molte generazioni. L&#8217;antica arte di leggere le foglie di palma \u00e8 stata tramandata di padre in figlio da molte generazioni. Si trovano nel Tamil Nadu, nel sud dell&#8217;India.<\/p>\n              <\/div>\n                          <div class=\"head\">Come potevano i Rishi conoscere e scrivere sulla tecnologia moderna, sui nomi, ecc.?<\/div>\n              <div class=\"content\">\n                <p>Le foglie di palma sono state scritte nell&#8217;antico Tamil, che \u00e8 una lingua molto poetica, che descrive situazioni e oggetti.<\/p>\n<p>\u00c8 compito importante del traduttore trasformare queste lunghe frasi poetiche nell&#8217;inglese moderno. Ad esempio, la Foglia di Palma potrebbe dire: \u201cIl cercatore sta inventando la musica e la ricorda in oggetti rotondi\u201d e il traduttore potrebbe dire \u201cSei un musicista e hai registrato dei CD\u201d.<\/p>\n<p>Il tamil \u00e8 una lingua basata sul suono. Pertanto, decifrare i nomi occidentali del 21\u00b0 secolo \u00e8 spesso un processo elaborato. Il lettore legge i suoni dei simboli e, con l&#8217;aiuto del traduttore e del cercatore, identifica il nome.<\/p>\n              <\/div>\n                          <div class=\"head\">Perch\u00e9 esistono diversi formati di letture di foglie di palma?<\/div>\n              <div class=\"content\">\n                <p>La storia di Nadi \u00e8 un misto di leggenda e mistero, che funziona in modo miracoloso. Si dice che le foglie di palma siano state scritte dai Sapta Rishi, un gruppo di 7 (sapta) saggi (Rishi). Pertanto, \u00e8 possibile che un individuo possa avere fino a 7 diverse versioni della sua biografia, una scritta da ciascuno dei Rishi. L&#8217;autore principale delle foglie di palma \u00e8 il Rishi \u201cAgastya\u201d, sebbene esistano anche diversi formati di Nadi, dello stesso autore. Noi lavoriamo principalmente con le biblioteche delle foglie del Rishi &#8220;Agastya&#8221;, ma su richiesta sono disponibili anche foglie di altri Rishi.<\/p>\n              <\/div>\n                          <div class=\"head\">Sarebbe meglio venire di persona in una biblioteca in India?<\/div>\n              <div class=\"content\">\n                <p>Le informazioni ricevute durante una lettura zoom di My Palm Leaf vengono fornite nello stesso modo in cui le riceveresti di persona, presso un&#8217;autentica Biblioteca di fogle di palma in India. Tuttavia, ovviamente, anche l\u2019intero viaggio in India, che \u00e8 un luogo cos\u00ec mistico, per rivelare il proprio destino \u00e8 un bellissimo pellegrinaggio. Se puoi recarti in India per visitare una biblioteca, ovviamente \u00e8 l&#8217;ideale, ma avere la lettura online, e nel momento in cui ne hai bisogno, \u00e8 pi\u00f9 vantaggioso che aspettare molti anni per andare in India. Quando segui il tuo intuito, saprai quando \u00e8 il momento giusto per te.<\/p>\n              <\/div>\n                          <div class=\"head\">Qual \u00e8 il costo e cos&#8217;\u00e8 incluso?<\/div>\n              <div class=\"content\">\n                <p>Il costo per la ricerca e l&#8217;identificazione della propria foglia, la lettura del capitolo generale e del capitolo 14 \u00e8 di 289 Euro. Ci\u00f2 include la ricerca fisica dei fascicoli che potrebbero contenere il tuo foglio nelle biblioteche in India e il processo di abbinamento con il lettore, il traduttore e molto spesso anche un moderatore. La ricerca nelle biblioteche pu\u00f2 richiedere molte ore. L&#8217;abbinamento pu\u00f2 richiedere fino a 2 ore (nella maggior parte dei casi circa 1 ora) e la lettura del capitolo generale e del capitolo 14 dura circa 2 ore.\n<\/p>\n<p>\u00c8 disponibile la traduzione in altre lingue al costo di 38 euro.<\/p>\n<p>Se in seguito desideri prenotare capitoli aggiuntivi, il costo per capitolo \u00e8 di 49-79 euro. La lettura dei capitoli dura circa 15-60 min.<\/p>\n              <\/div>\n                      <\/div>\n        <\/div>\n      <\/div>\n          <\/section>\n          <section class=\"accordion-container position-relative\" data-aos=\"fade-up\" data-aos-duration=\"1000\" id=\"about-the-reading\">\n      <div class=\"container-xl\">\n        <div class=\"row\">\n          <h3>A proposito delle letture<\/h3>\n          <div class=\"accr-wrap\">\n                          <div class=\"head\">Quanto dura la lettura?<\/div>\n              <div class=\"content\">\n                <p>In media il processo di abbinamento e la lettura richiedono circa 2,5-4 ore.<\/p>\n<p>Tuttavia non possiamo dire in anticipo quanto tempo ci vorr\u00e0, poich\u00e9 dipende da quando (o se) verr\u00e0 ritrovata la tua foglia. Una volta individuata la tua personale Foglia di Palma, la lettura del capitolo generale e del capitolo 14 richieder\u00e0 circa 1-2 ore.<\/p>\n              <\/div>\n                          <div class=\"head\">\u00c8 possibile che la mia foglia non si trovi?<\/div>\n              <div class=\"content\">\n                <p>Si. Pu\u00f2 succedere che la tua foglia non venga trovata. Questo \u00e8 comune e pu\u00f2 avere ragioni diverse. \u00c8 possibile che non ci sia foglia per te oppure \u00e8 anche possibile che non sia ancora il momento giusto per te. Ci assicuriamo di cercare accuratamente la tua foglia e, se non viene trovata, ti consigliamo di attendere almeno 30 giorni e poi avviare nuovamente la ricerca.<\/p>\n              <\/div>\n                          <div class=\"head\">Come devo prepararmi per la lettura?<\/div>\n              <div class=\"content\">\n                <p>Assicurati di trovarti in un luogo tranquillo, indisturbato e con una buona connessione Internet. Internamente, ti consigliamo di riposarti e di avvicinarti alla lettura con molto rispetto e apertura. Un saggio compassionevole scrisse la tua previsione di vita migliaia di anni fa, che \u00e8 stata preservata per molte generazioni per essere letta oggi. \u00c8 davvero un evento speciale e pi\u00f9 ne sei consapevole, pi\u00f9 gli effetti possono penetrare in profondit\u00e0<\/p>\n              <\/div>\n                          <div class=\"head\">Mi verr\u00e0 detto quando morir\u00f2?<\/div>\n              <div class=\"content\">\n                <p>Quando la tua Foglia di Palma viene trovata, avrai prima la lettura del capitolo generale che potrebbe contenere periodi di pericolo di vita o la tua potenziale morte. Se non vuoi sentire parlare di pericoli di vita, puoi informare il moderatore all&#8217;inizio della lettura. Se desideri sentire maggiori dettagli sul momento e sulle circostanze in cui potresti lasciare il tuo corpo, allora ti consigliamo di leggere il capitolo aggiuntivo 8, che ne parla.<\/p>\n              <\/div>\n                      <\/div>\n        <\/div>\n      <\/div>\n          <\/section>\n          <section class=\"accordion-container position-relative\" data-aos=\"fade-up\" data-aos-duration=\"1000\" id=\"about-the-remedies\">\n      <div class=\"container-xl\">\n        <div class=\"row\">\n          <h3>A proposito dei rimedi<\/h3>\n          <div class=\"accr-wrap\">\n                          <div class=\"head\">Quali sono i rimedi?<\/div>\n              <div class=\"content\">\n                <p>Lo scopo principale delle Foglie di Palma \u00e8 offrire una guida al ricercatore, fornendo una prospettiva pi\u00f9 ampia sulla sua vita e offrire strumenti per migliorare la propria esperienza nel percorso di vita, sotto forma di rimedi. I Rishi potevano vedere che tipo di Karma un individuo avrebbe portato con s\u00e9, il che avrebbe creato probabili ostacoli nella loro vita. Hanno anche visto che tipo di strumenti sarebbero stati utili per trasformare questo Karma o proteggere il ricercatore dai suoi effetti pi\u00f9 dannosi. Per lo pi\u00f9 i capitoli 13 + 14 parlano del vecchio Karma e offrono soluzioni sotto forma di rimedi. Questi rimedi possono essere semplici azioni come donare denaro a una determinata causa, nutrire un animale, donare vestiti a una persona povera oppure pellegrinaggi a luoghi sacri o pratiche o rituali specifici.<\/p>\n              <\/div>\n                          <div class=\"head\">Cos&#8217;\u00e8 il Karma?<\/div>\n              <div class=\"content\">\n                <p>La parola \u201cKarma\u201d si traduce come \u201cAzione\u201d. Ogni azione del corpo, della parola e della mente che abbiamo mai commesso ha un impatto energetico nell&#8217;universo cos\u00ec come nel nostro campo energetico. Il nostro campo energetico consiste fondamentalmente in una combinazione molto complessa di tutte le nostre azioni precedenti nel corso di innumerevoli vite. Secondo la frequenza multidimensionale del nostro campo energetico, attiriamo determinate esperienze nella nostra vita.<\/p>\n              <\/div>\n                          <div class=\"head\">Come funzionano i rimedi?<\/div>\n              <div class=\"content\">\n                <p>Tutto nell&#8217;universo \u00e8 costituito da energia. Siamo un campo energetico complesso e in base alle sue frequenze attiriamo determinate esperienze. I Rishi potevano vedere e prevedere quali delle nostre azioni passate creavano determinate frequenze e quale probabile risultato avrebbero avuto. Hanno anche visto e previsto quale tipo di azione o pratica spirituale avrebbe invocato l\u2019energia molto specifica che avrebbe trasformato o bilanciato quella frequenza dannosa. Pertanto, i rimedi sono medicine energetiche molto specifiche per trasformare ed equilibrare il nostro Karma.<\/p>\n              <\/div>\n                          <div class=\"head\">Cos&#8217;\u00e8 un Mantra?<\/div>\n              <div class=\"content\">\n                <p>Un Mantra \u00e8 una vibrazione sonora, in lingua sanscrita, che invoca e trasporta una frequenza ed energia specifica. Cantando un mantra ad alta voce o internamente, possiamo invocare diverse energie di vibrazioni specifiche.<\/p>\n              <\/div>\n                          <div class=\"head\">Cos&#8217;\u00e8 uno Yantra?<\/div>\n              <div class=\"content\">\n                <p>Allo stesso modo in cui un Mantra \u00e8 energia sotto forma di suono, uno Yantra \u00e8 energia sotto forma di struttura geometrica. \u00c8 una frequenza energetica resa visibile, che pu\u00f2 essere in 2D o 3D.<\/p>\n              <\/div>\n                          <div class=\"head\">Cos&#8217;\u00e8 una Puja?<\/div>\n              <div class=\"content\">\n                <p>Una pooja \u00e8 una cerimonia che si tiene spesso per una specifica divinit\u00e0 ind\u00f9. Le divinit\u00e0 sono fondamentalmente personificazioni di energie specifiche. Quando una puja viene tenuta per un Dio o una Dea specifici, questa frequenza specifica viene invocata nella vita della persona per la quale viene tenuta la puja.<\/p>\n              <\/div>\n                          <div class=\"head\">Cos&#8217;\u00e8 un Homa?<\/div>\n              <div class=\"content\">\n                <p>Un Homa \u00e8 una puja pi\u00f9 complessa e potente sotto forma di cerimonia del fuoco, per onorare e invocare diverse divinit\u00e0 e invitare le loro benedizioni nella vita della persona per la quale si tiene l&#8217;Homa.<\/p>\n              <\/div>\n                          <div class=\"head\">Cos&#8217;\u00e8 la Japa?<\/div>\n              <div class=\"content\">\n                <p>La pratica del Japa \u00e8 la Sadhana (pratica spirituale) di recitare continuamente uno specifico Mantra, come ad esempio \u201cOm Namah Shivaya\u201d. Fare una pratica quotidiana del Japa aiuta a purificare e concentrare la mente. Si pu\u00f2 anche fare in modo che qualcun altro benedica questa persona con un\u2019energia specifica.<\/p>\n              <\/div>\n                      <\/div>\n        <\/div>\n      <\/div>\n                        <div class=\"parallax-item-4 parallax-item\" data-speed=\".08\"><img decoding=\"async\" src=\"https:\/\/mypalmleaf.com\/wp-content\/uploads\/2024\/09\/parallax-item-4.png\" class=\"img-fluid\" alt=\"\"><\/div>\n                  <\/section>\n      <\/div>\n\n\n<section class=\"find-your-palm-leaf-block\" data-aos=\"fade-up\" data-aos-duration=\"1000\">\n  <div class=\"container-fluid px-0\">\n    <div class=\"row g-0\">\n      <div class=\"col\">\n        <div class=\"find-your-leaf-bg\">\n          <picture>\n            <source media=\"(max-width: 999px)\" srcset=\"https:\/\/mypalmleaf.com\/wp-content\/uploads\/2024\/08\/Find-your-Palm-Leaf-mob.webp\" \/>\n            <source media=\"(min-width: 1000px)\" srcset=\"https:\/\/mypalmleaf.com\/wp-content\/uploads\/2024\/08\/Find-your-Palm-Leaf.webp\" \/>\n            <img decoding=\"async\" src=\"https:\/\/mypalmleaf.com\/wp-content\/uploads\/2024\/08\/Find-your-Palm-Leaf.webp\" class=\"img-fluid\" alt=\"\" \/>\n          <\/picture>\n        <\/div>\n      <\/div>\n    <\/div>\n    <div class=\"content\">\n      <div class=\"container-xl\" data-aos=\"fade-up\" data-aos-duration=\"1000\">\n        <div class=\"row py-4\">\n          <div class=\"col-lg-8 mx-auto\">\n            <h2 class=\"mb-2\">Trova la tua foglia di palma!<\/h2>\n            <ul>\n<li>Tutto ci\u00f2 che serve per la ricerca della tua Foglia di Palma \u00e8 l\u2019impronta del tuo pollice.<\/li>\n<li>Se hai bisogno di traduzione in un\u2019altra lingua possiamo organizzarla.<\/li>\n<li>Nel caso non riuscissimo a trovare la tua Foglia di Palma entro 3 appuntamenti, riceverai un rimborso completo.<\/li>\n<\/ul>\n          <\/div>\n        <\/div>\n        <div class=\"row mt-4\">\n          <div class=\"col text-center\">\n            <a href=\"\/it\/prices\/find-your-palm-leaf-and-read-the-general-chapter\/\" class=\"btn btn-primary\">Trova la mia foglia<\/a>\n          <\/div>\n        <\/div>\n      <\/div>\n    <\/div>\n  <\/div>\n<\/section>","protected":false},"excerpt":{"rendered":"","protected":false},"author":1,"featured_media":0,"parent":0,"menu_order":0,"comment_status":"closed","ping_status":"closed","template":"","meta":{"_acf_changed":false,"footnotes":""},"class_list":["post-20221","page","type-page","status-publish","hentry"],"acf":[],"yoast_head":"<!-- This site is optimized with the Yoast SEO plugin v26.4 - https:\/\/yoast.com\/wordpress\/plugins\/seo\/ -->\n<title>Domande Frequenti sulla Lettura del Palm Leaf<\/title>\n<meta name=\"description\" content=\"Trova le risposte alle domande pi\u00f9 comuni sulla lettura del Palm Leaf con My Palm Leaf. Scopri di pi\u00f9 su questo antico processo spirituale.\" \/>\n<meta name=\"robots\" content=\"index, follow, max-snippet:-1, max-image-preview:large, max-video-preview:-1\" \/>\n<link rel=\"canonical\" href=\"https:\/\/mypalmleaf.com\/it\/faqs\/\" \/>\n<meta property=\"og:locale\" content=\"it_IT\" \/>\n<meta property=\"og:type\" content=\"article\" \/>\n<meta property=\"og:title\" content=\"Domande Frequenti sulla Lettura del Palm Leaf\" \/>\n<meta property=\"og:description\" content=\"Trova le risposte alle domande pi\u00f9 comuni sulla lettura del Palm Leaf con My Palm Leaf. Scopri di pi\u00f9 su questo antico processo spirituale.\" \/>\n<meta property=\"og:url\" content=\"https:\/\/mypalmleaf.com\/it\/faqs\/\" \/>\n<meta property=\"og:site_name\" content=\"My Palm Leaf\" \/>\n<meta property=\"article:modified_time\" content=\"2025-04-07T11:08:04+00:00\" \/>\n<meta property=\"og:image\" content=\"https:\/\/mypalmleaf.com\/wp-content\/uploads\/2025\/08\/mpl-circle-logo.jpg\" \/>\n\t<meta property=\"og:image:width\" content=\"1200\" \/>\n\t<meta property=\"og:image:height\" content=\"1196\" \/>\n\t<meta property=\"og:image:type\" content=\"image\/jpeg\" \/>\n<meta name=\"twitter:card\" content=\"summary_large_image\" \/>\n<script type=\"application\/ld+json\" class=\"yoast-schema-graph\">{\"@context\":\"https:\/\/schema.org\",\"@graph\":[{\"@type\":\"WebPage\",\"@id\":\"https:\/\/mypalmleaf.com\/it\/faqs\/\",\"url\":\"https:\/\/mypalmleaf.com\/it\/faqs\/\",\"name\":\"Domande Frequenti sulla Lettura del Palm Leaf\",\"isPartOf\":{\"@id\":\"https:\/\/mypalmleaf.com\/#website\"},\"datePublished\":\"2024-08-14T07:24:30+00:00\",\"dateModified\":\"2025-04-07T11:08:04+00:00\",\"description\":\"Trova le risposte alle domande pi\u00f9 comuni sulla lettura del Palm Leaf con My Palm Leaf. Scopri di pi\u00f9 su questo antico processo spirituale.\",\"breadcrumb\":{\"@id\":\"https:\/\/mypalmleaf.com\/it\/faqs\/#breadcrumb\"},\"inLanguage\":\"it-IT\",\"potentialAction\":[{\"@type\":\"ReadAction\",\"target\":[\"https:\/\/mypalmleaf.com\/it\/faqs\/\"]}]},{\"@type\":\"BreadcrumbList\",\"@id\":\"https:\/\/mypalmleaf.com\/it\/faqs\/#breadcrumb\",\"itemListElement\":[{\"@type\":\"ListItem\",\"position\":1,\"name\":\"Home\",\"item\":\"https:\/\/mypalmleaf.com\/it\/\"},{\"@type\":\"ListItem\",\"position\":2,\"name\":\"Domande frequenti\"}]},{\"@type\":\"WebSite\",\"@id\":\"https:\/\/mypalmleaf.com\/#website\",\"url\":\"https:\/\/mypalmleaf.com\/\",\"name\":\"My Palm Leaf\",\"description\":\"\",\"potentialAction\":[{\"@type\":\"SearchAction\",\"target\":{\"@type\":\"EntryPoint\",\"urlTemplate\":\"https:\/\/mypalmleaf.com\/?s={search_term_string}\"},\"query-input\":{\"@type\":\"PropertyValueSpecification\",\"valueRequired\":true,\"valueName\":\"search_term_string\"}}],\"inLanguage\":\"it-IT\"}]}<\/script>\n<!-- \/ Yoast SEO plugin. -->","yoast_head_json":{"title":"Domande Frequenti sulla Lettura del Palm Leaf","description":"Trova le risposte alle domande pi\u00f9 comuni sulla lettura del Palm Leaf con My Palm Leaf. Scopri di pi\u00f9 su questo antico processo spirituale.","robots":{"index":"index","follow":"follow","max-snippet":"max-snippet:-1","max-image-preview":"max-image-preview:large","max-video-preview":"max-video-preview:-1"},"canonical":"https:\/\/mypalmleaf.com\/it\/faqs\/","og_locale":"it_IT","og_type":"article","og_title":"Domande Frequenti sulla Lettura del Palm Leaf","og_description":"Trova le risposte alle domande pi\u00f9 comuni sulla lettura del Palm Leaf con My Palm Leaf. Scopri di pi\u00f9 su questo antico processo spirituale.","og_url":"https:\/\/mypalmleaf.com\/it\/faqs\/","og_site_name":"My Palm Leaf","article_modified_time":"2025-04-07T11:08:04+00:00","og_image":[{"width":1200,"height":1196,"url":"https:\/\/mypalmleaf.com\/wp-content\/uploads\/2025\/08\/mpl-circle-logo.jpg","type":"image\/jpeg"}],"twitter_card":"summary_large_image","schema":{"@context":"https:\/\/schema.org","@graph":[{"@type":"WebPage","@id":"https:\/\/mypalmleaf.com\/it\/faqs\/","url":"https:\/\/mypalmleaf.com\/it\/faqs\/","name":"Domande Frequenti sulla Lettura del Palm Leaf","isPartOf":{"@id":"https:\/\/mypalmleaf.com\/#website"},"datePublished":"2024-08-14T07:24:30+00:00","dateModified":"2025-04-07T11:08:04+00:00","description":"Trova le risposte alle domande pi\u00f9 comuni sulla lettura del Palm Leaf con My Palm Leaf. Scopri di pi\u00f9 su questo antico processo spirituale.","breadcrumb":{"@id":"https:\/\/mypalmleaf.com\/it\/faqs\/#breadcrumb"},"inLanguage":"it-IT","potentialAction":[{"@type":"ReadAction","target":["https:\/\/mypalmleaf.com\/it\/faqs\/"]}]},{"@type":"BreadcrumbList","@id":"https:\/\/mypalmleaf.com\/it\/faqs\/#breadcrumb","itemListElement":[{"@type":"ListItem","position":1,"name":"Home","item":"https:\/\/mypalmleaf.com\/it\/"},{"@type":"ListItem","position":2,"name":"Domande frequenti"}]},{"@type":"WebSite","@id":"https:\/\/mypalmleaf.com\/#website","url":"https:\/\/mypalmleaf.com\/","name":"My Palm Leaf","description":"","potentialAction":[{"@type":"SearchAction","target":{"@type":"EntryPoint","urlTemplate":"https:\/\/mypalmleaf.com\/?s={search_term_string}"},"query-input":{"@type":"PropertyValueSpecification","valueRequired":true,"valueName":"search_term_string"}}],"inLanguage":"it-IT"}]}},"_links":{"self":[{"href":"https:\/\/mypalmleaf.com\/it\/wp-json\/wp\/v2\/pages\/20221","targetHints":{"allow":["GET"]}}],"collection":[{"href":"https:\/\/mypalmleaf.com\/it\/wp-json\/wp\/v2\/pages"}],"about":[{"href":"https:\/\/mypalmleaf.com\/it\/wp-json\/wp\/v2\/types\/page"}],"author":[{"embeddable":true,"href":"https:\/\/mypalmleaf.com\/it\/wp-json\/wp\/v2\/users\/1"}],"replies":[{"embeddable":true,"href":"https:\/\/mypalmleaf.com\/it\/wp-json\/wp\/v2\/comments?post=20221"}],"version-history":[{"count":0,"href":"https:\/\/mypalmleaf.com\/it\/wp-json\/wp\/v2\/pages\/20221\/revisions"}],"wp:attachment":[{"href":"https:\/\/mypalmleaf.com\/it\/wp-json\/wp\/v2\/media?parent=20221"}],"curies":[{"name":"wp","href":"https:\/\/api.w.org\/{rel}","templated":true}]}}