
{"id":20255,"date":"2024-08-28T04:10:49","date_gmt":"2024-08-28T04:10:49","guid":{"rendered":"https:\/\/mypalmleaf.com\/?page_id=20255"},"modified":"2025-04-16T11:36:46","modified_gmt":"2025-04-16T11:36:46","slug":"moderatore-e-traduttore","status":"publish","type":"page","link":"https:\/\/mypalmleaf.com\/it\/moderatore-e-traduttore\/","title":{"rendered":"Unisciti a noi"},"content":{"rendered":"\n<section class=\"spotlight-main small top-gap\">\n    <!-- <div class=\"slider-wrap\" data-flickity='{ \"cellAlign\": \"left\", \"contain\": true, \"wrapAround\": true, \"setGallerySize\": false }'> -->\n    <div class=\"slider-wrap\" data-flickity='{ \"cellAlign\": \"left\", \"contain\": true, \"wrapAround\": true, \"setGallerySize\": false  }'>\n            <div class=\"slides\">\n        <div class=\"content-wrap\">\n          <div class=\"image\">\n            <picture>\n              <source media=\"(max-width: 999px)\" srcset=\"https:\/\/mypalmleaf.com\/wp-content\/uploads\/2024\/09\/join-us-spotlight-new-mob.jpg\" \/>\n              <source media=\"(min-width: 1000px)\" srcset=\"https:\/\/mypalmleaf.com\/wp-content\/uploads\/2024\/09\/join-us-spotlight-new.jpg\" \/>\n              <img decoding=\"async\" src=\"https:\/\/mypalmleaf.com\/wp-content\/uploads\/2024\/09\/join-us-spotlight-new.jpg\" class=\"img-fluid\" alt=\"\" \/>\n            <\/picture>\n          <\/div>\n          <div class=\"content\">\n            <div data-aos=\"fade-up\" data-aos-duration=\"1000\">\n              <h2 class=\"\">Unisciti a noi<\/h2>\n                                 \n            <\/div>\n          <\/div>\n        <\/div>\n      <\/div>\n          <\/div>\n<\/section>\n\n\n<section class=\"my-6 flipping-gallery\">\n  <div class=\"container-xl\" data-aos=\"fade-up\" data-aos-duration=\"1000\">\n    <div class=\"row\">\n      <div class=\"col\">\n        <div class=\"gallery-wrap\">\n                      <div class=\"block\">\n              <div class=\"rounded-asset\">\n                                                  <img decoding=\"async\" src=\"https:\/\/mypalmleaf.com\/wp-content\/uploads\/2024\/08\/gallery-img-1-2.jpg\" alt=\"\" class=\"\">\n                                                    <img decoding=\"async\" src=\"https:\/\/mypalmleaf.com\/wp-content\/uploads\/2024\/08\/gallery-img-1.jpg\" alt=\"\" class=\"overlay\">\n                                                <\/div>\n            <\/div>\n                      <div class=\"block\">\n              <div class=\"rounded-asset\">\n                                                  <img decoding=\"async\" src=\"https:\/\/mypalmleaf.com\/wp-content\/uploads\/2024\/08\/gallery-img-2-2.jpg\" alt=\"\" class=\"\">\n                                                    <img decoding=\"async\" src=\"https:\/\/mypalmleaf.com\/wp-content\/uploads\/2024\/08\/gallery-img-2.jpg\" alt=\"\" class=\"overlay\">\n                                                <\/div>\n            <\/div>\n                      <div class=\"block\">\n              <div class=\"rounded-asset\">\n                                                  <img decoding=\"async\" src=\"https:\/\/mypalmleaf.com\/wp-content\/uploads\/2024\/08\/gallery-img-3-2.jpg\" alt=\"\" class=\"\">\n                                                    <img decoding=\"async\" src=\"https:\/\/mypalmleaf.com\/wp-content\/uploads\/2024\/08\/gallery-img-3.jpg\" alt=\"\" class=\"overlay\">\n                                                <\/div>\n            <\/div>\n                      <div class=\"block\">\n              <div class=\"rounded-asset\">\n                                                  <img decoding=\"async\" src=\"https:\/\/mypalmleaf.com\/wp-content\/uploads\/2024\/08\/gallery-img-4-2.jpg\" alt=\"\" class=\"\">\n                                                    <img decoding=\"async\" src=\"https:\/\/mypalmleaf.com\/wp-content\/uploads\/2024\/08\/gallery-img-4.jpg\" alt=\"\" class=\"overlay\">\n                                                <\/div>\n            <\/div>\n                      <div class=\"block\">\n              <div class=\"rounded-asset\">\n                                                  <img decoding=\"async\" src=\"https:\/\/mypalmleaf.com\/wp-content\/uploads\/2024\/08\/gallery-img-5-2.jpg\" alt=\"\" class=\"\">\n                                                    <img decoding=\"async\" src=\"https:\/\/mypalmleaf.com\/wp-content\/uploads\/2024\/08\/gallery-img-5.jpg\" alt=\"\" class=\"overlay\">\n                                                <\/div>\n            <\/div>\n                      <div class=\"block\">\n              <div class=\"rounded-asset\">\n                                                  <img decoding=\"async\" src=\"https:\/\/mypalmleaf.com\/wp-content\/uploads\/2024\/08\/gallery-img-6.jpg\" alt=\"\" class=\"\">\n                                                    <img decoding=\"async\" src=\"https:\/\/mypalmleaf.com\/wp-content\/uploads\/2024\/08\/gallery-img-6-2.jpg\" alt=\"\" class=\"overlay\">\n                                                <\/div>\n            <\/div>\n                  <\/div>\n      <\/div>\n    <\/div>\n  <\/div>\n<\/section>\n\n<section class=\"join-us-block my-6 position-relative\">\n  <div class=\"container-xl\">\n    <div class=\"row mb-4 justify-content-center\">\n      <div class=\"col-lg-10 text-center\" data-aos=\"fade-up\" data-aos-duration=\"1000\">\n        <p>Come moderatore o traduttore, assisti i clienti nelle letture delle foglie di palma, rispondendo alle loro domande, supportandoli, facendoli sentire a loro agio e costruendo un ponte tra loro e la biblioteca delle foglie di palma.<\/p>\n      <\/div>\n    <\/div>\n    <div class=\"row my-5 justify-content-between\" data-aos=\"fade-up\" data-aos-duration=\"1000\">\n              <div class=\"col-lg-5\">\n          <div class=\"dual-col\">\n            <div class=\"title\">\n              <img decoding=\"async\" src=\"https:\/\/mypalmleaf.com\/wp-content\/uploads\/2024\/08\/title-bg.png\" alt=\"\" class=\"img-fluid\">\n              <div class=\"text\">Moderatore<\/div>\n            <\/div>\n            <div class=\"desc\">\n              <p>Come moderatore, assisti alle letture di foglie di palma in inglese. Spiegherai il processo prima che la lettura inizi e sarai l\u00ec sullo sfondo per rispondere alle domande, se necessario. La lettura stessa viene tradotta dal traduttore nella biblioteca di foglie di palma dal tamil all&#8217;inglese.<\/p>\n            <\/div>\n          <\/div>\n        <\/div>\n              <div class=\"col-lg-5\">\n          <div class=\"dual-col\">\n            <div class=\"title\">\n              <img decoding=\"async\" src=\"https:\/\/mypalmleaf.com\/wp-content\/uploads\/2024\/08\/title-bg.png\" alt=\"\" class=\"img-fluid\">\n              <div class=\"text\">Traduttore<\/div>\n            <\/div>\n            <div class=\"desc\">\n              <p>Come traduttore, fai tutto ci\u00f2 che fa un moderatore, ma traduci anche tutto ci\u00f2 che viene tradotto dal tamil all&#8217;inglese dal traduttore della biblioteca nella tua lingua specifica, ad esempio polacco, francese o arabo.<\/p>\n            <\/div>\n          <\/div>\n        <\/div>\n          <\/div>\n  <\/div>\n  <\/section>\n\n<section class=\"tabs-wrapper my-6 mt-0\">\n  <div class=\"container-xl\">\n    <div class=\"row\">\n      <div class=\"tabs-container\" data-aos=\"fade-up\" data-aos-duration=\"1000\">\n        <ul class=\"tabs\">\n                                <li class=\"tab-button active\" data-target=\"tab1\">Requisiti<\/li>\n                                  <li class=\"tab-button active\" data-target=\"tab2\">Perch\u00e9 unirti a noi<\/li>\n                                  <li class=\"tab-button active\" data-target=\"tab3\">Orario di lavoro<\/li>\n                                  <li class=\"tab-button active\" data-target=\"tab4\">Retribuzione e stipendio<\/li>\n                              <\/ul>\n        <div class=\"tab-content\">\n                                <div id=\"tab1\" class=\"tab-pane active\">\n              <h4>I requisiti assoluti per assistere nelle letture delle foglie di palma sono:<\/h4>\n<ul>\n<li>Parli correntemente l&#8217;inglese e come traduttore nella lingua in cui traduci\n<\/li>\n<li>Sei in linea con la nostra missione spirituale<\/li>\n<li>Hai un computer ben funzionante, sei in grado di utilizzare lo zoom e disponi di una connessione Internet stabile.<\/li>\n<li>Sei affidabile e puntuale.<\/li>\n<li>Hai una motivazione sincera per contribuire all\u2019evoluzione, alla guarigione e al risveglio dell\u2019umanit\u00e0<\/li>\n<li>Sei motivato e ispirato<\/li>\n<li>Puoi e sei disposto ad assumerti la responsabilit\u00e0 e ad essere proattivo<\/li>\n<li>Hai avuto la lettura della tua propria foglia di palma e capisci il processo.<\/li>\n<li>Ti piace comunicare e connetterti con persone empatiche, amorevoli e autentiche.<\/li>\n<li>Sei aperto e disposto ad apprendere nuove competenze.\n<\/li>\n<li>Hai visitato il nostro sito Web e il canale YouTube e hai una chiara comprensione di ci\u00f2 che sta facendo Mypalmleaf.\n<\/li>\n<li>Sei chiaro, amorevole e diretto nella tua comunicazione.<\/li>\n<\/ul>\n            <\/div>\n                                  <div id=\"tab2\" class=\"tab-pane active\">\n              <h4>Le vere ragioni per lavorare con Mypalmleaf<\/h4>\n<p>Mypalmleaf \u00e8 un&#8217;organizzazione orientata allo scopo che combina pratiche e comprensioni spirituali profonde con strutture di lavoro concrete che ti supportano nella tua crescita professionale. Co-creiamo un ambiente di lavoro stimolante che contribuisce all&#8217;evoluzione dell&#8217;umanit\u00e0 e che intende vederti e aiutarti come l&#8217;essere umano unico che sei. Come squadra, lavoriamo insieme con uno spirito di squadra positivo e solidale che intende far emergere e sostenere le tue capacit\u00e0 e i tuoi talenti fornendo allo stesso tempo un reddito abbondante per sostenere la tua vita.<\/p>\n            <\/div>\n                                  <div id=\"tab3\" class=\"tab-pane active\">\n              <p>Di solito abbiamo una lettura programmata a partire dalle 7:00 alle 20:00, ora indiana, puoi programmare fasce orarie, a seconda della tua disponibilit\u00e0, in coordinamento con i clienti e le esigenze dell&#8217;organizzazione. Di solito, facciamo del nostro meglio per far funzionare le cose per tutti.<\/p>\n            <\/div>\n                                  <div id=\"tab4\" class=\"tab-pane active\">\n              <p>Ti invieremo una spiegazione dettagliata del pagamento dopo aver ricevuto la tua richiesta.<\/p>\n            <\/div>\n                              <\/div>\n      <\/div>\n    <\/div>\n  <\/div>\n<\/section>\n\n<section class=\"how-to-apply my-6 mt-0\">\n  <div class=\"container-xl\">\n    <div class=\"row\">\n      <div class=\"col-lg-10 mx-auto\" >\n        <div class=\"dual-col \">\n          <div class=\"title\">\n            <img decoding=\"async\" src=\"https:\/\/mypalmleaf.com\/wp-content\/uploads\/2024\/08\/title-bg.png\" alt=\"\" class=\"img-fluid\">\n            <div class=\"text\">Come candidarsi:<\/div>\n          <\/div>\n          <div class=\"desc\">\n            <p>Inviaci un breve video clip selfie di 1-5 minuti raccontandoci di te e perch\u00e9 vuoi lavorare con noi. Non \u00e8 necessario che sia professionale. Non rimandare e non essere timido, fallo e basta adesso. Questo \u00e8 l\u2019atteggiamento che ci piacerebbe accogliere nel nostro team.<\/p>\n<p>Intervisteremo ogni candidato serio che ci invier\u00e0 un video in un&#8217;intervista veloce di 10 minuti.<\/p>\n<p>Non: Inviaci un messaggio chiedendoci di &#8220;inviare maggiori informazioni&#8221;.<\/p>\n<div class=\"btm-contact\">Realizza ora il video e invialo a <a href=\"mailto:info@mypalmleaf.com\">info@mypalmleaf.com<\/a><\/div>\n          <\/div>\n        <\/div>\n      <\/div>\n    <\/div>\n  <\/div>\n<\/section>","protected":false},"excerpt":{"rendered":"","protected":false},"author":1,"featured_media":0,"parent":0,"menu_order":0,"comment_status":"closed","ping_status":"closed","template":"","meta":{"_acf_changed":false,"footnotes":""},"class_list":["post-20255","page","type-page","status-publish","hentry"],"acf":[],"yoast_head":"<!-- This site is optimized with the Yoast SEO plugin v26.4 - https:\/\/yoast.com\/wordpress\/plugins\/seo\/ -->\n<title>Unisciti a noi - My Palm Leaf<\/title>\n<meta name=\"description\" content=\"Unisciti al nostro team per diffondere la saggezza delle Foglie di Palma e offrire guida spirituale. Contattaci per maggiori informazioni.\" \/>\n<meta name=\"robots\" content=\"index, follow, max-snippet:-1, max-image-preview:large, max-video-preview:-1\" \/>\n<link rel=\"canonical\" href=\"https:\/\/mypalmleaf.com\/it\/moderatore-e-traduttore\/\" \/>\n<meta property=\"og:locale\" content=\"it_IT\" \/>\n<meta property=\"og:type\" content=\"article\" \/>\n<meta property=\"og:title\" content=\"Unisciti a noi - My Palm Leaf\" \/>\n<meta property=\"og:description\" content=\"Unisciti al nostro team per diffondere la saggezza delle Foglie di Palma e offrire guida spirituale. Contattaci per maggiori informazioni.\" \/>\n<meta property=\"og:url\" content=\"https:\/\/mypalmleaf.com\/it\/moderatore-e-traduttore\/\" \/>\n<meta property=\"og:site_name\" content=\"My Palm Leaf\" \/>\n<meta property=\"article:modified_time\" content=\"2025-04-16T11:36:46+00:00\" \/>\n<meta property=\"og:image\" content=\"https:\/\/mypalmleaf.com\/wp-content\/uploads\/2025\/08\/mpl-circle-logo.jpg\" \/>\n\t<meta property=\"og:image:width\" content=\"1200\" \/>\n\t<meta property=\"og:image:height\" content=\"1196\" \/>\n\t<meta property=\"og:image:type\" content=\"image\/jpeg\" \/>\n<meta name=\"twitter:card\" content=\"summary_large_image\" \/>\n<script type=\"application\/ld+json\" class=\"yoast-schema-graph\">{\"@context\":\"https:\/\/schema.org\",\"@graph\":[{\"@type\":\"WebPage\",\"@id\":\"https:\/\/mypalmleaf.com\/it\/moderatore-e-traduttore\/\",\"url\":\"https:\/\/mypalmleaf.com\/it\/moderatore-e-traduttore\/\",\"name\":\"Unisciti a noi - My Palm Leaf\",\"isPartOf\":{\"@id\":\"https:\/\/mypalmleaf.com\/#website\"},\"datePublished\":\"2024-08-28T04:10:49+00:00\",\"dateModified\":\"2025-04-16T11:36:46+00:00\",\"description\":\"Unisciti al nostro team per diffondere la saggezza delle Foglie di Palma e offrire guida spirituale. Contattaci per maggiori informazioni.\",\"breadcrumb\":{\"@id\":\"https:\/\/mypalmleaf.com\/it\/moderatore-e-traduttore\/#breadcrumb\"},\"inLanguage\":\"it-IT\",\"potentialAction\":[{\"@type\":\"ReadAction\",\"target\":[\"https:\/\/mypalmleaf.com\/it\/moderatore-e-traduttore\/\"]}]},{\"@type\":\"BreadcrumbList\",\"@id\":\"https:\/\/mypalmleaf.com\/it\/moderatore-e-traduttore\/#breadcrumb\",\"itemListElement\":[{\"@type\":\"ListItem\",\"position\":1,\"name\":\"Home\",\"item\":\"https:\/\/mypalmleaf.com\/it\/\"},{\"@type\":\"ListItem\",\"position\":2,\"name\":\"Unisciti a noi\"}]},{\"@type\":\"WebSite\",\"@id\":\"https:\/\/mypalmleaf.com\/#website\",\"url\":\"https:\/\/mypalmleaf.com\/\",\"name\":\"My Palm Leaf\",\"description\":\"\",\"potentialAction\":[{\"@type\":\"SearchAction\",\"target\":{\"@type\":\"EntryPoint\",\"urlTemplate\":\"https:\/\/mypalmleaf.com\/?s={search_term_string}\"},\"query-input\":{\"@type\":\"PropertyValueSpecification\",\"valueRequired\":true,\"valueName\":\"search_term_string\"}}],\"inLanguage\":\"it-IT\"}]}<\/script>\n<!-- \/ Yoast SEO plugin. -->","yoast_head_json":{"title":"Unisciti a noi - My Palm Leaf","description":"Unisciti al nostro team per diffondere la saggezza delle Foglie di Palma e offrire guida spirituale. Contattaci per maggiori informazioni.","robots":{"index":"index","follow":"follow","max-snippet":"max-snippet:-1","max-image-preview":"max-image-preview:large","max-video-preview":"max-video-preview:-1"},"canonical":"https:\/\/mypalmleaf.com\/it\/moderatore-e-traduttore\/","og_locale":"it_IT","og_type":"article","og_title":"Unisciti a noi - My Palm Leaf","og_description":"Unisciti al nostro team per diffondere la saggezza delle Foglie di Palma e offrire guida spirituale. Contattaci per maggiori informazioni.","og_url":"https:\/\/mypalmleaf.com\/it\/moderatore-e-traduttore\/","og_site_name":"My Palm Leaf","article_modified_time":"2025-04-16T11:36:46+00:00","og_image":[{"width":1200,"height":1196,"url":"https:\/\/mypalmleaf.com\/wp-content\/uploads\/2025\/08\/mpl-circle-logo.jpg","type":"image\/jpeg"}],"twitter_card":"summary_large_image","schema":{"@context":"https:\/\/schema.org","@graph":[{"@type":"WebPage","@id":"https:\/\/mypalmleaf.com\/it\/moderatore-e-traduttore\/","url":"https:\/\/mypalmleaf.com\/it\/moderatore-e-traduttore\/","name":"Unisciti a noi - My Palm Leaf","isPartOf":{"@id":"https:\/\/mypalmleaf.com\/#website"},"datePublished":"2024-08-28T04:10:49+00:00","dateModified":"2025-04-16T11:36:46+00:00","description":"Unisciti al nostro team per diffondere la saggezza delle Foglie di Palma e offrire guida spirituale. Contattaci per maggiori informazioni.","breadcrumb":{"@id":"https:\/\/mypalmleaf.com\/it\/moderatore-e-traduttore\/#breadcrumb"},"inLanguage":"it-IT","potentialAction":[{"@type":"ReadAction","target":["https:\/\/mypalmleaf.com\/it\/moderatore-e-traduttore\/"]}]},{"@type":"BreadcrumbList","@id":"https:\/\/mypalmleaf.com\/it\/moderatore-e-traduttore\/#breadcrumb","itemListElement":[{"@type":"ListItem","position":1,"name":"Home","item":"https:\/\/mypalmleaf.com\/it\/"},{"@type":"ListItem","position":2,"name":"Unisciti a noi"}]},{"@type":"WebSite","@id":"https:\/\/mypalmleaf.com\/#website","url":"https:\/\/mypalmleaf.com\/","name":"My Palm Leaf","description":"","potentialAction":[{"@type":"SearchAction","target":{"@type":"EntryPoint","urlTemplate":"https:\/\/mypalmleaf.com\/?s={search_term_string}"},"query-input":{"@type":"PropertyValueSpecification","valueRequired":true,"valueName":"search_term_string"}}],"inLanguage":"it-IT"}]}},"_links":{"self":[{"href":"https:\/\/mypalmleaf.com\/it\/wp-json\/wp\/v2\/pages\/20255","targetHints":{"allow":["GET"]}}],"collection":[{"href":"https:\/\/mypalmleaf.com\/it\/wp-json\/wp\/v2\/pages"}],"about":[{"href":"https:\/\/mypalmleaf.com\/it\/wp-json\/wp\/v2\/types\/page"}],"author":[{"embeddable":true,"href":"https:\/\/mypalmleaf.com\/it\/wp-json\/wp\/v2\/users\/1"}],"replies":[{"embeddable":true,"href":"https:\/\/mypalmleaf.com\/it\/wp-json\/wp\/v2\/comments?post=20255"}],"version-history":[{"count":0,"href":"https:\/\/mypalmleaf.com\/it\/wp-json\/wp\/v2\/pages\/20255\/revisions"}],"wp:attachment":[{"href":"https:\/\/mypalmleaf.com\/it\/wp-json\/wp\/v2\/media?parent=20255"}],"curies":[{"name":"wp","href":"https:\/\/api.w.org\/{rel}","templated":true}]}}